{"id":47654,"date":"2022-02-02T17:29:15","date_gmt":"2022-02-02T16:29:15","guid":{"rendered":"https:\/\/www.avvisopubblico.it\/home\/?page_id=47654"},"modified":"2022-02-02T17:29:15","modified_gmt":"2022-02-02T16:29:15","slug":"il-tar-lombardia-conferma-le-limitazioni-orarie-nel-comune-di-vertemate-con-minoprio-co","status":"publish","type":"page","link":"https:\/\/welaikaadv.site\/avviso\/home\/cosa-facciamo\/informare\/documenti-tematici\/gioco-dazzardo\/il-tar-lombardia-conferma-le-limitazioni-orarie-nel-comune-di-vertemate-con-minoprio-co\/","title":{"rendered":"IL TAR LOMBARDIA CONFERMA LE LIMITAZIONI ORARIE NEL COMUNE DI VERTEMATE CON MINOPRIO (CO)"},"content":{"rendered":"<p><strong>La normativa e il caso.<\/strong> Il Comune di Vertemate con Minoprio (Co), con la deliberazione del Consiglio Comunale n. 22 del 28\/06\/2016, ha approvato le \u201c<a href=\"http:\/\/www.comune.vertemateconminoprio.co.it\/c013242\/zf\/index.php\/atti-amministrativi\/delibere\/dettaglio\/atto\/GTVRVeUE5VT0-H\/provvedimenti\/1\">Azioni no slot<\/a> e atto di indirizzo in materia di orari per l&#8217;esercizio sul territorio comunale dell&#8217;attivit\u00e0 di gioco d&#8217;azzardo lecito con vincita in denaro tramite gli apparecchi di cui all&#8217;art. 110, comma 6\u00b0 del t.u.l.p.s. r.d. 773\/1931\u201d.<\/p>\n<p>L\u2019atto di indirizzo \u00e8 stato poi concretizzato dal Sindaco tramite l\u2019ordinanza n. 26 del 19\/12\/2017 che ha introdotto la \u201cdisciplina degli orari di esercizio delle sale giochi autorizzate ai sensi dell&#8217;art. 86 del T.U.L.P.S. e degli orari di funzionamento degli apparecchi con vincita in denaro di cui all&#8217;art. 110, comma 6, installati negli esercizi autorizzati ex artt. 86 e 88 del T.U.L.P.S. &#8211; R.D. Nr. 773\/1931 e ss. mm. ii. e negli altri esercizi commerciali ove \u00e8 o \u00e8 stata consentita la loro installazione\u201d: in particolare le fasce orarie di apertura delle sale giochi e di funzionamento degli apparecchi sono 9.00-12.00 e 18.00-23.00.<\/p>\n<p>Avverso questi provvedimenti ha presentato ricorso una societ\u00e0 che svolge l\u2019attivit\u00e0 di raccolta del gioco lecito presso una sala bingo situata nel territorio comunale interessato.<\/p>\n<p>Il TAR Lombardia ha dapprima respinto l\u2019istanza cautelare con l\u2019ordinanza <a href=\"https:\/\/www.giustizia-amministrativa.it\/portale\/pages\/istituzionale\/visualizza\/?nodeRef=&amp;schema=tar_mi&amp;nrg=201800574&amp;nomeFile=201800444_05.html&amp;subDir=Provvedimenti\">444\/2018<\/a>; successivamente ha respinto anche il ricorso nel merito con la sentenza <a href=\"https:\/\/www.giustizia-amministrativa.it\/portale\/pages\/istituzionale\/visualizza\/?nodeRef=&amp;schema=tar_mi&amp;nrg=201800574&amp;nomeFile=202200148_01.html&amp;subDir=Provvedimenti\">148\/2022<\/a> che qui si analizza.<\/p>\n<p><strong>Il valore dell\u2019Intesa in Conferenza Unificata.<\/strong> In primo luogo, i giudici respingono la censura del ricorrente relativa alla violazione dei contenuti dell\u2019Intesa raggiunta in Conferenza Unificata.<\/p>\n<p>Pur tenendo conto che vi \u00e8 stata una parte, circoscritta, della giurisprudenza, che ha riconosciuto valore all\u2019Intesa, il Collegio aderisce alla giurisprudenza assolutamente prevalente che attribuisce carattere non cogente all\u2019Intesa stessa, in quanto il contenuto di questa non \u00e8 stato trasfuso nel previsto decreto ministeriale (mai adottato); pertanto all\u2019Intesa non pu\u00f2 attribuirsi alcun valore vincolante, neppure nella forma minima dell\u2019atto di indirizzo rivolto agli Enti Locali.<\/p>\n<p><strong>L\u2019istruttoria.<\/strong> Il TAR affronta poi le doglianze del ricorrente relative all\u2019asserita carenza di attivit\u00e0 istruttoria. I giudici per prima cosa ricordano che \u00e8 orientamento giurisprudenziale ormai condiviso quello \u201csecondo cui la previsione di limitazioni orarie \u00e8 idoneo strumento di lotta al fenomeno della ludopatia\u201d, soprattutto per la tutela della salute di anziani e minori; sostengono poi i giudici, sempre sulla scorta di altre pronunce, che \u201cnell\u2019attuale momento storico la diffusione del fenomeno della ludopatia in ampie fasce della societ\u00e0 civile costituisce un fatto notorio o, comunque, una nozione di fatto di comune esperienza\u201d.<\/p>\n<p>L\u2019istruttoria condotta dal Comune di Vertemate con Minoprio, compendiata nello specifico nel <a href=\"http:\/\/www.aziendasocialecomuniinsieme.it\/servizi-asci\/rete-contro-l-azzardo\/materiale-analisi.html?task=document.viewdoc&amp;id=548\">report<\/a> d&#8217;analisi \u201cLa diffusione degli apparecchi per il gioco d&#8217;azzardo lecito nei Comuni degli Ambiti territoriali Lomazzo-Fino Mornasco e Mariano Comense, la percezione del problema del GAP nei gestori e giocatori\u201d, approvato con la delibera del Consiglio Comunale n. 22 del 28\/06\/2016, viene considerata adeguata dal TAR.<\/p>\n<p>I giudici inoltre chiariscono che non serve allo scopo di far annullare i provvedimenti riportare \u201cdati riferiti ad anni successivi rispetto a quello di adozione dei provvedimenti impugnati, sia perch\u00e9 il relativo scrutinio di legittimit\u00e0 va condotto sulla base degli elementi di fatto e della normativa di riferimento all\u2019epoca vigente sia perch\u00e9 la lieve flessione della diffusione del fenomeno del gioco d\u2019azzardo lecito \u00e8 piuttosto utile a dimostrare l\u2019efficacia delle misure adottate\u201d.<\/p>\n<p><strong>Il principio di proporzionalit\u00e0 e di ragionevolezza.<\/strong> I giudici infine ritengono correttamente superato anche il test di proporzionalit\u00e0: \u201cnon sembra irragionevole n\u00e9 sproporzionato imporre limitazioni ad attivit\u00e0 economiche riconosciute scientificamente pericolose alla salute, proprio perch\u00e9 non si tratta di introduzione di una sorta di \u201cproibizionismo\u201d, che potrebbe sortire effetti contrari sul piano stesso della tutela della salute, n\u00e9 di divieto generalizzato, ma di regolamentazione in corrispondenza di luoghi particolari e di particolari fasce orarie a pi\u00f9 alta fruibilit\u00e0 di esercizi di gioco\u201d.<\/p>\n<p>Del resto, evidenzia il Collegio, i provvedimenti comunali impugnati dal ricorrente sono perfettamente in linea con altri interventi statali e regionali sul tema.<\/p>\n<p style=\"text-align: right;\">(<em>a cura di <strong>Marco De Pasquale<\/strong><\/em>)<\/p>\n","protected":false},"excerpt":{"rendered":"<p>La normativa e il caso. Il Comune di Vertemate con Minoprio (Co), con la deliberazione del Consiglio Comunale n. 22 del 28\/06\/2016, ha approvato le&nbsp;<span class=\"hellipsis\">[&hellip;]<\/span><a class=\"more-link\" href=\"https:\/\/welaikaadv.site\/avviso\/home\/cosa-facciamo\/informare\/documenti-tematici\/gioco-dazzardo\/il-tar-lombardia-conferma-le-limitazioni-orarie-nel-comune-di-vertemate-con-minoprio-co\/\">Leggi tutto <span class=\"screen-reader-text\">IL TAR LOMBARDIA CONFERMA LE LIMITAZIONI ORARIE NEL COMUNE DI VERTEMATE CON MINOPRIO (CO)<\/span> <span class=\"meta-nav\" aria-hidden=\"true\">&rarr;<\/span><\/a><\/p>\n","protected":false},"author":1,"featured_media":0,"parent":202,"menu_order":160,"comment_status":"closed","ping_status":"closed","template":"","meta":{"_acf_changed":false,"_exactmetrics_skip_tracking":false,"_exactmetrics_sitenote_active":false,"_exactmetrics_sitenote_note":"","_exactmetrics_sitenote_category":0,"wp_social_preview_title":"","wp_social_preview_description":"","wp_social_preview_image":0,"footnotes":""},"class_list":["post-47654","page","type-page","status-publish","hentry"],"acf":[],"yoast_head":"<!-- This site is optimized with the Yoast SEO plugin v27.2 - https:\/\/yoast.com\/product\/yoast-seo-wordpress\/ -->\n<title>IL TAR LOMBARDIA CONFERMA LE LIMITAZIONI ORARIE NEL COMUNE DI VERTEMATE CON MINOPRIO (CO) - Staging Avviso Pubblico<\/title>\n<meta name=\"robots\" content=\"noindex, follow, max-snippet:-1, max-image-preview:large, max-video-preview:-1\" \/>\n<meta property=\"og:locale\" content=\"it_IT\" \/>\n<meta property=\"og:type\" content=\"article\" \/>\n<meta property=\"og:title\" content=\"IL TAR LOMBARDIA CONFERMA LE LIMITAZIONI ORARIE NEL COMUNE DI VERTEMATE CON MINOPRIO (CO) - Staging Avviso Pubblico\" \/>\n<meta property=\"og:description\" content=\"La normativa e il caso. Il Comune di Vertemate con Minoprio (Co), con la deliberazione del Consiglio Comunale n. 22 del 28\/06\/2016, ha approvato le&nbsp;[&hellip;]Leggi tutto IL TAR LOMBARDIA CONFERMA LE LIMITAZIONI ORARIE NEL COMUNE DI VERTEMATE CON MINOPRIO (CO) &rarr;\" \/>\n<meta property=\"og:url\" content=\"https:\/\/welaikaadv.site\/avviso\/home\/cosa-facciamo\/informare\/documenti-tematici\/gioco-dazzardo\/il-tar-lombardia-conferma-le-limitazioni-orarie-nel-comune-di-vertemate-con-minoprio-co\/\" \/>\n<meta property=\"og:site_name\" content=\"Staging Avviso Pubblico\" \/>\n<meta name=\"twitter:card\" content=\"summary_large_image\" \/>\n<meta name=\"twitter:label1\" content=\"Tempo di lettura stimato\" \/>\n\t<meta name=\"twitter:data1\" content=\"4 minuti\" \/>\n<script type=\"application\/ld+json\" class=\"yoast-schema-graph\">{\"@context\":\"https:\/\/schema.org\",\"@graph\":[{\"@type\":\"WebPage\",\"@id\":\"https:\/\/welaikaadv.site\/avviso\/home\/cosa-facciamo\/informare\/documenti-tematici\/gioco-dazzardo\/il-tar-lombardia-conferma-le-limitazioni-orarie-nel-comune-di-vertemate-con-minoprio-co\/\",\"url\":\"https:\/\/welaikaadv.site\/avviso\/home\/cosa-facciamo\/informare\/documenti-tematici\/gioco-dazzardo\/il-tar-lombardia-conferma-le-limitazioni-orarie-nel-comune-di-vertemate-con-minoprio-co\/\",\"name\":\"IL TAR LOMBARDIA CONFERMA LE LIMITAZIONI ORARIE NEL COMUNE DI VERTEMATE CON MINOPRIO (CO) - Staging Avviso Pubblico\",\"isPartOf\":{\"@id\":\"https:\/\/welaikaadv.site\/avviso\/#website\"},\"datePublished\":\"2022-02-02T16:29:15+00:00\",\"breadcrumb\":{\"@id\":\"https:\/\/welaikaadv.site\/avviso\/home\/cosa-facciamo\/informare\/documenti-tematici\/gioco-dazzardo\/il-tar-lombardia-conferma-le-limitazioni-orarie-nel-comune-di-vertemate-con-minoprio-co\/#breadcrumb\"},\"inLanguage\":\"it-IT\",\"potentialAction\":[{\"@type\":\"ReadAction\",\"target\":[\"https:\/\/welaikaadv.site\/avviso\/home\/cosa-facciamo\/informare\/documenti-tematici\/gioco-dazzardo\/il-tar-lombardia-conferma-le-limitazioni-orarie-nel-comune-di-vertemate-con-minoprio-co\/\"]}]},{\"@type\":\"BreadcrumbList\",\"@id\":\"https:\/\/welaikaadv.site\/avviso\/home\/cosa-facciamo\/informare\/documenti-tematici\/gioco-dazzardo\/il-tar-lombardia-conferma-le-limitazioni-orarie-nel-comune-di-vertemate-con-minoprio-co\/#breadcrumb\",\"itemListElement\":[{\"@type\":\"ListItem\",\"position\":1,\"name\":\"Home\",\"item\":\"https:\/\/welaikaadv.site\/avviso\/\"},{\"@type\":\"ListItem\",\"position\":2,\"name\":\"IL TAR LOMBARDIA CONFERMA LE LIMITAZIONI ORARIE NEL COMUNE DI VERTEMATE CON MINOPRIO (CO)\"}]},{\"@type\":\"WebSite\",\"@id\":\"https:\/\/welaikaadv.site\/avviso\/#website\",\"url\":\"https:\/\/welaikaadv.site\/avviso\/\",\"name\":\"Staging Avviso Pubblico\",\"description\":\"\",\"publisher\":{\"@id\":\"https:\/\/welaikaadv.site\/avviso\/#organization\"},\"potentialAction\":[{\"@type\":\"SearchAction\",\"target\":{\"@type\":\"EntryPoint\",\"urlTemplate\":\"https:\/\/welaikaadv.site\/avviso\/?s={search_term_string}\"},\"query-input\":{\"@type\":\"PropertyValueSpecification\",\"valueRequired\":true,\"valueName\":\"search_term_string\"}}],\"inLanguage\":\"it-IT\"},{\"@type\":\"Organization\",\"@id\":\"https:\/\/welaikaadv.site\/avviso\/#organization\",\"name\":\"Staging Avviso Pubblico\",\"url\":\"https:\/\/welaikaadv.site\/avviso\/\",\"logo\":{\"@type\":\"ImageObject\",\"inLanguage\":\"it-IT\",\"@id\":\"https:\/\/welaikaadv.site\/avviso\/#\/schema\/logo\/image\/\",\"url\":\"https:\/\/welaikaadv.site\/avviso\/wp-content\/uploads\/2024\/08\/logoAPsito-400.png\",\"contentUrl\":\"https:\/\/welaikaadv.site\/avviso\/wp-content\/uploads\/2024\/08\/logoAPsito-400.png\",\"width\":400,\"height\":97,\"caption\":\"Staging Avviso Pubblico\"},\"image\":{\"@id\":\"https:\/\/welaikaadv.site\/avviso\/#\/schema\/logo\/image\/\"}}]}<\/script>\n<!-- \/ Yoast SEO plugin. -->","yoast_head_json":{"title":"IL TAR LOMBARDIA CONFERMA LE LIMITAZIONI ORARIE NEL COMUNE DI VERTEMATE CON MINOPRIO (CO) - Staging Avviso Pubblico","robots":{"index":"noindex","follow":"follow","max-snippet":"max-snippet:-1","max-image-preview":"max-image-preview:large","max-video-preview":"max-video-preview:-1"},"og_locale":"it_IT","og_type":"article","og_title":"IL TAR LOMBARDIA CONFERMA LE LIMITAZIONI ORARIE NEL COMUNE DI VERTEMATE CON MINOPRIO (CO) - Staging Avviso Pubblico","og_description":"La normativa e il caso. Il Comune di Vertemate con Minoprio (Co), con la deliberazione del Consiglio Comunale n. 22 del 28\/06\/2016, ha approvato le&nbsp;[&hellip;]Leggi tutto IL TAR LOMBARDIA CONFERMA LE LIMITAZIONI ORARIE NEL COMUNE DI VERTEMATE CON MINOPRIO (CO) &rarr;","og_url":"https:\/\/welaikaadv.site\/avviso\/home\/cosa-facciamo\/informare\/documenti-tematici\/gioco-dazzardo\/il-tar-lombardia-conferma-le-limitazioni-orarie-nel-comune-di-vertemate-con-minoprio-co\/","og_site_name":"Staging Avviso Pubblico","twitter_card":"summary_large_image","twitter_misc":{"Tempo di lettura stimato":"4 minuti"},"schema":{"@context":"https:\/\/schema.org","@graph":[{"@type":"WebPage","@id":"https:\/\/welaikaadv.site\/avviso\/home\/cosa-facciamo\/informare\/documenti-tematici\/gioco-dazzardo\/il-tar-lombardia-conferma-le-limitazioni-orarie-nel-comune-di-vertemate-con-minoprio-co\/","url":"https:\/\/welaikaadv.site\/avviso\/home\/cosa-facciamo\/informare\/documenti-tematici\/gioco-dazzardo\/il-tar-lombardia-conferma-le-limitazioni-orarie-nel-comune-di-vertemate-con-minoprio-co\/","name":"IL TAR LOMBARDIA CONFERMA LE LIMITAZIONI ORARIE NEL COMUNE DI VERTEMATE CON MINOPRIO (CO) - Staging Avviso Pubblico","isPartOf":{"@id":"https:\/\/welaikaadv.site\/avviso\/#website"},"datePublished":"2022-02-02T16:29:15+00:00","breadcrumb":{"@id":"https:\/\/welaikaadv.site\/avviso\/home\/cosa-facciamo\/informare\/documenti-tematici\/gioco-dazzardo\/il-tar-lombardia-conferma-le-limitazioni-orarie-nel-comune-di-vertemate-con-minoprio-co\/#breadcrumb"},"inLanguage":"it-IT","potentialAction":[{"@type":"ReadAction","target":["https:\/\/welaikaadv.site\/avviso\/home\/cosa-facciamo\/informare\/documenti-tematici\/gioco-dazzardo\/il-tar-lombardia-conferma-le-limitazioni-orarie-nel-comune-di-vertemate-con-minoprio-co\/"]}]},{"@type":"BreadcrumbList","@id":"https:\/\/welaikaadv.site\/avviso\/home\/cosa-facciamo\/informare\/documenti-tematici\/gioco-dazzardo\/il-tar-lombardia-conferma-le-limitazioni-orarie-nel-comune-di-vertemate-con-minoprio-co\/#breadcrumb","itemListElement":[{"@type":"ListItem","position":1,"name":"Home","item":"https:\/\/welaikaadv.site\/avviso\/"},{"@type":"ListItem","position":2,"name":"IL TAR LOMBARDIA CONFERMA LE LIMITAZIONI ORARIE NEL COMUNE DI VERTEMATE CON MINOPRIO (CO)"}]},{"@type":"WebSite","@id":"https:\/\/welaikaadv.site\/avviso\/#website","url":"https:\/\/welaikaadv.site\/avviso\/","name":"Staging Avviso Pubblico","description":"","publisher":{"@id":"https:\/\/welaikaadv.site\/avviso\/#organization"},"potentialAction":[{"@type":"SearchAction","target":{"@type":"EntryPoint","urlTemplate":"https:\/\/welaikaadv.site\/avviso\/?s={search_term_string}"},"query-input":{"@type":"PropertyValueSpecification","valueRequired":true,"valueName":"search_term_string"}}],"inLanguage":"it-IT"},{"@type":"Organization","@id":"https:\/\/welaikaadv.site\/avviso\/#organization","name":"Staging Avviso Pubblico","url":"https:\/\/welaikaadv.site\/avviso\/","logo":{"@type":"ImageObject","inLanguage":"it-IT","@id":"https:\/\/welaikaadv.site\/avviso\/#\/schema\/logo\/image\/","url":"https:\/\/welaikaadv.site\/avviso\/wp-content\/uploads\/2024\/08\/logoAPsito-400.png","contentUrl":"https:\/\/welaikaadv.site\/avviso\/wp-content\/uploads\/2024\/08\/logoAPsito-400.png","width":400,"height":97,"caption":"Staging Avviso Pubblico"},"image":{"@id":"https:\/\/welaikaadv.site\/avviso\/#\/schema\/logo\/image\/"}}]}},"_links":{"self":[{"href":"https:\/\/welaikaadv.site\/avviso\/wp-json\/wp\/v2\/pages\/47654","targetHints":{"allow":["GET"]}}],"collection":[{"href":"https:\/\/welaikaadv.site\/avviso\/wp-json\/wp\/v2\/pages"}],"about":[{"href":"https:\/\/welaikaadv.site\/avviso\/wp-json\/wp\/v2\/types\/page"}],"author":[{"embeddable":true,"href":"https:\/\/welaikaadv.site\/avviso\/wp-json\/wp\/v2\/users\/1"}],"replies":[{"embeddable":true,"href":"https:\/\/welaikaadv.site\/avviso\/wp-json\/wp\/v2\/comments?post=47654"}],"version-history":[{"count":0,"href":"https:\/\/welaikaadv.site\/avviso\/wp-json\/wp\/v2\/pages\/47654\/revisions"}],"up":[{"embeddable":true,"href":"https:\/\/welaikaadv.site\/avviso\/wp-json\/wp\/v2\/pages\/202"}],"wp:attachment":[{"href":"https:\/\/welaikaadv.site\/avviso\/wp-json\/wp\/v2\/media?parent=47654"}],"curies":[{"name":"wp","href":"https:\/\/api.w.org\/{rel}","templated":true}]}}