{"id":47873,"date":"2022-02-21T10:16:20","date_gmt":"2022-02-21T09:16:20","guid":{"rendered":"https:\/\/www.avvisopubblico.it\/home\/?page_id=47873"},"modified":"2022-02-21T10:16:20","modified_gmt":"2022-02-21T09:16:20","slug":"il-tar-di-parma-si-pronuncia-sul-distanziometro-in-tre-comuni","status":"publish","type":"page","link":"https:\/\/welaikaadv.site\/avviso\/home\/cosa-facciamo\/informare\/documenti-tematici\/gioco-dazzardo\/il-tar-di-parma-si-pronuncia-sul-distanziometro-in-tre-comuni\/","title":{"rendered":"IL TAR DI PARMA SI PRONUNCIA SUL DISTANZIOMETRO IN TRE COMUNI"},"content":{"rendered":"<p style=\"text-align: center;\"><strong>Il distanziometro nei Comuni di Parma e di Rubiera (Re)<\/strong><\/p>\n<p><strong>I casi.<\/strong> Il Comune di Parma \u00e8 intervenuto sul tema del distanziometro con le deliberazioni di Giunta Comunale 435\/2017 e 181\/2018; il Comune di Rubiera con la deliberazione 187\/2017. In entrambi in casi si \u00e8 data attuazione alla <a href=\"https:\/\/welaikaadv.site\/avviso\/home\/cosa-facciamo\/informare\/documenti-tematici\/gioco-dazzardo\/la-normativa-dellemilia-romagna-per-il-contrasto-del-gioco-dazzardo-patologico\/\">normativa regionale<\/a> dell\u2019Emilia-Romagna che, sul punto, prevede il distanziometro di 500 metri e la mappatura dei luoghi sensibili a cura degli Enti locali.<\/p>\n<p>Una societ\u00e0 di che svolge attivit\u00e0 di raccolta delle giocate tramite apparecchi, nel caso di Rubiera, e un\u2019altra che esercita l\u2019attivit\u00e0 di centro elaborazione dati, nel caso di Parma, si sono viste recapitare dei provvedimenti di chiusura degli esercizi commerciali per violazione delle distanze minime dai luoghi sensibili.<\/p>\n<p>Il TAR di Parma si \u00e8 quindi pronunciato con le sentenze <a href=\"https:\/\/www.giustizia-amministrativa.it\/portale\/pages\/istituzionale\/visualizza\/?nodeRef=&amp;schema=tar_pr&amp;nrg=201800295&amp;nomeFile=202200029_01.html&amp;subDir=Provvedimenti\">29\/2022<\/a> e <a href=\"https:\/\/www.giustizia-amministrativa.it\/portale\/pages\/istituzionale\/visualizza\/?nodeRef=&amp;schema=tar_pr&amp;nrg=202100169&amp;nomeFile=202200030_01.html&amp;subDir=Provvedimenti\">30\/2022<\/a> che qui si analizzano.<\/p>\n<p><strong>La competenza della Giunta comunale.<\/strong> Il Collegio, innanzitutto, chiarisce la questione della competenza ad adottare gli atti relativi al distanziometro (mappatura dei luoghi sensibili e provvedimenti di chiusura): non viene accolta la tesi dei ricorrenti che mirava a sostenere che la competenza spettasse al Consiglio comunale. Spiegano i giudici, infatti, che \u201cl\u2019attivit\u00e0 di c.d. mappatura dei luoghi sensibili non implica alcuna scelta urbanistica in senso stretto, n\u00e9 pu\u00f2 ricondursi ad altra materia di competenza del Consiglio Comunale ex art. 42 del TUEL, ma ha come fine prevalente la tutela della salute dei cittadini e pu\u00f2 essere ricondotta nell\u2019ambito della competenza residuale della Giunta Comunale ex art. 48 del TUEL\u201d, senza neppure dover passare dal doppio binario adozione\/approvazione tipico delle disposizioni urbanistico-territoriali.<\/p>\n<p><strong>Il criterio di calcolo della distanza.<\/strong> Corretto, inoltre, secondo il Collegio, \u00e8 anche il criterio di calcolo della distanza adottato dal Comune di Rubiera: aver tenuto conto del percorso pi\u00f9 breve percorribile dai pedoni per il raggiungimento della sala giochi \u00e8, a detta dei giudici, una scelta sicuramente legittima, atteso che a fronte di due percorsi alternativi entrambi possibili per raggiungere un luogo partendo da un altro \u00e8 ragionevole attendersi che i pedoni percorrano la via pi\u00f9 breve e quindi possano anche \u201ctagliare\u201d per un parcheggio (come nel caso di specie), anzich\u00e9 optare per un percorso pi\u00f9 lungo.<\/p>\n<p><strong>Sull\u2019effetto espulsivo.<\/strong> In ambedue i casi i giudici non ritengono che dal distanziometro si determini un effetto espulsivo. Nel caso di Parma, in particolare, il TAR ricorda che, in primo luogo, la stessa perizia presentata dal ricorrente dimostra come esistano altri luoghi del territorio comunale in cui \u00e8 possibile delocalizzare l\u2019attivit\u00e0 in questione.<\/p>\n<p>Non \u00e8 pertinente, inoltre, l\u2019ulteriore rilievo presentato dall\u2019esercente sul piano della non economicit\u00e0 di un eventuale spostamento perch\u00e9, richiamando CDS <a href=\"https:\/\/www.giustizia-amministrativa.it\/portale\/pages\/istituzionale\/visualizza\/?nodeRef=&amp;schema=cds&amp;nrg=201708163&amp;nomeFile=201908298_11.html&amp;subDir=Provvedimenti\">8298\/2019<\/a>, \u201cin presenza della astratta possibilit\u00e0 di delocalizzazione in altre aree del territorio comunale, la sua difficile attuazione in concreto, in ragione del fatto che non risultano esistenti locali commerciali liberi, \u00e8 elemento irrilevante, in quanto non si tratta di una conseguenza imputabile alla misura restrittiva oggetto di contestazione e, dunque, di una barriera all\u2019ingresso di carattere normativo, ma piuttosto di un impedimento meramente fattuale, dipendente dallo stato di fatto dei luoghi\u201d, non dissimile dalla situazione in cui \u201cviene a trovarsi un qualsiasi operatore economico che intenda reperire un locale commerciale idoneo per avviare una nuova attivit\u00e0 commerciale e si trovi di fronte ad un panorama immobiliare in cui tutti i locali commerciali sono gi\u00e0 occupati\u201d.<\/p>\n<p><strong>Il principio di retroattivit\u00e0.<\/strong> I giudici respingono, poi, anche la censura che mirava a caducare le prescrizioni comunali sulla base dell\u2019assunta violazione del principio di irretroattivit\u00e0. In primo luogo, viene ricordato come nel nostro ordinamento il principio di irretroattivit\u00e0 ha valore assoluto solo in ambito penale; in ogni caso, richiamando CDS <a href=\"https:\/\/www.giustizia-amministrativa.it\/portale\/pages\/istituzionale\/visualizza\/?nodeRef=&amp;schema=cds&amp;nrg=201504718&amp;nomeFile=201600579_11.html&amp;subDir=Provvedimenti\">579\/2016<\/a>, viene ribadito che l\u2019esistenza di una pregressa autorizzazione non pu\u00f2 comportare \u201cuna deroga permanente che sottragga l\u2019operatore all\u2019applicazione della disciplina regolamentare a tutela della salute, quale che siano le vicende e le ubicazioni future del suo esercizio commerciale. Altrimenti, oltre a vanificare la portata della disciplina di tutela, si determinerebbe nel settore, attraverso la sorta di contingentamento o comunque la forte valorizzazione delle autorizzazioni preesistenti che ne conseguirebbero, una distorsione della concorrenza maggiore di quella che potrebbe essere imputata alle distanze minime\u201d.<\/p>\n<p>Peraltro, il Collegio conferma che la legge emiliano-romagnola sul punto \u00e8 rispettosa del principio di proporzionalit\u00e0 e di contemperamento dei contrapposti interessi prevedendo \u201cnon l\u2019immediata cessazione delle attivit\u00e0, ma la delocalizzazione dell\u2019esercizio in altro luogo, con una tempistica congrua a tutela della continuit\u00e0 occupazionale e prorogabile in ragione di particolari esigenze\u201d.<\/p>\n<p><strong>L\u2019applicazione del distanziometro al centro di elaborazione dati.<\/strong> I giudici ribadiscono, inoltre, che stante il disposto letterale dell\u2019art. 1 comma 2 della legge regionale 5\/2013 (\u201cai fini della presente legge si intende per sala da gioco un luogo pubblico o aperto al pubblico o un circolo privato in cui siano presenti o comunque accessibili slot machine o videolottery e tutte le forme di gioco lecito previste dalla normativa vigente\u201d) non vi sono dubbi che le prescrizioni sul gioco (compreso il distanziometro) trovino applicazione anche per i centri di elaborazione dati, i quali, a loro volta, sono ben distinti rispetto ai cd. corner.<\/p>\n<p><strong>La scuola dell\u2019infanzia come luogo sensibile.<\/strong> Infine, viene respinta anche la censura che mirava a escludere le scuole dell\u2019infanzia dai luoghi sensibili: queste, infatti, vanno annoverate tra gli istituti scolastici di ogni ordine e grado (secondo la dicitura della legge) anche alla luce del fatto che \u201cla finalit\u00e0 sottesa alla disciplina concernente la lotta alla ludopatia \u00e8 quella di evitare che le sale giochi o scommesse, o locali equiparati, siano un luogo di aggregazione per i soggetti potenzialmente vulnerabili\u201d.<\/p>\n<p>&nbsp;<\/p>\n<p style=\"text-align: center;\"><strong>Il distanziometro nel caso di un cambio di destinazione d\u2019uso del luogo sensibile <\/strong><\/p>\n<p>Con la sentenza <a href=\"https:\/\/www.giustizia-amministrativa.it\/portale\/pages\/istituzionale\/visualizza\/?nodeRef=&amp;schema=tar_pr&amp;nrg=201800149&amp;nomeFile=202200028_01.html&amp;subDir=Provvedimenti\">28\/2022<\/a>, invece, il TAR di Parma ha accolto il ricorso di un esercente che si era visto recapitare dal Comune di Piacenza, sulla base della deliberazione della Giunta comunale di Piacenza 435\/2017 (mappatura dei luoghi sensibili), della determinazione dirigenziale del Comune di Piacenza 822\/2018 (integrazione mappatura dei luoghi sensibili) e in attuazione della normativa regionale in materia di lotta alla c.d. ludopatia, un provvedimento di chiusura di una sala giochi e scommesse, essendo quest\u2019ultima situata a una distanza inferiore a 500 metri dal luogo di culto costituito dalla Chiesa Evangelica Cristiana.<\/p>\n<p style=\"text-align: left;\">Il ricorso viene accolto sulla base del contenuto della deliberazione 40\/2017 con cui il Comune di Piacenza ha assentito alla deroga per il cambio d\u2019uso da \u201cTerziario diffuso\u201d a \u201cSedi di culto &#8211; Chiese Cristiane Evangeliche Assemblee di Dio in Italia\u201d con riferimento all\u2019unit\u00e0 immobiliare considerata luogo sensibile. Nel provvedimento, infatti, veniva espressamente affermato che l\u2019utilizzo a \u201cSedi di culto\u201d dell\u2019unit\u00e0 immobiliare interessata \u201cnon costituisce impedimento, alle attivit\u00e0 di sala giochi\/sala scommesse gi\u00e0 presenti ed in attivit\u00e0, a continuare nel loro esercizio\u201d.<\/p>\n<p style=\"text-align: right;\">(<em>a cura di <strong>Marco De Pasquale<\/strong><\/em>)<\/p>\n","protected":false},"excerpt":{"rendered":"<p>Il distanziometro nei Comuni di Parma e di Rubiera (Re) I casi. Il Comune di Parma \u00e8 intervenuto sul tema del distanziometro con le deliberazioni&nbsp;<span class=\"hellipsis\">[&hellip;]<\/span><a class=\"more-link\" href=\"https:\/\/welaikaadv.site\/avviso\/home\/cosa-facciamo\/informare\/documenti-tematici\/gioco-dazzardo\/il-tar-di-parma-si-pronuncia-sul-distanziometro-in-tre-comuni\/\">Leggi tutto <span class=\"screen-reader-text\">IL TAR DI PARMA SI PRONUNCIA SUL DISTANZIOMETRO IN TRE COMUNI<\/span> <span class=\"meta-nav\" aria-hidden=\"true\">&rarr;<\/span><\/a><\/p>\n","protected":false},"author":1,"featured_media":0,"parent":202,"menu_order":160,"comment_status":"closed","ping_status":"closed","template":"","meta":{"_acf_changed":false,"_exactmetrics_skip_tracking":false,"_exactmetrics_sitenote_active":false,"_exactmetrics_sitenote_note":"","_exactmetrics_sitenote_category":0,"wp_social_preview_title":"","wp_social_preview_description":"","wp_social_preview_image":0,"footnotes":""},"class_list":["post-47873","page","type-page","status-publish","hentry"],"acf":[],"yoast_head":"<!-- This site is optimized with the Yoast SEO plugin v27.2 - https:\/\/yoast.com\/product\/yoast-seo-wordpress\/ -->\n<title>IL TAR DI PARMA SI PRONUNCIA SUL DISTANZIOMETRO IN TRE COMUNI - Staging Avviso Pubblico<\/title>\n<meta name=\"robots\" content=\"noindex, follow, max-snippet:-1, max-image-preview:large, max-video-preview:-1\" \/>\n<meta property=\"og:locale\" content=\"it_IT\" \/>\n<meta property=\"og:type\" content=\"article\" \/>\n<meta property=\"og:title\" content=\"IL TAR DI PARMA SI PRONUNCIA SUL DISTANZIOMETRO IN TRE COMUNI - Staging Avviso Pubblico\" \/>\n<meta property=\"og:description\" content=\"Il distanziometro nei Comuni di Parma e di Rubiera (Re) I casi. Il Comune di Parma \u00e8 intervenuto sul tema del distanziometro con le deliberazioni&nbsp;[&hellip;]Leggi tutto IL TAR DI PARMA SI PRONUNCIA SUL DISTANZIOMETRO IN TRE COMUNI &rarr;\" \/>\n<meta property=\"og:url\" content=\"https:\/\/welaikaadv.site\/avviso\/home\/cosa-facciamo\/informare\/documenti-tematici\/gioco-dazzardo\/il-tar-di-parma-si-pronuncia-sul-distanziometro-in-tre-comuni\/\" \/>\n<meta property=\"og:site_name\" content=\"Staging Avviso Pubblico\" \/>\n<meta name=\"twitter:card\" content=\"summary_large_image\" \/>\n<meta name=\"twitter:label1\" content=\"Tempo di lettura stimato\" \/>\n\t<meta name=\"twitter:data1\" content=\"6 minuti\" \/>\n<script type=\"application\/ld+json\" class=\"yoast-schema-graph\">{\"@context\":\"https:\/\/schema.org\",\"@graph\":[{\"@type\":\"WebPage\",\"@id\":\"https:\/\/welaikaadv.site\/avviso\/home\/cosa-facciamo\/informare\/documenti-tematici\/gioco-dazzardo\/il-tar-di-parma-si-pronuncia-sul-distanziometro-in-tre-comuni\/\",\"url\":\"https:\/\/welaikaadv.site\/avviso\/home\/cosa-facciamo\/informare\/documenti-tematici\/gioco-dazzardo\/il-tar-di-parma-si-pronuncia-sul-distanziometro-in-tre-comuni\/\",\"name\":\"IL TAR DI PARMA SI PRONUNCIA SUL DISTANZIOMETRO IN TRE COMUNI - Staging Avviso Pubblico\",\"isPartOf\":{\"@id\":\"https:\/\/welaikaadv.site\/avviso\/#website\"},\"datePublished\":\"2022-02-21T09:16:20+00:00\",\"breadcrumb\":{\"@id\":\"https:\/\/welaikaadv.site\/avviso\/home\/cosa-facciamo\/informare\/documenti-tematici\/gioco-dazzardo\/il-tar-di-parma-si-pronuncia-sul-distanziometro-in-tre-comuni\/#breadcrumb\"},\"inLanguage\":\"it-IT\",\"potentialAction\":[{\"@type\":\"ReadAction\",\"target\":[\"https:\/\/welaikaadv.site\/avviso\/home\/cosa-facciamo\/informare\/documenti-tematici\/gioco-dazzardo\/il-tar-di-parma-si-pronuncia-sul-distanziometro-in-tre-comuni\/\"]}]},{\"@type\":\"BreadcrumbList\",\"@id\":\"https:\/\/welaikaadv.site\/avviso\/home\/cosa-facciamo\/informare\/documenti-tematici\/gioco-dazzardo\/il-tar-di-parma-si-pronuncia-sul-distanziometro-in-tre-comuni\/#breadcrumb\",\"itemListElement\":[{\"@type\":\"ListItem\",\"position\":1,\"name\":\"Home\",\"item\":\"https:\/\/welaikaadv.site\/avviso\/\"},{\"@type\":\"ListItem\",\"position\":2,\"name\":\"IL TAR DI PARMA SI PRONUNCIA SUL DISTANZIOMETRO IN TRE COMUNI\"}]},{\"@type\":\"WebSite\",\"@id\":\"https:\/\/welaikaadv.site\/avviso\/#website\",\"url\":\"https:\/\/welaikaadv.site\/avviso\/\",\"name\":\"Staging Avviso Pubblico\",\"description\":\"\",\"publisher\":{\"@id\":\"https:\/\/welaikaadv.site\/avviso\/#organization\"},\"potentialAction\":[{\"@type\":\"SearchAction\",\"target\":{\"@type\":\"EntryPoint\",\"urlTemplate\":\"https:\/\/welaikaadv.site\/avviso\/?s={search_term_string}\"},\"query-input\":{\"@type\":\"PropertyValueSpecification\",\"valueRequired\":true,\"valueName\":\"search_term_string\"}}],\"inLanguage\":\"it-IT\"},{\"@type\":\"Organization\",\"@id\":\"https:\/\/welaikaadv.site\/avviso\/#organization\",\"name\":\"Staging Avviso Pubblico\",\"url\":\"https:\/\/welaikaadv.site\/avviso\/\",\"logo\":{\"@type\":\"ImageObject\",\"inLanguage\":\"it-IT\",\"@id\":\"https:\/\/welaikaadv.site\/avviso\/#\/schema\/logo\/image\/\",\"url\":\"https:\/\/welaikaadv.site\/avviso\/wp-content\/uploads\/2024\/08\/logoAPsito-400.png\",\"contentUrl\":\"https:\/\/welaikaadv.site\/avviso\/wp-content\/uploads\/2024\/08\/logoAPsito-400.png\",\"width\":400,\"height\":97,\"caption\":\"Staging Avviso Pubblico\"},\"image\":{\"@id\":\"https:\/\/welaikaadv.site\/avviso\/#\/schema\/logo\/image\/\"}}]}<\/script>\n<!-- \/ Yoast SEO plugin. -->","yoast_head_json":{"title":"IL TAR DI PARMA SI PRONUNCIA SUL DISTANZIOMETRO IN TRE COMUNI - Staging Avviso Pubblico","robots":{"index":"noindex","follow":"follow","max-snippet":"max-snippet:-1","max-image-preview":"max-image-preview:large","max-video-preview":"max-video-preview:-1"},"og_locale":"it_IT","og_type":"article","og_title":"IL TAR DI PARMA SI PRONUNCIA SUL DISTANZIOMETRO IN TRE COMUNI - Staging Avviso Pubblico","og_description":"Il distanziometro nei Comuni di Parma e di Rubiera (Re) I casi. Il Comune di Parma \u00e8 intervenuto sul tema del distanziometro con le deliberazioni&nbsp;[&hellip;]Leggi tutto IL TAR DI PARMA SI PRONUNCIA SUL DISTANZIOMETRO IN TRE COMUNI &rarr;","og_url":"https:\/\/welaikaadv.site\/avviso\/home\/cosa-facciamo\/informare\/documenti-tematici\/gioco-dazzardo\/il-tar-di-parma-si-pronuncia-sul-distanziometro-in-tre-comuni\/","og_site_name":"Staging Avviso Pubblico","twitter_card":"summary_large_image","twitter_misc":{"Tempo di lettura stimato":"6 minuti"},"schema":{"@context":"https:\/\/schema.org","@graph":[{"@type":"WebPage","@id":"https:\/\/welaikaadv.site\/avviso\/home\/cosa-facciamo\/informare\/documenti-tematici\/gioco-dazzardo\/il-tar-di-parma-si-pronuncia-sul-distanziometro-in-tre-comuni\/","url":"https:\/\/welaikaadv.site\/avviso\/home\/cosa-facciamo\/informare\/documenti-tematici\/gioco-dazzardo\/il-tar-di-parma-si-pronuncia-sul-distanziometro-in-tre-comuni\/","name":"IL TAR DI PARMA SI PRONUNCIA SUL DISTANZIOMETRO IN TRE COMUNI - Staging Avviso Pubblico","isPartOf":{"@id":"https:\/\/welaikaadv.site\/avviso\/#website"},"datePublished":"2022-02-21T09:16:20+00:00","breadcrumb":{"@id":"https:\/\/welaikaadv.site\/avviso\/home\/cosa-facciamo\/informare\/documenti-tematici\/gioco-dazzardo\/il-tar-di-parma-si-pronuncia-sul-distanziometro-in-tre-comuni\/#breadcrumb"},"inLanguage":"it-IT","potentialAction":[{"@type":"ReadAction","target":["https:\/\/welaikaadv.site\/avviso\/home\/cosa-facciamo\/informare\/documenti-tematici\/gioco-dazzardo\/il-tar-di-parma-si-pronuncia-sul-distanziometro-in-tre-comuni\/"]}]},{"@type":"BreadcrumbList","@id":"https:\/\/welaikaadv.site\/avviso\/home\/cosa-facciamo\/informare\/documenti-tematici\/gioco-dazzardo\/il-tar-di-parma-si-pronuncia-sul-distanziometro-in-tre-comuni\/#breadcrumb","itemListElement":[{"@type":"ListItem","position":1,"name":"Home","item":"https:\/\/welaikaadv.site\/avviso\/"},{"@type":"ListItem","position":2,"name":"IL TAR DI PARMA SI PRONUNCIA SUL DISTANZIOMETRO IN TRE COMUNI"}]},{"@type":"WebSite","@id":"https:\/\/welaikaadv.site\/avviso\/#website","url":"https:\/\/welaikaadv.site\/avviso\/","name":"Staging Avviso Pubblico","description":"","publisher":{"@id":"https:\/\/welaikaadv.site\/avviso\/#organization"},"potentialAction":[{"@type":"SearchAction","target":{"@type":"EntryPoint","urlTemplate":"https:\/\/welaikaadv.site\/avviso\/?s={search_term_string}"},"query-input":{"@type":"PropertyValueSpecification","valueRequired":true,"valueName":"search_term_string"}}],"inLanguage":"it-IT"},{"@type":"Organization","@id":"https:\/\/welaikaadv.site\/avviso\/#organization","name":"Staging Avviso Pubblico","url":"https:\/\/welaikaadv.site\/avviso\/","logo":{"@type":"ImageObject","inLanguage":"it-IT","@id":"https:\/\/welaikaadv.site\/avviso\/#\/schema\/logo\/image\/","url":"https:\/\/welaikaadv.site\/avviso\/wp-content\/uploads\/2024\/08\/logoAPsito-400.png","contentUrl":"https:\/\/welaikaadv.site\/avviso\/wp-content\/uploads\/2024\/08\/logoAPsito-400.png","width":400,"height":97,"caption":"Staging Avviso Pubblico"},"image":{"@id":"https:\/\/welaikaadv.site\/avviso\/#\/schema\/logo\/image\/"}}]}},"_links":{"self":[{"href":"https:\/\/welaikaadv.site\/avviso\/wp-json\/wp\/v2\/pages\/47873","targetHints":{"allow":["GET"]}}],"collection":[{"href":"https:\/\/welaikaadv.site\/avviso\/wp-json\/wp\/v2\/pages"}],"about":[{"href":"https:\/\/welaikaadv.site\/avviso\/wp-json\/wp\/v2\/types\/page"}],"author":[{"embeddable":true,"href":"https:\/\/welaikaadv.site\/avviso\/wp-json\/wp\/v2\/users\/1"}],"replies":[{"embeddable":true,"href":"https:\/\/welaikaadv.site\/avviso\/wp-json\/wp\/v2\/comments?post=47873"}],"version-history":[{"count":0,"href":"https:\/\/welaikaadv.site\/avviso\/wp-json\/wp\/v2\/pages\/47873\/revisions"}],"up":[{"embeddable":true,"href":"https:\/\/welaikaadv.site\/avviso\/wp-json\/wp\/v2\/pages\/202"}],"wp:attachment":[{"href":"https:\/\/welaikaadv.site\/avviso\/wp-json\/wp\/v2\/media?parent=47873"}],"curies":[{"name":"wp","href":"https:\/\/api.w.org\/{rel}","templated":true}]}}