{"id":47974,"date":"2022-02-25T11:10:40","date_gmt":"2022-02-25T10:10:40","guid":{"rendered":"https:\/\/www.avvisopubblico.it\/home\/?page_id=47974"},"modified":"2022-02-25T11:10:40","modified_gmt":"2022-02-25T10:10:40","slug":"audizione-di-un-membro-del-copregi-24-febbraio-2022","status":"publish","type":"page","link":"https:\/\/welaikaadv.site\/avviso\/home\/cosa-facciamo\/informare\/osservatorio-parlamentare\/attivita-dinchiesta\/le-commissioni-di-inchiesta-nella-xviii-legislatura\/commissione-sul-gioco-illegale-e-sulle-disfunzioni-del-gioco-pubblico-quadro-generale-dellattivita-xviii-legislatura\/audizione-di-un-membro-del-copregi-24-febbraio-2022\/","title":{"rendered":"Audizione di un membro del COPREGI (24 febbraio 2022)"},"content":{"rendered":"<p><strong>Premessa.<\/strong> <a href=\"https:\/\/welaikaadv.site\/avviso\/home\/cosa-facciamo\/informare\/osservatorio-parlamentare\/attivita-dinchiesta\/le-commissioni-di-inchiesta-nella-xviii-legislatura\/commissione-sul-gioco-illegale-e-sulle-disfunzioni-del-gioco-pubblico-quadro-generale-dellattivita-xviii-legislatura\/\">La Commissione parlamentare di inchiesta sul gioco illegale e sulle disfunzioni del gioco pubblico<\/a> ha audito, <a href=\"https:\/\/webtv.senato.it\/4621?video_evento=239783\">nella seduta del 24 febbraio 2022<\/a>, l&#8217;ing. avv. Stefano Saracchi, membro del Comitato per la prevenzione e la repressione del gioco illegale, la sicurezza del gioco e la tutela dei minori (COPREGI).<\/p>\n<p>L\u2019audizione \u00e8 iniziata con un introduzione sul Comitato per la prevenzione e la repressione del gioco illegale presieduto dal Direttore Generale Marcello Minenna. Il Comitato \u00e8 previsto dal decreto-legge 78 del 2009 art. 15ter, che identifica le competenze del comitato stesso.<\/p>\n<p>Inoltre, nel corso degli anni sono state emanate delle norme che hanno attribuito dei poteri specifici al Comitato. Una tra queste \u00e8 l\u2019art.29 del decreto-legge 124 del 2019 che conferisce la possibilit\u00e0 all\u2019agenzia di istituire un fondo pari a 100.000 euro per l&#8217;utilizzo di scommesse simulate, per entrare all&#8217;interno delle sale scommesse e verificare eventuali casi di illegalit\u00e0 con ufficiali e agenti di polizia giudiziaria.<\/p>\n<p>L\u2019avvocato Saracchi partendo dall\u2019acronimo del Comitato COPREGI, ha sottolineato come questo si occupi di prevenzione e repressione, spiegando che il problema dell\u2019illegalit\u00e0 nel gioco non debba pi\u00f9 essere individuato con un approccio statico di gioco illegale, ma con un approccio dinamico di illegalit\u00e0 nel gioco.\u00a0 Secondo il membro del COPREGI \u00e8 necessario ammettere che l\u2019illegalit\u00e0 non \u00e8 pi\u00f9 soltanto un discrimine tra ci\u00f2 che \u00e8 autorizzato e ci\u00f2 che non lo \u00e8, perch\u00e9 attraverso le operazioni svolte si pu\u00f2 accertare l\u2019esistenza di infiltrazione di criminalit\u00e0 organizzata anche nel gioco autorizzato.<\/p>\n<p>L\u2019avvocato Saracchi si sofferma poi su alcune situazioni giuridiche che si sono venute a creare con una stratificazione normativa bipartita, tra lo Stato che \u00e8 chiamato a legiferare in materia di ordine e sicurezza pubblica, e le Regioni responsabili di salute e sanit\u00e0. Questa possibilit\u00e0, secondo Saracchi, avrebbe creato una stratificazione normativa regione per regione, che alcune volte ha permesso l\u2019espulsione del gioco pubblico da territorio, favorendo di conseguenza il gioco illegale. \u00c8 stato poi ripreso, come nelle precedenti audizioni, il tema del gioco legale come uno dei principali metodi utilizzati per il riciclaggio di denaro proveniente da fonti illecite.<\/p>\n<p>Saracchi cita l&#8217;Intesa Stato-Regioni sulla legge di riordino del settore, raggiunta nel 2017 e rappresentata in sette punti principali, in cui i primi tre identificavano il sistema di gioco del futuro, mentre gli altri quattro rappresentavano le azioni repressive e preventive da attuare. Non sarebbe ancora chiaro, secondo Saracchi, se i primi tre punti siano &#8220;vigenti e cogenti&#8221;, informazione ritenuta necessaria per il rinnovo delle concessioni.<\/p>\n<p>Il membro del COPREGI riporta il dato secondo cui nei primi mesi del 2021 sarebbero stati chiusi 150 siti di gioco illegali, dato da tenere in considerazione a causa della sproporzione tra questo numero e i 40 diritti di concessione previsti dal gioco a distanza. L\u2019avvocato Saracchi, come rappresentante del Comitato, afferma quindi che sia necessario un aumento delle concessioni per i giochi legali, in modo da poter esercitare pi\u00f9 controlli.<\/p>\n<p>Saracchi cita il DURF, documento unico di regolarit\u00e0 fiscale, previsto dall&#8217;art. 30 della legge 124 del 2019, che statuisce come non possano essere titolari o condurre esercizi commerciali di gioco quegli operatori economici che hanno commesso violazioni accertate agli obblighi di pagamento di imposte e tasse o contributi. \u00c8 stato infine ricordato brevemente il tema dell\u2019intermediazione del gioco e delle norme che vanno a colpire chi fa esercizio del gioco illegale e non ha una concessione, per cui \u00e8 prevista una reclusione da 3 a 6 anni e una multa sino a 50mila euro.<\/p>\n<p>&nbsp;<\/p>\n<p style=\"text-align: right;\">(a cura di <em><strong>Noemi Roszak<\/strong><\/em>)<\/p>\n<p>&nbsp;<\/p>\n","protected":false},"excerpt":{"rendered":"<p>Premessa. La Commissione parlamentare di inchiesta sul gioco illegale e sulle disfunzioni del gioco pubblico ha audito, nella seduta del 24 febbraio 2022, l&#8217;ing. avv.&nbsp;<span class=\"hellipsis\">[&hellip;]<\/span><a class=\"more-link\" href=\"https:\/\/welaikaadv.site\/avviso\/home\/cosa-facciamo\/informare\/osservatorio-parlamentare\/attivita-dinchiesta\/le-commissioni-di-inchiesta-nella-xviii-legislatura\/commissione-sul-gioco-illegale-e-sulle-disfunzioni-del-gioco-pubblico-quadro-generale-dellattivita-xviii-legislatura\/audizione-di-un-membro-del-copregi-24-febbraio-2022\/\">Leggi tutto <span class=\"screen-reader-text\">Audizione di un membro del COPREGI (24 febbraio 2022)<\/span> <span class=\"meta-nav\" aria-hidden=\"true\">&rarr;<\/span><\/a><\/p>\n","protected":false},"author":1,"featured_media":0,"parent":44908,"menu_order":0,"comment_status":"closed","ping_status":"closed","template":"","meta":{"_acf_changed":false,"_exactmetrics_skip_tracking":false,"_exactmetrics_sitenote_active":false,"_exactmetrics_sitenote_note":"","_exactmetrics_sitenote_category":0,"wp_social_preview_title":"","wp_social_preview_description":"","wp_social_preview_image":0,"footnotes":""},"class_list":["post-47974","page","type-page","status-publish","hentry"],"acf":[],"yoast_head":"<!-- This site is optimized with the Yoast SEO plugin v27.2 - https:\/\/yoast.com\/product\/yoast-seo-wordpress\/ -->\n<title>Audizione di un membro del COPREGI (24 febbraio 2022) - Staging Avviso Pubblico<\/title>\n<meta name=\"robots\" content=\"noindex, follow, max-snippet:-1, max-image-preview:large, max-video-preview:-1\" \/>\n<meta property=\"og:locale\" content=\"it_IT\" \/>\n<meta property=\"og:type\" content=\"article\" \/>\n<meta property=\"og:title\" content=\"Audizione di un membro del COPREGI (24 febbraio 2022) - Staging Avviso Pubblico\" \/>\n<meta property=\"og:description\" content=\"Premessa. La Commissione parlamentare di inchiesta sul gioco illegale e sulle disfunzioni del gioco pubblico ha audito, nella seduta del 24 febbraio 2022, l&#8217;ing. avv.&nbsp;[&hellip;]Leggi tutto Audizione di un membro del COPREGI (24 febbraio 2022) &rarr;\" \/>\n<meta property=\"og:url\" content=\"https:\/\/welaikaadv.site\/avviso\/home\/cosa-facciamo\/informare\/osservatorio-parlamentare\/attivita-dinchiesta\/le-commissioni-di-inchiesta-nella-xviii-legislatura\/commissione-sul-gioco-illegale-e-sulle-disfunzioni-del-gioco-pubblico-quadro-generale-dellattivita-xviii-legislatura\/audizione-di-un-membro-del-copregi-24-febbraio-2022\/\" \/>\n<meta property=\"og:site_name\" content=\"Staging Avviso Pubblico\" \/>\n<meta name=\"twitter:card\" content=\"summary_large_image\" \/>\n<meta name=\"twitter:label1\" content=\"Tempo di lettura stimato\" \/>\n\t<meta name=\"twitter:data1\" content=\"4 minuti\" \/>\n<script type=\"application\/ld+json\" class=\"yoast-schema-graph\">{\"@context\":\"https:\/\/schema.org\",\"@graph\":[{\"@type\":\"WebPage\",\"@id\":\"https:\/\/welaikaadv.site\/avviso\/home\/cosa-facciamo\/informare\/osservatorio-parlamentare\/attivita-dinchiesta\/le-commissioni-di-inchiesta-nella-xviii-legislatura\/commissione-sul-gioco-illegale-e-sulle-disfunzioni-del-gioco-pubblico-quadro-generale-dellattivita-xviii-legislatura\/audizione-di-un-membro-del-copregi-24-febbraio-2022\/\",\"url\":\"https:\/\/welaikaadv.site\/avviso\/home\/cosa-facciamo\/informare\/osservatorio-parlamentare\/attivita-dinchiesta\/le-commissioni-di-inchiesta-nella-xviii-legislatura\/commissione-sul-gioco-illegale-e-sulle-disfunzioni-del-gioco-pubblico-quadro-generale-dellattivita-xviii-legislatura\/audizione-di-un-membro-del-copregi-24-febbraio-2022\/\",\"name\":\"Audizione di un membro del COPREGI (24 febbraio 2022) - Staging Avviso Pubblico\",\"isPartOf\":{\"@id\":\"https:\/\/welaikaadv.site\/avviso\/#website\"},\"datePublished\":\"2022-02-25T10:10:40+00:00\",\"breadcrumb\":{\"@id\":\"https:\/\/welaikaadv.site\/avviso\/home\/cosa-facciamo\/informare\/osservatorio-parlamentare\/attivita-dinchiesta\/le-commissioni-di-inchiesta-nella-xviii-legislatura\/commissione-sul-gioco-illegale-e-sulle-disfunzioni-del-gioco-pubblico-quadro-generale-dellattivita-xviii-legislatura\/audizione-di-un-membro-del-copregi-24-febbraio-2022\/#breadcrumb\"},\"inLanguage\":\"it-IT\",\"potentialAction\":[{\"@type\":\"ReadAction\",\"target\":[\"https:\/\/welaikaadv.site\/avviso\/home\/cosa-facciamo\/informare\/osservatorio-parlamentare\/attivita-dinchiesta\/le-commissioni-di-inchiesta-nella-xviii-legislatura\/commissione-sul-gioco-illegale-e-sulle-disfunzioni-del-gioco-pubblico-quadro-generale-dellattivita-xviii-legislatura\/audizione-di-un-membro-del-copregi-24-febbraio-2022\/\"]}]},{\"@type\":\"BreadcrumbList\",\"@id\":\"https:\/\/welaikaadv.site\/avviso\/home\/cosa-facciamo\/informare\/osservatorio-parlamentare\/attivita-dinchiesta\/le-commissioni-di-inchiesta-nella-xviii-legislatura\/commissione-sul-gioco-illegale-e-sulle-disfunzioni-del-gioco-pubblico-quadro-generale-dellattivita-xviii-legislatura\/audizione-di-un-membro-del-copregi-24-febbraio-2022\/#breadcrumb\",\"itemListElement\":[{\"@type\":\"ListItem\",\"position\":1,\"name\":\"Home\",\"item\":\"https:\/\/welaikaadv.site\/avviso\/\"},{\"@type\":\"ListItem\",\"position\":2,\"name\":\"Audizione di un membro del COPREGI (24 febbraio 2022)\"}]},{\"@type\":\"WebSite\",\"@id\":\"https:\/\/welaikaadv.site\/avviso\/#website\",\"url\":\"https:\/\/welaikaadv.site\/avviso\/\",\"name\":\"Staging Avviso Pubblico\",\"description\":\"\",\"publisher\":{\"@id\":\"https:\/\/welaikaadv.site\/avviso\/#organization\"},\"potentialAction\":[{\"@type\":\"SearchAction\",\"target\":{\"@type\":\"EntryPoint\",\"urlTemplate\":\"https:\/\/welaikaadv.site\/avviso\/?s={search_term_string}\"},\"query-input\":{\"@type\":\"PropertyValueSpecification\",\"valueRequired\":true,\"valueName\":\"search_term_string\"}}],\"inLanguage\":\"it-IT\"},{\"@type\":\"Organization\",\"@id\":\"https:\/\/welaikaadv.site\/avviso\/#organization\",\"name\":\"Staging Avviso Pubblico\",\"url\":\"https:\/\/welaikaadv.site\/avviso\/\",\"logo\":{\"@type\":\"ImageObject\",\"inLanguage\":\"it-IT\",\"@id\":\"https:\/\/welaikaadv.site\/avviso\/#\/schema\/logo\/image\/\",\"url\":\"https:\/\/welaikaadv.site\/avviso\/wp-content\/uploads\/2024\/08\/logoAPsito-400.png\",\"contentUrl\":\"https:\/\/welaikaadv.site\/avviso\/wp-content\/uploads\/2024\/08\/logoAPsito-400.png\",\"width\":400,\"height\":97,\"caption\":\"Staging Avviso Pubblico\"},\"image\":{\"@id\":\"https:\/\/welaikaadv.site\/avviso\/#\/schema\/logo\/image\/\"}}]}<\/script>\n<!-- \/ Yoast SEO plugin. -->","yoast_head_json":{"title":"Audizione di un membro del COPREGI (24 febbraio 2022) - Staging Avviso Pubblico","robots":{"index":"noindex","follow":"follow","max-snippet":"max-snippet:-1","max-image-preview":"max-image-preview:large","max-video-preview":"max-video-preview:-1"},"og_locale":"it_IT","og_type":"article","og_title":"Audizione di un membro del COPREGI (24 febbraio 2022) - Staging Avviso Pubblico","og_description":"Premessa. La Commissione parlamentare di inchiesta sul gioco illegale e sulle disfunzioni del gioco pubblico ha audito, nella seduta del 24 febbraio 2022, l&#8217;ing. avv.&nbsp;[&hellip;]Leggi tutto Audizione di un membro del COPREGI (24 febbraio 2022) &rarr;","og_url":"https:\/\/welaikaadv.site\/avviso\/home\/cosa-facciamo\/informare\/osservatorio-parlamentare\/attivita-dinchiesta\/le-commissioni-di-inchiesta-nella-xviii-legislatura\/commissione-sul-gioco-illegale-e-sulle-disfunzioni-del-gioco-pubblico-quadro-generale-dellattivita-xviii-legislatura\/audizione-di-un-membro-del-copregi-24-febbraio-2022\/","og_site_name":"Staging Avviso Pubblico","twitter_card":"summary_large_image","twitter_misc":{"Tempo di lettura stimato":"4 minuti"},"schema":{"@context":"https:\/\/schema.org","@graph":[{"@type":"WebPage","@id":"https:\/\/welaikaadv.site\/avviso\/home\/cosa-facciamo\/informare\/osservatorio-parlamentare\/attivita-dinchiesta\/le-commissioni-di-inchiesta-nella-xviii-legislatura\/commissione-sul-gioco-illegale-e-sulle-disfunzioni-del-gioco-pubblico-quadro-generale-dellattivita-xviii-legislatura\/audizione-di-un-membro-del-copregi-24-febbraio-2022\/","url":"https:\/\/welaikaadv.site\/avviso\/home\/cosa-facciamo\/informare\/osservatorio-parlamentare\/attivita-dinchiesta\/le-commissioni-di-inchiesta-nella-xviii-legislatura\/commissione-sul-gioco-illegale-e-sulle-disfunzioni-del-gioco-pubblico-quadro-generale-dellattivita-xviii-legislatura\/audizione-di-un-membro-del-copregi-24-febbraio-2022\/","name":"Audizione di un membro del COPREGI (24 febbraio 2022) - Staging Avviso Pubblico","isPartOf":{"@id":"https:\/\/welaikaadv.site\/avviso\/#website"},"datePublished":"2022-02-25T10:10:40+00:00","breadcrumb":{"@id":"https:\/\/welaikaadv.site\/avviso\/home\/cosa-facciamo\/informare\/osservatorio-parlamentare\/attivita-dinchiesta\/le-commissioni-di-inchiesta-nella-xviii-legislatura\/commissione-sul-gioco-illegale-e-sulle-disfunzioni-del-gioco-pubblico-quadro-generale-dellattivita-xviii-legislatura\/audizione-di-un-membro-del-copregi-24-febbraio-2022\/#breadcrumb"},"inLanguage":"it-IT","potentialAction":[{"@type":"ReadAction","target":["https:\/\/welaikaadv.site\/avviso\/home\/cosa-facciamo\/informare\/osservatorio-parlamentare\/attivita-dinchiesta\/le-commissioni-di-inchiesta-nella-xviii-legislatura\/commissione-sul-gioco-illegale-e-sulle-disfunzioni-del-gioco-pubblico-quadro-generale-dellattivita-xviii-legislatura\/audizione-di-un-membro-del-copregi-24-febbraio-2022\/"]}]},{"@type":"BreadcrumbList","@id":"https:\/\/welaikaadv.site\/avviso\/home\/cosa-facciamo\/informare\/osservatorio-parlamentare\/attivita-dinchiesta\/le-commissioni-di-inchiesta-nella-xviii-legislatura\/commissione-sul-gioco-illegale-e-sulle-disfunzioni-del-gioco-pubblico-quadro-generale-dellattivita-xviii-legislatura\/audizione-di-un-membro-del-copregi-24-febbraio-2022\/#breadcrumb","itemListElement":[{"@type":"ListItem","position":1,"name":"Home","item":"https:\/\/welaikaadv.site\/avviso\/"},{"@type":"ListItem","position":2,"name":"Audizione di un membro del COPREGI (24 febbraio 2022)"}]},{"@type":"WebSite","@id":"https:\/\/welaikaadv.site\/avviso\/#website","url":"https:\/\/welaikaadv.site\/avviso\/","name":"Staging Avviso Pubblico","description":"","publisher":{"@id":"https:\/\/welaikaadv.site\/avviso\/#organization"},"potentialAction":[{"@type":"SearchAction","target":{"@type":"EntryPoint","urlTemplate":"https:\/\/welaikaadv.site\/avviso\/?s={search_term_string}"},"query-input":{"@type":"PropertyValueSpecification","valueRequired":true,"valueName":"search_term_string"}}],"inLanguage":"it-IT"},{"@type":"Organization","@id":"https:\/\/welaikaadv.site\/avviso\/#organization","name":"Staging Avviso Pubblico","url":"https:\/\/welaikaadv.site\/avviso\/","logo":{"@type":"ImageObject","inLanguage":"it-IT","@id":"https:\/\/welaikaadv.site\/avviso\/#\/schema\/logo\/image\/","url":"https:\/\/welaikaadv.site\/avviso\/wp-content\/uploads\/2024\/08\/logoAPsito-400.png","contentUrl":"https:\/\/welaikaadv.site\/avviso\/wp-content\/uploads\/2024\/08\/logoAPsito-400.png","width":400,"height":97,"caption":"Staging Avviso Pubblico"},"image":{"@id":"https:\/\/welaikaadv.site\/avviso\/#\/schema\/logo\/image\/"}}]}},"_links":{"self":[{"href":"https:\/\/welaikaadv.site\/avviso\/wp-json\/wp\/v2\/pages\/47974","targetHints":{"allow":["GET"]}}],"collection":[{"href":"https:\/\/welaikaadv.site\/avviso\/wp-json\/wp\/v2\/pages"}],"about":[{"href":"https:\/\/welaikaadv.site\/avviso\/wp-json\/wp\/v2\/types\/page"}],"author":[{"embeddable":true,"href":"https:\/\/welaikaadv.site\/avviso\/wp-json\/wp\/v2\/users\/1"}],"replies":[{"embeddable":true,"href":"https:\/\/welaikaadv.site\/avviso\/wp-json\/wp\/v2\/comments?post=47974"}],"version-history":[{"count":0,"href":"https:\/\/welaikaadv.site\/avviso\/wp-json\/wp\/v2\/pages\/47974\/revisions"}],"up":[{"embeddable":true,"href":"https:\/\/welaikaadv.site\/avviso\/wp-json\/wp\/v2\/pages\/44908"}],"wp:attachment":[{"href":"https:\/\/welaikaadv.site\/avviso\/wp-json\/wp\/v2\/media?parent=47974"}],"curies":[{"name":"wp","href":"https:\/\/api.w.org\/{rel}","templated":true}]}}