{"id":48175,"date":"2022-03-11T10:57:58","date_gmt":"2022-03-11T09:57:58","guid":{"rendered":"https:\/\/www.avvisopubblico.it\/home\/?page_id=48175"},"modified":"2022-03-11T10:57:58","modified_gmt":"2022-03-11T09:57:58","slug":"nel-distanziometro-il-percorso-pedonale-piu-breve-tra-sala-giochi-e-luoghi-sensibili-deve-tenere-conto-delle-regole-del-codice-della-strada","status":"publish","type":"page","link":"https:\/\/welaikaadv.site\/avviso\/home\/cosa-facciamo\/informare\/documenti-tematici\/gioco-dazzardo\/nel-distanziometro-il-percorso-pedonale-piu-breve-tra-sala-giochi-e-luoghi-sensibili-deve-tenere-conto-delle-regole-del-codice-della-strada\/","title":{"rendered":"NEL DISTANZIOMETRO, IL PERCORSO PEDONALE PI\u00d9 BREVE TRA SALA GIOCHI E LUOGHI SENSIBILI DEVE TENERE CONTO DELLE REGOLE DEL CODICE DELLA STRADA"},"content":{"rendered":"<p><strong>La normativa e il caso.<\/strong> Il comma 2 bis dell\u2019art. 6 della <a href=\"https:\/\/welaikaadv.site\/avviso\/home\/cosa-facciamo\/informare\/documenti-tematici\/gioco-dazzardo\/la-normativa-dellemilia-romagna-per-il-contrasto-del-gioco-dazzardo-patologico\/\">legge regionale dell\u2019Emilia-Romagna 5\/2013<\/a>, nel dettare le regole relative al distanziometro, afferma che la il calcolo della distanza deve avvenire secondo il percorso pedonale pi\u00f9 breve.<\/p>\n<p>Nel caso trattato dalla sentenza <a href=\"https:\/\/www.giustizia-amministrativa.it\/portale\/pages\/istituzionale\/visualizza\/?nodeRef=&amp;schema=tar_bo&amp;nrg=202100304&amp;nomeFile=202200242_01.html&amp;subDir=Provvedimenti\">242\/2022<\/a> del TAR Emilia-Romagna, oggetto del contendere tra l\u2019Unione dei Comuni di Sorbara e una titolare di una sala giochi, che si \u00e8 vista recapitare un provvedimento di chiusura entro dieci giorni dell&#8217;attivit\u00e0 per violazione della distanza rispetto ad un luogo sensibile, \u00e8 proprio il criterio di calcolo.<\/p>\n<p>La ricorrente, infatti, ha contestato la misurazione effettuata dal Comune, perch\u00e9 questa era stata effettuata considerando l\u2019attraversamento di un parcheggio non secondo il percorso pedonale perimetrale ivi tracciato (pi\u00f9 lungo), bens\u00ec secondo un tragitto pi\u00f9 breve ma non rispettoso del Codice della Strada. La differenza tra le due modalit\u00e0 di calcolo era rilevante rispetto alla soglia dei 500 metri.<\/p>\n<p><strong>Il percorso pedonale pi\u00f9 breve e il Codice della Strada.<\/strong> Il TAR, dopo aver accolto la richiesta di sospensiva dell\u2019esercente (ordinanza cautelare <a href=\"https:\/\/www.giustizia-amministrativa.it\/portale\/pages\/istituzionale\/visualizza\/?nodeRef=&amp;schema=tar_bo&amp;nrg=202100304&amp;nomeFile=202100414_05.html&amp;subDir=Provvedimenti\">414\/2021<\/a>) ha anche ritenuto fondato nel merito il ricorso.<\/p>\n<p>Argomentano i giudici che il legislatore frequentemente fa ricorso al criterio del percorso pedonale pi\u00f9 breve (in tema di tabacchi o di farmacie, ad esempio) e, nella connessa giurisprudenza sul punto (es. TAR Lazio <a href=\"https:\/\/www.giustizia-amministrativa.it\/portale\/pages\/istituzionale\/visualizza\/?nodeRef=&amp;schema=tar_rm&amp;nrg=201801431&amp;nomeFile=202105374_01.html&amp;subDir=Provvedimenti\">5374\/2021<\/a>), ha chiarito che si deve \u201ctener conto dei percorsi di regolare attraversamento delle sedi stradali, non potendosi effettuare detta misurazione basandosi sulla trasgressione, seppure non necessariamente pericolosa, da parte del pedone delle norme del codice della strada per addivenire ad una abbreviazione del percorso\u201d.<\/p>\n<p>Riconosce il TAR che l\u2019art. 190 del Codice della Strada, che pone ai pedoni un divieto relativo di attraversamento fuori dai percorsi tracciati se ve ne sono di fruibili, effettivamente non menziona le aree adibite a parcheggio; tuttavia, secondo una interpretazione logico sistematica, si deve ritenere esteso anche ad esse poich\u00e9 si verificano le medesime situazioni di rischio che fondano tale divieto.<\/p>\n<p>Conclude il Collegio, dunque, che nel calcolo della distanza occorre \u201ctener conto delle norme di tutela della sicurezza dei pedoni evincibili dal Codice della Strada oltre che dalle comuni regole di prudenza esigibili\u201d e che, pertanto, la misurazione deve ad esse attenersi, evitando abbreviazioni dei percorsi pedonali ove sia invece possibile seguire il tracciato a questi riservato.<\/p>\n<p>Per un orientamento diverso sul punto si vedano le <a href=\"https:\/\/welaikaadv.site\/avviso\/home\/cosa-facciamo\/informare\/documenti-tematici\/gioco-dazzardo\/il-tar-di-parma-si-pronuncia-sul-distanziometro-in-tre-comuni\/\">sentenze 29\/2022 e 30\/2022<\/a> del TAR Emilia-Romagna \u2013 sezione staccata di Parma.<\/p>\n<p style=\"text-align: right;\">(<em>a cura di <strong>Marco De Pasquale<\/strong><\/em>)<\/p>\n","protected":false},"excerpt":{"rendered":"<p>La normativa e il caso. Il comma 2 bis dell\u2019art. 6 della legge regionale dell\u2019Emilia-Romagna 5\/2013, nel dettare le regole relative al distanziometro, afferma che&nbsp;<span class=\"hellipsis\">[&hellip;]<\/span><a class=\"more-link\" href=\"https:\/\/welaikaadv.site\/avviso\/home\/cosa-facciamo\/informare\/documenti-tematici\/gioco-dazzardo\/nel-distanziometro-il-percorso-pedonale-piu-breve-tra-sala-giochi-e-luoghi-sensibili-deve-tenere-conto-delle-regole-del-codice-della-strada\/\">Leggi tutto <span class=\"screen-reader-text\">NEL DISTANZIOMETRO, IL PERCORSO PEDONALE PI\u00d9 BREVE TRA SALA GIOCHI E LUOGHI SENSIBILI DEVE TENERE CONTO DELLE REGOLE DEL CODICE DELLA STRADA<\/span> <span class=\"meta-nav\" aria-hidden=\"true\">&rarr;<\/span><\/a><\/p>\n","protected":false},"author":1,"featured_media":0,"parent":202,"menu_order":160,"comment_status":"closed","ping_status":"closed","template":"","meta":{"_acf_changed":false,"_exactmetrics_skip_tracking":false,"_exactmetrics_sitenote_active":false,"_exactmetrics_sitenote_note":"","_exactmetrics_sitenote_category":0,"wp_social_preview_title":"","wp_social_preview_description":"","wp_social_preview_image":0,"footnotes":""},"class_list":["post-48175","page","type-page","status-publish","hentry"],"acf":[],"yoast_head":"<!-- This site is optimized with the Yoast SEO plugin v27.2 - https:\/\/yoast.com\/product\/yoast-seo-wordpress\/ -->\n<title>NEL DISTANZIOMETRO, IL PERCORSO PEDONALE PI\u00d9 BREVE TRA SALA GIOCHI E LUOGHI SENSIBILI DEVE TENERE CONTO DELLE REGOLE DEL CODICE DELLA STRADA - Staging Avviso Pubblico<\/title>\n<meta name=\"robots\" content=\"noindex, follow, max-snippet:-1, max-image-preview:large, max-video-preview:-1\" \/>\n<meta property=\"og:locale\" content=\"it_IT\" \/>\n<meta property=\"og:type\" content=\"article\" \/>\n<meta property=\"og:title\" content=\"NEL DISTANZIOMETRO, IL PERCORSO PEDONALE PI\u00d9 BREVE TRA SALA GIOCHI E LUOGHI SENSIBILI DEVE TENERE CONTO DELLE REGOLE DEL CODICE DELLA STRADA - Staging Avviso Pubblico\" \/>\n<meta property=\"og:description\" content=\"La normativa e il caso. Il comma 2 bis dell\u2019art. 6 della legge regionale dell\u2019Emilia-Romagna 5\/2013, nel dettare le regole relative al distanziometro, afferma che&nbsp;[&hellip;]Leggi tutto NEL DISTANZIOMETRO, IL PERCORSO PEDONALE PI\u00d9 BREVE TRA SALA GIOCHI E LUOGHI SENSIBILI DEVE TENERE CONTO DELLE REGOLE DEL CODICE DELLA STRADA &rarr;\" \/>\n<meta property=\"og:url\" content=\"https:\/\/welaikaadv.site\/avviso\/home\/cosa-facciamo\/informare\/documenti-tematici\/gioco-dazzardo\/nel-distanziometro-il-percorso-pedonale-piu-breve-tra-sala-giochi-e-luoghi-sensibili-deve-tenere-conto-delle-regole-del-codice-della-strada\/\" \/>\n<meta property=\"og:site_name\" content=\"Staging Avviso Pubblico\" \/>\n<meta name=\"twitter:card\" content=\"summary_large_image\" \/>\n<meta name=\"twitter:label1\" content=\"Tempo di lettura stimato\" \/>\n\t<meta name=\"twitter:data1\" content=\"3 minuti\" \/>\n<script type=\"application\/ld+json\" class=\"yoast-schema-graph\">{\"@context\":\"https:\/\/schema.org\",\"@graph\":[{\"@type\":\"WebPage\",\"@id\":\"https:\/\/welaikaadv.site\/avviso\/home\/cosa-facciamo\/informare\/documenti-tematici\/gioco-dazzardo\/nel-distanziometro-il-percorso-pedonale-piu-breve-tra-sala-giochi-e-luoghi-sensibili-deve-tenere-conto-delle-regole-del-codice-della-strada\/\",\"url\":\"https:\/\/welaikaadv.site\/avviso\/home\/cosa-facciamo\/informare\/documenti-tematici\/gioco-dazzardo\/nel-distanziometro-il-percorso-pedonale-piu-breve-tra-sala-giochi-e-luoghi-sensibili-deve-tenere-conto-delle-regole-del-codice-della-strada\/\",\"name\":\"NEL DISTANZIOMETRO, IL PERCORSO PEDONALE PI\u00d9 BREVE TRA SALA GIOCHI E LUOGHI SENSIBILI DEVE TENERE CONTO DELLE REGOLE DEL CODICE DELLA STRADA - Staging Avviso Pubblico\",\"isPartOf\":{\"@id\":\"https:\/\/welaikaadv.site\/avviso\/#website\"},\"datePublished\":\"2022-03-11T09:57:58+00:00\",\"breadcrumb\":{\"@id\":\"https:\/\/welaikaadv.site\/avviso\/home\/cosa-facciamo\/informare\/documenti-tematici\/gioco-dazzardo\/nel-distanziometro-il-percorso-pedonale-piu-breve-tra-sala-giochi-e-luoghi-sensibili-deve-tenere-conto-delle-regole-del-codice-della-strada\/#breadcrumb\"},\"inLanguage\":\"it-IT\",\"potentialAction\":[{\"@type\":\"ReadAction\",\"target\":[\"https:\/\/welaikaadv.site\/avviso\/home\/cosa-facciamo\/informare\/documenti-tematici\/gioco-dazzardo\/nel-distanziometro-il-percorso-pedonale-piu-breve-tra-sala-giochi-e-luoghi-sensibili-deve-tenere-conto-delle-regole-del-codice-della-strada\/\"]}]},{\"@type\":\"BreadcrumbList\",\"@id\":\"https:\/\/welaikaadv.site\/avviso\/home\/cosa-facciamo\/informare\/documenti-tematici\/gioco-dazzardo\/nel-distanziometro-il-percorso-pedonale-piu-breve-tra-sala-giochi-e-luoghi-sensibili-deve-tenere-conto-delle-regole-del-codice-della-strada\/#breadcrumb\",\"itemListElement\":[{\"@type\":\"ListItem\",\"position\":1,\"name\":\"Home\",\"item\":\"https:\/\/welaikaadv.site\/avviso\/\"},{\"@type\":\"ListItem\",\"position\":2,\"name\":\"NEL DISTANZIOMETRO, IL PERCORSO PEDONALE PI\u00d9 BREVE TRA SALA GIOCHI E LUOGHI SENSIBILI DEVE TENERE CONTO DELLE REGOLE DEL CODICE DELLA STRADA\"}]},{\"@type\":\"WebSite\",\"@id\":\"https:\/\/welaikaadv.site\/avviso\/#website\",\"url\":\"https:\/\/welaikaadv.site\/avviso\/\",\"name\":\"Staging Avviso Pubblico\",\"description\":\"\",\"publisher\":{\"@id\":\"https:\/\/welaikaadv.site\/avviso\/#organization\"},\"potentialAction\":[{\"@type\":\"SearchAction\",\"target\":{\"@type\":\"EntryPoint\",\"urlTemplate\":\"https:\/\/welaikaadv.site\/avviso\/?s={search_term_string}\"},\"query-input\":{\"@type\":\"PropertyValueSpecification\",\"valueRequired\":true,\"valueName\":\"search_term_string\"}}],\"inLanguage\":\"it-IT\"},{\"@type\":\"Organization\",\"@id\":\"https:\/\/welaikaadv.site\/avviso\/#organization\",\"name\":\"Staging Avviso Pubblico\",\"url\":\"https:\/\/welaikaadv.site\/avviso\/\",\"logo\":{\"@type\":\"ImageObject\",\"inLanguage\":\"it-IT\",\"@id\":\"https:\/\/welaikaadv.site\/avviso\/#\/schema\/logo\/image\/\",\"url\":\"https:\/\/welaikaadv.site\/avviso\/wp-content\/uploads\/2024\/08\/logoAPsito-400.png\",\"contentUrl\":\"https:\/\/welaikaadv.site\/avviso\/wp-content\/uploads\/2024\/08\/logoAPsito-400.png\",\"width\":400,\"height\":97,\"caption\":\"Staging Avviso Pubblico\"},\"image\":{\"@id\":\"https:\/\/welaikaadv.site\/avviso\/#\/schema\/logo\/image\/\"}}]}<\/script>\n<!-- \/ Yoast SEO plugin. -->","yoast_head_json":{"title":"NEL DISTANZIOMETRO, IL PERCORSO PEDONALE PI\u00d9 BREVE TRA SALA GIOCHI E LUOGHI SENSIBILI DEVE TENERE CONTO DELLE REGOLE DEL CODICE DELLA STRADA - Staging Avviso Pubblico","robots":{"index":"noindex","follow":"follow","max-snippet":"max-snippet:-1","max-image-preview":"max-image-preview:large","max-video-preview":"max-video-preview:-1"},"og_locale":"it_IT","og_type":"article","og_title":"NEL DISTANZIOMETRO, IL PERCORSO PEDONALE PI\u00d9 BREVE TRA SALA GIOCHI E LUOGHI SENSIBILI DEVE TENERE CONTO DELLE REGOLE DEL CODICE DELLA STRADA - Staging Avviso Pubblico","og_description":"La normativa e il caso. Il comma 2 bis dell\u2019art. 6 della legge regionale dell\u2019Emilia-Romagna 5\/2013, nel dettare le regole relative al distanziometro, afferma che&nbsp;[&hellip;]Leggi tutto NEL DISTANZIOMETRO, IL PERCORSO PEDONALE PI\u00d9 BREVE TRA SALA GIOCHI E LUOGHI SENSIBILI DEVE TENERE CONTO DELLE REGOLE DEL CODICE DELLA STRADA &rarr;","og_url":"https:\/\/welaikaadv.site\/avviso\/home\/cosa-facciamo\/informare\/documenti-tematici\/gioco-dazzardo\/nel-distanziometro-il-percorso-pedonale-piu-breve-tra-sala-giochi-e-luoghi-sensibili-deve-tenere-conto-delle-regole-del-codice-della-strada\/","og_site_name":"Staging Avviso Pubblico","twitter_card":"summary_large_image","twitter_misc":{"Tempo di lettura stimato":"3 minuti"},"schema":{"@context":"https:\/\/schema.org","@graph":[{"@type":"WebPage","@id":"https:\/\/welaikaadv.site\/avviso\/home\/cosa-facciamo\/informare\/documenti-tematici\/gioco-dazzardo\/nel-distanziometro-il-percorso-pedonale-piu-breve-tra-sala-giochi-e-luoghi-sensibili-deve-tenere-conto-delle-regole-del-codice-della-strada\/","url":"https:\/\/welaikaadv.site\/avviso\/home\/cosa-facciamo\/informare\/documenti-tematici\/gioco-dazzardo\/nel-distanziometro-il-percorso-pedonale-piu-breve-tra-sala-giochi-e-luoghi-sensibili-deve-tenere-conto-delle-regole-del-codice-della-strada\/","name":"NEL DISTANZIOMETRO, IL PERCORSO PEDONALE PI\u00d9 BREVE TRA SALA GIOCHI E LUOGHI SENSIBILI DEVE TENERE CONTO DELLE REGOLE DEL CODICE DELLA STRADA - Staging Avviso Pubblico","isPartOf":{"@id":"https:\/\/welaikaadv.site\/avviso\/#website"},"datePublished":"2022-03-11T09:57:58+00:00","breadcrumb":{"@id":"https:\/\/welaikaadv.site\/avviso\/home\/cosa-facciamo\/informare\/documenti-tematici\/gioco-dazzardo\/nel-distanziometro-il-percorso-pedonale-piu-breve-tra-sala-giochi-e-luoghi-sensibili-deve-tenere-conto-delle-regole-del-codice-della-strada\/#breadcrumb"},"inLanguage":"it-IT","potentialAction":[{"@type":"ReadAction","target":["https:\/\/welaikaadv.site\/avviso\/home\/cosa-facciamo\/informare\/documenti-tematici\/gioco-dazzardo\/nel-distanziometro-il-percorso-pedonale-piu-breve-tra-sala-giochi-e-luoghi-sensibili-deve-tenere-conto-delle-regole-del-codice-della-strada\/"]}]},{"@type":"BreadcrumbList","@id":"https:\/\/welaikaadv.site\/avviso\/home\/cosa-facciamo\/informare\/documenti-tematici\/gioco-dazzardo\/nel-distanziometro-il-percorso-pedonale-piu-breve-tra-sala-giochi-e-luoghi-sensibili-deve-tenere-conto-delle-regole-del-codice-della-strada\/#breadcrumb","itemListElement":[{"@type":"ListItem","position":1,"name":"Home","item":"https:\/\/welaikaadv.site\/avviso\/"},{"@type":"ListItem","position":2,"name":"NEL DISTANZIOMETRO, IL PERCORSO PEDONALE PI\u00d9 BREVE TRA SALA GIOCHI E LUOGHI SENSIBILI DEVE TENERE CONTO DELLE REGOLE DEL CODICE DELLA STRADA"}]},{"@type":"WebSite","@id":"https:\/\/welaikaadv.site\/avviso\/#website","url":"https:\/\/welaikaadv.site\/avviso\/","name":"Staging Avviso Pubblico","description":"","publisher":{"@id":"https:\/\/welaikaadv.site\/avviso\/#organization"},"potentialAction":[{"@type":"SearchAction","target":{"@type":"EntryPoint","urlTemplate":"https:\/\/welaikaadv.site\/avviso\/?s={search_term_string}"},"query-input":{"@type":"PropertyValueSpecification","valueRequired":true,"valueName":"search_term_string"}}],"inLanguage":"it-IT"},{"@type":"Organization","@id":"https:\/\/welaikaadv.site\/avviso\/#organization","name":"Staging Avviso Pubblico","url":"https:\/\/welaikaadv.site\/avviso\/","logo":{"@type":"ImageObject","inLanguage":"it-IT","@id":"https:\/\/welaikaadv.site\/avviso\/#\/schema\/logo\/image\/","url":"https:\/\/welaikaadv.site\/avviso\/wp-content\/uploads\/2024\/08\/logoAPsito-400.png","contentUrl":"https:\/\/welaikaadv.site\/avviso\/wp-content\/uploads\/2024\/08\/logoAPsito-400.png","width":400,"height":97,"caption":"Staging Avviso Pubblico"},"image":{"@id":"https:\/\/welaikaadv.site\/avviso\/#\/schema\/logo\/image\/"}}]}},"_links":{"self":[{"href":"https:\/\/welaikaadv.site\/avviso\/wp-json\/wp\/v2\/pages\/48175","targetHints":{"allow":["GET"]}}],"collection":[{"href":"https:\/\/welaikaadv.site\/avviso\/wp-json\/wp\/v2\/pages"}],"about":[{"href":"https:\/\/welaikaadv.site\/avviso\/wp-json\/wp\/v2\/types\/page"}],"author":[{"embeddable":true,"href":"https:\/\/welaikaadv.site\/avviso\/wp-json\/wp\/v2\/users\/1"}],"replies":[{"embeddable":true,"href":"https:\/\/welaikaadv.site\/avviso\/wp-json\/wp\/v2\/comments?post=48175"}],"version-history":[{"count":0,"href":"https:\/\/welaikaadv.site\/avviso\/wp-json\/wp\/v2\/pages\/48175\/revisions"}],"up":[{"embeddable":true,"href":"https:\/\/welaikaadv.site\/avviso\/wp-json\/wp\/v2\/pages\/202"}],"wp:attachment":[{"href":"https:\/\/welaikaadv.site\/avviso\/wp-json\/wp\/v2\/media?parent=48175"}],"curies":[{"name":"wp","href":"https:\/\/api.w.org\/{rel}","templated":true}]}}