{"id":4984,"date":"2016-03-09T11:21:24","date_gmt":"2016-03-09T10:21:24","guid":{"rendered":"http:\/\/www.avvisopubblico.it\/osservatorio\/?page_id=4984"},"modified":"2016-03-09T11:21:24","modified_gmt":"2016-03-09T10:21:24","slug":"commissione-antimafia-audizioni-sulla-presenza-di-gruppi-criminali-in-puglia","status":"publish","type":"page","link":"https:\/\/welaikaadv.site\/avviso\/home\/cosa-facciamo\/informare\/osservatorio-parlamentare\/attivita-dinchiesta\/attivita-dinchiesta-xvii\/commissione-bicamerale-antimafia\/commissione-antimafia-audizioni-sulla-presenza-di-gruppi-criminali-in-puglia\/","title":{"rendered":"Commissione antimafia: audizioni sulla presenza di gruppi criminali in Puglia"},"content":{"rendered":"<p><strong>Premessa<\/strong>. La Commissione parlamentare di inchiesta sul fenomeno delle mafie e sulle altre associazioni criminali anche straniere si \u00e8 recata lo scorso mese di febbraio a Lecce, per realizzare un approfondimento sulla situazione della criminalit\u00e0 organizzata nelle diverse aree del territorio pugliese. Durante la missione ha audito il <strong><a href=\"http:\/\/www.camera.it\/leg17\/1058?idLegislatura=17&amp;tipologia=audiz2&amp;sottotipologia=audizione&amp;anno=2016&amp;mese=02&amp;giorno=18&amp;idCommissione=24&amp;numero=0138&amp;file=indice_stenografico\">18 febbraio 2016<\/a><\/strong> il Presidente della Regione Puglia Michele Emiliano, facendo seguito ad una richiesta arrivata dallo stesso Presidente con lettera del 3 febbraio.<\/p>\n<p><strong>La provincia di Foggia e il caporalato<\/strong>. Il Presidente sottolinea la \u201cdifficolt\u00e0 degli organi investigativi a penetrare un livello di omert\u00e0 e anche di efficienza delle strutture della criminalit\u00e0 organizzata\u201d nella provincia di Foggia, ritenendo al contrario che nel resto della regione vi siano stati significativi successi nell\u2019azione di contrasto (giudica in particolare assai efficace l\u2019attivit\u00e0 investigativa svolta negli anni dal distretto di Corte d\u2019Appello di Bari). La provincia di Foggia \u00e8 teatro di numerosi fatti di sangue ed \u00e8 molto diffuso il fenomeno del cosiddetto caporalato, il sistema di reclutamento e sfruttamento della manodopera rappresentata da immigrati. Il Presidente riferisce in particolare della situazione nel cosiddetto \u201cghetto di Rignano\u201d, situato nel territorio del Comune di San Severo. \u00a0\u201cSi tratta di un luogo di propriet\u00e0 della regione Puglia \u2013 spiega Emiliano &#8211; che sorge in un&#8217;area nella quale da moltissimi anni esiste un campo che arriva a ospitare migliaia di persone nei periodi di punta\u201d. All\u2019interno del campo si sospetta vengano gestite attivit\u00e0 legate alla prostituzione, allo spaccio di droga e ad \u201cun racket legato alla gestione della manodopera\u201d. Rignano non \u00e8 il solo campo in cui si presume avvengano tali traffici. Per ripristinare la legalit\u00e0 a Rignano (e in altre aree simili) e garantire i diritti di tutti coloro che vi lavorano, Emiliano punta sui finanziamenti che permettano di edificare \u201ccampi auto-costruiti\u201d allo scopo di \u201cgestire la loro presenza sul nostro territorio a fini di lavoro in maniera legale\u201d e di poter usufruire delle \u201ccure da parte del servizio sanitario regionale e nazionale\u201d.\u00a0Si dichiara altres\u00ec favorevole all\u2019istituzione di una sezione della DIA a Foggia.<\/p>\n<p><strong>La recrudescenza nella citt\u00e0 di Bari<\/strong>. Per quanto riguarda la citt\u00e0 di Bari, Comune che ha guidato prima di essere eletto alla Regione, si registra una recrudescenza dei fatti di sangue verificatisi in \u201cquartieri che avevamo pensato di aver bonificato in passato dalla criminalit\u00e0 organizzata e dal degrado sociale\u201d. Il Presidente cita come possibile causa dei \u201csommovimenti\u201d la scarcerazione del boss Savino Parisi.<\/p>\n<p><strong>Il caso Brindisi.<\/strong> Il Presidente definisce il caso Brindisi \u201cparticolarmente difficile\u201d perch\u00e9 luogo di nascita della Sacra corona unita. La situazione \u00e8 caratterizzata dal ritorno ciclico di personaggi gi\u00e0 condannati e, nel recente passato, da fenomeni di inquinamento istituzionale. \u201cSi tratta di una citt\u00e0 nella quale al contrasto potente, anche di comunit\u00e0, nei confronti della Sacra corona unita, si sono poi alternati anche fenomeni, forse pi\u00f9 gravi, di inquinamento e di infiltrazione delle istituzioni, non solo politiche, ma anche di natura diversa\u201d.<\/p>\n<p>Emiliano fa cenno al recente arresto (febbraio 2016) del sindaco di Brindisi Cosimo Consales, accusato di corruzione, concussione e truffa in un\u2019inchiesta su presunte tangenti legate al ciclo dei rifiuti. Il Presidente dichiara che, in qualit\u00e0 di commissario del ciclo dei rifiuti dell\u2019OGA (Organo di Governo d\u2019Ambito) ha emanato un\u2019ordinanza per \u201dimporre al sindaco di Brindisi di rescindere il contratto con l&#8217;azienda Nubile, della quale era amministratore delegato uno degli arrestati in concorso con il sindaco, tale Luca Screti, il quale, salvo errori e omissioni, dovrebbe essere parente stretto del tesoriere della Sacra corona unita, Antonio Screti\u201d. Emiliano fa ancora riferimento al caso di parentele \u2018sospette\u2019 quando cita l\u2019Assessore all\u2019Urbanistica Salvatore Luperti, figlio di Antonio Luperti, capomafia della SCU. Viene fatto notare che Luperti non possedeva competenze specifiche (\u201c\u00e8 un analista di laboratorio che lavora in una fabbrica chimica\u201d) per poter svolgere il ruolo di Assessore. Il Presidente cita i contrasti tra Luperti e il tecnico incaricato alla redazione del piano regolatore, che a seguito di questa visione contrapposta verr\u00e0 sostituito dall\u2019amministrazione di Brindisi. Il segretario regionale del Partito Democratico, dichiara Emiliano, aveva \u201crichiesto al sindaco Consales le dimissioni di entrambi gli assessori, sia quello all&#8217;urbanistica, sia quello all&#8217;ambiente che si occupava del ciclo dei rifiuti\u201d. Dimissioni che non sono arrivate neanche dopo l\u2019abbandono del segretario cittadino del partito che non aveva votato l\u2019ultimo bilancio della Giunta comunale. Sottolinea che il partito, a seguito di queste resistenze, aveva ritirato la fiducia all\u2019amministrazione \u201cben prima dell\u2019arresto\u201d. Rimangono le difficolt\u00e0 nell\u2019attuare una linea rigorosa di contrasto delle infiltrazioni mafiose anche nella selezione della classe dirigente del partito e nella formazione delle liste elettorali.<\/p>\n<p><strong>Il gasdotto TAP e la decarbonizzazione<\/strong>. Ancora in merito alle divergenze con l\u2019amministrazione brindisina, Emiliano fa cenno al gasdotto TAP e allo scontro tra Consales e la Presidenza della Regione sull\u2019approdo finale dell\u2019opera a Brindisi, scelta osteggiata dal sindaco, che indicava come meta alternativa il paese di Melendugno, oltre 50 chilometri pi\u00f9 a sud, nella provincia di Lecce. Il Presidente contesta questa visione, sostenendo sia \u201ccompletamente inutile\u201d allungare il gasdotto e realizzare questa parte di opera \u201cin un&#8217;area ad alta densit\u00e0 mafiosa\u201d e che attraverserebbe un territorio \u201cin mezzo a ulivi malati di Xylella\u201d.<\/p>\n<p>\u201cNella condizione specifica nella quale ci troviamo e nel clima e nel tipo di infiltrazioni che viviamo e che abbiamo vissuto anche dentro l&#8217;amministrazione comunale di Brindisi, dal punto di vista politico posso suggerire particolare cautela\u201d.\u00a0 Legata all\u2019opera del gasdotto c\u2019\u00e8 la proposta di decarbonizzazione tanto di Brindisi (ENEL) che Taranto (ILVA), altro punto di scontro con Consales, che aveva definito la proposta della Giunta Emiliano \u201cuna bufala\u201d. \u201cQuesta persona \u2013 dice il Presidente della Regione in riferimento a Consales &#8211;\u00a0 che gestiva con molta disinvoltura le sue relazioni con due rampolli \u2013 figli o parenti \u2013 di soggetti della Sacra corona unita, era il principale avversario della proposta della regione sulla de carbonizzazione\u201d.<\/p>\n<p><strong>La collaborazione tra tutte le istituzioni<\/strong>. Emiliano mette in evidenza la cronica carenza degli organici sia della magistratura che della pubblica amministrazione e delle forze di polizia, ci\u00f2 che ostacola l\u2019azione di ripristino della legalit\u00e0 nel territorio pugliese. Ma si richiede uno sforzo congiunto da parte di tutte le istituzioni \u2013 ivi inclusa la Commissione antimafia \u2013 anche per indagare a fondo su quei progetti di grande impatto economico che potrebbero nascondere precisi interessi da parte di gruppi criminali.<\/p>\n<p><em>Per l\u2019analisi della Relazione 2016 della Direzione nazionale antimafia sulla situazione della criminalit\u00e0 organizzata in Puglia <strong><a href=\"https:\/\/welaikaadv.site\/avviso\/home\/cosa-facciamo\/informare\/documenti-tematici\/mafie\/relazione-2016-dna-levoluzione-della-criminalita-puglia\/\">clicca qui<\/a><\/strong>.<\/em><\/p>\n<p>&nbsp;<\/p>\n<p><em>(a\u00a0cura di <a href=\"mailto:claudio.forleo@avvisopubblico.it\"><strong>Claudio Forleo<\/strong><\/a>, giornalista)<\/em><\/p>\n","protected":false},"excerpt":{"rendered":"<p>Premessa. La Commissione parlamentare di inchiesta sul fenomeno delle mafie e sulle altre associazioni criminali anche straniere si \u00e8 recata lo scorso mese di febbraio&nbsp;<span class=\"hellipsis\">[&hellip;]<\/span><a class=\"more-link\" href=\"https:\/\/welaikaadv.site\/avviso\/home\/cosa-facciamo\/informare\/osservatorio-parlamentare\/attivita-dinchiesta\/attivita-dinchiesta-xvii\/commissione-bicamerale-antimafia\/commissione-antimafia-audizioni-sulla-presenza-di-gruppi-criminali-in-puglia\/\">Leggi tutto <span class=\"screen-reader-text\">Commissione antimafia: audizioni sulla presenza di gruppi criminali in Puglia<\/span> <span class=\"meta-nav\" aria-hidden=\"true\">&rarr;<\/span><\/a><\/p>\n","protected":false},"author":1,"featured_media":0,"parent":2662,"menu_order":0,"comment_status":"closed","ping_status":"closed","template":"","meta":{"_acf_changed":false,"_exactmetrics_skip_tracking":false,"_exactmetrics_sitenote_active":false,"_exactmetrics_sitenote_note":"","_exactmetrics_sitenote_category":0,"wp_social_preview_title":"","wp_social_preview_description":"","wp_social_preview_image":0,"footnotes":""},"class_list":["post-4984","page","type-page","status-publish","hentry"],"acf":[],"yoast_head":"<!-- This site is optimized with the Yoast SEO plugin v27.2 - https:\/\/yoast.com\/product\/yoast-seo-wordpress\/ -->\n<title>Commissione antimafia: audizioni sulla presenza di gruppi criminali in Puglia - Staging Avviso Pubblico<\/title>\n<meta name=\"robots\" content=\"noindex, follow, max-snippet:-1, max-image-preview:large, max-video-preview:-1\" \/>\n<meta property=\"og:locale\" content=\"it_IT\" \/>\n<meta property=\"og:type\" content=\"article\" \/>\n<meta property=\"og:title\" content=\"Commissione antimafia: audizioni sulla presenza di gruppi criminali in Puglia - Staging Avviso Pubblico\" \/>\n<meta property=\"og:description\" content=\"Premessa. La Commissione parlamentare di inchiesta sul fenomeno delle mafie e sulle altre associazioni criminali anche straniere si \u00e8 recata lo scorso mese di febbraio&nbsp;[&hellip;]Leggi tutto Commissione antimafia: audizioni sulla presenza di gruppi criminali in Puglia &rarr;\" \/>\n<meta property=\"og:url\" content=\"https:\/\/welaikaadv.site\/avviso\/home\/cosa-facciamo\/informare\/osservatorio-parlamentare\/attivita-dinchiesta\/attivita-dinchiesta-xvii\/commissione-bicamerale-antimafia\/commissione-antimafia-audizioni-sulla-presenza-di-gruppi-criminali-in-puglia\/\" \/>\n<meta property=\"og:site_name\" content=\"Staging Avviso Pubblico\" \/>\n<meta name=\"twitter:card\" content=\"summary_large_image\" \/>\n<meta name=\"twitter:label1\" content=\"Tempo di lettura stimato\" \/>\n\t<meta name=\"twitter:data1\" content=\"5 minuti\" \/>\n<script type=\"application\/ld+json\" class=\"yoast-schema-graph\">{\"@context\":\"https:\/\/schema.org\",\"@graph\":[{\"@type\":\"WebPage\",\"@id\":\"https:\/\/welaikaadv.site\/avviso\/home\/cosa-facciamo\/informare\/osservatorio-parlamentare\/attivita-dinchiesta\/attivita-dinchiesta-xvii\/commissione-bicamerale-antimafia\/commissione-antimafia-audizioni-sulla-presenza-di-gruppi-criminali-in-puglia\/\",\"url\":\"https:\/\/welaikaadv.site\/avviso\/home\/cosa-facciamo\/informare\/osservatorio-parlamentare\/attivita-dinchiesta\/attivita-dinchiesta-xvii\/commissione-bicamerale-antimafia\/commissione-antimafia-audizioni-sulla-presenza-di-gruppi-criminali-in-puglia\/\",\"name\":\"Commissione antimafia: audizioni sulla presenza di gruppi criminali in Puglia - Staging Avviso Pubblico\",\"isPartOf\":{\"@id\":\"https:\/\/welaikaadv.site\/avviso\/#website\"},\"datePublished\":\"2016-03-09T10:21:24+00:00\",\"breadcrumb\":{\"@id\":\"https:\/\/welaikaadv.site\/avviso\/home\/cosa-facciamo\/informare\/osservatorio-parlamentare\/attivita-dinchiesta\/attivita-dinchiesta-xvii\/commissione-bicamerale-antimafia\/commissione-antimafia-audizioni-sulla-presenza-di-gruppi-criminali-in-puglia\/#breadcrumb\"},\"inLanguage\":\"it-IT\",\"potentialAction\":[{\"@type\":\"ReadAction\",\"target\":[\"https:\/\/welaikaadv.site\/avviso\/home\/cosa-facciamo\/informare\/osservatorio-parlamentare\/attivita-dinchiesta\/attivita-dinchiesta-xvii\/commissione-bicamerale-antimafia\/commissione-antimafia-audizioni-sulla-presenza-di-gruppi-criminali-in-puglia\/\"]}]},{\"@type\":\"BreadcrumbList\",\"@id\":\"https:\/\/welaikaadv.site\/avviso\/home\/cosa-facciamo\/informare\/osservatorio-parlamentare\/attivita-dinchiesta\/attivita-dinchiesta-xvii\/commissione-bicamerale-antimafia\/commissione-antimafia-audizioni-sulla-presenza-di-gruppi-criminali-in-puglia\/#breadcrumb\",\"itemListElement\":[{\"@type\":\"ListItem\",\"position\":1,\"name\":\"Home\",\"item\":\"https:\/\/welaikaadv.site\/avviso\/\"},{\"@type\":\"ListItem\",\"position\":2,\"name\":\"Commissione antimafia: audizioni sulla presenza di gruppi criminali in Puglia\"}]},{\"@type\":\"WebSite\",\"@id\":\"https:\/\/welaikaadv.site\/avviso\/#website\",\"url\":\"https:\/\/welaikaadv.site\/avviso\/\",\"name\":\"Staging Avviso Pubblico\",\"description\":\"\",\"publisher\":{\"@id\":\"https:\/\/welaikaadv.site\/avviso\/#organization\"},\"potentialAction\":[{\"@type\":\"SearchAction\",\"target\":{\"@type\":\"EntryPoint\",\"urlTemplate\":\"https:\/\/welaikaadv.site\/avviso\/?s={search_term_string}\"},\"query-input\":{\"@type\":\"PropertyValueSpecification\",\"valueRequired\":true,\"valueName\":\"search_term_string\"}}],\"inLanguage\":\"it-IT\"},{\"@type\":\"Organization\",\"@id\":\"https:\/\/welaikaadv.site\/avviso\/#organization\",\"name\":\"Staging Avviso Pubblico\",\"url\":\"https:\/\/welaikaadv.site\/avviso\/\",\"logo\":{\"@type\":\"ImageObject\",\"inLanguage\":\"it-IT\",\"@id\":\"https:\/\/welaikaadv.site\/avviso\/#\/schema\/logo\/image\/\",\"url\":\"https:\/\/welaikaadv.site\/avviso\/wp-content\/uploads\/2024\/08\/logoAPsito-400.png\",\"contentUrl\":\"https:\/\/welaikaadv.site\/avviso\/wp-content\/uploads\/2024\/08\/logoAPsito-400.png\",\"width\":400,\"height\":97,\"caption\":\"Staging Avviso Pubblico\"},\"image\":{\"@id\":\"https:\/\/welaikaadv.site\/avviso\/#\/schema\/logo\/image\/\"}}]}<\/script>\n<!-- \/ Yoast SEO plugin. -->","yoast_head_json":{"title":"Commissione antimafia: audizioni sulla presenza di gruppi criminali in Puglia - Staging Avviso Pubblico","robots":{"index":"noindex","follow":"follow","max-snippet":"max-snippet:-1","max-image-preview":"max-image-preview:large","max-video-preview":"max-video-preview:-1"},"og_locale":"it_IT","og_type":"article","og_title":"Commissione antimafia: audizioni sulla presenza di gruppi criminali in Puglia - Staging Avviso Pubblico","og_description":"Premessa. La Commissione parlamentare di inchiesta sul fenomeno delle mafie e sulle altre associazioni criminali anche straniere si \u00e8 recata lo scorso mese di febbraio&nbsp;[&hellip;]Leggi tutto Commissione antimafia: audizioni sulla presenza di gruppi criminali in Puglia &rarr;","og_url":"https:\/\/welaikaadv.site\/avviso\/home\/cosa-facciamo\/informare\/osservatorio-parlamentare\/attivita-dinchiesta\/attivita-dinchiesta-xvii\/commissione-bicamerale-antimafia\/commissione-antimafia-audizioni-sulla-presenza-di-gruppi-criminali-in-puglia\/","og_site_name":"Staging Avviso Pubblico","twitter_card":"summary_large_image","twitter_misc":{"Tempo di lettura stimato":"5 minuti"},"schema":{"@context":"https:\/\/schema.org","@graph":[{"@type":"WebPage","@id":"https:\/\/welaikaadv.site\/avviso\/home\/cosa-facciamo\/informare\/osservatorio-parlamentare\/attivita-dinchiesta\/attivita-dinchiesta-xvii\/commissione-bicamerale-antimafia\/commissione-antimafia-audizioni-sulla-presenza-di-gruppi-criminali-in-puglia\/","url":"https:\/\/welaikaadv.site\/avviso\/home\/cosa-facciamo\/informare\/osservatorio-parlamentare\/attivita-dinchiesta\/attivita-dinchiesta-xvii\/commissione-bicamerale-antimafia\/commissione-antimafia-audizioni-sulla-presenza-di-gruppi-criminali-in-puglia\/","name":"Commissione antimafia: audizioni sulla presenza di gruppi criminali in Puglia - Staging Avviso Pubblico","isPartOf":{"@id":"https:\/\/welaikaadv.site\/avviso\/#website"},"datePublished":"2016-03-09T10:21:24+00:00","breadcrumb":{"@id":"https:\/\/welaikaadv.site\/avviso\/home\/cosa-facciamo\/informare\/osservatorio-parlamentare\/attivita-dinchiesta\/attivita-dinchiesta-xvii\/commissione-bicamerale-antimafia\/commissione-antimafia-audizioni-sulla-presenza-di-gruppi-criminali-in-puglia\/#breadcrumb"},"inLanguage":"it-IT","potentialAction":[{"@type":"ReadAction","target":["https:\/\/welaikaadv.site\/avviso\/home\/cosa-facciamo\/informare\/osservatorio-parlamentare\/attivita-dinchiesta\/attivita-dinchiesta-xvii\/commissione-bicamerale-antimafia\/commissione-antimafia-audizioni-sulla-presenza-di-gruppi-criminali-in-puglia\/"]}]},{"@type":"BreadcrumbList","@id":"https:\/\/welaikaadv.site\/avviso\/home\/cosa-facciamo\/informare\/osservatorio-parlamentare\/attivita-dinchiesta\/attivita-dinchiesta-xvii\/commissione-bicamerale-antimafia\/commissione-antimafia-audizioni-sulla-presenza-di-gruppi-criminali-in-puglia\/#breadcrumb","itemListElement":[{"@type":"ListItem","position":1,"name":"Home","item":"https:\/\/welaikaadv.site\/avviso\/"},{"@type":"ListItem","position":2,"name":"Commissione antimafia: audizioni sulla presenza di gruppi criminali in Puglia"}]},{"@type":"WebSite","@id":"https:\/\/welaikaadv.site\/avviso\/#website","url":"https:\/\/welaikaadv.site\/avviso\/","name":"Staging Avviso Pubblico","description":"","publisher":{"@id":"https:\/\/welaikaadv.site\/avviso\/#organization"},"potentialAction":[{"@type":"SearchAction","target":{"@type":"EntryPoint","urlTemplate":"https:\/\/welaikaadv.site\/avviso\/?s={search_term_string}"},"query-input":{"@type":"PropertyValueSpecification","valueRequired":true,"valueName":"search_term_string"}}],"inLanguage":"it-IT"},{"@type":"Organization","@id":"https:\/\/welaikaadv.site\/avviso\/#organization","name":"Staging Avviso Pubblico","url":"https:\/\/welaikaadv.site\/avviso\/","logo":{"@type":"ImageObject","inLanguage":"it-IT","@id":"https:\/\/welaikaadv.site\/avviso\/#\/schema\/logo\/image\/","url":"https:\/\/welaikaadv.site\/avviso\/wp-content\/uploads\/2024\/08\/logoAPsito-400.png","contentUrl":"https:\/\/welaikaadv.site\/avviso\/wp-content\/uploads\/2024\/08\/logoAPsito-400.png","width":400,"height":97,"caption":"Staging Avviso Pubblico"},"image":{"@id":"https:\/\/welaikaadv.site\/avviso\/#\/schema\/logo\/image\/"}}]}},"_links":{"self":[{"href":"https:\/\/welaikaadv.site\/avviso\/wp-json\/wp\/v2\/pages\/4984","targetHints":{"allow":["GET"]}}],"collection":[{"href":"https:\/\/welaikaadv.site\/avviso\/wp-json\/wp\/v2\/pages"}],"about":[{"href":"https:\/\/welaikaadv.site\/avviso\/wp-json\/wp\/v2\/types\/page"}],"author":[{"embeddable":true,"href":"https:\/\/welaikaadv.site\/avviso\/wp-json\/wp\/v2\/users\/1"}],"replies":[{"embeddable":true,"href":"https:\/\/welaikaadv.site\/avviso\/wp-json\/wp\/v2\/comments?post=4984"}],"version-history":[{"count":0,"href":"https:\/\/welaikaadv.site\/avviso\/wp-json\/wp\/v2\/pages\/4984\/revisions"}],"up":[{"embeddable":true,"href":"https:\/\/welaikaadv.site\/avviso\/wp-json\/wp\/v2\/pages\/2662"}],"wp:attachment":[{"href":"https:\/\/welaikaadv.site\/avviso\/wp-json\/wp\/v2\/media?parent=4984"}],"curies":[{"name":"wp","href":"https:\/\/api.w.org\/{rel}","templated":true}]}}