{"id":49933,"date":"2022-06-01T10:24:21","date_gmt":"2022-06-01T08:24:21","guid":{"rendered":"https:\/\/www.avvisopubblico.it\/home\/?page_id=49933"},"modified":"2022-06-01T10:24:21","modified_gmt":"2022-06-01T08:24:21","slug":"il-tar-di-brescia-si-pronuncia-sul-rapporto-tra-una-sala-giochi-anteriormente-insediata-e-un-luogo-sensibile-successivamente-autorizzato","status":"publish","type":"page","link":"https:\/\/welaikaadv.site\/avviso\/home\/cosa-facciamo\/informare\/documenti-tematici\/gioco-dazzardo\/il-tar-di-brescia-si-pronuncia-sul-rapporto-tra-una-sala-giochi-anteriormente-insediata-e-un-luogo-sensibile-successivamente-autorizzato\/","title":{"rendered":"IL TAR DI BRESCIA SI PRONUNCIA SUL RAPPORTO TRA UNA SALA GIOCHI ANTERIORMENTE INSEDIATA E UN LUOGO SENSIBILE SUCCESSIVAMENTE AUTORIZZATO"},"content":{"rendered":"<p><strong>La normativa e il caso.<\/strong> Il Comune di Bergamo, attraverso la nuova variante al PGT approvata con deliberazione consiliare n. 152 di data 11 dicembre 2017 (VARPGT10), ha confermato la destinazione a servizi religiosi di un\u2019area situata a meno di 500 metri da una sala giochi gi\u00e0 insediata.<\/p>\n<p>La sala giochi ha sollevato ricorso avverso tale scelta lamentando, tra le altre cose, che, una volta realizzato il luogo di culto la sala giochi si trover\u00e0 a meno di 500 metri da un luogo sensibile, non potendo cos\u00ec pi\u00f9 installare nuovi apparecchi per il gioco, n\u00e9 rinnovare le concessioni per i suddetti apparecchi.<\/p>\n<p>Il TAR per la Lombardia \u2013 Sezione staccata di Brescia si \u00e8 pronunciato con la sentenza <a href=\"https:\/\/www.giustizia-amministrativa.it\/portale\/pages\/istituzionale\/visualizza\/?nodeRef=&amp;schema=tar_bs&amp;nrg=201800664&amp;nomeFile=202200485_01.html&amp;subDir=Provvedimenti\">485\/2022<\/a>, che qui si analizza, con cui ha rigettato il ricorso dell&#8217;operatore del gioco.<\/p>\n<p><strong>Il rapporto tra sala giochi anteriormente insediata e luogo di culto successivo.<\/strong> I giudici si chiedono, a fronte della situazione creatasi, come si debba configurare il rapporto tra la sala giochi (gi\u00e0 insediata) e il luogo di culto oggetto della variante al PGT.<\/p>\n<p>Secondo il TAR, la risoluzione del caso va impostata garantendo il minor aggravio possibile per gli interessi coinvolti:<\/p>\n<ul>\n<li>Da un lato, l\u2019attivit\u00e0 gi\u00e0 insediata (sala giochi) non pu\u00f2 porre un vincolo urbanistico a carico delle altre;<\/li>\n<li>Dall\u2019altro, la nuova disciplina prevista dalla variante al PGT non pu\u00f2 avere effetti immediatamente espulsivi, incidendo su aspettative economiche consolidate.<\/li>\n<\/ul>\n<p>In altri termini, la sala giochi gi\u00e0 insediata non impedisce di pianificare un luogo sensibile nel raggio di 500 metri: dalla variante al PGT relativa al luogo di culto (luogo sensibile) \u201csono incise solo aspettative di mero fatto circa possibili sviluppi dell\u2019attivit\u00e0 di gioco oltre le dimensioni attuali\u201d. Secondo il TAR, questa situazione \u201c\u00e8 paragonabile alle limitazioni che possono intervenire per qualsiasi altra attivit\u00e0 imprenditoriale. L\u2019insediamento storico non garantisce mai l\u2019invarianza del contesto urbanistico, dove tutte le aspettative si diluiscono nella continua evoluzione della realt\u00e0 sociale ed economica\u201d.<\/p>\n<p>In ogni caso, per\u00f2, l\u2019anteriorit\u00e0 della sala giochi la mette comunque al riparo da vincoli e divieti connessi alla presenza del luogo sensibile in ragione della posizione gi\u00e0 acquisita dall\u2019operatore del gioco: cosicch\u00e9 si devono ritenere non applicabili al caso di specie i divieti di cui all\u2019art. 5 della Legge regionale <a href=\"https:\/\/welaikaadv.site\/avviso\/home\/cosa-facciamo\/informare\/documenti-tematici\/gioco-dazzardo\/la-legge-della-regione-lombardia-di-contrasto-al-gioco-patologico\/\">8\/2013<\/a>.<\/p>\n<p style=\"text-align: right;\">(<em>a cura di <strong>Marco De Pasquale<\/strong><\/em>)<\/p>\n","protected":false},"excerpt":{"rendered":"<p>La normativa e il caso. Il Comune di Bergamo, attraverso la nuova variante al PGT approvata con deliberazione consiliare n. 152 di data 11 dicembre&nbsp;<span class=\"hellipsis\">[&hellip;]<\/span><a class=\"more-link\" href=\"https:\/\/welaikaadv.site\/avviso\/home\/cosa-facciamo\/informare\/documenti-tematici\/gioco-dazzardo\/il-tar-di-brescia-si-pronuncia-sul-rapporto-tra-una-sala-giochi-anteriormente-insediata-e-un-luogo-sensibile-successivamente-autorizzato\/\">Leggi tutto <span class=\"screen-reader-text\">IL TAR DI BRESCIA SI PRONUNCIA SUL RAPPORTO TRA UNA SALA GIOCHI ANTERIORMENTE INSEDIATA E UN LUOGO SENSIBILE SUCCESSIVAMENTE AUTORIZZATO<\/span> <span class=\"meta-nav\" aria-hidden=\"true\">&rarr;<\/span><\/a><\/p>\n","protected":false},"author":1,"featured_media":0,"parent":202,"menu_order":160,"comment_status":"closed","ping_status":"closed","template":"","meta":{"_acf_changed":false,"_exactmetrics_skip_tracking":false,"_exactmetrics_sitenote_active":false,"_exactmetrics_sitenote_note":"","_exactmetrics_sitenote_category":0,"wp_social_preview_title":"","wp_social_preview_description":"","wp_social_preview_image":0,"footnotes":""},"class_list":["post-49933","page","type-page","status-publish","hentry"],"acf":[],"yoast_head":"<!-- This site is optimized with the Yoast SEO plugin v27.2 - https:\/\/yoast.com\/product\/yoast-seo-wordpress\/ -->\n<title>IL TAR DI BRESCIA SI PRONUNCIA SUL RAPPORTO TRA UNA SALA GIOCHI ANTERIORMENTE INSEDIATA E UN LUOGO SENSIBILE SUCCESSIVAMENTE AUTORIZZATO - Staging Avviso Pubblico<\/title>\n<meta name=\"robots\" content=\"noindex, follow, max-snippet:-1, max-image-preview:large, max-video-preview:-1\" \/>\n<meta property=\"og:locale\" content=\"it_IT\" \/>\n<meta property=\"og:type\" content=\"article\" \/>\n<meta property=\"og:title\" content=\"IL TAR DI BRESCIA SI PRONUNCIA SUL RAPPORTO TRA UNA SALA GIOCHI ANTERIORMENTE INSEDIATA E UN LUOGO SENSIBILE SUCCESSIVAMENTE AUTORIZZATO - Staging Avviso Pubblico\" \/>\n<meta property=\"og:description\" content=\"La normativa e il caso. Il Comune di Bergamo, attraverso la nuova variante al PGT approvata con deliberazione consiliare n. 152 di data 11 dicembre&nbsp;[&hellip;]Leggi tutto IL TAR DI BRESCIA SI PRONUNCIA SUL RAPPORTO TRA UNA SALA GIOCHI ANTERIORMENTE INSEDIATA E UN LUOGO SENSIBILE SUCCESSIVAMENTE AUTORIZZATO &rarr;\" \/>\n<meta property=\"og:url\" content=\"https:\/\/welaikaadv.site\/avviso\/home\/cosa-facciamo\/informare\/documenti-tematici\/gioco-dazzardo\/il-tar-di-brescia-si-pronuncia-sul-rapporto-tra-una-sala-giochi-anteriormente-insediata-e-un-luogo-sensibile-successivamente-autorizzato\/\" \/>\n<meta property=\"og:site_name\" content=\"Staging Avviso Pubblico\" \/>\n<meta name=\"twitter:card\" content=\"summary_large_image\" \/>\n<meta name=\"twitter:label1\" content=\"Tempo di lettura stimato\" \/>\n\t<meta name=\"twitter:data1\" content=\"2 minuti\" \/>\n<script type=\"application\/ld+json\" class=\"yoast-schema-graph\">{\"@context\":\"https:\/\/schema.org\",\"@graph\":[{\"@type\":\"WebPage\",\"@id\":\"https:\/\/welaikaadv.site\/avviso\/home\/cosa-facciamo\/informare\/documenti-tematici\/gioco-dazzardo\/il-tar-di-brescia-si-pronuncia-sul-rapporto-tra-una-sala-giochi-anteriormente-insediata-e-un-luogo-sensibile-successivamente-autorizzato\/\",\"url\":\"https:\/\/welaikaadv.site\/avviso\/home\/cosa-facciamo\/informare\/documenti-tematici\/gioco-dazzardo\/il-tar-di-brescia-si-pronuncia-sul-rapporto-tra-una-sala-giochi-anteriormente-insediata-e-un-luogo-sensibile-successivamente-autorizzato\/\",\"name\":\"IL TAR DI BRESCIA SI PRONUNCIA SUL RAPPORTO TRA UNA SALA GIOCHI ANTERIORMENTE INSEDIATA E UN LUOGO SENSIBILE SUCCESSIVAMENTE AUTORIZZATO - Staging Avviso Pubblico\",\"isPartOf\":{\"@id\":\"https:\/\/welaikaadv.site\/avviso\/#website\"},\"datePublished\":\"2022-06-01T08:24:21+00:00\",\"breadcrumb\":{\"@id\":\"https:\/\/welaikaadv.site\/avviso\/home\/cosa-facciamo\/informare\/documenti-tematici\/gioco-dazzardo\/il-tar-di-brescia-si-pronuncia-sul-rapporto-tra-una-sala-giochi-anteriormente-insediata-e-un-luogo-sensibile-successivamente-autorizzato\/#breadcrumb\"},\"inLanguage\":\"it-IT\",\"potentialAction\":[{\"@type\":\"ReadAction\",\"target\":[\"https:\/\/welaikaadv.site\/avviso\/home\/cosa-facciamo\/informare\/documenti-tematici\/gioco-dazzardo\/il-tar-di-brescia-si-pronuncia-sul-rapporto-tra-una-sala-giochi-anteriormente-insediata-e-un-luogo-sensibile-successivamente-autorizzato\/\"]}]},{\"@type\":\"BreadcrumbList\",\"@id\":\"https:\/\/welaikaadv.site\/avviso\/home\/cosa-facciamo\/informare\/documenti-tematici\/gioco-dazzardo\/il-tar-di-brescia-si-pronuncia-sul-rapporto-tra-una-sala-giochi-anteriormente-insediata-e-un-luogo-sensibile-successivamente-autorizzato\/#breadcrumb\",\"itemListElement\":[{\"@type\":\"ListItem\",\"position\":1,\"name\":\"Home\",\"item\":\"https:\/\/welaikaadv.site\/avviso\/\"},{\"@type\":\"ListItem\",\"position\":2,\"name\":\"IL TAR DI BRESCIA SI PRONUNCIA SUL RAPPORTO TRA UNA SALA GIOCHI ANTERIORMENTE INSEDIATA E UN LUOGO SENSIBILE SUCCESSIVAMENTE AUTORIZZATO\"}]},{\"@type\":\"WebSite\",\"@id\":\"https:\/\/welaikaadv.site\/avviso\/#website\",\"url\":\"https:\/\/welaikaadv.site\/avviso\/\",\"name\":\"Staging Avviso Pubblico\",\"description\":\"\",\"publisher\":{\"@id\":\"https:\/\/welaikaadv.site\/avviso\/#organization\"},\"potentialAction\":[{\"@type\":\"SearchAction\",\"target\":{\"@type\":\"EntryPoint\",\"urlTemplate\":\"https:\/\/welaikaadv.site\/avviso\/?s={search_term_string}\"},\"query-input\":{\"@type\":\"PropertyValueSpecification\",\"valueRequired\":true,\"valueName\":\"search_term_string\"}}],\"inLanguage\":\"it-IT\"},{\"@type\":\"Organization\",\"@id\":\"https:\/\/welaikaadv.site\/avviso\/#organization\",\"name\":\"Staging Avviso Pubblico\",\"url\":\"https:\/\/welaikaadv.site\/avviso\/\",\"logo\":{\"@type\":\"ImageObject\",\"inLanguage\":\"it-IT\",\"@id\":\"https:\/\/welaikaadv.site\/avviso\/#\/schema\/logo\/image\/\",\"url\":\"https:\/\/welaikaadv.site\/avviso\/wp-content\/uploads\/2024\/08\/logoAPsito-400.png\",\"contentUrl\":\"https:\/\/welaikaadv.site\/avviso\/wp-content\/uploads\/2024\/08\/logoAPsito-400.png\",\"width\":400,\"height\":97,\"caption\":\"Staging Avviso Pubblico\"},\"image\":{\"@id\":\"https:\/\/welaikaadv.site\/avviso\/#\/schema\/logo\/image\/\"}}]}<\/script>\n<!-- \/ Yoast SEO plugin. -->","yoast_head_json":{"title":"IL TAR DI BRESCIA SI PRONUNCIA SUL RAPPORTO TRA UNA SALA GIOCHI ANTERIORMENTE INSEDIATA E UN LUOGO SENSIBILE SUCCESSIVAMENTE AUTORIZZATO - Staging Avviso Pubblico","robots":{"index":"noindex","follow":"follow","max-snippet":"max-snippet:-1","max-image-preview":"max-image-preview:large","max-video-preview":"max-video-preview:-1"},"og_locale":"it_IT","og_type":"article","og_title":"IL TAR DI BRESCIA SI PRONUNCIA SUL RAPPORTO TRA UNA SALA GIOCHI ANTERIORMENTE INSEDIATA E UN LUOGO SENSIBILE SUCCESSIVAMENTE AUTORIZZATO - Staging Avviso Pubblico","og_description":"La normativa e il caso. Il Comune di Bergamo, attraverso la nuova variante al PGT approvata con deliberazione consiliare n. 152 di data 11 dicembre&nbsp;[&hellip;]Leggi tutto IL TAR DI BRESCIA SI PRONUNCIA SUL RAPPORTO TRA UNA SALA GIOCHI ANTERIORMENTE INSEDIATA E UN LUOGO SENSIBILE SUCCESSIVAMENTE AUTORIZZATO &rarr;","og_url":"https:\/\/welaikaadv.site\/avviso\/home\/cosa-facciamo\/informare\/documenti-tematici\/gioco-dazzardo\/il-tar-di-brescia-si-pronuncia-sul-rapporto-tra-una-sala-giochi-anteriormente-insediata-e-un-luogo-sensibile-successivamente-autorizzato\/","og_site_name":"Staging Avviso Pubblico","twitter_card":"summary_large_image","twitter_misc":{"Tempo di lettura stimato":"2 minuti"},"schema":{"@context":"https:\/\/schema.org","@graph":[{"@type":"WebPage","@id":"https:\/\/welaikaadv.site\/avviso\/home\/cosa-facciamo\/informare\/documenti-tematici\/gioco-dazzardo\/il-tar-di-brescia-si-pronuncia-sul-rapporto-tra-una-sala-giochi-anteriormente-insediata-e-un-luogo-sensibile-successivamente-autorizzato\/","url":"https:\/\/welaikaadv.site\/avviso\/home\/cosa-facciamo\/informare\/documenti-tematici\/gioco-dazzardo\/il-tar-di-brescia-si-pronuncia-sul-rapporto-tra-una-sala-giochi-anteriormente-insediata-e-un-luogo-sensibile-successivamente-autorizzato\/","name":"IL TAR DI BRESCIA SI PRONUNCIA SUL RAPPORTO TRA UNA SALA GIOCHI ANTERIORMENTE INSEDIATA E UN LUOGO SENSIBILE SUCCESSIVAMENTE AUTORIZZATO - Staging Avviso Pubblico","isPartOf":{"@id":"https:\/\/welaikaadv.site\/avviso\/#website"},"datePublished":"2022-06-01T08:24:21+00:00","breadcrumb":{"@id":"https:\/\/welaikaadv.site\/avviso\/home\/cosa-facciamo\/informare\/documenti-tematici\/gioco-dazzardo\/il-tar-di-brescia-si-pronuncia-sul-rapporto-tra-una-sala-giochi-anteriormente-insediata-e-un-luogo-sensibile-successivamente-autorizzato\/#breadcrumb"},"inLanguage":"it-IT","potentialAction":[{"@type":"ReadAction","target":["https:\/\/welaikaadv.site\/avviso\/home\/cosa-facciamo\/informare\/documenti-tematici\/gioco-dazzardo\/il-tar-di-brescia-si-pronuncia-sul-rapporto-tra-una-sala-giochi-anteriormente-insediata-e-un-luogo-sensibile-successivamente-autorizzato\/"]}]},{"@type":"BreadcrumbList","@id":"https:\/\/welaikaadv.site\/avviso\/home\/cosa-facciamo\/informare\/documenti-tematici\/gioco-dazzardo\/il-tar-di-brescia-si-pronuncia-sul-rapporto-tra-una-sala-giochi-anteriormente-insediata-e-un-luogo-sensibile-successivamente-autorizzato\/#breadcrumb","itemListElement":[{"@type":"ListItem","position":1,"name":"Home","item":"https:\/\/welaikaadv.site\/avviso\/"},{"@type":"ListItem","position":2,"name":"IL TAR DI BRESCIA SI PRONUNCIA SUL RAPPORTO TRA UNA SALA GIOCHI ANTERIORMENTE INSEDIATA E UN LUOGO SENSIBILE SUCCESSIVAMENTE AUTORIZZATO"}]},{"@type":"WebSite","@id":"https:\/\/welaikaadv.site\/avviso\/#website","url":"https:\/\/welaikaadv.site\/avviso\/","name":"Staging Avviso Pubblico","description":"","publisher":{"@id":"https:\/\/welaikaadv.site\/avviso\/#organization"},"potentialAction":[{"@type":"SearchAction","target":{"@type":"EntryPoint","urlTemplate":"https:\/\/welaikaadv.site\/avviso\/?s={search_term_string}"},"query-input":{"@type":"PropertyValueSpecification","valueRequired":true,"valueName":"search_term_string"}}],"inLanguage":"it-IT"},{"@type":"Organization","@id":"https:\/\/welaikaadv.site\/avviso\/#organization","name":"Staging Avviso Pubblico","url":"https:\/\/welaikaadv.site\/avviso\/","logo":{"@type":"ImageObject","inLanguage":"it-IT","@id":"https:\/\/welaikaadv.site\/avviso\/#\/schema\/logo\/image\/","url":"https:\/\/welaikaadv.site\/avviso\/wp-content\/uploads\/2024\/08\/logoAPsito-400.png","contentUrl":"https:\/\/welaikaadv.site\/avviso\/wp-content\/uploads\/2024\/08\/logoAPsito-400.png","width":400,"height":97,"caption":"Staging Avviso Pubblico"},"image":{"@id":"https:\/\/welaikaadv.site\/avviso\/#\/schema\/logo\/image\/"}}]}},"_links":{"self":[{"href":"https:\/\/welaikaadv.site\/avviso\/wp-json\/wp\/v2\/pages\/49933","targetHints":{"allow":["GET"]}}],"collection":[{"href":"https:\/\/welaikaadv.site\/avviso\/wp-json\/wp\/v2\/pages"}],"about":[{"href":"https:\/\/welaikaadv.site\/avviso\/wp-json\/wp\/v2\/types\/page"}],"author":[{"embeddable":true,"href":"https:\/\/welaikaadv.site\/avviso\/wp-json\/wp\/v2\/users\/1"}],"replies":[{"embeddable":true,"href":"https:\/\/welaikaadv.site\/avviso\/wp-json\/wp\/v2\/comments?post=49933"}],"version-history":[{"count":0,"href":"https:\/\/welaikaadv.site\/avviso\/wp-json\/wp\/v2\/pages\/49933\/revisions"}],"up":[{"embeddable":true,"href":"https:\/\/welaikaadv.site\/avviso\/wp-json\/wp\/v2\/pages\/202"}],"wp:attachment":[{"href":"https:\/\/welaikaadv.site\/avviso\/wp-json\/wp\/v2\/media?parent=49933"}],"curies":[{"name":"wp","href":"https:\/\/api.w.org\/{rel}","templated":true}]}}