{"id":50200,"date":"2022-06-22T16:54:52","date_gmt":"2022-06-22T14:54:52","guid":{"rendered":"https:\/\/www.avvisopubblico.it\/home\/?page_id=50200"},"modified":"2022-06-22T16:54:52","modified_gmt":"2022-06-22T14:54:52","slug":"audizione-di-un-rappresentante-di-anci-16-giugno-2022","status":"publish","type":"page","link":"https:\/\/welaikaadv.site\/avviso\/home\/cosa-facciamo\/informare\/osservatorio-parlamentare\/attivita-dinchiesta\/le-commissioni-di-inchiesta-nella-xviii-legislatura\/commissione-sul-gioco-illegale-e-sulle-disfunzioni-del-gioco-pubblico-quadro-generale-dellattivita-xviii-legislatura\/audizione-di-un-rappresentante-di-anci-16-giugno-2022\/","title":{"rendered":"Audizione di un rappresentante di ANCI (16 giugno 2022)"},"content":{"rendered":"<p>Nella seduta del <a href=\"https:\/\/www.senato.it\/japp\/bgt\/showdoc\/frame.jsp?tipodoc=SommComm&amp;leg=18&amp;id=1354622&amp;part=doc_dc-sedetit_adpdanci\">16 giugno<\/a>, la <a href=\"https:\/\/welaikaadv.site\/avviso\/home\/cosa-facciamo\/informare\/osservatorio-parlamentare\/attivita-dinchiesta\/le-commissioni-di-inchiesta-nella-xviii-legislatura\/commissione-sul-gioco-illegale-e-sulle-disfunzioni-del-gioco-pubblico-quadro-generale-dellattivita-xviii-legislatura\/\">Commissione Gioco Illegale<\/a> ha audito Simona Neri, Sindaco di Laterina Pergine Valdarno (AR) e coordinatrice delle politiche di contrasto al gioco d&#8217;azzardo patologico e bullismo per Anci Toscana (<a href=\"https:\/\/webtv.senato.it\/4621?video_evento=240913\">qui<\/a> il video).<\/p>\n<p>In primo luogo, ha ricordato la Sindaca Neri, il ruolo dei Comuni nel corso degli anni \u00e8 stato quello di gestire i vari impatti sociali e di ordine pubblico generati dal gioco e dalle dipendenze. Il maggiore impatto, in particolare, lo si \u00e8 vito in tre ambiti:<\/p>\n<ol>\n<li>interventi sulla dislocazione dei punti fisici,<\/li>\n<li>controllo sul rispetto delle previsioni regolamentari e contrasto del gioco illegale,<\/li>\n<li>supporto e presa in carico dei soggetti problematici.<\/li>\n<\/ol>\n<p>In questo contesto, segnato dal ruolo attivo dei Comuni, sottolinea la rappresentante di ANCI che \u00e8 necessario realizzare una cornice normativa uniforme che determini le condizioni per una programmazione di medio-lungo termine, superando la frammentazione attuale.<\/p>\n<p>Per questo viene sottolineata l\u2019importanza di approvare in tempi brevi (entro la fine della legislatura) la legge delega di riordino del settore; stando alle bozze finora circolate, la posizione di ANCI \u00e8 di piena condivisione dei principi espressi. Nel contesto della riforma complessiva del settore, sar\u00e0 necessario un confronto Stato, Regioni, Comuni: in questo senso, la definizione dei criteri di localizzazione dovr\u00e0 essere sancita con lo strumento dell\u2019Intesa, armonizzando le discipline.<\/p>\n<p>Nel dettaglio degli elementi della legge delega, secondo la Sindaca costituiscono un segno positivo la previsione di forme vincolanti di partecipazione dei Comuni al procedimento di autorizzazione e di pianificazione che tenga conto delle distanze, fissate a livello nazionale, dai luoghi sensibili, e della razionalizzazione della dislocazione dei punti gioco.<\/p>\n<p>Inoltre, secondo ANCI, bisogner\u00e0 tenere conto del limite massimo del numero di apparecchi da gioco per esercizio, separare i punti gioco dalle altre aree nei locali e prevedere fasce orarie nazionali (con possibili interventi comunali per rispondere ad esigenze locali).<\/p>\n<p>I Comuni dovranno, poi, ricevere i dati sulla localizzazione dei punti gioco: su questo, andr\u00e0 potenziato l\u2019applicativo SMART di ADM, con i dati integrati di tutte le forme di gioco disponibili.<\/p>\n<p>Rispetto alle risorse, la Sindaca indica tre direzioni:<\/p>\n<ol>\n<li>il superamento della logica dell\u2019invarianza di gettito che, sostiene, rischia di far risultare insufficienti le azioni di contrasto al gioco patologico;<\/li>\n<li>la compartecipazione dei Comuni alle entrate del gioco legale e a quelle relative alle sanzioni;<\/li>\n<li>l\u2019aumento della dotazione annuale del fondo GAP.<\/li>\n<\/ol>\n<p>Secondo le stime, i proventi del gioco illecito ammontano a 20 miliardi: un\u2019azione di contrasto efficace passa dal recupero di quelle risorse e dal loro utilizzo contro la ludopatia e le altre dipendenze che spesso si accompagnano alla prima.<\/p>\n<p>Infine, la Sindaca ha ricordato l\u2019importanza del Tavolo ANCI sul gioco che coinvolge tutte le ANCI regionali. Tra le priorit\u00e0, in particolare:<\/p>\n<ol>\n<li>garantire ai Comuni la facolt\u00e0 di emanare normative locali per programmare la distribuzione dell\u2019offerta di gioco, evitando al contempo i rischi di impugnazione;<\/li>\n<li>favorire azioni incisive di prevenzione, ad esempio prevedendo che ogni giocatore possa accedere agli apparecchi per un numero limitato di ore legato al codice fiscale, alla tessera sanitaria o a forme di riconoscimento biometrico;<\/li>\n<li>considerare il settore dei videogiochi e del gaming in generale, che prevede gi\u00e0 al suo interno forme di compravendita e costituisce un\u2019insidia soprattutto per i pi\u00f9 giovani;<\/li>\n<li>destinare, attraverso il contrasto al gioco illecito, risorse ai Comuni affinch\u00e9 questi siano meglio attrezzati nel loro ruolo di tutela del cittadino;<\/li>\n<li>aprire un confronto con le Regioni per un miglior coordinamento nelle azioni di prevenzione e contrasto;<\/li>\n<li>programmare attivit\u00e0 di formazione verso i giovani nelle scuole (anche in collaborazione con il Terzo settore) e verso la Polizia Locale.<\/li>\n<\/ol>\n<p>Le domande rivolte dai membri della Commissione saranno oggetto di successiva risposta per iscritto o nel corso di un\u2019altra audizione da convocare.<\/p>\n","protected":false},"excerpt":{"rendered":"<p>Nella seduta del 16 giugno, la Commissione Gioco Illegale ha audito Simona Neri, Sindaco di Laterina Pergine Valdarno (AR) e coordinatrice delle politiche di contrasto&nbsp;<span class=\"hellipsis\">[&hellip;]<\/span><a class=\"more-link\" href=\"https:\/\/welaikaadv.site\/avviso\/home\/cosa-facciamo\/informare\/osservatorio-parlamentare\/attivita-dinchiesta\/le-commissioni-di-inchiesta-nella-xviii-legislatura\/commissione-sul-gioco-illegale-e-sulle-disfunzioni-del-gioco-pubblico-quadro-generale-dellattivita-xviii-legislatura\/audizione-di-un-rappresentante-di-anci-16-giugno-2022\/\">Leggi tutto <span class=\"screen-reader-text\">Audizione di un rappresentante di ANCI (16 giugno 2022)<\/span> <span class=\"meta-nav\" aria-hidden=\"true\">&rarr;<\/span><\/a><\/p>\n","protected":false},"author":1,"featured_media":0,"parent":44908,"menu_order":0,"comment_status":"closed","ping_status":"closed","template":"","meta":{"_acf_changed":false,"_exactmetrics_skip_tracking":false,"_exactmetrics_sitenote_active":false,"_exactmetrics_sitenote_note":"","_exactmetrics_sitenote_category":0,"wp_social_preview_title":"","wp_social_preview_description":"","wp_social_preview_image":0,"footnotes":""},"class_list":["post-50200","page","type-page","status-publish","hentry"],"acf":[],"yoast_head":"<!-- This site is optimized with the Yoast SEO plugin v27.2 - https:\/\/yoast.com\/product\/yoast-seo-wordpress\/ -->\n<title>Audizione di un rappresentante di ANCI (16 giugno 2022) - Staging Avviso Pubblico<\/title>\n<meta name=\"robots\" content=\"noindex, follow, max-snippet:-1, max-image-preview:large, max-video-preview:-1\" \/>\n<meta property=\"og:locale\" content=\"it_IT\" \/>\n<meta property=\"og:type\" content=\"article\" \/>\n<meta property=\"og:title\" content=\"Audizione di un rappresentante di ANCI (16 giugno 2022) - Staging Avviso Pubblico\" \/>\n<meta property=\"og:description\" content=\"Nella seduta del 16 giugno, la Commissione Gioco Illegale ha audito Simona Neri, Sindaco di Laterina Pergine Valdarno (AR) e coordinatrice delle politiche di contrasto&nbsp;[&hellip;]Leggi tutto Audizione di un rappresentante di ANCI (16 giugno 2022) &rarr;\" \/>\n<meta property=\"og:url\" content=\"https:\/\/welaikaadv.site\/avviso\/home\/cosa-facciamo\/informare\/osservatorio-parlamentare\/attivita-dinchiesta\/le-commissioni-di-inchiesta-nella-xviii-legislatura\/commissione-sul-gioco-illegale-e-sulle-disfunzioni-del-gioco-pubblico-quadro-generale-dellattivita-xviii-legislatura\/audizione-di-un-rappresentante-di-anci-16-giugno-2022\/\" \/>\n<meta property=\"og:site_name\" content=\"Staging Avviso Pubblico\" \/>\n<meta name=\"twitter:card\" content=\"summary_large_image\" \/>\n<meta name=\"twitter:label1\" content=\"Tempo di lettura stimato\" \/>\n\t<meta name=\"twitter:data1\" content=\"4 minuti\" \/>\n<script type=\"application\/ld+json\" class=\"yoast-schema-graph\">{\"@context\":\"https:\/\/schema.org\",\"@graph\":[{\"@type\":\"WebPage\",\"@id\":\"https:\/\/welaikaadv.site\/avviso\/home\/cosa-facciamo\/informare\/osservatorio-parlamentare\/attivita-dinchiesta\/le-commissioni-di-inchiesta-nella-xviii-legislatura\/commissione-sul-gioco-illegale-e-sulle-disfunzioni-del-gioco-pubblico-quadro-generale-dellattivita-xviii-legislatura\/audizione-di-un-rappresentante-di-anci-16-giugno-2022\/\",\"url\":\"https:\/\/welaikaadv.site\/avviso\/home\/cosa-facciamo\/informare\/osservatorio-parlamentare\/attivita-dinchiesta\/le-commissioni-di-inchiesta-nella-xviii-legislatura\/commissione-sul-gioco-illegale-e-sulle-disfunzioni-del-gioco-pubblico-quadro-generale-dellattivita-xviii-legislatura\/audizione-di-un-rappresentante-di-anci-16-giugno-2022\/\",\"name\":\"Audizione di un rappresentante di ANCI (16 giugno 2022) - Staging Avviso Pubblico\",\"isPartOf\":{\"@id\":\"https:\/\/welaikaadv.site\/avviso\/#website\"},\"datePublished\":\"2022-06-22T14:54:52+00:00\",\"breadcrumb\":{\"@id\":\"https:\/\/welaikaadv.site\/avviso\/home\/cosa-facciamo\/informare\/osservatorio-parlamentare\/attivita-dinchiesta\/le-commissioni-di-inchiesta-nella-xviii-legislatura\/commissione-sul-gioco-illegale-e-sulle-disfunzioni-del-gioco-pubblico-quadro-generale-dellattivita-xviii-legislatura\/audizione-di-un-rappresentante-di-anci-16-giugno-2022\/#breadcrumb\"},\"inLanguage\":\"it-IT\",\"potentialAction\":[{\"@type\":\"ReadAction\",\"target\":[\"https:\/\/welaikaadv.site\/avviso\/home\/cosa-facciamo\/informare\/osservatorio-parlamentare\/attivita-dinchiesta\/le-commissioni-di-inchiesta-nella-xviii-legislatura\/commissione-sul-gioco-illegale-e-sulle-disfunzioni-del-gioco-pubblico-quadro-generale-dellattivita-xviii-legislatura\/audizione-di-un-rappresentante-di-anci-16-giugno-2022\/\"]}]},{\"@type\":\"BreadcrumbList\",\"@id\":\"https:\/\/welaikaadv.site\/avviso\/home\/cosa-facciamo\/informare\/osservatorio-parlamentare\/attivita-dinchiesta\/le-commissioni-di-inchiesta-nella-xviii-legislatura\/commissione-sul-gioco-illegale-e-sulle-disfunzioni-del-gioco-pubblico-quadro-generale-dellattivita-xviii-legislatura\/audizione-di-un-rappresentante-di-anci-16-giugno-2022\/#breadcrumb\",\"itemListElement\":[{\"@type\":\"ListItem\",\"position\":1,\"name\":\"Home\",\"item\":\"https:\/\/welaikaadv.site\/avviso\/\"},{\"@type\":\"ListItem\",\"position\":2,\"name\":\"Audizione di un rappresentante di ANCI (16 giugno 2022)\"}]},{\"@type\":\"WebSite\",\"@id\":\"https:\/\/welaikaadv.site\/avviso\/#website\",\"url\":\"https:\/\/welaikaadv.site\/avviso\/\",\"name\":\"Staging Avviso Pubblico\",\"description\":\"\",\"publisher\":{\"@id\":\"https:\/\/welaikaadv.site\/avviso\/#organization\"},\"potentialAction\":[{\"@type\":\"SearchAction\",\"target\":{\"@type\":\"EntryPoint\",\"urlTemplate\":\"https:\/\/welaikaadv.site\/avviso\/?s={search_term_string}\"},\"query-input\":{\"@type\":\"PropertyValueSpecification\",\"valueRequired\":true,\"valueName\":\"search_term_string\"}}],\"inLanguage\":\"it-IT\"},{\"@type\":\"Organization\",\"@id\":\"https:\/\/welaikaadv.site\/avviso\/#organization\",\"name\":\"Staging Avviso Pubblico\",\"url\":\"https:\/\/welaikaadv.site\/avviso\/\",\"logo\":{\"@type\":\"ImageObject\",\"inLanguage\":\"it-IT\",\"@id\":\"https:\/\/welaikaadv.site\/avviso\/#\/schema\/logo\/image\/\",\"url\":\"https:\/\/welaikaadv.site\/avviso\/wp-content\/uploads\/2024\/08\/logoAPsito-400.png\",\"contentUrl\":\"https:\/\/welaikaadv.site\/avviso\/wp-content\/uploads\/2024\/08\/logoAPsito-400.png\",\"width\":400,\"height\":97,\"caption\":\"Staging Avviso Pubblico\"},\"image\":{\"@id\":\"https:\/\/welaikaadv.site\/avviso\/#\/schema\/logo\/image\/\"}}]}<\/script>\n<!-- \/ Yoast SEO plugin. -->","yoast_head_json":{"title":"Audizione di un rappresentante di ANCI (16 giugno 2022) - Staging Avviso Pubblico","robots":{"index":"noindex","follow":"follow","max-snippet":"max-snippet:-1","max-image-preview":"max-image-preview:large","max-video-preview":"max-video-preview:-1"},"og_locale":"it_IT","og_type":"article","og_title":"Audizione di un rappresentante di ANCI (16 giugno 2022) - Staging Avviso Pubblico","og_description":"Nella seduta del 16 giugno, la Commissione Gioco Illegale ha audito Simona Neri, Sindaco di Laterina Pergine Valdarno (AR) e coordinatrice delle politiche di contrasto&nbsp;[&hellip;]Leggi tutto Audizione di un rappresentante di ANCI (16 giugno 2022) &rarr;","og_url":"https:\/\/welaikaadv.site\/avviso\/home\/cosa-facciamo\/informare\/osservatorio-parlamentare\/attivita-dinchiesta\/le-commissioni-di-inchiesta-nella-xviii-legislatura\/commissione-sul-gioco-illegale-e-sulle-disfunzioni-del-gioco-pubblico-quadro-generale-dellattivita-xviii-legislatura\/audizione-di-un-rappresentante-di-anci-16-giugno-2022\/","og_site_name":"Staging Avviso Pubblico","twitter_card":"summary_large_image","twitter_misc":{"Tempo di lettura stimato":"4 minuti"},"schema":{"@context":"https:\/\/schema.org","@graph":[{"@type":"WebPage","@id":"https:\/\/welaikaadv.site\/avviso\/home\/cosa-facciamo\/informare\/osservatorio-parlamentare\/attivita-dinchiesta\/le-commissioni-di-inchiesta-nella-xviii-legislatura\/commissione-sul-gioco-illegale-e-sulle-disfunzioni-del-gioco-pubblico-quadro-generale-dellattivita-xviii-legislatura\/audizione-di-un-rappresentante-di-anci-16-giugno-2022\/","url":"https:\/\/welaikaadv.site\/avviso\/home\/cosa-facciamo\/informare\/osservatorio-parlamentare\/attivita-dinchiesta\/le-commissioni-di-inchiesta-nella-xviii-legislatura\/commissione-sul-gioco-illegale-e-sulle-disfunzioni-del-gioco-pubblico-quadro-generale-dellattivita-xviii-legislatura\/audizione-di-un-rappresentante-di-anci-16-giugno-2022\/","name":"Audizione di un rappresentante di ANCI (16 giugno 2022) - Staging Avviso Pubblico","isPartOf":{"@id":"https:\/\/welaikaadv.site\/avviso\/#website"},"datePublished":"2022-06-22T14:54:52+00:00","breadcrumb":{"@id":"https:\/\/welaikaadv.site\/avviso\/home\/cosa-facciamo\/informare\/osservatorio-parlamentare\/attivita-dinchiesta\/le-commissioni-di-inchiesta-nella-xviii-legislatura\/commissione-sul-gioco-illegale-e-sulle-disfunzioni-del-gioco-pubblico-quadro-generale-dellattivita-xviii-legislatura\/audizione-di-un-rappresentante-di-anci-16-giugno-2022\/#breadcrumb"},"inLanguage":"it-IT","potentialAction":[{"@type":"ReadAction","target":["https:\/\/welaikaadv.site\/avviso\/home\/cosa-facciamo\/informare\/osservatorio-parlamentare\/attivita-dinchiesta\/le-commissioni-di-inchiesta-nella-xviii-legislatura\/commissione-sul-gioco-illegale-e-sulle-disfunzioni-del-gioco-pubblico-quadro-generale-dellattivita-xviii-legislatura\/audizione-di-un-rappresentante-di-anci-16-giugno-2022\/"]}]},{"@type":"BreadcrumbList","@id":"https:\/\/welaikaadv.site\/avviso\/home\/cosa-facciamo\/informare\/osservatorio-parlamentare\/attivita-dinchiesta\/le-commissioni-di-inchiesta-nella-xviii-legislatura\/commissione-sul-gioco-illegale-e-sulle-disfunzioni-del-gioco-pubblico-quadro-generale-dellattivita-xviii-legislatura\/audizione-di-un-rappresentante-di-anci-16-giugno-2022\/#breadcrumb","itemListElement":[{"@type":"ListItem","position":1,"name":"Home","item":"https:\/\/welaikaadv.site\/avviso\/"},{"@type":"ListItem","position":2,"name":"Audizione di un rappresentante di ANCI (16 giugno 2022)"}]},{"@type":"WebSite","@id":"https:\/\/welaikaadv.site\/avviso\/#website","url":"https:\/\/welaikaadv.site\/avviso\/","name":"Staging Avviso Pubblico","description":"","publisher":{"@id":"https:\/\/welaikaadv.site\/avviso\/#organization"},"potentialAction":[{"@type":"SearchAction","target":{"@type":"EntryPoint","urlTemplate":"https:\/\/welaikaadv.site\/avviso\/?s={search_term_string}"},"query-input":{"@type":"PropertyValueSpecification","valueRequired":true,"valueName":"search_term_string"}}],"inLanguage":"it-IT"},{"@type":"Organization","@id":"https:\/\/welaikaadv.site\/avviso\/#organization","name":"Staging Avviso Pubblico","url":"https:\/\/welaikaadv.site\/avviso\/","logo":{"@type":"ImageObject","inLanguage":"it-IT","@id":"https:\/\/welaikaadv.site\/avviso\/#\/schema\/logo\/image\/","url":"https:\/\/welaikaadv.site\/avviso\/wp-content\/uploads\/2024\/08\/logoAPsito-400.png","contentUrl":"https:\/\/welaikaadv.site\/avviso\/wp-content\/uploads\/2024\/08\/logoAPsito-400.png","width":400,"height":97,"caption":"Staging Avviso Pubblico"},"image":{"@id":"https:\/\/welaikaadv.site\/avviso\/#\/schema\/logo\/image\/"}}]}},"_links":{"self":[{"href":"https:\/\/welaikaadv.site\/avviso\/wp-json\/wp\/v2\/pages\/50200","targetHints":{"allow":["GET"]}}],"collection":[{"href":"https:\/\/welaikaadv.site\/avviso\/wp-json\/wp\/v2\/pages"}],"about":[{"href":"https:\/\/welaikaadv.site\/avviso\/wp-json\/wp\/v2\/types\/page"}],"author":[{"embeddable":true,"href":"https:\/\/welaikaadv.site\/avviso\/wp-json\/wp\/v2\/users\/1"}],"replies":[{"embeddable":true,"href":"https:\/\/welaikaadv.site\/avviso\/wp-json\/wp\/v2\/comments?post=50200"}],"version-history":[{"count":0,"href":"https:\/\/welaikaadv.site\/avviso\/wp-json\/wp\/v2\/pages\/50200\/revisions"}],"up":[{"embeddable":true,"href":"https:\/\/welaikaadv.site\/avviso\/wp-json\/wp\/v2\/pages\/44908"}],"wp:attachment":[{"href":"https:\/\/welaikaadv.site\/avviso\/wp-json\/wp\/v2\/media?parent=50200"}],"curies":[{"name":"wp","href":"https:\/\/api.w.org\/{rel}","templated":true}]}}