{"id":50292,"date":"2022-06-30T17:15:53","date_gmt":"2022-06-30T15:15:53","guid":{"rendered":"https:\/\/www.avvisopubblico.it\/home\/?page_id=50292"},"modified":"2022-06-30T17:15:53","modified_gmt":"2022-06-30T15:15:53","slug":"il-tar-del-veneto-avalla-i-limiti-orari-introdotti-dal-comune-di-legnago","status":"publish","type":"page","link":"https:\/\/welaikaadv.site\/avviso\/home\/cosa-facciamo\/informare\/documenti-tematici\/gioco-dazzardo\/il-tar-del-veneto-avalla-i-limiti-orari-introdotti-dal-comune-di-legnago\/","title":{"rendered":"IL TAR DEL VENETO AVALLA I LIMITI ORARI INTRODOTTI DAL COMUNE DI LEGNAGO"},"content":{"rendered":"<p><strong>La normativa e il caso.<\/strong> Il Comune di Legnago (Vr), con l\u2019ordinanza sindacale n. 76 del 9.3.2016, \u00e8 intervenuto sui limiti orari del gioco d\u2019azzardo, prevedendo che nel territorio comunale il gioco fosse consentito dalle ore 10.00 alle ore 13.00 e dalle ore 17.00 alle ore 22.00<em>.<\/em><\/p>\n<p>Tale provvedimento \u00e8 stato preceduto dall\u2019approvazione del Regolamento per la disciplina delle attivit\u00e0 di sale giochi e installazione di apparecchi da gioco, avvenuto con la deliberazione n. 32 del 4 aprile 2012.<\/p>\n<p>Avverso tali provvedimenti ha presentato ricorso una societ\u00e0 operante nel settore dei giochi.<\/p>\n<p>Si \u00e8 pronunciato il TAR Veneto con la sentenza <a href=\"https:\/\/www.giustizia-amministrativa.it\/portale\/pages\/istituzionale\/visualizza\/?nodeRef=&amp;schema=tar_ve&amp;nrg=201600586&amp;nomeFile=202200939_01.html&amp;subDir=Provvedimenti\">939\/2022<\/a> che qui si analizza.<\/p>\n<p><strong>Il principio di proporzionalit\u00e0 e ragionevolezza.<\/strong> In primo luogo, l\u2019esercente lamenta la violazione dei principi di proporzionalit\u00e0 e ragionevolezza in merito a tre profili:<\/p>\n<p>1) contraddizione delle limitazioni orarie con un contesto normativo caratterizzato da una espansione incontrollata dell\u2019offerta in un\u2019ottica di massimizzazione delle entrate erariali;<\/p>\n<p>2) contraddizione rispetto alla mancata previsione di idonee misure di contrasto all\u2019offerta ludica illegale e irregolare;<\/p>\n<p>3) contraddizione rispetto alla mancata previsione di limitazioni nei confronti di ulteriori forme di gioco ritenute altrettanto pericolose per la salute (es. scommesse, bingo, giochi numerici a totalizzatore nazionale).<\/p>\n<p>Il TAR respinge queste censure. Innanzitutto, sottolinea che scopo della disciplina in questione non \u00e8 quello di eliminare ogni forma di dipendenza patologica dal gioco (anche quelle generate da altre tipologie di giochi leciti e anche on line), ma solo quello di prevenire, contrastare e ridurre il rischio di dipendenza patologica da gioco.<\/p>\n<p>Inoltre ricorda come anche la stessa Corte costituzionale (sentenza 18 luglio 2014, n. 220) abbia riconosciuto nella riduzione degli orari delle sale da gioco una legittima misura di contrasto alla ludopatia e che, anzi, sulla base del principio di precauzione di derivazione comunitaria e delle esigenze di tutela della salute, sussista un vero e proprio obbligo per i Comuni a porre in essere interventi limitativi nella regolamentazione delle attivit\u00e0 di gioco.<\/p>\n<p>Nel merito dei tre profili di contraddizione sollevati, i giudici si pronunciano cos\u00ec:<\/p>\n<p>1) espansione dell&#8217;offerta: a fronte della crescita dell\u2019offerta di gioco e, conseguentemente, dell\u2019aggravarsi del fenomeno della ludopatia, non c\u2019\u00e8 contraddizione con le misure di limitazione oraria, in quanto non si vede per quale ragione l\u2019Amministrazione non dovrebbe esercitare i poteri ad essa attribuiti per fare fronte al dilagare del fenomeno;<\/p>\n<p>2) giochi illegali: le attivit\u00e0 illegali vanno contrastate ma ci\u00f2 non comporta, secondo il TAR, l\u2019illegittimit\u00e0 dell\u2019azione dell\u2019Amministrazione comunale diretta a regolamentare (limitandolo) l\u2019esercizio del gioco lecito;<\/p>\n<p>3) altri giochi non limitati: la decisione di limitare gli orari di alcuni giochi e non di altri non \u00e8, secondo il Collegio, in astratto irragionevole: in primo luogo perch\u00e9 non possono essere trattate allo stesso modo situazioni differenti, atteso che appare necessario considerare l\u2019aspetto della ludopatia che produce il maggiore allarme sociale e intervenire sui giochi che presentano minori barriere a tutela dei soggetti pi\u00f9 fragili. Ci\u00f2 premesso, la differenziazione del trattamento in base alla natura dei giochi non solo non \u00e8 irragionevole ma, secondo il TAR, risulta in realt\u00e0 il metodo preferibile.<\/p>\n<p><strong>L\u2019ampiezza delle competenze di Sindaco e Comune nella disciplina oraria.<\/strong> Il ricorrente lamenta, poi, la violazione dell\u2019art. 20, comma 3, lett. b) della legge regionale n. 6\/2015 (poi abrogato dall\u2019art. 16, comma 1, della legge regionale n. 38\/2019). In sintesi, sostiene l\u2019esercente, il Comune non avrebbe considerato l\u2019impatto delle misure adottate sul contesto, sulla sicurezza e sul decoro urbano, sulle connesse problematiche di viabilit\u00e0, inquinamento acustico e\/o quiete urbana in relazione al territorio comunale, come richiesto dalla disposizione richiamata.<\/p>\n<p>Il TAR \u00e8 di diverso avviso: innanzitutto la competenza ad intervenire discende dall\u2019art. 50, comma 7, e dall\u2019art. 3, comma 2, del D.lgs. n. 267\/2000 e si fonda sull\u2019istruttoria compiuta dall\u2019Ulss 21 di Legnago. Inoltre, specificano i giudici, la norma regionale richiamata non \u00e8 stata violata proprio perch\u00e9 i limiti orari sono stati disposti in considerazione dell\u2019impatto sulle crescenti problematiche connesse al proliferare degli apparecchi da gioco nel contesto del territorio urbano.<\/p>\n<p>I giudici confermano, inoltre, la correttezza dei limiti previsti dall\u2019ordinanza anche in relazione al dato letterale del Regolamento: il Consiglio comunale, infatti, aveva stabilito che il Sindaco avrebbe fissato, con apposita ordinanza, l\u2019orario di utilizzo degli apparecchi da gioco \u201cnella fascia compresa dalle ore 09.00 alle 24.00\u201d. Secondo il TAR \u00e8 corretto l\u2019intervento del Sindaco che, con l\u2019ordinanza, ha specificato le fasce orarie pi\u00f9 restrittive.<\/p>\n<p><strong>L\u2019istruttoria.<\/strong> Ultimo motivo di ricorso \u00e8, infine, quello relativo all\u2019attivit\u00e0 istruttoria compiuta dal Comune. L\u2019esercente sostiene che i dati riportati nell\u2019ordinanza siano insufficienti a fondare le limitazioni orarie.<\/p>\n<p>Il TAR \u00e8 di altro avviso: in primo luogo, confermando il proprio orientamento in materia, ribadisce che \u201cnell\u2019attuale momento storico la diffusione del fenomeno della ludopatia in ampie fasce della societ\u00e0 civile costituisce un fatto notorio o, comunque, una nozione di fatto di comune esperienza\u201d (si veda tra le ultime, TAR Veneto n. <a href=\"https:\/\/welaikaadv.site\/avviso\/home\/cosa-facciamo\/informare\/documenti-tematici\/gioco-dazzardo\/il-tar-veneto-si-pronuncia-sulle-limitazioni-al-gioco-introdotte-dai-comuni-di-abano-terme-pd-e-di-pove-del-grappa-vi\/?hilite=1053%2F2021\">1053\/2021<\/a>). Inoltre, ricordano i giudici che i dati numerici relativi ai soggetti in terapia riflettono un\u2019immagine comunque \u201csottostimata\u201d della problematica, dal momento che il fenomeno della ludopatia tende a restare sommerso ed \u00e8 connotato da una notevole cifra oscura.<\/p>\n<p>Ad ogni modo, nel caso di specie \u201cl\u2019ordinanza impugnata appare adeguatamente motivata e fondata su una sufficiente attivit\u00e0 istruttoria, atteso che, oltre alla rappresentazione della situazione sul territorio comunale e su quello limitrofo, sono stati specificati anche i rischi derivanti alla salute dei cittadini in conseguenza della diffusione della ludopatia, pur evidenziandosi la consapevolezza che con le limitazioni poste all\u2019orario di funzionamento degli apparecchi non si sarebbe eliminato il fenomeno, ma solo creato le condizioni per disincentivare il loro utilizzo continuativo e a tempo pieno\u201d.<\/p>\n","protected":false},"excerpt":{"rendered":"<p>La normativa e il caso. Il Comune di Legnago (Vr), con l\u2019ordinanza sindacale n. 76 del 9.3.2016, \u00e8 intervenuto sui limiti orari del gioco d\u2019azzardo,&nbsp;<span class=\"hellipsis\">[&hellip;]<\/span><a class=\"more-link\" href=\"https:\/\/welaikaadv.site\/avviso\/home\/cosa-facciamo\/informare\/documenti-tematici\/gioco-dazzardo\/il-tar-del-veneto-avalla-i-limiti-orari-introdotti-dal-comune-di-legnago\/\">Leggi tutto <span class=\"screen-reader-text\">IL TAR DEL VENETO AVALLA I LIMITI ORARI INTRODOTTI DAL COMUNE DI LEGNAGO<\/span> <span class=\"meta-nav\" aria-hidden=\"true\">&rarr;<\/span><\/a><\/p>\n","protected":false},"author":1,"featured_media":0,"parent":202,"menu_order":160,"comment_status":"closed","ping_status":"closed","template":"","meta":{"_acf_changed":false,"_exactmetrics_skip_tracking":false,"_exactmetrics_sitenote_active":false,"_exactmetrics_sitenote_note":"","_exactmetrics_sitenote_category":0,"wp_social_preview_title":"","wp_social_preview_description":"","wp_social_preview_image":0,"footnotes":""},"class_list":["post-50292","page","type-page","status-publish","hentry"],"acf":[],"yoast_head":"<!-- This site is optimized with the Yoast SEO plugin v27.2 - https:\/\/yoast.com\/product\/yoast-seo-wordpress\/ -->\n<title>IL TAR DEL VENETO AVALLA I LIMITI ORARI INTRODOTTI DAL COMUNE DI LEGNAGO - Staging Avviso Pubblico<\/title>\n<meta name=\"robots\" content=\"noindex, follow, max-snippet:-1, max-image-preview:large, max-video-preview:-1\" \/>\n<meta property=\"og:locale\" content=\"it_IT\" \/>\n<meta property=\"og:type\" content=\"article\" \/>\n<meta property=\"og:title\" content=\"IL TAR DEL VENETO AVALLA I LIMITI ORARI INTRODOTTI DAL COMUNE DI LEGNAGO - Staging Avviso Pubblico\" \/>\n<meta property=\"og:description\" content=\"La normativa e il caso. Il Comune di Legnago (Vr), con l\u2019ordinanza sindacale n. 76 del 9.3.2016, \u00e8 intervenuto sui limiti orari del gioco d\u2019azzardo,&nbsp;[&hellip;]Leggi tutto IL TAR DEL VENETO AVALLA I LIMITI ORARI INTRODOTTI DAL COMUNE DI LEGNAGO &rarr;\" \/>\n<meta property=\"og:url\" content=\"https:\/\/welaikaadv.site\/avviso\/home\/cosa-facciamo\/informare\/documenti-tematici\/gioco-dazzardo\/il-tar-del-veneto-avalla-i-limiti-orari-introdotti-dal-comune-di-legnago\/\" \/>\n<meta property=\"og:site_name\" content=\"Staging Avviso Pubblico\" \/>\n<meta name=\"twitter:card\" content=\"summary_large_image\" \/>\n<meta name=\"twitter:label1\" content=\"Tempo di lettura stimato\" \/>\n\t<meta name=\"twitter:data1\" content=\"5 minuti\" \/>\n<script type=\"application\/ld+json\" class=\"yoast-schema-graph\">{\"@context\":\"https:\/\/schema.org\",\"@graph\":[{\"@type\":\"WebPage\",\"@id\":\"https:\/\/welaikaadv.site\/avviso\/home\/cosa-facciamo\/informare\/documenti-tematici\/gioco-dazzardo\/il-tar-del-veneto-avalla-i-limiti-orari-introdotti-dal-comune-di-legnago\/\",\"url\":\"https:\/\/welaikaadv.site\/avviso\/home\/cosa-facciamo\/informare\/documenti-tematici\/gioco-dazzardo\/il-tar-del-veneto-avalla-i-limiti-orari-introdotti-dal-comune-di-legnago\/\",\"name\":\"IL TAR DEL VENETO AVALLA I LIMITI ORARI INTRODOTTI DAL COMUNE DI LEGNAGO - Staging Avviso Pubblico\",\"isPartOf\":{\"@id\":\"https:\/\/welaikaadv.site\/avviso\/#website\"},\"datePublished\":\"2022-06-30T15:15:53+00:00\",\"breadcrumb\":{\"@id\":\"https:\/\/welaikaadv.site\/avviso\/home\/cosa-facciamo\/informare\/documenti-tematici\/gioco-dazzardo\/il-tar-del-veneto-avalla-i-limiti-orari-introdotti-dal-comune-di-legnago\/#breadcrumb\"},\"inLanguage\":\"it-IT\",\"potentialAction\":[{\"@type\":\"ReadAction\",\"target\":[\"https:\/\/welaikaadv.site\/avviso\/home\/cosa-facciamo\/informare\/documenti-tematici\/gioco-dazzardo\/il-tar-del-veneto-avalla-i-limiti-orari-introdotti-dal-comune-di-legnago\/\"]}]},{\"@type\":\"BreadcrumbList\",\"@id\":\"https:\/\/welaikaadv.site\/avviso\/home\/cosa-facciamo\/informare\/documenti-tematici\/gioco-dazzardo\/il-tar-del-veneto-avalla-i-limiti-orari-introdotti-dal-comune-di-legnago\/#breadcrumb\",\"itemListElement\":[{\"@type\":\"ListItem\",\"position\":1,\"name\":\"Home\",\"item\":\"https:\/\/welaikaadv.site\/avviso\/\"},{\"@type\":\"ListItem\",\"position\":2,\"name\":\"IL TAR DEL VENETO AVALLA I LIMITI ORARI INTRODOTTI DAL COMUNE DI LEGNAGO\"}]},{\"@type\":\"WebSite\",\"@id\":\"https:\/\/welaikaadv.site\/avviso\/#website\",\"url\":\"https:\/\/welaikaadv.site\/avviso\/\",\"name\":\"Staging Avviso Pubblico\",\"description\":\"\",\"publisher\":{\"@id\":\"https:\/\/welaikaadv.site\/avviso\/#organization\"},\"potentialAction\":[{\"@type\":\"SearchAction\",\"target\":{\"@type\":\"EntryPoint\",\"urlTemplate\":\"https:\/\/welaikaadv.site\/avviso\/?s={search_term_string}\"},\"query-input\":{\"@type\":\"PropertyValueSpecification\",\"valueRequired\":true,\"valueName\":\"search_term_string\"}}],\"inLanguage\":\"it-IT\"},{\"@type\":\"Organization\",\"@id\":\"https:\/\/welaikaadv.site\/avviso\/#organization\",\"name\":\"Staging Avviso Pubblico\",\"url\":\"https:\/\/welaikaadv.site\/avviso\/\",\"logo\":{\"@type\":\"ImageObject\",\"inLanguage\":\"it-IT\",\"@id\":\"https:\/\/welaikaadv.site\/avviso\/#\/schema\/logo\/image\/\",\"url\":\"https:\/\/welaikaadv.site\/avviso\/wp-content\/uploads\/2024\/08\/logoAPsito-400.png\",\"contentUrl\":\"https:\/\/welaikaadv.site\/avviso\/wp-content\/uploads\/2024\/08\/logoAPsito-400.png\",\"width\":400,\"height\":97,\"caption\":\"Staging Avviso Pubblico\"},\"image\":{\"@id\":\"https:\/\/welaikaadv.site\/avviso\/#\/schema\/logo\/image\/\"}}]}<\/script>\n<!-- \/ Yoast SEO plugin. -->","yoast_head_json":{"title":"IL TAR DEL VENETO AVALLA I LIMITI ORARI INTRODOTTI DAL COMUNE DI LEGNAGO - Staging Avviso Pubblico","robots":{"index":"noindex","follow":"follow","max-snippet":"max-snippet:-1","max-image-preview":"max-image-preview:large","max-video-preview":"max-video-preview:-1"},"og_locale":"it_IT","og_type":"article","og_title":"IL TAR DEL VENETO AVALLA I LIMITI ORARI INTRODOTTI DAL COMUNE DI LEGNAGO - Staging Avviso Pubblico","og_description":"La normativa e il caso. Il Comune di Legnago (Vr), con l\u2019ordinanza sindacale n. 76 del 9.3.2016, \u00e8 intervenuto sui limiti orari del gioco d\u2019azzardo,&nbsp;[&hellip;]Leggi tutto IL TAR DEL VENETO AVALLA I LIMITI ORARI INTRODOTTI DAL COMUNE DI LEGNAGO &rarr;","og_url":"https:\/\/welaikaadv.site\/avviso\/home\/cosa-facciamo\/informare\/documenti-tematici\/gioco-dazzardo\/il-tar-del-veneto-avalla-i-limiti-orari-introdotti-dal-comune-di-legnago\/","og_site_name":"Staging Avviso Pubblico","twitter_card":"summary_large_image","twitter_misc":{"Tempo di lettura stimato":"5 minuti"},"schema":{"@context":"https:\/\/schema.org","@graph":[{"@type":"WebPage","@id":"https:\/\/welaikaadv.site\/avviso\/home\/cosa-facciamo\/informare\/documenti-tematici\/gioco-dazzardo\/il-tar-del-veneto-avalla-i-limiti-orari-introdotti-dal-comune-di-legnago\/","url":"https:\/\/welaikaadv.site\/avviso\/home\/cosa-facciamo\/informare\/documenti-tematici\/gioco-dazzardo\/il-tar-del-veneto-avalla-i-limiti-orari-introdotti-dal-comune-di-legnago\/","name":"IL TAR DEL VENETO AVALLA I LIMITI ORARI INTRODOTTI DAL COMUNE DI LEGNAGO - Staging Avviso Pubblico","isPartOf":{"@id":"https:\/\/welaikaadv.site\/avviso\/#website"},"datePublished":"2022-06-30T15:15:53+00:00","breadcrumb":{"@id":"https:\/\/welaikaadv.site\/avviso\/home\/cosa-facciamo\/informare\/documenti-tematici\/gioco-dazzardo\/il-tar-del-veneto-avalla-i-limiti-orari-introdotti-dal-comune-di-legnago\/#breadcrumb"},"inLanguage":"it-IT","potentialAction":[{"@type":"ReadAction","target":["https:\/\/welaikaadv.site\/avviso\/home\/cosa-facciamo\/informare\/documenti-tematici\/gioco-dazzardo\/il-tar-del-veneto-avalla-i-limiti-orari-introdotti-dal-comune-di-legnago\/"]}]},{"@type":"BreadcrumbList","@id":"https:\/\/welaikaadv.site\/avviso\/home\/cosa-facciamo\/informare\/documenti-tematici\/gioco-dazzardo\/il-tar-del-veneto-avalla-i-limiti-orari-introdotti-dal-comune-di-legnago\/#breadcrumb","itemListElement":[{"@type":"ListItem","position":1,"name":"Home","item":"https:\/\/welaikaadv.site\/avviso\/"},{"@type":"ListItem","position":2,"name":"IL TAR DEL VENETO AVALLA I LIMITI ORARI INTRODOTTI DAL COMUNE DI LEGNAGO"}]},{"@type":"WebSite","@id":"https:\/\/welaikaadv.site\/avviso\/#website","url":"https:\/\/welaikaadv.site\/avviso\/","name":"Staging Avviso Pubblico","description":"","publisher":{"@id":"https:\/\/welaikaadv.site\/avviso\/#organization"},"potentialAction":[{"@type":"SearchAction","target":{"@type":"EntryPoint","urlTemplate":"https:\/\/welaikaadv.site\/avviso\/?s={search_term_string}"},"query-input":{"@type":"PropertyValueSpecification","valueRequired":true,"valueName":"search_term_string"}}],"inLanguage":"it-IT"},{"@type":"Organization","@id":"https:\/\/welaikaadv.site\/avviso\/#organization","name":"Staging Avviso Pubblico","url":"https:\/\/welaikaadv.site\/avviso\/","logo":{"@type":"ImageObject","inLanguage":"it-IT","@id":"https:\/\/welaikaadv.site\/avviso\/#\/schema\/logo\/image\/","url":"https:\/\/welaikaadv.site\/avviso\/wp-content\/uploads\/2024\/08\/logoAPsito-400.png","contentUrl":"https:\/\/welaikaadv.site\/avviso\/wp-content\/uploads\/2024\/08\/logoAPsito-400.png","width":400,"height":97,"caption":"Staging Avviso Pubblico"},"image":{"@id":"https:\/\/welaikaadv.site\/avviso\/#\/schema\/logo\/image\/"}}]}},"_links":{"self":[{"href":"https:\/\/welaikaadv.site\/avviso\/wp-json\/wp\/v2\/pages\/50292","targetHints":{"allow":["GET"]}}],"collection":[{"href":"https:\/\/welaikaadv.site\/avviso\/wp-json\/wp\/v2\/pages"}],"about":[{"href":"https:\/\/welaikaadv.site\/avviso\/wp-json\/wp\/v2\/types\/page"}],"author":[{"embeddable":true,"href":"https:\/\/welaikaadv.site\/avviso\/wp-json\/wp\/v2\/users\/1"}],"replies":[{"embeddable":true,"href":"https:\/\/welaikaadv.site\/avviso\/wp-json\/wp\/v2\/comments?post=50292"}],"version-history":[{"count":0,"href":"https:\/\/welaikaadv.site\/avviso\/wp-json\/wp\/v2\/pages\/50292\/revisions"}],"up":[{"embeddable":true,"href":"https:\/\/welaikaadv.site\/avviso\/wp-json\/wp\/v2\/pages\/202"}],"wp:attachment":[{"href":"https:\/\/welaikaadv.site\/avviso\/wp-json\/wp\/v2\/media?parent=50292"}],"curies":[{"name":"wp","href":"https:\/\/api.w.org\/{rel}","templated":true}]}}