{"id":50368,"date":"2022-07-07T11:50:56","date_gmt":"2022-07-07T09:50:56","guid":{"rendered":"https:\/\/www.avvisopubblico.it\/home\/?page_id=50368"},"modified":"2022-07-07T11:50:56","modified_gmt":"2022-07-07T09:50:56","slug":"audizione-di-un-rappresentante-della-conferenza-delle-regioni-e-delle-province-autonome-7-luglio-2022","status":"publish","type":"page","link":"https:\/\/welaikaadv.site\/avviso\/home\/cosa-facciamo\/informare\/osservatorio-parlamentare\/attivita-dinchiesta\/le-commissioni-di-inchiesta-nella-xviii-legislatura\/commissione-sul-gioco-illegale-e-sulle-disfunzioni-del-gioco-pubblico-quadro-generale-dellattivita-xviii-legislatura\/audizione-di-un-rappresentante-della-conferenza-delle-regioni-e-delle-province-autonome-7-luglio-2022\/","title":{"rendered":"AUDIZIONE DI UN RAPPRESENTANTE DELLA CONFERENZA DELLE REGIONI E DELLE PROVINCE AUTONOME (7 LUGLIO 2022)"},"content":{"rendered":"<p>Nella seduta del <a href=\"https:\/\/www.senato.it\/japp\/bgt\/showdoc\/frame.jsp?tipodoc=SommComm&amp;leg=18&amp;id=1357112&amp;part=doc_dc-sedetit_adpdcdredpa\">7 Luglio<\/a> la Commissione Gioco ha audito Luca Coletto (Assessore della Regione Umbria), in qualit\u00e0 di rappresentante della Conferenza delle Regioni e delle Province Autonome, delegato a intervenire dal Presidente Fedriga (<a href=\"https:\/\/webtv.senato.it\/4621?video_evento=241137\">qui<\/a> il video).<\/p>\n<p><strong>L\u2019attivit\u00e0 delle Regioni.<\/strong> In primo luogo, Coletto ha ricordato come, in assenza dell\u2019attivazione del coordinamento nazionale, gestito dal MEF, in materia di gioco pubblico, previsto dall\u2019Intesa in Conferenza Unificata del 2017, gi\u00e0 a partire dal 2013 le Regioni hanno attivato una serie di norme per limitare il gioco: ci\u00f2 \u00e8 avvenuto, in particolare, rispetto ai luoghi sensibili, attraverso il cosiddetto distanziometro, rivolto specialmente alla tutela dei minorenni.<\/p>\n<p>Al fine di implementare l\u2019attivit\u00e0 di monitoraggio sul territorio, inoltre, le Regioni hanno previsto anche norme in merito alla preparazione del personale, agli avvertimenti sui rischi legati al gioco e alle attivit\u00e0 di controllo. Queste, in particolare, sono state delegate ai Comuni per la loro maggiore aderenza alle necessit\u00e0 del territorio.<\/p>\n<p>Coletto ha ricordato l\u2019elevato numero di ricorsi sollevati dagli esercenti del gioco, alcuni dei quali giunti anche alla Corte costituzionale. In varie occasioni la Consulta ha comunque riconosciuto la correttezza degli interventi regionali, specialmente in merito al distanziometro.<\/p>\n<p><strong>I suggerimenti della Conferenza delle Regioni e Province Autonome.<\/strong> Tra i punti che, secondo Coletto, devono essere oggetto di ulteriore riflessione e intervento troviamo, in particolare:<\/p>\n<ul>\n<li>Gioco online: questa forma di gioco, con caratteristiche globali, incide soprattutto sulle fasce pi\u00f9 deboli della popolazione; l\u2019Intesa del 2017 non la prendeva in considerazione ma oggi \u00e8 necessario prevederne il monitoraggio e valutare, eventualmente, anche le forme di prelievo fiscale;<\/li>\n<li>Apparecchi da gioco in negozi e tabaccherie: devono essere oggetto di attenzione particolare, prevedendoli come luoghi importanti ai fini del distanziometro;<\/li>\n<li>Royalties: si \u00e8 notato che, spesso, le royalties incassate dallo Stato non coprono i costi sanitari relativi ai giocatori patologici. Si deve pensare a una loro riparametrazione al fine di renderle sufficienti a coprire almeno i costi sanitari;<\/li>\n<li>Eventuale compartecipazione di Comuni e Regioni alle royalties: secondo Coletto, nel caso si scegliesse la strada della compartecipazione, i maggiori introiti derivanti per Comuni e Regioni dovrebbero essere esclusivamente indirizzati alle attivit\u00e0 di monitoraggio e prevenzione del gioco e di recupero sanitario dei giocatori patologici, anche finanziando un fondo in favore di chi ha subito gravi perdite a causa dell\u2019azzardo. In altri termini, in caso di compartecipazione le risorse che ne deriverebbero per i Comuni e le Regioni non dovrebbero essere utilizzate per le attivit\u00e0 ordinarie degli Enti ma dovrebbero essere utilizzati solo per coprire l\u2019impatto sociale del gioco, anche in un\u2019ottica di corresponsabilizzazione di tutta la filiera pubblica del gioco;<\/li>\n<li>Tessera sanitaria: analogamente all\u2019acquisto di tabacchi presso distributori automatici, anche per il gioco, secondo Coletto, deve essere presa in considerazione l\u2019ipotesi di far ricorso alla tessera sanitaria per l\u2019accesso ai luoghi dove si svolgono le attivit\u00e0 di gioco; ci\u00f2 anche ai fini del monitoraggio dell\u2019attivit\u00e0;<\/li>\n<li>Software di monitoraggio dei giocatori: va attivato il software che consenta il monitoraggio dei giocatori; era stato inizialmente previsto un finanziamento pari ad 1 milione di euro, poi ritirato: il software di monitoraggio va messo in funzione;<\/li>\n<li>Dati ADM: Coletto ha sottolineato l\u2019importanza per le Regioni di avere a disposizioni i dati dell\u2019ADM in merito alla distribuzione dei punti gioco e del volume delle giocate. Nell\u2019ottica della regolamentazione e del contenimento di raccolta e offerta di gioco \u00e8 necessario che le Regioni abbiano a disposizione questi dati anche per verificare l\u2019efficacia delle normative sul piano epidemiologico;<\/li>\n<li>Normativa statale: \u00e8 dunque auspicata, dalla Conferenza delle Regioni e Province Autonome, una normativa nazionale che renda unitaria la disciplina su collocazione e distanze dei punti gioco (anche quelli gi\u00e0 esistenti) e che tenga conto di tutte le sollecitazioni esposte nel corso dell\u2019audizione. Il percorso che porter\u00e0 alla legge dovr\u00e0 passare dall\u2019Intesa Stato-Regioni anche per tenere conto delle specifiche necessit\u00e0 territoriali e dovr\u00e0, in ogni caso, consentire alle Regioni di porre in essere anche interventi pi\u00f9 restrittivi in relazione alle diverse esigenze.<\/li>\n<\/ul>\n","protected":false},"excerpt":{"rendered":"<p>Nella seduta del 7 Luglio la Commissione Gioco ha audito Luca Coletto (Assessore della Regione Umbria), in qualit\u00e0 di rappresentante della Conferenza delle Regioni e&nbsp;<span class=\"hellipsis\">[&hellip;]<\/span><a class=\"more-link\" href=\"https:\/\/welaikaadv.site\/avviso\/home\/cosa-facciamo\/informare\/osservatorio-parlamentare\/attivita-dinchiesta\/le-commissioni-di-inchiesta-nella-xviii-legislatura\/commissione-sul-gioco-illegale-e-sulle-disfunzioni-del-gioco-pubblico-quadro-generale-dellattivita-xviii-legislatura\/audizione-di-un-rappresentante-della-conferenza-delle-regioni-e-delle-province-autonome-7-luglio-2022\/\">Leggi tutto <span class=\"screen-reader-text\">AUDIZIONE DI UN RAPPRESENTANTE DELLA CONFERENZA DELLE REGIONI E DELLE PROVINCE AUTONOME (7 LUGLIO 2022)<\/span> <span class=\"meta-nav\" aria-hidden=\"true\">&rarr;<\/span><\/a><\/p>\n","protected":false},"author":1,"featured_media":0,"parent":44908,"menu_order":0,"comment_status":"closed","ping_status":"closed","template":"","meta":{"_acf_changed":false,"_exactmetrics_skip_tracking":false,"_exactmetrics_sitenote_active":false,"_exactmetrics_sitenote_note":"","_exactmetrics_sitenote_category":0,"wp_social_preview_title":"","wp_social_preview_description":"","wp_social_preview_image":0,"footnotes":""},"class_list":["post-50368","page","type-page","status-publish","hentry"],"acf":[],"yoast_head":"<!-- This site is optimized with the Yoast SEO plugin v27.2 - https:\/\/yoast.com\/product\/yoast-seo-wordpress\/ -->\n<title>AUDIZIONE DI UN RAPPRESENTANTE DELLA CONFERENZA DELLE REGIONI E DELLE PROVINCE AUTONOME (7 LUGLIO 2022) - Staging Avviso Pubblico<\/title>\n<meta name=\"robots\" content=\"noindex, follow, max-snippet:-1, max-image-preview:large, max-video-preview:-1\" \/>\n<meta property=\"og:locale\" content=\"it_IT\" \/>\n<meta property=\"og:type\" content=\"article\" \/>\n<meta property=\"og:title\" content=\"AUDIZIONE DI UN RAPPRESENTANTE DELLA CONFERENZA DELLE REGIONI E DELLE PROVINCE AUTONOME (7 LUGLIO 2022) - Staging Avviso Pubblico\" \/>\n<meta property=\"og:description\" content=\"Nella seduta del 7 Luglio la Commissione Gioco ha audito Luca Coletto (Assessore della Regione Umbria), in qualit\u00e0 di rappresentante della Conferenza delle Regioni e&nbsp;[&hellip;]Leggi tutto AUDIZIONE DI UN RAPPRESENTANTE DELLA CONFERENZA DELLE REGIONI E DELLE PROVINCE AUTONOME (7 LUGLIO 2022) &rarr;\" \/>\n<meta property=\"og:url\" content=\"https:\/\/welaikaadv.site\/avviso\/home\/cosa-facciamo\/informare\/osservatorio-parlamentare\/attivita-dinchiesta\/le-commissioni-di-inchiesta-nella-xviii-legislatura\/commissione-sul-gioco-illegale-e-sulle-disfunzioni-del-gioco-pubblico-quadro-generale-dellattivita-xviii-legislatura\/audizione-di-un-rappresentante-della-conferenza-delle-regioni-e-delle-province-autonome-7-luglio-2022\/\" \/>\n<meta property=\"og:site_name\" content=\"Staging Avviso Pubblico\" \/>\n<meta name=\"twitter:card\" content=\"summary_large_image\" \/>\n<meta name=\"twitter:label1\" content=\"Tempo di lettura stimato\" \/>\n\t<meta name=\"twitter:data1\" content=\"4 minuti\" \/>\n<script type=\"application\/ld+json\" class=\"yoast-schema-graph\">{\"@context\":\"https:\/\/schema.org\",\"@graph\":[{\"@type\":\"WebPage\",\"@id\":\"https:\/\/welaikaadv.site\/avviso\/home\/cosa-facciamo\/informare\/osservatorio-parlamentare\/attivita-dinchiesta\/le-commissioni-di-inchiesta-nella-xviii-legislatura\/commissione-sul-gioco-illegale-e-sulle-disfunzioni-del-gioco-pubblico-quadro-generale-dellattivita-xviii-legislatura\/audizione-di-un-rappresentante-della-conferenza-delle-regioni-e-delle-province-autonome-7-luglio-2022\/\",\"url\":\"https:\/\/welaikaadv.site\/avviso\/home\/cosa-facciamo\/informare\/osservatorio-parlamentare\/attivita-dinchiesta\/le-commissioni-di-inchiesta-nella-xviii-legislatura\/commissione-sul-gioco-illegale-e-sulle-disfunzioni-del-gioco-pubblico-quadro-generale-dellattivita-xviii-legislatura\/audizione-di-un-rappresentante-della-conferenza-delle-regioni-e-delle-province-autonome-7-luglio-2022\/\",\"name\":\"AUDIZIONE DI UN RAPPRESENTANTE DELLA CONFERENZA DELLE REGIONI E DELLE PROVINCE AUTONOME (7 LUGLIO 2022) - Staging Avviso Pubblico\",\"isPartOf\":{\"@id\":\"https:\/\/welaikaadv.site\/avviso\/#website\"},\"datePublished\":\"2022-07-07T09:50:56+00:00\",\"breadcrumb\":{\"@id\":\"https:\/\/welaikaadv.site\/avviso\/home\/cosa-facciamo\/informare\/osservatorio-parlamentare\/attivita-dinchiesta\/le-commissioni-di-inchiesta-nella-xviii-legislatura\/commissione-sul-gioco-illegale-e-sulle-disfunzioni-del-gioco-pubblico-quadro-generale-dellattivita-xviii-legislatura\/audizione-di-un-rappresentante-della-conferenza-delle-regioni-e-delle-province-autonome-7-luglio-2022\/#breadcrumb\"},\"inLanguage\":\"it-IT\",\"potentialAction\":[{\"@type\":\"ReadAction\",\"target\":[\"https:\/\/welaikaadv.site\/avviso\/home\/cosa-facciamo\/informare\/osservatorio-parlamentare\/attivita-dinchiesta\/le-commissioni-di-inchiesta-nella-xviii-legislatura\/commissione-sul-gioco-illegale-e-sulle-disfunzioni-del-gioco-pubblico-quadro-generale-dellattivita-xviii-legislatura\/audizione-di-un-rappresentante-della-conferenza-delle-regioni-e-delle-province-autonome-7-luglio-2022\/\"]}]},{\"@type\":\"BreadcrumbList\",\"@id\":\"https:\/\/welaikaadv.site\/avviso\/home\/cosa-facciamo\/informare\/osservatorio-parlamentare\/attivita-dinchiesta\/le-commissioni-di-inchiesta-nella-xviii-legislatura\/commissione-sul-gioco-illegale-e-sulle-disfunzioni-del-gioco-pubblico-quadro-generale-dellattivita-xviii-legislatura\/audizione-di-un-rappresentante-della-conferenza-delle-regioni-e-delle-province-autonome-7-luglio-2022\/#breadcrumb\",\"itemListElement\":[{\"@type\":\"ListItem\",\"position\":1,\"name\":\"Home\",\"item\":\"https:\/\/welaikaadv.site\/avviso\/\"},{\"@type\":\"ListItem\",\"position\":2,\"name\":\"AUDIZIONE DI UN RAPPRESENTANTE DELLA CONFERENZA DELLE REGIONI E DELLE PROVINCE AUTONOME (7 LUGLIO 2022)\"}]},{\"@type\":\"WebSite\",\"@id\":\"https:\/\/welaikaadv.site\/avviso\/#website\",\"url\":\"https:\/\/welaikaadv.site\/avviso\/\",\"name\":\"Staging Avviso Pubblico\",\"description\":\"\",\"publisher\":{\"@id\":\"https:\/\/welaikaadv.site\/avviso\/#organization\"},\"potentialAction\":[{\"@type\":\"SearchAction\",\"target\":{\"@type\":\"EntryPoint\",\"urlTemplate\":\"https:\/\/welaikaadv.site\/avviso\/?s={search_term_string}\"},\"query-input\":{\"@type\":\"PropertyValueSpecification\",\"valueRequired\":true,\"valueName\":\"search_term_string\"}}],\"inLanguage\":\"it-IT\"},{\"@type\":\"Organization\",\"@id\":\"https:\/\/welaikaadv.site\/avviso\/#organization\",\"name\":\"Staging Avviso Pubblico\",\"url\":\"https:\/\/welaikaadv.site\/avviso\/\",\"logo\":{\"@type\":\"ImageObject\",\"inLanguage\":\"it-IT\",\"@id\":\"https:\/\/welaikaadv.site\/avviso\/#\/schema\/logo\/image\/\",\"url\":\"https:\/\/welaikaadv.site\/avviso\/wp-content\/uploads\/2024\/08\/logoAPsito-400.png\",\"contentUrl\":\"https:\/\/welaikaadv.site\/avviso\/wp-content\/uploads\/2024\/08\/logoAPsito-400.png\",\"width\":400,\"height\":97,\"caption\":\"Staging Avviso Pubblico\"},\"image\":{\"@id\":\"https:\/\/welaikaadv.site\/avviso\/#\/schema\/logo\/image\/\"}}]}<\/script>\n<!-- \/ Yoast SEO plugin. -->","yoast_head_json":{"title":"AUDIZIONE DI UN RAPPRESENTANTE DELLA CONFERENZA DELLE REGIONI E DELLE PROVINCE AUTONOME (7 LUGLIO 2022) - Staging Avviso Pubblico","robots":{"index":"noindex","follow":"follow","max-snippet":"max-snippet:-1","max-image-preview":"max-image-preview:large","max-video-preview":"max-video-preview:-1"},"og_locale":"it_IT","og_type":"article","og_title":"AUDIZIONE DI UN RAPPRESENTANTE DELLA CONFERENZA DELLE REGIONI E DELLE PROVINCE AUTONOME (7 LUGLIO 2022) - Staging Avviso Pubblico","og_description":"Nella seduta del 7 Luglio la Commissione Gioco ha audito Luca Coletto (Assessore della Regione Umbria), in qualit\u00e0 di rappresentante della Conferenza delle Regioni e&nbsp;[&hellip;]Leggi tutto AUDIZIONE DI UN RAPPRESENTANTE DELLA CONFERENZA DELLE REGIONI E DELLE PROVINCE AUTONOME (7 LUGLIO 2022) &rarr;","og_url":"https:\/\/welaikaadv.site\/avviso\/home\/cosa-facciamo\/informare\/osservatorio-parlamentare\/attivita-dinchiesta\/le-commissioni-di-inchiesta-nella-xviii-legislatura\/commissione-sul-gioco-illegale-e-sulle-disfunzioni-del-gioco-pubblico-quadro-generale-dellattivita-xviii-legislatura\/audizione-di-un-rappresentante-della-conferenza-delle-regioni-e-delle-province-autonome-7-luglio-2022\/","og_site_name":"Staging Avviso Pubblico","twitter_card":"summary_large_image","twitter_misc":{"Tempo di lettura stimato":"4 minuti"},"schema":{"@context":"https:\/\/schema.org","@graph":[{"@type":"WebPage","@id":"https:\/\/welaikaadv.site\/avviso\/home\/cosa-facciamo\/informare\/osservatorio-parlamentare\/attivita-dinchiesta\/le-commissioni-di-inchiesta-nella-xviii-legislatura\/commissione-sul-gioco-illegale-e-sulle-disfunzioni-del-gioco-pubblico-quadro-generale-dellattivita-xviii-legislatura\/audizione-di-un-rappresentante-della-conferenza-delle-regioni-e-delle-province-autonome-7-luglio-2022\/","url":"https:\/\/welaikaadv.site\/avviso\/home\/cosa-facciamo\/informare\/osservatorio-parlamentare\/attivita-dinchiesta\/le-commissioni-di-inchiesta-nella-xviii-legislatura\/commissione-sul-gioco-illegale-e-sulle-disfunzioni-del-gioco-pubblico-quadro-generale-dellattivita-xviii-legislatura\/audizione-di-un-rappresentante-della-conferenza-delle-regioni-e-delle-province-autonome-7-luglio-2022\/","name":"AUDIZIONE DI UN RAPPRESENTANTE DELLA CONFERENZA DELLE REGIONI E DELLE PROVINCE AUTONOME (7 LUGLIO 2022) - Staging Avviso Pubblico","isPartOf":{"@id":"https:\/\/welaikaadv.site\/avviso\/#website"},"datePublished":"2022-07-07T09:50:56+00:00","breadcrumb":{"@id":"https:\/\/welaikaadv.site\/avviso\/home\/cosa-facciamo\/informare\/osservatorio-parlamentare\/attivita-dinchiesta\/le-commissioni-di-inchiesta-nella-xviii-legislatura\/commissione-sul-gioco-illegale-e-sulle-disfunzioni-del-gioco-pubblico-quadro-generale-dellattivita-xviii-legislatura\/audizione-di-un-rappresentante-della-conferenza-delle-regioni-e-delle-province-autonome-7-luglio-2022\/#breadcrumb"},"inLanguage":"it-IT","potentialAction":[{"@type":"ReadAction","target":["https:\/\/welaikaadv.site\/avviso\/home\/cosa-facciamo\/informare\/osservatorio-parlamentare\/attivita-dinchiesta\/le-commissioni-di-inchiesta-nella-xviii-legislatura\/commissione-sul-gioco-illegale-e-sulle-disfunzioni-del-gioco-pubblico-quadro-generale-dellattivita-xviii-legislatura\/audizione-di-un-rappresentante-della-conferenza-delle-regioni-e-delle-province-autonome-7-luglio-2022\/"]}]},{"@type":"BreadcrumbList","@id":"https:\/\/welaikaadv.site\/avviso\/home\/cosa-facciamo\/informare\/osservatorio-parlamentare\/attivita-dinchiesta\/le-commissioni-di-inchiesta-nella-xviii-legislatura\/commissione-sul-gioco-illegale-e-sulle-disfunzioni-del-gioco-pubblico-quadro-generale-dellattivita-xviii-legislatura\/audizione-di-un-rappresentante-della-conferenza-delle-regioni-e-delle-province-autonome-7-luglio-2022\/#breadcrumb","itemListElement":[{"@type":"ListItem","position":1,"name":"Home","item":"https:\/\/welaikaadv.site\/avviso\/"},{"@type":"ListItem","position":2,"name":"AUDIZIONE DI UN RAPPRESENTANTE DELLA CONFERENZA DELLE REGIONI E DELLE PROVINCE AUTONOME (7 LUGLIO 2022)"}]},{"@type":"WebSite","@id":"https:\/\/welaikaadv.site\/avviso\/#website","url":"https:\/\/welaikaadv.site\/avviso\/","name":"Staging Avviso Pubblico","description":"","publisher":{"@id":"https:\/\/welaikaadv.site\/avviso\/#organization"},"potentialAction":[{"@type":"SearchAction","target":{"@type":"EntryPoint","urlTemplate":"https:\/\/welaikaadv.site\/avviso\/?s={search_term_string}"},"query-input":{"@type":"PropertyValueSpecification","valueRequired":true,"valueName":"search_term_string"}}],"inLanguage":"it-IT"},{"@type":"Organization","@id":"https:\/\/welaikaadv.site\/avviso\/#organization","name":"Staging Avviso Pubblico","url":"https:\/\/welaikaadv.site\/avviso\/","logo":{"@type":"ImageObject","inLanguage":"it-IT","@id":"https:\/\/welaikaadv.site\/avviso\/#\/schema\/logo\/image\/","url":"https:\/\/welaikaadv.site\/avviso\/wp-content\/uploads\/2024\/08\/logoAPsito-400.png","contentUrl":"https:\/\/welaikaadv.site\/avviso\/wp-content\/uploads\/2024\/08\/logoAPsito-400.png","width":400,"height":97,"caption":"Staging Avviso Pubblico"},"image":{"@id":"https:\/\/welaikaadv.site\/avviso\/#\/schema\/logo\/image\/"}}]}},"_links":{"self":[{"href":"https:\/\/welaikaadv.site\/avviso\/wp-json\/wp\/v2\/pages\/50368","targetHints":{"allow":["GET"]}}],"collection":[{"href":"https:\/\/welaikaadv.site\/avviso\/wp-json\/wp\/v2\/pages"}],"about":[{"href":"https:\/\/welaikaadv.site\/avviso\/wp-json\/wp\/v2\/types\/page"}],"author":[{"embeddable":true,"href":"https:\/\/welaikaadv.site\/avviso\/wp-json\/wp\/v2\/users\/1"}],"replies":[{"embeddable":true,"href":"https:\/\/welaikaadv.site\/avviso\/wp-json\/wp\/v2\/comments?post=50368"}],"version-history":[{"count":0,"href":"https:\/\/welaikaadv.site\/avviso\/wp-json\/wp\/v2\/pages\/50368\/revisions"}],"up":[{"embeddable":true,"href":"https:\/\/welaikaadv.site\/avviso\/wp-json\/wp\/v2\/pages\/44908"}],"wp:attachment":[{"href":"https:\/\/welaikaadv.site\/avviso\/wp-json\/wp\/v2\/media?parent=50368"}],"curies":[{"name":"wp","href":"https:\/\/api.w.org\/{rel}","templated":true}]}}