{"id":50708,"date":"2022-09-02T12:28:45","date_gmt":"2022-09-02T10:28:45","guid":{"rendered":"https:\/\/www.avvisopubblico.it\/home\/?page_id=50708"},"modified":"2022-09-02T12:28:45","modified_gmt":"2022-09-02T10:28:45","slug":"gioco-dazzardo-la-necessita-di-una-legge-quadro","status":"publish","type":"page","link":"https:\/\/welaikaadv.site\/avviso\/home\/cosa-facciamo\/informare\/documenti-tematici\/gioco-dazzardo\/gioco-dazzardo-la-necessita-di-una-legge-quadro\/","title":{"rendered":"Gioco d&#8217;azzardo: la necessit\u00e0 di una legge-quadro"},"content":{"rendered":"<p>Il settore del gioco d\u2019azzardo \u00e8 caratterizzato da una diffusa frammentazione delle misure di limitazione del fenomeno adottate negli anni da Regioni e Comuni nell\u2019ottica della prevenzione e del contrasto della diffusione dei disturbi da gioco d\u2019azzardo. La cartina dell\u2019Italia su questo tema \u00e8 a macchia di leopardo, e spesso sensibili differenze si possono rintracciare anche rispetto a territori tra loro limitrofi: il rischio \u00e8 di pregiudicare l\u2019efficacia stessa di queste misure.<\/p>\n<p>Negli ultimi mesi si \u00e8 discusso a lungo di una legge delega di riordino del settore che, infine, non \u00e8 stata approvata. \u00c8 necessaria una riforma nazionale del gioco d\u2019azzardo che dia certezze rispetto ad alcuni interrogativi ancora aperti.<\/p>\n<p>Vanno definite, a livello statale, le concessioni per gli operatori del gioco, con bandi che consentano di <strong>superare l\u2019attuale regime di continue proroghe, realizzando una pianificazione quantitativa e territoriale del gioco in Italia<\/strong>.<\/p>\n<p>Tale pianificazione, in particolare, deve partire dall\u2019assunto che la proliferazione dell\u2019offerta di gioco a cui si \u00e8 assistito negli ultimi anni \u00e8 il primo elemento di rischio rispetto alla diffusione dei disturbi da gioco d\u2019azzardo. Per questo, l\u2019intervento statale sul tema dovr\u00e0 partire dal principio della <strong>riduzione dell\u2019offerta di gioco<\/strong>.<\/p>\n<p>Serve poi definire una forma di regolamentazione di base rispetto ai due principali strumenti di contrasto ai disturbi finora adottati:<strong> distanziometro e limitazione degli orari di gioco<\/strong>. Si tratta di strumenti ideati per tutelare soprattutto quelle fasce di popolazione che, per condizione socio-economica o per et\u00e0, si rivelano pi\u00f9 fragili di fronte alle sirene del gioco d\u2019azzardo.<\/p>\n<p>L\u2019obiettivo deve essere quello di garantire una maggiore omogeneit\u00e0 a queste misure, lasciando in ogni caso a Comuni e Regioni la possibilit\u00e0 di intervenire con misure pi\u00f9 restrittive, cogliendo gli spazi di interventi che da almeno un decennio la giurisprudenza amministrativa riconosce agli enti territoriali, i primi a fronteggiare anche le conseguenze del gioco sulla salute.<\/p>\n<p>In molte pronunce, i TAR e il Consiglio di Stato hanno ricordato, infatti, che di fronte all\u2019espansione dei disturbi legati al gioco, per Comuni e Regioni, nei loro ambiti di competenza, <strong>\u00e8 non solo possibile ma anche doveroso intervenire per ridurre e contrastare la diffusione di tali effetti<\/strong>.<\/p>\n<p>Il prossimo Parlamento, intervenendo per riordinare il settore, dovr\u00e0 tenere conto delle numerose risultanze che collegano le attivit\u00e0 del gioco d\u2019azzardo ad attivit\u00e0 tipicamente oggetto della criminalit\u00e0 organizzata quali, ad esempio, prestiti a tassi usurari e riciclaggio di denaro proveniente da attivit\u00e0 illecite.<\/p>\n<p>Vanno poi implementate altre misure: anche con l\u2019aiuto delle attuali tecnologie, va posta la priorit\u00e0 di rendere effettivo il divieto di gioco d\u2019azzardo per i minorenni.<\/p>\n<p>Il rapporto tra gioco e nuove generazioni \u00e8, del resto, un ambito particolarmente delicato anche alla luce dell\u2019espansione del fenomeno del gaming, che dovr\u00e0 essere oggetto di attenzione da parte del legislatore.<\/p>\n<p>Il prossimo legislatore dovr\u00e0 anche<strong> considerare gli effetti del gioco online<\/strong>: vanno in primo luogo raccolti dati certi per comprendere l\u2019effettiva consistenza del fenomeno e, in ogni caso, va individuato il modo per intervenire anche rispetto a questo fenomeno.<\/p>\n<p>Tra le proposte attualmente pendenti in Parlamento, si possono anche trarre alcuni spunti di lavoro per la prossima legislatura. Tra queste, ad esempio:<\/p>\n<ul>\n<li>La proposta <a href=\"https:\/\/www.senato.it\/leg\/18\/BGT\/Schede\/Ddliter\/54159.htm\">AS 2269<\/a>, assegnata alla I Commissione Affari Costituzionali del Senato, contenente disposizioni in materia di rafforzamento delle misure di prevenzione del gioco minorile e della criminalit\u00e0 nelle sale, in cui si propone che l\u2019accesso alle aree ove sono installati apparecchi di intrattenimento avvenga esclusivamente previa verifica della maggiore et\u00e0 e della non presenza nelle liste di un registro di autoesclusione di coloro che intendano essere inibiti dall\u2019attivit\u00e0 di gioco.<\/li>\n<li>La proposta <a href=\"https:\/\/www.camera.it\/leg18\/126?tab=1&amp;leg=18&amp;idDocumento=3543&amp;sede=&amp;tipo=\">AC 3543<\/a>, assegnataalla XII Commissione Affari sociali della Camera, contenente disposizioni per il contrasto delle forme di dipendenza dal gioco d\u2019azzardo lecito mediante l\u2019applicazione delle tecniche di \u201cspinta gentile\u201d, con cui si propone di promuovere, sostenere e finanziare azioni volte a favorire meccanismi di autoesclusione dei giocatori dal gioco e a contrastare la dipendenza dal gioco d\u2019azzardo, anche semplificando le modalit\u00e0 di adesione al registro unico delle autoesclusioni dal gioco a distanza. La proposta di legge prevede inoltre l\u2019istituzione di un tavolo tecnico, denominato \u201cunita\u0300 nudge giochi pubblici\u201d (con un Fondo specifico di 3 milioni), composto da funzionari del MEF, da esperti con diversa preparazione in materia di scienze comportamentali, tra cui l\u2019economia comportamentale, la psicologia, la sociologia, e in materia di ricerca sui consumatori.<\/li>\n<\/ul>\n","protected":false},"excerpt":{"rendered":"<p>Il settore del gioco d\u2019azzardo \u00e8 caratterizzato da una diffusa frammentazione delle misure di limitazione del fenomeno adottate negli anni da Regioni e Comuni nell\u2019ottica&nbsp;<span class=\"hellipsis\">[&hellip;]<\/span><a class=\"more-link\" href=\"https:\/\/welaikaadv.site\/avviso\/home\/cosa-facciamo\/informare\/documenti-tematici\/gioco-dazzardo\/gioco-dazzardo-la-necessita-di-una-legge-quadro\/\">Leggi tutto <span class=\"screen-reader-text\">Gioco d&#8217;azzardo: la necessit\u00e0 di una legge-quadro<\/span> <span class=\"meta-nav\" aria-hidden=\"true\">&rarr;<\/span><\/a><\/p>\n","protected":false},"author":1,"featured_media":0,"parent":202,"menu_order":0,"comment_status":"closed","ping_status":"closed","template":"","meta":{"_acf_changed":false,"_exactmetrics_skip_tracking":false,"_exactmetrics_sitenote_active":false,"_exactmetrics_sitenote_note":"","_exactmetrics_sitenote_category":0,"wp_social_preview_title":"","wp_social_preview_description":"","wp_social_preview_image":0,"footnotes":""},"class_list":["post-50708","page","type-page","status-publish","hentry"],"acf":[],"yoast_head":"<!-- This site is optimized with the Yoast SEO plugin v27.2 - https:\/\/yoast.com\/product\/yoast-seo-wordpress\/ -->\n<title>Gioco d&#039;azzardo: la necessit\u00e0 di una legge-quadro - Staging Avviso Pubblico<\/title>\n<meta name=\"robots\" content=\"noindex, follow, max-snippet:-1, max-image-preview:large, max-video-preview:-1\" \/>\n<meta property=\"og:locale\" content=\"it_IT\" \/>\n<meta property=\"og:type\" content=\"article\" \/>\n<meta property=\"og:title\" content=\"Gioco d&#039;azzardo: la necessit\u00e0 di una legge-quadro - Staging Avviso Pubblico\" \/>\n<meta property=\"og:description\" content=\"Il settore del gioco d\u2019azzardo \u00e8 caratterizzato da una diffusa frammentazione delle misure di limitazione del fenomeno adottate negli anni da Regioni e Comuni nell\u2019ottica&nbsp;[&hellip;]Leggi tutto Gioco d&#8217;azzardo: la necessit\u00e0 di una legge-quadro &rarr;\" \/>\n<meta property=\"og:url\" content=\"https:\/\/welaikaadv.site\/avviso\/home\/cosa-facciamo\/informare\/documenti-tematici\/gioco-dazzardo\/gioco-dazzardo-la-necessita-di-una-legge-quadro\/\" \/>\n<meta property=\"og:site_name\" content=\"Staging Avviso Pubblico\" \/>\n<meta name=\"twitter:card\" content=\"summary_large_image\" \/>\n<meta name=\"twitter:label1\" content=\"Tempo di lettura stimato\" \/>\n\t<meta name=\"twitter:data1\" content=\"4 minuti\" \/>\n<script type=\"application\/ld+json\" class=\"yoast-schema-graph\">{\"@context\":\"https:\/\/schema.org\",\"@graph\":[{\"@type\":\"WebPage\",\"@id\":\"https:\/\/welaikaadv.site\/avviso\/home\/cosa-facciamo\/informare\/documenti-tematici\/gioco-dazzardo\/gioco-dazzardo-la-necessita-di-una-legge-quadro\/\",\"url\":\"https:\/\/welaikaadv.site\/avviso\/home\/cosa-facciamo\/informare\/documenti-tematici\/gioco-dazzardo\/gioco-dazzardo-la-necessita-di-una-legge-quadro\/\",\"name\":\"Gioco d'azzardo: la necessit\u00e0 di una legge-quadro - Staging Avviso Pubblico\",\"isPartOf\":{\"@id\":\"https:\/\/welaikaadv.site\/avviso\/#website\"},\"datePublished\":\"2022-09-02T10:28:45+00:00\",\"breadcrumb\":{\"@id\":\"https:\/\/welaikaadv.site\/avviso\/home\/cosa-facciamo\/informare\/documenti-tematici\/gioco-dazzardo\/gioco-dazzardo-la-necessita-di-una-legge-quadro\/#breadcrumb\"},\"inLanguage\":\"it-IT\",\"potentialAction\":[{\"@type\":\"ReadAction\",\"target\":[\"https:\/\/welaikaadv.site\/avviso\/home\/cosa-facciamo\/informare\/documenti-tematici\/gioco-dazzardo\/gioco-dazzardo-la-necessita-di-una-legge-quadro\/\"]}]},{\"@type\":\"BreadcrumbList\",\"@id\":\"https:\/\/welaikaadv.site\/avviso\/home\/cosa-facciamo\/informare\/documenti-tematici\/gioco-dazzardo\/gioco-dazzardo-la-necessita-di-una-legge-quadro\/#breadcrumb\",\"itemListElement\":[{\"@type\":\"ListItem\",\"position\":1,\"name\":\"Home\",\"item\":\"https:\/\/welaikaadv.site\/avviso\/\"},{\"@type\":\"ListItem\",\"position\":2,\"name\":\"Gioco d&#8217;azzardo: la necessit\u00e0 di una legge-quadro\"}]},{\"@type\":\"WebSite\",\"@id\":\"https:\/\/welaikaadv.site\/avviso\/#website\",\"url\":\"https:\/\/welaikaadv.site\/avviso\/\",\"name\":\"Staging Avviso Pubblico\",\"description\":\"\",\"publisher\":{\"@id\":\"https:\/\/welaikaadv.site\/avviso\/#organization\"},\"potentialAction\":[{\"@type\":\"SearchAction\",\"target\":{\"@type\":\"EntryPoint\",\"urlTemplate\":\"https:\/\/welaikaadv.site\/avviso\/?s={search_term_string}\"},\"query-input\":{\"@type\":\"PropertyValueSpecification\",\"valueRequired\":true,\"valueName\":\"search_term_string\"}}],\"inLanguage\":\"it-IT\"},{\"@type\":\"Organization\",\"@id\":\"https:\/\/welaikaadv.site\/avviso\/#organization\",\"name\":\"Staging Avviso Pubblico\",\"url\":\"https:\/\/welaikaadv.site\/avviso\/\",\"logo\":{\"@type\":\"ImageObject\",\"inLanguage\":\"it-IT\",\"@id\":\"https:\/\/welaikaadv.site\/avviso\/#\/schema\/logo\/image\/\",\"url\":\"https:\/\/welaikaadv.site\/avviso\/wp-content\/uploads\/2024\/08\/logoAPsito-400.png\",\"contentUrl\":\"https:\/\/welaikaadv.site\/avviso\/wp-content\/uploads\/2024\/08\/logoAPsito-400.png\",\"width\":400,\"height\":97,\"caption\":\"Staging Avviso Pubblico\"},\"image\":{\"@id\":\"https:\/\/welaikaadv.site\/avviso\/#\/schema\/logo\/image\/\"}}]}<\/script>\n<!-- \/ Yoast SEO plugin. -->","yoast_head_json":{"title":"Gioco d'azzardo: la necessit\u00e0 di una legge-quadro - Staging Avviso Pubblico","robots":{"index":"noindex","follow":"follow","max-snippet":"max-snippet:-1","max-image-preview":"max-image-preview:large","max-video-preview":"max-video-preview:-1"},"og_locale":"it_IT","og_type":"article","og_title":"Gioco d'azzardo: la necessit\u00e0 di una legge-quadro - Staging Avviso Pubblico","og_description":"Il settore del gioco d\u2019azzardo \u00e8 caratterizzato da una diffusa frammentazione delle misure di limitazione del fenomeno adottate negli anni da Regioni e Comuni nell\u2019ottica&nbsp;[&hellip;]Leggi tutto Gioco d&#8217;azzardo: la necessit\u00e0 di una legge-quadro &rarr;","og_url":"https:\/\/welaikaadv.site\/avviso\/home\/cosa-facciamo\/informare\/documenti-tematici\/gioco-dazzardo\/gioco-dazzardo-la-necessita-di-una-legge-quadro\/","og_site_name":"Staging Avviso Pubblico","twitter_card":"summary_large_image","twitter_misc":{"Tempo di lettura stimato":"4 minuti"},"schema":{"@context":"https:\/\/schema.org","@graph":[{"@type":"WebPage","@id":"https:\/\/welaikaadv.site\/avviso\/home\/cosa-facciamo\/informare\/documenti-tematici\/gioco-dazzardo\/gioco-dazzardo-la-necessita-di-una-legge-quadro\/","url":"https:\/\/welaikaadv.site\/avviso\/home\/cosa-facciamo\/informare\/documenti-tematici\/gioco-dazzardo\/gioco-dazzardo-la-necessita-di-una-legge-quadro\/","name":"Gioco d'azzardo: la necessit\u00e0 di una legge-quadro - Staging Avviso Pubblico","isPartOf":{"@id":"https:\/\/welaikaadv.site\/avviso\/#website"},"datePublished":"2022-09-02T10:28:45+00:00","breadcrumb":{"@id":"https:\/\/welaikaadv.site\/avviso\/home\/cosa-facciamo\/informare\/documenti-tematici\/gioco-dazzardo\/gioco-dazzardo-la-necessita-di-una-legge-quadro\/#breadcrumb"},"inLanguage":"it-IT","potentialAction":[{"@type":"ReadAction","target":["https:\/\/welaikaadv.site\/avviso\/home\/cosa-facciamo\/informare\/documenti-tematici\/gioco-dazzardo\/gioco-dazzardo-la-necessita-di-una-legge-quadro\/"]}]},{"@type":"BreadcrumbList","@id":"https:\/\/welaikaadv.site\/avviso\/home\/cosa-facciamo\/informare\/documenti-tematici\/gioco-dazzardo\/gioco-dazzardo-la-necessita-di-una-legge-quadro\/#breadcrumb","itemListElement":[{"@type":"ListItem","position":1,"name":"Home","item":"https:\/\/welaikaadv.site\/avviso\/"},{"@type":"ListItem","position":2,"name":"Gioco d&#8217;azzardo: la necessit\u00e0 di una legge-quadro"}]},{"@type":"WebSite","@id":"https:\/\/welaikaadv.site\/avviso\/#website","url":"https:\/\/welaikaadv.site\/avviso\/","name":"Staging Avviso Pubblico","description":"","publisher":{"@id":"https:\/\/welaikaadv.site\/avviso\/#organization"},"potentialAction":[{"@type":"SearchAction","target":{"@type":"EntryPoint","urlTemplate":"https:\/\/welaikaadv.site\/avviso\/?s={search_term_string}"},"query-input":{"@type":"PropertyValueSpecification","valueRequired":true,"valueName":"search_term_string"}}],"inLanguage":"it-IT"},{"@type":"Organization","@id":"https:\/\/welaikaadv.site\/avviso\/#organization","name":"Staging Avviso Pubblico","url":"https:\/\/welaikaadv.site\/avviso\/","logo":{"@type":"ImageObject","inLanguage":"it-IT","@id":"https:\/\/welaikaadv.site\/avviso\/#\/schema\/logo\/image\/","url":"https:\/\/welaikaadv.site\/avviso\/wp-content\/uploads\/2024\/08\/logoAPsito-400.png","contentUrl":"https:\/\/welaikaadv.site\/avviso\/wp-content\/uploads\/2024\/08\/logoAPsito-400.png","width":400,"height":97,"caption":"Staging Avviso Pubblico"},"image":{"@id":"https:\/\/welaikaadv.site\/avviso\/#\/schema\/logo\/image\/"}}]}},"_links":{"self":[{"href":"https:\/\/welaikaadv.site\/avviso\/wp-json\/wp\/v2\/pages\/50708","targetHints":{"allow":["GET"]}}],"collection":[{"href":"https:\/\/welaikaadv.site\/avviso\/wp-json\/wp\/v2\/pages"}],"about":[{"href":"https:\/\/welaikaadv.site\/avviso\/wp-json\/wp\/v2\/types\/page"}],"author":[{"embeddable":true,"href":"https:\/\/welaikaadv.site\/avviso\/wp-json\/wp\/v2\/users\/1"}],"replies":[{"embeddable":true,"href":"https:\/\/welaikaadv.site\/avviso\/wp-json\/wp\/v2\/comments?post=50708"}],"version-history":[{"count":0,"href":"https:\/\/welaikaadv.site\/avviso\/wp-json\/wp\/v2\/pages\/50708\/revisions"}],"up":[{"embeddable":true,"href":"https:\/\/welaikaadv.site\/avviso\/wp-json\/wp\/v2\/pages\/202"}],"wp:attachment":[{"href":"https:\/\/welaikaadv.site\/avviso\/wp-json\/wp\/v2\/media?parent=50708"}],"curies":[{"name":"wp","href":"https:\/\/api.w.org\/{rel}","templated":true}]}}