{"id":50710,"date":"2022-09-02T12:31:36","date_gmt":"2022-09-02T10:31:36","guid":{"rendered":"https:\/\/www.avvisopubblico.it\/home\/?page_id=50710"},"modified":"2022-09-02T12:31:36","modified_gmt":"2022-09-02T10:31:36","slug":"testimoni-di-giustizia-alcune-lacune-da-colmare","status":"publish","type":"page","link":"https:\/\/welaikaadv.site\/avviso\/home\/cosa-facciamo\/informare\/documenti-tematici\/mafie\/testimoni-di-giustizia-alcune-lacune-da-colmare\/","title":{"rendered":"Testimoni di giustizia: alcune proposte per migliorare l&#8217;attuale normativa"},"content":{"rendered":"<p>Introdotta ufficialmente solo con la legge <a href=\"https:\/\/www.normattiva.it\/uri-res\/N2Ls?urn:nir:stato:legge:2001;45~art14\">45\/2001<\/a>, la figura del testimone di giustizia si distingue con chiarezza da quella del collaboratore di giustizia per i differenti presupposti che sottendono le due ipotesi. A ci\u00f2 ha fatto seguito la legge <a href=\"https:\/\/www.normattiva.it\/uri-res\/N2Ls?urn:nir:stato:legge:2018-01-11;6\">6\/2018<\/a> con cui sono state introdotte le disposizioni per la protezione dei testimoni di giustizia.<\/p>\n<p><strong>Nel corso della XVIII legislatura sono state oggetto di discussione parlamentare alcune proposte per migliorare l&#8217;attuale impianto normativo<\/strong>.<\/p>\n<p>Nello specifico, \u00e8 attualmente pendente in II Commissione Giustizia della Camera la proposta <a href=\"https:\/\/www.camera.it\/leg18\/126?tab=1&amp;leg=18&amp;idDocumento=1740&amp;sede=&amp;tipo=\">AC 1740<\/a>: al <a href=\"http:\/\/documenti.camera.it\/leg18\/resoconti\/commissioni\/bollettini\/html\/2022\/07\/13\/02\/comunic.htm#data.20220713.com02.bollettino.sede00020.tit00010\">13\/07\/2022<\/a> nel corso dei lavori della Commissione <strong>\u00e8 emersa la necessit\u00e0 di un supplemento istruttorio.<\/strong><\/p>\n<p>Nel <a href=\"http:\/\/documenti.camera.it\/leg18\/pdl\/pdf\/leg.18.pdl.camera.1740.18PDL0055420.pdf\">testo<\/a> presentato:<\/p>\n<ul>\n<li>L\u2019articolo 1 garantisce ai testimoni di giustizia la possibilit\u00e0 di ricevere la documentazione inerente a decisioni prese dalla commissione centrale di protezione;<\/li>\n<li>L\u2019articolo 2 garantisce ai figli dei testimoni e dei collaboratori di giustizia il diritto allo studio fino al conseguimento della laurea, prevedendo l\u2019esenzione delle tasse universitarie e il prestito gratuito dei libri di testo universitari del piano di studi scelto, nonch\u00e9 il diritto all\u2019alloggio;<\/li>\n<li>L\u2019articolo 3 accorda la possibilit\u00e0, ai testimoni di giustizia, di individuare l\u2019unita\u0300 abitativa durante il periodo del programma di protezione;<\/li>\n<li>L\u2019articolo 4 prevede la possibilit\u00e0 per il testimone di giustizia, successivamente al cambio di generalit\u00e0, di chiedere di riacquistare, in qualsiasi momento, le generalit\u00e0 d\u2019origine; prevede l\u2019aggiornamento continuo, da parte del Servizio centrale di protezione, dei documenti d\u2019identit\u00e0; prevede altre garanzie di tutela, con particolare riguardo al testimone di giustizia uscito dal programma di protezione, qualora questi ne faccia richiesta;<\/li>\n<li>L\u2019articolo 5 estende le misure di reinserimento socio-lavorative anche ai parenti e ai conviventi che partecipano attivamente ai processi;<\/li>\n<li>L\u2019articolo 6 mira a congelare tutte le posizioni debitorie del testimone di giustizia nel periodo in cui e\u0300 inserito nel programma di protezione;<\/li>\n<li>L\u2019articolo 8 prevede che qualsiasi mutamento del programma di protezione, che riduca i benefici economici o relativi all\u2019alloggio, deciso dalla commissione centrale di protezione, non possa sortire effetti prima di sei mesi dalla decisione;<\/li>\n<li>L\u2019articolo 9 interviene sugli imprenditori vittime di estorsione e usura, impedendo di ritenere insolvente l\u2019imprenditore che momentaneamente, a causa di usura o estorsione, non riesca a soddisfare i suoi creditori;<\/li>\n<li>Gli articoli 10, 11 e 12 intervengono sulle modalit\u00e0 di notificazione e corrispondenza al testimone di giustizia.<\/li>\n<\/ul>\n<p>Si tratta di un punto di partenza che il prossimo Parlamento avr\u00e0 la possibilit\u00e0 di concretizzare, anche nel confronto con le realt\u00e0 impegnate sul campo, per migliorare l\u2019attuale disciplina e la sua applicazione in concreto.<\/p>\n","protected":false},"excerpt":{"rendered":"<p>Introdotta ufficialmente solo con la legge 45\/2001, la figura del testimone di giustizia si distingue con chiarezza da quella del collaboratore di giustizia per i&nbsp;<span class=\"hellipsis\">[&hellip;]<\/span><a class=\"more-link\" href=\"https:\/\/welaikaadv.site\/avviso\/home\/cosa-facciamo\/informare\/documenti-tematici\/mafie\/testimoni-di-giustizia-alcune-lacune-da-colmare\/\">Leggi tutto <span class=\"screen-reader-text\">Testimoni di giustizia: alcune proposte per migliorare l&#8217;attuale normativa<\/span> <span class=\"meta-nav\" aria-hidden=\"true\">&rarr;<\/span><\/a><\/p>\n","protected":false},"author":1,"featured_media":0,"parent":207,"menu_order":0,"comment_status":"closed","ping_status":"closed","template":"","meta":{"_acf_changed":false,"_exactmetrics_skip_tracking":false,"_exactmetrics_sitenote_active":false,"_exactmetrics_sitenote_note":"","_exactmetrics_sitenote_category":0,"wp_social_preview_title":"","wp_social_preview_description":"","wp_social_preview_image":0,"footnotes":""},"class_list":["post-50710","page","type-page","status-publish","hentry"],"acf":[],"yoast_head":"<!-- This site is optimized with the Yoast SEO plugin v27.2 - https:\/\/yoast.com\/product\/yoast-seo-wordpress\/ -->\n<title>Testimoni di giustizia: alcune proposte per migliorare l&#039;attuale normativa - Staging Avviso Pubblico<\/title>\n<meta name=\"robots\" content=\"noindex, follow, max-snippet:-1, max-image-preview:large, max-video-preview:-1\" \/>\n<meta property=\"og:locale\" content=\"it_IT\" \/>\n<meta property=\"og:type\" content=\"article\" \/>\n<meta property=\"og:title\" content=\"Testimoni di giustizia: alcune proposte per migliorare l&#039;attuale normativa - Staging Avviso Pubblico\" \/>\n<meta property=\"og:description\" content=\"Introdotta ufficialmente solo con la legge 45\/2001, la figura del testimone di giustizia si distingue con chiarezza da quella del collaboratore di giustizia per i&nbsp;[&hellip;]Leggi tutto Testimoni di giustizia: alcune proposte per migliorare l&#8217;attuale normativa &rarr;\" \/>\n<meta property=\"og:url\" content=\"https:\/\/welaikaadv.site\/avviso\/home\/cosa-facciamo\/informare\/documenti-tematici\/mafie\/testimoni-di-giustizia-alcune-lacune-da-colmare\/\" \/>\n<meta property=\"og:site_name\" content=\"Staging Avviso Pubblico\" \/>\n<meta name=\"twitter:card\" content=\"summary_large_image\" \/>\n<meta name=\"twitter:label1\" content=\"Tempo di lettura stimato\" \/>\n\t<meta name=\"twitter:data1\" content=\"2 minuti\" \/>\n<script type=\"application\/ld+json\" class=\"yoast-schema-graph\">{\"@context\":\"https:\/\/schema.org\",\"@graph\":[{\"@type\":\"WebPage\",\"@id\":\"https:\/\/welaikaadv.site\/avviso\/home\/cosa-facciamo\/informare\/documenti-tematici\/mafie\/testimoni-di-giustizia-alcune-lacune-da-colmare\/\",\"url\":\"https:\/\/welaikaadv.site\/avviso\/home\/cosa-facciamo\/informare\/documenti-tematici\/mafie\/testimoni-di-giustizia-alcune-lacune-da-colmare\/\",\"name\":\"Testimoni di giustizia: alcune proposte per migliorare l'attuale normativa - Staging Avviso Pubblico\",\"isPartOf\":{\"@id\":\"https:\/\/welaikaadv.site\/avviso\/#website\"},\"datePublished\":\"2022-09-02T10:31:36+00:00\",\"breadcrumb\":{\"@id\":\"https:\/\/welaikaadv.site\/avviso\/home\/cosa-facciamo\/informare\/documenti-tematici\/mafie\/testimoni-di-giustizia-alcune-lacune-da-colmare\/#breadcrumb\"},\"inLanguage\":\"it-IT\",\"potentialAction\":[{\"@type\":\"ReadAction\",\"target\":[\"https:\/\/welaikaadv.site\/avviso\/home\/cosa-facciamo\/informare\/documenti-tematici\/mafie\/testimoni-di-giustizia-alcune-lacune-da-colmare\/\"]}]},{\"@type\":\"BreadcrumbList\",\"@id\":\"https:\/\/welaikaadv.site\/avviso\/home\/cosa-facciamo\/informare\/documenti-tematici\/mafie\/testimoni-di-giustizia-alcune-lacune-da-colmare\/#breadcrumb\",\"itemListElement\":[{\"@type\":\"ListItem\",\"position\":1,\"name\":\"Home\",\"item\":\"https:\/\/welaikaadv.site\/avviso\/\"},{\"@type\":\"ListItem\",\"position\":2,\"name\":\"Testimoni di giustizia: alcune proposte per migliorare l&#8217;attuale normativa\"}]},{\"@type\":\"WebSite\",\"@id\":\"https:\/\/welaikaadv.site\/avviso\/#website\",\"url\":\"https:\/\/welaikaadv.site\/avviso\/\",\"name\":\"Staging Avviso Pubblico\",\"description\":\"\",\"publisher\":{\"@id\":\"https:\/\/welaikaadv.site\/avviso\/#organization\"},\"potentialAction\":[{\"@type\":\"SearchAction\",\"target\":{\"@type\":\"EntryPoint\",\"urlTemplate\":\"https:\/\/welaikaadv.site\/avviso\/?s={search_term_string}\"},\"query-input\":{\"@type\":\"PropertyValueSpecification\",\"valueRequired\":true,\"valueName\":\"search_term_string\"}}],\"inLanguage\":\"it-IT\"},{\"@type\":\"Organization\",\"@id\":\"https:\/\/welaikaadv.site\/avviso\/#organization\",\"name\":\"Staging Avviso Pubblico\",\"url\":\"https:\/\/welaikaadv.site\/avviso\/\",\"logo\":{\"@type\":\"ImageObject\",\"inLanguage\":\"it-IT\",\"@id\":\"https:\/\/welaikaadv.site\/avviso\/#\/schema\/logo\/image\/\",\"url\":\"https:\/\/welaikaadv.site\/avviso\/wp-content\/uploads\/2024\/08\/logoAPsito-400.png\",\"contentUrl\":\"https:\/\/welaikaadv.site\/avviso\/wp-content\/uploads\/2024\/08\/logoAPsito-400.png\",\"width\":400,\"height\":97,\"caption\":\"Staging Avviso Pubblico\"},\"image\":{\"@id\":\"https:\/\/welaikaadv.site\/avviso\/#\/schema\/logo\/image\/\"}}]}<\/script>\n<!-- \/ Yoast SEO plugin. -->","yoast_head_json":{"title":"Testimoni di giustizia: alcune proposte per migliorare l'attuale normativa - Staging Avviso Pubblico","robots":{"index":"noindex","follow":"follow","max-snippet":"max-snippet:-1","max-image-preview":"max-image-preview:large","max-video-preview":"max-video-preview:-1"},"og_locale":"it_IT","og_type":"article","og_title":"Testimoni di giustizia: alcune proposte per migliorare l'attuale normativa - Staging Avviso Pubblico","og_description":"Introdotta ufficialmente solo con la legge 45\/2001, la figura del testimone di giustizia si distingue con chiarezza da quella del collaboratore di giustizia per i&nbsp;[&hellip;]Leggi tutto Testimoni di giustizia: alcune proposte per migliorare l&#8217;attuale normativa &rarr;","og_url":"https:\/\/welaikaadv.site\/avviso\/home\/cosa-facciamo\/informare\/documenti-tematici\/mafie\/testimoni-di-giustizia-alcune-lacune-da-colmare\/","og_site_name":"Staging Avviso Pubblico","twitter_card":"summary_large_image","twitter_misc":{"Tempo di lettura stimato":"2 minuti"},"schema":{"@context":"https:\/\/schema.org","@graph":[{"@type":"WebPage","@id":"https:\/\/welaikaadv.site\/avviso\/home\/cosa-facciamo\/informare\/documenti-tematici\/mafie\/testimoni-di-giustizia-alcune-lacune-da-colmare\/","url":"https:\/\/welaikaadv.site\/avviso\/home\/cosa-facciamo\/informare\/documenti-tematici\/mafie\/testimoni-di-giustizia-alcune-lacune-da-colmare\/","name":"Testimoni di giustizia: alcune proposte per migliorare l'attuale normativa - Staging Avviso Pubblico","isPartOf":{"@id":"https:\/\/welaikaadv.site\/avviso\/#website"},"datePublished":"2022-09-02T10:31:36+00:00","breadcrumb":{"@id":"https:\/\/welaikaadv.site\/avviso\/home\/cosa-facciamo\/informare\/documenti-tematici\/mafie\/testimoni-di-giustizia-alcune-lacune-da-colmare\/#breadcrumb"},"inLanguage":"it-IT","potentialAction":[{"@type":"ReadAction","target":["https:\/\/welaikaadv.site\/avviso\/home\/cosa-facciamo\/informare\/documenti-tematici\/mafie\/testimoni-di-giustizia-alcune-lacune-da-colmare\/"]}]},{"@type":"BreadcrumbList","@id":"https:\/\/welaikaadv.site\/avviso\/home\/cosa-facciamo\/informare\/documenti-tematici\/mafie\/testimoni-di-giustizia-alcune-lacune-da-colmare\/#breadcrumb","itemListElement":[{"@type":"ListItem","position":1,"name":"Home","item":"https:\/\/welaikaadv.site\/avviso\/"},{"@type":"ListItem","position":2,"name":"Testimoni di giustizia: alcune proposte per migliorare l&#8217;attuale normativa"}]},{"@type":"WebSite","@id":"https:\/\/welaikaadv.site\/avviso\/#website","url":"https:\/\/welaikaadv.site\/avviso\/","name":"Staging Avviso Pubblico","description":"","publisher":{"@id":"https:\/\/welaikaadv.site\/avviso\/#organization"},"potentialAction":[{"@type":"SearchAction","target":{"@type":"EntryPoint","urlTemplate":"https:\/\/welaikaadv.site\/avviso\/?s={search_term_string}"},"query-input":{"@type":"PropertyValueSpecification","valueRequired":true,"valueName":"search_term_string"}}],"inLanguage":"it-IT"},{"@type":"Organization","@id":"https:\/\/welaikaadv.site\/avviso\/#organization","name":"Staging Avviso Pubblico","url":"https:\/\/welaikaadv.site\/avviso\/","logo":{"@type":"ImageObject","inLanguage":"it-IT","@id":"https:\/\/welaikaadv.site\/avviso\/#\/schema\/logo\/image\/","url":"https:\/\/welaikaadv.site\/avviso\/wp-content\/uploads\/2024\/08\/logoAPsito-400.png","contentUrl":"https:\/\/welaikaadv.site\/avviso\/wp-content\/uploads\/2024\/08\/logoAPsito-400.png","width":400,"height":97,"caption":"Staging Avviso Pubblico"},"image":{"@id":"https:\/\/welaikaadv.site\/avviso\/#\/schema\/logo\/image\/"}}]}},"_links":{"self":[{"href":"https:\/\/welaikaadv.site\/avviso\/wp-json\/wp\/v2\/pages\/50710","targetHints":{"allow":["GET"]}}],"collection":[{"href":"https:\/\/welaikaadv.site\/avviso\/wp-json\/wp\/v2\/pages"}],"about":[{"href":"https:\/\/welaikaadv.site\/avviso\/wp-json\/wp\/v2\/types\/page"}],"author":[{"embeddable":true,"href":"https:\/\/welaikaadv.site\/avviso\/wp-json\/wp\/v2\/users\/1"}],"replies":[{"embeddable":true,"href":"https:\/\/welaikaadv.site\/avviso\/wp-json\/wp\/v2\/comments?post=50710"}],"version-history":[{"count":0,"href":"https:\/\/welaikaadv.site\/avviso\/wp-json\/wp\/v2\/pages\/50710\/revisions"}],"up":[{"embeddable":true,"href":"https:\/\/welaikaadv.site\/avviso\/wp-json\/wp\/v2\/pages\/207"}],"wp:attachment":[{"href":"https:\/\/welaikaadv.site\/avviso\/wp-json\/wp\/v2\/media?parent=50710"}],"curies":[{"name":"wp","href":"https:\/\/api.w.org\/{rel}","templated":true}]}}