{"id":50985,"date":"2022-10-02T14:33:18","date_gmt":"2022-10-02T12:33:18","guid":{"rendered":"https:\/\/www.avvisopubblico.it\/home\/?page_id=50985"},"modified":"2022-10-02T14:33:18","modified_gmt":"2022-10-02T12:33:18","slug":"il-consiglio-di-stato-riforma-alcune-pronunce-del-tar-di-brescia","status":"publish","type":"page","link":"https:\/\/welaikaadv.site\/avviso\/home\/cosa-facciamo\/informare\/documenti-tematici\/gioco-dazzardo\/il-consiglio-di-stato-riforma-alcune-pronunce-del-tar-di-brescia\/","title":{"rendered":"IL CONSIGLIO DI STATO RIFORMA ALCUNE PRONUNCE DEL TAR DI BRESCIA"},"content":{"rendered":"<p><strong>Il caso e le sentenze.<\/strong> Il Consiglio di Stato, con le sentenze <a href=\"https:\/\/www.giustizia-amministrativa.it\/portale\/pages\/istituzionale\/visualizza\/?nodeRef=&amp;schema=cds&amp;nrg=202200372&amp;nomeFile=202207791_11.html&amp;subDir=Provvedimenti\">7791\/2022<\/a>, <a href=\"https:\/\/www.giustizia-amministrativa.it\/portale\/pages\/istituzionale\/visualizza\/?nodeRef=&amp;schema=cds&amp;nrg=202200372&amp;nomeFile=202207791_11.html&amp;subDir=Provvedimenti\">8014\/2022<\/a>, <a href=\"https:\/\/www.giustizia-amministrativa.it\/portale\/pages\/istituzionale\/visualizza\/?nodeRef=&amp;schema=cds&amp;nrg=202200915&amp;nomeFile=202208240_11.html&amp;subDir=Provvedimenti\">8240\/2022<\/a>, <a href=\"https:\/\/www.giustizia-amministrativa.it\/portale\/pages\/istituzionale\/visualizza\/?nodeRef=&amp;schema=cds&amp;nrg=202200823&amp;nomeFile=202208239_11.html&amp;subDir=Provvedimenti\">8239\/2022<\/a>,<a href=\"https:\/\/www.giustizia-amministrativa.it\/portale\/pages\/istituzionale\/visualizza\/?nodeRef=&amp;schema=cds&amp;nrg=202200677&amp;nomeFile=202208237_11.html&amp;subDir=Provvedimenti\">8237\/2022<\/a>, <a href=\"https:\/\/www.giustizia-amministrativa.it\/portale\/pages\/istituzionale\/visualizza\/?nodeRef=&amp;schema=cds&amp;nrg=202200546&amp;nomeFile=202208236_11.html&amp;subDir=Provvedimenti\">8236\/2022<\/a>, ha riformato, respingendole, le sentenze 490\/2021, 519\/2021, 962\/2021, 963\/2021, 838\/2021, 837\/2021 del TAR di Brescia (<a href=\"https:\/\/welaikaadv.site\/avviso\/home\/cosa-facciamo\/informare\/documenti-tematici\/gioco-dazzardo\/il-tar-di-brescia-annulla-le-limitazioni-orarie-introdotte-dal-comune-di-arcene-bg\/?hilite=arcene\">qui<\/a> la scheda): nello specifico, i Collegi lombardi di primo grado avevano annullato le ordinanze di limitazione degli orari del gioco emanate, rispettivamente, nei Comuni di Arcene, Spirano, Caravaggio, Pognano, Treviglio, Fara Gera D\u2019Adda (tutti rientranti nell\u2019Ambito Territoriale di Treviglio).<\/p>\n<p>Il Consiglio di Stato, con queste recenti pronunce, ribalta l\u2019orientamento del TAR Brescia accogliendo gli appelli dei Comuni.<\/p>\n<p><strong>La limitazione degli orari: profili generali.<\/strong> I giudici di Palazzo Spada, in primo luogo, ricordano che sul tema delle limitazioni orarie del gioco ci sono state diverse pronunce e che, in generale, si tratta di un \u201cterreno particolarmente sensibile e delicato nel quale confluiscono e devono essere adeguatamente misurati una pluralit\u00e0 di interessi\u201d, sia quelli economici dei privati, sia quelli pubblici e generali, dalla sicurezza alla salute pubblica.<\/p>\n<p>A partire da ci\u00f2 si affronta il tema dei poteri sussistenti in questo campo: per il Consiglio di Stato, anche alla luce degli orientamenti della Corte costituzionale, \u00e8 del tutto pacifico il potere del Sindaco di cui all&#8217;art. 50, comma 7, del TUEL di adottare di provvedimenti funzionali a regolamentare gli orari delle sale giochi e degli esercizi pubblici in cui sono installate apparecchiature da gioco.<\/p>\n<p>I giudici hanno anche modo di affrontare il tema dell\u2019asserita abrogazione implicita dell\u2019art. 50, comma 7 del TUEL. Si tratta di un\u2019interpretazione che il Consiglio di Stato smentisce: l\u2019art. 3, comma 1, lett. d bis) del d.l. 223\/2006 e l\u2019art. 3 del d.l. 138\/2011 hanno una struttura logica in alcun modo incompatibile con l\u2019art. 50 comma 7 del TUEL che resta lo strumento ordinario della regolazione degli orari nel rispetto dell&#8217;equilibrio tra finalit\u00e0 di interesse pubblico (prevenzione della ludopatia) e interessi dei privati (iniziativa economica, libero accesso al gioco).<\/p>\n<p><strong>L\u2019istruttoria.<\/strong> Anche sul piano dell\u2019istruttoria non sono condivisibili le censure dei giudici di primo grado. In primo luogo, sostiene il Collegio di secondo grado, le ordinanze dei Comuni sono corrette perch\u00e9 riportano dettagliatamente tutto l\u2019iter seguito per addivenire alla decisione.<\/p>\n<p>Sul piano dei contenuti, inoltre, non pu\u00f2 riconoscersi un vizio di istruttoria \u201csoltanto perch\u00e9 il numero dei giocatori ludopatici non sia in assoluto elevato, giacch\u00e9 ci\u00f2 che massimamente va considerato \u00e8 la tendenza registrata nel periodo considerato, la quale, da sola, induce allarme negli enti pubblici preposti alla tutela della salute e giustifica pertanto l&#8217;adozione di misure restrittive\u201d.<\/p>\n<p><strong>Il principio di proporzionalit\u00e0.<\/strong> Se, dunque, non vi sono dubbi sulla correttezza del potere esercitato e della fase istruttoria, i giudici di Palazzo Spada confermano anche che le misure sono proporzionate, seguendo il consueto modello operativo del \u201ctest di proporzionalit\u00e0\u201d, ormai consolidato a livello giurisprudenziale. Il principio di proporzionalit\u00e0 \u00e8 rispettato, in particolare, \u201cse la scelta concreta dell&#8217;amministrazione \u00e8 in potenza capace di conseguire l&#8217;obiettivo (idoneit\u00e0 del mezzo) e rappresenta il minor sacrificio possibile per gli interessi privati attinti (stretta necessit\u00e0), tale, comunque, da poter essere sostenuto dal destinatario (adeguatezza)\u201d.<\/p>\n<p><strong>Le diverse tipologie di giochi.<\/strong> L\u2019art. 5 del Regolamento comunale prevede, tra i criteri cui il Sindaco doveva attenersi nell\u2019emanazione dell\u2019ordinanza, \u201cl\u2019individuazione di orari che non penalizzino determinate tipologie di gioco (e, conseguentemente, di attivit\u00e0 commerciali) a favore di altre\u201d.<\/p>\n<p>Secondo il Consiglio di Stato anche questa disposizione non sarebbe stata violata: i provvedimenti di limitazione all&#8217;attivit\u00e0 di organizzazione e gestione dei giochi pubblici sono volti alla tutela di interessi generali (salute, dignit\u00e0, sicurezza, utilit\u00e0 sociale) e, acclarata la proporzionalit\u00e0 del provvedimento, esso pu\u00f2 ben consistere in una misura specifica avente l&#8217;obiettivo di contrastare efficacemente le ludopatie.<\/p>\n","protected":false},"excerpt":{"rendered":"<p>Il caso e le sentenze. Il Consiglio di Stato, con le sentenze 7791\/2022, 8014\/2022, 8240\/2022, 8239\/2022,8237\/2022, 8236\/2022, ha riformato, respingendole, le sentenze 490\/2021, 519\/2021, 962\/2021,&nbsp;<span class=\"hellipsis\">[&hellip;]<\/span><a class=\"more-link\" href=\"https:\/\/welaikaadv.site\/avviso\/home\/cosa-facciamo\/informare\/documenti-tematici\/gioco-dazzardo\/il-consiglio-di-stato-riforma-alcune-pronunce-del-tar-di-brescia\/\">Leggi tutto <span class=\"screen-reader-text\">IL CONSIGLIO DI STATO RIFORMA ALCUNE PRONUNCE DEL TAR DI BRESCIA<\/span> <span class=\"meta-nav\" aria-hidden=\"true\">&rarr;<\/span><\/a><\/p>\n","protected":false},"author":1,"featured_media":0,"parent":202,"menu_order":160,"comment_status":"closed","ping_status":"closed","template":"","meta":{"_acf_changed":false,"_exactmetrics_skip_tracking":false,"_exactmetrics_sitenote_active":false,"_exactmetrics_sitenote_note":"","_exactmetrics_sitenote_category":0,"wp_social_preview_title":"","wp_social_preview_description":"","wp_social_preview_image":0,"footnotes":""},"class_list":["post-50985","page","type-page","status-publish","hentry"],"acf":[],"yoast_head":"<!-- This site is optimized with the Yoast SEO plugin v27.2 - https:\/\/yoast.com\/product\/yoast-seo-wordpress\/ -->\n<title>IL CONSIGLIO DI STATO RIFORMA ALCUNE PRONUNCE DEL TAR DI BRESCIA - Staging Avviso Pubblico<\/title>\n<meta name=\"robots\" content=\"noindex, follow, max-snippet:-1, max-image-preview:large, max-video-preview:-1\" \/>\n<meta property=\"og:locale\" content=\"it_IT\" \/>\n<meta property=\"og:type\" content=\"article\" \/>\n<meta property=\"og:title\" content=\"IL CONSIGLIO DI STATO RIFORMA ALCUNE PRONUNCE DEL TAR DI BRESCIA - Staging Avviso Pubblico\" \/>\n<meta property=\"og:description\" content=\"Il caso e le sentenze. Il Consiglio di Stato, con le sentenze 7791\/2022, 8014\/2022, 8240\/2022, 8239\/2022,8237\/2022, 8236\/2022, ha riformato, respingendole, le sentenze 490\/2021, 519\/2021, 962\/2021,&nbsp;[&hellip;]Leggi tutto IL CONSIGLIO DI STATO RIFORMA ALCUNE PRONUNCE DEL TAR DI BRESCIA &rarr;\" \/>\n<meta property=\"og:url\" content=\"https:\/\/welaikaadv.site\/avviso\/home\/cosa-facciamo\/informare\/documenti-tematici\/gioco-dazzardo\/il-consiglio-di-stato-riforma-alcune-pronunce-del-tar-di-brescia\/\" \/>\n<meta property=\"og:site_name\" content=\"Staging Avviso Pubblico\" \/>\n<meta name=\"twitter:card\" content=\"summary_large_image\" \/>\n<meta name=\"twitter:label1\" content=\"Tempo di lettura stimato\" \/>\n\t<meta name=\"twitter:data1\" content=\"5 minuti\" \/>\n<script type=\"application\/ld+json\" class=\"yoast-schema-graph\">{\"@context\":\"https:\/\/schema.org\",\"@graph\":[{\"@type\":\"WebPage\",\"@id\":\"https:\/\/welaikaadv.site\/avviso\/home\/cosa-facciamo\/informare\/documenti-tematici\/gioco-dazzardo\/il-consiglio-di-stato-riforma-alcune-pronunce-del-tar-di-brescia\/\",\"url\":\"https:\/\/welaikaadv.site\/avviso\/home\/cosa-facciamo\/informare\/documenti-tematici\/gioco-dazzardo\/il-consiglio-di-stato-riforma-alcune-pronunce-del-tar-di-brescia\/\",\"name\":\"IL CONSIGLIO DI STATO RIFORMA ALCUNE PRONUNCE DEL TAR DI BRESCIA - Staging Avviso Pubblico\",\"isPartOf\":{\"@id\":\"https:\/\/welaikaadv.site\/avviso\/#website\"},\"datePublished\":\"2022-10-02T12:33:18+00:00\",\"breadcrumb\":{\"@id\":\"https:\/\/welaikaadv.site\/avviso\/home\/cosa-facciamo\/informare\/documenti-tematici\/gioco-dazzardo\/il-consiglio-di-stato-riforma-alcune-pronunce-del-tar-di-brescia\/#breadcrumb\"},\"inLanguage\":\"it-IT\",\"potentialAction\":[{\"@type\":\"ReadAction\",\"target\":[\"https:\/\/welaikaadv.site\/avviso\/home\/cosa-facciamo\/informare\/documenti-tematici\/gioco-dazzardo\/il-consiglio-di-stato-riforma-alcune-pronunce-del-tar-di-brescia\/\"]}]},{\"@type\":\"BreadcrumbList\",\"@id\":\"https:\/\/welaikaadv.site\/avviso\/home\/cosa-facciamo\/informare\/documenti-tematici\/gioco-dazzardo\/il-consiglio-di-stato-riforma-alcune-pronunce-del-tar-di-brescia\/#breadcrumb\",\"itemListElement\":[{\"@type\":\"ListItem\",\"position\":1,\"name\":\"Home\",\"item\":\"https:\/\/welaikaadv.site\/avviso\/\"},{\"@type\":\"ListItem\",\"position\":2,\"name\":\"IL CONSIGLIO DI STATO RIFORMA ALCUNE PRONUNCE DEL TAR DI BRESCIA\"}]},{\"@type\":\"WebSite\",\"@id\":\"https:\/\/welaikaadv.site\/avviso\/#website\",\"url\":\"https:\/\/welaikaadv.site\/avviso\/\",\"name\":\"Staging Avviso Pubblico\",\"description\":\"\",\"publisher\":{\"@id\":\"https:\/\/welaikaadv.site\/avviso\/#organization\"},\"potentialAction\":[{\"@type\":\"SearchAction\",\"target\":{\"@type\":\"EntryPoint\",\"urlTemplate\":\"https:\/\/welaikaadv.site\/avviso\/?s={search_term_string}\"},\"query-input\":{\"@type\":\"PropertyValueSpecification\",\"valueRequired\":true,\"valueName\":\"search_term_string\"}}],\"inLanguage\":\"it-IT\"},{\"@type\":\"Organization\",\"@id\":\"https:\/\/welaikaadv.site\/avviso\/#organization\",\"name\":\"Staging Avviso Pubblico\",\"url\":\"https:\/\/welaikaadv.site\/avviso\/\",\"logo\":{\"@type\":\"ImageObject\",\"inLanguage\":\"it-IT\",\"@id\":\"https:\/\/welaikaadv.site\/avviso\/#\/schema\/logo\/image\/\",\"url\":\"https:\/\/welaikaadv.site\/avviso\/wp-content\/uploads\/2024\/08\/logoAPsito-400.png\",\"contentUrl\":\"https:\/\/welaikaadv.site\/avviso\/wp-content\/uploads\/2024\/08\/logoAPsito-400.png\",\"width\":400,\"height\":97,\"caption\":\"Staging Avviso Pubblico\"},\"image\":{\"@id\":\"https:\/\/welaikaadv.site\/avviso\/#\/schema\/logo\/image\/\"}}]}<\/script>\n<!-- \/ Yoast SEO plugin. -->","yoast_head_json":{"title":"IL CONSIGLIO DI STATO RIFORMA ALCUNE PRONUNCE DEL TAR DI BRESCIA - Staging Avviso Pubblico","robots":{"index":"noindex","follow":"follow","max-snippet":"max-snippet:-1","max-image-preview":"max-image-preview:large","max-video-preview":"max-video-preview:-1"},"og_locale":"it_IT","og_type":"article","og_title":"IL CONSIGLIO DI STATO RIFORMA ALCUNE PRONUNCE DEL TAR DI BRESCIA - Staging Avviso Pubblico","og_description":"Il caso e le sentenze. Il Consiglio di Stato, con le sentenze 7791\/2022, 8014\/2022, 8240\/2022, 8239\/2022,8237\/2022, 8236\/2022, ha riformato, respingendole, le sentenze 490\/2021, 519\/2021, 962\/2021,&nbsp;[&hellip;]Leggi tutto IL CONSIGLIO DI STATO RIFORMA ALCUNE PRONUNCE DEL TAR DI BRESCIA &rarr;","og_url":"https:\/\/welaikaadv.site\/avviso\/home\/cosa-facciamo\/informare\/documenti-tematici\/gioco-dazzardo\/il-consiglio-di-stato-riforma-alcune-pronunce-del-tar-di-brescia\/","og_site_name":"Staging Avviso Pubblico","twitter_card":"summary_large_image","twitter_misc":{"Tempo di lettura stimato":"5 minuti"},"schema":{"@context":"https:\/\/schema.org","@graph":[{"@type":"WebPage","@id":"https:\/\/welaikaadv.site\/avviso\/home\/cosa-facciamo\/informare\/documenti-tematici\/gioco-dazzardo\/il-consiglio-di-stato-riforma-alcune-pronunce-del-tar-di-brescia\/","url":"https:\/\/welaikaadv.site\/avviso\/home\/cosa-facciamo\/informare\/documenti-tematici\/gioco-dazzardo\/il-consiglio-di-stato-riforma-alcune-pronunce-del-tar-di-brescia\/","name":"IL CONSIGLIO DI STATO RIFORMA ALCUNE PRONUNCE DEL TAR DI BRESCIA - Staging Avviso Pubblico","isPartOf":{"@id":"https:\/\/welaikaadv.site\/avviso\/#website"},"datePublished":"2022-10-02T12:33:18+00:00","breadcrumb":{"@id":"https:\/\/welaikaadv.site\/avviso\/home\/cosa-facciamo\/informare\/documenti-tematici\/gioco-dazzardo\/il-consiglio-di-stato-riforma-alcune-pronunce-del-tar-di-brescia\/#breadcrumb"},"inLanguage":"it-IT","potentialAction":[{"@type":"ReadAction","target":["https:\/\/welaikaadv.site\/avviso\/home\/cosa-facciamo\/informare\/documenti-tematici\/gioco-dazzardo\/il-consiglio-di-stato-riforma-alcune-pronunce-del-tar-di-brescia\/"]}]},{"@type":"BreadcrumbList","@id":"https:\/\/welaikaadv.site\/avviso\/home\/cosa-facciamo\/informare\/documenti-tematici\/gioco-dazzardo\/il-consiglio-di-stato-riforma-alcune-pronunce-del-tar-di-brescia\/#breadcrumb","itemListElement":[{"@type":"ListItem","position":1,"name":"Home","item":"https:\/\/welaikaadv.site\/avviso\/"},{"@type":"ListItem","position":2,"name":"IL CONSIGLIO DI STATO RIFORMA ALCUNE PRONUNCE DEL TAR DI BRESCIA"}]},{"@type":"WebSite","@id":"https:\/\/welaikaadv.site\/avviso\/#website","url":"https:\/\/welaikaadv.site\/avviso\/","name":"Staging Avviso Pubblico","description":"","publisher":{"@id":"https:\/\/welaikaadv.site\/avviso\/#organization"},"potentialAction":[{"@type":"SearchAction","target":{"@type":"EntryPoint","urlTemplate":"https:\/\/welaikaadv.site\/avviso\/?s={search_term_string}"},"query-input":{"@type":"PropertyValueSpecification","valueRequired":true,"valueName":"search_term_string"}}],"inLanguage":"it-IT"},{"@type":"Organization","@id":"https:\/\/welaikaadv.site\/avviso\/#organization","name":"Staging Avviso Pubblico","url":"https:\/\/welaikaadv.site\/avviso\/","logo":{"@type":"ImageObject","inLanguage":"it-IT","@id":"https:\/\/welaikaadv.site\/avviso\/#\/schema\/logo\/image\/","url":"https:\/\/welaikaadv.site\/avviso\/wp-content\/uploads\/2024\/08\/logoAPsito-400.png","contentUrl":"https:\/\/welaikaadv.site\/avviso\/wp-content\/uploads\/2024\/08\/logoAPsito-400.png","width":400,"height":97,"caption":"Staging Avviso Pubblico"},"image":{"@id":"https:\/\/welaikaadv.site\/avviso\/#\/schema\/logo\/image\/"}}]}},"_links":{"self":[{"href":"https:\/\/welaikaadv.site\/avviso\/wp-json\/wp\/v2\/pages\/50985","targetHints":{"allow":["GET"]}}],"collection":[{"href":"https:\/\/welaikaadv.site\/avviso\/wp-json\/wp\/v2\/pages"}],"about":[{"href":"https:\/\/welaikaadv.site\/avviso\/wp-json\/wp\/v2\/types\/page"}],"author":[{"embeddable":true,"href":"https:\/\/welaikaadv.site\/avviso\/wp-json\/wp\/v2\/users\/1"}],"replies":[{"embeddable":true,"href":"https:\/\/welaikaadv.site\/avviso\/wp-json\/wp\/v2\/comments?post=50985"}],"version-history":[{"count":0,"href":"https:\/\/welaikaadv.site\/avviso\/wp-json\/wp\/v2\/pages\/50985\/revisions"}],"up":[{"embeddable":true,"href":"https:\/\/welaikaadv.site\/avviso\/wp-json\/wp\/v2\/pages\/202"}],"wp:attachment":[{"href":"https:\/\/welaikaadv.site\/avviso\/wp-json\/wp\/v2\/media?parent=50985"}],"curies":[{"name":"wp","href":"https:\/\/api.w.org\/{rel}","templated":true}]}}