{"id":51013,"date":"2022-10-04T14:51:16","date_gmt":"2022-10-04T12:51:16","guid":{"rendered":"https:\/\/www.avvisopubblico.it\/home\/?page_id=51013"},"modified":"2022-10-04T14:51:16","modified_gmt":"2022-10-04T12:51:16","slug":"il-tar-di-lecce-conferma-la-legittimita-delle-misure-previste-dal-regolamento-giochi-del-comune-di-ginosa-ta","status":"publish","type":"page","link":"https:\/\/welaikaadv.site\/avviso\/home\/cosa-facciamo\/informare\/documenti-tematici\/gioco-dazzardo\/il-tar-di-lecce-conferma-la-legittimita-delle-misure-previste-dal-regolamento-giochi-del-comune-di-ginosa-ta\/","title":{"rendered":"IL TAR DI LECCE CONFERMA LA LEGITTIMIT\u00c0 DELLE MISURE PREVISTE DAL REGOLAMENTO GIOCHI DEL COMUNE DI GINOSA (TA)"},"content":{"rendered":"<p><strong>La normativa e il caso.<\/strong> Il Comune di Ginosa (TA), con delibera del Consiglio Comunale del 16.06.2017 n. 36, ha approvato il Regolamento comunale sale da gioco e giochi leciti, con cui sono state introdotte una serie di limitazioni al gioco.<\/p>\n<p>Sollevato ricorso da una serie di operatori del settore del gioco, il TAR di Lecce si \u00e8 pronunciato con la sentenza <a href=\"https:\/\/www.giustizia-amministrativa.it\/portale\/pages\/istituzionale\/visualizza\/?nodeRef=&amp;schema=tar_le&amp;nrg=201701394&amp;nomeFile=202201455_01.html&amp;subDir=Provvedimenti\">1455\/2022<\/a>, con cui ha confermato la legittimit\u00e0 delle disposizioni impugnate.<\/p>\n<p><strong>La questione di legittimit\u00e0 costituzionale.<\/strong> In primo luogo, il TAR Lecce rileva la manifesta infondatezza della questione di legittimit\u00e0 costituzionale sollevata da parte ricorrente rispetto all\u2019art. 7 della Legge regionale 43\/2013. Tale disposizione, recante misure di contrasto alla diffusione del gioco d&#8217;azzardo patologico, non viola il riparto di competenze tra Stato e Regioni in quanto la finalit\u00e0 primaria della normativa regionale \u00e8 quella di tutela della salute, come gi\u00e0 ribadito dalla Consulta nella sentenza 108\/2017.<\/p>\n<p><strong>Le altre misure introdotte dal Regolamento.<\/strong> Il TAR Lecce conferma poi la legittimit\u00e0 di una serie di altre misure puntuali previste dal Regolamento.<\/p>\n<p>Tra queste, in particolare:<\/p>\n<ul>\n<li>Distanziometro esteso anche alle \u201cattrezzature balneari e spiagge\u201d, e ai \u201cgiardini, parchi e spazi pubblici attrezzati e altri spazi verdi pubblici\u201d: previsione regolamentare legittima perch\u00e9 attuazione dell\u2019art. 7 della Legge regionale 43\/2013 e perch\u00e9, secondo il Collegio, in tali luoghi \u00e8 pi\u00f9 facile imbattersi in persone attratte dal miraggio della \u201cvincita facile\u201d;<\/li>\n<li>Divieto di ubicazione di sale gioco nel raggio di 300 mt da sportelli bancari, postali o bancomat, e divieto di installazione, all\u2019interno della sala da gioco, di tali sportelli: previsione regolamentare legittima perch\u00e9 mira ad impedire che la facile disponibilit\u00e0 di denaro contante costituisca incentivo al gioco, aggravando in tal modo il fenomeno della ludopatia;<\/li>\n<li>Ubicazione dei locali esclusivamente al piano terra degli edifici (purch\u00e9 non all&#8217;interno o adiacenti a unit\u00e0 immobiliari residenziali): previsione regolamentare legittima perch\u00e9 mira ad impedire che l\u2019attivit\u00e0 di gioco venga resa pi\u00f9 agevole da forme di anonimato, che si verificherebbero ove tale attivit\u00e0 venisse consentita in luoghi sottratti al normale traffico pedonale;<\/li>\n<li>Divieto di rilasciare concessioni di occupazione suolo pubblico al titolare di somministrazione che detiene giochi all&#8217;interno del proprio locale: previsione regolamentare legittima perch\u00e9 mira ad impedire che l\u2019attivit\u00e0 di gioco venga consentita anche all\u2019aperto;<\/li>\n<li>Oneri di comunicazione in caso di installazione, trasferimento e variazione di numero degli apparecchi da gioco: previsione regolamentare legittima perch\u00e9 mirano a evitare incontrollati fenomeni di diffusione dell\u2019attivit\u00e0 di gioco;<\/li>\n<li>Previsione di sanzioni e\/o limitazioni di efficacia alle autorizzazioni gi\u00e0 rilasciate: legittimo perch\u00e9 lo scopo \u00e8 quello di rendere immediatamente cogenti le previsioni regolamentari, in modo da impedire che, in difetto di sanzione, le stesse restino prive di efficacia precettiva, riducendosi a mere affermazioni di principio;<\/li>\n<li>Divieto di qualsiasi attivit\u00e0 pubblicitaria relativa all\u2019apertura o all\u2019esercizio di sale da gioco: previsione legittima perch\u00e9 mira a impedire la proliferazione e la diffusione delle attivit\u00e0 di gioco.<\/li>\n<\/ul>\n","protected":false},"excerpt":{"rendered":"<p>La normativa e il caso. Il Comune di Ginosa (TA), con delibera del Consiglio Comunale del 16.06.2017 n. 36, ha approvato il Regolamento comunale sale&nbsp;<span class=\"hellipsis\">[&hellip;]<\/span><a class=\"more-link\" href=\"https:\/\/welaikaadv.site\/avviso\/home\/cosa-facciamo\/informare\/documenti-tematici\/gioco-dazzardo\/il-tar-di-lecce-conferma-la-legittimita-delle-misure-previste-dal-regolamento-giochi-del-comune-di-ginosa-ta\/\">Leggi tutto <span class=\"screen-reader-text\">IL TAR DI LECCE CONFERMA LA LEGITTIMIT\u00c0 DELLE MISURE PREVISTE DAL REGOLAMENTO GIOCHI DEL COMUNE DI GINOSA (TA)<\/span> <span class=\"meta-nav\" aria-hidden=\"true\">&rarr;<\/span><\/a><\/p>\n","protected":false},"author":1,"featured_media":0,"parent":202,"menu_order":160,"comment_status":"closed","ping_status":"closed","template":"","meta":{"_acf_changed":false,"_exactmetrics_skip_tracking":false,"_exactmetrics_sitenote_active":false,"_exactmetrics_sitenote_note":"","_exactmetrics_sitenote_category":0,"wp_social_preview_title":"","wp_social_preview_description":"","wp_social_preview_image":0,"footnotes":""},"class_list":["post-51013","page","type-page","status-publish","hentry"],"acf":[],"yoast_head":"<!-- This site is optimized with the Yoast SEO plugin v27.2 - https:\/\/yoast.com\/product\/yoast-seo-wordpress\/ -->\n<title>IL TAR DI LECCE CONFERMA LA LEGITTIMIT\u00c0 DELLE MISURE PREVISTE DAL REGOLAMENTO GIOCHI DEL COMUNE DI GINOSA (TA) - Staging Avviso Pubblico<\/title>\n<meta name=\"robots\" content=\"noindex, follow, max-snippet:-1, max-image-preview:large, max-video-preview:-1\" \/>\n<meta property=\"og:locale\" content=\"it_IT\" \/>\n<meta property=\"og:type\" content=\"article\" \/>\n<meta property=\"og:title\" content=\"IL TAR DI LECCE CONFERMA LA LEGITTIMIT\u00c0 DELLE MISURE PREVISTE DAL REGOLAMENTO GIOCHI DEL COMUNE DI GINOSA (TA) - Staging Avviso Pubblico\" \/>\n<meta property=\"og:description\" content=\"La normativa e il caso. Il Comune di Ginosa (TA), con delibera del Consiglio Comunale del 16.06.2017 n. 36, ha approvato il Regolamento comunale sale&nbsp;[&hellip;]Leggi tutto IL TAR DI LECCE CONFERMA LA LEGITTIMIT\u00c0 DELLE MISURE PREVISTE DAL REGOLAMENTO GIOCHI DEL COMUNE DI GINOSA (TA) &rarr;\" \/>\n<meta property=\"og:url\" content=\"https:\/\/welaikaadv.site\/avviso\/home\/cosa-facciamo\/informare\/documenti-tematici\/gioco-dazzardo\/il-tar-di-lecce-conferma-la-legittimita-delle-misure-previste-dal-regolamento-giochi-del-comune-di-ginosa-ta\/\" \/>\n<meta property=\"og:site_name\" content=\"Staging Avviso Pubblico\" \/>\n<meta name=\"twitter:card\" content=\"summary_large_image\" \/>\n<meta name=\"twitter:label1\" content=\"Tempo di lettura stimato\" \/>\n\t<meta name=\"twitter:data1\" content=\"5 minuti\" \/>\n<script type=\"application\/ld+json\" class=\"yoast-schema-graph\">{\"@context\":\"https:\/\/schema.org\",\"@graph\":[{\"@type\":\"WebPage\",\"@id\":\"https:\/\/welaikaadv.site\/avviso\/home\/cosa-facciamo\/informare\/documenti-tematici\/gioco-dazzardo\/il-tar-di-lecce-conferma-la-legittimita-delle-misure-previste-dal-regolamento-giochi-del-comune-di-ginosa-ta\/\",\"url\":\"https:\/\/welaikaadv.site\/avviso\/home\/cosa-facciamo\/informare\/documenti-tematici\/gioco-dazzardo\/il-tar-di-lecce-conferma-la-legittimita-delle-misure-previste-dal-regolamento-giochi-del-comune-di-ginosa-ta\/\",\"name\":\"IL TAR DI LECCE CONFERMA LA LEGITTIMIT\u00c0 DELLE MISURE PREVISTE DAL REGOLAMENTO GIOCHI DEL COMUNE DI GINOSA (TA) - Staging Avviso Pubblico\",\"isPartOf\":{\"@id\":\"https:\/\/welaikaadv.site\/avviso\/#website\"},\"datePublished\":\"2022-10-04T12:51:16+00:00\",\"breadcrumb\":{\"@id\":\"https:\/\/welaikaadv.site\/avviso\/home\/cosa-facciamo\/informare\/documenti-tematici\/gioco-dazzardo\/il-tar-di-lecce-conferma-la-legittimita-delle-misure-previste-dal-regolamento-giochi-del-comune-di-ginosa-ta\/#breadcrumb\"},\"inLanguage\":\"it-IT\",\"potentialAction\":[{\"@type\":\"ReadAction\",\"target\":[\"https:\/\/welaikaadv.site\/avviso\/home\/cosa-facciamo\/informare\/documenti-tematici\/gioco-dazzardo\/il-tar-di-lecce-conferma-la-legittimita-delle-misure-previste-dal-regolamento-giochi-del-comune-di-ginosa-ta\/\"]}]},{\"@type\":\"BreadcrumbList\",\"@id\":\"https:\/\/welaikaadv.site\/avviso\/home\/cosa-facciamo\/informare\/documenti-tematici\/gioco-dazzardo\/il-tar-di-lecce-conferma-la-legittimita-delle-misure-previste-dal-regolamento-giochi-del-comune-di-ginosa-ta\/#breadcrumb\",\"itemListElement\":[{\"@type\":\"ListItem\",\"position\":1,\"name\":\"Home\",\"item\":\"https:\/\/welaikaadv.site\/avviso\/\"},{\"@type\":\"ListItem\",\"position\":2,\"name\":\"IL TAR DI LECCE CONFERMA LA LEGITTIMIT\u00c0 DELLE MISURE PREVISTE DAL REGOLAMENTO GIOCHI DEL COMUNE DI GINOSA (TA)\"}]},{\"@type\":\"WebSite\",\"@id\":\"https:\/\/welaikaadv.site\/avviso\/#website\",\"url\":\"https:\/\/welaikaadv.site\/avviso\/\",\"name\":\"Staging Avviso Pubblico\",\"description\":\"\",\"publisher\":{\"@id\":\"https:\/\/welaikaadv.site\/avviso\/#organization\"},\"potentialAction\":[{\"@type\":\"SearchAction\",\"target\":{\"@type\":\"EntryPoint\",\"urlTemplate\":\"https:\/\/welaikaadv.site\/avviso\/?s={search_term_string}\"},\"query-input\":{\"@type\":\"PropertyValueSpecification\",\"valueRequired\":true,\"valueName\":\"search_term_string\"}}],\"inLanguage\":\"it-IT\"},{\"@type\":\"Organization\",\"@id\":\"https:\/\/welaikaadv.site\/avviso\/#organization\",\"name\":\"Staging Avviso Pubblico\",\"url\":\"https:\/\/welaikaadv.site\/avviso\/\",\"logo\":{\"@type\":\"ImageObject\",\"inLanguage\":\"it-IT\",\"@id\":\"https:\/\/welaikaadv.site\/avviso\/#\/schema\/logo\/image\/\",\"url\":\"https:\/\/welaikaadv.site\/avviso\/wp-content\/uploads\/2024\/08\/logoAPsito-400.png\",\"contentUrl\":\"https:\/\/welaikaadv.site\/avviso\/wp-content\/uploads\/2024\/08\/logoAPsito-400.png\",\"width\":400,\"height\":97,\"caption\":\"Staging Avviso Pubblico\"},\"image\":{\"@id\":\"https:\/\/welaikaadv.site\/avviso\/#\/schema\/logo\/image\/\"}}]}<\/script>\n<!-- \/ Yoast SEO plugin. -->","yoast_head_json":{"title":"IL TAR DI LECCE CONFERMA LA LEGITTIMIT\u00c0 DELLE MISURE PREVISTE DAL REGOLAMENTO GIOCHI DEL COMUNE DI GINOSA (TA) - Staging Avviso Pubblico","robots":{"index":"noindex","follow":"follow","max-snippet":"max-snippet:-1","max-image-preview":"max-image-preview:large","max-video-preview":"max-video-preview:-1"},"og_locale":"it_IT","og_type":"article","og_title":"IL TAR DI LECCE CONFERMA LA LEGITTIMIT\u00c0 DELLE MISURE PREVISTE DAL REGOLAMENTO GIOCHI DEL COMUNE DI GINOSA (TA) - Staging Avviso Pubblico","og_description":"La normativa e il caso. Il Comune di Ginosa (TA), con delibera del Consiglio Comunale del 16.06.2017 n. 36, ha approvato il Regolamento comunale sale&nbsp;[&hellip;]Leggi tutto IL TAR DI LECCE CONFERMA LA LEGITTIMIT\u00c0 DELLE MISURE PREVISTE DAL REGOLAMENTO GIOCHI DEL COMUNE DI GINOSA (TA) &rarr;","og_url":"https:\/\/welaikaadv.site\/avviso\/home\/cosa-facciamo\/informare\/documenti-tematici\/gioco-dazzardo\/il-tar-di-lecce-conferma-la-legittimita-delle-misure-previste-dal-regolamento-giochi-del-comune-di-ginosa-ta\/","og_site_name":"Staging Avviso Pubblico","twitter_card":"summary_large_image","twitter_misc":{"Tempo di lettura stimato":"5 minuti"},"schema":{"@context":"https:\/\/schema.org","@graph":[{"@type":"WebPage","@id":"https:\/\/welaikaadv.site\/avviso\/home\/cosa-facciamo\/informare\/documenti-tematici\/gioco-dazzardo\/il-tar-di-lecce-conferma-la-legittimita-delle-misure-previste-dal-regolamento-giochi-del-comune-di-ginosa-ta\/","url":"https:\/\/welaikaadv.site\/avviso\/home\/cosa-facciamo\/informare\/documenti-tematici\/gioco-dazzardo\/il-tar-di-lecce-conferma-la-legittimita-delle-misure-previste-dal-regolamento-giochi-del-comune-di-ginosa-ta\/","name":"IL TAR DI LECCE CONFERMA LA LEGITTIMIT\u00c0 DELLE MISURE PREVISTE DAL REGOLAMENTO GIOCHI DEL COMUNE DI GINOSA (TA) - Staging Avviso Pubblico","isPartOf":{"@id":"https:\/\/welaikaadv.site\/avviso\/#website"},"datePublished":"2022-10-04T12:51:16+00:00","breadcrumb":{"@id":"https:\/\/welaikaadv.site\/avviso\/home\/cosa-facciamo\/informare\/documenti-tematici\/gioco-dazzardo\/il-tar-di-lecce-conferma-la-legittimita-delle-misure-previste-dal-regolamento-giochi-del-comune-di-ginosa-ta\/#breadcrumb"},"inLanguage":"it-IT","potentialAction":[{"@type":"ReadAction","target":["https:\/\/welaikaadv.site\/avviso\/home\/cosa-facciamo\/informare\/documenti-tematici\/gioco-dazzardo\/il-tar-di-lecce-conferma-la-legittimita-delle-misure-previste-dal-regolamento-giochi-del-comune-di-ginosa-ta\/"]}]},{"@type":"BreadcrumbList","@id":"https:\/\/welaikaadv.site\/avviso\/home\/cosa-facciamo\/informare\/documenti-tematici\/gioco-dazzardo\/il-tar-di-lecce-conferma-la-legittimita-delle-misure-previste-dal-regolamento-giochi-del-comune-di-ginosa-ta\/#breadcrumb","itemListElement":[{"@type":"ListItem","position":1,"name":"Home","item":"https:\/\/welaikaadv.site\/avviso\/"},{"@type":"ListItem","position":2,"name":"IL TAR DI LECCE CONFERMA LA LEGITTIMIT\u00c0 DELLE MISURE PREVISTE DAL REGOLAMENTO GIOCHI DEL COMUNE DI GINOSA (TA)"}]},{"@type":"WebSite","@id":"https:\/\/welaikaadv.site\/avviso\/#website","url":"https:\/\/welaikaadv.site\/avviso\/","name":"Staging Avviso Pubblico","description":"","publisher":{"@id":"https:\/\/welaikaadv.site\/avviso\/#organization"},"potentialAction":[{"@type":"SearchAction","target":{"@type":"EntryPoint","urlTemplate":"https:\/\/welaikaadv.site\/avviso\/?s={search_term_string}"},"query-input":{"@type":"PropertyValueSpecification","valueRequired":true,"valueName":"search_term_string"}}],"inLanguage":"it-IT"},{"@type":"Organization","@id":"https:\/\/welaikaadv.site\/avviso\/#organization","name":"Staging Avviso Pubblico","url":"https:\/\/welaikaadv.site\/avviso\/","logo":{"@type":"ImageObject","inLanguage":"it-IT","@id":"https:\/\/welaikaadv.site\/avviso\/#\/schema\/logo\/image\/","url":"https:\/\/welaikaadv.site\/avviso\/wp-content\/uploads\/2024\/08\/logoAPsito-400.png","contentUrl":"https:\/\/welaikaadv.site\/avviso\/wp-content\/uploads\/2024\/08\/logoAPsito-400.png","width":400,"height":97,"caption":"Staging Avviso Pubblico"},"image":{"@id":"https:\/\/welaikaadv.site\/avviso\/#\/schema\/logo\/image\/"}}]}},"_links":{"self":[{"href":"https:\/\/welaikaadv.site\/avviso\/wp-json\/wp\/v2\/pages\/51013","targetHints":{"allow":["GET"]}}],"collection":[{"href":"https:\/\/welaikaadv.site\/avviso\/wp-json\/wp\/v2\/pages"}],"about":[{"href":"https:\/\/welaikaadv.site\/avviso\/wp-json\/wp\/v2\/types\/page"}],"author":[{"embeddable":true,"href":"https:\/\/welaikaadv.site\/avviso\/wp-json\/wp\/v2\/users\/1"}],"replies":[{"embeddable":true,"href":"https:\/\/welaikaadv.site\/avviso\/wp-json\/wp\/v2\/comments?post=51013"}],"version-history":[{"count":0,"href":"https:\/\/welaikaadv.site\/avviso\/wp-json\/wp\/v2\/pages\/51013\/revisions"}],"up":[{"embeddable":true,"href":"https:\/\/welaikaadv.site\/avviso\/wp-json\/wp\/v2\/pages\/202"}],"wp:attachment":[{"href":"https:\/\/welaikaadv.site\/avviso\/wp-json\/wp\/v2\/media?parent=51013"}],"curies":[{"name":"wp","href":"https:\/\/api.w.org\/{rel}","templated":true}]}}