{"id":51105,"date":"2022-10-11T16:29:36","date_gmt":"2022-10-11T14:29:36","guid":{"rendered":"https:\/\/www.avvisopubblico.it\/home\/?page_id=51105"},"modified":"2022-10-11T16:29:36","modified_gmt":"2022-10-11T14:29:36","slug":"il-tar-di-napoli-conferma-la-legittimita-dei-limiti-orari-del-comune-di-capua","status":"publish","type":"page","link":"https:\/\/welaikaadv.site\/avviso\/home\/cosa-facciamo\/informare\/documenti-tematici\/gioco-dazzardo\/il-tar-di-napoli-conferma-la-legittimita-dei-limiti-orari-del-comune-di-capua\/","title":{"rendered":"IL TAR DI NAPOLI CONFERMA LA LEGITTIMIT\u00c0 DEI LIMITI ORARI DEL COMUNE DI CAPUA"},"content":{"rendered":"<p><strong>Premessa.<\/strong> Il Comune di Capua, con <a href=\"https:\/\/welaikaadv.site\/avviso\/wp-content\/uploads\/2019\/02\/Ordinanza-Orari-Capua-2018.pdf\">ordinanza<\/a> commissariale n. 2 del 21 Dicembre 2018, ha stabilito gli orari di esercizio delle sale gioco e di utilizzo degli apparecchi: in particolare, l\u2019utilizzo di tali apparecchi \u00e8 consentito per otto ore nell\u2019arco della giornata, distribuite tra mattina e pomeriggio e con intervalli diversificati in ragione dell\u2019avvio dell\u2019anno scolastico; nelle ore di sospensione del funzionamento, tali apparecchi devono essere spenti tramite l\u2019apposito interruttore ed essere mantenuti non accessibili.<\/p>\n<p>Il gestore di una sala scommesse in cui sono installati anche apparecchi da gioco ha sollevato ricorso al TAR Napoli, che si \u00e8 pronunciato, rigettando il ricorso dell\u2019esercente, con la sentenza <a href=\"https:\/\/www.giustizia-amministrativa.it\/portale\/pages\/istituzionale\/visualizza\/?nodeRef=&amp;schema=tar_na&amp;nrg=201900988&amp;nomeFile=202206189_01.html&amp;subDir=Provvedimenti\">6189\/2022<\/a> che qui si analizza.<\/p>\n<p><strong>Le competenze.<\/strong> In primo luogo, i giudici ribadiscono come non sussistano dubbi in ordine alla competenza del Sindaco di disciplinare gli orari di esercizio delle sale gioco, in ragione dell\u2019art. 50, comma 7 del TUEL, confermato anche dalla Corte costituzionale con la sentenza <a href=\"https:\/\/www.cortecostituzionale.it\/actionPronuncia.do\">220\/2014<\/a>.<\/p>\n<p>Il TAR si esprime, inoltre, anche sul rapporto tra ordinanza sindacale ed indirizzi espressi dal Consiglio comunale: questi ultimi, ai sensi sempre dell\u2019art. 50, comma 7 del TUEL sono vincolanti per il Sindaco solo qualora siano gi\u00e0 stati espressi. La mancata formulazione di tali indirizzi, come nel caso di specie, non paralizza l\u2019attivit\u00e0 del Sindaco, ma comporta per lui un legittimo e pi\u00f9 ampio dispiegamento della propria discrezionalit\u00e0 nell\u2019individuazione delle misure ritenute pi\u00f9 efficaci in relazione alle finalit\u00e0 perseguite.<\/p>\n<p>I giudici confermano, inoltre, che la richiesta di parere obbligatorio all\u2019Autorit\u00e0 Garante della Concorrenza e del Mercato di cui all\u2019art. 34, comma 5, del Decreto \u201cSalva Italia\u201d non riguarda gli atti amministrativi e che n\u00e9 questa disposizione, n\u00e9 lo stesso art. 50, comma 7 del TUEL, impongono qualsivoglia forma di consultazione delle associazioni di categoria. Tale evenienza, peraltro, va comunque esclusa ai sensi dell\u2019art. 13 della legge 241\/1990: trattandosi di atto generale, infatti, la fattispecie \u00e8 soggetta all\u2019esonero dalle garanzie partecipative.<\/p>\n<p><strong>L\u2019istruttoria.<\/strong> La legittimit\u00e0 dell\u2019ordinanza \u00e8 confermata anche sul piano dell\u2019istruttoria: i giudici ribadiscono che i dati raccolti dal Comune confermano l\u2019elevato numero di macchinette per il gioco presenti nel territorio comunale e l\u2019aumento delle patologie connesse al gioco.<\/p>\n<p>La diffusione della ludopatia, in ogni caso, come espresso spesso in giurisprudenza, deve essere considerata un fatto notorio o, comunque, una nozione di fatto di comune esperienza; del resto, anche i dati riportati in istruttoria devono essere vagliati attentamente, se \u00e8 vero che il fenomeno \u00e8 di per s\u00e9 caratterizzato da una notevole cifra oscura.<\/p>\n<p><strong>Il principio di proporzionalit\u00e0.<\/strong> Il TAR conferma la legittimit\u00e0 del provvedimento anche sul piano del rispetto del principio di proporzionalit\u00e0: la libert\u00e0 di iniziativa economica non \u00e8 assoluta ed \u00e8 quindi possibili porre dei limiti senza che da ci\u00f2 discenda l\u2019assenza di un bilanciamento. Anzi, proprio l\u2019introduzione di fasce orarie dimostrerebbe la considerazione delle esigenze dei privati, posto che permette di non interdire completamente l\u2019iniziativa economica.<\/p>\n<p>Le otto ore di funzionamento consentite dall\u2019ordinanza sono giudicate proporzionate dal TAR rispetto agli obiettivi perseguiti e attuano un ragionevole contemperamento degli interessi economici degli imprenditori del settore con l\u2019interesse pubblico a prevenire e contrastare fenomeni di patologia sociale connessi al gioco compulsivo, \u201cnon essendo revocabile in dubbio che un\u2019illimitata o incontrollata possibilit\u00e0 di accesso al gioco accresce il rischio di diffusione di fenomeni di dipendenza\u201d.<\/p>\n<p>Lo scopo dell\u2019ordinanza va individuato nella prevenzione, contrasto e riduzione del rischio di \u201cdipendenza patologica derivante dalla frequentazione di sale da gioco o scommessa e dall\u2019utilizzo di apparecchiature per il gioco. La riduzione degli orari di apertura delle sale pubbliche da gioco \u00e8, in altre parole, solo una delle molteplici misure che le autorit\u00e0 pubbliche possono mettere in campo per combattere il fenomeno della ludopatia, che ha radici complesse e rispetto al quale non esistono soluzioni di sicuro effetto\u201d.<\/p>\n<p>Tutto ci\u00f2, del resto, \u00e8 in linea con quanto espresso in sede comunitaria anche dalla Risoluzione del Parlamento Europeo del 10\/09\/2013 e a livello nazionale dal Decreto Balduzzi. In quest\u2019ultimo, in particolare, si prevedeva anche la \u201cprogressiva ricollocazione dei punti della rete fisica di raccolta dei punti gioco per tener conto della presenza nel territorio di scuole, strutture sanitarie e ospedaliere, luoghi di culto, centri socio- ricreativi e sportivi\u201d: in assenza del relativo decreto ministeriale, \u201cle amministrazioni regionali e locali hanno adottato legittimamente, in assenza di una normativa di coordinamento di ambito statale, propri regolamenti in materia\u201d.<\/p>\n<p><strong>Il rapporto tra le misure adottate in Comuni diversi.<\/strong> Il TAR rigetta la censura del ricorrente che contestava la disparit\u00e0 di trattamento rispetto agli operatori di Comuni diversi. Dicono i giudici che \u201ci provvedimenti municipali esplicano la loro efficacia solo nei rispettivi territori\u201d e \u201cpur essendo auspicabile una regolamentazione uniforme della disciplina degli orari di apertura delle strutture in cui si esercita l\u2019attivit\u00e0 di gioco o scommessa da parte dei Comuni, allo stato, non sussiste alcun obbligo in tal senso, potendo ogni Comune provvedere autonomamente\u201d.<\/p>\n<p>Anzi, ribadisce il TAR, a fronte del rischio ludopatia, sussiste in capo ai Comuni un vero e proprio obbligo di intervento per limitare le attivit\u00e0 di gioco.<\/p>\n<p><strong>Altre censure.<\/strong> Il TAR respinge anche le ulteriori doglianze presentate dall\u2019esercente. Tra queste:<\/p>\n<ul>\n<li>Non \u00e8 illogico accomunare gli apparecchi AWP e VLT sul piano delle limitazioni: entrambi sono capaci, in virt\u00f9 dei sistemi di automazione che li caratterizzano, di creare dipendenza nei giocatori;<\/li>\n<li>L\u2019obbligo di spegnimento degli apparecchi nel periodo di non funzionamento non contrasta con le prescrizioni poste a carico dei concessionari di rete nella convenzione di concessione sottoscritta con l\u2019Agenzia delle Dogane e dei Monopoli, che impongono il collegamento costante alla rete: non pu\u00f2 essere qualificato come inadempimento ad un obbligo convenzionale il rispetto di una prescrizione imposta da un\u2019ordinanza comunale. Occorrer\u00e0, semmai, intervenire sulla disciplina convenzionale al fine di rendere omogenee le previsioni;<\/li>\n<li>L\u2019argomento con cui il ricorrente stigmatizza la mancata valutazione dell\u2019incidenza delle forme di gioco illegali, verso le quali i soggetti ludopatici si indirizzerebbero, prova troppo poich\u00e9 dimostra che comunque \u00e8 opportuno limitare gi\u00e0 una delle possibili forme di gioco, appunto quelle legali, se altre ve ne sono a disposizione;<\/li>\n<li>In termini generali, ribadiscono i giudici che \u201cse la premessa \u00e8 quella di voler contrastare il fenomeno della ludopatia, \u00e8 coerente con essa la decisione di limitare l\u2019offerta (sia pure temporale) di gioco\u201d.<\/li>\n<\/ul>\n","protected":false},"excerpt":{"rendered":"<p>Premessa. Il Comune di Capua, con ordinanza commissariale n. 2 del 21 Dicembre 2018, ha stabilito gli orari di esercizio delle sale gioco e di&nbsp;<span class=\"hellipsis\">[&hellip;]<\/span><a class=\"more-link\" href=\"https:\/\/welaikaadv.site\/avviso\/home\/cosa-facciamo\/informare\/documenti-tematici\/gioco-dazzardo\/il-tar-di-napoli-conferma-la-legittimita-dei-limiti-orari-del-comune-di-capua\/\">Leggi tutto <span class=\"screen-reader-text\">IL TAR DI NAPOLI CONFERMA LA LEGITTIMIT\u00c0 DEI LIMITI ORARI DEL COMUNE DI CAPUA<\/span> <span class=\"meta-nav\" aria-hidden=\"true\">&rarr;<\/span><\/a><\/p>\n","protected":false},"author":1,"featured_media":0,"parent":202,"menu_order":160,"comment_status":"closed","ping_status":"closed","template":"","meta":{"_acf_changed":false,"_exactmetrics_skip_tracking":false,"_exactmetrics_sitenote_active":false,"_exactmetrics_sitenote_note":"","_exactmetrics_sitenote_category":0,"wp_social_preview_title":"","wp_social_preview_description":"","wp_social_preview_image":0,"footnotes":""},"class_list":["post-51105","page","type-page","status-publish","hentry"],"acf":[],"yoast_head":"<!-- This site is optimized with the Yoast SEO plugin v27.2 - https:\/\/yoast.com\/product\/yoast-seo-wordpress\/ -->\n<title>IL TAR DI NAPOLI CONFERMA LA LEGITTIMIT\u00c0 DEI LIMITI ORARI DEL COMUNE DI CAPUA - Staging Avviso Pubblico<\/title>\n<meta name=\"robots\" content=\"noindex, follow, max-snippet:-1, max-image-preview:large, max-video-preview:-1\" \/>\n<meta property=\"og:locale\" content=\"it_IT\" \/>\n<meta property=\"og:type\" content=\"article\" \/>\n<meta property=\"og:title\" content=\"IL TAR DI NAPOLI CONFERMA LA LEGITTIMIT\u00c0 DEI LIMITI ORARI DEL COMUNE DI CAPUA - Staging Avviso Pubblico\" \/>\n<meta property=\"og:description\" content=\"Premessa. Il Comune di Capua, con ordinanza commissariale n. 2 del 21 Dicembre 2018, ha stabilito gli orari di esercizio delle sale gioco e di&nbsp;[&hellip;]Leggi tutto IL TAR DI NAPOLI CONFERMA LA LEGITTIMIT\u00c0 DEI LIMITI ORARI DEL COMUNE DI CAPUA &rarr;\" \/>\n<meta property=\"og:url\" content=\"https:\/\/welaikaadv.site\/avviso\/home\/cosa-facciamo\/informare\/documenti-tematici\/gioco-dazzardo\/il-tar-di-napoli-conferma-la-legittimita-dei-limiti-orari-del-comune-di-capua\/\" \/>\n<meta property=\"og:site_name\" content=\"Staging Avviso Pubblico\" \/>\n<meta name=\"twitter:card\" content=\"summary_large_image\" \/>\n<meta name=\"twitter:label1\" content=\"Tempo di lettura stimato\" \/>\n\t<meta name=\"twitter:data1\" content=\"5 minuti\" \/>\n<script type=\"application\/ld+json\" class=\"yoast-schema-graph\">{\"@context\":\"https:\/\/schema.org\",\"@graph\":[{\"@type\":\"WebPage\",\"@id\":\"https:\/\/welaikaadv.site\/avviso\/home\/cosa-facciamo\/informare\/documenti-tematici\/gioco-dazzardo\/il-tar-di-napoli-conferma-la-legittimita-dei-limiti-orari-del-comune-di-capua\/\",\"url\":\"https:\/\/welaikaadv.site\/avviso\/home\/cosa-facciamo\/informare\/documenti-tematici\/gioco-dazzardo\/il-tar-di-napoli-conferma-la-legittimita-dei-limiti-orari-del-comune-di-capua\/\",\"name\":\"IL TAR DI NAPOLI CONFERMA LA LEGITTIMIT\u00c0 DEI LIMITI ORARI DEL COMUNE DI CAPUA - Staging Avviso Pubblico\",\"isPartOf\":{\"@id\":\"https:\/\/welaikaadv.site\/avviso\/#website\"},\"datePublished\":\"2022-10-11T14:29:36+00:00\",\"breadcrumb\":{\"@id\":\"https:\/\/welaikaadv.site\/avviso\/home\/cosa-facciamo\/informare\/documenti-tematici\/gioco-dazzardo\/il-tar-di-napoli-conferma-la-legittimita-dei-limiti-orari-del-comune-di-capua\/#breadcrumb\"},\"inLanguage\":\"it-IT\",\"potentialAction\":[{\"@type\":\"ReadAction\",\"target\":[\"https:\/\/welaikaadv.site\/avviso\/home\/cosa-facciamo\/informare\/documenti-tematici\/gioco-dazzardo\/il-tar-di-napoli-conferma-la-legittimita-dei-limiti-orari-del-comune-di-capua\/\"]}]},{\"@type\":\"BreadcrumbList\",\"@id\":\"https:\/\/welaikaadv.site\/avviso\/home\/cosa-facciamo\/informare\/documenti-tematici\/gioco-dazzardo\/il-tar-di-napoli-conferma-la-legittimita-dei-limiti-orari-del-comune-di-capua\/#breadcrumb\",\"itemListElement\":[{\"@type\":\"ListItem\",\"position\":1,\"name\":\"Home\",\"item\":\"https:\/\/welaikaadv.site\/avviso\/\"},{\"@type\":\"ListItem\",\"position\":2,\"name\":\"IL TAR DI NAPOLI CONFERMA LA LEGITTIMIT\u00c0 DEI LIMITI ORARI DEL COMUNE DI CAPUA\"}]},{\"@type\":\"WebSite\",\"@id\":\"https:\/\/welaikaadv.site\/avviso\/#website\",\"url\":\"https:\/\/welaikaadv.site\/avviso\/\",\"name\":\"Staging Avviso Pubblico\",\"description\":\"\",\"publisher\":{\"@id\":\"https:\/\/welaikaadv.site\/avviso\/#organization\"},\"potentialAction\":[{\"@type\":\"SearchAction\",\"target\":{\"@type\":\"EntryPoint\",\"urlTemplate\":\"https:\/\/welaikaadv.site\/avviso\/?s={search_term_string}\"},\"query-input\":{\"@type\":\"PropertyValueSpecification\",\"valueRequired\":true,\"valueName\":\"search_term_string\"}}],\"inLanguage\":\"it-IT\"},{\"@type\":\"Organization\",\"@id\":\"https:\/\/welaikaadv.site\/avviso\/#organization\",\"name\":\"Staging Avviso Pubblico\",\"url\":\"https:\/\/welaikaadv.site\/avviso\/\",\"logo\":{\"@type\":\"ImageObject\",\"inLanguage\":\"it-IT\",\"@id\":\"https:\/\/welaikaadv.site\/avviso\/#\/schema\/logo\/image\/\",\"url\":\"https:\/\/welaikaadv.site\/avviso\/wp-content\/uploads\/2024\/08\/logoAPsito-400.png\",\"contentUrl\":\"https:\/\/welaikaadv.site\/avviso\/wp-content\/uploads\/2024\/08\/logoAPsito-400.png\",\"width\":400,\"height\":97,\"caption\":\"Staging Avviso Pubblico\"},\"image\":{\"@id\":\"https:\/\/welaikaadv.site\/avviso\/#\/schema\/logo\/image\/\"}}]}<\/script>\n<!-- \/ Yoast SEO plugin. -->","yoast_head_json":{"title":"IL TAR DI NAPOLI CONFERMA LA LEGITTIMIT\u00c0 DEI LIMITI ORARI DEL COMUNE DI CAPUA - Staging Avviso Pubblico","robots":{"index":"noindex","follow":"follow","max-snippet":"max-snippet:-1","max-image-preview":"max-image-preview:large","max-video-preview":"max-video-preview:-1"},"og_locale":"it_IT","og_type":"article","og_title":"IL TAR DI NAPOLI CONFERMA LA LEGITTIMIT\u00c0 DEI LIMITI ORARI DEL COMUNE DI CAPUA - Staging Avviso Pubblico","og_description":"Premessa. Il Comune di Capua, con ordinanza commissariale n. 2 del 21 Dicembre 2018, ha stabilito gli orari di esercizio delle sale gioco e di&nbsp;[&hellip;]Leggi tutto IL TAR DI NAPOLI CONFERMA LA LEGITTIMIT\u00c0 DEI LIMITI ORARI DEL COMUNE DI CAPUA &rarr;","og_url":"https:\/\/welaikaadv.site\/avviso\/home\/cosa-facciamo\/informare\/documenti-tematici\/gioco-dazzardo\/il-tar-di-napoli-conferma-la-legittimita-dei-limiti-orari-del-comune-di-capua\/","og_site_name":"Staging Avviso Pubblico","twitter_card":"summary_large_image","twitter_misc":{"Tempo di lettura stimato":"5 minuti"},"schema":{"@context":"https:\/\/schema.org","@graph":[{"@type":"WebPage","@id":"https:\/\/welaikaadv.site\/avviso\/home\/cosa-facciamo\/informare\/documenti-tematici\/gioco-dazzardo\/il-tar-di-napoli-conferma-la-legittimita-dei-limiti-orari-del-comune-di-capua\/","url":"https:\/\/welaikaadv.site\/avviso\/home\/cosa-facciamo\/informare\/documenti-tematici\/gioco-dazzardo\/il-tar-di-napoli-conferma-la-legittimita-dei-limiti-orari-del-comune-di-capua\/","name":"IL TAR DI NAPOLI CONFERMA LA LEGITTIMIT\u00c0 DEI LIMITI ORARI DEL COMUNE DI CAPUA - Staging Avviso Pubblico","isPartOf":{"@id":"https:\/\/welaikaadv.site\/avviso\/#website"},"datePublished":"2022-10-11T14:29:36+00:00","breadcrumb":{"@id":"https:\/\/welaikaadv.site\/avviso\/home\/cosa-facciamo\/informare\/documenti-tematici\/gioco-dazzardo\/il-tar-di-napoli-conferma-la-legittimita-dei-limiti-orari-del-comune-di-capua\/#breadcrumb"},"inLanguage":"it-IT","potentialAction":[{"@type":"ReadAction","target":["https:\/\/welaikaadv.site\/avviso\/home\/cosa-facciamo\/informare\/documenti-tematici\/gioco-dazzardo\/il-tar-di-napoli-conferma-la-legittimita-dei-limiti-orari-del-comune-di-capua\/"]}]},{"@type":"BreadcrumbList","@id":"https:\/\/welaikaadv.site\/avviso\/home\/cosa-facciamo\/informare\/documenti-tematici\/gioco-dazzardo\/il-tar-di-napoli-conferma-la-legittimita-dei-limiti-orari-del-comune-di-capua\/#breadcrumb","itemListElement":[{"@type":"ListItem","position":1,"name":"Home","item":"https:\/\/welaikaadv.site\/avviso\/"},{"@type":"ListItem","position":2,"name":"IL TAR DI NAPOLI CONFERMA LA LEGITTIMIT\u00c0 DEI LIMITI ORARI DEL COMUNE DI CAPUA"}]},{"@type":"WebSite","@id":"https:\/\/welaikaadv.site\/avviso\/#website","url":"https:\/\/welaikaadv.site\/avviso\/","name":"Staging Avviso Pubblico","description":"","publisher":{"@id":"https:\/\/welaikaadv.site\/avviso\/#organization"},"potentialAction":[{"@type":"SearchAction","target":{"@type":"EntryPoint","urlTemplate":"https:\/\/welaikaadv.site\/avviso\/?s={search_term_string}"},"query-input":{"@type":"PropertyValueSpecification","valueRequired":true,"valueName":"search_term_string"}}],"inLanguage":"it-IT"},{"@type":"Organization","@id":"https:\/\/welaikaadv.site\/avviso\/#organization","name":"Staging Avviso Pubblico","url":"https:\/\/welaikaadv.site\/avviso\/","logo":{"@type":"ImageObject","inLanguage":"it-IT","@id":"https:\/\/welaikaadv.site\/avviso\/#\/schema\/logo\/image\/","url":"https:\/\/welaikaadv.site\/avviso\/wp-content\/uploads\/2024\/08\/logoAPsito-400.png","contentUrl":"https:\/\/welaikaadv.site\/avviso\/wp-content\/uploads\/2024\/08\/logoAPsito-400.png","width":400,"height":97,"caption":"Staging Avviso Pubblico"},"image":{"@id":"https:\/\/welaikaadv.site\/avviso\/#\/schema\/logo\/image\/"}}]}},"_links":{"self":[{"href":"https:\/\/welaikaadv.site\/avviso\/wp-json\/wp\/v2\/pages\/51105","targetHints":{"allow":["GET"]}}],"collection":[{"href":"https:\/\/welaikaadv.site\/avviso\/wp-json\/wp\/v2\/pages"}],"about":[{"href":"https:\/\/welaikaadv.site\/avviso\/wp-json\/wp\/v2\/types\/page"}],"author":[{"embeddable":true,"href":"https:\/\/welaikaadv.site\/avviso\/wp-json\/wp\/v2\/users\/1"}],"replies":[{"embeddable":true,"href":"https:\/\/welaikaadv.site\/avviso\/wp-json\/wp\/v2\/comments?post=51105"}],"version-history":[{"count":0,"href":"https:\/\/welaikaadv.site\/avviso\/wp-json\/wp\/v2\/pages\/51105\/revisions"}],"up":[{"embeddable":true,"href":"https:\/\/welaikaadv.site\/avviso\/wp-json\/wp\/v2\/pages\/202"}],"wp:attachment":[{"href":"https:\/\/welaikaadv.site\/avviso\/wp-json\/wp\/v2\/media?parent=51105"}],"curies":[{"name":"wp","href":"https:\/\/api.w.org\/{rel}","templated":true}]}}