{"id":51152,"date":"2022-10-14T10:08:36","date_gmt":"2022-10-14T08:08:36","guid":{"rendered":"https:\/\/www.avvisopubblico.it\/home\/?page_id=51152"},"modified":"2022-10-14T10:08:36","modified_gmt":"2022-10-14T08:08:36","slug":"il-tar-lombardia-rileva-carenze-istruttorie-nellordinanza-limitativa-degli-orari-del-gioco-adottata-dal-comune-di-trezzo-sulladda-mi","status":"publish","type":"page","link":"https:\/\/welaikaadv.site\/avviso\/home\/cosa-facciamo\/informare\/documenti-tematici\/gioco-dazzardo\/il-tar-lombardia-rileva-carenze-istruttorie-nellordinanza-limitativa-degli-orari-del-gioco-adottata-dal-comune-di-trezzo-sulladda-mi\/","title":{"rendered":"IL TAR LOMBARDIA RILEVA CARENZE ISTRUTTORIE NELL\u2019ORDINANZA LIMITATIVA DEGLI ORARI DEL GIOCO ADOTTATA DAL COMUNE DI TREZZO SULL\u2019ADDA (MI)"},"content":{"rendered":"<p><strong>Premessa. <\/strong>Il Comune di Trezzo sull\u2019Adda (Mi) con l\u2019ordinanza sindacale n. 17 del 23 febbraio 2022 ha provveduto a disciplinare gli orari delle attivit\u00e0 commerciali presenti sul proprio territorio. Tra queste, anche le sale giochi\/scommesse, per cui \u00e8 stata stabilita la chiusura dalle ore 19.00 alle ore 1.00.<\/p>\n<p>Una societ\u00e0 autorizzata alla conduzione dell\u2019esercizio dedito esclusivamente al gioco con apparecchi ha sollevato ricorso dinanzi al TAR Lombardia: il Collegio lombardo ha accolto le doglianze dell\u2019esercente, annullando l\u2019ordinanza nella parte in cui limitava gli orari per le sale giochi\/scommesse, con la sentenza <a href=\"https:\/\/www.giustizia-amministrativa.it\/portale\/pages\/istituzionale\/visualizza\/?nodeRef=&amp;schema=tar_mi&amp;nrg=202201554&amp;nomeFile=202202182_20.html&amp;subDir=Provvedimenti\">2182\/2022<\/a> che qui si analizza.<\/p>\n<p><strong>Il principio di proporzionalit\u00e0.<\/strong> Sostengono i giudici che il potere del Sindaco di regolamentare gli orari di apertura delle sale gioco e di funzionamento degli apparecchi da gioco debba essere esercitato \u201cponderando, in termini ragionevoli e proporzionali, i contrapposti interessi\u201d che emergono. Si tratta, evidentemente, dell\u2019interesse dei privati e di quelli pubblici rivolti alla necessit\u00e0 di salvaguardare la sicurezza e la salute della collettivit\u00e0 locale, con specifico riferimento ai rischi connaturati all\u2019esercizio del gioco d\u2019azzardo lecito.<\/p>\n<p>L\u2019evidente prevalenza delle esigenze del secondo tipo su quelle imprenditoriali ed economiche non pu\u00f2 per\u00f2 risolversi, secondo il TAR Lombardia, \u201cnell\u2019adozione di atti amministrativi che, in aperta contraddizione con il fondamentale principio di proporzionalit\u00e0, comprimano la sfera giuridica degli operatori economici (peraltro titolari di specifiche autorizzazioni) in misura eccessiva rispetto all\u2019obiettivo da raggiungere\u201d.<\/p>\n<p><strong>L\u2019istruttoria.<\/strong> Affinch\u00e9 ci\u00f2 non avvenga, rilevano i giudici, \u00e8 necessario che venga compiuta \u201cun\u2019accurata indagine sull\u2019effettiva sussistenza dell\u2019interesse contrapposto a quello dei titolari delle autorizzazioni rilasciate\u201d e \u201csulle modalit\u00e0 e la misura in cui tale interesse concretamente si manifesta nello specifico contesto socio economico e territoriale di riferimento\u201d.<\/p>\n<p>Serve quindi un\u2019attivit\u00e0 istruttoria che conduca ad individuare, rispetto al territorio in esame, \u201ci limiti di funzionamento alle attivit\u00e0 imprenditoriali del settore in modo proporzionato, equilibrato e ragionevole\u201d.<\/p>\n<p>Secondo il TAR Lombardia \u00e8 quel che nel caso specifico \u00e8 mancato: il Sindaco di Trezzo sull\u2019Adda ha omesso, scrivono i giudici, \u201cogni tipo di indagine e di attivit\u00e0 istruttoria diretta alla ricostruzione della situazione di fatto afferente ai rischi derivanti dal funzionamento delle sale gioco nel proprio Comune\u201d.<\/p>\n<p>Nello specifico il TAR rileva che non vi sono stati confronti con gli operatori del settore; che non si \u00e8 ricostruita la specifica realt\u00e0 del territorio comunale con riferimento alla diffusione del gioco d\u2019azzardo lecito e delle patologie che lo stesso pu\u00f2 causare; che non sono stati coinvolti altri uffici comunali, potenzialmente in possesso di informazioni rilevanti (servizi sociali e sanitari, polizia municipale, ecc.); che non risultano essere stati posti in essere approfondimenti sull\u2019incidenza della ludopatia a Trezzo sull\u2019Adda.<\/p>\n<p>La conseguenza \u00e8 che il Comune ha individuato i limiti orari di apertura delle sale giochi sulla base di considerazioni che il TAR ritiene \u201castratte, generiche, apodittiche e non suffragate da dati o ricerche di sorta, non declinate sulle particolari problematiche afferenti al gioco d\u2019azzardo lecito\u201d.<\/p>\n","protected":false},"excerpt":{"rendered":"<p>Premessa. Il Comune di Trezzo sull\u2019Adda (Mi) con l\u2019ordinanza sindacale n. 17 del 23 febbraio 2022 ha provveduto a disciplinare gli orari delle attivit\u00e0 commerciali&nbsp;<span class=\"hellipsis\">[&hellip;]<\/span><a class=\"more-link\" href=\"https:\/\/welaikaadv.site\/avviso\/home\/cosa-facciamo\/informare\/documenti-tematici\/gioco-dazzardo\/il-tar-lombardia-rileva-carenze-istruttorie-nellordinanza-limitativa-degli-orari-del-gioco-adottata-dal-comune-di-trezzo-sulladda-mi\/\">Leggi tutto <span class=\"screen-reader-text\">IL TAR LOMBARDIA RILEVA CARENZE ISTRUTTORIE NELL\u2019ORDINANZA LIMITATIVA DEGLI ORARI DEL GIOCO ADOTTATA DAL COMUNE DI TREZZO SULL\u2019ADDA (MI)<\/span> <span class=\"meta-nav\" aria-hidden=\"true\">&rarr;<\/span><\/a><\/p>\n","protected":false},"author":1,"featured_media":0,"parent":202,"menu_order":160,"comment_status":"closed","ping_status":"closed","template":"","meta":{"_acf_changed":false,"_exactmetrics_skip_tracking":false,"_exactmetrics_sitenote_active":false,"_exactmetrics_sitenote_note":"","_exactmetrics_sitenote_category":0,"wp_social_preview_title":"","wp_social_preview_description":"","wp_social_preview_image":0,"footnotes":""},"class_list":["post-51152","page","type-page","status-publish","hentry"],"acf":[],"yoast_head":"<!-- This site is optimized with the Yoast SEO plugin v27.2 - https:\/\/yoast.com\/product\/yoast-seo-wordpress\/ -->\n<title>IL TAR LOMBARDIA RILEVA CARENZE ISTRUTTORIE NELL\u2019ORDINANZA LIMITATIVA DEGLI ORARI DEL GIOCO ADOTTATA DAL COMUNE DI TREZZO SULL\u2019ADDA (MI) - Staging Avviso Pubblico<\/title>\n<meta name=\"robots\" content=\"noindex, follow, max-snippet:-1, max-image-preview:large, max-video-preview:-1\" \/>\n<meta property=\"og:locale\" content=\"it_IT\" \/>\n<meta property=\"og:type\" content=\"article\" \/>\n<meta property=\"og:title\" content=\"IL TAR LOMBARDIA RILEVA CARENZE ISTRUTTORIE NELL\u2019ORDINANZA LIMITATIVA DEGLI ORARI DEL GIOCO ADOTTATA DAL COMUNE DI TREZZO SULL\u2019ADDA (MI) - Staging Avviso Pubblico\" \/>\n<meta property=\"og:description\" content=\"Premessa. Il Comune di Trezzo sull\u2019Adda (Mi) con l\u2019ordinanza sindacale n. 17 del 23 febbraio 2022 ha provveduto a disciplinare gli orari delle attivit\u00e0 commerciali&nbsp;[&hellip;]Leggi tutto IL TAR LOMBARDIA RILEVA CARENZE ISTRUTTORIE NELL\u2019ORDINANZA LIMITATIVA DEGLI ORARI DEL GIOCO ADOTTATA DAL COMUNE DI TREZZO SULL\u2019ADDA (MI) &rarr;\" \/>\n<meta property=\"og:url\" content=\"https:\/\/welaikaadv.site\/avviso\/home\/cosa-facciamo\/informare\/documenti-tematici\/gioco-dazzardo\/il-tar-lombardia-rileva-carenze-istruttorie-nellordinanza-limitativa-degli-orari-del-gioco-adottata-dal-comune-di-trezzo-sulladda-mi\/\" \/>\n<meta property=\"og:site_name\" content=\"Staging Avviso Pubblico\" \/>\n<meta name=\"twitter:card\" content=\"summary_large_image\" \/>\n<meta name=\"twitter:label1\" content=\"Tempo di lettura stimato\" \/>\n\t<meta name=\"twitter:data1\" content=\"5 minuti\" \/>\n<script type=\"application\/ld+json\" class=\"yoast-schema-graph\">{\"@context\":\"https:\/\/schema.org\",\"@graph\":[{\"@type\":\"WebPage\",\"@id\":\"https:\/\/welaikaadv.site\/avviso\/home\/cosa-facciamo\/informare\/documenti-tematici\/gioco-dazzardo\/il-tar-lombardia-rileva-carenze-istruttorie-nellordinanza-limitativa-degli-orari-del-gioco-adottata-dal-comune-di-trezzo-sulladda-mi\/\",\"url\":\"https:\/\/welaikaadv.site\/avviso\/home\/cosa-facciamo\/informare\/documenti-tematici\/gioco-dazzardo\/il-tar-lombardia-rileva-carenze-istruttorie-nellordinanza-limitativa-degli-orari-del-gioco-adottata-dal-comune-di-trezzo-sulladda-mi\/\",\"name\":\"IL TAR LOMBARDIA RILEVA CARENZE ISTRUTTORIE NELL\u2019ORDINANZA LIMITATIVA DEGLI ORARI DEL GIOCO ADOTTATA DAL COMUNE DI TREZZO SULL\u2019ADDA (MI) - Staging Avviso Pubblico\",\"isPartOf\":{\"@id\":\"https:\/\/welaikaadv.site\/avviso\/#website\"},\"datePublished\":\"2022-10-14T08:08:36+00:00\",\"breadcrumb\":{\"@id\":\"https:\/\/welaikaadv.site\/avviso\/home\/cosa-facciamo\/informare\/documenti-tematici\/gioco-dazzardo\/il-tar-lombardia-rileva-carenze-istruttorie-nellordinanza-limitativa-degli-orari-del-gioco-adottata-dal-comune-di-trezzo-sulladda-mi\/#breadcrumb\"},\"inLanguage\":\"it-IT\",\"potentialAction\":[{\"@type\":\"ReadAction\",\"target\":[\"https:\/\/welaikaadv.site\/avviso\/home\/cosa-facciamo\/informare\/documenti-tematici\/gioco-dazzardo\/il-tar-lombardia-rileva-carenze-istruttorie-nellordinanza-limitativa-degli-orari-del-gioco-adottata-dal-comune-di-trezzo-sulladda-mi\/\"]}]},{\"@type\":\"BreadcrumbList\",\"@id\":\"https:\/\/welaikaadv.site\/avviso\/home\/cosa-facciamo\/informare\/documenti-tematici\/gioco-dazzardo\/il-tar-lombardia-rileva-carenze-istruttorie-nellordinanza-limitativa-degli-orari-del-gioco-adottata-dal-comune-di-trezzo-sulladda-mi\/#breadcrumb\",\"itemListElement\":[{\"@type\":\"ListItem\",\"position\":1,\"name\":\"Home\",\"item\":\"https:\/\/welaikaadv.site\/avviso\/\"},{\"@type\":\"ListItem\",\"position\":2,\"name\":\"IL TAR LOMBARDIA RILEVA CARENZE ISTRUTTORIE NELL\u2019ORDINANZA LIMITATIVA DEGLI ORARI DEL GIOCO ADOTTATA DAL COMUNE DI TREZZO SULL\u2019ADDA (MI)\"}]},{\"@type\":\"WebSite\",\"@id\":\"https:\/\/welaikaadv.site\/avviso\/#website\",\"url\":\"https:\/\/welaikaadv.site\/avviso\/\",\"name\":\"Staging Avviso Pubblico\",\"description\":\"\",\"publisher\":{\"@id\":\"https:\/\/welaikaadv.site\/avviso\/#organization\"},\"potentialAction\":[{\"@type\":\"SearchAction\",\"target\":{\"@type\":\"EntryPoint\",\"urlTemplate\":\"https:\/\/welaikaadv.site\/avviso\/?s={search_term_string}\"},\"query-input\":{\"@type\":\"PropertyValueSpecification\",\"valueRequired\":true,\"valueName\":\"search_term_string\"}}],\"inLanguage\":\"it-IT\"},{\"@type\":\"Organization\",\"@id\":\"https:\/\/welaikaadv.site\/avviso\/#organization\",\"name\":\"Staging Avviso Pubblico\",\"url\":\"https:\/\/welaikaadv.site\/avviso\/\",\"logo\":{\"@type\":\"ImageObject\",\"inLanguage\":\"it-IT\",\"@id\":\"https:\/\/welaikaadv.site\/avviso\/#\/schema\/logo\/image\/\",\"url\":\"https:\/\/welaikaadv.site\/avviso\/wp-content\/uploads\/2024\/08\/logoAPsito-400.png\",\"contentUrl\":\"https:\/\/welaikaadv.site\/avviso\/wp-content\/uploads\/2024\/08\/logoAPsito-400.png\",\"width\":400,\"height\":97,\"caption\":\"Staging Avviso Pubblico\"},\"image\":{\"@id\":\"https:\/\/welaikaadv.site\/avviso\/#\/schema\/logo\/image\/\"}}]}<\/script>\n<!-- \/ Yoast SEO plugin. -->","yoast_head_json":{"title":"IL TAR LOMBARDIA RILEVA CARENZE ISTRUTTORIE NELL\u2019ORDINANZA LIMITATIVA DEGLI ORARI DEL GIOCO ADOTTATA DAL COMUNE DI TREZZO SULL\u2019ADDA (MI) - Staging Avviso Pubblico","robots":{"index":"noindex","follow":"follow","max-snippet":"max-snippet:-1","max-image-preview":"max-image-preview:large","max-video-preview":"max-video-preview:-1"},"og_locale":"it_IT","og_type":"article","og_title":"IL TAR LOMBARDIA RILEVA CARENZE ISTRUTTORIE NELL\u2019ORDINANZA LIMITATIVA DEGLI ORARI DEL GIOCO ADOTTATA DAL COMUNE DI TREZZO SULL\u2019ADDA (MI) - Staging Avviso Pubblico","og_description":"Premessa. Il Comune di Trezzo sull\u2019Adda (Mi) con l\u2019ordinanza sindacale n. 17 del 23 febbraio 2022 ha provveduto a disciplinare gli orari delle attivit\u00e0 commerciali&nbsp;[&hellip;]Leggi tutto IL TAR LOMBARDIA RILEVA CARENZE ISTRUTTORIE NELL\u2019ORDINANZA LIMITATIVA DEGLI ORARI DEL GIOCO ADOTTATA DAL COMUNE DI TREZZO SULL\u2019ADDA (MI) &rarr;","og_url":"https:\/\/welaikaadv.site\/avviso\/home\/cosa-facciamo\/informare\/documenti-tematici\/gioco-dazzardo\/il-tar-lombardia-rileva-carenze-istruttorie-nellordinanza-limitativa-degli-orari-del-gioco-adottata-dal-comune-di-trezzo-sulladda-mi\/","og_site_name":"Staging Avviso Pubblico","twitter_card":"summary_large_image","twitter_misc":{"Tempo di lettura stimato":"5 minuti"},"schema":{"@context":"https:\/\/schema.org","@graph":[{"@type":"WebPage","@id":"https:\/\/welaikaadv.site\/avviso\/home\/cosa-facciamo\/informare\/documenti-tematici\/gioco-dazzardo\/il-tar-lombardia-rileva-carenze-istruttorie-nellordinanza-limitativa-degli-orari-del-gioco-adottata-dal-comune-di-trezzo-sulladda-mi\/","url":"https:\/\/welaikaadv.site\/avviso\/home\/cosa-facciamo\/informare\/documenti-tematici\/gioco-dazzardo\/il-tar-lombardia-rileva-carenze-istruttorie-nellordinanza-limitativa-degli-orari-del-gioco-adottata-dal-comune-di-trezzo-sulladda-mi\/","name":"IL TAR LOMBARDIA RILEVA CARENZE ISTRUTTORIE NELL\u2019ORDINANZA LIMITATIVA DEGLI ORARI DEL GIOCO ADOTTATA DAL COMUNE DI TREZZO SULL\u2019ADDA (MI) - Staging Avviso Pubblico","isPartOf":{"@id":"https:\/\/welaikaadv.site\/avviso\/#website"},"datePublished":"2022-10-14T08:08:36+00:00","breadcrumb":{"@id":"https:\/\/welaikaadv.site\/avviso\/home\/cosa-facciamo\/informare\/documenti-tematici\/gioco-dazzardo\/il-tar-lombardia-rileva-carenze-istruttorie-nellordinanza-limitativa-degli-orari-del-gioco-adottata-dal-comune-di-trezzo-sulladda-mi\/#breadcrumb"},"inLanguage":"it-IT","potentialAction":[{"@type":"ReadAction","target":["https:\/\/welaikaadv.site\/avviso\/home\/cosa-facciamo\/informare\/documenti-tematici\/gioco-dazzardo\/il-tar-lombardia-rileva-carenze-istruttorie-nellordinanza-limitativa-degli-orari-del-gioco-adottata-dal-comune-di-trezzo-sulladda-mi\/"]}]},{"@type":"BreadcrumbList","@id":"https:\/\/welaikaadv.site\/avviso\/home\/cosa-facciamo\/informare\/documenti-tematici\/gioco-dazzardo\/il-tar-lombardia-rileva-carenze-istruttorie-nellordinanza-limitativa-degli-orari-del-gioco-adottata-dal-comune-di-trezzo-sulladda-mi\/#breadcrumb","itemListElement":[{"@type":"ListItem","position":1,"name":"Home","item":"https:\/\/welaikaadv.site\/avviso\/"},{"@type":"ListItem","position":2,"name":"IL TAR LOMBARDIA RILEVA CARENZE ISTRUTTORIE NELL\u2019ORDINANZA LIMITATIVA DEGLI ORARI DEL GIOCO ADOTTATA DAL COMUNE DI TREZZO SULL\u2019ADDA (MI)"}]},{"@type":"WebSite","@id":"https:\/\/welaikaadv.site\/avviso\/#website","url":"https:\/\/welaikaadv.site\/avviso\/","name":"Staging Avviso Pubblico","description":"","publisher":{"@id":"https:\/\/welaikaadv.site\/avviso\/#organization"},"potentialAction":[{"@type":"SearchAction","target":{"@type":"EntryPoint","urlTemplate":"https:\/\/welaikaadv.site\/avviso\/?s={search_term_string}"},"query-input":{"@type":"PropertyValueSpecification","valueRequired":true,"valueName":"search_term_string"}}],"inLanguage":"it-IT"},{"@type":"Organization","@id":"https:\/\/welaikaadv.site\/avviso\/#organization","name":"Staging Avviso Pubblico","url":"https:\/\/welaikaadv.site\/avviso\/","logo":{"@type":"ImageObject","inLanguage":"it-IT","@id":"https:\/\/welaikaadv.site\/avviso\/#\/schema\/logo\/image\/","url":"https:\/\/welaikaadv.site\/avviso\/wp-content\/uploads\/2024\/08\/logoAPsito-400.png","contentUrl":"https:\/\/welaikaadv.site\/avviso\/wp-content\/uploads\/2024\/08\/logoAPsito-400.png","width":400,"height":97,"caption":"Staging Avviso Pubblico"},"image":{"@id":"https:\/\/welaikaadv.site\/avviso\/#\/schema\/logo\/image\/"}}]}},"_links":{"self":[{"href":"https:\/\/welaikaadv.site\/avviso\/wp-json\/wp\/v2\/pages\/51152","targetHints":{"allow":["GET"]}}],"collection":[{"href":"https:\/\/welaikaadv.site\/avviso\/wp-json\/wp\/v2\/pages"}],"about":[{"href":"https:\/\/welaikaadv.site\/avviso\/wp-json\/wp\/v2\/types\/page"}],"author":[{"embeddable":true,"href":"https:\/\/welaikaadv.site\/avviso\/wp-json\/wp\/v2\/users\/1"}],"replies":[{"embeddable":true,"href":"https:\/\/welaikaadv.site\/avviso\/wp-json\/wp\/v2\/comments?post=51152"}],"version-history":[{"count":0,"href":"https:\/\/welaikaadv.site\/avviso\/wp-json\/wp\/v2\/pages\/51152\/revisions"}],"up":[{"embeddable":true,"href":"https:\/\/welaikaadv.site\/avviso\/wp-json\/wp\/v2\/pages\/202"}],"wp:attachment":[{"href":"https:\/\/welaikaadv.site\/avviso\/wp-json\/wp\/v2\/media?parent=51152"}],"curies":[{"name":"wp","href":"https:\/\/api.w.org\/{rel}","templated":true}]}}