{"id":51569,"date":"2022-11-21T08:49:31","date_gmt":"2022-11-21T07:49:31","guid":{"rendered":"https:\/\/www.avvisopubblico.it\/home\/?page_id=51569"},"modified":"2022-11-21T08:49:31","modified_gmt":"2022-11-21T07:49:31","slug":"il-tar-calabria-conferma-la-legittimita-del-distanziometro-regionale","status":"publish","type":"page","link":"https:\/\/welaikaadv.site\/avviso\/home\/cosa-facciamo\/informare\/documenti-tematici\/gioco-dazzardo\/il-tar-calabria-conferma-la-legittimita-del-distanziometro-regionale\/","title":{"rendered":"IL TAR CALABRIA CONFERMA LA LEGITTIMIT\u00c0 DEL DISTANZIOMETRO REGIONALE"},"content":{"rendered":"<p><strong>Premessa.<\/strong> La Regione Calabria, con la <a href=\"https:\/\/welaikaadv.site\/avviso\/home\/cosa-facciamo\/informare\/documenti-tematici\/gioco-dazzardo\/la-legge-della-regione-calabria-di-contrasto-del-gioco-patologico\/\">legge regionale 9\/2018<\/a> (Interventi regionali per la prevenzione e il contrasto del fenomeno della &#8216;ndrangheta e per la promozione della legalit\u00e0, dell&#8217;economia responsabile e della trasparenza) ha introdotto all\u2019art. 19 il distanziometro regionale, prevedendo in particolare il divieto di collocazione di apparecchi da gioco in locali che si trovano ad una distanza inferiore a trecento metri rispetto ad alcuni luoghi cd. sensibili per i comuni con popolazione fino a cinquemila abitanti, e a cinquecento metri, per i comuni con popolazione superiore a cinquemila abitanti.<\/p>\n<p>Il Comune di Botricello nel 2018 ha inibito l&#8217;inizio dell&#8217;attivit\u00e0 di sala giochi oggetto di segnalazione certificata (SCIA) in quanto in contrasto con tali distanze.<\/p>\n<p>Il TAR Calabria, a seguito del ricorso dell\u2019esercente (che lamentava l\u2019incostituzionalit\u00e0 della legge regionale sotto quattro profili), si \u00e8 pronunciata, confermando il distanziometro, con la sentenza <a href=\"https:\/\/www.giustizia-amministrativa.it\/portale\/pages\/istituzionale\/visualizza\/?nodeRef=&amp;schema=tar_cz&amp;nrg=201801442&amp;nomeFile=202202077_01.html&amp;subDir=Provvedimenti\">2077\/2022<\/a> che qui si analizza.<\/p>\n<p><strong>La finalit\u00e0 di carattere socio-sanitario della legge regionale. <\/strong>Nonostante il titolo della legge regionale 9\/2018, i giudici non hanno dubbi nel ricondurre la finalit\u00e0 dell\u2019art. 19 nell\u2019alveo della competenza (concorrente) \u201ctutela della salute\u201d. \u00c8 sulla base di questa argomentazione, dunque, che il TAR respinge la prima doglianza dell\u2019operatore economico, che riteneva invasa la competenza esclusiva dello Stato in materia di ordine pubblico e sicurezza.<\/p>\n<p>Spiegano invero i giudici che \u201cil legislatore regionale non \u00e8 intervenuto per contrastare il gioco illegale, n\u00e9 per disciplinare direttamente le modalit\u00e0 di installazione e di utilizzo degli apparecchi da gioco leciti e neppure per individuare i giochi leciti (\u2026) bens\u00ec per evitare la prossimit\u00e0 delle sale e degli apparecchi da gioco a determinati luoghi, ove si radunano soggetti ritenuti psicologicamente pi\u00f9 esposti all&#8217;illusione di conseguire vincite e facili guadagni e, quindi, al rischio di cadere vittime della dipendenza da gioco d&#8217;azzardo\u201d.<\/p>\n<p><strong>La tutela della concorrenza.<\/strong> Anche il secondo profilo di incostituzionalit\u00e0 sollevato dall\u2019esercente (violazione della legislazione statale esclusiva della tutela della concorrenza) viene respinto.<\/p>\n<p>I giudici valorizzano, infatti, la circostanza che \u201cla fissazione di distanze tra gli apparecchi per il gioco e i luoghi sensibili \u00e8 gi\u00e0 prevista a livello statale dall&#8217;art. 7, co. 10, d.l. 158\/2012\u201d (cd. decreto Balduzzi). Questo significa, infatti, che il legislatore ha gi\u00e0 valutato l&#8217;esigenza di porre un limite all&#8217;insediamento di esercizi commerciali con apparecchi da gioco, e ci\u00f2 consente di escludere che vi sia stata un\u2019invasione nella materia della tutela della concorrenza ex art. 117, co. 2, lett. e), cost.<\/p>\n<p><strong>Il principio di proporzionalit\u00e0.<\/strong> Il TAR rileva anche la conformit\u00e0 del distanziometro al principio di proporzionalit\u00e0. Non \u00e8 irragionevole, secondo i giudici, limitare la prescrizione ai soli apparecchi per il gioco e non anche ad altre forme di gioco d&#8217;azzardo, quali i gratta e vinci, il lotto e il gioco on line perch\u00e9:<\/p>\n<ul>\n<li>il limite geografico \u00e8 applicabile unicamente agli apparecchi fissi, suscettibili di essere installati in determinati luoghi, e non anche rispetto ai giochi on line, accessibili da qualunque device dotato di connessione internet;<\/li>\n<li>gli apparecchi per il gioco, potendo essere fruiti autonomamente dal consumatore e dando una risposta immediata alle scommesse, sono pi\u00f9 inclini a ingenerare dipendenza rispetto alle lotterie, ci\u00f2 giustificando la diversit\u00e0 di trattamento rispetto alle lotterie.<\/li>\n<\/ul>\n<p><strong>La libert\u00e0 di iniziativa economica.<\/strong> Infine, il TAR smentisce l\u2019affermazione dell\u2019esercente secondo cui il distanziometro produrrebbe l&#8217;abolizione dell&#8217;intero settore commerciale; ritengono i giudici, anzi, che \u201cla compressione, comunque contenuta, della libert\u00e0 d&#8217;iniziativa economica si giustifichi alla luce del superiore interesse a contrastare la ludopatia e, cos\u00ec, la salute pubblica\u201d.<\/p>\n","protected":false},"excerpt":{"rendered":"<p>Premessa. La Regione Calabria, con la legge regionale 9\/2018 (Interventi regionali per la prevenzione e il contrasto del fenomeno della &#8216;ndrangheta e per la promozione&nbsp;<span class=\"hellipsis\">[&hellip;]<\/span><a class=\"more-link\" href=\"https:\/\/welaikaadv.site\/avviso\/home\/cosa-facciamo\/informare\/documenti-tematici\/gioco-dazzardo\/il-tar-calabria-conferma-la-legittimita-del-distanziometro-regionale\/\">Leggi tutto <span class=\"screen-reader-text\">IL TAR CALABRIA CONFERMA LA LEGITTIMIT\u00c0 DEL DISTANZIOMETRO REGIONALE<\/span> <span class=\"meta-nav\" aria-hidden=\"true\">&rarr;<\/span><\/a><\/p>\n","protected":false},"author":1,"featured_media":0,"parent":202,"menu_order":160,"comment_status":"closed","ping_status":"closed","template":"","meta":{"_acf_changed":false,"_exactmetrics_skip_tracking":false,"_exactmetrics_sitenote_active":false,"_exactmetrics_sitenote_note":"","_exactmetrics_sitenote_category":0,"wp_social_preview_title":"","wp_social_preview_description":"","wp_social_preview_image":0,"footnotes":""},"class_list":["post-51569","page","type-page","status-publish","hentry"],"acf":[],"yoast_head":"<!-- This site is optimized with the Yoast SEO plugin v27.2 - https:\/\/yoast.com\/product\/yoast-seo-wordpress\/ -->\n<title>IL TAR CALABRIA CONFERMA LA LEGITTIMIT\u00c0 DEL DISTANZIOMETRO REGIONALE - Staging Avviso Pubblico<\/title>\n<meta name=\"robots\" content=\"noindex, follow, max-snippet:-1, max-image-preview:large, max-video-preview:-1\" \/>\n<meta property=\"og:locale\" content=\"it_IT\" \/>\n<meta property=\"og:type\" content=\"article\" \/>\n<meta property=\"og:title\" content=\"IL TAR CALABRIA CONFERMA LA LEGITTIMIT\u00c0 DEL DISTANZIOMETRO REGIONALE - Staging Avviso Pubblico\" \/>\n<meta property=\"og:description\" content=\"Premessa. La Regione Calabria, con la legge regionale 9\/2018 (Interventi regionali per la prevenzione e il contrasto del fenomeno della &#8216;ndrangheta e per la promozione&nbsp;[&hellip;]Leggi tutto IL TAR CALABRIA CONFERMA LA LEGITTIMIT\u00c0 DEL DISTANZIOMETRO REGIONALE &rarr;\" \/>\n<meta property=\"og:url\" content=\"https:\/\/welaikaadv.site\/avviso\/home\/cosa-facciamo\/informare\/documenti-tematici\/gioco-dazzardo\/il-tar-calabria-conferma-la-legittimita-del-distanziometro-regionale\/\" \/>\n<meta property=\"og:site_name\" content=\"Staging Avviso Pubblico\" \/>\n<meta name=\"twitter:card\" content=\"summary_large_image\" \/>\n<meta name=\"twitter:label1\" content=\"Tempo di lettura stimato\" \/>\n\t<meta name=\"twitter:data1\" content=\"5 minuti\" \/>\n<script type=\"application\/ld+json\" class=\"yoast-schema-graph\">{\"@context\":\"https:\/\/schema.org\",\"@graph\":[{\"@type\":\"WebPage\",\"@id\":\"https:\/\/welaikaadv.site\/avviso\/home\/cosa-facciamo\/informare\/documenti-tematici\/gioco-dazzardo\/il-tar-calabria-conferma-la-legittimita-del-distanziometro-regionale\/\",\"url\":\"https:\/\/welaikaadv.site\/avviso\/home\/cosa-facciamo\/informare\/documenti-tematici\/gioco-dazzardo\/il-tar-calabria-conferma-la-legittimita-del-distanziometro-regionale\/\",\"name\":\"IL TAR CALABRIA CONFERMA LA LEGITTIMIT\u00c0 DEL DISTANZIOMETRO REGIONALE - Staging Avviso Pubblico\",\"isPartOf\":{\"@id\":\"https:\/\/welaikaadv.site\/avviso\/#website\"},\"datePublished\":\"2022-11-21T07:49:31+00:00\",\"breadcrumb\":{\"@id\":\"https:\/\/welaikaadv.site\/avviso\/home\/cosa-facciamo\/informare\/documenti-tematici\/gioco-dazzardo\/il-tar-calabria-conferma-la-legittimita-del-distanziometro-regionale\/#breadcrumb\"},\"inLanguage\":\"it-IT\",\"potentialAction\":[{\"@type\":\"ReadAction\",\"target\":[\"https:\/\/welaikaadv.site\/avviso\/home\/cosa-facciamo\/informare\/documenti-tematici\/gioco-dazzardo\/il-tar-calabria-conferma-la-legittimita-del-distanziometro-regionale\/\"]}]},{\"@type\":\"BreadcrumbList\",\"@id\":\"https:\/\/welaikaadv.site\/avviso\/home\/cosa-facciamo\/informare\/documenti-tematici\/gioco-dazzardo\/il-tar-calabria-conferma-la-legittimita-del-distanziometro-regionale\/#breadcrumb\",\"itemListElement\":[{\"@type\":\"ListItem\",\"position\":1,\"name\":\"Home\",\"item\":\"https:\/\/welaikaadv.site\/avviso\/\"},{\"@type\":\"ListItem\",\"position\":2,\"name\":\"IL TAR CALABRIA CONFERMA LA LEGITTIMIT\u00c0 DEL DISTANZIOMETRO REGIONALE\"}]},{\"@type\":\"WebSite\",\"@id\":\"https:\/\/welaikaadv.site\/avviso\/#website\",\"url\":\"https:\/\/welaikaadv.site\/avviso\/\",\"name\":\"Staging Avviso Pubblico\",\"description\":\"\",\"publisher\":{\"@id\":\"https:\/\/welaikaadv.site\/avviso\/#organization\"},\"potentialAction\":[{\"@type\":\"SearchAction\",\"target\":{\"@type\":\"EntryPoint\",\"urlTemplate\":\"https:\/\/welaikaadv.site\/avviso\/?s={search_term_string}\"},\"query-input\":{\"@type\":\"PropertyValueSpecification\",\"valueRequired\":true,\"valueName\":\"search_term_string\"}}],\"inLanguage\":\"it-IT\"},{\"@type\":\"Organization\",\"@id\":\"https:\/\/welaikaadv.site\/avviso\/#organization\",\"name\":\"Staging Avviso Pubblico\",\"url\":\"https:\/\/welaikaadv.site\/avviso\/\",\"logo\":{\"@type\":\"ImageObject\",\"inLanguage\":\"it-IT\",\"@id\":\"https:\/\/welaikaadv.site\/avviso\/#\/schema\/logo\/image\/\",\"url\":\"https:\/\/welaikaadv.site\/avviso\/wp-content\/uploads\/2024\/08\/logoAPsito-400.png\",\"contentUrl\":\"https:\/\/welaikaadv.site\/avviso\/wp-content\/uploads\/2024\/08\/logoAPsito-400.png\",\"width\":400,\"height\":97,\"caption\":\"Staging Avviso Pubblico\"},\"image\":{\"@id\":\"https:\/\/welaikaadv.site\/avviso\/#\/schema\/logo\/image\/\"}}]}<\/script>\n<!-- \/ Yoast SEO plugin. -->","yoast_head_json":{"title":"IL TAR CALABRIA CONFERMA LA LEGITTIMIT\u00c0 DEL DISTANZIOMETRO REGIONALE - Staging Avviso Pubblico","robots":{"index":"noindex","follow":"follow","max-snippet":"max-snippet:-1","max-image-preview":"max-image-preview:large","max-video-preview":"max-video-preview:-1"},"og_locale":"it_IT","og_type":"article","og_title":"IL TAR CALABRIA CONFERMA LA LEGITTIMIT\u00c0 DEL DISTANZIOMETRO REGIONALE - Staging Avviso Pubblico","og_description":"Premessa. La Regione Calabria, con la legge regionale 9\/2018 (Interventi regionali per la prevenzione e il contrasto del fenomeno della &#8216;ndrangheta e per la promozione&nbsp;[&hellip;]Leggi tutto IL TAR CALABRIA CONFERMA LA LEGITTIMIT\u00c0 DEL DISTANZIOMETRO REGIONALE &rarr;","og_url":"https:\/\/welaikaadv.site\/avviso\/home\/cosa-facciamo\/informare\/documenti-tematici\/gioco-dazzardo\/il-tar-calabria-conferma-la-legittimita-del-distanziometro-regionale\/","og_site_name":"Staging Avviso Pubblico","twitter_card":"summary_large_image","twitter_misc":{"Tempo di lettura stimato":"5 minuti"},"schema":{"@context":"https:\/\/schema.org","@graph":[{"@type":"WebPage","@id":"https:\/\/welaikaadv.site\/avviso\/home\/cosa-facciamo\/informare\/documenti-tematici\/gioco-dazzardo\/il-tar-calabria-conferma-la-legittimita-del-distanziometro-regionale\/","url":"https:\/\/welaikaadv.site\/avviso\/home\/cosa-facciamo\/informare\/documenti-tematici\/gioco-dazzardo\/il-tar-calabria-conferma-la-legittimita-del-distanziometro-regionale\/","name":"IL TAR CALABRIA CONFERMA LA LEGITTIMIT\u00c0 DEL DISTANZIOMETRO REGIONALE - Staging Avviso Pubblico","isPartOf":{"@id":"https:\/\/welaikaadv.site\/avviso\/#website"},"datePublished":"2022-11-21T07:49:31+00:00","breadcrumb":{"@id":"https:\/\/welaikaadv.site\/avviso\/home\/cosa-facciamo\/informare\/documenti-tematici\/gioco-dazzardo\/il-tar-calabria-conferma-la-legittimita-del-distanziometro-regionale\/#breadcrumb"},"inLanguage":"it-IT","potentialAction":[{"@type":"ReadAction","target":["https:\/\/welaikaadv.site\/avviso\/home\/cosa-facciamo\/informare\/documenti-tematici\/gioco-dazzardo\/il-tar-calabria-conferma-la-legittimita-del-distanziometro-regionale\/"]}]},{"@type":"BreadcrumbList","@id":"https:\/\/welaikaadv.site\/avviso\/home\/cosa-facciamo\/informare\/documenti-tematici\/gioco-dazzardo\/il-tar-calabria-conferma-la-legittimita-del-distanziometro-regionale\/#breadcrumb","itemListElement":[{"@type":"ListItem","position":1,"name":"Home","item":"https:\/\/welaikaadv.site\/avviso\/"},{"@type":"ListItem","position":2,"name":"IL TAR CALABRIA CONFERMA LA LEGITTIMIT\u00c0 DEL DISTANZIOMETRO REGIONALE"}]},{"@type":"WebSite","@id":"https:\/\/welaikaadv.site\/avviso\/#website","url":"https:\/\/welaikaadv.site\/avviso\/","name":"Staging Avviso Pubblico","description":"","publisher":{"@id":"https:\/\/welaikaadv.site\/avviso\/#organization"},"potentialAction":[{"@type":"SearchAction","target":{"@type":"EntryPoint","urlTemplate":"https:\/\/welaikaadv.site\/avviso\/?s={search_term_string}"},"query-input":{"@type":"PropertyValueSpecification","valueRequired":true,"valueName":"search_term_string"}}],"inLanguage":"it-IT"},{"@type":"Organization","@id":"https:\/\/welaikaadv.site\/avviso\/#organization","name":"Staging Avviso Pubblico","url":"https:\/\/welaikaadv.site\/avviso\/","logo":{"@type":"ImageObject","inLanguage":"it-IT","@id":"https:\/\/welaikaadv.site\/avviso\/#\/schema\/logo\/image\/","url":"https:\/\/welaikaadv.site\/avviso\/wp-content\/uploads\/2024\/08\/logoAPsito-400.png","contentUrl":"https:\/\/welaikaadv.site\/avviso\/wp-content\/uploads\/2024\/08\/logoAPsito-400.png","width":400,"height":97,"caption":"Staging Avviso Pubblico"},"image":{"@id":"https:\/\/welaikaadv.site\/avviso\/#\/schema\/logo\/image\/"}}]}},"_links":{"self":[{"href":"https:\/\/welaikaadv.site\/avviso\/wp-json\/wp\/v2\/pages\/51569","targetHints":{"allow":["GET"]}}],"collection":[{"href":"https:\/\/welaikaadv.site\/avviso\/wp-json\/wp\/v2\/pages"}],"about":[{"href":"https:\/\/welaikaadv.site\/avviso\/wp-json\/wp\/v2\/types\/page"}],"author":[{"embeddable":true,"href":"https:\/\/welaikaadv.site\/avviso\/wp-json\/wp\/v2\/users\/1"}],"replies":[{"embeddable":true,"href":"https:\/\/welaikaadv.site\/avviso\/wp-json\/wp\/v2\/comments?post=51569"}],"version-history":[{"count":0,"href":"https:\/\/welaikaadv.site\/avviso\/wp-json\/wp\/v2\/pages\/51569\/revisions"}],"up":[{"embeddable":true,"href":"https:\/\/welaikaadv.site\/avviso\/wp-json\/wp\/v2\/pages\/202"}],"wp:attachment":[{"href":"https:\/\/welaikaadv.site\/avviso\/wp-json\/wp\/v2\/media?parent=51569"}],"curies":[{"name":"wp","href":"https:\/\/api.w.org\/{rel}","templated":true}]}}