{"id":5182,"date":"2016-04-13T09:43:31","date_gmt":"2016-04-13T07:43:31","guid":{"rendered":"http:\/\/www.avvisopubblico.it\/osservatorio\/?page_id=5182"},"modified":"2016-04-13T09:43:31","modified_gmt":"2016-04-13T07:43:31","slug":"concessioni-e-subconcessioni-aeroportuali-audizione-alla-camera-del-presidente-dellautorita-nazionale-anticorruzione","status":"publish","type":"page","link":"https:\/\/welaikaadv.site\/avviso\/home\/cosa-facciamo\/informare\/documenti-tematici\/corruzione-appalti\/concessioni-e-subconcessioni-aeroportuali-audizione-alla-camera-del-presidente-dellautorita-nazionale-anticorruzione\/","title":{"rendered":"Concessioni e subconcessioni aeroportuali: audizione alla Camera del Presidente dell\u2019Autorit\u00e0 nazionale anticorruzione"},"content":{"rendered":"<p><strong>Premessa<\/strong>. Il Presidente dell\u2019ANAC (Autorit\u00e0 nazionale anticorruzione) \u00e8 stato ascoltato il <a href=\"http:\/\/www.camera.it\/leg17\/1058?idLegislatura=17&amp;tipologia=audiz2&amp;sottotipologia=audizione&amp;anno=2016&amp;mese=04&amp;giorno=05&amp;idCommissione=09&amp;numero=0017&amp;file=indice_stenografico\"><strong>5 aprile 2016<\/strong><\/a> dalla Commissione Trasporti della Camera nel quadro delle audizioni riguardanti le problematiche delle concessioni e subconcessioni aeroportuali. Qui di seguito sono sintetizzati gli aspetti principali dell\u2019audizione, sulla base del resoconto stenografico, cui \u00e8 allegata una dettagliata relazione.<\/p>\n<p><strong>Le procedure seguite da Aeroporti di Roma<\/strong>. Il dott. Cantone ha riferito di una specifica iniziativa pilota messa in atto dall\u2019Autorit\u00e0 con riferimento al caso di Aeroporti di Roma, che \u00e8 sicuramente la struttura pi\u00f9 rilevante nel nostro Paese, al fine di verificare quali siano le norme applicabili per le subconcessioni rilasciate dal concessionario nel caso dell\u2019attivit\u00e0 <em>non aviation<\/em>, cio\u00e8 quella riguardante gli esercizi commerciali, di ristorazione e le attivit\u00e0 che si svolgono all&#8217;interno dell&#8217;aeroporto (l&#8217;attivit\u00e0 <em>aviation<\/em> \u00e8 invece regolata dal Codice della navigazione). L\u2019Autorit\u00e0 ritiene pienamente applicabile a tale comparto il Codice dei contratti pubblici (e quindi \u00a0\u00e8 necessario mettere a gara le subconcessioni), trattandosi di una concessione di pubblico servizio. mentre attualmente la societ\u00e0 ADR Aeroporti di Roma \u2013 supportata anche da un orientamento manifestato dal Consiglio di Stato \u2013 svolge tale attivit\u00e0 con una logica sostanzialmente privatistica. E questo a prescindere da ogni valutazione in merito alla congruit\u00e0 dei canoni attuali.<\/p>\n<p><strong>La possibile estensione anche ad altre realt\u00e0 aeroportuali<\/strong>. Il dott. Cantone sottolinea che, sulla base dell\u2019esito dell\u2019attivit\u00e0 istruttoria effettuata dall\u2019Anac \u2013 e delle determinazioni che saranno assunte dalla stessa Commissione Trasporti ovvero in altra sede parlamentare &#8211; analoga iniziativa potr\u00e0 essere avviata anche nei confronti degli aeroporti italiani con un traffico elevato, per i quali ovviamente si registra un interesse maggiore ad una corretta applicazione delle procedure.<\/p>\n<p>Tale attivit\u00e0 si inserisce d\u2019altronde in un filone di indagine volto ad approfondire gli ambiti di competenza dell\u2019Autorit\u00e0 \u2013 ed eventualmente fornire al legislatore possibili indicazioni al riguardo \u2013 sempre al fine di assicurare la gestione corretta dei fondi pubblici in quelle aree \u201cgrigie\u201d nelle quali non risulta oggi applicato il codice dei contratti.<\/p>\n","protected":false},"excerpt":{"rendered":"<p>Premessa. Il Presidente dell\u2019ANAC (Autorit\u00e0 nazionale anticorruzione) \u00e8 stato ascoltato il 5 aprile 2016 dalla Commissione Trasporti della Camera nel quadro delle audizioni riguardanti le&nbsp;<span class=\"hellipsis\">[&hellip;]<\/span><a class=\"more-link\" href=\"https:\/\/welaikaadv.site\/avviso\/home\/cosa-facciamo\/informare\/documenti-tematici\/corruzione-appalti\/concessioni-e-subconcessioni-aeroportuali-audizione-alla-camera-del-presidente-dellautorita-nazionale-anticorruzione\/\">Leggi tutto <span class=\"screen-reader-text\">Concessioni e subconcessioni aeroportuali: audizione alla Camera del Presidente dell\u2019Autorit\u00e0 nazionale anticorruzione<\/span> <span class=\"meta-nav\" aria-hidden=\"true\">&rarr;<\/span><\/a><\/p>\n","protected":false},"author":1,"featured_media":0,"parent":198,"menu_order":0,"comment_status":"closed","ping_status":"closed","template":"","meta":{"_acf_changed":false,"_exactmetrics_skip_tracking":false,"_exactmetrics_sitenote_active":false,"_exactmetrics_sitenote_note":"","_exactmetrics_sitenote_category":0,"wp_social_preview_title":"","wp_social_preview_description":"","wp_social_preview_image":0,"footnotes":""},"class_list":["post-5182","page","type-page","status-publish","hentry"],"acf":[],"yoast_head":"<!-- This site is optimized with the Yoast SEO plugin v27.2 - https:\/\/yoast.com\/product\/yoast-seo-wordpress\/ -->\n<title>Concessioni e subconcessioni aeroportuali: audizione alla Camera del Presidente dell\u2019Autorit\u00e0 nazionale anticorruzione - Staging Avviso Pubblico<\/title>\n<meta name=\"robots\" content=\"noindex, follow, max-snippet:-1, max-image-preview:large, max-video-preview:-1\" \/>\n<meta property=\"og:locale\" content=\"it_IT\" \/>\n<meta property=\"og:type\" content=\"article\" \/>\n<meta property=\"og:title\" content=\"Concessioni e subconcessioni aeroportuali: audizione alla Camera del Presidente dell\u2019Autorit\u00e0 nazionale anticorruzione - Staging Avviso Pubblico\" \/>\n<meta property=\"og:description\" content=\"Premessa. Il Presidente dell\u2019ANAC (Autorit\u00e0 nazionale anticorruzione) \u00e8 stato ascoltato il 5 aprile 2016 dalla Commissione Trasporti della Camera nel quadro delle audizioni riguardanti le&nbsp;[&hellip;]Leggi tutto Concessioni e subconcessioni aeroportuali: audizione alla Camera del Presidente dell\u2019Autorit\u00e0 nazionale anticorruzione &rarr;\" \/>\n<meta property=\"og:url\" content=\"https:\/\/welaikaadv.site\/avviso\/home\/cosa-facciamo\/informare\/documenti-tematici\/corruzione-appalti\/concessioni-e-subconcessioni-aeroportuali-audizione-alla-camera-del-presidente-dellautorita-nazionale-anticorruzione\/\" \/>\n<meta property=\"og:site_name\" content=\"Staging Avviso Pubblico\" \/>\n<meta name=\"twitter:card\" content=\"summary_large_image\" \/>\n<meta name=\"twitter:label1\" content=\"Tempo di lettura stimato\" \/>\n\t<meta name=\"twitter:data1\" content=\"2 minuti\" \/>\n<script type=\"application\/ld+json\" class=\"yoast-schema-graph\">{\"@context\":\"https:\/\/schema.org\",\"@graph\":[{\"@type\":\"WebPage\",\"@id\":\"https:\/\/welaikaadv.site\/avviso\/home\/cosa-facciamo\/informare\/documenti-tematici\/corruzione-appalti\/concessioni-e-subconcessioni-aeroportuali-audizione-alla-camera-del-presidente-dellautorita-nazionale-anticorruzione\/\",\"url\":\"https:\/\/welaikaadv.site\/avviso\/home\/cosa-facciamo\/informare\/documenti-tematici\/corruzione-appalti\/concessioni-e-subconcessioni-aeroportuali-audizione-alla-camera-del-presidente-dellautorita-nazionale-anticorruzione\/\",\"name\":\"Concessioni e subconcessioni aeroportuali: audizione alla Camera del Presidente dell\u2019Autorit\u00e0 nazionale anticorruzione - Staging Avviso Pubblico\",\"isPartOf\":{\"@id\":\"https:\/\/welaikaadv.site\/avviso\/#website\"},\"datePublished\":\"2016-04-13T07:43:31+00:00\",\"breadcrumb\":{\"@id\":\"https:\/\/welaikaadv.site\/avviso\/home\/cosa-facciamo\/informare\/documenti-tematici\/corruzione-appalti\/concessioni-e-subconcessioni-aeroportuali-audizione-alla-camera-del-presidente-dellautorita-nazionale-anticorruzione\/#breadcrumb\"},\"inLanguage\":\"it-IT\",\"potentialAction\":[{\"@type\":\"ReadAction\",\"target\":[\"https:\/\/welaikaadv.site\/avviso\/home\/cosa-facciamo\/informare\/documenti-tematici\/corruzione-appalti\/concessioni-e-subconcessioni-aeroportuali-audizione-alla-camera-del-presidente-dellautorita-nazionale-anticorruzione\/\"]}]},{\"@type\":\"BreadcrumbList\",\"@id\":\"https:\/\/welaikaadv.site\/avviso\/home\/cosa-facciamo\/informare\/documenti-tematici\/corruzione-appalti\/concessioni-e-subconcessioni-aeroportuali-audizione-alla-camera-del-presidente-dellautorita-nazionale-anticorruzione\/#breadcrumb\",\"itemListElement\":[{\"@type\":\"ListItem\",\"position\":1,\"name\":\"Home\",\"item\":\"https:\/\/welaikaadv.site\/avviso\/\"},{\"@type\":\"ListItem\",\"position\":2,\"name\":\"Concessioni e subconcessioni aeroportuali: audizione alla Camera del Presidente dell\u2019Autorit\u00e0 nazionale anticorruzione\"}]},{\"@type\":\"WebSite\",\"@id\":\"https:\/\/welaikaadv.site\/avviso\/#website\",\"url\":\"https:\/\/welaikaadv.site\/avviso\/\",\"name\":\"Staging Avviso Pubblico\",\"description\":\"\",\"publisher\":{\"@id\":\"https:\/\/welaikaadv.site\/avviso\/#organization\"},\"potentialAction\":[{\"@type\":\"SearchAction\",\"target\":{\"@type\":\"EntryPoint\",\"urlTemplate\":\"https:\/\/welaikaadv.site\/avviso\/?s={search_term_string}\"},\"query-input\":{\"@type\":\"PropertyValueSpecification\",\"valueRequired\":true,\"valueName\":\"search_term_string\"}}],\"inLanguage\":\"it-IT\"},{\"@type\":\"Organization\",\"@id\":\"https:\/\/welaikaadv.site\/avviso\/#organization\",\"name\":\"Staging Avviso Pubblico\",\"url\":\"https:\/\/welaikaadv.site\/avviso\/\",\"logo\":{\"@type\":\"ImageObject\",\"inLanguage\":\"it-IT\",\"@id\":\"https:\/\/welaikaadv.site\/avviso\/#\/schema\/logo\/image\/\",\"url\":\"https:\/\/welaikaadv.site\/avviso\/wp-content\/uploads\/2024\/08\/logoAPsito-400.png\",\"contentUrl\":\"https:\/\/welaikaadv.site\/avviso\/wp-content\/uploads\/2024\/08\/logoAPsito-400.png\",\"width\":400,\"height\":97,\"caption\":\"Staging Avviso Pubblico\"},\"image\":{\"@id\":\"https:\/\/welaikaadv.site\/avviso\/#\/schema\/logo\/image\/\"}}]}<\/script>\n<!-- \/ Yoast SEO plugin. -->","yoast_head_json":{"title":"Concessioni e subconcessioni aeroportuali: audizione alla Camera del Presidente dell\u2019Autorit\u00e0 nazionale anticorruzione - Staging Avviso Pubblico","robots":{"index":"noindex","follow":"follow","max-snippet":"max-snippet:-1","max-image-preview":"max-image-preview:large","max-video-preview":"max-video-preview:-1"},"og_locale":"it_IT","og_type":"article","og_title":"Concessioni e subconcessioni aeroportuali: audizione alla Camera del Presidente dell\u2019Autorit\u00e0 nazionale anticorruzione - Staging Avviso Pubblico","og_description":"Premessa. Il Presidente dell\u2019ANAC (Autorit\u00e0 nazionale anticorruzione) \u00e8 stato ascoltato il 5 aprile 2016 dalla Commissione Trasporti della Camera nel quadro delle audizioni riguardanti le&nbsp;[&hellip;]Leggi tutto Concessioni e subconcessioni aeroportuali: audizione alla Camera del Presidente dell\u2019Autorit\u00e0 nazionale anticorruzione &rarr;","og_url":"https:\/\/welaikaadv.site\/avviso\/home\/cosa-facciamo\/informare\/documenti-tematici\/corruzione-appalti\/concessioni-e-subconcessioni-aeroportuali-audizione-alla-camera-del-presidente-dellautorita-nazionale-anticorruzione\/","og_site_name":"Staging Avviso Pubblico","twitter_card":"summary_large_image","twitter_misc":{"Tempo di lettura stimato":"2 minuti"},"schema":{"@context":"https:\/\/schema.org","@graph":[{"@type":"WebPage","@id":"https:\/\/welaikaadv.site\/avviso\/home\/cosa-facciamo\/informare\/documenti-tematici\/corruzione-appalti\/concessioni-e-subconcessioni-aeroportuali-audizione-alla-camera-del-presidente-dellautorita-nazionale-anticorruzione\/","url":"https:\/\/welaikaadv.site\/avviso\/home\/cosa-facciamo\/informare\/documenti-tematici\/corruzione-appalti\/concessioni-e-subconcessioni-aeroportuali-audizione-alla-camera-del-presidente-dellautorita-nazionale-anticorruzione\/","name":"Concessioni e subconcessioni aeroportuali: audizione alla Camera del Presidente dell\u2019Autorit\u00e0 nazionale anticorruzione - Staging Avviso Pubblico","isPartOf":{"@id":"https:\/\/welaikaadv.site\/avviso\/#website"},"datePublished":"2016-04-13T07:43:31+00:00","breadcrumb":{"@id":"https:\/\/welaikaadv.site\/avviso\/home\/cosa-facciamo\/informare\/documenti-tematici\/corruzione-appalti\/concessioni-e-subconcessioni-aeroportuali-audizione-alla-camera-del-presidente-dellautorita-nazionale-anticorruzione\/#breadcrumb"},"inLanguage":"it-IT","potentialAction":[{"@type":"ReadAction","target":["https:\/\/welaikaadv.site\/avviso\/home\/cosa-facciamo\/informare\/documenti-tematici\/corruzione-appalti\/concessioni-e-subconcessioni-aeroportuali-audizione-alla-camera-del-presidente-dellautorita-nazionale-anticorruzione\/"]}]},{"@type":"BreadcrumbList","@id":"https:\/\/welaikaadv.site\/avviso\/home\/cosa-facciamo\/informare\/documenti-tematici\/corruzione-appalti\/concessioni-e-subconcessioni-aeroportuali-audizione-alla-camera-del-presidente-dellautorita-nazionale-anticorruzione\/#breadcrumb","itemListElement":[{"@type":"ListItem","position":1,"name":"Home","item":"https:\/\/welaikaadv.site\/avviso\/"},{"@type":"ListItem","position":2,"name":"Concessioni e subconcessioni aeroportuali: audizione alla Camera del Presidente dell\u2019Autorit\u00e0 nazionale anticorruzione"}]},{"@type":"WebSite","@id":"https:\/\/welaikaadv.site\/avviso\/#website","url":"https:\/\/welaikaadv.site\/avviso\/","name":"Staging Avviso Pubblico","description":"","publisher":{"@id":"https:\/\/welaikaadv.site\/avviso\/#organization"},"potentialAction":[{"@type":"SearchAction","target":{"@type":"EntryPoint","urlTemplate":"https:\/\/welaikaadv.site\/avviso\/?s={search_term_string}"},"query-input":{"@type":"PropertyValueSpecification","valueRequired":true,"valueName":"search_term_string"}}],"inLanguage":"it-IT"},{"@type":"Organization","@id":"https:\/\/welaikaadv.site\/avviso\/#organization","name":"Staging Avviso Pubblico","url":"https:\/\/welaikaadv.site\/avviso\/","logo":{"@type":"ImageObject","inLanguage":"it-IT","@id":"https:\/\/welaikaadv.site\/avviso\/#\/schema\/logo\/image\/","url":"https:\/\/welaikaadv.site\/avviso\/wp-content\/uploads\/2024\/08\/logoAPsito-400.png","contentUrl":"https:\/\/welaikaadv.site\/avviso\/wp-content\/uploads\/2024\/08\/logoAPsito-400.png","width":400,"height":97,"caption":"Staging Avviso Pubblico"},"image":{"@id":"https:\/\/welaikaadv.site\/avviso\/#\/schema\/logo\/image\/"}}]}},"_links":{"self":[{"href":"https:\/\/welaikaadv.site\/avviso\/wp-json\/wp\/v2\/pages\/5182","targetHints":{"allow":["GET"]}}],"collection":[{"href":"https:\/\/welaikaadv.site\/avviso\/wp-json\/wp\/v2\/pages"}],"about":[{"href":"https:\/\/welaikaadv.site\/avviso\/wp-json\/wp\/v2\/types\/page"}],"author":[{"embeddable":true,"href":"https:\/\/welaikaadv.site\/avviso\/wp-json\/wp\/v2\/users\/1"}],"replies":[{"embeddable":true,"href":"https:\/\/welaikaadv.site\/avviso\/wp-json\/wp\/v2\/comments?post=5182"}],"version-history":[{"count":0,"href":"https:\/\/welaikaadv.site\/avviso\/wp-json\/wp\/v2\/pages\/5182\/revisions"}],"up":[{"embeddable":true,"href":"https:\/\/welaikaadv.site\/avviso\/wp-json\/wp\/v2\/pages\/198"}],"wp:attachment":[{"href":"https:\/\/welaikaadv.site\/avviso\/wp-json\/wp\/v2\/media?parent=5182"}],"curies":[{"name":"wp","href":"https:\/\/api.w.org\/{rel}","templated":true}]}}