{"id":51909,"date":"2022-12-19T09:13:15","date_gmt":"2022-12-19T08:13:15","guid":{"rendered":"https:\/\/www.avvisopubblico.it\/home\/?page_id=51909"},"modified":"2022-12-19T09:13:15","modified_gmt":"2022-12-19T08:13:15","slug":"il-tar-dellumbria-conferma-il-regolamento-giochi-del-comune-di-assisi","status":"publish","type":"page","link":"https:\/\/welaikaadv.site\/avviso\/home\/cosa-facciamo\/informare\/documenti-tematici\/gioco-dazzardo\/il-tar-dellumbria-conferma-il-regolamento-giochi-del-comune-di-assisi\/","title":{"rendered":"IL TAR DELL\u2019UMBRIA CONFERMA IL REGOLAMENTO GIOCHI DEL COMUNE DI ASSISI"},"content":{"rendered":"<p><strong>Premessa.<\/strong> Il Comune di Assisi (Pg) nel 2016 ha approvato il <a href=\"https:\/\/www.comune.assisi.pg.it\/wp-content\/uploads\/2016\/11\/Regolam_giochi_dcc_n_73_2016.pdf\">Regolamento Comunale per l&#8217;apertura di sale giochi e l&#8217;installazione di apparecchi da gioco<\/a>, che tra le varie misure prevede anche il distanziometro. In particolare, l\u2019art. 3 del Regolamento provvede a declinare, definire ed individuare i luoghi sensibili indicati dall\u2019art. 6, commi 1 e 2, della Legge Regionale 21 novembre 2014, n. 21.<\/p>\n<p>Sulla base di questa disposizione il Comune di Assisi ha emesso un divieto di prosecuzione dell\u2019attivit\u00e0 di gioco lecito nei confronti di un bar-tabacchi che aveva presentato la Scia per installare tre apparecchi da gioco, in quanto il locale non rispettava la distanza minima di 500 metri rispetto a diversi luoghi sensibili.<\/p>\n<p>Il titolare dell\u2019esercizio commerciale ha quindi sollevato ricorso al TAR per l\u2019Umbria, che si \u00e8 pronunciato con la sentenza <a href=\"https:\/\/www.giustizia-amministrativa.it\/portale\/pages\/istituzionale\/visualizza\/?nodeRef=&amp;schema=tar_pg&amp;nrg=201900651&amp;nomeFile=202200924_01.html&amp;subDir=Provvedimenti\">924\/2022<\/a> che qui si analizza.<\/p>\n<p><strong>L\u2019individuazione, da parte del Comune, dei luoghi sensibili.<\/strong> In primo luogo, il TAR conferma la correttezza dell\u2019elencazione contenuta nell\u2019art. 3 del Regolamento.<\/p>\n<p>In questo senso, infatti, i giudici aderiscono all\u2019orientamento consolidato in giurisprudenza secondo cui \u201cla violazione del principio di proporzionalit\u00e0 pu\u00f2 configurarsi solo ove la imposizione dei limiti distanziali determini nel territorio comunale la totale inibizione allo svolgimento dell\u2019attivit\u00e0 di esercizio di gioco e di raccolta di scommesse\u201d (si veda, <a href=\"https:\/\/welaikaadv.site\/avviso\/home\/cosa-facciamo\/informare\/documenti-tematici\/gioco-dazzardo\/il-consiglio-di-stato-si-pronuncia-sul-distanziometro-nel-comune-di-bologna\/?hilite=686%2F2021\">CDS 686\/2021<\/a>).<\/p>\n<p>Nel caso di specie, invero, la relazione tecnica prodotta nel giudizio mostra come siano disponibili aree del territorio comunale in cui sarebbe possibile esercitare l\u2019attivit\u00e0 di gioco.<\/p>\n<p>Peraltro, la particolarit\u00e0 della vicenda, ossia la contemporanea vicinanza del bar-tabacchi interessato a numerosi e diversi luoghi sensibili, consente di prescindere dall\u2019analisi delle censure specifiche di parte ricorrente che contestava l\u2019inclusione delle aree verdi attrezzate e delle biblioteche nell\u2019elenco dei luoghi sensibili.<\/p>\n<p><strong>Il principio di proporzionalit\u00e0. <\/strong>Il principio di proporzionalit\u00e0 \u00e8 quindi rispettato, secondo il TAR, anche perch\u00e9 la disciplina regolamentare ha una valenza \u201cfortemente preventiva\u201d, in quanto non mira solo a ridimensionare il fenomeno esistente, sia palese che sommerso e non registrato nei dati ufficiali, ma anche a evitare ulteriori casi di ludopatia, in particolare tra le fasce pi\u00f9 giovani.<\/p>\n<p><strong>La non retroattivit\u00e0 del distanziometro. <\/strong>I giudici, inoltre, valorizzano l\u2019art. 5 del Regolamento che prevede una deroga all\u2019applicazione del distanziometro \u201cper le attivit\u00e0 esistenti all\u2019entrata in vigore del regolamento, anche in caso di subingresso, finche\u0301 permangono nella medesima ubicazione e non venga aumentato il numero di giochi\u201d. Il Regolamento trova, per converso, piena applicazione nei casi di mutamento della situazione di fatto preesistente, come in ipotesi di trasferimento dell\u2019attivit\u00e0 in nuovi locali.<\/p>\n<p>Si tratta di un impianto ragionevole, secondo il TAR, perch\u00e9 \u201cil trasferimento della sala giochi in nuovi locali non pu\u00f2 che comportare la \u2018apertura\u2019 della (medesima) sala giochi in locali diversi da quelli ove precedentemente l\u2019attivit\u00e0 era svolta\u201d.<\/p>\n<p>Per il resto, il TAR conferma il carattere non retroattivo del distanziometro, sulla scorta della tesi (ribadita in giurisprudenza) secondo cui l\u2019esistenza di un\u2019autorizzazione pregressa non pu\u00f2 giustificare una \u201cderoga permanente, che sottragga l\u2019operatore all\u2019applicazione della disciplina regolamentare a tutela della salute, quale che siano le vicende e le ubicazioni future del suo esercizio commerciale\u201d.<\/p>\n","protected":false},"excerpt":{"rendered":"<p>Premessa. Il Comune di Assisi (Pg) nel 2016 ha approvato il Regolamento Comunale per l&#8217;apertura di sale giochi e l&#8217;installazione di apparecchi da gioco, che&nbsp;<span class=\"hellipsis\">[&hellip;]<\/span><a class=\"more-link\" href=\"https:\/\/welaikaadv.site\/avviso\/home\/cosa-facciamo\/informare\/documenti-tematici\/gioco-dazzardo\/il-tar-dellumbria-conferma-il-regolamento-giochi-del-comune-di-assisi\/\">Leggi tutto <span class=\"screen-reader-text\">IL TAR DELL\u2019UMBRIA CONFERMA IL REGOLAMENTO GIOCHI DEL COMUNE DI ASSISI<\/span> <span class=\"meta-nav\" aria-hidden=\"true\">&rarr;<\/span><\/a><\/p>\n","protected":false},"author":1,"featured_media":0,"parent":202,"menu_order":160,"comment_status":"closed","ping_status":"closed","template":"","meta":{"_acf_changed":false,"_exactmetrics_skip_tracking":false,"_exactmetrics_sitenote_active":false,"_exactmetrics_sitenote_note":"","_exactmetrics_sitenote_category":0,"wp_social_preview_title":"","wp_social_preview_description":"","wp_social_preview_image":0,"footnotes":""},"class_list":["post-51909","page","type-page","status-publish","hentry"],"acf":[],"yoast_head":"<!-- This site is optimized with the Yoast SEO plugin v27.2 - https:\/\/yoast.com\/product\/yoast-seo-wordpress\/ -->\n<title>IL TAR DELL\u2019UMBRIA CONFERMA IL REGOLAMENTO GIOCHI DEL COMUNE DI ASSISI - Staging Avviso Pubblico<\/title>\n<meta name=\"robots\" content=\"noindex, follow, max-snippet:-1, max-image-preview:large, max-video-preview:-1\" \/>\n<meta property=\"og:locale\" content=\"it_IT\" \/>\n<meta property=\"og:type\" content=\"article\" \/>\n<meta property=\"og:title\" content=\"IL TAR DELL\u2019UMBRIA CONFERMA IL REGOLAMENTO GIOCHI DEL COMUNE DI ASSISI - Staging Avviso Pubblico\" \/>\n<meta property=\"og:description\" content=\"Premessa. Il Comune di Assisi (Pg) nel 2016 ha approvato il Regolamento Comunale per l&#8217;apertura di sale giochi e l&#8217;installazione di apparecchi da gioco, che&nbsp;[&hellip;]Leggi tutto IL TAR DELL\u2019UMBRIA CONFERMA IL REGOLAMENTO GIOCHI DEL COMUNE DI ASSISI &rarr;\" \/>\n<meta property=\"og:url\" content=\"https:\/\/welaikaadv.site\/avviso\/home\/cosa-facciamo\/informare\/documenti-tematici\/gioco-dazzardo\/il-tar-dellumbria-conferma-il-regolamento-giochi-del-comune-di-assisi\/\" \/>\n<meta property=\"og:site_name\" content=\"Staging Avviso Pubblico\" \/>\n<meta name=\"twitter:card\" content=\"summary_large_image\" \/>\n<meta name=\"twitter:label1\" content=\"Tempo di lettura stimato\" \/>\n\t<meta name=\"twitter:data1\" content=\"5 minuti\" \/>\n<script type=\"application\/ld+json\" class=\"yoast-schema-graph\">{\"@context\":\"https:\/\/schema.org\",\"@graph\":[{\"@type\":\"WebPage\",\"@id\":\"https:\/\/welaikaadv.site\/avviso\/home\/cosa-facciamo\/informare\/documenti-tematici\/gioco-dazzardo\/il-tar-dellumbria-conferma-il-regolamento-giochi-del-comune-di-assisi\/\",\"url\":\"https:\/\/welaikaadv.site\/avviso\/home\/cosa-facciamo\/informare\/documenti-tematici\/gioco-dazzardo\/il-tar-dellumbria-conferma-il-regolamento-giochi-del-comune-di-assisi\/\",\"name\":\"IL TAR DELL\u2019UMBRIA CONFERMA IL REGOLAMENTO GIOCHI DEL COMUNE DI ASSISI - Staging Avviso Pubblico\",\"isPartOf\":{\"@id\":\"https:\/\/welaikaadv.site\/avviso\/#website\"},\"datePublished\":\"2022-12-19T08:13:15+00:00\",\"breadcrumb\":{\"@id\":\"https:\/\/welaikaadv.site\/avviso\/home\/cosa-facciamo\/informare\/documenti-tematici\/gioco-dazzardo\/il-tar-dellumbria-conferma-il-regolamento-giochi-del-comune-di-assisi\/#breadcrumb\"},\"inLanguage\":\"it-IT\",\"potentialAction\":[{\"@type\":\"ReadAction\",\"target\":[\"https:\/\/welaikaadv.site\/avviso\/home\/cosa-facciamo\/informare\/documenti-tematici\/gioco-dazzardo\/il-tar-dellumbria-conferma-il-regolamento-giochi-del-comune-di-assisi\/\"]}]},{\"@type\":\"BreadcrumbList\",\"@id\":\"https:\/\/welaikaadv.site\/avviso\/home\/cosa-facciamo\/informare\/documenti-tematici\/gioco-dazzardo\/il-tar-dellumbria-conferma-il-regolamento-giochi-del-comune-di-assisi\/#breadcrumb\",\"itemListElement\":[{\"@type\":\"ListItem\",\"position\":1,\"name\":\"Home\",\"item\":\"https:\/\/welaikaadv.site\/avviso\/\"},{\"@type\":\"ListItem\",\"position\":2,\"name\":\"IL TAR DELL\u2019UMBRIA CONFERMA IL REGOLAMENTO GIOCHI DEL COMUNE DI ASSISI\"}]},{\"@type\":\"WebSite\",\"@id\":\"https:\/\/welaikaadv.site\/avviso\/#website\",\"url\":\"https:\/\/welaikaadv.site\/avviso\/\",\"name\":\"Staging Avviso Pubblico\",\"description\":\"\",\"publisher\":{\"@id\":\"https:\/\/welaikaadv.site\/avviso\/#organization\"},\"potentialAction\":[{\"@type\":\"SearchAction\",\"target\":{\"@type\":\"EntryPoint\",\"urlTemplate\":\"https:\/\/welaikaadv.site\/avviso\/?s={search_term_string}\"},\"query-input\":{\"@type\":\"PropertyValueSpecification\",\"valueRequired\":true,\"valueName\":\"search_term_string\"}}],\"inLanguage\":\"it-IT\"},{\"@type\":\"Organization\",\"@id\":\"https:\/\/welaikaadv.site\/avviso\/#organization\",\"name\":\"Staging Avviso Pubblico\",\"url\":\"https:\/\/welaikaadv.site\/avviso\/\",\"logo\":{\"@type\":\"ImageObject\",\"inLanguage\":\"it-IT\",\"@id\":\"https:\/\/welaikaadv.site\/avviso\/#\/schema\/logo\/image\/\",\"url\":\"https:\/\/welaikaadv.site\/avviso\/wp-content\/uploads\/2024\/08\/logoAPsito-400.png\",\"contentUrl\":\"https:\/\/welaikaadv.site\/avviso\/wp-content\/uploads\/2024\/08\/logoAPsito-400.png\",\"width\":400,\"height\":97,\"caption\":\"Staging Avviso Pubblico\"},\"image\":{\"@id\":\"https:\/\/welaikaadv.site\/avviso\/#\/schema\/logo\/image\/\"}}]}<\/script>\n<!-- \/ Yoast SEO plugin. -->","yoast_head_json":{"title":"IL TAR DELL\u2019UMBRIA CONFERMA IL REGOLAMENTO GIOCHI DEL COMUNE DI ASSISI - Staging Avviso Pubblico","robots":{"index":"noindex","follow":"follow","max-snippet":"max-snippet:-1","max-image-preview":"max-image-preview:large","max-video-preview":"max-video-preview:-1"},"og_locale":"it_IT","og_type":"article","og_title":"IL TAR DELL\u2019UMBRIA CONFERMA IL REGOLAMENTO GIOCHI DEL COMUNE DI ASSISI - Staging Avviso Pubblico","og_description":"Premessa. Il Comune di Assisi (Pg) nel 2016 ha approvato il Regolamento Comunale per l&#8217;apertura di sale giochi e l&#8217;installazione di apparecchi da gioco, che&nbsp;[&hellip;]Leggi tutto IL TAR DELL\u2019UMBRIA CONFERMA IL REGOLAMENTO GIOCHI DEL COMUNE DI ASSISI &rarr;","og_url":"https:\/\/welaikaadv.site\/avviso\/home\/cosa-facciamo\/informare\/documenti-tematici\/gioco-dazzardo\/il-tar-dellumbria-conferma-il-regolamento-giochi-del-comune-di-assisi\/","og_site_name":"Staging Avviso Pubblico","twitter_card":"summary_large_image","twitter_misc":{"Tempo di lettura stimato":"5 minuti"},"schema":{"@context":"https:\/\/schema.org","@graph":[{"@type":"WebPage","@id":"https:\/\/welaikaadv.site\/avviso\/home\/cosa-facciamo\/informare\/documenti-tematici\/gioco-dazzardo\/il-tar-dellumbria-conferma-il-regolamento-giochi-del-comune-di-assisi\/","url":"https:\/\/welaikaadv.site\/avviso\/home\/cosa-facciamo\/informare\/documenti-tematici\/gioco-dazzardo\/il-tar-dellumbria-conferma-il-regolamento-giochi-del-comune-di-assisi\/","name":"IL TAR DELL\u2019UMBRIA CONFERMA IL REGOLAMENTO GIOCHI DEL COMUNE DI ASSISI - Staging Avviso Pubblico","isPartOf":{"@id":"https:\/\/welaikaadv.site\/avviso\/#website"},"datePublished":"2022-12-19T08:13:15+00:00","breadcrumb":{"@id":"https:\/\/welaikaadv.site\/avviso\/home\/cosa-facciamo\/informare\/documenti-tematici\/gioco-dazzardo\/il-tar-dellumbria-conferma-il-regolamento-giochi-del-comune-di-assisi\/#breadcrumb"},"inLanguage":"it-IT","potentialAction":[{"@type":"ReadAction","target":["https:\/\/welaikaadv.site\/avviso\/home\/cosa-facciamo\/informare\/documenti-tematici\/gioco-dazzardo\/il-tar-dellumbria-conferma-il-regolamento-giochi-del-comune-di-assisi\/"]}]},{"@type":"BreadcrumbList","@id":"https:\/\/welaikaadv.site\/avviso\/home\/cosa-facciamo\/informare\/documenti-tematici\/gioco-dazzardo\/il-tar-dellumbria-conferma-il-regolamento-giochi-del-comune-di-assisi\/#breadcrumb","itemListElement":[{"@type":"ListItem","position":1,"name":"Home","item":"https:\/\/welaikaadv.site\/avviso\/"},{"@type":"ListItem","position":2,"name":"IL TAR DELL\u2019UMBRIA CONFERMA IL REGOLAMENTO GIOCHI DEL COMUNE DI ASSISI"}]},{"@type":"WebSite","@id":"https:\/\/welaikaadv.site\/avviso\/#website","url":"https:\/\/welaikaadv.site\/avviso\/","name":"Staging Avviso Pubblico","description":"","publisher":{"@id":"https:\/\/welaikaadv.site\/avviso\/#organization"},"potentialAction":[{"@type":"SearchAction","target":{"@type":"EntryPoint","urlTemplate":"https:\/\/welaikaadv.site\/avviso\/?s={search_term_string}"},"query-input":{"@type":"PropertyValueSpecification","valueRequired":true,"valueName":"search_term_string"}}],"inLanguage":"it-IT"},{"@type":"Organization","@id":"https:\/\/welaikaadv.site\/avviso\/#organization","name":"Staging Avviso Pubblico","url":"https:\/\/welaikaadv.site\/avviso\/","logo":{"@type":"ImageObject","inLanguage":"it-IT","@id":"https:\/\/welaikaadv.site\/avviso\/#\/schema\/logo\/image\/","url":"https:\/\/welaikaadv.site\/avviso\/wp-content\/uploads\/2024\/08\/logoAPsito-400.png","contentUrl":"https:\/\/welaikaadv.site\/avviso\/wp-content\/uploads\/2024\/08\/logoAPsito-400.png","width":400,"height":97,"caption":"Staging Avviso Pubblico"},"image":{"@id":"https:\/\/welaikaadv.site\/avviso\/#\/schema\/logo\/image\/"}}]}},"_links":{"self":[{"href":"https:\/\/welaikaadv.site\/avviso\/wp-json\/wp\/v2\/pages\/51909","targetHints":{"allow":["GET"]}}],"collection":[{"href":"https:\/\/welaikaadv.site\/avviso\/wp-json\/wp\/v2\/pages"}],"about":[{"href":"https:\/\/welaikaadv.site\/avviso\/wp-json\/wp\/v2\/types\/page"}],"author":[{"embeddable":true,"href":"https:\/\/welaikaadv.site\/avviso\/wp-json\/wp\/v2\/users\/1"}],"replies":[{"embeddable":true,"href":"https:\/\/welaikaadv.site\/avviso\/wp-json\/wp\/v2\/comments?post=51909"}],"version-history":[{"count":0,"href":"https:\/\/welaikaadv.site\/avviso\/wp-json\/wp\/v2\/pages\/51909\/revisions"}],"up":[{"embeddable":true,"href":"https:\/\/welaikaadv.site\/avviso\/wp-json\/wp\/v2\/pages\/202"}],"wp:attachment":[{"href":"https:\/\/welaikaadv.site\/avviso\/wp-json\/wp\/v2\/media?parent=51909"}],"curies":[{"name":"wp","href":"https:\/\/api.w.org\/{rel}","templated":true}]}}