{"id":52065,"date":"2023-01-02T16:19:54","date_gmt":"2023-01-02T15:19:54","guid":{"rendered":"https:\/\/www.avvisopubblico.it\/home\/?page_id=52065"},"modified":"2023-01-02T16:19:54","modified_gmt":"2023-01-02T15:19:54","slug":"lergastolo-ostativo-dopo-la-legge-199-2022-conversione-d-l-162-2022","status":"publish","type":"page","link":"https:\/\/welaikaadv.site\/avviso\/home\/cosa-facciamo\/informare\/documenti-tematici\/mafie\/lergastolo-ostativo-dopo-la-legge-199-2022-conversione-d-l-162-2022\/","title":{"rendered":"L&#8217;ergastolo ostativo dopo la legge 199\/2022 (conversione d.l. 162\/2022)"},"content":{"rendered":"<p>La conversione in legge del d.l. 162\/2022 consente di mettere un punto sulla vicenda relativa all\u2019ergastolo ostativo, da tempo oggetto dell\u2019interessamento della Corte costituzionale.<\/p>\n<p>La Consulta, infatti, con l\u2019<a href=\"https:\/\/www.cortecostituzionale.it\/actionSchedaPronuncia.do?anno=2021&amp;numero=97\">ordinanza 97\/2021<\/a>\u00a0\u00e8\u00a0intervenuta per dichiarare incostituzionali le norme che individuavano nella collaborazione l\u2019unica possibile strada a disposizione del condannato all\u2019ergastolo per un reato ostativo per accedere ai benefici penitenziari. Ritenendo necessario un intervento del legislatore, la Corte costituzionale aveva \u201csospeso\u201d il giudizio, assegnando un termine al Parlamento per intervenire (inizialmente il 10 Maggio, poi prorogato all\u20198 Novembre).<\/p>\n<p>Il decreto-legge 162\/2022 e la relativa legge di conversione (<a href=\"https:\/\/www.gazzettaufficiale.it\/atto\/serie_generale\/caricaDettaglioAtto\/originario?atto.dataPubblicazioneGazzetta=2022-12-30&amp;atto.codiceRedazionale=22G00209&amp;elenco30giorni=true\">legge 30 dicembre 2022, n. 199<\/a>) sono intervenute, in particolare, sull\u2019art. 4-bis (\u201cdivieto di concessione dei benefici e accertamento della pericolosit\u00e0 sociale dei condannati per taluni delitti\u201d), comma 1, della legge 354\/1974 e sull\u2019art. 2 del decreto-legge 13 maggio 1991, n. 152.<\/p>\n<p>Tra le novit\u00e0, si segnala che adesso i benef\u00ecci penitenziari ai detenuti per una serie di delitti (tra cui i delitti ex art. 416-bis e 416-ter) possono essere concessi anche in assenza di collaborazione con la giustizia\u201d purch\u00e9, tra le altre condizioni, siano allegati anche \u201c<u>elementi specifici, diversi e ulteriori<\/u> (\u2026) <u>che consentano di escludere l\u2019attualit\u00e0 di collegamenti con la criminalit\u00e0 organizzata, terroristica o eversiva e con il contesto nel quale il reato \u00e8 stato commesso, nonch\u00e9 il pericolo di ripristino di tali collegamenti<\/u>, anche indiretti o tramite terzi\u201d.<\/p>\n<p>La nuova disposizioni prevede, inoltre, una serie precisa di cautele, compresa <u>l\u2019acquisizione da parte del giudice di \u201cdettagliate informazioni<\/u> in merito al perdurare dell\u2019operativit\u00e0 del sodalizio criminale di appartenenza o del contesto criminale nel quale il reato \u00e8 stato consumato, al profilo criminale del detenuto o dell\u2019internato e alla sua posizione all\u2019interno dell\u2019associazione, alle eventuali nuove imputazioni o misure cautelari o di prevenzione sopravvenute a suo carico e, ove significative, alle infrazioni disciplinari commesse durante la detenzione\u201d, oltre ad <u>accertamenti sulla situazione patrimoniale<\/u> estesi anche al nucleo familiare e ad altre persone collegate.<\/p>\n<p>Se emergono indizi dell\u2019attuale sussistenza di collegamenti con la criminalit\u00e0 organizzata, si <u>ribalta l\u2019onere della prova <\/u>e sar\u00e0 il condannato a dover fornire, \u201centro un congruo termine, idonei elementi di prova contraria\u201d.<\/p>\n<p><strong>Sul sito di Avviso Pubblico la <\/strong><a href=\"https:\/\/welaikaadv.site\/avviso\/home\/cosa-facciamo\/informare\/osservatorio-parlamentare\/attivita-legislativa\/leggi-approvate\/legge-30-dicembre-2022-n-199-conversione-dl-rave-con-riforma-della-disciplina-dellergastolo-ostativo\/\"><strong>scheda di sintesi della nuova disciplina relativa all\u2019ergastolo ostativo<\/strong><\/a><strong>. <\/strong><\/p>\n<p>&nbsp;<\/p>\n","protected":false},"excerpt":{"rendered":"<p>La conversione in legge del d.l. 162\/2022 consente di mettere un punto sulla vicenda relativa all\u2019ergastolo ostativo, da tempo oggetto dell\u2019interessamento della Corte costituzionale. La&nbsp;<span class=\"hellipsis\">[&hellip;]<\/span><a class=\"more-link\" href=\"https:\/\/welaikaadv.site\/avviso\/home\/cosa-facciamo\/informare\/documenti-tematici\/mafie\/lergastolo-ostativo-dopo-la-legge-199-2022-conversione-d-l-162-2022\/\">Leggi tutto <span class=\"screen-reader-text\">L&#8217;ergastolo ostativo dopo la legge 199\/2022 (conversione d.l. 162\/2022)<\/span> <span class=\"meta-nav\" aria-hidden=\"true\">&rarr;<\/span><\/a><\/p>\n","protected":false},"author":1,"featured_media":0,"parent":207,"menu_order":0,"comment_status":"closed","ping_status":"closed","template":"","meta":{"_acf_changed":false,"_exactmetrics_skip_tracking":false,"_exactmetrics_sitenote_active":false,"_exactmetrics_sitenote_note":"","_exactmetrics_sitenote_category":0,"wp_social_preview_title":"","wp_social_preview_description":"","wp_social_preview_image":0,"footnotes":""},"class_list":["post-52065","page","type-page","status-publish","hentry"],"acf":[],"yoast_head":"<!-- This site is optimized with the Yoast SEO plugin v27.2 - https:\/\/yoast.com\/product\/yoast-seo-wordpress\/ -->\n<title>L&#039;ergastolo ostativo dopo la legge 199\/2022 (conversione d.l. 162\/2022) - Staging Avviso Pubblico<\/title>\n<meta name=\"robots\" content=\"noindex, follow, max-snippet:-1, max-image-preview:large, max-video-preview:-1\" \/>\n<meta property=\"og:locale\" content=\"it_IT\" \/>\n<meta property=\"og:type\" content=\"article\" \/>\n<meta property=\"og:title\" content=\"L&#039;ergastolo ostativo dopo la legge 199\/2022 (conversione d.l. 162\/2022) - Staging Avviso Pubblico\" \/>\n<meta property=\"og:description\" content=\"La conversione in legge del d.l. 162\/2022 consente di mettere un punto sulla vicenda relativa all\u2019ergastolo ostativo, da tempo oggetto dell\u2019interessamento della Corte costituzionale. La&nbsp;[&hellip;]Leggi tutto L&#8217;ergastolo ostativo dopo la legge 199\/2022 (conversione d.l. 162\/2022) &rarr;\" \/>\n<meta property=\"og:url\" content=\"https:\/\/welaikaadv.site\/avviso\/home\/cosa-facciamo\/informare\/documenti-tematici\/mafie\/lergastolo-ostativo-dopo-la-legge-199-2022-conversione-d-l-162-2022\/\" \/>\n<meta property=\"og:site_name\" content=\"Staging Avviso Pubblico\" \/>\n<meta name=\"twitter:card\" content=\"summary_large_image\" \/>\n<meta name=\"twitter:label1\" content=\"Tempo di lettura stimato\" \/>\n\t<meta name=\"twitter:data1\" content=\"2 minuti\" \/>\n<script type=\"application\/ld+json\" class=\"yoast-schema-graph\">{\"@context\":\"https:\/\/schema.org\",\"@graph\":[{\"@type\":\"WebPage\",\"@id\":\"https:\/\/welaikaadv.site\/avviso\/home\/cosa-facciamo\/informare\/documenti-tematici\/mafie\/lergastolo-ostativo-dopo-la-legge-199-2022-conversione-d-l-162-2022\/\",\"url\":\"https:\/\/welaikaadv.site\/avviso\/home\/cosa-facciamo\/informare\/documenti-tematici\/mafie\/lergastolo-ostativo-dopo-la-legge-199-2022-conversione-d-l-162-2022\/\",\"name\":\"L'ergastolo ostativo dopo la legge 199\/2022 (conversione d.l. 162\/2022) - Staging Avviso Pubblico\",\"isPartOf\":{\"@id\":\"https:\/\/welaikaadv.site\/avviso\/#website\"},\"datePublished\":\"2023-01-02T15:19:54+00:00\",\"breadcrumb\":{\"@id\":\"https:\/\/welaikaadv.site\/avviso\/home\/cosa-facciamo\/informare\/documenti-tematici\/mafie\/lergastolo-ostativo-dopo-la-legge-199-2022-conversione-d-l-162-2022\/#breadcrumb\"},\"inLanguage\":\"it-IT\",\"potentialAction\":[{\"@type\":\"ReadAction\",\"target\":[\"https:\/\/welaikaadv.site\/avviso\/home\/cosa-facciamo\/informare\/documenti-tematici\/mafie\/lergastolo-ostativo-dopo-la-legge-199-2022-conversione-d-l-162-2022\/\"]}]},{\"@type\":\"BreadcrumbList\",\"@id\":\"https:\/\/welaikaadv.site\/avviso\/home\/cosa-facciamo\/informare\/documenti-tematici\/mafie\/lergastolo-ostativo-dopo-la-legge-199-2022-conversione-d-l-162-2022\/#breadcrumb\",\"itemListElement\":[{\"@type\":\"ListItem\",\"position\":1,\"name\":\"Home\",\"item\":\"https:\/\/welaikaadv.site\/avviso\/\"},{\"@type\":\"ListItem\",\"position\":2,\"name\":\"L&#8217;ergastolo ostativo dopo la legge 199\/2022 (conversione d.l. 162\/2022)\"}]},{\"@type\":\"WebSite\",\"@id\":\"https:\/\/welaikaadv.site\/avviso\/#website\",\"url\":\"https:\/\/welaikaadv.site\/avviso\/\",\"name\":\"Staging Avviso Pubblico\",\"description\":\"\",\"publisher\":{\"@id\":\"https:\/\/welaikaadv.site\/avviso\/#organization\"},\"potentialAction\":[{\"@type\":\"SearchAction\",\"target\":{\"@type\":\"EntryPoint\",\"urlTemplate\":\"https:\/\/welaikaadv.site\/avviso\/?s={search_term_string}\"},\"query-input\":{\"@type\":\"PropertyValueSpecification\",\"valueRequired\":true,\"valueName\":\"search_term_string\"}}],\"inLanguage\":\"it-IT\"},{\"@type\":\"Organization\",\"@id\":\"https:\/\/welaikaadv.site\/avviso\/#organization\",\"name\":\"Staging Avviso Pubblico\",\"url\":\"https:\/\/welaikaadv.site\/avviso\/\",\"logo\":{\"@type\":\"ImageObject\",\"inLanguage\":\"it-IT\",\"@id\":\"https:\/\/welaikaadv.site\/avviso\/#\/schema\/logo\/image\/\",\"url\":\"https:\/\/welaikaadv.site\/avviso\/wp-content\/uploads\/2024\/08\/logoAPsito-400.png\",\"contentUrl\":\"https:\/\/welaikaadv.site\/avviso\/wp-content\/uploads\/2024\/08\/logoAPsito-400.png\",\"width\":400,\"height\":97,\"caption\":\"Staging Avviso Pubblico\"},\"image\":{\"@id\":\"https:\/\/welaikaadv.site\/avviso\/#\/schema\/logo\/image\/\"}}]}<\/script>\n<!-- \/ Yoast SEO plugin. -->","yoast_head_json":{"title":"L'ergastolo ostativo dopo la legge 199\/2022 (conversione d.l. 162\/2022) - Staging Avviso Pubblico","robots":{"index":"noindex","follow":"follow","max-snippet":"max-snippet:-1","max-image-preview":"max-image-preview:large","max-video-preview":"max-video-preview:-1"},"og_locale":"it_IT","og_type":"article","og_title":"L'ergastolo ostativo dopo la legge 199\/2022 (conversione d.l. 162\/2022) - Staging Avviso Pubblico","og_description":"La conversione in legge del d.l. 162\/2022 consente di mettere un punto sulla vicenda relativa all\u2019ergastolo ostativo, da tempo oggetto dell\u2019interessamento della Corte costituzionale. La&nbsp;[&hellip;]Leggi tutto L&#8217;ergastolo ostativo dopo la legge 199\/2022 (conversione d.l. 162\/2022) &rarr;","og_url":"https:\/\/welaikaadv.site\/avviso\/home\/cosa-facciamo\/informare\/documenti-tematici\/mafie\/lergastolo-ostativo-dopo-la-legge-199-2022-conversione-d-l-162-2022\/","og_site_name":"Staging Avviso Pubblico","twitter_card":"summary_large_image","twitter_misc":{"Tempo di lettura stimato":"2 minuti"},"schema":{"@context":"https:\/\/schema.org","@graph":[{"@type":"WebPage","@id":"https:\/\/welaikaadv.site\/avviso\/home\/cosa-facciamo\/informare\/documenti-tematici\/mafie\/lergastolo-ostativo-dopo-la-legge-199-2022-conversione-d-l-162-2022\/","url":"https:\/\/welaikaadv.site\/avviso\/home\/cosa-facciamo\/informare\/documenti-tematici\/mafie\/lergastolo-ostativo-dopo-la-legge-199-2022-conversione-d-l-162-2022\/","name":"L'ergastolo ostativo dopo la legge 199\/2022 (conversione d.l. 162\/2022) - Staging Avviso Pubblico","isPartOf":{"@id":"https:\/\/welaikaadv.site\/avviso\/#website"},"datePublished":"2023-01-02T15:19:54+00:00","breadcrumb":{"@id":"https:\/\/welaikaadv.site\/avviso\/home\/cosa-facciamo\/informare\/documenti-tematici\/mafie\/lergastolo-ostativo-dopo-la-legge-199-2022-conversione-d-l-162-2022\/#breadcrumb"},"inLanguage":"it-IT","potentialAction":[{"@type":"ReadAction","target":["https:\/\/welaikaadv.site\/avviso\/home\/cosa-facciamo\/informare\/documenti-tematici\/mafie\/lergastolo-ostativo-dopo-la-legge-199-2022-conversione-d-l-162-2022\/"]}]},{"@type":"BreadcrumbList","@id":"https:\/\/welaikaadv.site\/avviso\/home\/cosa-facciamo\/informare\/documenti-tematici\/mafie\/lergastolo-ostativo-dopo-la-legge-199-2022-conversione-d-l-162-2022\/#breadcrumb","itemListElement":[{"@type":"ListItem","position":1,"name":"Home","item":"https:\/\/welaikaadv.site\/avviso\/"},{"@type":"ListItem","position":2,"name":"L&#8217;ergastolo ostativo dopo la legge 199\/2022 (conversione d.l. 162\/2022)"}]},{"@type":"WebSite","@id":"https:\/\/welaikaadv.site\/avviso\/#website","url":"https:\/\/welaikaadv.site\/avviso\/","name":"Staging Avviso Pubblico","description":"","publisher":{"@id":"https:\/\/welaikaadv.site\/avviso\/#organization"},"potentialAction":[{"@type":"SearchAction","target":{"@type":"EntryPoint","urlTemplate":"https:\/\/welaikaadv.site\/avviso\/?s={search_term_string}"},"query-input":{"@type":"PropertyValueSpecification","valueRequired":true,"valueName":"search_term_string"}}],"inLanguage":"it-IT"},{"@type":"Organization","@id":"https:\/\/welaikaadv.site\/avviso\/#organization","name":"Staging Avviso Pubblico","url":"https:\/\/welaikaadv.site\/avviso\/","logo":{"@type":"ImageObject","inLanguage":"it-IT","@id":"https:\/\/welaikaadv.site\/avviso\/#\/schema\/logo\/image\/","url":"https:\/\/welaikaadv.site\/avviso\/wp-content\/uploads\/2024\/08\/logoAPsito-400.png","contentUrl":"https:\/\/welaikaadv.site\/avviso\/wp-content\/uploads\/2024\/08\/logoAPsito-400.png","width":400,"height":97,"caption":"Staging Avviso Pubblico"},"image":{"@id":"https:\/\/welaikaadv.site\/avviso\/#\/schema\/logo\/image\/"}}]}},"_links":{"self":[{"href":"https:\/\/welaikaadv.site\/avviso\/wp-json\/wp\/v2\/pages\/52065","targetHints":{"allow":["GET"]}}],"collection":[{"href":"https:\/\/welaikaadv.site\/avviso\/wp-json\/wp\/v2\/pages"}],"about":[{"href":"https:\/\/welaikaadv.site\/avviso\/wp-json\/wp\/v2\/types\/page"}],"author":[{"embeddable":true,"href":"https:\/\/welaikaadv.site\/avviso\/wp-json\/wp\/v2\/users\/1"}],"replies":[{"embeddable":true,"href":"https:\/\/welaikaadv.site\/avviso\/wp-json\/wp\/v2\/comments?post=52065"}],"version-history":[{"count":0,"href":"https:\/\/welaikaadv.site\/avviso\/wp-json\/wp\/v2\/pages\/52065\/revisions"}],"up":[{"embeddable":true,"href":"https:\/\/welaikaadv.site\/avviso\/wp-json\/wp\/v2\/pages\/207"}],"wp:attachment":[{"href":"https:\/\/welaikaadv.site\/avviso\/wp-json\/wp\/v2\/media?parent=52065"}],"curies":[{"name":"wp","href":"https:\/\/api.w.org\/{rel}","templated":true}]}}