{"id":52074,"date":"2023-01-03T16:04:12","date_gmt":"2023-01-03T15:04:12","guid":{"rendered":"https:\/\/www.avvisopubblico.it\/home\/?page_id=52074"},"modified":"2023-01-03T16:04:12","modified_gmt":"2023-01-03T15:04:12","slug":"il-tar-del-veneto-conferma-il-regolamento-giochi-del-comune-di-venezia","status":"publish","type":"page","link":"https:\/\/welaikaadv.site\/avviso\/home\/cosa-facciamo\/informare\/documenti-tematici\/gioco-dazzardo\/il-tar-del-veneto-conferma-il-regolamento-giochi-del-comune-di-venezia\/","title":{"rendered":"IL TAR DEL VENETO CONFERMA IL REGOLAMENTO GIOCHI DEL COMUNE DI VENEZIA"},"content":{"rendered":"<p><strong>Premessa.<\/strong> Il Comune di Venezia, con il <a href=\"https:\/\/www.comune.venezia.it\/it\/content\/regolamento-comunale-materia-giochi\">Regolamento Giochi<\/a> approvato con delibera del Consiglio Comunale 50\/2016, ha disciplinato tra le altre cose anche gli orari di apertura delle sale gioco e di funzionamento degli apparecchi da gioco. In particolare, si prevede che le sale possano restare aperte fino alle ore 21.30, mentre gli apparecchi possono essere messi in esercizio tra le ore 09.00 e le ore 13.00 e tra le ore 15.00 e le ore 19.30.<\/p>\n<p>Dopo l\u2019approvazione della <a href=\"https:\/\/bur.regione.veneto.it\/BurvServices\/pubblica\/DettaglioDgr.aspx?id=410923\">Delibera della Giunta Regionale 2006\/2019<\/a>, che ha stabilito alcune fasce di interruzione del gioco (7.00-9.00; 13.00-15.00; 18.00-20.00) omogenee per tutto il Veneto, \u00e8 intervenuto nuovamente il Comune di Venezia con la Nota P.G. 2020\/0041555 del 22.1.2020: con tale Nota \u00e8 stato chiarito che la messa in funzione degli apparecchi avrebbe dovuto osservare, per effetto della sovrapposizione della disciplina regionale sul regolamento comunale, il nuovo orario 9.00 &#8211; 13.00 e 15.00 -18.00, con una riduzione quindi di un\u2019ora e mezzo del funzionamento degli apparecchi di gioco rispetto a quanto stabilito dalla norma locale.<\/p>\n<p>L\u2019operatore del gioco ricorrente ha impugnato il Regolamento e ogni altro connesso, contestando sia la disciplina degli orari di apertura delle sale gioco (in particolare, delle Sale Bingo, rispetto al Casin\u00f2 e ad altri esercizi generalisti) sia gli orari di funzionamento degli apparecchi (dogliandosi soprattutto della sommatoria tra orari comunali e regionali).<\/p>\n<p>Il TAR Venezia si \u00e8 pronunciato con la <a href=\"https:\/\/www.giustizia-amministrativa.it\/portale\/pages\/istituzionale\/visualizza\/?nodeRef=&amp;schema=tar_ve&amp;nrg=201700060&amp;nomeFile=202201892_01.html&amp;subDir=Provvedimenti\">sentenza 1892\/2022<\/a>, respingendo il ricorso del gestore della sala bingo e confermando la disciplina degli orari introdotta nel Comune di Venezia.<\/p>\n<p><strong>Sul potere dei Comuni di disciplinare gli orari.<\/strong> In primo luogo, non vi sono dubbi secondo il TAR in ordine al potere delle Amministrazioni comunali di disciplinare gli orari delle sale da gioco o di accensione e spegnimento degli apparecchi durante l\u2019orario di apertura degli esercizi: il fondamento deriva, innanzitutto, dall\u2019art. 50, comma 7, del TUEL ed \u00e8 espressamente confermato dall\u2019art. 20 della <a href=\"https:\/\/bur.regione.veneto.it\/BurvServices\/pubblica\/DettaglioLegge.aspx?id=297052\">legge regionale n. 6 del 27 aprile 2015<\/a>.<\/p>\n<p>Non solo: secondo i giudici, \u201cdal composito e complesso quadro giuridico che regola la materia, emerge non solo e non tanto la legittimazione, ma l&#8217;esistenza di un vero e proprio obbligo a porre in essere, da parte dell&#8217;amministrazione comunale, interventi limitativi nella regolamentazione delle attivita\u0300 di gioco, ispirati per un verso alla tutela della salute, che rischia di essere gravemente compromessa per i cittadini che siano giocatori e quindi clienti delle sale gioco, per altro verso al principio di precauzione, citato nell&#8217;art. 191 del Trattato sul funzionamento dell&#8217;Unione europea (TFUE)\u201d.<\/p>\n<p><strong>Sull\u2019istruttoria.<\/strong> Una volta ricostruito il potere comunale di intervenire sugli orari, i giudici passano ad analizzare le modalit\u00e0 con cui tale potere \u00e8 stato esercitato, analizzando in particolare l\u2019attivit\u00e0 istruttoria compiuta.<\/p>\n<p>In questo senso il TAR richiama espressamente la sentenza TAR Lombardia <a href=\"https:\/\/welaikaadv.site\/avviso\/home\/cosa-facciamo\/informare\/documenti-tematici\/gioco-dazzardo\/il-tar-lombardia-rileva-carenze-istruttorie-nellordinanza-limitativa-degli-orari-del-gioco-adottata-dal-comune-di-trezzo-sulladda-mi\/?hilite=2182%2F2022\">2182\/2022<\/a>: \u201cla determinazione dei limiti orari per l\u2019esercizio del gioco d\u2019azzardo lecito non pu\u00f2 mai prescindere da un\u2019accurata indagine sull\u2019effettiva sussistenza dell\u2019interesse contrapposto a quello dei titolari delle autorizzazioni rilasciate dalle Autorit\u00e0 di P.S., e sulle modalit\u00e0 e la misura in cui tale interesse concretamente si manifesta nello specifico contesto socio economico e territoriale di riferimento. Solo una volta ricostruito in sede istruttoria tale presupposto di fatto, potranno invero individuarsi i limiti di funzionamento alle attivit\u00e0 imprenditoriali del settore in modo proporzionato, equilibrato e ragionevole\u201d).<\/p>\n<p>Sostiene il TAR Venezia che, nel caso di specie, l\u2019attivit\u00e0 istruttoria \u00e8 stata corretta, con il coinvolgimento delle associazioni di categoria e, soprattutto, con la sottoscrizione di un protocollo d\u2019intesa tra diverse realt\u00e0 in cui sono state concordate varie attivit\u00e0 volte a contrastare il fenomeno della ludopatia.<\/p>\n<p>In particolare, dai dati dell\u2019Osservatorio Locale sulle dipendenze patologiche e del Report Ser.D. sul Gioco d\u2019Azzardo Patologico dell\u2019Azienda ULSS 12 Veneziana dell\u20198 aprile 2016 \u00e8 emersa la \u201cnettissima prevalenza della dipendenza da gioco legata all\u2019uso di slot machine e apparecchi VLT e la concentrazione del gioco maggiormente nelle ore serali e notturne (dalle 17.00 alle 23.00)\u201d. Ci\u00f2 consente di ritenere l\u2019intervento regolatorio il \u201cfrutto di una ponderata scelta, basata su apposita attivit\u00e0 istruttoria e, dunque, debitamente motivata\u201d.<\/p>\n<p>Sul piano, invece, del rispetto del principio di proporzionalit\u00e0 e della complessiva sostenibilit\u00e0 delle misure di limitazione oraria per gli operatori del gioco, i giudici rilevano che \u201cil decorso del tempo dall\u2019entrata in vigore delle disposizioni, mai sospese, senza che parte ricorrente abbia dimostrato il venir meno delle condizioni per la sopravvivenza dell\u2019azienda\u201d prova \u201cl\u2019adeguatezza e proporzionalit\u00e0 della misura che, a prescindere dalla rilevazione puntuale degli effetti della stessa, non ha determinato la paventata cessazione dell\u2019attivit\u00e0\u201d.<\/p>\n<p><strong>Sulle disparit\u00e0 di trattamento con altre realt\u00e0.<\/strong> I giudici respingono anche le censure del gestore della sala bingo in merito all\u2019asserita disparit\u00e0 di trattamento tra le sale giochi, il Casin\u00f2 di Venezia e gli altri esercizi generalisti.<\/p>\n<p>Per il Casin\u00f2, in particolare, vale l\u2019argomentazione secondo cui \u00e8 una realt\u00e0 a s\u00e9 stante, istituita con regio decreto e soggetta a una particolare disciplina, e dunque non \u00e8 comparabile con le ordinarie sale da gioco.<\/p>\n<p>Il TAR non accoglie nemmeno la doglianza del ricorrente rispetto alle eventuali differenze orarie con altri Comuni limitrofi: in primis, perch\u00e9 anche questi ultimi hanno sottoscritto lo stesso Protocollo d\u2019intesa del Comune di Venezia, il che rende presumibile che abbiano adottato discipline orarie simili (sul punto, parte ricorrente non produce alcun principio di prova contraria). Inoltre, l\u2019obiettivo perseguito non \u00e8 quello di risolvere tout court il problema della ludopatia, bens\u00ec, chiariscono i giudici, \u201cquello di cercare di disincentivare il gioco rendendo pi\u00f9 difficile l\u2019accesso ad esso e, in questo senso, anche il costringere il giocatore a uno spostamento non pu\u00f2 essere ritenuto privo di rilevanza in un\u2019ottica di disincentivazione al gioco\u201d.<\/p>\n","protected":false},"excerpt":{"rendered":"<p>Premessa. Il Comune di Venezia, con il Regolamento Giochi approvato con delibera del Consiglio Comunale 50\/2016, ha disciplinato tra le altre cose anche gli orari&nbsp;<span class=\"hellipsis\">[&hellip;]<\/span><a class=\"more-link\" href=\"https:\/\/welaikaadv.site\/avviso\/home\/cosa-facciamo\/informare\/documenti-tematici\/gioco-dazzardo\/il-tar-del-veneto-conferma-il-regolamento-giochi-del-comune-di-venezia\/\">Leggi tutto <span class=\"screen-reader-text\">IL TAR DEL VENETO CONFERMA IL REGOLAMENTO GIOCHI DEL COMUNE DI VENEZIA<\/span> <span class=\"meta-nav\" aria-hidden=\"true\">&rarr;<\/span><\/a><\/p>\n","protected":false},"author":1,"featured_media":0,"parent":202,"menu_order":160,"comment_status":"closed","ping_status":"closed","template":"","meta":{"_acf_changed":false,"_exactmetrics_skip_tracking":false,"_exactmetrics_sitenote_active":false,"_exactmetrics_sitenote_note":"","_exactmetrics_sitenote_category":0,"wp_social_preview_title":"","wp_social_preview_description":"","wp_social_preview_image":0,"footnotes":""},"class_list":["post-52074","page","type-page","status-publish","hentry"],"acf":[],"yoast_head":"<!-- This site is optimized with the Yoast SEO plugin v27.2 - https:\/\/yoast.com\/product\/yoast-seo-wordpress\/ -->\n<title>IL TAR DEL VENETO CONFERMA IL REGOLAMENTO GIOCHI DEL COMUNE DI VENEZIA - Staging Avviso Pubblico<\/title>\n<meta name=\"robots\" content=\"noindex, follow, max-snippet:-1, max-image-preview:large, max-video-preview:-1\" \/>\n<meta property=\"og:locale\" content=\"it_IT\" \/>\n<meta property=\"og:type\" content=\"article\" \/>\n<meta property=\"og:title\" content=\"IL TAR DEL VENETO CONFERMA IL REGOLAMENTO GIOCHI DEL COMUNE DI VENEZIA - Staging Avviso Pubblico\" \/>\n<meta property=\"og:description\" content=\"Premessa. Il Comune di Venezia, con il Regolamento Giochi approvato con delibera del Consiglio Comunale 50\/2016, ha disciplinato tra le altre cose anche gli orari&nbsp;[&hellip;]Leggi tutto IL TAR DEL VENETO CONFERMA IL REGOLAMENTO GIOCHI DEL COMUNE DI VENEZIA &rarr;\" \/>\n<meta property=\"og:url\" content=\"https:\/\/welaikaadv.site\/avviso\/home\/cosa-facciamo\/informare\/documenti-tematici\/gioco-dazzardo\/il-tar-del-veneto-conferma-il-regolamento-giochi-del-comune-di-venezia\/\" \/>\n<meta property=\"og:site_name\" content=\"Staging Avviso Pubblico\" \/>\n<meta name=\"twitter:card\" content=\"summary_large_image\" \/>\n<meta name=\"twitter:label1\" content=\"Tempo di lettura stimato\" \/>\n\t<meta name=\"twitter:data1\" content=\"5 minuti\" \/>\n<script type=\"application\/ld+json\" class=\"yoast-schema-graph\">{\"@context\":\"https:\/\/schema.org\",\"@graph\":[{\"@type\":\"WebPage\",\"@id\":\"https:\/\/welaikaadv.site\/avviso\/home\/cosa-facciamo\/informare\/documenti-tematici\/gioco-dazzardo\/il-tar-del-veneto-conferma-il-regolamento-giochi-del-comune-di-venezia\/\",\"url\":\"https:\/\/welaikaadv.site\/avviso\/home\/cosa-facciamo\/informare\/documenti-tematici\/gioco-dazzardo\/il-tar-del-veneto-conferma-il-regolamento-giochi-del-comune-di-venezia\/\",\"name\":\"IL TAR DEL VENETO CONFERMA IL REGOLAMENTO GIOCHI DEL COMUNE DI VENEZIA - Staging Avviso Pubblico\",\"isPartOf\":{\"@id\":\"https:\/\/welaikaadv.site\/avviso\/#website\"},\"datePublished\":\"2023-01-03T15:04:12+00:00\",\"breadcrumb\":{\"@id\":\"https:\/\/welaikaadv.site\/avviso\/home\/cosa-facciamo\/informare\/documenti-tematici\/gioco-dazzardo\/il-tar-del-veneto-conferma-il-regolamento-giochi-del-comune-di-venezia\/#breadcrumb\"},\"inLanguage\":\"it-IT\",\"potentialAction\":[{\"@type\":\"ReadAction\",\"target\":[\"https:\/\/welaikaadv.site\/avviso\/home\/cosa-facciamo\/informare\/documenti-tematici\/gioco-dazzardo\/il-tar-del-veneto-conferma-il-regolamento-giochi-del-comune-di-venezia\/\"]}]},{\"@type\":\"BreadcrumbList\",\"@id\":\"https:\/\/welaikaadv.site\/avviso\/home\/cosa-facciamo\/informare\/documenti-tematici\/gioco-dazzardo\/il-tar-del-veneto-conferma-il-regolamento-giochi-del-comune-di-venezia\/#breadcrumb\",\"itemListElement\":[{\"@type\":\"ListItem\",\"position\":1,\"name\":\"Home\",\"item\":\"https:\/\/welaikaadv.site\/avviso\/\"},{\"@type\":\"ListItem\",\"position\":2,\"name\":\"IL TAR DEL VENETO CONFERMA IL REGOLAMENTO GIOCHI DEL COMUNE DI VENEZIA\"}]},{\"@type\":\"WebSite\",\"@id\":\"https:\/\/welaikaadv.site\/avviso\/#website\",\"url\":\"https:\/\/welaikaadv.site\/avviso\/\",\"name\":\"Staging Avviso Pubblico\",\"description\":\"\",\"publisher\":{\"@id\":\"https:\/\/welaikaadv.site\/avviso\/#organization\"},\"potentialAction\":[{\"@type\":\"SearchAction\",\"target\":{\"@type\":\"EntryPoint\",\"urlTemplate\":\"https:\/\/welaikaadv.site\/avviso\/?s={search_term_string}\"},\"query-input\":{\"@type\":\"PropertyValueSpecification\",\"valueRequired\":true,\"valueName\":\"search_term_string\"}}],\"inLanguage\":\"it-IT\"},{\"@type\":\"Organization\",\"@id\":\"https:\/\/welaikaadv.site\/avviso\/#organization\",\"name\":\"Staging Avviso Pubblico\",\"url\":\"https:\/\/welaikaadv.site\/avviso\/\",\"logo\":{\"@type\":\"ImageObject\",\"inLanguage\":\"it-IT\",\"@id\":\"https:\/\/welaikaadv.site\/avviso\/#\/schema\/logo\/image\/\",\"url\":\"https:\/\/welaikaadv.site\/avviso\/wp-content\/uploads\/2024\/08\/logoAPsito-400.png\",\"contentUrl\":\"https:\/\/welaikaadv.site\/avviso\/wp-content\/uploads\/2024\/08\/logoAPsito-400.png\",\"width\":400,\"height\":97,\"caption\":\"Staging Avviso Pubblico\"},\"image\":{\"@id\":\"https:\/\/welaikaadv.site\/avviso\/#\/schema\/logo\/image\/\"}}]}<\/script>\n<!-- \/ Yoast SEO plugin. -->","yoast_head_json":{"title":"IL TAR DEL VENETO CONFERMA IL REGOLAMENTO GIOCHI DEL COMUNE DI VENEZIA - Staging Avviso Pubblico","robots":{"index":"noindex","follow":"follow","max-snippet":"max-snippet:-1","max-image-preview":"max-image-preview:large","max-video-preview":"max-video-preview:-1"},"og_locale":"it_IT","og_type":"article","og_title":"IL TAR DEL VENETO CONFERMA IL REGOLAMENTO GIOCHI DEL COMUNE DI VENEZIA - Staging Avviso Pubblico","og_description":"Premessa. Il Comune di Venezia, con il Regolamento Giochi approvato con delibera del Consiglio Comunale 50\/2016, ha disciplinato tra le altre cose anche gli orari&nbsp;[&hellip;]Leggi tutto IL TAR DEL VENETO CONFERMA IL REGOLAMENTO GIOCHI DEL COMUNE DI VENEZIA &rarr;","og_url":"https:\/\/welaikaadv.site\/avviso\/home\/cosa-facciamo\/informare\/documenti-tematici\/gioco-dazzardo\/il-tar-del-veneto-conferma-il-regolamento-giochi-del-comune-di-venezia\/","og_site_name":"Staging Avviso Pubblico","twitter_card":"summary_large_image","twitter_misc":{"Tempo di lettura stimato":"5 minuti"},"schema":{"@context":"https:\/\/schema.org","@graph":[{"@type":"WebPage","@id":"https:\/\/welaikaadv.site\/avviso\/home\/cosa-facciamo\/informare\/documenti-tematici\/gioco-dazzardo\/il-tar-del-veneto-conferma-il-regolamento-giochi-del-comune-di-venezia\/","url":"https:\/\/welaikaadv.site\/avviso\/home\/cosa-facciamo\/informare\/documenti-tematici\/gioco-dazzardo\/il-tar-del-veneto-conferma-il-regolamento-giochi-del-comune-di-venezia\/","name":"IL TAR DEL VENETO CONFERMA IL REGOLAMENTO GIOCHI DEL COMUNE DI VENEZIA - Staging Avviso Pubblico","isPartOf":{"@id":"https:\/\/welaikaadv.site\/avviso\/#website"},"datePublished":"2023-01-03T15:04:12+00:00","breadcrumb":{"@id":"https:\/\/welaikaadv.site\/avviso\/home\/cosa-facciamo\/informare\/documenti-tematici\/gioco-dazzardo\/il-tar-del-veneto-conferma-il-regolamento-giochi-del-comune-di-venezia\/#breadcrumb"},"inLanguage":"it-IT","potentialAction":[{"@type":"ReadAction","target":["https:\/\/welaikaadv.site\/avviso\/home\/cosa-facciamo\/informare\/documenti-tematici\/gioco-dazzardo\/il-tar-del-veneto-conferma-il-regolamento-giochi-del-comune-di-venezia\/"]}]},{"@type":"BreadcrumbList","@id":"https:\/\/welaikaadv.site\/avviso\/home\/cosa-facciamo\/informare\/documenti-tematici\/gioco-dazzardo\/il-tar-del-veneto-conferma-il-regolamento-giochi-del-comune-di-venezia\/#breadcrumb","itemListElement":[{"@type":"ListItem","position":1,"name":"Home","item":"https:\/\/welaikaadv.site\/avviso\/"},{"@type":"ListItem","position":2,"name":"IL TAR DEL VENETO CONFERMA IL REGOLAMENTO GIOCHI DEL COMUNE DI VENEZIA"}]},{"@type":"WebSite","@id":"https:\/\/welaikaadv.site\/avviso\/#website","url":"https:\/\/welaikaadv.site\/avviso\/","name":"Staging Avviso Pubblico","description":"","publisher":{"@id":"https:\/\/welaikaadv.site\/avviso\/#organization"},"potentialAction":[{"@type":"SearchAction","target":{"@type":"EntryPoint","urlTemplate":"https:\/\/welaikaadv.site\/avviso\/?s={search_term_string}"},"query-input":{"@type":"PropertyValueSpecification","valueRequired":true,"valueName":"search_term_string"}}],"inLanguage":"it-IT"},{"@type":"Organization","@id":"https:\/\/welaikaadv.site\/avviso\/#organization","name":"Staging Avviso Pubblico","url":"https:\/\/welaikaadv.site\/avviso\/","logo":{"@type":"ImageObject","inLanguage":"it-IT","@id":"https:\/\/welaikaadv.site\/avviso\/#\/schema\/logo\/image\/","url":"https:\/\/welaikaadv.site\/avviso\/wp-content\/uploads\/2024\/08\/logoAPsito-400.png","contentUrl":"https:\/\/welaikaadv.site\/avviso\/wp-content\/uploads\/2024\/08\/logoAPsito-400.png","width":400,"height":97,"caption":"Staging Avviso Pubblico"},"image":{"@id":"https:\/\/welaikaadv.site\/avviso\/#\/schema\/logo\/image\/"}}]}},"_links":{"self":[{"href":"https:\/\/welaikaadv.site\/avviso\/wp-json\/wp\/v2\/pages\/52074","targetHints":{"allow":["GET"]}}],"collection":[{"href":"https:\/\/welaikaadv.site\/avviso\/wp-json\/wp\/v2\/pages"}],"about":[{"href":"https:\/\/welaikaadv.site\/avviso\/wp-json\/wp\/v2\/types\/page"}],"author":[{"embeddable":true,"href":"https:\/\/welaikaadv.site\/avviso\/wp-json\/wp\/v2\/users\/1"}],"replies":[{"embeddable":true,"href":"https:\/\/welaikaadv.site\/avviso\/wp-json\/wp\/v2\/comments?post=52074"}],"version-history":[{"count":0,"href":"https:\/\/welaikaadv.site\/avviso\/wp-json\/wp\/v2\/pages\/52074\/revisions"}],"up":[{"embeddable":true,"href":"https:\/\/welaikaadv.site\/avviso\/wp-json\/wp\/v2\/pages\/202"}],"wp:attachment":[{"href":"https:\/\/welaikaadv.site\/avviso\/wp-json\/wp\/v2\/media?parent=52074"}],"curies":[{"name":"wp","href":"https:\/\/api.w.org\/{rel}","templated":true}]}}