{"id":52411,"date":"2023-02-13T08:41:38","date_gmt":"2023-02-13T07:41:38","guid":{"rendered":"https:\/\/www.avvisopubblico.it\/home\/?page_id=52411"},"modified":"2023-02-13T08:41:38","modified_gmt":"2023-02-13T07:41:38","slug":"il-tar-puglia-conferma-che-studi-dentistici-e-pediatrici-privati-sono-luoghi-sensibili","status":"publish","type":"page","link":"https:\/\/welaikaadv.site\/avviso\/home\/cosa-facciamo\/informare\/documenti-tematici\/gioco-dazzardo\/il-tar-puglia-conferma-che-studi-dentistici-e-pediatrici-privati-sono-luoghi-sensibili\/","title":{"rendered":"IL TAR PUGLIA CONFERMA CHE STUDI DENTISTICI E PEDIATRICI PRIVATI SONO LUOGHI SENSIBILI"},"content":{"rendered":"<p><strong>Premessa.<\/strong> La Regione Puglia ha disciplinato il distanziometro con l\u2019art. 7 della <a href=\"https:\/\/welaikaadv.site\/avviso\/home\/cosa-facciamo\/informare\/documenti-tematici\/gioco-dazzardo\/legge-della-regione-puglia-per-il-contrasto-alla-diffusione-del-gioco-dazzardo-patologico-gap\/\">Legge regionale 43\/2013<\/a>: in particolare, nell\u2019elenco dei luoghi sensibili sono ricomprese anche le strutture sanitarie.<\/p>\n<p>Nel caso affrontato nella sentenza TAR Puglia\u00a0<a href=\"https:\/\/www.giustizia-amministrativa.it\/portale\/pages\/istituzionale\/visualizza\/?nodeRef=&amp;schema=tar_ba&amp;nrg=202300036&amp;nomeFile=202300274_20.html&amp;subDir=Provvedimenti\">274\/2023<\/a>, il ricorrente ha presentato istanza alla Questura di Barletta Andria Trani per il rilascio in suo favore della licenza ex art. 88 TULPS per lo svolgimento di attivit\u00e0 di raccolta scommesse.<\/p>\n<p>La Questura ha rigettato il rilascio di tale licenza sulla base della considerazione che i locali prescelti distano a meno di 250 metri da due luoghi sensibili catalogati come strutture sanitarie, in particolare uno studio dentistico e uno studio pediatrico privato.<\/p>\n<p><strong>L\u2019assimilazione dei due studi medici privati tra le strutture sanitarie di cui alla legge 43\/2013.<\/strong> Secondo il ricorrente, la Questura avrebbe sbagliato a ricomprendere tra i luoghi sensibili i due studi medici privati in quanto: a) non sarebbero studi privati accreditati; b) non sarebbero strutture presenti in pubblici elenchi accessibili al pubblico; c) sarebbero studi nell\u2019ambito dei quali il medico esercita individualmente l\u2019attivit\u00e0 medica; d) consistono in appartamenti o locali privati di ordinarie dimensioni all\u2019interno dei quali viene prestata una attivit\u00e0 di assistenza specialistica di base.<\/p>\n<p>Il TAR respinge tutte queste argomentazioni. In particolare, secondo i giudici, la definizione di \u201cstruttura sanitaria\u201d di cui all\u2019art. 7 della legge regionale 43\/2013 pu\u00f2 essere ricostruita facendo riferimento a quanto previsto dalla pertinente disciplina regionale: l\u2019art. 2, lettera f) della legge regionale 9\/2017 definisce come \u201cstruttura sanitaria e socio sanitaria, qualunque struttura che eroghi prestazioni di prevenzione, diagnosi, cura, riabilitazione e mantenimento delle abilita\u0300 acquisite\u201d; inoltre, l\u2019art. 5 della medesima Legge Regionale prevede, al punto 3.2, che sono soggetti ad autorizzazione sanitaria, fra gli altri gli \u201cstudi odontoiatrici, medici e di altre professioni sanitarie, ove attrezzati per erogare prestazioni di chirurgia, ovvero procedure diagnostiche e terapeutiche di particolare complessit\u00e0 o che comportino un rischio per la sicurezza del paziente, nonch\u00e9 per le strutture esclusivamente dedicate ad attivit\u00e0 diagnostiche, volte anche a favore di soggetti terzi, e per l&#8217;erogazione di cure domiciliari\u201d.<\/p>\n<p><strong>La ratio del distanziometro.<\/strong> Per quanto esposto, dunque, il dato letterale della normativa in materia conforta il rigetto del ricorso dell\u2019esercente. Accanto a ci\u00f2, secondo i giudici un altro argomento milita a favore di tale soluzione: la ratio del distanziometro, infatti, \u00e8 quella di \u201cevitare la prossimit\u00e0 delle sale e degli apparecchi da gioco a determinati luoghi, ove si radunano soggetti ritenuti fragili e, come tali, pi\u00f9 esposti al rischio della ludopatia, cio\u00e8 della dipendenza da gioco d\u2019azzardo, fenomeno da tempo riconosciuto come disturbo del comportamento assimilabile, per certi versi, alla tossicodipendenza e all&#8217;alcolismo\u201d.<\/p>\n<p>Se \u00e8 cos\u00ec, \u00e8 chiaro che il distanziometro persegue in via preminente una finalit\u00e0 di carattere socio-sanitario, il che consente di escludere che la nozione di \u201cstruttura sanitaria\u201d possa relazionarsi alla procedura dell\u2019accreditamento della struttura, come sostenuto da parte ricorrente.<\/p>\n<p>Anzi, ribadiscono i giudici che uno studio odontoiatrico e uno studio pediatrico sono oggetto di un flusso costante e notevole di utenza, ci\u00f2 che rimarca l\u2019esigenza di \u201cgarantire la fondamentale tutela di specifiche categorie deboli della popolazione\u201d.<\/p>\n<p>L\u2019interpretazione della Questura \u00e8 stata, inoltre, confermata anche dalla ASL competente.<\/p>\n","protected":false},"excerpt":{"rendered":"<p>Premessa. La Regione Puglia ha disciplinato il distanziometro con l\u2019art. 7 della Legge regionale 43\/2013: in particolare, nell\u2019elenco dei luoghi sensibili sono ricomprese anche le&nbsp;<span class=\"hellipsis\">[&hellip;]<\/span><a class=\"more-link\" href=\"https:\/\/welaikaadv.site\/avviso\/home\/cosa-facciamo\/informare\/documenti-tematici\/gioco-dazzardo\/il-tar-puglia-conferma-che-studi-dentistici-e-pediatrici-privati-sono-luoghi-sensibili\/\">Leggi tutto <span class=\"screen-reader-text\">IL TAR PUGLIA CONFERMA CHE STUDI DENTISTICI E PEDIATRICI PRIVATI SONO LUOGHI SENSIBILI<\/span> <span class=\"meta-nav\" aria-hidden=\"true\">&rarr;<\/span><\/a><\/p>\n","protected":false},"author":1,"featured_media":0,"parent":202,"menu_order":160,"comment_status":"closed","ping_status":"closed","template":"","meta":{"_acf_changed":false,"_exactmetrics_skip_tracking":false,"_exactmetrics_sitenote_active":false,"_exactmetrics_sitenote_note":"","_exactmetrics_sitenote_category":0,"wp_social_preview_title":"","wp_social_preview_description":"","wp_social_preview_image":0,"footnotes":""},"class_list":["post-52411","page","type-page","status-publish","hentry"],"acf":[],"yoast_head":"<!-- This site is optimized with the Yoast SEO plugin v27.2 - https:\/\/yoast.com\/product\/yoast-seo-wordpress\/ -->\n<title>IL TAR PUGLIA CONFERMA CHE STUDI DENTISTICI E PEDIATRICI PRIVATI SONO LUOGHI SENSIBILI - Staging Avviso Pubblico<\/title>\n<meta name=\"robots\" content=\"noindex, follow, max-snippet:-1, max-image-preview:large, max-video-preview:-1\" \/>\n<meta property=\"og:locale\" content=\"it_IT\" \/>\n<meta property=\"og:type\" content=\"article\" \/>\n<meta property=\"og:title\" content=\"IL TAR PUGLIA CONFERMA CHE STUDI DENTISTICI E PEDIATRICI PRIVATI SONO LUOGHI SENSIBILI - Staging Avviso Pubblico\" \/>\n<meta property=\"og:description\" content=\"Premessa. La Regione Puglia ha disciplinato il distanziometro con l\u2019art. 7 della Legge regionale 43\/2013: in particolare, nell\u2019elenco dei luoghi sensibili sono ricomprese anche le&nbsp;[&hellip;]Leggi tutto IL TAR PUGLIA CONFERMA CHE STUDI DENTISTICI E PEDIATRICI PRIVATI SONO LUOGHI SENSIBILI &rarr;\" \/>\n<meta property=\"og:url\" content=\"https:\/\/welaikaadv.site\/avviso\/home\/cosa-facciamo\/informare\/documenti-tematici\/gioco-dazzardo\/il-tar-puglia-conferma-che-studi-dentistici-e-pediatrici-privati-sono-luoghi-sensibili\/\" \/>\n<meta property=\"og:site_name\" content=\"Staging Avviso Pubblico\" \/>\n<meta name=\"twitter:card\" content=\"summary_large_image\" \/>\n<meta name=\"twitter:label1\" content=\"Tempo di lettura stimato\" \/>\n\t<meta name=\"twitter:data1\" content=\"5 minuti\" \/>\n<script type=\"application\/ld+json\" class=\"yoast-schema-graph\">{\"@context\":\"https:\/\/schema.org\",\"@graph\":[{\"@type\":\"WebPage\",\"@id\":\"https:\/\/welaikaadv.site\/avviso\/home\/cosa-facciamo\/informare\/documenti-tematici\/gioco-dazzardo\/il-tar-puglia-conferma-che-studi-dentistici-e-pediatrici-privati-sono-luoghi-sensibili\/\",\"url\":\"https:\/\/welaikaadv.site\/avviso\/home\/cosa-facciamo\/informare\/documenti-tematici\/gioco-dazzardo\/il-tar-puglia-conferma-che-studi-dentistici-e-pediatrici-privati-sono-luoghi-sensibili\/\",\"name\":\"IL TAR PUGLIA CONFERMA CHE STUDI DENTISTICI E PEDIATRICI PRIVATI SONO LUOGHI SENSIBILI - Staging Avviso Pubblico\",\"isPartOf\":{\"@id\":\"https:\/\/welaikaadv.site\/avviso\/#website\"},\"datePublished\":\"2023-02-13T07:41:38+00:00\",\"breadcrumb\":{\"@id\":\"https:\/\/welaikaadv.site\/avviso\/home\/cosa-facciamo\/informare\/documenti-tematici\/gioco-dazzardo\/il-tar-puglia-conferma-che-studi-dentistici-e-pediatrici-privati-sono-luoghi-sensibili\/#breadcrumb\"},\"inLanguage\":\"it-IT\",\"potentialAction\":[{\"@type\":\"ReadAction\",\"target\":[\"https:\/\/welaikaadv.site\/avviso\/home\/cosa-facciamo\/informare\/documenti-tematici\/gioco-dazzardo\/il-tar-puglia-conferma-che-studi-dentistici-e-pediatrici-privati-sono-luoghi-sensibili\/\"]}]},{\"@type\":\"BreadcrumbList\",\"@id\":\"https:\/\/welaikaadv.site\/avviso\/home\/cosa-facciamo\/informare\/documenti-tematici\/gioco-dazzardo\/il-tar-puglia-conferma-che-studi-dentistici-e-pediatrici-privati-sono-luoghi-sensibili\/#breadcrumb\",\"itemListElement\":[{\"@type\":\"ListItem\",\"position\":1,\"name\":\"Home\",\"item\":\"https:\/\/welaikaadv.site\/avviso\/\"},{\"@type\":\"ListItem\",\"position\":2,\"name\":\"IL TAR PUGLIA CONFERMA CHE STUDI DENTISTICI E PEDIATRICI PRIVATI SONO LUOGHI SENSIBILI\"}]},{\"@type\":\"WebSite\",\"@id\":\"https:\/\/welaikaadv.site\/avviso\/#website\",\"url\":\"https:\/\/welaikaadv.site\/avviso\/\",\"name\":\"Staging Avviso Pubblico\",\"description\":\"\",\"publisher\":{\"@id\":\"https:\/\/welaikaadv.site\/avviso\/#organization\"},\"potentialAction\":[{\"@type\":\"SearchAction\",\"target\":{\"@type\":\"EntryPoint\",\"urlTemplate\":\"https:\/\/welaikaadv.site\/avviso\/?s={search_term_string}\"},\"query-input\":{\"@type\":\"PropertyValueSpecification\",\"valueRequired\":true,\"valueName\":\"search_term_string\"}}],\"inLanguage\":\"it-IT\"},{\"@type\":\"Organization\",\"@id\":\"https:\/\/welaikaadv.site\/avviso\/#organization\",\"name\":\"Staging Avviso Pubblico\",\"url\":\"https:\/\/welaikaadv.site\/avviso\/\",\"logo\":{\"@type\":\"ImageObject\",\"inLanguage\":\"it-IT\",\"@id\":\"https:\/\/welaikaadv.site\/avviso\/#\/schema\/logo\/image\/\",\"url\":\"https:\/\/welaikaadv.site\/avviso\/wp-content\/uploads\/2024\/08\/logoAPsito-400.png\",\"contentUrl\":\"https:\/\/welaikaadv.site\/avviso\/wp-content\/uploads\/2024\/08\/logoAPsito-400.png\",\"width\":400,\"height\":97,\"caption\":\"Staging Avviso Pubblico\"},\"image\":{\"@id\":\"https:\/\/welaikaadv.site\/avviso\/#\/schema\/logo\/image\/\"}}]}<\/script>\n<!-- \/ Yoast SEO plugin. -->","yoast_head_json":{"title":"IL TAR PUGLIA CONFERMA CHE STUDI DENTISTICI E PEDIATRICI PRIVATI SONO LUOGHI SENSIBILI - Staging Avviso Pubblico","robots":{"index":"noindex","follow":"follow","max-snippet":"max-snippet:-1","max-image-preview":"max-image-preview:large","max-video-preview":"max-video-preview:-1"},"og_locale":"it_IT","og_type":"article","og_title":"IL TAR PUGLIA CONFERMA CHE STUDI DENTISTICI E PEDIATRICI PRIVATI SONO LUOGHI SENSIBILI - Staging Avviso Pubblico","og_description":"Premessa. La Regione Puglia ha disciplinato il distanziometro con l\u2019art. 7 della Legge regionale 43\/2013: in particolare, nell\u2019elenco dei luoghi sensibili sono ricomprese anche le&nbsp;[&hellip;]Leggi tutto IL TAR PUGLIA CONFERMA CHE STUDI DENTISTICI E PEDIATRICI PRIVATI SONO LUOGHI SENSIBILI &rarr;","og_url":"https:\/\/welaikaadv.site\/avviso\/home\/cosa-facciamo\/informare\/documenti-tematici\/gioco-dazzardo\/il-tar-puglia-conferma-che-studi-dentistici-e-pediatrici-privati-sono-luoghi-sensibili\/","og_site_name":"Staging Avviso Pubblico","twitter_card":"summary_large_image","twitter_misc":{"Tempo di lettura stimato":"5 minuti"},"schema":{"@context":"https:\/\/schema.org","@graph":[{"@type":"WebPage","@id":"https:\/\/welaikaadv.site\/avviso\/home\/cosa-facciamo\/informare\/documenti-tematici\/gioco-dazzardo\/il-tar-puglia-conferma-che-studi-dentistici-e-pediatrici-privati-sono-luoghi-sensibili\/","url":"https:\/\/welaikaadv.site\/avviso\/home\/cosa-facciamo\/informare\/documenti-tematici\/gioco-dazzardo\/il-tar-puglia-conferma-che-studi-dentistici-e-pediatrici-privati-sono-luoghi-sensibili\/","name":"IL TAR PUGLIA CONFERMA CHE STUDI DENTISTICI E PEDIATRICI PRIVATI SONO LUOGHI SENSIBILI - Staging Avviso Pubblico","isPartOf":{"@id":"https:\/\/welaikaadv.site\/avviso\/#website"},"datePublished":"2023-02-13T07:41:38+00:00","breadcrumb":{"@id":"https:\/\/welaikaadv.site\/avviso\/home\/cosa-facciamo\/informare\/documenti-tematici\/gioco-dazzardo\/il-tar-puglia-conferma-che-studi-dentistici-e-pediatrici-privati-sono-luoghi-sensibili\/#breadcrumb"},"inLanguage":"it-IT","potentialAction":[{"@type":"ReadAction","target":["https:\/\/welaikaadv.site\/avviso\/home\/cosa-facciamo\/informare\/documenti-tematici\/gioco-dazzardo\/il-tar-puglia-conferma-che-studi-dentistici-e-pediatrici-privati-sono-luoghi-sensibili\/"]}]},{"@type":"BreadcrumbList","@id":"https:\/\/welaikaadv.site\/avviso\/home\/cosa-facciamo\/informare\/documenti-tematici\/gioco-dazzardo\/il-tar-puglia-conferma-che-studi-dentistici-e-pediatrici-privati-sono-luoghi-sensibili\/#breadcrumb","itemListElement":[{"@type":"ListItem","position":1,"name":"Home","item":"https:\/\/welaikaadv.site\/avviso\/"},{"@type":"ListItem","position":2,"name":"IL TAR PUGLIA CONFERMA CHE STUDI DENTISTICI E PEDIATRICI PRIVATI SONO LUOGHI SENSIBILI"}]},{"@type":"WebSite","@id":"https:\/\/welaikaadv.site\/avviso\/#website","url":"https:\/\/welaikaadv.site\/avviso\/","name":"Staging Avviso Pubblico","description":"","publisher":{"@id":"https:\/\/welaikaadv.site\/avviso\/#organization"},"potentialAction":[{"@type":"SearchAction","target":{"@type":"EntryPoint","urlTemplate":"https:\/\/welaikaadv.site\/avviso\/?s={search_term_string}"},"query-input":{"@type":"PropertyValueSpecification","valueRequired":true,"valueName":"search_term_string"}}],"inLanguage":"it-IT"},{"@type":"Organization","@id":"https:\/\/welaikaadv.site\/avviso\/#organization","name":"Staging Avviso Pubblico","url":"https:\/\/welaikaadv.site\/avviso\/","logo":{"@type":"ImageObject","inLanguage":"it-IT","@id":"https:\/\/welaikaadv.site\/avviso\/#\/schema\/logo\/image\/","url":"https:\/\/welaikaadv.site\/avviso\/wp-content\/uploads\/2024\/08\/logoAPsito-400.png","contentUrl":"https:\/\/welaikaadv.site\/avviso\/wp-content\/uploads\/2024\/08\/logoAPsito-400.png","width":400,"height":97,"caption":"Staging Avviso Pubblico"},"image":{"@id":"https:\/\/welaikaadv.site\/avviso\/#\/schema\/logo\/image\/"}}]}},"_links":{"self":[{"href":"https:\/\/welaikaadv.site\/avviso\/wp-json\/wp\/v2\/pages\/52411","targetHints":{"allow":["GET"]}}],"collection":[{"href":"https:\/\/welaikaadv.site\/avviso\/wp-json\/wp\/v2\/pages"}],"about":[{"href":"https:\/\/welaikaadv.site\/avviso\/wp-json\/wp\/v2\/types\/page"}],"author":[{"embeddable":true,"href":"https:\/\/welaikaadv.site\/avviso\/wp-json\/wp\/v2\/users\/1"}],"replies":[{"embeddable":true,"href":"https:\/\/welaikaadv.site\/avviso\/wp-json\/wp\/v2\/comments?post=52411"}],"version-history":[{"count":0,"href":"https:\/\/welaikaadv.site\/avviso\/wp-json\/wp\/v2\/pages\/52411\/revisions"}],"up":[{"embeddable":true,"href":"https:\/\/welaikaadv.site\/avviso\/wp-json\/wp\/v2\/pages\/202"}],"wp:attachment":[{"href":"https:\/\/welaikaadv.site\/avviso\/wp-json\/wp\/v2\/media?parent=52411"}],"curies":[{"name":"wp","href":"https:\/\/api.w.org\/{rel}","templated":true}]}}