{"id":52869,"date":"2023-03-16T12:37:45","date_gmt":"2023-03-16T11:37:45","guid":{"rendered":"https:\/\/www.avvisopubblico.it\/home\/?page_id=52869"},"modified":"2023-03-16T12:37:45","modified_gmt":"2023-03-16T11:37:45","slug":"il-consiglio-di-stato-si-prouncia-sullinsega-di-una-sala-slot","status":"publish","type":"page","link":"https:\/\/welaikaadv.site\/avviso\/home\/cosa-facciamo\/informare\/documenti-tematici\/gioco-dazzardo\/il-consiglio-di-stato-si-prouncia-sullinsega-di-una-sala-slot\/","title":{"rendered":"IL CONSIGLIO DI STATO SI PROUNCIA SULL\u2019INSEGNA DI UNA SALA SLOT"},"content":{"rendered":"<p><strong>Premessa<\/strong>. L\u2019art. 7 della Legge Regionale Piemonte 9\/2016 prevede il divieto di qualsiasi attivit\u00e0 pubblicitaria relativa all\u2019apertura o all\u2019esercizio delle sale da gioco e delle sale scommesse o all\u2019installazione di apparecchi per il gioco.<\/p>\n<p>Nel caso che \u00e8 stato sottoposto al Consiglio di Stato per l\u2019espressione del parere a seguito di ricorso straordinario al Presidente della Repubblica, una societ\u00e0 del gioco ha impugnato il rigetto da parte del Comune di Torino dell\u2019istanza, presentata nel 2020, per l\u2019autorizzazione alla posa di insegne e vetrofanie con scritte contenenti le diciture \u201cSlot\u201d e \u201cVlt\u201d.<\/p>\n<p>Il Consiglio di Stato si \u00e8 espresso nel senso del rigetto del ricorso (parere definitivo <a href=\"https:\/\/www.giustizia-amministrativa.it\/portale\/pages\/istituzionale\/visualizza\/?nodeRef=&amp;schema=consul&amp;nrg=202100934&amp;nomeFile=202300415_27.html&amp;subDir=Provvedimenti\">415\/2023<\/a>).<\/p>\n<p><strong>La normativa sulla pubblicit\u00e0<\/strong>. I giudici, in primo luogo, ricostruiscono la finalit\u00e0 del divieto di pubblicit\u00e0: si tratta, infatti, di una misura che si inscrive in quelle volte a prevenire il gioco d\u2019azzardo patologico, in particolare puntando al contenimento dell\u2019impatto negativo delle attivit\u00e0 connesse alla pratica del gioco sul contesto socio-ambientale maggiormente esposto. Si tratta, secondo il Consiglio di Stato, di misura legittima nell\u2019ambito della competenza concorrente in tema di tutela della salute.<\/p>\n<p>La normativa regionale sulla pubblicit\u00e0, introdotta nel 2016, ha anticipato il divieto inserito, dal legislatore nazionale, nel cd. Decreto dignit\u00e0 del 2018, la cui portata applicativa \u00e8 completata anche dalle <a href=\"https:\/\/www.agcom.it\/documentazione\/documento?p_p_auth=fLw7zRht&amp;p_p_id=101_INSTANCE_FnOw5lVOIXoE&amp;p_p_lifecycle=0&amp;p_p_col_id=column-1&amp;p_p_col_count=1&amp;_101_INSTANCE_FnOw5lVOIXoE_struts_action=%2Fasset_publisher%2Fview_content&amp;_101_INSTANCE_FnOw5lVOIXoE_assetEntryId=14764648&amp;_101_INSTANCE_FnOw5lVOIXoE_type=document\">direttive interpretative di AGCOM<\/a>.<\/p>\n<p>Nel caso di specie, ritiene il Collegio, i pannelli proposti dalla ricorrente non sono simboli \u201cneutri\u201d, per cui \u201cnon appare palesemente irragionevole o sproporzionata\u201d la valutazione dell\u2019Amministrazione comunale che li ha ritenuti mezzi di pubblicit\u00e0. Per forma e dimensione, infatti, i pannelli attirano l\u2019attenzione con modalit\u00e0 tali da amplificare la comunicazione dei simboli \u201cSLOT\u201d e \u201cVLT\u201d e aumentare cosi\u0300 la forza di attrazione del gioco.<\/p>\n<p>Sul punto, si veda anche la pronuncia della Corte giustizia UE sez. VIII, 30\/06\/2011, n.212, par. 71, che ha enunciato il principio di pubblicit\u00e0 \u201c<em>contenuta e strettamente limitata<\/em>\u201d in materia di gioco d\u2019azzardo e scommesse, ossia un tipo di pubblicit\u00e0 che non deve \u201c<em>banalizzare il gioco<\/em>\u201d o proporne una immagine positiva o accattivante.<\/p>\n","protected":false},"excerpt":{"rendered":"<p>Premessa. L\u2019art. 7 della Legge Regionale Piemonte 9\/2016 prevede il divieto di qualsiasi attivit\u00e0 pubblicitaria relativa all\u2019apertura o all\u2019esercizio delle sale da gioco e delle&nbsp;<span class=\"hellipsis\">[&hellip;]<\/span><a class=\"more-link\" href=\"https:\/\/welaikaadv.site\/avviso\/home\/cosa-facciamo\/informare\/documenti-tematici\/gioco-dazzardo\/il-consiglio-di-stato-si-prouncia-sullinsega-di-una-sala-slot\/\">Leggi tutto <span class=\"screen-reader-text\">IL CONSIGLIO DI STATO SI PROUNCIA SULL\u2019INSEGNA DI UNA SALA SLOT<\/span> <span class=\"meta-nav\" aria-hidden=\"true\">&rarr;<\/span><\/a><\/p>\n","protected":false},"author":1,"featured_media":0,"parent":202,"menu_order":160,"comment_status":"closed","ping_status":"closed","template":"","meta":{"_acf_changed":false,"_exactmetrics_skip_tracking":false,"_exactmetrics_sitenote_active":false,"_exactmetrics_sitenote_note":"","_exactmetrics_sitenote_category":0,"wp_social_preview_title":"","wp_social_preview_description":"","wp_social_preview_image":0,"footnotes":""},"class_list":["post-52869","page","type-page","status-publish","hentry"],"acf":[],"yoast_head":"<!-- This site is optimized with the Yoast SEO plugin v27.2 - https:\/\/yoast.com\/product\/yoast-seo-wordpress\/ -->\n<title>IL CONSIGLIO DI STATO SI PROUNCIA SULL\u2019INSEGNA DI UNA SALA SLOT - Staging Avviso Pubblico<\/title>\n<meta name=\"robots\" content=\"noindex, follow, max-snippet:-1, max-image-preview:large, max-video-preview:-1\" \/>\n<meta property=\"og:locale\" content=\"it_IT\" \/>\n<meta property=\"og:type\" content=\"article\" \/>\n<meta property=\"og:title\" content=\"IL CONSIGLIO DI STATO SI PROUNCIA SULL\u2019INSEGNA DI UNA SALA SLOT - Staging Avviso Pubblico\" \/>\n<meta property=\"og:description\" content=\"Premessa. L\u2019art. 7 della Legge Regionale Piemonte 9\/2016 prevede il divieto di qualsiasi attivit\u00e0 pubblicitaria relativa all\u2019apertura o all\u2019esercizio delle sale da gioco e delle&nbsp;[&hellip;]Leggi tutto IL CONSIGLIO DI STATO SI PROUNCIA SULL\u2019INSEGNA DI UNA SALA SLOT &rarr;\" \/>\n<meta property=\"og:url\" content=\"https:\/\/welaikaadv.site\/avviso\/home\/cosa-facciamo\/informare\/documenti-tematici\/gioco-dazzardo\/il-consiglio-di-stato-si-prouncia-sullinsega-di-una-sala-slot\/\" \/>\n<meta property=\"og:site_name\" content=\"Staging Avviso Pubblico\" \/>\n<meta name=\"twitter:card\" content=\"summary_large_image\" \/>\n<meta name=\"twitter:label1\" content=\"Tempo di lettura stimato\" \/>\n\t<meta name=\"twitter:data1\" content=\"5 minuti\" \/>\n<script type=\"application\/ld+json\" class=\"yoast-schema-graph\">{\"@context\":\"https:\/\/schema.org\",\"@graph\":[{\"@type\":\"WebPage\",\"@id\":\"https:\/\/welaikaadv.site\/avviso\/home\/cosa-facciamo\/informare\/documenti-tematici\/gioco-dazzardo\/il-consiglio-di-stato-si-prouncia-sullinsega-di-una-sala-slot\/\",\"url\":\"https:\/\/welaikaadv.site\/avviso\/home\/cosa-facciamo\/informare\/documenti-tematici\/gioco-dazzardo\/il-consiglio-di-stato-si-prouncia-sullinsega-di-una-sala-slot\/\",\"name\":\"IL CONSIGLIO DI STATO SI PROUNCIA SULL\u2019INSEGNA DI UNA SALA SLOT - Staging Avviso Pubblico\",\"isPartOf\":{\"@id\":\"https:\/\/welaikaadv.site\/avviso\/#website\"},\"datePublished\":\"2023-03-16T11:37:45+00:00\",\"breadcrumb\":{\"@id\":\"https:\/\/welaikaadv.site\/avviso\/home\/cosa-facciamo\/informare\/documenti-tematici\/gioco-dazzardo\/il-consiglio-di-stato-si-prouncia-sullinsega-di-una-sala-slot\/#breadcrumb\"},\"inLanguage\":\"it-IT\",\"potentialAction\":[{\"@type\":\"ReadAction\",\"target\":[\"https:\/\/welaikaadv.site\/avviso\/home\/cosa-facciamo\/informare\/documenti-tematici\/gioco-dazzardo\/il-consiglio-di-stato-si-prouncia-sullinsega-di-una-sala-slot\/\"]}]},{\"@type\":\"BreadcrumbList\",\"@id\":\"https:\/\/welaikaadv.site\/avviso\/home\/cosa-facciamo\/informare\/documenti-tematici\/gioco-dazzardo\/il-consiglio-di-stato-si-prouncia-sullinsega-di-una-sala-slot\/#breadcrumb\",\"itemListElement\":[{\"@type\":\"ListItem\",\"position\":1,\"name\":\"Home\",\"item\":\"https:\/\/welaikaadv.site\/avviso\/\"},{\"@type\":\"ListItem\",\"position\":2,\"name\":\"IL CONSIGLIO DI STATO SI PROUNCIA SULL\u2019INSEGNA DI UNA SALA SLOT\"}]},{\"@type\":\"WebSite\",\"@id\":\"https:\/\/welaikaadv.site\/avviso\/#website\",\"url\":\"https:\/\/welaikaadv.site\/avviso\/\",\"name\":\"Staging Avviso Pubblico\",\"description\":\"\",\"publisher\":{\"@id\":\"https:\/\/welaikaadv.site\/avviso\/#organization\"},\"potentialAction\":[{\"@type\":\"SearchAction\",\"target\":{\"@type\":\"EntryPoint\",\"urlTemplate\":\"https:\/\/welaikaadv.site\/avviso\/?s={search_term_string}\"},\"query-input\":{\"@type\":\"PropertyValueSpecification\",\"valueRequired\":true,\"valueName\":\"search_term_string\"}}],\"inLanguage\":\"it-IT\"},{\"@type\":\"Organization\",\"@id\":\"https:\/\/welaikaadv.site\/avviso\/#organization\",\"name\":\"Staging Avviso Pubblico\",\"url\":\"https:\/\/welaikaadv.site\/avviso\/\",\"logo\":{\"@type\":\"ImageObject\",\"inLanguage\":\"it-IT\",\"@id\":\"https:\/\/welaikaadv.site\/avviso\/#\/schema\/logo\/image\/\",\"url\":\"https:\/\/welaikaadv.site\/avviso\/wp-content\/uploads\/2024\/08\/logoAPsito-400.png\",\"contentUrl\":\"https:\/\/welaikaadv.site\/avviso\/wp-content\/uploads\/2024\/08\/logoAPsito-400.png\",\"width\":400,\"height\":97,\"caption\":\"Staging Avviso Pubblico\"},\"image\":{\"@id\":\"https:\/\/welaikaadv.site\/avviso\/#\/schema\/logo\/image\/\"}}]}<\/script>\n<!-- \/ Yoast SEO plugin. -->","yoast_head_json":{"title":"IL CONSIGLIO DI STATO SI PROUNCIA SULL\u2019INSEGNA DI UNA SALA SLOT - Staging Avviso Pubblico","robots":{"index":"noindex","follow":"follow","max-snippet":"max-snippet:-1","max-image-preview":"max-image-preview:large","max-video-preview":"max-video-preview:-1"},"og_locale":"it_IT","og_type":"article","og_title":"IL CONSIGLIO DI STATO SI PROUNCIA SULL\u2019INSEGNA DI UNA SALA SLOT - Staging Avviso Pubblico","og_description":"Premessa. L\u2019art. 7 della Legge Regionale Piemonte 9\/2016 prevede il divieto di qualsiasi attivit\u00e0 pubblicitaria relativa all\u2019apertura o all\u2019esercizio delle sale da gioco e delle&nbsp;[&hellip;]Leggi tutto IL CONSIGLIO DI STATO SI PROUNCIA SULL\u2019INSEGNA DI UNA SALA SLOT &rarr;","og_url":"https:\/\/welaikaadv.site\/avviso\/home\/cosa-facciamo\/informare\/documenti-tematici\/gioco-dazzardo\/il-consiglio-di-stato-si-prouncia-sullinsega-di-una-sala-slot\/","og_site_name":"Staging Avviso Pubblico","twitter_card":"summary_large_image","twitter_misc":{"Tempo di lettura stimato":"5 minuti"},"schema":{"@context":"https:\/\/schema.org","@graph":[{"@type":"WebPage","@id":"https:\/\/welaikaadv.site\/avviso\/home\/cosa-facciamo\/informare\/documenti-tematici\/gioco-dazzardo\/il-consiglio-di-stato-si-prouncia-sullinsega-di-una-sala-slot\/","url":"https:\/\/welaikaadv.site\/avviso\/home\/cosa-facciamo\/informare\/documenti-tematici\/gioco-dazzardo\/il-consiglio-di-stato-si-prouncia-sullinsega-di-una-sala-slot\/","name":"IL CONSIGLIO DI STATO SI PROUNCIA SULL\u2019INSEGNA DI UNA SALA SLOT - Staging Avviso Pubblico","isPartOf":{"@id":"https:\/\/welaikaadv.site\/avviso\/#website"},"datePublished":"2023-03-16T11:37:45+00:00","breadcrumb":{"@id":"https:\/\/welaikaadv.site\/avviso\/home\/cosa-facciamo\/informare\/documenti-tematici\/gioco-dazzardo\/il-consiglio-di-stato-si-prouncia-sullinsega-di-una-sala-slot\/#breadcrumb"},"inLanguage":"it-IT","potentialAction":[{"@type":"ReadAction","target":["https:\/\/welaikaadv.site\/avviso\/home\/cosa-facciamo\/informare\/documenti-tematici\/gioco-dazzardo\/il-consiglio-di-stato-si-prouncia-sullinsega-di-una-sala-slot\/"]}]},{"@type":"BreadcrumbList","@id":"https:\/\/welaikaadv.site\/avviso\/home\/cosa-facciamo\/informare\/documenti-tematici\/gioco-dazzardo\/il-consiglio-di-stato-si-prouncia-sullinsega-di-una-sala-slot\/#breadcrumb","itemListElement":[{"@type":"ListItem","position":1,"name":"Home","item":"https:\/\/welaikaadv.site\/avviso\/"},{"@type":"ListItem","position":2,"name":"IL CONSIGLIO DI STATO SI PROUNCIA SULL\u2019INSEGNA DI UNA SALA SLOT"}]},{"@type":"WebSite","@id":"https:\/\/welaikaadv.site\/avviso\/#website","url":"https:\/\/welaikaadv.site\/avviso\/","name":"Staging Avviso Pubblico","description":"","publisher":{"@id":"https:\/\/welaikaadv.site\/avviso\/#organization"},"potentialAction":[{"@type":"SearchAction","target":{"@type":"EntryPoint","urlTemplate":"https:\/\/welaikaadv.site\/avviso\/?s={search_term_string}"},"query-input":{"@type":"PropertyValueSpecification","valueRequired":true,"valueName":"search_term_string"}}],"inLanguage":"it-IT"},{"@type":"Organization","@id":"https:\/\/welaikaadv.site\/avviso\/#organization","name":"Staging Avviso Pubblico","url":"https:\/\/welaikaadv.site\/avviso\/","logo":{"@type":"ImageObject","inLanguage":"it-IT","@id":"https:\/\/welaikaadv.site\/avviso\/#\/schema\/logo\/image\/","url":"https:\/\/welaikaadv.site\/avviso\/wp-content\/uploads\/2024\/08\/logoAPsito-400.png","contentUrl":"https:\/\/welaikaadv.site\/avviso\/wp-content\/uploads\/2024\/08\/logoAPsito-400.png","width":400,"height":97,"caption":"Staging Avviso Pubblico"},"image":{"@id":"https:\/\/welaikaadv.site\/avviso\/#\/schema\/logo\/image\/"}}]}},"_links":{"self":[{"href":"https:\/\/welaikaadv.site\/avviso\/wp-json\/wp\/v2\/pages\/52869","targetHints":{"allow":["GET"]}}],"collection":[{"href":"https:\/\/welaikaadv.site\/avviso\/wp-json\/wp\/v2\/pages"}],"about":[{"href":"https:\/\/welaikaadv.site\/avviso\/wp-json\/wp\/v2\/types\/page"}],"author":[{"embeddable":true,"href":"https:\/\/welaikaadv.site\/avviso\/wp-json\/wp\/v2\/users\/1"}],"replies":[{"embeddable":true,"href":"https:\/\/welaikaadv.site\/avviso\/wp-json\/wp\/v2\/comments?post=52869"}],"version-history":[{"count":0,"href":"https:\/\/welaikaadv.site\/avviso\/wp-json\/wp\/v2\/pages\/52869\/revisions"}],"up":[{"embeddable":true,"href":"https:\/\/welaikaadv.site\/avviso\/wp-json\/wp\/v2\/pages\/202"}],"wp:attachment":[{"href":"https:\/\/welaikaadv.site\/avviso\/wp-json\/wp\/v2\/media?parent=52869"}],"curies":[{"name":"wp","href":"https:\/\/api.w.org\/{rel}","templated":true}]}}