{"id":53086,"date":"2023-03-30T11:57:25","date_gmt":"2023-03-30T09:57:25","guid":{"rendered":"https:\/\/www.avvisopubblico.it\/home\/?page_id=53086"},"modified":"2023-03-30T11:57:25","modified_gmt":"2023-03-30T09:57:25","slug":"il-tar-bolzano-conferma-il-distanziometro-previsto-dalla-legge-provinciale","status":"publish","type":"page","link":"https:\/\/welaikaadv.site\/avviso\/home\/cosa-facciamo\/informare\/documenti-tematici\/gioco-dazzardo\/il-tar-bolzano-conferma-il-distanziometro-previsto-dalla-legge-provinciale\/","title":{"rendered":"IL TAR BOLZANO CONFERMA IL DISTANZIOMETRO PREVISTO DALLA LEGGE PROVINCIALE"},"content":{"rendered":"<p><strong>La normativa<\/strong>. La <a href=\"https:\/\/welaikaadv.site\/avviso\/home\/cosa-facciamo\/informare\/documenti-tematici\/gioco-dazzardo\/normativa-della-provincia-autonoma-di-bolzano-in-materia-di-gioco-lecito\/\">normativa<\/a> della Provincia Autonoma di Bolzano in materia di gioco d\u2019azzardo prevede, tra i vari strumenti, anche il distanziometro di 300 metri, valevole anche per le tabaccherie dotate di corner per giochi e scommesse, rispetto ad una serie di luoghi sensibili (l\u2019elenco \u00e8 stato ampliato con la <a href=\"http:\/\/lexbrowser.provinz.bz.it\/doc\/it\/204734%C2%A710%C2%A780\/legge_provinciale_24_maggio_2016_n_10\/capo_i_span_salute_span\/art_7_modifiche_della_legge_provinciale_18_maggio_2006_span_n_3_interventi_in_materia_di_dipendenze_span.aspx\">L.P. 10\/2016<\/a>).<\/p>\n<p>Sempre nel 2016 (art. 20, L.P. 10\/2016) si \u00e8 previsto che le autorizzazioni per le sale da giochi e di attrazione che non corrispondono pi\u00f9 alle norme in vigore, anche sul piano del distanziometro, scadono entro due anni dall&#8217;entrata in vigore della legge.<\/p>\n<p><strong>Il caso<\/strong>. Nel caso di specie, il titolare di una rivendita di tabacchi con corner gioco (apparecchi ex art. 110, commi 6 e 7, TULPS) ha presentato ricorso avverso il provvedimento emesso, nel 2018, dal Comune di Bolzano avente ad oggetto la rimozione di tali apparecchi: il provvedimento amministrativo si fondava proprio sulla scadenza del termine di due anni previsto dall\u2019art. 20 della L.P. 10\/2016.<\/p>\n<p>Avverso tale provvedimento e il complesso normativo della Provincia Autonoma di Bolzano, anche rispetto a rilievi di carattere costituzionale, ha presentato ricorso l\u2019esercente. Il TRGA Bolzano si \u00e8 pronunciato con la <a href=\"https:\/\/www.giustizia-amministrativa.it\/portale\/pages\/istituzionale\/visualizza\/?nodeRef=&amp;schema=tar_bz&amp;nrg=201800252&amp;nomeFile=202300069_01.html&amp;subDir=Provvedimenti\">sentenza 69\/2023<\/a> che qui si analizza.<\/p>\n<p><strong>Il distanziometro per le rivendite di generi di monopolio<\/strong>. Una prima questione che il Collegio affronta \u00e8 relativa all\u2019applicazione del distanziometro anche agli esercizi, come le rivendite di generi di monopolio, che sono gi\u00e0 sottoposti a limiti distanziali.<\/p>\n<p>Sostiene il TRGA l\u2019assenza di incompatibilit\u00e0 fra le misure spaziali rispetto ai luoghi sensibili e la normativa di base delle rivendite monopoli, posto che, con le prime \u201cil legislatore provinciale persegue lo scopo di prevenire il gioco patologico\u201d, mentre con la seconda si vuol \u201cgarantire all\u2019utenza una rete di vendita adeguatamente dislocata sul territorio\u201d.<\/p>\n<p>Se cos\u00ec non fosse, del resto, osservano i giudici, la portata delle prescrizioni preventive del gioco sarebbe completamente vanificata, vista anche l\u2019elevata diffusione di tabaccai che propongono occasioni di gioco legale.<\/p>\n<p>In definitiva, secondo il Collegio, \u201cle tabaccherie dotate di corner per il gioco, in relazione all\u2019offerta di gioco che possono eventualmente proporre, subiscono il distanziometro per cui \u00e8 causa nella stessa misura in cui lo subiscono le sale gioco e non possono, di conseguenza, accampare la sua incostituzionalit\u00e0 per il ricorrere di un predicato effetto espulsivo \u201cmaggiore\u201d, determinato dal concorso di due diversi e autonomi strumenti limitativi rispondenti a logiche di localizzazione finalizzate al perseguimento di scopi del tutto autonomi e distinti, entrambi necessariamente da conseguire\u201d.<\/p>\n<p><strong>Il distanziometro e le sue finalit\u00e0<\/strong>. Argomentano i giudici che il distanziometro mira a \u201ccontrastare la ludopatia agendo, non sui soggetti che hanno sviluppato una patologia di dipendenza, per i quali, effettivamente, sembra potersi affermare, in base alle emergenze scientifiche portate a conoscenza del Collegio, che la marginalizzazione dell\u2019offerta di gioco possa addirittura agevolare il gioco compulsivo, ma su quelli che, per la giovane et\u00e0 o perch\u00e9 psicologicamente fragili, sono particolarmente vulnerabili e dunque facile preda di una pervasiva offerta di gioco che dette fragilit\u00e0 intercetta e cattura\u201d.<\/p>\n<p>In un successivo passaggio i giudici, inoltre, specificano che \u201cl\u2019inefficacia dello strumento distanziale in rapporto alla categoria dei giocatori patologici, per i quali e\u0300 necessaria l\u2019individuazione di altre strategie di sostegno e cura, non esclude la sua adeguatezza agli obiettivi di prevenzione perseguiti dal legislatore provinciale\u201d.<\/p>\n<p>Ricostruite cos\u00ec le finalit\u00e0, il Collegio ritiene che le misure distanziali non siano implausibili n\u00e9 violino il canone di ragionevolezza e proporzionalit\u00e0, atteso anche che le diverse tipologie di giocatore (razionale, problematico, patologico) vanno viste \u201ccome corrispondenti a fasi di un processo involutivo\u201d.<\/p>\n<p>A partire da queste considerazioni il TRGA Bolzano, dopo aver ampiamente richiamato la sentenza <a href=\"https:\/\/www.giustizia-amministrativa.it\/portale\/pages\/istituzionale\/visualizza\/?nodeRef=&amp;schema=cds&amp;nrg=201702998&amp;nomeFile=201901618_11.html&amp;subDir=Provvedimenti\">1618\/2019<\/a>del Consiglio di Stato, respingono come manifestamente infondate le questioni di legittimit\u00e0 costituzionali sollevate da parte ricorrente in relazione agli articoli 41, 32 e 47 della Cost.<\/p>\n<p>Tra gli elementi sottolineati dal Collegio, anche il margine temporale di due anni (ampio, secondo i giudici) concesso dall\u2019art. 20 della L.P. 10\/2016 alle attivit\u00e0 in essere per consentire un processo di adattamento da parte dei titolari. Ritengono i giudici che, in tal modo le \u201cesigenze delle imprese sono state tenute nel debito conto e contemperate con l\u2019interesse pubblico\u201d, nel pieno rispetto anche del principio del legittimo affidamento di derivazione europea.<\/p>\n<p><strong>L\u2019effetto espulsivo<\/strong>. Il cuore della questione, ossia il paventato effetto espulsivo per le attivit\u00e0 del gioco, dai giudici viene respinto sulla base della considerazione che, in concreto, vi sono punti di erogazione del gioco legale di recente apertura in zona produttiva, come da elenco del Comune.<\/p>\n<p><strong>Altre pronunce<\/strong>. IL TRGA Bolzano ha ripetuto le medesime argomentazioni, rigettando uno ad uno i ricorsi degli operatori, in una serie di altre pronunce relative sempre al Comune di Bolzano (numerate, dal TRGA Bolzano, dalla 49 alla 87 del 2023).<\/p>\n","protected":false},"excerpt":{"rendered":"<p>La normativa. La normativa della Provincia Autonoma di Bolzano in materia di gioco d\u2019azzardo prevede, tra i vari strumenti, anche il distanziometro di 300 metri,&nbsp;<span class=\"hellipsis\">[&hellip;]<\/span><a class=\"more-link\" href=\"https:\/\/welaikaadv.site\/avviso\/home\/cosa-facciamo\/informare\/documenti-tematici\/gioco-dazzardo\/il-tar-bolzano-conferma-il-distanziometro-previsto-dalla-legge-provinciale\/\">Leggi tutto <span class=\"screen-reader-text\">IL TAR BOLZANO CONFERMA IL DISTANZIOMETRO PREVISTO DALLA LEGGE PROVINCIALE<\/span> <span class=\"meta-nav\" aria-hidden=\"true\">&rarr;<\/span><\/a><\/p>\n","protected":false},"author":1,"featured_media":0,"parent":202,"menu_order":160,"comment_status":"closed","ping_status":"closed","template":"","meta":{"_acf_changed":false,"_exactmetrics_skip_tracking":false,"_exactmetrics_sitenote_active":false,"_exactmetrics_sitenote_note":"","_exactmetrics_sitenote_category":0,"wp_social_preview_title":"","wp_social_preview_description":"","wp_social_preview_image":0,"footnotes":""},"class_list":["post-53086","page","type-page","status-publish","hentry"],"acf":[],"yoast_head":"<!-- This site is optimized with the Yoast SEO plugin v27.2 - https:\/\/yoast.com\/product\/yoast-seo-wordpress\/ -->\n<title>IL TAR BOLZANO CONFERMA IL DISTANZIOMETRO PREVISTO DALLA LEGGE PROVINCIALE - Staging Avviso Pubblico<\/title>\n<meta name=\"robots\" content=\"noindex, follow, max-snippet:-1, max-image-preview:large, max-video-preview:-1\" \/>\n<meta property=\"og:locale\" content=\"it_IT\" \/>\n<meta property=\"og:type\" content=\"article\" \/>\n<meta property=\"og:title\" content=\"IL TAR BOLZANO CONFERMA IL DISTANZIOMETRO PREVISTO DALLA LEGGE PROVINCIALE - Staging Avviso Pubblico\" \/>\n<meta property=\"og:description\" content=\"La normativa. La normativa della Provincia Autonoma di Bolzano in materia di gioco d\u2019azzardo prevede, tra i vari strumenti, anche il distanziometro di 300 metri,&nbsp;[&hellip;]Leggi tutto IL TAR BOLZANO CONFERMA IL DISTANZIOMETRO PREVISTO DALLA LEGGE PROVINCIALE &rarr;\" \/>\n<meta property=\"og:url\" content=\"https:\/\/welaikaadv.site\/avviso\/home\/cosa-facciamo\/informare\/documenti-tematici\/gioco-dazzardo\/il-tar-bolzano-conferma-il-distanziometro-previsto-dalla-legge-provinciale\/\" \/>\n<meta property=\"og:site_name\" content=\"Staging Avviso Pubblico\" \/>\n<meta name=\"twitter:card\" content=\"summary_large_image\" \/>\n<meta name=\"twitter:label1\" content=\"Tempo di lettura stimato\" \/>\n\t<meta name=\"twitter:data1\" content=\"5 minuti\" \/>\n<script type=\"application\/ld+json\" class=\"yoast-schema-graph\">{\"@context\":\"https:\/\/schema.org\",\"@graph\":[{\"@type\":\"WebPage\",\"@id\":\"https:\/\/welaikaadv.site\/avviso\/home\/cosa-facciamo\/informare\/documenti-tematici\/gioco-dazzardo\/il-tar-bolzano-conferma-il-distanziometro-previsto-dalla-legge-provinciale\/\",\"url\":\"https:\/\/welaikaadv.site\/avviso\/home\/cosa-facciamo\/informare\/documenti-tematici\/gioco-dazzardo\/il-tar-bolzano-conferma-il-distanziometro-previsto-dalla-legge-provinciale\/\",\"name\":\"IL TAR BOLZANO CONFERMA IL DISTANZIOMETRO PREVISTO DALLA LEGGE PROVINCIALE - Staging Avviso Pubblico\",\"isPartOf\":{\"@id\":\"https:\/\/welaikaadv.site\/avviso\/#website\"},\"datePublished\":\"2023-03-30T09:57:25+00:00\",\"breadcrumb\":{\"@id\":\"https:\/\/welaikaadv.site\/avviso\/home\/cosa-facciamo\/informare\/documenti-tematici\/gioco-dazzardo\/il-tar-bolzano-conferma-il-distanziometro-previsto-dalla-legge-provinciale\/#breadcrumb\"},\"inLanguage\":\"it-IT\",\"potentialAction\":[{\"@type\":\"ReadAction\",\"target\":[\"https:\/\/welaikaadv.site\/avviso\/home\/cosa-facciamo\/informare\/documenti-tematici\/gioco-dazzardo\/il-tar-bolzano-conferma-il-distanziometro-previsto-dalla-legge-provinciale\/\"]}]},{\"@type\":\"BreadcrumbList\",\"@id\":\"https:\/\/welaikaadv.site\/avviso\/home\/cosa-facciamo\/informare\/documenti-tematici\/gioco-dazzardo\/il-tar-bolzano-conferma-il-distanziometro-previsto-dalla-legge-provinciale\/#breadcrumb\",\"itemListElement\":[{\"@type\":\"ListItem\",\"position\":1,\"name\":\"Home\",\"item\":\"https:\/\/welaikaadv.site\/avviso\/\"},{\"@type\":\"ListItem\",\"position\":2,\"name\":\"IL TAR BOLZANO CONFERMA IL DISTANZIOMETRO PREVISTO DALLA LEGGE PROVINCIALE\"}]},{\"@type\":\"WebSite\",\"@id\":\"https:\/\/welaikaadv.site\/avviso\/#website\",\"url\":\"https:\/\/welaikaadv.site\/avviso\/\",\"name\":\"Staging Avviso Pubblico\",\"description\":\"\",\"publisher\":{\"@id\":\"https:\/\/welaikaadv.site\/avviso\/#organization\"},\"potentialAction\":[{\"@type\":\"SearchAction\",\"target\":{\"@type\":\"EntryPoint\",\"urlTemplate\":\"https:\/\/welaikaadv.site\/avviso\/?s={search_term_string}\"},\"query-input\":{\"@type\":\"PropertyValueSpecification\",\"valueRequired\":true,\"valueName\":\"search_term_string\"}}],\"inLanguage\":\"it-IT\"},{\"@type\":\"Organization\",\"@id\":\"https:\/\/welaikaadv.site\/avviso\/#organization\",\"name\":\"Staging Avviso Pubblico\",\"url\":\"https:\/\/welaikaadv.site\/avviso\/\",\"logo\":{\"@type\":\"ImageObject\",\"inLanguage\":\"it-IT\",\"@id\":\"https:\/\/welaikaadv.site\/avviso\/#\/schema\/logo\/image\/\",\"url\":\"https:\/\/welaikaadv.site\/avviso\/wp-content\/uploads\/2024\/08\/logoAPsito-400.png\",\"contentUrl\":\"https:\/\/welaikaadv.site\/avviso\/wp-content\/uploads\/2024\/08\/logoAPsito-400.png\",\"width\":400,\"height\":97,\"caption\":\"Staging Avviso Pubblico\"},\"image\":{\"@id\":\"https:\/\/welaikaadv.site\/avviso\/#\/schema\/logo\/image\/\"}}]}<\/script>\n<!-- \/ Yoast SEO plugin. -->","yoast_head_json":{"title":"IL TAR BOLZANO CONFERMA IL DISTANZIOMETRO PREVISTO DALLA LEGGE PROVINCIALE - Staging Avviso Pubblico","robots":{"index":"noindex","follow":"follow","max-snippet":"max-snippet:-1","max-image-preview":"max-image-preview:large","max-video-preview":"max-video-preview:-1"},"og_locale":"it_IT","og_type":"article","og_title":"IL TAR BOLZANO CONFERMA IL DISTANZIOMETRO PREVISTO DALLA LEGGE PROVINCIALE - Staging Avviso Pubblico","og_description":"La normativa. La normativa della Provincia Autonoma di Bolzano in materia di gioco d\u2019azzardo prevede, tra i vari strumenti, anche il distanziometro di 300 metri,&nbsp;[&hellip;]Leggi tutto IL TAR BOLZANO CONFERMA IL DISTANZIOMETRO PREVISTO DALLA LEGGE PROVINCIALE &rarr;","og_url":"https:\/\/welaikaadv.site\/avviso\/home\/cosa-facciamo\/informare\/documenti-tematici\/gioco-dazzardo\/il-tar-bolzano-conferma-il-distanziometro-previsto-dalla-legge-provinciale\/","og_site_name":"Staging Avviso Pubblico","twitter_card":"summary_large_image","twitter_misc":{"Tempo di lettura stimato":"5 minuti"},"schema":{"@context":"https:\/\/schema.org","@graph":[{"@type":"WebPage","@id":"https:\/\/welaikaadv.site\/avviso\/home\/cosa-facciamo\/informare\/documenti-tematici\/gioco-dazzardo\/il-tar-bolzano-conferma-il-distanziometro-previsto-dalla-legge-provinciale\/","url":"https:\/\/welaikaadv.site\/avviso\/home\/cosa-facciamo\/informare\/documenti-tematici\/gioco-dazzardo\/il-tar-bolzano-conferma-il-distanziometro-previsto-dalla-legge-provinciale\/","name":"IL TAR BOLZANO CONFERMA IL DISTANZIOMETRO PREVISTO DALLA LEGGE PROVINCIALE - Staging Avviso Pubblico","isPartOf":{"@id":"https:\/\/welaikaadv.site\/avviso\/#website"},"datePublished":"2023-03-30T09:57:25+00:00","breadcrumb":{"@id":"https:\/\/welaikaadv.site\/avviso\/home\/cosa-facciamo\/informare\/documenti-tematici\/gioco-dazzardo\/il-tar-bolzano-conferma-il-distanziometro-previsto-dalla-legge-provinciale\/#breadcrumb"},"inLanguage":"it-IT","potentialAction":[{"@type":"ReadAction","target":["https:\/\/welaikaadv.site\/avviso\/home\/cosa-facciamo\/informare\/documenti-tematici\/gioco-dazzardo\/il-tar-bolzano-conferma-il-distanziometro-previsto-dalla-legge-provinciale\/"]}]},{"@type":"BreadcrumbList","@id":"https:\/\/welaikaadv.site\/avviso\/home\/cosa-facciamo\/informare\/documenti-tematici\/gioco-dazzardo\/il-tar-bolzano-conferma-il-distanziometro-previsto-dalla-legge-provinciale\/#breadcrumb","itemListElement":[{"@type":"ListItem","position":1,"name":"Home","item":"https:\/\/welaikaadv.site\/avviso\/"},{"@type":"ListItem","position":2,"name":"IL TAR BOLZANO CONFERMA IL DISTANZIOMETRO PREVISTO DALLA LEGGE PROVINCIALE"}]},{"@type":"WebSite","@id":"https:\/\/welaikaadv.site\/avviso\/#website","url":"https:\/\/welaikaadv.site\/avviso\/","name":"Staging Avviso Pubblico","description":"","publisher":{"@id":"https:\/\/welaikaadv.site\/avviso\/#organization"},"potentialAction":[{"@type":"SearchAction","target":{"@type":"EntryPoint","urlTemplate":"https:\/\/welaikaadv.site\/avviso\/?s={search_term_string}"},"query-input":{"@type":"PropertyValueSpecification","valueRequired":true,"valueName":"search_term_string"}}],"inLanguage":"it-IT"},{"@type":"Organization","@id":"https:\/\/welaikaadv.site\/avviso\/#organization","name":"Staging Avviso Pubblico","url":"https:\/\/welaikaadv.site\/avviso\/","logo":{"@type":"ImageObject","inLanguage":"it-IT","@id":"https:\/\/welaikaadv.site\/avviso\/#\/schema\/logo\/image\/","url":"https:\/\/welaikaadv.site\/avviso\/wp-content\/uploads\/2024\/08\/logoAPsito-400.png","contentUrl":"https:\/\/welaikaadv.site\/avviso\/wp-content\/uploads\/2024\/08\/logoAPsito-400.png","width":400,"height":97,"caption":"Staging Avviso Pubblico"},"image":{"@id":"https:\/\/welaikaadv.site\/avviso\/#\/schema\/logo\/image\/"}}]}},"_links":{"self":[{"href":"https:\/\/welaikaadv.site\/avviso\/wp-json\/wp\/v2\/pages\/53086","targetHints":{"allow":["GET"]}}],"collection":[{"href":"https:\/\/welaikaadv.site\/avviso\/wp-json\/wp\/v2\/pages"}],"about":[{"href":"https:\/\/welaikaadv.site\/avviso\/wp-json\/wp\/v2\/types\/page"}],"author":[{"embeddable":true,"href":"https:\/\/welaikaadv.site\/avviso\/wp-json\/wp\/v2\/users\/1"}],"replies":[{"embeddable":true,"href":"https:\/\/welaikaadv.site\/avviso\/wp-json\/wp\/v2\/comments?post=53086"}],"version-history":[{"count":0,"href":"https:\/\/welaikaadv.site\/avviso\/wp-json\/wp\/v2\/pages\/53086\/revisions"}],"up":[{"embeddable":true,"href":"https:\/\/welaikaadv.site\/avviso\/wp-json\/wp\/v2\/pages\/202"}],"wp:attachment":[{"href":"https:\/\/welaikaadv.site\/avviso\/wp-json\/wp\/v2\/media?parent=53086"}],"curies":[{"name":"wp","href":"https:\/\/api.w.org\/{rel}","templated":true}]}}