{"id":53398,"date":"2023-03-31T12:00:17","date_gmt":"2023-03-31T10:00:17","guid":{"rendered":"https:\/\/www.avvisopubblico.it\/home\/?page_id=53398"},"modified":"2023-03-31T12:00:17","modified_gmt":"2023-03-31T10:00:17","slug":"enti-locali-sciolti-per-mafia-nel-2022-analisi-delle-relazioni-prefettizie","status":"publish","type":"page","link":"https:\/\/welaikaadv.site\/avviso\/home\/cosa-facciamo\/informare\/documenti-tematici\/comuni-sciolti-per-mafia\/enti-locali-sciolti-per-mafia-nel-2022-analisi-delle-relazioni-prefettizie\/","title":{"rendered":"Enti locali sciolti per mafia nel 2022: analisi delle Relazioni prefettizie"},"content":{"rendered":"<p><strong>Premessa.<\/strong> Nel corso dell\u2019anno 2022, nel 31\u00b0 anno di applicazione della normativa sugli scioglimenti per mafia, sono stati emessi 11 decreti di scioglimento di Consigli comunali per infiltrazioni mafiose, ai sensi dell\u2019articolo 143 TUEL, cos\u00ec territorialmente distribuiti:<\/p>\n<ul>\n<li><strong>4 in Campania<\/strong>: Castellammare di Stabia, San Giuseppe Vesuviano e Torre Annunziata (Napoli), Sparanise (Caserta);<\/li>\n<li><strong>3 in Calabria<\/strong>: Cosoleto e Portigliola (Reggio Calabria), Soriano Calabro (Vibo Valentia);<\/li>\n<li><strong>2 in Puglia<\/strong>: Neviano (Lecce) e Trinitapoli (Barletta-Andria-Trani);<\/li>\n<li><strong>2 nel Lazio<\/strong>: Anzio e Nettuno (Roma).<\/li>\n<\/ul>\n<p>&nbsp;<\/p>\n<p>Negli undici Comuni sciolti nel 2022 <strong>risulta residente una popolazione complessiva superiore ai 250mila abitanti<\/strong>. Sei di questi contano una popolazione inferiore ai 15mila abitanti. Castellammare di Stabia e Anzio sono gli unici a superare la soglia dei 50mila abitanti.<\/p>\n<p><img fetchpriority=\"high\" decoding=\"async\" class=\"size-medium wp-image-53400 aligncenter\" src=\"https:\/\/welaikaadv.site\/avviso\/wp-content\/uploads\/2023\/05\/Abitanti-508x405.png\" alt=\"\" width=\"508\" height=\"405\" \/><\/p>\n<p>&nbsp;<\/p>\n<p>La lettura delle relazioni prefettizie, parti integranti delle proposte di scioglimento avanzate dal Ministro dell\u2019Interno e adottate con Decreto dal Presidente della Repubblica, pone in evidenza alcuni tratti ricorrenti rispetto ai quali la soglia dell\u2019attenzione deve restare alta.<\/p>\n<p><strong><u>Il sostegno elettorale.<\/u><\/strong>\u00a0In tutte le relazioni analizzate, innanzitutto, emerge il coinvolgimento, a vario titolo, dei clan mafiosi nelle campagne elettorali: un\u2019attenzione finalizzata ad ottenere o consolidare i rapporti con le future Amministrazioni nell\u2019ottica di assicurarsi vantaggi di natura economica.<\/p>\n<p>Le forme con cui ci\u00f2 si manifesta sono diverse: si annoverano, ad esempio, episodi di intimidazioni ai danni di altri candidati (es. Castellammare di Stabia), liste sottoscritte anche da soggetti contigui alle organizzazioni mafiose (es. Soriano Calabro), situazioni in cui la richiesta di sostegno a membri dei clan proviene direttamente da alcuni candidati (es. Nettuno). L\u2019apporto della criminalit\u00e0 organizzata al momento elettorale a volte ha prodotto preferenze a favore dei candidati sostenuti localizzate nelle zone del Comune a maggior densit\u00e0 mafiosa (es. San Giuseppe Vesuviano), e in altri casi si \u00e8 tradotto in inchieste ex 416-ter cp (scambio elettorale politico-mafioso) col coinvolgimento del Sindaco stesso (es. Cosoleto).<\/p>\n<p>Le relazioni pongono, inoltre, in evidenza, anche per i Comuni al primo scioglimento, la ricorrente continuit\u00e0 negli anni del potere amministrativo locale.\u00a0 Nella ricostruzione di questi rapporti, le relazioni prefettizie prendono in esame, come elementi ulteriori, anche i rapporti di frequentazione e parentela che, in quasi tutti i casi, intercorrono tra alcuni Amministratori ed esponenti dei clan. Si tratta di circostanze che consentono di inquadrare meglio quelle relazioni di cointeressenza che determinano, nel concreto, lo sviamento o l\u2019asservimento delle attivit\u00e0 dei Comuni oggetto di scioglimento agli interessi dei clan.<\/p>\n<p><strong><u>Gli appalti.<\/u><\/strong>\u00a0Il cuore dell\u2019interesse dei clan \u00e8 costituito dalle manovre occulte in materia di affidamenti ed appalti: \u00e8 in questo contesto che si concentrano le attenzioni delle organizzazioni mafiose, votate alla realizzazione di utilit\u00e0 economiche.<\/p>\n<p>Un primo tratto distintivo, che agevola l\u2019infiltrazione delle mafie, \u00e8 costituito dal generale disordine amministrativo: ci\u00f2 si manifesta, soprattutto, dall\u2019assenza di una precisa linea di demarcazione tra funzioni di indirizzo politico e funzioni gestorie (es. Anzio, Neviano); non mancano i casi in cui il Sindaco stesso assurge al ruolo di vero e proprio dominus della vita politica locale assommando a s\u00e9 la quasi totalit\u00e0 delle funzioni (es. Portigliola, Soriano Calabro).<\/p>\n<p>Per quanto concerne pi\u00f9 nello specifico gli appalti, in tutti i casi di scioglimento analizzati emerge una carenza sul piano dei controlli e delle verifiche antimafia a cui ogni Amministrazione \u00e8 tenuta. Tra i casi pi\u00f9 emblematici, quello di Portigliola, in cui, al momento dell\u2019insediamento della Commissione d\u2019accesso, nessun dipendente dell\u2019Ufficio Tecnico era in possesso delle credenziali BDNA. Va rilevato, pi\u00f9 in generale, che le carenze e il coinvolgimento degli Uffici tecnici rilevano in quasi tutte le relazioni prefettizie.<\/p>\n<p>La subordinazione dell\u2019interesse pubblico agli interessi delle cosche nel settore degli appalti si realizza con molteplici attivit\u00e0, tra cui: la violazione del principio di rotazione tra aziende (es. Torre Annunziata, Castellammare di Stabia, Portigliola, Cosoleto); l\u2019artificioso frazionamento dei bandi di gara e il cd. \u201csotto-soglia\u201d (es. Sparanise, Nettuno); l\u2019utilizzo di prestanome e la ricerca di societ\u00e0 formalmente pulite (es. Nettuno); l\u2019assenza di programmazione e il ricorso frequente ad affidamenti diretti (es. San Giuseppe Vesuviano, Nettuno, Neviano, Portigliola); la generale mancanza di trasparenza e la pubblicazione tardiva, incompleta o per un lasso di tempo molto breve dei bandi pubblici sul sito del Comune (es. Cosoleto, San Giuseppe Vesuviano).<\/p>\n<p>Queste ed altre manovre, puntualmente analizzate nelle relazioni prefettizie, costituiscono il fondamento principale delle misure di scioglimento dei Comuni e mostrano con esattezza i livelli di inquinamento della vita amministrativa negli Enti disciolti.<\/p>\n<p><strong><u>Soggetti dell\u2019Ente locale coinvolti.<\/u><\/strong>\u00a0Una parte significativa delle relazioni prefettizie analizzate si concentra sul ruolo svolto dagli Amministratori locali e dai dipendenti comunali, elencando elementi di collusione, scelte amministrative inquinate dalle organizzazioni criminali, parentele e frequentazioni con soggetti controindicati (appartenenti ai clan ovvero a questi contigui o comunque vicini). Spesso queste risultanze si incrociano tra loro in un quadro che coinvolge in molti casi anche la fase delle campagne elettorali.<\/p>\n<p>Nella tabella sottostante si riporta il numero di Amministratori e personale dipendente coinvolti, a vario titolo (coinvolgimento in inchieste giudiziarie, frequentazioni, parentele, altre forme di collusione), nelle relazioni analizzate.<\/p>\n<table width=\"652\">\n<tbody>\n<tr>\n<td width=\"217\"><strong>COMUNE<\/strong><\/td>\n<td width=\"217\"><strong>Amministratori Locali<\/strong><\/td>\n<td width=\"217\"><strong>Apparato burocratico<\/strong><\/td>\n<\/tr>\n<tr>\n<td width=\"217\"><strong>ANZIO<\/strong><\/td>\n<td width=\"217\">8<\/td>\n<td width=\"217\">5<\/td>\n<\/tr>\n<tr>\n<td width=\"217\"><strong>CASTELLAMMARE DI STABIA<\/strong><\/td>\n<td width=\"217\">4<\/td>\n<td width=\"217\">3<\/td>\n<\/tr>\n<tr>\n<td width=\"217\"><strong>COSOLETO<\/strong><\/td>\n<td width=\"217\">10<\/td>\n<td width=\"217\">13<\/td>\n<\/tr>\n<tr>\n<td width=\"217\"><strong>NEVIANO<\/strong><\/td>\n<td width=\"217\">6<\/td>\n<td width=\"217\">3<\/td>\n<\/tr>\n<tr>\n<td width=\"217\"><strong>NETTUNO<\/strong><\/td>\n<td width=\"217\">4<\/td>\n<td width=\"217\">5<\/td>\n<\/tr>\n<tr>\n<td width=\"217\"><strong>PORTIGLIOLA<\/strong><\/td>\n<td width=\"217\">5<\/td>\n<td width=\"217\">10<\/td>\n<\/tr>\n<tr>\n<td width=\"217\"><strong>SAN GIUSEPPE VESUVIANO<\/strong><\/td>\n<td width=\"217\">12<\/td>\n<td width=\"217\">18<\/td>\n<\/tr>\n<tr>\n<td width=\"217\"><strong>SORIANO CALABRO<\/strong><\/td>\n<td width=\"217\">4<\/td>\n<td width=\"217\">3<\/td>\n<\/tr>\n<tr>\n<td width=\"217\"><strong>SPARANISE<\/strong><\/td>\n<td width=\"217\">3<\/td>\n<td width=\"217\">3<\/td>\n<\/tr>\n<tr>\n<td width=\"217\"><strong>TORRE ANNUNZIATA<\/strong><\/td>\n<td width=\"217\">13<\/td>\n<td width=\"217\">22<\/td>\n<\/tr>\n<tr>\n<td width=\"217\"><strong>TRINITAPOLI<\/strong><\/td>\n<td width=\"217\">5<\/td>\n<td width=\"217\">3<\/td>\n<\/tr>\n<tr>\n<td width=\"217\"><strong>TOTALE<\/strong><\/td>\n<td width=\"217\">74<\/td>\n<td width=\"217\">88<\/td>\n<\/tr>\n<\/tbody>\n<\/table>\n<p>Per una corretta lettura della tabella \u00e8 comunque necessario tenere in considerazione che le risultanze emerse possono essere condizionate anche da fattori esterni: dalla penna del Prefetto all\u2019attivit\u00e0 della magistratura locale.<\/p>\n<p>In alcuni casi sono gli stessi organi istituzionali o inquirenti che, a seconda delle circostanze di volta in volta emergenti, possono aver focalizzato l\u2019attenzione su alcuni elementi piuttosto di altri (la stessa diversit\u00e0 di lunghezza delle relazioni prefettizie, in alcuni casi molto estese, in altri ben pi\u00f9 ridotte, suggerisce che le modalit\u00e0 di lavoro non sono sempre identiche).<\/p>\n<p>&nbsp;<\/p>\n<p><strong><u>Settori di ingerenza mafiosa<\/u><\/strong><\/p>\n<p>I settori della vita amministrativa comunale che risultano oggetto delle attenzioni mafiose coprono, in buona sostanza, l\u2019intero spettro delle competenze comunali: questo mostra che le attitudini imprenditoriali mafiose sono in gradi di coprire ambiti e settori che sono i pi\u00f9 diversi tra loro, a seconda delle occasioni di arricchimento e di riciclaggio del denaro.<\/p>\n<p>Nella tabella che segue si elencano i settori pi\u00f9 ricorrenti, indicando per ciascuno i riscontri nelle relazioni prefettizie analizzate.<\/p>\n<p><img decoding=\"async\" class=\"size-medium wp-image-53401 aligncenter\" src=\"https:\/\/welaikaadv.site\/avviso\/wp-content\/uploads\/2023\/05\/Settori-di-ingerenza-mafiosa-540x333.png\" alt=\"\" width=\"540\" height=\"333\" \/><\/p>\n<p>Dalla lettura dei dati emerge, innanzitutto, che il settore edilizio-urbanistico si conferma anche nel 2022 come il pi\u00f9 attenzionato dagli interessi mafiosi. Seguono il settore dei tributi (spesso nelle relazioni si accerta la morosit\u00e0 degli stessi amministratori locali, oltre che degli esponenti dei clan), il servizio di igiene urbana, e quello relativo a concessioni demaniali\/spiagge.<\/p>\n<p>Oltre agli ambiti riportati in tabella, sono citati almeno una volta nelle relazioni prefettizie anche: i servizi di refezione e trasporto scolastico, il servizio di custodia di animali randagi, il servizio tesoreria e addirittura quello di assistenza legale comunale.<\/p>\n<p style=\"text-align: right;\">\n","protected":false},"excerpt":{"rendered":"<p>Premessa. Nel corso dell\u2019anno 2022, nel 31\u00b0 anno di applicazione della normativa sugli scioglimenti per mafia, sono stati emessi 11 decreti di scioglimento di Consigli&nbsp;<span class=\"hellipsis\">[&hellip;]<\/span><a class=\"more-link\" href=\"https:\/\/welaikaadv.site\/avviso\/home\/cosa-facciamo\/informare\/documenti-tematici\/comuni-sciolti-per-mafia\/enti-locali-sciolti-per-mafia-nel-2022-analisi-delle-relazioni-prefettizie\/\">Leggi tutto <span class=\"screen-reader-text\">Enti locali sciolti per mafia nel 2022: analisi delle Relazioni prefettizie<\/span> <span class=\"meta-nav\" aria-hidden=\"true\">&rarr;<\/span><\/a><\/p>\n","protected":false},"author":1,"featured_media":0,"parent":194,"menu_order":0,"comment_status":"closed","ping_status":"closed","template":"","meta":{"_acf_changed":false,"_exactmetrics_skip_tracking":false,"_exactmetrics_sitenote_active":false,"_exactmetrics_sitenote_note":"","_exactmetrics_sitenote_category":0,"wp_social_preview_title":"","wp_social_preview_description":"","wp_social_preview_image":0,"footnotes":""},"class_list":["post-53398","page","type-page","status-publish","hentry"],"acf":[],"yoast_head":"<!-- This site is optimized with the Yoast SEO plugin v27.2 - https:\/\/yoast.com\/product\/yoast-seo-wordpress\/ -->\n<title>Enti locali sciolti per mafia nel 2022: analisi delle Relazioni prefettizie - Staging Avviso Pubblico<\/title>\n<meta name=\"robots\" content=\"noindex, follow, max-snippet:-1, max-image-preview:large, max-video-preview:-1\" \/>\n<meta property=\"og:locale\" content=\"it_IT\" \/>\n<meta property=\"og:type\" content=\"article\" \/>\n<meta property=\"og:title\" content=\"Enti locali sciolti per mafia nel 2022: analisi delle Relazioni prefettizie - Staging Avviso Pubblico\" \/>\n<meta property=\"og:description\" content=\"Premessa. Nel corso dell\u2019anno 2022, nel 31\u00b0 anno di applicazione della normativa sugli scioglimenti per mafia, sono stati emessi 11 decreti di scioglimento di Consigli&nbsp;[&hellip;]Leggi tutto Enti locali sciolti per mafia nel 2022: analisi delle Relazioni prefettizie &rarr;\" \/>\n<meta property=\"og:url\" content=\"https:\/\/welaikaadv.site\/avviso\/home\/cosa-facciamo\/informare\/documenti-tematici\/comuni-sciolti-per-mafia\/enti-locali-sciolti-per-mafia-nel-2022-analisi-delle-relazioni-prefettizie\/\" \/>\n<meta property=\"og:site_name\" content=\"Staging Avviso Pubblico\" \/>\n<meta property=\"og:image\" content=\"https:\/\/welaikaadv.site\/avviso\/wp-content\/uploads\/2023\/05\/Abitanti-508x405.png\" \/>\n<meta name=\"twitter:card\" content=\"summary_large_image\" \/>\n<meta name=\"twitter:label1\" content=\"Tempo di lettura stimato\" \/>\n\t<meta name=\"twitter:data1\" content=\"14 minuti\" \/>\n<script type=\"application\/ld+json\" class=\"yoast-schema-graph\">{\"@context\":\"https:\/\/schema.org\",\"@graph\":[{\"@type\":\"WebPage\",\"@id\":\"https:\/\/welaikaadv.site\/avviso\/home\/cosa-facciamo\/informare\/documenti-tematici\/comuni-sciolti-per-mafia\/enti-locali-sciolti-per-mafia-nel-2022-analisi-delle-relazioni-prefettizie\/\",\"url\":\"https:\/\/welaikaadv.site\/avviso\/home\/cosa-facciamo\/informare\/documenti-tematici\/comuni-sciolti-per-mafia\/enti-locali-sciolti-per-mafia-nel-2022-analisi-delle-relazioni-prefettizie\/\",\"name\":\"Enti locali sciolti per mafia nel 2022: analisi delle Relazioni prefettizie - Staging Avviso Pubblico\",\"isPartOf\":{\"@id\":\"https:\/\/welaikaadv.site\/avviso\/#website\"},\"primaryImageOfPage\":{\"@id\":\"https:\/\/welaikaadv.site\/avviso\/home\/cosa-facciamo\/informare\/documenti-tematici\/comuni-sciolti-per-mafia\/enti-locali-sciolti-per-mafia-nel-2022-analisi-delle-relazioni-prefettizie\/#primaryimage\"},\"image\":{\"@id\":\"https:\/\/welaikaadv.site\/avviso\/home\/cosa-facciamo\/informare\/documenti-tematici\/comuni-sciolti-per-mafia\/enti-locali-sciolti-per-mafia-nel-2022-analisi-delle-relazioni-prefettizie\/#primaryimage\"},\"thumbnailUrl\":\"https:\/\/welaikaadv.site\/avviso\/wp-content\/uploads\/2023\/05\/Abitanti-508x405.png\",\"datePublished\":\"2023-03-31T10:00:17+00:00\",\"breadcrumb\":{\"@id\":\"https:\/\/welaikaadv.site\/avviso\/home\/cosa-facciamo\/informare\/documenti-tematici\/comuni-sciolti-per-mafia\/enti-locali-sciolti-per-mafia-nel-2022-analisi-delle-relazioni-prefettizie\/#breadcrumb\"},\"inLanguage\":\"it-IT\",\"potentialAction\":[{\"@type\":\"ReadAction\",\"target\":[\"https:\/\/welaikaadv.site\/avviso\/home\/cosa-facciamo\/informare\/documenti-tematici\/comuni-sciolti-per-mafia\/enti-locali-sciolti-per-mafia-nel-2022-analisi-delle-relazioni-prefettizie\/\"]}]},{\"@type\":\"ImageObject\",\"inLanguage\":\"it-IT\",\"@id\":\"https:\/\/welaikaadv.site\/avviso\/home\/cosa-facciamo\/informare\/documenti-tematici\/comuni-sciolti-per-mafia\/enti-locali-sciolti-per-mafia-nel-2022-analisi-delle-relazioni-prefettizie\/#primaryimage\",\"url\":\"https:\/\/welaikaadv.site\/avviso\/wp-content\/uploads\/2023\/05\/Abitanti-508x405.png\",\"contentUrl\":\"https:\/\/welaikaadv.site\/avviso\/wp-content\/uploads\/2023\/05\/Abitanti-508x405.png\"},{\"@type\":\"BreadcrumbList\",\"@id\":\"https:\/\/welaikaadv.site\/avviso\/home\/cosa-facciamo\/informare\/documenti-tematici\/comuni-sciolti-per-mafia\/enti-locali-sciolti-per-mafia-nel-2022-analisi-delle-relazioni-prefettizie\/#breadcrumb\",\"itemListElement\":[{\"@type\":\"ListItem\",\"position\":1,\"name\":\"Home\",\"item\":\"https:\/\/welaikaadv.site\/avviso\/\"},{\"@type\":\"ListItem\",\"position\":2,\"name\":\"Enti locali sciolti per mafia nel 2022: analisi delle Relazioni prefettizie\"}]},{\"@type\":\"WebSite\",\"@id\":\"https:\/\/welaikaadv.site\/avviso\/#website\",\"url\":\"https:\/\/welaikaadv.site\/avviso\/\",\"name\":\"Staging Avviso Pubblico\",\"description\":\"\",\"publisher\":{\"@id\":\"https:\/\/welaikaadv.site\/avviso\/#organization\"},\"potentialAction\":[{\"@type\":\"SearchAction\",\"target\":{\"@type\":\"EntryPoint\",\"urlTemplate\":\"https:\/\/welaikaadv.site\/avviso\/?s={search_term_string}\"},\"query-input\":{\"@type\":\"PropertyValueSpecification\",\"valueRequired\":true,\"valueName\":\"search_term_string\"}}],\"inLanguage\":\"it-IT\"},{\"@type\":\"Organization\",\"@id\":\"https:\/\/welaikaadv.site\/avviso\/#organization\",\"name\":\"Staging Avviso Pubblico\",\"url\":\"https:\/\/welaikaadv.site\/avviso\/\",\"logo\":{\"@type\":\"ImageObject\",\"inLanguage\":\"it-IT\",\"@id\":\"https:\/\/welaikaadv.site\/avviso\/#\/schema\/logo\/image\/\",\"url\":\"https:\/\/welaikaadv.site\/avviso\/wp-content\/uploads\/2024\/08\/logoAPsito-400.png\",\"contentUrl\":\"https:\/\/welaikaadv.site\/avviso\/wp-content\/uploads\/2024\/08\/logoAPsito-400.png\",\"width\":400,\"height\":97,\"caption\":\"Staging Avviso Pubblico\"},\"image\":{\"@id\":\"https:\/\/welaikaadv.site\/avviso\/#\/schema\/logo\/image\/\"}}]}<\/script>\n<!-- \/ Yoast SEO plugin. -->","yoast_head_json":{"title":"Enti locali sciolti per mafia nel 2022: analisi delle Relazioni prefettizie - Staging Avviso Pubblico","robots":{"index":"noindex","follow":"follow","max-snippet":"max-snippet:-1","max-image-preview":"max-image-preview:large","max-video-preview":"max-video-preview:-1"},"og_locale":"it_IT","og_type":"article","og_title":"Enti locali sciolti per mafia nel 2022: analisi delle Relazioni prefettizie - Staging Avviso Pubblico","og_description":"Premessa. Nel corso dell\u2019anno 2022, nel 31\u00b0 anno di applicazione della normativa sugli scioglimenti per mafia, sono stati emessi 11 decreti di scioglimento di Consigli&nbsp;[&hellip;]Leggi tutto Enti locali sciolti per mafia nel 2022: analisi delle Relazioni prefettizie &rarr;","og_url":"https:\/\/welaikaadv.site\/avviso\/home\/cosa-facciamo\/informare\/documenti-tematici\/comuni-sciolti-per-mafia\/enti-locali-sciolti-per-mafia-nel-2022-analisi-delle-relazioni-prefettizie\/","og_site_name":"Staging Avviso Pubblico","og_image":[{"url":"https:\/\/welaikaadv.site\/avviso\/wp-content\/uploads\/2023\/05\/Abitanti-508x405.png","type":"","width":"","height":""}],"twitter_card":"summary_large_image","twitter_misc":{"Tempo di lettura stimato":"14 minuti"},"schema":{"@context":"https:\/\/schema.org","@graph":[{"@type":"WebPage","@id":"https:\/\/welaikaadv.site\/avviso\/home\/cosa-facciamo\/informare\/documenti-tematici\/comuni-sciolti-per-mafia\/enti-locali-sciolti-per-mafia-nel-2022-analisi-delle-relazioni-prefettizie\/","url":"https:\/\/welaikaadv.site\/avviso\/home\/cosa-facciamo\/informare\/documenti-tematici\/comuni-sciolti-per-mafia\/enti-locali-sciolti-per-mafia-nel-2022-analisi-delle-relazioni-prefettizie\/","name":"Enti locali sciolti per mafia nel 2022: analisi delle Relazioni prefettizie - Staging Avviso Pubblico","isPartOf":{"@id":"https:\/\/welaikaadv.site\/avviso\/#website"},"primaryImageOfPage":{"@id":"https:\/\/welaikaadv.site\/avviso\/home\/cosa-facciamo\/informare\/documenti-tematici\/comuni-sciolti-per-mafia\/enti-locali-sciolti-per-mafia-nel-2022-analisi-delle-relazioni-prefettizie\/#primaryimage"},"image":{"@id":"https:\/\/welaikaadv.site\/avviso\/home\/cosa-facciamo\/informare\/documenti-tematici\/comuni-sciolti-per-mafia\/enti-locali-sciolti-per-mafia-nel-2022-analisi-delle-relazioni-prefettizie\/#primaryimage"},"thumbnailUrl":"https:\/\/welaikaadv.site\/avviso\/wp-content\/uploads\/2023\/05\/Abitanti-508x405.png","datePublished":"2023-03-31T10:00:17+00:00","breadcrumb":{"@id":"https:\/\/welaikaadv.site\/avviso\/home\/cosa-facciamo\/informare\/documenti-tematici\/comuni-sciolti-per-mafia\/enti-locali-sciolti-per-mafia-nel-2022-analisi-delle-relazioni-prefettizie\/#breadcrumb"},"inLanguage":"it-IT","potentialAction":[{"@type":"ReadAction","target":["https:\/\/welaikaadv.site\/avviso\/home\/cosa-facciamo\/informare\/documenti-tematici\/comuni-sciolti-per-mafia\/enti-locali-sciolti-per-mafia-nel-2022-analisi-delle-relazioni-prefettizie\/"]}]},{"@type":"ImageObject","inLanguage":"it-IT","@id":"https:\/\/welaikaadv.site\/avviso\/home\/cosa-facciamo\/informare\/documenti-tematici\/comuni-sciolti-per-mafia\/enti-locali-sciolti-per-mafia-nel-2022-analisi-delle-relazioni-prefettizie\/#primaryimage","url":"https:\/\/welaikaadv.site\/avviso\/wp-content\/uploads\/2023\/05\/Abitanti-508x405.png","contentUrl":"https:\/\/welaikaadv.site\/avviso\/wp-content\/uploads\/2023\/05\/Abitanti-508x405.png"},{"@type":"BreadcrumbList","@id":"https:\/\/welaikaadv.site\/avviso\/home\/cosa-facciamo\/informare\/documenti-tematici\/comuni-sciolti-per-mafia\/enti-locali-sciolti-per-mafia-nel-2022-analisi-delle-relazioni-prefettizie\/#breadcrumb","itemListElement":[{"@type":"ListItem","position":1,"name":"Home","item":"https:\/\/welaikaadv.site\/avviso\/"},{"@type":"ListItem","position":2,"name":"Enti locali sciolti per mafia nel 2022: analisi delle Relazioni prefettizie"}]},{"@type":"WebSite","@id":"https:\/\/welaikaadv.site\/avviso\/#website","url":"https:\/\/welaikaadv.site\/avviso\/","name":"Staging Avviso Pubblico","description":"","publisher":{"@id":"https:\/\/welaikaadv.site\/avviso\/#organization"},"potentialAction":[{"@type":"SearchAction","target":{"@type":"EntryPoint","urlTemplate":"https:\/\/welaikaadv.site\/avviso\/?s={search_term_string}"},"query-input":{"@type":"PropertyValueSpecification","valueRequired":true,"valueName":"search_term_string"}}],"inLanguage":"it-IT"},{"@type":"Organization","@id":"https:\/\/welaikaadv.site\/avviso\/#organization","name":"Staging Avviso Pubblico","url":"https:\/\/welaikaadv.site\/avviso\/","logo":{"@type":"ImageObject","inLanguage":"it-IT","@id":"https:\/\/welaikaadv.site\/avviso\/#\/schema\/logo\/image\/","url":"https:\/\/welaikaadv.site\/avviso\/wp-content\/uploads\/2024\/08\/logoAPsito-400.png","contentUrl":"https:\/\/welaikaadv.site\/avviso\/wp-content\/uploads\/2024\/08\/logoAPsito-400.png","width":400,"height":97,"caption":"Staging Avviso Pubblico"},"image":{"@id":"https:\/\/welaikaadv.site\/avviso\/#\/schema\/logo\/image\/"}}]}},"_links":{"self":[{"href":"https:\/\/welaikaadv.site\/avviso\/wp-json\/wp\/v2\/pages\/53398","targetHints":{"allow":["GET"]}}],"collection":[{"href":"https:\/\/welaikaadv.site\/avviso\/wp-json\/wp\/v2\/pages"}],"about":[{"href":"https:\/\/welaikaadv.site\/avviso\/wp-json\/wp\/v2\/types\/page"}],"author":[{"embeddable":true,"href":"https:\/\/welaikaadv.site\/avviso\/wp-json\/wp\/v2\/users\/1"}],"replies":[{"embeddable":true,"href":"https:\/\/welaikaadv.site\/avviso\/wp-json\/wp\/v2\/comments?post=53398"}],"version-history":[{"count":0,"href":"https:\/\/welaikaadv.site\/avviso\/wp-json\/wp\/v2\/pages\/53398\/revisions"}],"up":[{"embeddable":true,"href":"https:\/\/welaikaadv.site\/avviso\/wp-json\/wp\/v2\/pages\/194"}],"wp:attachment":[{"href":"https:\/\/welaikaadv.site\/avviso\/wp-json\/wp\/v2\/media?parent=53398"}],"curies":[{"name":"wp","href":"https:\/\/api.w.org\/{rel}","templated":true}]}}