{"id":53742,"date":"2023-05-21T14:47:10","date_gmt":"2023-05-21T12:47:10","guid":{"rendered":"https:\/\/www.avvisopubblico.it\/home\/?page_id=53742"},"modified":"2023-05-21T14:47:10","modified_gmt":"2023-05-21T12:47:10","slug":"delega-al-governo-per-il-riordino-del-gioco-audizione-in-commissione-finanze-della-camera-della-conferenza-delle-regioni-e-delle-province-autonome-18-maggio","status":"publish","type":"page","link":"https:\/\/welaikaadv.site\/avviso\/home\/cosa-facciamo\/informare\/documenti-tematici\/gioco-dazzardo\/delega-al-governo-per-il-riordino-del-gioco-audizione-in-commissione-finanze-della-camera-della-conferenza-delle-regioni-e-delle-province-autonome-18-maggio\/","title":{"rendered":"DELEGA AL GOVERNO PER IL RIORDINO DEL GIOCO: AUDIZIONE IN COMMISSIONE FINANZE DELLA CAMERA DELLA CONFERENZA DELLE REGIONI E DELLE PROVINCE AUTONOME (18 MAGGIO)"},"content":{"rendered":"<p>Nella seduta del <a href=\"https:\/\/webtv.camera.it\/evento\/22483\">18 Maggio<\/a> della VI Commissione Finanze della Camera, nell\u2019ambito dell\u2019esame della Delega al Governo per la riforma fiscale, nella quale \u00e8 contenuta anche la delega per il riordino del settore dei giochi, \u00e8 stata audita informalmente la Conferenza delle Regioni e delle Province autonome. \u00c8 intervenuto sul tema del gioco, in particolare, Marco Alparone, coordinatore della commissione regionale lombarda Affari finanziari e vicepresidente della Regione Lombardia. <a href=\"https:\/\/webtv.camera.it\/evento\/22483\">Qui<\/a> il video.<\/p>\n<p>Di seguito una sintesi del suo intervento sui profili attinenti al gioco.<\/p>\n<p>L\u2019impatto del gioco d\u2019azzardo \u00e8 un tema che riguarda gli Enti locali che negli anni hanno lavorato per ridurre l\u2019impatto, normando in modo non uniforme (Comune per Comune, ci sono regole diverse) e creando cos\u00ec disparit\u00e0 e non uniformit\u00e0, senza peraltro una equivalenza fra gli operatori che si occupano di gioco fisco e quelli che si occupano di gioco online.<\/p>\n<p>Sarebbe corretto svolgere un ragionamento di insieme con il Governo e la Conferenza delle Regioni, per dare una linea di indirizzo agli Enti locali nell\u2019ottica di una maggiore uniformit\u00e0 e con l\u2019obiettivo di ridurre il numero di macchinette. Ci\u00f2 permetterebbe cio\u00e8 una maggiore uniformit\u00e0 tra Comune e Comune e, all\u2019interno dello stesso Comune, anche una maggiore uniformit\u00e0 tra chi aveva le macchinette prima e chi le mette dopo, il tutto sempre in un\u2019ottica di riduzione.<\/p>\n<p>In secondo luogo, bisogna ragionare sui nuovi modelli in concorrenza (es. il gioco online, che certo non pu\u00f2 sottostare alle regole, ad esempio, di distanza fisica).<\/p>\n<p>In terzo e ultimo luogo, bisogna pensare che tutti i soggetti si prendano un pezzo di responsabilit\u00e0 e, dunque, in corrispondenza alle responsabilit\u00e0, va garantita anche una parte degli introiti: gli Enti Locali, cio\u00e8, in un approccio di condivisione comune delle regole, dovranno anche loro avere un parziale ristoro delle entrate. Questo approccio di condivisione nell\u2019ambito della Conferenza delle Regioni pu\u00f2 essere valorizzato e trasferito agli EELL.<\/p>\n","protected":false},"excerpt":{"rendered":"<p>Nella seduta del 18 Maggio della VI Commissione Finanze della Camera, nell\u2019ambito dell\u2019esame della Delega al Governo per la riforma fiscale, nella quale \u00e8 contenuta&nbsp;<span class=\"hellipsis\">[&hellip;]<\/span><a class=\"more-link\" href=\"https:\/\/welaikaadv.site\/avviso\/home\/cosa-facciamo\/informare\/documenti-tematici\/gioco-dazzardo\/delega-al-governo-per-il-riordino-del-gioco-audizione-in-commissione-finanze-della-camera-della-conferenza-delle-regioni-e-delle-province-autonome-18-maggio\/\">Leggi tutto <span class=\"screen-reader-text\">DELEGA AL GOVERNO PER IL RIORDINO DEL GIOCO: AUDIZIONE IN COMMISSIONE FINANZE DELLA CAMERA DELLA CONFERENZA DELLE REGIONI E DELLE PROVINCE AUTONOME (18 MAGGIO)<\/span> <span class=\"meta-nav\" aria-hidden=\"true\">&rarr;<\/span><\/a><\/p>\n","protected":false},"author":1,"featured_media":0,"parent":202,"menu_order":160,"comment_status":"closed","ping_status":"closed","template":"","meta":{"_acf_changed":false,"_exactmetrics_skip_tracking":false,"_exactmetrics_sitenote_active":false,"_exactmetrics_sitenote_note":"","_exactmetrics_sitenote_category":0,"wp_social_preview_title":"","wp_social_preview_description":"","wp_social_preview_image":0,"footnotes":""},"class_list":["post-53742","page","type-page","status-publish","hentry"],"acf":[],"yoast_head":"<!-- This site is optimized with the Yoast SEO plugin v27.2 - https:\/\/yoast.com\/product\/yoast-seo-wordpress\/ -->\n<title>DELEGA AL GOVERNO PER IL RIORDINO DEL GIOCO: AUDIZIONE IN COMMISSIONE FINANZE DELLA CAMERA DELLA CONFERENZA DELLE REGIONI E DELLE PROVINCE AUTONOME (18 MAGGIO) - Staging Avviso Pubblico<\/title>\n<meta name=\"robots\" content=\"noindex, follow, max-snippet:-1, max-image-preview:large, max-video-preview:-1\" \/>\n<meta property=\"og:locale\" content=\"it_IT\" \/>\n<meta property=\"og:type\" content=\"article\" \/>\n<meta property=\"og:title\" content=\"DELEGA AL GOVERNO PER IL RIORDINO DEL GIOCO: AUDIZIONE IN COMMISSIONE FINANZE DELLA CAMERA DELLA CONFERENZA DELLE REGIONI E DELLE PROVINCE AUTONOME (18 MAGGIO) - Staging Avviso Pubblico\" \/>\n<meta property=\"og:description\" content=\"Nella seduta del 18 Maggio della VI Commissione Finanze della Camera, nell\u2019ambito dell\u2019esame della Delega al Governo per la riforma fiscale, nella quale \u00e8 contenuta&nbsp;[&hellip;]Leggi tutto DELEGA AL GOVERNO PER IL RIORDINO DEL GIOCO: AUDIZIONE IN COMMISSIONE FINANZE DELLA CAMERA DELLA CONFERENZA DELLE REGIONI E DELLE PROVINCE AUTONOME (18 MAGGIO) &rarr;\" \/>\n<meta property=\"og:url\" content=\"https:\/\/welaikaadv.site\/avviso\/home\/cosa-facciamo\/informare\/documenti-tematici\/gioco-dazzardo\/delega-al-governo-per-il-riordino-del-gioco-audizione-in-commissione-finanze-della-camera-della-conferenza-delle-regioni-e-delle-province-autonome-18-maggio\/\" \/>\n<meta property=\"og:site_name\" content=\"Staging Avviso Pubblico\" \/>\n<meta name=\"twitter:card\" content=\"summary_large_image\" \/>\n<meta name=\"twitter:label1\" content=\"Tempo di lettura stimato\" \/>\n\t<meta name=\"twitter:data1\" content=\"5 minuti\" \/>\n<script type=\"application\/ld+json\" class=\"yoast-schema-graph\">{\"@context\":\"https:\/\/schema.org\",\"@graph\":[{\"@type\":\"WebPage\",\"@id\":\"https:\/\/welaikaadv.site\/avviso\/home\/cosa-facciamo\/informare\/documenti-tematici\/gioco-dazzardo\/delega-al-governo-per-il-riordino-del-gioco-audizione-in-commissione-finanze-della-camera-della-conferenza-delle-regioni-e-delle-province-autonome-18-maggio\/\",\"url\":\"https:\/\/welaikaadv.site\/avviso\/home\/cosa-facciamo\/informare\/documenti-tematici\/gioco-dazzardo\/delega-al-governo-per-il-riordino-del-gioco-audizione-in-commissione-finanze-della-camera-della-conferenza-delle-regioni-e-delle-province-autonome-18-maggio\/\",\"name\":\"DELEGA AL GOVERNO PER IL RIORDINO DEL GIOCO: AUDIZIONE IN COMMISSIONE FINANZE DELLA CAMERA DELLA CONFERENZA DELLE REGIONI E DELLE PROVINCE AUTONOME (18 MAGGIO) - Staging Avviso Pubblico\",\"isPartOf\":{\"@id\":\"https:\/\/welaikaadv.site\/avviso\/#website\"},\"datePublished\":\"2023-05-21T12:47:10+00:00\",\"breadcrumb\":{\"@id\":\"https:\/\/welaikaadv.site\/avviso\/home\/cosa-facciamo\/informare\/documenti-tematici\/gioco-dazzardo\/delega-al-governo-per-il-riordino-del-gioco-audizione-in-commissione-finanze-della-camera-della-conferenza-delle-regioni-e-delle-province-autonome-18-maggio\/#breadcrumb\"},\"inLanguage\":\"it-IT\",\"potentialAction\":[{\"@type\":\"ReadAction\",\"target\":[\"https:\/\/welaikaadv.site\/avviso\/home\/cosa-facciamo\/informare\/documenti-tematici\/gioco-dazzardo\/delega-al-governo-per-il-riordino-del-gioco-audizione-in-commissione-finanze-della-camera-della-conferenza-delle-regioni-e-delle-province-autonome-18-maggio\/\"]}]},{\"@type\":\"BreadcrumbList\",\"@id\":\"https:\/\/welaikaadv.site\/avviso\/home\/cosa-facciamo\/informare\/documenti-tematici\/gioco-dazzardo\/delega-al-governo-per-il-riordino-del-gioco-audizione-in-commissione-finanze-della-camera-della-conferenza-delle-regioni-e-delle-province-autonome-18-maggio\/#breadcrumb\",\"itemListElement\":[{\"@type\":\"ListItem\",\"position\":1,\"name\":\"Home\",\"item\":\"https:\/\/welaikaadv.site\/avviso\/\"},{\"@type\":\"ListItem\",\"position\":2,\"name\":\"DELEGA AL GOVERNO PER IL RIORDINO DEL GIOCO: AUDIZIONE IN COMMISSIONE FINANZE DELLA CAMERA DELLA CONFERENZA DELLE REGIONI E DELLE PROVINCE AUTONOME (18 MAGGIO)\"}]},{\"@type\":\"WebSite\",\"@id\":\"https:\/\/welaikaadv.site\/avviso\/#website\",\"url\":\"https:\/\/welaikaadv.site\/avviso\/\",\"name\":\"Staging Avviso Pubblico\",\"description\":\"\",\"publisher\":{\"@id\":\"https:\/\/welaikaadv.site\/avviso\/#organization\"},\"potentialAction\":[{\"@type\":\"SearchAction\",\"target\":{\"@type\":\"EntryPoint\",\"urlTemplate\":\"https:\/\/welaikaadv.site\/avviso\/?s={search_term_string}\"},\"query-input\":{\"@type\":\"PropertyValueSpecification\",\"valueRequired\":true,\"valueName\":\"search_term_string\"}}],\"inLanguage\":\"it-IT\"},{\"@type\":\"Organization\",\"@id\":\"https:\/\/welaikaadv.site\/avviso\/#organization\",\"name\":\"Staging Avviso Pubblico\",\"url\":\"https:\/\/welaikaadv.site\/avviso\/\",\"logo\":{\"@type\":\"ImageObject\",\"inLanguage\":\"it-IT\",\"@id\":\"https:\/\/welaikaadv.site\/avviso\/#\/schema\/logo\/image\/\",\"url\":\"https:\/\/welaikaadv.site\/avviso\/wp-content\/uploads\/2024\/08\/logoAPsito-400.png\",\"contentUrl\":\"https:\/\/welaikaadv.site\/avviso\/wp-content\/uploads\/2024\/08\/logoAPsito-400.png\",\"width\":400,\"height\":97,\"caption\":\"Staging Avviso Pubblico\"},\"image\":{\"@id\":\"https:\/\/welaikaadv.site\/avviso\/#\/schema\/logo\/image\/\"}}]}<\/script>\n<!-- \/ Yoast SEO plugin. -->","yoast_head_json":{"title":"DELEGA AL GOVERNO PER IL RIORDINO DEL GIOCO: AUDIZIONE IN COMMISSIONE FINANZE DELLA CAMERA DELLA CONFERENZA DELLE REGIONI E DELLE PROVINCE AUTONOME (18 MAGGIO) - Staging Avviso Pubblico","robots":{"index":"noindex","follow":"follow","max-snippet":"max-snippet:-1","max-image-preview":"max-image-preview:large","max-video-preview":"max-video-preview:-1"},"og_locale":"it_IT","og_type":"article","og_title":"DELEGA AL GOVERNO PER IL RIORDINO DEL GIOCO: AUDIZIONE IN COMMISSIONE FINANZE DELLA CAMERA DELLA CONFERENZA DELLE REGIONI E DELLE PROVINCE AUTONOME (18 MAGGIO) - Staging Avviso Pubblico","og_description":"Nella seduta del 18 Maggio della VI Commissione Finanze della Camera, nell\u2019ambito dell\u2019esame della Delega al Governo per la riforma fiscale, nella quale \u00e8 contenuta&nbsp;[&hellip;]Leggi tutto DELEGA AL GOVERNO PER IL RIORDINO DEL GIOCO: AUDIZIONE IN COMMISSIONE FINANZE DELLA CAMERA DELLA CONFERENZA DELLE REGIONI E DELLE PROVINCE AUTONOME (18 MAGGIO) &rarr;","og_url":"https:\/\/welaikaadv.site\/avviso\/home\/cosa-facciamo\/informare\/documenti-tematici\/gioco-dazzardo\/delega-al-governo-per-il-riordino-del-gioco-audizione-in-commissione-finanze-della-camera-della-conferenza-delle-regioni-e-delle-province-autonome-18-maggio\/","og_site_name":"Staging Avviso Pubblico","twitter_card":"summary_large_image","twitter_misc":{"Tempo di lettura stimato":"5 minuti"},"schema":{"@context":"https:\/\/schema.org","@graph":[{"@type":"WebPage","@id":"https:\/\/welaikaadv.site\/avviso\/home\/cosa-facciamo\/informare\/documenti-tematici\/gioco-dazzardo\/delega-al-governo-per-il-riordino-del-gioco-audizione-in-commissione-finanze-della-camera-della-conferenza-delle-regioni-e-delle-province-autonome-18-maggio\/","url":"https:\/\/welaikaadv.site\/avviso\/home\/cosa-facciamo\/informare\/documenti-tematici\/gioco-dazzardo\/delega-al-governo-per-il-riordino-del-gioco-audizione-in-commissione-finanze-della-camera-della-conferenza-delle-regioni-e-delle-province-autonome-18-maggio\/","name":"DELEGA AL GOVERNO PER IL RIORDINO DEL GIOCO: AUDIZIONE IN COMMISSIONE FINANZE DELLA CAMERA DELLA CONFERENZA DELLE REGIONI E DELLE PROVINCE AUTONOME (18 MAGGIO) - Staging Avviso Pubblico","isPartOf":{"@id":"https:\/\/welaikaadv.site\/avviso\/#website"},"datePublished":"2023-05-21T12:47:10+00:00","breadcrumb":{"@id":"https:\/\/welaikaadv.site\/avviso\/home\/cosa-facciamo\/informare\/documenti-tematici\/gioco-dazzardo\/delega-al-governo-per-il-riordino-del-gioco-audizione-in-commissione-finanze-della-camera-della-conferenza-delle-regioni-e-delle-province-autonome-18-maggio\/#breadcrumb"},"inLanguage":"it-IT","potentialAction":[{"@type":"ReadAction","target":["https:\/\/welaikaadv.site\/avviso\/home\/cosa-facciamo\/informare\/documenti-tematici\/gioco-dazzardo\/delega-al-governo-per-il-riordino-del-gioco-audizione-in-commissione-finanze-della-camera-della-conferenza-delle-regioni-e-delle-province-autonome-18-maggio\/"]}]},{"@type":"BreadcrumbList","@id":"https:\/\/welaikaadv.site\/avviso\/home\/cosa-facciamo\/informare\/documenti-tematici\/gioco-dazzardo\/delega-al-governo-per-il-riordino-del-gioco-audizione-in-commissione-finanze-della-camera-della-conferenza-delle-regioni-e-delle-province-autonome-18-maggio\/#breadcrumb","itemListElement":[{"@type":"ListItem","position":1,"name":"Home","item":"https:\/\/welaikaadv.site\/avviso\/"},{"@type":"ListItem","position":2,"name":"DELEGA AL GOVERNO PER IL RIORDINO DEL GIOCO: AUDIZIONE IN COMMISSIONE FINANZE DELLA CAMERA DELLA CONFERENZA DELLE REGIONI E DELLE PROVINCE AUTONOME (18 MAGGIO)"}]},{"@type":"WebSite","@id":"https:\/\/welaikaadv.site\/avviso\/#website","url":"https:\/\/welaikaadv.site\/avviso\/","name":"Staging Avviso Pubblico","description":"","publisher":{"@id":"https:\/\/welaikaadv.site\/avviso\/#organization"},"potentialAction":[{"@type":"SearchAction","target":{"@type":"EntryPoint","urlTemplate":"https:\/\/welaikaadv.site\/avviso\/?s={search_term_string}"},"query-input":{"@type":"PropertyValueSpecification","valueRequired":true,"valueName":"search_term_string"}}],"inLanguage":"it-IT"},{"@type":"Organization","@id":"https:\/\/welaikaadv.site\/avviso\/#organization","name":"Staging Avviso Pubblico","url":"https:\/\/welaikaadv.site\/avviso\/","logo":{"@type":"ImageObject","inLanguage":"it-IT","@id":"https:\/\/welaikaadv.site\/avviso\/#\/schema\/logo\/image\/","url":"https:\/\/welaikaadv.site\/avviso\/wp-content\/uploads\/2024\/08\/logoAPsito-400.png","contentUrl":"https:\/\/welaikaadv.site\/avviso\/wp-content\/uploads\/2024\/08\/logoAPsito-400.png","width":400,"height":97,"caption":"Staging Avviso Pubblico"},"image":{"@id":"https:\/\/welaikaadv.site\/avviso\/#\/schema\/logo\/image\/"}}]}},"_links":{"self":[{"href":"https:\/\/welaikaadv.site\/avviso\/wp-json\/wp\/v2\/pages\/53742","targetHints":{"allow":["GET"]}}],"collection":[{"href":"https:\/\/welaikaadv.site\/avviso\/wp-json\/wp\/v2\/pages"}],"about":[{"href":"https:\/\/welaikaadv.site\/avviso\/wp-json\/wp\/v2\/types\/page"}],"author":[{"embeddable":true,"href":"https:\/\/welaikaadv.site\/avviso\/wp-json\/wp\/v2\/users\/1"}],"replies":[{"embeddable":true,"href":"https:\/\/welaikaadv.site\/avviso\/wp-json\/wp\/v2\/comments?post=53742"}],"version-history":[{"count":0,"href":"https:\/\/welaikaadv.site\/avviso\/wp-json\/wp\/v2\/pages\/53742\/revisions"}],"up":[{"embeddable":true,"href":"https:\/\/welaikaadv.site\/avviso\/wp-json\/wp\/v2\/pages\/202"}],"wp:attachment":[{"href":"https:\/\/welaikaadv.site\/avviso\/wp-json\/wp\/v2\/media?parent=53742"}],"curies":[{"name":"wp","href":"https:\/\/api.w.org\/{rel}","templated":true}]}}