{"id":53744,"date":"2023-05-21T14:50:33","date_gmt":"2023-05-21T12:50:33","guid":{"rendered":"https:\/\/www.avvisopubblico.it\/home\/?page_id=53744"},"modified":"2023-05-21T14:50:33","modified_gmt":"2023-05-21T12:50:33","slug":"il-tar-bologna-conferma-che-nel-calcolo-delle-distanze-bisogna-tenere-conto-del-codice-della-strada-e-della-sicurezza-dei-pedoni","status":"publish","type":"page","link":"https:\/\/welaikaadv.site\/avviso\/home\/cosa-facciamo\/informare\/documenti-tematici\/gioco-dazzardo\/il-tar-bologna-conferma-che-nel-calcolo-delle-distanze-bisogna-tenere-conto-del-codice-della-strada-e-della-sicurezza-dei-pedoni\/","title":{"rendered":"IL TAR BOLOGNA CONFERMA CHE NEL CALCOLO DELLE DISTANZE BISOGNA TENERE CONTO DEL CODICE DELLA STRADA E DELLA SICUREZZA DEI PEDONI"},"content":{"rendered":"<p><strong>Premessa<\/strong>. La Regione Emilia-Romagna, a partire dalla Legge regionale 5\/2013, ha introdotto il distanziometro delle attivit\u00e0 da gioco nel territorio regionale (poi meglio specificato con le delibere di Giunta 831\/2017 e 68\/2019).<\/p>\n<p>In particolare, la legge regionale precisa che il calcolo della distanza tra sala gioco\/scommesse deve essere effettuato secondo il &#8220;percorso pedonale pi\u00f9 breve&#8221;.<\/p>\n<p>Il Comune di Rimini ha effettuato la mappatura degli esercizi di gioco rispetto ai luoghi sensibili e, nel 2020, ha inoltrato a una sala scommesse\/giochi, presente nel territorio comunale, l\u2019ordine di chiusura entro 6 mesi per violazione delle distanze minime.<\/p>\n<p>La sala ha presentato ricorso, contestando le misurazioni effettuate dall\u2019Amministrazione. Il TAR Bologna si \u00e8 pronunciato, accogliendo il ricorso dell\u2019operatore, con la sentenza <a href=\"https:\/\/www.giustizia-amministrativa.it\/portale\/pages\/istituzionale\/visualizza\/?nodeRef=&amp;schema=tar_bo&amp;nrg=202200599&amp;nomeFile=202300298_01.html&amp;subDir=Provvedimenti\">298\/2023<\/a> che qui si analizza.<\/p>\n<p><strong>Il percorso pedonale pi\u00f9 breve e le esigenze di sicurezza dei pedoni<\/strong>. Il caso attiene alla valutazione delle esigenze di sicurezza dei pedoni nel contesto del calcolo del percorso pedonale pi\u00f9 breve tra sala giochi\/scommesse e luogo sensibile. Il calcolo effettuato dal Comune di Rimini, che conduceva ad una distanza inferiore ai 500 metri, ricomprendeva un attraversamento pedonale privo delle strisce pedonali e con semaforo soltanto veicolare. Si tratta di un attraversamento normativamente consentito ma pericoloso e, dunque, secondo la sala giochi, non computabile nel calcolo.<\/p>\n<p>Il TAR aderisce all\u2019interpretazione di parte ricorrente.<\/p>\n<p>Ricordano i giudici, in questo senso, che quando il legislatore regionale si riferisce al percorso pedonale pi\u00f9 breve, si deve tenere conto dei percorsi di regolare attraversamento delle sedi stradali, non potendosi effettuare la misurazione basandosi sulla trasgressione, seppure non necessariamente pericolosa, da parte del pedone delle norme del Codice della strada.<\/p>\n<p>Ai fini del calcolo del percorso pedonale pi\u00f9 breve tra sala giochi e luogo sensibile occorre dunque tener conto delle norme di tutela della sicurezza dei pedoni che si evincono dal Codice della Strada oltre che dalle comuni regole di prudenza esigibili.<\/p>\n<p>Nel caso di specie, l\u2019attraversamento pedonale in esame \u00e8, secondo il Collegio, senz\u2019altro pericoloso poich\u00e9: mancano le strisce pedonali, il semaforo presente \u00e8 dedicato solo al traffico veicolare e il tracciato stradale \u00e8 costituito da ben quattro corsie di marcia con rilevante traffico di veicoli (anche pesanti) e in assenza di mezzi dissuasivi della velocita\u0300.<\/p>\n<p>Dunque, confermano i giudici del TAR Bologna che un attraversamento pedonale non pu\u00f2 essere utilizzato per abbreviare la distanza tra due luoghi, dovendosi effettuare il calcolo in funzione di un tragitto che preservi efficacemente la sicurezza di pedoni e automobilisti, senza metterne in pericolo l\u2019incolumit\u00e0, nel quadro di una normativa regionale in tema di c.d. distanziometro volta proprio alla tutela della salute collettiva contro la ludopatia.<\/p>\n","protected":false},"excerpt":{"rendered":"<p>Premessa. La Regione Emilia-Romagna, a partire dalla Legge regionale 5\/2013, ha introdotto il distanziometro delle attivit\u00e0 da gioco nel territorio regionale (poi meglio specificato con&nbsp;<span class=\"hellipsis\">[&hellip;]<\/span><a class=\"more-link\" href=\"https:\/\/welaikaadv.site\/avviso\/home\/cosa-facciamo\/informare\/documenti-tematici\/gioco-dazzardo\/il-tar-bologna-conferma-che-nel-calcolo-delle-distanze-bisogna-tenere-conto-del-codice-della-strada-e-della-sicurezza-dei-pedoni\/\">Leggi tutto <span class=\"screen-reader-text\">IL TAR BOLOGNA CONFERMA CHE NEL CALCOLO DELLE DISTANZE BISOGNA TENERE CONTO DEL CODICE DELLA STRADA E DELLA SICUREZZA DEI PEDONI<\/span> <span class=\"meta-nav\" aria-hidden=\"true\">&rarr;<\/span><\/a><\/p>\n","protected":false},"author":1,"featured_media":0,"parent":202,"menu_order":160,"comment_status":"closed","ping_status":"closed","template":"","meta":{"_acf_changed":false,"_exactmetrics_skip_tracking":false,"_exactmetrics_sitenote_active":false,"_exactmetrics_sitenote_note":"","_exactmetrics_sitenote_category":0,"wp_social_preview_title":"","wp_social_preview_description":"","wp_social_preview_image":0,"footnotes":""},"class_list":["post-53744","page","type-page","status-publish","hentry"],"acf":[],"yoast_head":"<!-- This site is optimized with the Yoast SEO plugin v27.2 - https:\/\/yoast.com\/product\/yoast-seo-wordpress\/ -->\n<title>IL TAR BOLOGNA CONFERMA CHE NEL CALCOLO DELLE DISTANZE BISOGNA TENERE CONTO DEL CODICE DELLA STRADA E DELLA SICUREZZA DEI PEDONI - Staging Avviso Pubblico<\/title>\n<meta name=\"robots\" content=\"noindex, follow, max-snippet:-1, max-image-preview:large, max-video-preview:-1\" \/>\n<meta property=\"og:locale\" content=\"it_IT\" \/>\n<meta property=\"og:type\" content=\"article\" \/>\n<meta property=\"og:title\" content=\"IL TAR BOLOGNA CONFERMA CHE NEL CALCOLO DELLE DISTANZE BISOGNA TENERE CONTO DEL CODICE DELLA STRADA E DELLA SICUREZZA DEI PEDONI - Staging Avviso Pubblico\" \/>\n<meta property=\"og:description\" content=\"Premessa. La Regione Emilia-Romagna, a partire dalla Legge regionale 5\/2013, ha introdotto il distanziometro delle attivit\u00e0 da gioco nel territorio regionale (poi meglio specificato con&nbsp;[&hellip;]Leggi tutto IL TAR BOLOGNA CONFERMA CHE NEL CALCOLO DELLE DISTANZE BISOGNA TENERE CONTO DEL CODICE DELLA STRADA E DELLA SICUREZZA DEI PEDONI &rarr;\" \/>\n<meta property=\"og:url\" content=\"https:\/\/welaikaadv.site\/avviso\/home\/cosa-facciamo\/informare\/documenti-tematici\/gioco-dazzardo\/il-tar-bologna-conferma-che-nel-calcolo-delle-distanze-bisogna-tenere-conto-del-codice-della-strada-e-della-sicurezza-dei-pedoni\/\" \/>\n<meta property=\"og:site_name\" content=\"Staging Avviso Pubblico\" \/>\n<meta name=\"twitter:card\" content=\"summary_large_image\" \/>\n<meta name=\"twitter:label1\" content=\"Tempo di lettura stimato\" \/>\n\t<meta name=\"twitter:data1\" content=\"5 minuti\" \/>\n<script type=\"application\/ld+json\" class=\"yoast-schema-graph\">{\"@context\":\"https:\/\/schema.org\",\"@graph\":[{\"@type\":\"WebPage\",\"@id\":\"https:\/\/welaikaadv.site\/avviso\/home\/cosa-facciamo\/informare\/documenti-tematici\/gioco-dazzardo\/il-tar-bologna-conferma-che-nel-calcolo-delle-distanze-bisogna-tenere-conto-del-codice-della-strada-e-della-sicurezza-dei-pedoni\/\",\"url\":\"https:\/\/welaikaadv.site\/avviso\/home\/cosa-facciamo\/informare\/documenti-tematici\/gioco-dazzardo\/il-tar-bologna-conferma-che-nel-calcolo-delle-distanze-bisogna-tenere-conto-del-codice-della-strada-e-della-sicurezza-dei-pedoni\/\",\"name\":\"IL TAR BOLOGNA CONFERMA CHE NEL CALCOLO DELLE DISTANZE BISOGNA TENERE CONTO DEL CODICE DELLA STRADA E DELLA SICUREZZA DEI PEDONI - Staging Avviso Pubblico\",\"isPartOf\":{\"@id\":\"https:\/\/welaikaadv.site\/avviso\/#website\"},\"datePublished\":\"2023-05-21T12:50:33+00:00\",\"breadcrumb\":{\"@id\":\"https:\/\/welaikaadv.site\/avviso\/home\/cosa-facciamo\/informare\/documenti-tematici\/gioco-dazzardo\/il-tar-bologna-conferma-che-nel-calcolo-delle-distanze-bisogna-tenere-conto-del-codice-della-strada-e-della-sicurezza-dei-pedoni\/#breadcrumb\"},\"inLanguage\":\"it-IT\",\"potentialAction\":[{\"@type\":\"ReadAction\",\"target\":[\"https:\/\/welaikaadv.site\/avviso\/home\/cosa-facciamo\/informare\/documenti-tematici\/gioco-dazzardo\/il-tar-bologna-conferma-che-nel-calcolo-delle-distanze-bisogna-tenere-conto-del-codice-della-strada-e-della-sicurezza-dei-pedoni\/\"]}]},{\"@type\":\"BreadcrumbList\",\"@id\":\"https:\/\/welaikaadv.site\/avviso\/home\/cosa-facciamo\/informare\/documenti-tematici\/gioco-dazzardo\/il-tar-bologna-conferma-che-nel-calcolo-delle-distanze-bisogna-tenere-conto-del-codice-della-strada-e-della-sicurezza-dei-pedoni\/#breadcrumb\",\"itemListElement\":[{\"@type\":\"ListItem\",\"position\":1,\"name\":\"Home\",\"item\":\"https:\/\/welaikaadv.site\/avviso\/\"},{\"@type\":\"ListItem\",\"position\":2,\"name\":\"IL TAR BOLOGNA CONFERMA CHE NEL CALCOLO DELLE DISTANZE BISOGNA TENERE CONTO DEL CODICE DELLA STRADA E DELLA SICUREZZA DEI PEDONI\"}]},{\"@type\":\"WebSite\",\"@id\":\"https:\/\/welaikaadv.site\/avviso\/#website\",\"url\":\"https:\/\/welaikaadv.site\/avviso\/\",\"name\":\"Staging Avviso Pubblico\",\"description\":\"\",\"publisher\":{\"@id\":\"https:\/\/welaikaadv.site\/avviso\/#organization\"},\"potentialAction\":[{\"@type\":\"SearchAction\",\"target\":{\"@type\":\"EntryPoint\",\"urlTemplate\":\"https:\/\/welaikaadv.site\/avviso\/?s={search_term_string}\"},\"query-input\":{\"@type\":\"PropertyValueSpecification\",\"valueRequired\":true,\"valueName\":\"search_term_string\"}}],\"inLanguage\":\"it-IT\"},{\"@type\":\"Organization\",\"@id\":\"https:\/\/welaikaadv.site\/avviso\/#organization\",\"name\":\"Staging Avviso Pubblico\",\"url\":\"https:\/\/welaikaadv.site\/avviso\/\",\"logo\":{\"@type\":\"ImageObject\",\"inLanguage\":\"it-IT\",\"@id\":\"https:\/\/welaikaadv.site\/avviso\/#\/schema\/logo\/image\/\",\"url\":\"https:\/\/welaikaadv.site\/avviso\/wp-content\/uploads\/2024\/08\/logoAPsito-400.png\",\"contentUrl\":\"https:\/\/welaikaadv.site\/avviso\/wp-content\/uploads\/2024\/08\/logoAPsito-400.png\",\"width\":400,\"height\":97,\"caption\":\"Staging Avviso Pubblico\"},\"image\":{\"@id\":\"https:\/\/welaikaadv.site\/avviso\/#\/schema\/logo\/image\/\"}}]}<\/script>\n<!-- \/ Yoast SEO plugin. -->","yoast_head_json":{"title":"IL TAR BOLOGNA CONFERMA CHE NEL CALCOLO DELLE DISTANZE BISOGNA TENERE CONTO DEL CODICE DELLA STRADA E DELLA SICUREZZA DEI PEDONI - Staging Avviso Pubblico","robots":{"index":"noindex","follow":"follow","max-snippet":"max-snippet:-1","max-image-preview":"max-image-preview:large","max-video-preview":"max-video-preview:-1"},"og_locale":"it_IT","og_type":"article","og_title":"IL TAR BOLOGNA CONFERMA CHE NEL CALCOLO DELLE DISTANZE BISOGNA TENERE CONTO DEL CODICE DELLA STRADA E DELLA SICUREZZA DEI PEDONI - Staging Avviso Pubblico","og_description":"Premessa. La Regione Emilia-Romagna, a partire dalla Legge regionale 5\/2013, ha introdotto il distanziometro delle attivit\u00e0 da gioco nel territorio regionale (poi meglio specificato con&nbsp;[&hellip;]Leggi tutto IL TAR BOLOGNA CONFERMA CHE NEL CALCOLO DELLE DISTANZE BISOGNA TENERE CONTO DEL CODICE DELLA STRADA E DELLA SICUREZZA DEI PEDONI &rarr;","og_url":"https:\/\/welaikaadv.site\/avviso\/home\/cosa-facciamo\/informare\/documenti-tematici\/gioco-dazzardo\/il-tar-bologna-conferma-che-nel-calcolo-delle-distanze-bisogna-tenere-conto-del-codice-della-strada-e-della-sicurezza-dei-pedoni\/","og_site_name":"Staging Avviso Pubblico","twitter_card":"summary_large_image","twitter_misc":{"Tempo di lettura stimato":"5 minuti"},"schema":{"@context":"https:\/\/schema.org","@graph":[{"@type":"WebPage","@id":"https:\/\/welaikaadv.site\/avviso\/home\/cosa-facciamo\/informare\/documenti-tematici\/gioco-dazzardo\/il-tar-bologna-conferma-che-nel-calcolo-delle-distanze-bisogna-tenere-conto-del-codice-della-strada-e-della-sicurezza-dei-pedoni\/","url":"https:\/\/welaikaadv.site\/avviso\/home\/cosa-facciamo\/informare\/documenti-tematici\/gioco-dazzardo\/il-tar-bologna-conferma-che-nel-calcolo-delle-distanze-bisogna-tenere-conto-del-codice-della-strada-e-della-sicurezza-dei-pedoni\/","name":"IL TAR BOLOGNA CONFERMA CHE NEL CALCOLO DELLE DISTANZE BISOGNA TENERE CONTO DEL CODICE DELLA STRADA E DELLA SICUREZZA DEI PEDONI - Staging Avviso Pubblico","isPartOf":{"@id":"https:\/\/welaikaadv.site\/avviso\/#website"},"datePublished":"2023-05-21T12:50:33+00:00","breadcrumb":{"@id":"https:\/\/welaikaadv.site\/avviso\/home\/cosa-facciamo\/informare\/documenti-tematici\/gioco-dazzardo\/il-tar-bologna-conferma-che-nel-calcolo-delle-distanze-bisogna-tenere-conto-del-codice-della-strada-e-della-sicurezza-dei-pedoni\/#breadcrumb"},"inLanguage":"it-IT","potentialAction":[{"@type":"ReadAction","target":["https:\/\/welaikaadv.site\/avviso\/home\/cosa-facciamo\/informare\/documenti-tematici\/gioco-dazzardo\/il-tar-bologna-conferma-che-nel-calcolo-delle-distanze-bisogna-tenere-conto-del-codice-della-strada-e-della-sicurezza-dei-pedoni\/"]}]},{"@type":"BreadcrumbList","@id":"https:\/\/welaikaadv.site\/avviso\/home\/cosa-facciamo\/informare\/documenti-tematici\/gioco-dazzardo\/il-tar-bologna-conferma-che-nel-calcolo-delle-distanze-bisogna-tenere-conto-del-codice-della-strada-e-della-sicurezza-dei-pedoni\/#breadcrumb","itemListElement":[{"@type":"ListItem","position":1,"name":"Home","item":"https:\/\/welaikaadv.site\/avviso\/"},{"@type":"ListItem","position":2,"name":"IL TAR BOLOGNA CONFERMA CHE NEL CALCOLO DELLE DISTANZE BISOGNA TENERE CONTO DEL CODICE DELLA STRADA E DELLA SICUREZZA DEI PEDONI"}]},{"@type":"WebSite","@id":"https:\/\/welaikaadv.site\/avviso\/#website","url":"https:\/\/welaikaadv.site\/avviso\/","name":"Staging Avviso Pubblico","description":"","publisher":{"@id":"https:\/\/welaikaadv.site\/avviso\/#organization"},"potentialAction":[{"@type":"SearchAction","target":{"@type":"EntryPoint","urlTemplate":"https:\/\/welaikaadv.site\/avviso\/?s={search_term_string}"},"query-input":{"@type":"PropertyValueSpecification","valueRequired":true,"valueName":"search_term_string"}}],"inLanguage":"it-IT"},{"@type":"Organization","@id":"https:\/\/welaikaadv.site\/avviso\/#organization","name":"Staging Avviso Pubblico","url":"https:\/\/welaikaadv.site\/avviso\/","logo":{"@type":"ImageObject","inLanguage":"it-IT","@id":"https:\/\/welaikaadv.site\/avviso\/#\/schema\/logo\/image\/","url":"https:\/\/welaikaadv.site\/avviso\/wp-content\/uploads\/2024\/08\/logoAPsito-400.png","contentUrl":"https:\/\/welaikaadv.site\/avviso\/wp-content\/uploads\/2024\/08\/logoAPsito-400.png","width":400,"height":97,"caption":"Staging Avviso Pubblico"},"image":{"@id":"https:\/\/welaikaadv.site\/avviso\/#\/schema\/logo\/image\/"}}]}},"_links":{"self":[{"href":"https:\/\/welaikaadv.site\/avviso\/wp-json\/wp\/v2\/pages\/53744","targetHints":{"allow":["GET"]}}],"collection":[{"href":"https:\/\/welaikaadv.site\/avviso\/wp-json\/wp\/v2\/pages"}],"about":[{"href":"https:\/\/welaikaadv.site\/avviso\/wp-json\/wp\/v2\/types\/page"}],"author":[{"embeddable":true,"href":"https:\/\/welaikaadv.site\/avviso\/wp-json\/wp\/v2\/users\/1"}],"replies":[{"embeddable":true,"href":"https:\/\/welaikaadv.site\/avviso\/wp-json\/wp\/v2\/comments?post=53744"}],"version-history":[{"count":0,"href":"https:\/\/welaikaadv.site\/avviso\/wp-json\/wp\/v2\/pages\/53744\/revisions"}],"up":[{"embeddable":true,"href":"https:\/\/welaikaadv.site\/avviso\/wp-json\/wp\/v2\/pages\/202"}],"wp:attachment":[{"href":"https:\/\/welaikaadv.site\/avviso\/wp-json\/wp\/v2\/media?parent=53744"}],"curies":[{"name":"wp","href":"https:\/\/api.w.org\/{rel}","templated":true}]}}