{"id":54592,"date":"2023-07-20T17:09:32","date_gmt":"2023-07-20T15:09:32","guid":{"rendered":"https:\/\/www.avvisopubblico.it\/home\/?page_id=54592"},"modified":"2023-07-20T17:09:32","modified_gmt":"2023-07-20T15:09:32","slug":"il-consiglio-di-stato-conferma-i-limiti-orari-nel-comune-di-cesena","status":"publish","type":"page","link":"https:\/\/welaikaadv.site\/avviso\/home\/cosa-facciamo\/informare\/documenti-tematici\/gioco-dazzardo\/il-consiglio-di-stato-conferma-i-limiti-orari-nel-comune-di-cesena\/","title":{"rendered":"IL CONSIGLIO DI STATO CONFERMA I LIMITI ORARI NEL COMUNE DI CESENA"},"content":{"rendered":"<div>\n<p><b>Premessa<\/b>. Il Comune di Cesena, con l\u2019ordinanza sindacale 126734\/483 del 16 dicembre 2016 ha disciplinato gli orari di funzionamento degli apparecchi da gioco di cui all\u2019art. 110, comma 6 TULPS (cd. newslot), stabilendone la possibilit\u00e0 di accensione dalle ore 9,30 alle ore 12,30 e dalle ore 16:00 alle ore 23:00, e lo spegnimento nelle altre fasce orarie.<\/p>\n<\/div>\n<div>\n<p>Avverso tale ordinanza avevano presentato ricorso dinanzi al TAR Emilia-Romagna alcuni esercenti. In primo grado il ricorso \u00e8 stato respinto (TAR Bologna <a href=\"https:\/\/www.giustizia-amministrativa.it\/portale\/pages\/istituzionale\/visualizza\/?nodeRef=&amp;schema=tar_bo&amp;nrg=201700185&amp;nomeFile=201700475_01.html&amp;subDir=Provvedimenti\">475\/2017<\/a>). Giunti al grado di appello, si \u00e8 pronunciato il Consiglio di Stato con la sentenza <a href=\"https:\/\/www.giustizia-amministrativa.it\/portale\/pages\/istituzionale\/visualizza\/?nodeRef=&amp;schema=cds&amp;nrg=201801308&amp;nomeFile=202307078_11.html&amp;subDir=Provvedimenti\">7078\/2023<\/a>, che ha nuovamente rigettato le doglianze degli operatori privati.<\/p>\n<\/div>\n<div>\n<p><b>Le competenze e il principio di proporzionalit\u00e0<\/b>. I giudici del Consiglio di Stato ricordano, in primo luogo, come la normativa in materia di gioco d&#8217;azzardo, in particolare per quel che riguarda le conseguenze sociali dell\u2019offerta su fasce di consumatori psicologicamente pi\u00f9 deboli, non rientra nella competenza statale esclusiva in materia di ordine pubblico e sicurezza, bens\u00ec nella tutela del benessere psico-fisico dei soggetti maggiormente vulnerabili e della quiete pubblica, su cui \u00e8 pacifica la competenza comunale ai sensi degli articoli 3 e 5 del TUEL.<\/p>\n<\/div>\n<div>\n<p>La disciplina dei limiti orari al gioco viene definita, dai giudici di Palazzo Spada, come un vero e proprio crocevia di valori: da una parte, le esigenze dei privati (i gestori delle sale), che mirano alla massimizzazione dei loro profitti attraverso la pi\u00f9 ampia durata giornaliera dell&#8217;apertura dell&#8217;esercizio; dall\u2019altra, gli interessi pubblici e generali, relativi alla tutela dell&#8217;ordine e della sicurezza pubblica, della quiete e della salute pubblica.<\/p>\n<\/div>\n<div>\n<p>Nel provvedimento sindacale non si rinviene, secondo il Consiglio di Stato, alcuna violazione del principio di proporzionalit\u00e0<i> <\/i>avendo come fine, invece, il contrasto al \u201cfenomeno della <i>ludopatia<\/i>, inteso come disturbo psichico che induce l\u2019individuo a concentrare ogni suo interesse sul gioco, in maniera ossessiva e compulsiva, con ovvie ricadute sul piano familiare e professionale, nonch\u00e9 con l\u2019innegabile dispersione del patrimonio personale\u201d.<\/p>\n<\/div>\n<div>\n<p>I giudici ritengono che vi sia stata una equilibrata ponderazione degli interessi in gioco, e che il provvedimento non abbia mortificato l\u2019iniziativa economica dei soggetti coinvolti (\u201cmediante la riduzione degli orari viene limitata l\u2019offerta di gioco senza tuttavia sacrificare eccessivamente l\u2019interesse dei privati gestori delle sale da gioco, i quali possono usufruire di un\u2019ampia fascia oraria per l\u2019apertura al pubblico dell\u2019esercizio\u201d).<\/p>\n<\/div>\n<div>\n<p><b>L\u2019istruttoria<\/b>. Corretta, inoltre, secondo il Consiglio di Stato, l\u2019attivit\u00e0 istruttoria propedeutica all\u2019ordinanza.<\/p>\n<\/div>\n<div>\n<p>Il provvedimento sindacale si fonda, infatti, su una relazione scientifica dell\u2019Azienda Sanitaria Locale della Romagna, che evidenzia una crescita (definita \u201cpreoccupante\u201d dal Consiglio di Stato) del fenomeno del disturbo da gioco anche nel territorio comunale di Cesena.<\/p>\n<\/div>\n<div>\n<p><b>Le limitazioni orarie per gli altri apparecchi<\/b>. Infine, secondo il Consiglio di Stato non coglie nel segno nemmeno la censura dell\u2019esercente che riteneva non giustificata una regolamentazione degli orari per i soli apparecchi di cui all\u2019art. 110 comma 6 del TULPS (cd. newslot) rispetto ad altre tipologie di gioco.<\/p>\n<\/div>\n<p>Dicono i giudici del Consiglio di Stato, infatti, che \u201cnon era onere dell\u2019amministrazione dimostrare che gli apparecchi da gioco oggetto di regolamentazione oraria fossero pi\u00f9 o meno pericolosi rispetto ad altri servizi di gioco, essendo circostanza notoria che gli apparecchi sul cui utilizzo incide l\u2019atto impugnato concorrano in misure incisiva ad accrescere il diffondersi e l\u2019acuirsi delle\u00a0<i>ludopatie<\/i>\u201d.<\/p>\n","protected":false},"excerpt":{"rendered":"<p>Premessa. Il Comune di Cesena, con l\u2019ordinanza sindacale 126734\/483 del 16 dicembre 2016 ha disciplinato gli orari di funzionamento degli apparecchi da gioco di cui&nbsp;<span class=\"hellipsis\">[&hellip;]<\/span><a class=\"more-link\" href=\"https:\/\/welaikaadv.site\/avviso\/home\/cosa-facciamo\/informare\/documenti-tematici\/gioco-dazzardo\/il-consiglio-di-stato-conferma-i-limiti-orari-nel-comune-di-cesena\/\">Leggi tutto <span class=\"screen-reader-text\">IL CONSIGLIO DI STATO CONFERMA I LIMITI ORARI NEL COMUNE DI CESENA<\/span> <span class=\"meta-nav\" aria-hidden=\"true\">&rarr;<\/span><\/a><\/p>\n","protected":false},"author":1,"featured_media":0,"parent":202,"menu_order":160,"comment_status":"closed","ping_status":"closed","template":"","meta":{"_acf_changed":false,"_exactmetrics_skip_tracking":false,"_exactmetrics_sitenote_active":false,"_exactmetrics_sitenote_note":"","_exactmetrics_sitenote_category":0,"wp_social_preview_title":"","wp_social_preview_description":"","wp_social_preview_image":0,"footnotes":""},"class_list":["post-54592","page","type-page","status-publish","hentry"],"acf":[],"yoast_head":"<!-- This site is optimized with the Yoast SEO plugin v27.2 - https:\/\/yoast.com\/product\/yoast-seo-wordpress\/ -->\n<title>IL CONSIGLIO DI STATO CONFERMA I LIMITI ORARI NEL COMUNE DI CESENA - Staging Avviso Pubblico<\/title>\n<meta name=\"robots\" content=\"noindex, follow, max-snippet:-1, max-image-preview:large, max-video-preview:-1\" \/>\n<meta property=\"og:locale\" content=\"it_IT\" \/>\n<meta property=\"og:type\" content=\"article\" \/>\n<meta property=\"og:title\" content=\"IL CONSIGLIO DI STATO CONFERMA I LIMITI ORARI NEL COMUNE DI CESENA - Staging Avviso Pubblico\" \/>\n<meta property=\"og:description\" content=\"Premessa. Il Comune di Cesena, con l\u2019ordinanza sindacale 126734\/483 del 16 dicembre 2016 ha disciplinato gli orari di funzionamento degli apparecchi da gioco di cui&nbsp;[&hellip;]Leggi tutto IL CONSIGLIO DI STATO CONFERMA I LIMITI ORARI NEL COMUNE DI CESENA &rarr;\" \/>\n<meta property=\"og:url\" content=\"https:\/\/welaikaadv.site\/avviso\/home\/cosa-facciamo\/informare\/documenti-tematici\/gioco-dazzardo\/il-consiglio-di-stato-conferma-i-limiti-orari-nel-comune-di-cesena\/\" \/>\n<meta property=\"og:site_name\" content=\"Staging Avviso Pubblico\" \/>\n<meta name=\"twitter:card\" content=\"summary_large_image\" \/>\n<meta name=\"twitter:label1\" content=\"Tempo di lettura stimato\" \/>\n\t<meta name=\"twitter:data1\" content=\"5 minuti\" \/>\n<script type=\"application\/ld+json\" class=\"yoast-schema-graph\">{\"@context\":\"https:\/\/schema.org\",\"@graph\":[{\"@type\":\"WebPage\",\"@id\":\"https:\/\/welaikaadv.site\/avviso\/home\/cosa-facciamo\/informare\/documenti-tematici\/gioco-dazzardo\/il-consiglio-di-stato-conferma-i-limiti-orari-nel-comune-di-cesena\/\",\"url\":\"https:\/\/welaikaadv.site\/avviso\/home\/cosa-facciamo\/informare\/documenti-tematici\/gioco-dazzardo\/il-consiglio-di-stato-conferma-i-limiti-orari-nel-comune-di-cesena\/\",\"name\":\"IL CONSIGLIO DI STATO CONFERMA I LIMITI ORARI NEL COMUNE DI CESENA - Staging Avviso Pubblico\",\"isPartOf\":{\"@id\":\"https:\/\/welaikaadv.site\/avviso\/#website\"},\"datePublished\":\"2023-07-20T15:09:32+00:00\",\"breadcrumb\":{\"@id\":\"https:\/\/welaikaadv.site\/avviso\/home\/cosa-facciamo\/informare\/documenti-tematici\/gioco-dazzardo\/il-consiglio-di-stato-conferma-i-limiti-orari-nel-comune-di-cesena\/#breadcrumb\"},\"inLanguage\":\"it-IT\",\"potentialAction\":[{\"@type\":\"ReadAction\",\"target\":[\"https:\/\/welaikaadv.site\/avviso\/home\/cosa-facciamo\/informare\/documenti-tematici\/gioco-dazzardo\/il-consiglio-di-stato-conferma-i-limiti-orari-nel-comune-di-cesena\/\"]}]},{\"@type\":\"BreadcrumbList\",\"@id\":\"https:\/\/welaikaadv.site\/avviso\/home\/cosa-facciamo\/informare\/documenti-tematici\/gioco-dazzardo\/il-consiglio-di-stato-conferma-i-limiti-orari-nel-comune-di-cesena\/#breadcrumb\",\"itemListElement\":[{\"@type\":\"ListItem\",\"position\":1,\"name\":\"Home\",\"item\":\"https:\/\/welaikaadv.site\/avviso\/\"},{\"@type\":\"ListItem\",\"position\":2,\"name\":\"IL CONSIGLIO DI STATO CONFERMA I LIMITI ORARI NEL COMUNE DI CESENA\"}]},{\"@type\":\"WebSite\",\"@id\":\"https:\/\/welaikaadv.site\/avviso\/#website\",\"url\":\"https:\/\/welaikaadv.site\/avviso\/\",\"name\":\"Staging Avviso Pubblico\",\"description\":\"\",\"publisher\":{\"@id\":\"https:\/\/welaikaadv.site\/avviso\/#organization\"},\"potentialAction\":[{\"@type\":\"SearchAction\",\"target\":{\"@type\":\"EntryPoint\",\"urlTemplate\":\"https:\/\/welaikaadv.site\/avviso\/?s={search_term_string}\"},\"query-input\":{\"@type\":\"PropertyValueSpecification\",\"valueRequired\":true,\"valueName\":\"search_term_string\"}}],\"inLanguage\":\"it-IT\"},{\"@type\":\"Organization\",\"@id\":\"https:\/\/welaikaadv.site\/avviso\/#organization\",\"name\":\"Staging Avviso Pubblico\",\"url\":\"https:\/\/welaikaadv.site\/avviso\/\",\"logo\":{\"@type\":\"ImageObject\",\"inLanguage\":\"it-IT\",\"@id\":\"https:\/\/welaikaadv.site\/avviso\/#\/schema\/logo\/image\/\",\"url\":\"https:\/\/welaikaadv.site\/avviso\/wp-content\/uploads\/2024\/08\/logoAPsito-400.png\",\"contentUrl\":\"https:\/\/welaikaadv.site\/avviso\/wp-content\/uploads\/2024\/08\/logoAPsito-400.png\",\"width\":400,\"height\":97,\"caption\":\"Staging Avviso Pubblico\"},\"image\":{\"@id\":\"https:\/\/welaikaadv.site\/avviso\/#\/schema\/logo\/image\/\"}}]}<\/script>\n<!-- \/ Yoast SEO plugin. -->","yoast_head_json":{"title":"IL CONSIGLIO DI STATO CONFERMA I LIMITI ORARI NEL COMUNE DI CESENA - Staging Avviso Pubblico","robots":{"index":"noindex","follow":"follow","max-snippet":"max-snippet:-1","max-image-preview":"max-image-preview:large","max-video-preview":"max-video-preview:-1"},"og_locale":"it_IT","og_type":"article","og_title":"IL CONSIGLIO DI STATO CONFERMA I LIMITI ORARI NEL COMUNE DI CESENA - Staging Avviso Pubblico","og_description":"Premessa. Il Comune di Cesena, con l\u2019ordinanza sindacale 126734\/483 del 16 dicembre 2016 ha disciplinato gli orari di funzionamento degli apparecchi da gioco di cui&nbsp;[&hellip;]Leggi tutto IL CONSIGLIO DI STATO CONFERMA I LIMITI ORARI NEL COMUNE DI CESENA &rarr;","og_url":"https:\/\/welaikaadv.site\/avviso\/home\/cosa-facciamo\/informare\/documenti-tematici\/gioco-dazzardo\/il-consiglio-di-stato-conferma-i-limiti-orari-nel-comune-di-cesena\/","og_site_name":"Staging Avviso Pubblico","twitter_card":"summary_large_image","twitter_misc":{"Tempo di lettura stimato":"5 minuti"},"schema":{"@context":"https:\/\/schema.org","@graph":[{"@type":"WebPage","@id":"https:\/\/welaikaadv.site\/avviso\/home\/cosa-facciamo\/informare\/documenti-tematici\/gioco-dazzardo\/il-consiglio-di-stato-conferma-i-limiti-orari-nel-comune-di-cesena\/","url":"https:\/\/welaikaadv.site\/avviso\/home\/cosa-facciamo\/informare\/documenti-tematici\/gioco-dazzardo\/il-consiglio-di-stato-conferma-i-limiti-orari-nel-comune-di-cesena\/","name":"IL CONSIGLIO DI STATO CONFERMA I LIMITI ORARI NEL COMUNE DI CESENA - Staging Avviso Pubblico","isPartOf":{"@id":"https:\/\/welaikaadv.site\/avviso\/#website"},"datePublished":"2023-07-20T15:09:32+00:00","breadcrumb":{"@id":"https:\/\/welaikaadv.site\/avviso\/home\/cosa-facciamo\/informare\/documenti-tematici\/gioco-dazzardo\/il-consiglio-di-stato-conferma-i-limiti-orari-nel-comune-di-cesena\/#breadcrumb"},"inLanguage":"it-IT","potentialAction":[{"@type":"ReadAction","target":["https:\/\/welaikaadv.site\/avviso\/home\/cosa-facciamo\/informare\/documenti-tematici\/gioco-dazzardo\/il-consiglio-di-stato-conferma-i-limiti-orari-nel-comune-di-cesena\/"]}]},{"@type":"BreadcrumbList","@id":"https:\/\/welaikaadv.site\/avviso\/home\/cosa-facciamo\/informare\/documenti-tematici\/gioco-dazzardo\/il-consiglio-di-stato-conferma-i-limiti-orari-nel-comune-di-cesena\/#breadcrumb","itemListElement":[{"@type":"ListItem","position":1,"name":"Home","item":"https:\/\/welaikaadv.site\/avviso\/"},{"@type":"ListItem","position":2,"name":"IL CONSIGLIO DI STATO CONFERMA I LIMITI ORARI NEL COMUNE DI CESENA"}]},{"@type":"WebSite","@id":"https:\/\/welaikaadv.site\/avviso\/#website","url":"https:\/\/welaikaadv.site\/avviso\/","name":"Staging Avviso Pubblico","description":"","publisher":{"@id":"https:\/\/welaikaadv.site\/avviso\/#organization"},"potentialAction":[{"@type":"SearchAction","target":{"@type":"EntryPoint","urlTemplate":"https:\/\/welaikaadv.site\/avviso\/?s={search_term_string}"},"query-input":{"@type":"PropertyValueSpecification","valueRequired":true,"valueName":"search_term_string"}}],"inLanguage":"it-IT"},{"@type":"Organization","@id":"https:\/\/welaikaadv.site\/avviso\/#organization","name":"Staging Avviso Pubblico","url":"https:\/\/welaikaadv.site\/avviso\/","logo":{"@type":"ImageObject","inLanguage":"it-IT","@id":"https:\/\/welaikaadv.site\/avviso\/#\/schema\/logo\/image\/","url":"https:\/\/welaikaadv.site\/avviso\/wp-content\/uploads\/2024\/08\/logoAPsito-400.png","contentUrl":"https:\/\/welaikaadv.site\/avviso\/wp-content\/uploads\/2024\/08\/logoAPsito-400.png","width":400,"height":97,"caption":"Staging Avviso Pubblico"},"image":{"@id":"https:\/\/welaikaadv.site\/avviso\/#\/schema\/logo\/image\/"}}]}},"_links":{"self":[{"href":"https:\/\/welaikaadv.site\/avviso\/wp-json\/wp\/v2\/pages\/54592","targetHints":{"allow":["GET"]}}],"collection":[{"href":"https:\/\/welaikaadv.site\/avviso\/wp-json\/wp\/v2\/pages"}],"about":[{"href":"https:\/\/welaikaadv.site\/avviso\/wp-json\/wp\/v2\/types\/page"}],"author":[{"embeddable":true,"href":"https:\/\/welaikaadv.site\/avviso\/wp-json\/wp\/v2\/users\/1"}],"replies":[{"embeddable":true,"href":"https:\/\/welaikaadv.site\/avviso\/wp-json\/wp\/v2\/comments?post=54592"}],"version-history":[{"count":0,"href":"https:\/\/welaikaadv.site\/avviso\/wp-json\/wp\/v2\/pages\/54592\/revisions"}],"up":[{"embeddable":true,"href":"https:\/\/welaikaadv.site\/avviso\/wp-json\/wp\/v2\/pages\/202"}],"wp:attachment":[{"href":"https:\/\/welaikaadv.site\/avviso\/wp-json\/wp\/v2\/media?parent=54592"}],"curies":[{"name":"wp","href":"https:\/\/api.w.org\/{rel}","templated":true}]}}