{"id":54742,"date":"2023-08-21T10:17:38","date_gmt":"2023-08-21T08:17:38","guid":{"rendered":"https:\/\/www.avvisopubblico.it\/home\/?page_id=54742"},"modified":"2023-08-21T10:17:38","modified_gmt":"2023-08-21T08:17:38","slug":"decreto-legge-105-2023-decreto-intercettazioni","status":"publish","type":"page","link":"https:\/\/welaikaadv.site\/avviso\/home\/cosa-facciamo\/informare\/osservatorio-parlamentare\/attivita-legislativa\/leggi-approvate\/decreto-legge-105-2023-decreto-intercettazioni\/","title":{"rendered":"DECRETO-LEGGE 105\/2023: DECRETO \u201cINTERCETTAZIONI\u201d"},"content":{"rendered":"<p>Il <strong><a href=\"https:\/\/www.gazzettaufficiale.it\/atto\/serie_generale\/caricaDettaglioAtto\/originario?atto.dataPubblicazioneGazzetta=2023-08-10&amp;atto.codiceRedazionale=23G00118&amp;elenco30giorni=true\">Decreto-Legge 10 Agosto 2023, n. 105<\/a><\/strong>, recante \u201cDisposizioni urgenti in materia di processo penale, di processo civile, di contrasto agli incendi boschivi, di recupero dalle tossicodipendenze, di salute e di cultura, nonch\u00e9 in materia di personale della magistratura e della pubblica amministrazione\u201d contiene, tra le varie novit\u00e0, anche nuove disposizioni in materia di intercettazioni.<\/p>\n<p>L\u2019art. 1, in particolare, prescrive che il regime di autorizzazione e disposizione delle <strong>intercettazioni<\/strong> di cui all\u2019art. 13 del DL 152\/1991 previsto per i delitti di <strong>criminalit\u00e0 organizzata<\/strong> si applichi anche ai procedimenti per i delitti,\u00a0 consumati o tentati, previsti dagli articoli 452-quaterdecies (attivit\u00e0 organizzate per il traffico illecito di rifiuti) e 630 (sequestro di persona a scopo di estorsione) del codice penale, ovvero commessi con finalit\u00e0 di terrorismo o avvalendosi delle condizioni previste dall&#8217;articolo 416-bis del codice penale o al fine di agevolare l&#8217;attivit\u00e0 delle associazioni previste dallo stesso articolo.<\/p>\n<p>L\u2019introduzione di tale norma si era resa necessaria a seguito della pronuncia della <strong>Cassazione Penale, Sez. I, 34895\/2022<\/strong>, che era intervenuta sul tema delle intercettazioni.<\/p>\n<p>Sempre in tema di intercettazioni, l\u2019art. 2 del Decreto-Legge, inoltre, si occupa dell\u2019istituzione di<strong> infrastrutture digitali centralizzate per le intercettazioni<\/strong>, con l\u2019obiettivo di assicurare i pi\u00f9 elevati e uniformi livelli di sicurezza, aggiornamento tecnologico, efficienza, economicit\u00e0 e capacit\u00e0 di risparmio energetico dei sistemi informativi funzionali alle attivit\u00e0 di intercettazione eseguite da ciascun ufficio del pubblico ministero.<\/p>\n<p>Tra le altre novit\u00e0 del Decreto, si segnala l\u2019art. 6 che innalza le pene per il reato di <strong>incendio boschivo<\/strong> (art. 423-bis codice penale).<\/p>\n","protected":false},"excerpt":{"rendered":"<p>Il Decreto-Legge 10 Agosto 2023, n. 105, recante \u201cDisposizioni urgenti in materia di processo penale, di processo civile, di contrasto agli incendi boschivi, di recupero&nbsp;<span class=\"hellipsis\">[&hellip;]<\/span><a class=\"more-link\" href=\"https:\/\/welaikaadv.site\/avviso\/home\/cosa-facciamo\/informare\/osservatorio-parlamentare\/attivita-legislativa\/leggi-approvate\/decreto-legge-105-2023-decreto-intercettazioni\/\">Leggi tutto <span class=\"screen-reader-text\">DECRETO-LEGGE 105\/2023: DECRETO \u201cINTERCETTAZIONI\u201d<\/span> <span class=\"meta-nav\" aria-hidden=\"true\">&rarr;<\/span><\/a><\/p>\n","protected":false},"author":1,"featured_media":0,"parent":2575,"menu_order":0,"comment_status":"closed","ping_status":"closed","template":"","meta":{"_acf_changed":false,"_exactmetrics_skip_tracking":false,"_exactmetrics_sitenote_active":false,"_exactmetrics_sitenote_note":"","_exactmetrics_sitenote_category":0,"wp_social_preview_title":"","wp_social_preview_description":"","wp_social_preview_image":0,"footnotes":""},"class_list":["post-54742","page","type-page","status-publish","hentry"],"acf":[],"yoast_head":"<!-- This site is optimized with the Yoast SEO plugin v27.2 - https:\/\/yoast.com\/product\/yoast-seo-wordpress\/ -->\n<title>DECRETO-LEGGE 105\/2023: DECRETO \u201cINTERCETTAZIONI\u201d - Staging Avviso Pubblico<\/title>\n<meta name=\"robots\" content=\"noindex, follow, max-snippet:-1, max-image-preview:large, max-video-preview:-1\" \/>\n<meta property=\"og:locale\" content=\"it_IT\" \/>\n<meta property=\"og:type\" content=\"article\" \/>\n<meta property=\"og:title\" content=\"DECRETO-LEGGE 105\/2023: DECRETO \u201cINTERCETTAZIONI\u201d - Staging Avviso Pubblico\" \/>\n<meta property=\"og:description\" content=\"Il Decreto-Legge 10 Agosto 2023, n. 105, recante \u201cDisposizioni urgenti in materia di processo penale, di processo civile, di contrasto agli incendi boschivi, di recupero&nbsp;[&hellip;]Leggi tutto DECRETO-LEGGE 105\/2023: DECRETO \u201cINTERCETTAZIONI\u201d &rarr;\" \/>\n<meta property=\"og:url\" content=\"https:\/\/welaikaadv.site\/avviso\/home\/cosa-facciamo\/informare\/osservatorio-parlamentare\/attivita-legislativa\/leggi-approvate\/decreto-legge-105-2023-decreto-intercettazioni\/\" \/>\n<meta property=\"og:site_name\" content=\"Staging Avviso Pubblico\" \/>\n<meta name=\"twitter:card\" content=\"summary_large_image\" \/>\n<meta name=\"twitter:label1\" content=\"Tempo di lettura stimato\" \/>\n\t<meta name=\"twitter:data1\" content=\"3 minuti\" \/>\n<script type=\"application\/ld+json\" class=\"yoast-schema-graph\">{\"@context\":\"https:\/\/schema.org\",\"@graph\":[{\"@type\":\"WebPage\",\"@id\":\"https:\/\/welaikaadv.site\/avviso\/home\/cosa-facciamo\/informare\/osservatorio-parlamentare\/attivita-legislativa\/leggi-approvate\/decreto-legge-105-2023-decreto-intercettazioni\/\",\"url\":\"https:\/\/welaikaadv.site\/avviso\/home\/cosa-facciamo\/informare\/osservatorio-parlamentare\/attivita-legislativa\/leggi-approvate\/decreto-legge-105-2023-decreto-intercettazioni\/\",\"name\":\"DECRETO-LEGGE 105\/2023: DECRETO \u201cINTERCETTAZIONI\u201d - Staging Avviso Pubblico\",\"isPartOf\":{\"@id\":\"https:\/\/welaikaadv.site\/avviso\/#website\"},\"datePublished\":\"2023-08-21T08:17:38+00:00\",\"breadcrumb\":{\"@id\":\"https:\/\/welaikaadv.site\/avviso\/home\/cosa-facciamo\/informare\/osservatorio-parlamentare\/attivita-legislativa\/leggi-approvate\/decreto-legge-105-2023-decreto-intercettazioni\/#breadcrumb\"},\"inLanguage\":\"it-IT\",\"potentialAction\":[{\"@type\":\"ReadAction\",\"target\":[\"https:\/\/welaikaadv.site\/avviso\/home\/cosa-facciamo\/informare\/osservatorio-parlamentare\/attivita-legislativa\/leggi-approvate\/decreto-legge-105-2023-decreto-intercettazioni\/\"]}]},{\"@type\":\"BreadcrumbList\",\"@id\":\"https:\/\/welaikaadv.site\/avviso\/home\/cosa-facciamo\/informare\/osservatorio-parlamentare\/attivita-legislativa\/leggi-approvate\/decreto-legge-105-2023-decreto-intercettazioni\/#breadcrumb\",\"itemListElement\":[{\"@type\":\"ListItem\",\"position\":1,\"name\":\"Home\",\"item\":\"https:\/\/welaikaadv.site\/avviso\/\"},{\"@type\":\"ListItem\",\"position\":2,\"name\":\"DECRETO-LEGGE 105\/2023: DECRETO \u201cINTERCETTAZIONI\u201d\"}]},{\"@type\":\"WebSite\",\"@id\":\"https:\/\/welaikaadv.site\/avviso\/#website\",\"url\":\"https:\/\/welaikaadv.site\/avviso\/\",\"name\":\"Staging Avviso Pubblico\",\"description\":\"\",\"publisher\":{\"@id\":\"https:\/\/welaikaadv.site\/avviso\/#organization\"},\"potentialAction\":[{\"@type\":\"SearchAction\",\"target\":{\"@type\":\"EntryPoint\",\"urlTemplate\":\"https:\/\/welaikaadv.site\/avviso\/?s={search_term_string}\"},\"query-input\":{\"@type\":\"PropertyValueSpecification\",\"valueRequired\":true,\"valueName\":\"search_term_string\"}}],\"inLanguage\":\"it-IT\"},{\"@type\":\"Organization\",\"@id\":\"https:\/\/welaikaadv.site\/avviso\/#organization\",\"name\":\"Staging Avviso Pubblico\",\"url\":\"https:\/\/welaikaadv.site\/avviso\/\",\"logo\":{\"@type\":\"ImageObject\",\"inLanguage\":\"it-IT\",\"@id\":\"https:\/\/welaikaadv.site\/avviso\/#\/schema\/logo\/image\/\",\"url\":\"https:\/\/welaikaadv.site\/avviso\/wp-content\/uploads\/2024\/08\/logoAPsito-400.png\",\"contentUrl\":\"https:\/\/welaikaadv.site\/avviso\/wp-content\/uploads\/2024\/08\/logoAPsito-400.png\",\"width\":400,\"height\":97,\"caption\":\"Staging Avviso Pubblico\"},\"image\":{\"@id\":\"https:\/\/welaikaadv.site\/avviso\/#\/schema\/logo\/image\/\"}}]}<\/script>\n<!-- \/ Yoast SEO plugin. -->","yoast_head_json":{"title":"DECRETO-LEGGE 105\/2023: DECRETO \u201cINTERCETTAZIONI\u201d - Staging Avviso Pubblico","robots":{"index":"noindex","follow":"follow","max-snippet":"max-snippet:-1","max-image-preview":"max-image-preview:large","max-video-preview":"max-video-preview:-1"},"og_locale":"it_IT","og_type":"article","og_title":"DECRETO-LEGGE 105\/2023: DECRETO \u201cINTERCETTAZIONI\u201d - Staging Avviso Pubblico","og_description":"Il Decreto-Legge 10 Agosto 2023, n. 105, recante \u201cDisposizioni urgenti in materia di processo penale, di processo civile, di contrasto agli incendi boschivi, di recupero&nbsp;[&hellip;]Leggi tutto DECRETO-LEGGE 105\/2023: DECRETO \u201cINTERCETTAZIONI\u201d &rarr;","og_url":"https:\/\/welaikaadv.site\/avviso\/home\/cosa-facciamo\/informare\/osservatorio-parlamentare\/attivita-legislativa\/leggi-approvate\/decreto-legge-105-2023-decreto-intercettazioni\/","og_site_name":"Staging Avviso Pubblico","twitter_card":"summary_large_image","twitter_misc":{"Tempo di lettura stimato":"3 minuti"},"schema":{"@context":"https:\/\/schema.org","@graph":[{"@type":"WebPage","@id":"https:\/\/welaikaadv.site\/avviso\/home\/cosa-facciamo\/informare\/osservatorio-parlamentare\/attivita-legislativa\/leggi-approvate\/decreto-legge-105-2023-decreto-intercettazioni\/","url":"https:\/\/welaikaadv.site\/avviso\/home\/cosa-facciamo\/informare\/osservatorio-parlamentare\/attivita-legislativa\/leggi-approvate\/decreto-legge-105-2023-decreto-intercettazioni\/","name":"DECRETO-LEGGE 105\/2023: DECRETO \u201cINTERCETTAZIONI\u201d - Staging Avviso Pubblico","isPartOf":{"@id":"https:\/\/welaikaadv.site\/avviso\/#website"},"datePublished":"2023-08-21T08:17:38+00:00","breadcrumb":{"@id":"https:\/\/welaikaadv.site\/avviso\/home\/cosa-facciamo\/informare\/osservatorio-parlamentare\/attivita-legislativa\/leggi-approvate\/decreto-legge-105-2023-decreto-intercettazioni\/#breadcrumb"},"inLanguage":"it-IT","potentialAction":[{"@type":"ReadAction","target":["https:\/\/welaikaadv.site\/avviso\/home\/cosa-facciamo\/informare\/osservatorio-parlamentare\/attivita-legislativa\/leggi-approvate\/decreto-legge-105-2023-decreto-intercettazioni\/"]}]},{"@type":"BreadcrumbList","@id":"https:\/\/welaikaadv.site\/avviso\/home\/cosa-facciamo\/informare\/osservatorio-parlamentare\/attivita-legislativa\/leggi-approvate\/decreto-legge-105-2023-decreto-intercettazioni\/#breadcrumb","itemListElement":[{"@type":"ListItem","position":1,"name":"Home","item":"https:\/\/welaikaadv.site\/avviso\/"},{"@type":"ListItem","position":2,"name":"DECRETO-LEGGE 105\/2023: DECRETO \u201cINTERCETTAZIONI\u201d"}]},{"@type":"WebSite","@id":"https:\/\/welaikaadv.site\/avviso\/#website","url":"https:\/\/welaikaadv.site\/avviso\/","name":"Staging Avviso Pubblico","description":"","publisher":{"@id":"https:\/\/welaikaadv.site\/avviso\/#organization"},"potentialAction":[{"@type":"SearchAction","target":{"@type":"EntryPoint","urlTemplate":"https:\/\/welaikaadv.site\/avviso\/?s={search_term_string}"},"query-input":{"@type":"PropertyValueSpecification","valueRequired":true,"valueName":"search_term_string"}}],"inLanguage":"it-IT"},{"@type":"Organization","@id":"https:\/\/welaikaadv.site\/avviso\/#organization","name":"Staging Avviso Pubblico","url":"https:\/\/welaikaadv.site\/avviso\/","logo":{"@type":"ImageObject","inLanguage":"it-IT","@id":"https:\/\/welaikaadv.site\/avviso\/#\/schema\/logo\/image\/","url":"https:\/\/welaikaadv.site\/avviso\/wp-content\/uploads\/2024\/08\/logoAPsito-400.png","contentUrl":"https:\/\/welaikaadv.site\/avviso\/wp-content\/uploads\/2024\/08\/logoAPsito-400.png","width":400,"height":97,"caption":"Staging Avviso Pubblico"},"image":{"@id":"https:\/\/welaikaadv.site\/avviso\/#\/schema\/logo\/image\/"}}]}},"_links":{"self":[{"href":"https:\/\/welaikaadv.site\/avviso\/wp-json\/wp\/v2\/pages\/54742","targetHints":{"allow":["GET"]}}],"collection":[{"href":"https:\/\/welaikaadv.site\/avviso\/wp-json\/wp\/v2\/pages"}],"about":[{"href":"https:\/\/welaikaadv.site\/avviso\/wp-json\/wp\/v2\/types\/page"}],"author":[{"embeddable":true,"href":"https:\/\/welaikaadv.site\/avviso\/wp-json\/wp\/v2\/users\/1"}],"replies":[{"embeddable":true,"href":"https:\/\/welaikaadv.site\/avviso\/wp-json\/wp\/v2\/comments?post=54742"}],"version-history":[{"count":0,"href":"https:\/\/welaikaadv.site\/avviso\/wp-json\/wp\/v2\/pages\/54742\/revisions"}],"up":[{"embeddable":true,"href":"https:\/\/welaikaadv.site\/avviso\/wp-json\/wp\/v2\/pages\/2575"}],"wp:attachment":[{"href":"https:\/\/welaikaadv.site\/avviso\/wp-json\/wp\/v2\/media?parent=54742"}],"curies":[{"name":"wp","href":"https:\/\/api.w.org\/{rel}","templated":true}]}}