{"id":55365,"date":"2023-10-16T09:48:57","date_gmt":"2023-10-16T07:48:57","guid":{"rendered":"https:\/\/www.avvisopubblico.it\/home\/?page_id=55365"},"modified":"2023-10-16T09:48:57","modified_gmt":"2023-10-16T07:48:57","slug":"legge-137-2023-conversione-dl-105-2023-in-tema-di-intercettazioni","status":"publish","type":"page","link":"https:\/\/welaikaadv.site\/avviso\/home\/cosa-facciamo\/informare\/osservatorio-parlamentare\/attivita-legislativa\/leggi-approvate\/legge-137-2023-conversione-dl-105-2023-in-tema-di-intercettazioni\/","title":{"rendered":"Legge 137\/2023: Conversione DL 105\/2023 in tema di intercettazioni"},"content":{"rendered":"<p>\u00c8 stato pubblicato in Gazzetta Ufficiale il testo, coordinato con le modifiche intervenute in sede di conversione, del decreto-legge 10 agosto 2023, n. 105 recante \u201cDisposizioni urgenti in materia di processo penale, di processo civile, di contrasto agli incendi boschivi, di recupero dalle tossicodipendenze, di salute e di cultura, nonch\u00e9 in materia di personale della magistratura e della pubblica amministrazione\u201d (<a href=\"https:\/\/www.gazzettaufficiale.it\/atto\/serie_generale\/caricaDettaglioAtto\/originario?atto.dataPubblicazioneGazzetta=2023-10-09&amp;atto.codiceRedazionale=23A05601&amp;elenco30giorni=true\">Legge 137\/2023<\/a>).<\/p>\n<p>Tra i punti del decreto, come convertito, in tema di intercettazioni si segnala l\u2019estensione di quanto gi\u00e0 \u00e8 previsto per i delitti di criminalit\u00e0 organizzata anche ai procedimenti per i delitti di traffico illecito di rifiuti e di sequestro di persona a scopo di estorsione e per i delitti commessi con finalit\u00e0 di terrorismo o avvalendosi delle condizioni previste dall\u2019articolo 416-bis del codice penale o al fine di agevolare l\u2019attivit\u00e0 delle associazioni mafiose. Si segnalano anche interventi per circostanziare l\u2019utilizzo delle intercettazioni (si prevede la motivazione del ricorso alle intercettazioni con autonoma valutazione del giudice e in concreto) e alcuni limiti alla loro trascrizione (ad esempio, per fatti e circostanze afferenti alla vita privata degli interlocutori).<\/p>\n<p><u>L\u2019iter di approvazione<\/u>. Le Commissioni riunite I Affari costituzionali e II Giustizia della Camera hanno avviato, nella seduta del\u00a0<a href=\"https:\/\/www.camera.it\/leg19\/824?tipo=C&amp;anno=2023&amp;mese=09&amp;giorno=06&amp;view=&amp;commissione=0102&amp;pagina=data.20230906.com0102.bollettino.sede00010.tit00010#data.20230906.com0102.bollettino.sede00010.tit00010\">6 Settembre<\/a>, l\u2019analisi della conversione del DL\u00a0<a href=\"https:\/\/welaikaadv.site\/avviso\/home\/cosa-facciamo\/informare\/osservatorio-parlamentare\/attivita-legislativa\/leggi-approvate\/decreto-legge-105-2023-decreto-intercettazioni\/\">105\/2023<\/a>\u00a0che, tra le altre cose, era intervenuto sul regime delle intercettazioni prevedendo l\u2019estensione di quanto previsto sul tema dall\u2019art. 13 del DL 152\/1991 per i delitti di criminalit\u00e0 organizzata anche ai procedimenti per i delitti previsti dagli articoli 452-quaterdecies (attivit\u00e0 organizzate per il traffico illecito di rifiuti) e 630 (sequestro di persona a scopo di estorsione) del codice penale, ovvero commessi con finalit\u00e0 di terrorismo o avvalendosi delle condizioni previste dall\u2019articolo 416-bis del codice penale o al fine di agevolare l\u2019attivit\u00e0 delle associazioni previste dallo stesso articolo. La Commissione ha stabilito che nelle sedute di luned\u00ec 11 e marted\u00ec 12 settembre si svolger\u00e0 un ciclo di audizioni sul decreto in esame.<\/p>\n<p><em><a href=\"http:\/\/documenti.camera.it\/leg19\/dossier\/Pdf\/D23105.pdf\">Qui<\/a><\/em><em>\u00a0<\/em><em>il dossier del Servizio Studi.\u00a0<\/em><\/p>\n<p>Nella seduta dell\u2019<a href=\"http:\/\/documenti.camera.it\/leg19\/resoconti\/commissioni\/bollettini\/pdf\/2023\/09\/11\/leg.19.bol0163.data20230911.pdf\">11 Settembre<\/a>, le Commissioni riunite I Affari Costituzionali e II Giustizia della Camera, nell\u2019ambito dell\u2019iter di conversione del DL 105\/2023, hanno svolto le audizioni informali di Legambiente, del Wwf, di Sandro Pieroni, Dirigente responsabile del settore forestazione e antincendio della Regione Toscana, di Filippo Anelli, presidente della Federazione Nazionale degli Ordini dei Medici Chirurghi e Odontoiatri, di Gian Domenico Caiazza, Presidente dell&#8217;Unione delle Camere Penali Italiane, di Tommaso Palombo, presidente dell&#8217;associazione Italian Lawful Interception &amp; Intelligence Association, di rappresentanti di Comunitalia, della Comunit\u00e0 di Capodarco e della Fondazione ERIS, di Lorenza Violini, ordinaria di diritto costituzionale presso l&#8217;Universit\u00e0 di Milano e di Massimiliano Zane, consulente in economia della cultura. Nella seduta del\u00a0<a href=\"http:\/\/documenti.camera.it\/leg19\/resoconti\/commissioni\/bollettini\/html\/2023\/09\/12\/0102\/comunic.htm#data.20230912.com0102.bollettino.sede00010.tit00030\">12 Settembre<\/a>\u00a0si sono svolte le audizioni di Ida Nicotra, professoressa ordinaria di diritto costituzionale all&#8217;Universit\u00e0 di Catania, di Sergio De Montis, Procuratore aggiunto presso la Procura di Palermo, di Grazia Ofelia Cesaro, presidente dell&#8217;Unione Nazionale Camere Minorili (UNCM), di Ginevra Cerrina Feroni, professoressa ordinaria di diritto comparato presso l&#8217;Universit\u00e0 di Firenze, di Edoardo Raffiotta, professore associato di diritto costituzionale presso l&#8217;Universit\u00e0 di Milano-Bicocca, di Lorenzo Casini, professore ordinario di diritto amministrativo presso la Scuola IMT Alti Studi di Lucca, di Fabrizio Siracusano, professore associato di diritto processuale penale all&#8217;Universit\u00e0 di Catania, di Gian Luigi Gatta, professore ordinario di diritto penale all&#8217;Universit\u00e0 Milano, di Gianni Melillo, Procuratore nazionale antimafia. Nella seduta del\u00a0<a href=\"https:\/\/www.camera.it\/leg19\/824?tipo=C&amp;anno=2023&amp;mese=09&amp;giorno=13&amp;view=&amp;commissione=0102&amp;pagina=data.20230913.com0102.bollettino.sede00010.tit00010#data.20230913.com0102.bollettino.sede00010.tit00010\">13 Settembre<\/a>\u00a0si \u00e8 preso atto che \u00e8 terminato il ciclo di audizioni programmato e l\u2019esame preliminare del provvedimento.<\/p>\n<p>Le Commissioni riunite I Affari costituzionali e II Giustizia della Camera, nella seduta del\u00a0<a href=\"http:\/\/documenti.camera.it\/leg19\/resoconti\/commissioni\/bollettini\/pdf\/2023\/09\/19\/leg.19.bol0168.data20230919.pdf\">19 Settembre<\/a>, hanno esaminato gli emendamenti presentati, dichiarandone inammissibili alcuni e fissando il termine per le richieste di riesame.\u00a0<a href=\"https:\/\/documenti.camera.it\/apps\/emendamenti\/getProposteEmendative.aspx?contenitorePortante=leg.19.eme.ac.1373&amp;tipoSeduta=1&amp;sedeEsame=referente&amp;urnTestoRiferimento=urn:leg:19:1373:null:null:com:0102:referente&amp;tipoListaEmendamenti=1\">Qui<\/a>l\u2019elenco degli emendamenti. Si segnala che sono stati dichiarati inammissibili alcuni emendamenti presentati in tema di gioco d\u2019azzardo rispetto all\u2019art. 7 dell\u2019attuale decreto. L\u2019esame delle proposte emendative non dichiarate inammissibili o non ritirate \u00e8 proseguito anche nelle sedute del\u00a0<a href=\"http:\/\/documenti.camera.it\/leg19\/resoconti\/commissioni\/bollettini\/html\/2023\/09\/20\/0102\/comunic.htm#data.20230920.com0102.bollettino.sede00020.tit00010\">20<\/a>\u00a0e del\u00a0<a href=\"https:\/\/www.camera.it\/leg19\/824?tipo=C&amp;anno=2023&amp;mese=09&amp;giorno=21&amp;view=&amp;commissione=0102&amp;pagina=data.20230921.com0102.bollettino.sede00010.tit00010#data.20230921.com0102.bollettino.sede00010.tit00010\">21<\/a>settembre.\u00a0<a href=\"https:\/\/www.camera.it\/leg19\/824?tipo=A&amp;anno=2023&amp;mese=09&amp;giorno=21&amp;view=&amp;commissione=0102#data.20230921.com0102.allegati.all00020\">Qui<\/a>\u00a0le proposte emendative approvate. Tra queste, si segnalano quelle relative all\u2019art. 1 in tema di intercettazioni, con alcuni interventi per circostanziarne l\u2019utilizzo (si prevede la motivazione del ricorso alle intercettazioni con autonoma valutazione del giudice e in concreto) e alcuni limiti alla loro trascrizione (ad esempio, per fatti e circostanze afferenti alla vita privata degli interlocutori). Sono stati invece respinti gli emendamenti sul cd. trojan.<\/p>\n<p>La Camera dei Deputati, nella seduta del\u00a0<a href=\"https:\/\/documenti.camera.it\/leg19\/resoconti\/assemblea\/html\/sed0167\/stenografico.pdf\">27 Settembre<\/a>\u00a0ha svolto la discussione sulle linee generali del DDL AC 1373 di conversione del Decreto-Legge 105\/2023 che contiene anche disposizioni in materia di giustizia, in particolare sul tema delle intercettazioni (estendendo quanto previsto dall\u2019art. 13 del DL 152\/1991 per i delitti di criminalit\u00e0 organizzata anche\u00a0ad alcune altre fattispecie, es. traffico di rifiuti). In Commissione, inoltre, erano stati approvati anche alcuni emendamenti che circostanziavano l\u2019utilizzo delle intercettazioni (motivazione del ricorso alle intercettazioni con autonoma valutazione del giudice e in concreto) e ponevano alcuni limiti alla loro trascrizione (ad esempio, per fatti e circostanze afferenti alla vita privata degli interlocutori). Nella seduta del 27 Settembre il Governo ha posto la questione di fiducia. Nella seduta del\u00a0<a href=\"https:\/\/documenti.camera.it\/leg19\/resoconti\/assemblea\/html\/sed0168\/stenografico.pdf\">28 Settembre<\/a>\u00a0la Camera ha approvato la fiducia. Il testo ora \u00e8 passato al Senato dove ha assunto la numerazione\u00a0<a href=\"https:\/\/www.senato.it\/leg\/19\/BGT\/Schede\/Ddliter\/57538.htm\">AS 897<\/a>.<\/p>\n<p>L\u2019Aula del Senato ha approvato, nella seduta del <a href=\"https:\/\/www.senato.it\/service\/PDF\/PDFServer\/BGT\/1389322.pdf\">4 Ottobre<\/a>, dopo un breve passaggio in Commissione, la conversione in legge del decreto-legge 10 agosto 2023, n. 105, recante disposizioni urgenti in materia di processo penale, di processo civile, di contrasto agli incendi boschivi, di recupero dalle tossicodipendenze, di salute e di cultura, nonch\u00e9 in materia di personale della magistratura e della pubblica amministrazione. Gli ordini del giorno e gli emendamenti sono stati dichiarati tutti preclusi.<\/p>\n","protected":false},"excerpt":{"rendered":"<p>\u00c8 stato pubblicato in Gazzetta Ufficiale il testo, coordinato con le modifiche intervenute in sede di conversione, del decreto-legge 10 agosto 2023, n. 105 recante&nbsp;<span class=\"hellipsis\">[&hellip;]<\/span><a class=\"more-link\" href=\"https:\/\/welaikaadv.site\/avviso\/home\/cosa-facciamo\/informare\/osservatorio-parlamentare\/attivita-legislativa\/leggi-approvate\/legge-137-2023-conversione-dl-105-2023-in-tema-di-intercettazioni\/\">Leggi tutto <span class=\"screen-reader-text\">Legge 137\/2023: Conversione DL 105\/2023 in tema di intercettazioni<\/span> <span class=\"meta-nav\" aria-hidden=\"true\">&rarr;<\/span><\/a><\/p>\n","protected":false},"author":1,"featured_media":0,"parent":2575,"menu_order":0,"comment_status":"closed","ping_status":"closed","template":"","meta":{"_acf_changed":false,"_exactmetrics_skip_tracking":false,"_exactmetrics_sitenote_active":false,"_exactmetrics_sitenote_note":"","_exactmetrics_sitenote_category":0,"wp_social_preview_title":"","wp_social_preview_description":"","wp_social_preview_image":0,"footnotes":""},"class_list":["post-55365","page","type-page","status-publish","hentry"],"acf":[],"yoast_head":"<!-- This site is optimized with the Yoast SEO plugin v27.2 - https:\/\/yoast.com\/product\/yoast-seo-wordpress\/ -->\n<title>Legge 137\/2023: Conversione DL 105\/2023 in tema di intercettazioni - Staging Avviso Pubblico<\/title>\n<meta name=\"robots\" content=\"noindex, follow, max-snippet:-1, max-image-preview:large, max-video-preview:-1\" \/>\n<meta property=\"og:locale\" content=\"it_IT\" \/>\n<meta property=\"og:type\" content=\"article\" \/>\n<meta property=\"og:title\" content=\"Legge 137\/2023: Conversione DL 105\/2023 in tema di intercettazioni - Staging Avviso Pubblico\" \/>\n<meta property=\"og:description\" content=\"\u00c8 stato pubblicato in Gazzetta Ufficiale il testo, coordinato con le modifiche intervenute in sede di conversione, del decreto-legge 10 agosto 2023, n. 105 recante&nbsp;[&hellip;]Leggi tutto Legge 137\/2023: Conversione DL 105\/2023 in tema di intercettazioni &rarr;\" \/>\n<meta property=\"og:url\" content=\"https:\/\/welaikaadv.site\/avviso\/home\/cosa-facciamo\/informare\/osservatorio-parlamentare\/attivita-legislativa\/leggi-approvate\/legge-137-2023-conversione-dl-105-2023-in-tema-di-intercettazioni\/\" \/>\n<meta property=\"og:site_name\" content=\"Staging Avviso Pubblico\" \/>\n<meta name=\"twitter:card\" content=\"summary_large_image\" \/>\n<meta name=\"twitter:label1\" content=\"Tempo di lettura stimato\" \/>\n\t<meta name=\"twitter:data1\" content=\"3 minuti\" \/>\n<script type=\"application\/ld+json\" class=\"yoast-schema-graph\">{\"@context\":\"https:\/\/schema.org\",\"@graph\":[{\"@type\":\"WebPage\",\"@id\":\"https:\/\/welaikaadv.site\/avviso\/home\/cosa-facciamo\/informare\/osservatorio-parlamentare\/attivita-legislativa\/leggi-approvate\/legge-137-2023-conversione-dl-105-2023-in-tema-di-intercettazioni\/\",\"url\":\"https:\/\/welaikaadv.site\/avviso\/home\/cosa-facciamo\/informare\/osservatorio-parlamentare\/attivita-legislativa\/leggi-approvate\/legge-137-2023-conversione-dl-105-2023-in-tema-di-intercettazioni\/\",\"name\":\"Legge 137\/2023: Conversione DL 105\/2023 in tema di intercettazioni - Staging Avviso Pubblico\",\"isPartOf\":{\"@id\":\"https:\/\/welaikaadv.site\/avviso\/#website\"},\"datePublished\":\"2023-10-16T07:48:57+00:00\",\"breadcrumb\":{\"@id\":\"https:\/\/welaikaadv.site\/avviso\/home\/cosa-facciamo\/informare\/osservatorio-parlamentare\/attivita-legislativa\/leggi-approvate\/legge-137-2023-conversione-dl-105-2023-in-tema-di-intercettazioni\/#breadcrumb\"},\"inLanguage\":\"it-IT\",\"potentialAction\":[{\"@type\":\"ReadAction\",\"target\":[\"https:\/\/welaikaadv.site\/avviso\/home\/cosa-facciamo\/informare\/osservatorio-parlamentare\/attivita-legislativa\/leggi-approvate\/legge-137-2023-conversione-dl-105-2023-in-tema-di-intercettazioni\/\"]}]},{\"@type\":\"BreadcrumbList\",\"@id\":\"https:\/\/welaikaadv.site\/avviso\/home\/cosa-facciamo\/informare\/osservatorio-parlamentare\/attivita-legislativa\/leggi-approvate\/legge-137-2023-conversione-dl-105-2023-in-tema-di-intercettazioni\/#breadcrumb\",\"itemListElement\":[{\"@type\":\"ListItem\",\"position\":1,\"name\":\"Home\",\"item\":\"https:\/\/welaikaadv.site\/avviso\/\"},{\"@type\":\"ListItem\",\"position\":2,\"name\":\"Legge 137\/2023: Conversione DL 105\/2023 in tema di intercettazioni\"}]},{\"@type\":\"WebSite\",\"@id\":\"https:\/\/welaikaadv.site\/avviso\/#website\",\"url\":\"https:\/\/welaikaadv.site\/avviso\/\",\"name\":\"Staging Avviso Pubblico\",\"description\":\"\",\"publisher\":{\"@id\":\"https:\/\/welaikaadv.site\/avviso\/#organization\"},\"potentialAction\":[{\"@type\":\"SearchAction\",\"target\":{\"@type\":\"EntryPoint\",\"urlTemplate\":\"https:\/\/welaikaadv.site\/avviso\/?s={search_term_string}\"},\"query-input\":{\"@type\":\"PropertyValueSpecification\",\"valueRequired\":true,\"valueName\":\"search_term_string\"}}],\"inLanguage\":\"it-IT\"},{\"@type\":\"Organization\",\"@id\":\"https:\/\/welaikaadv.site\/avviso\/#organization\",\"name\":\"Staging Avviso Pubblico\",\"url\":\"https:\/\/welaikaadv.site\/avviso\/\",\"logo\":{\"@type\":\"ImageObject\",\"inLanguage\":\"it-IT\",\"@id\":\"https:\/\/welaikaadv.site\/avviso\/#\/schema\/logo\/image\/\",\"url\":\"https:\/\/welaikaadv.site\/avviso\/wp-content\/uploads\/2024\/08\/logoAPsito-400.png\",\"contentUrl\":\"https:\/\/welaikaadv.site\/avviso\/wp-content\/uploads\/2024\/08\/logoAPsito-400.png\",\"width\":400,\"height\":97,\"caption\":\"Staging Avviso Pubblico\"},\"image\":{\"@id\":\"https:\/\/welaikaadv.site\/avviso\/#\/schema\/logo\/image\/\"}}]}<\/script>\n<!-- \/ Yoast SEO plugin. -->","yoast_head_json":{"title":"Legge 137\/2023: Conversione DL 105\/2023 in tema di intercettazioni - Staging Avviso Pubblico","robots":{"index":"noindex","follow":"follow","max-snippet":"max-snippet:-1","max-image-preview":"max-image-preview:large","max-video-preview":"max-video-preview:-1"},"og_locale":"it_IT","og_type":"article","og_title":"Legge 137\/2023: Conversione DL 105\/2023 in tema di intercettazioni - Staging Avviso Pubblico","og_description":"\u00c8 stato pubblicato in Gazzetta Ufficiale il testo, coordinato con le modifiche intervenute in sede di conversione, del decreto-legge 10 agosto 2023, n. 105 recante&nbsp;[&hellip;]Leggi tutto Legge 137\/2023: Conversione DL 105\/2023 in tema di intercettazioni &rarr;","og_url":"https:\/\/welaikaadv.site\/avviso\/home\/cosa-facciamo\/informare\/osservatorio-parlamentare\/attivita-legislativa\/leggi-approvate\/legge-137-2023-conversione-dl-105-2023-in-tema-di-intercettazioni\/","og_site_name":"Staging Avviso Pubblico","twitter_card":"summary_large_image","twitter_misc":{"Tempo di lettura stimato":"3 minuti"},"schema":{"@context":"https:\/\/schema.org","@graph":[{"@type":"WebPage","@id":"https:\/\/welaikaadv.site\/avviso\/home\/cosa-facciamo\/informare\/osservatorio-parlamentare\/attivita-legislativa\/leggi-approvate\/legge-137-2023-conversione-dl-105-2023-in-tema-di-intercettazioni\/","url":"https:\/\/welaikaadv.site\/avviso\/home\/cosa-facciamo\/informare\/osservatorio-parlamentare\/attivita-legislativa\/leggi-approvate\/legge-137-2023-conversione-dl-105-2023-in-tema-di-intercettazioni\/","name":"Legge 137\/2023: Conversione DL 105\/2023 in tema di intercettazioni - Staging Avviso Pubblico","isPartOf":{"@id":"https:\/\/welaikaadv.site\/avviso\/#website"},"datePublished":"2023-10-16T07:48:57+00:00","breadcrumb":{"@id":"https:\/\/welaikaadv.site\/avviso\/home\/cosa-facciamo\/informare\/osservatorio-parlamentare\/attivita-legislativa\/leggi-approvate\/legge-137-2023-conversione-dl-105-2023-in-tema-di-intercettazioni\/#breadcrumb"},"inLanguage":"it-IT","potentialAction":[{"@type":"ReadAction","target":["https:\/\/welaikaadv.site\/avviso\/home\/cosa-facciamo\/informare\/osservatorio-parlamentare\/attivita-legislativa\/leggi-approvate\/legge-137-2023-conversione-dl-105-2023-in-tema-di-intercettazioni\/"]}]},{"@type":"BreadcrumbList","@id":"https:\/\/welaikaadv.site\/avviso\/home\/cosa-facciamo\/informare\/osservatorio-parlamentare\/attivita-legislativa\/leggi-approvate\/legge-137-2023-conversione-dl-105-2023-in-tema-di-intercettazioni\/#breadcrumb","itemListElement":[{"@type":"ListItem","position":1,"name":"Home","item":"https:\/\/welaikaadv.site\/avviso\/"},{"@type":"ListItem","position":2,"name":"Legge 137\/2023: Conversione DL 105\/2023 in tema di intercettazioni"}]},{"@type":"WebSite","@id":"https:\/\/welaikaadv.site\/avviso\/#website","url":"https:\/\/welaikaadv.site\/avviso\/","name":"Staging Avviso Pubblico","description":"","publisher":{"@id":"https:\/\/welaikaadv.site\/avviso\/#organization"},"potentialAction":[{"@type":"SearchAction","target":{"@type":"EntryPoint","urlTemplate":"https:\/\/welaikaadv.site\/avviso\/?s={search_term_string}"},"query-input":{"@type":"PropertyValueSpecification","valueRequired":true,"valueName":"search_term_string"}}],"inLanguage":"it-IT"},{"@type":"Organization","@id":"https:\/\/welaikaadv.site\/avviso\/#organization","name":"Staging Avviso Pubblico","url":"https:\/\/welaikaadv.site\/avviso\/","logo":{"@type":"ImageObject","inLanguage":"it-IT","@id":"https:\/\/welaikaadv.site\/avviso\/#\/schema\/logo\/image\/","url":"https:\/\/welaikaadv.site\/avviso\/wp-content\/uploads\/2024\/08\/logoAPsito-400.png","contentUrl":"https:\/\/welaikaadv.site\/avviso\/wp-content\/uploads\/2024\/08\/logoAPsito-400.png","width":400,"height":97,"caption":"Staging Avviso Pubblico"},"image":{"@id":"https:\/\/welaikaadv.site\/avviso\/#\/schema\/logo\/image\/"}}]}},"_links":{"self":[{"href":"https:\/\/welaikaadv.site\/avviso\/wp-json\/wp\/v2\/pages\/55365","targetHints":{"allow":["GET"]}}],"collection":[{"href":"https:\/\/welaikaadv.site\/avviso\/wp-json\/wp\/v2\/pages"}],"about":[{"href":"https:\/\/welaikaadv.site\/avviso\/wp-json\/wp\/v2\/types\/page"}],"author":[{"embeddable":true,"href":"https:\/\/welaikaadv.site\/avviso\/wp-json\/wp\/v2\/users\/1"}],"replies":[{"embeddable":true,"href":"https:\/\/welaikaadv.site\/avviso\/wp-json\/wp\/v2\/comments?post=55365"}],"version-history":[{"count":0,"href":"https:\/\/welaikaadv.site\/avviso\/wp-json\/wp\/v2\/pages\/55365\/revisions"}],"up":[{"embeddable":true,"href":"https:\/\/welaikaadv.site\/avviso\/wp-json\/wp\/v2\/pages\/2575"}],"wp:attachment":[{"href":"https:\/\/welaikaadv.site\/avviso\/wp-json\/wp\/v2\/media?parent=55365"}],"curies":[{"name":"wp","href":"https:\/\/api.w.org\/{rel}","templated":true}]}}