{"id":55657,"date":"2023-11-09T11:10:52","date_gmt":"2023-11-09T10:10:52","guid":{"rendered":"https:\/\/www.avvisopubblico.it\/home\/?page_id=55657"},"modified":"2023-11-09T11:10:52","modified_gmt":"2023-11-09T10:10:52","slug":"il-tar-veneto-in-due-sentenze-conferma-i-limiti-orari-introdotti-nei-comuni-di-bassano-del-grappa-vi-e-di-tezze-sul-brenta-vi","status":"publish","type":"page","link":"https:\/\/welaikaadv.site\/avviso\/home\/cosa-facciamo\/informare\/documenti-tematici\/gioco-dazzardo\/il-tar-veneto-in-due-sentenze-conferma-i-limiti-orari-introdotti-nei-comuni-di-bassano-del-grappa-vi-e-di-tezze-sul-brenta-vi\/","title":{"rendered":"Il Tar Veneto, in due sentenze, conferma i limiti orari introdotti nei comuni di Bassano del Grappa (Vi) e di Tezze sul Brenta (Vi)"},"content":{"rendered":"<p><strong>Premessa<\/strong>. La Regione Veneto, con la <a href=\"https:\/\/welaikaadv.site\/avviso\/home\/cosa-facciamo\/informare\/documenti-tematici\/gioco-dazzardo\/legge-della-regione-veneto-sulla-prevenzione-e-la-cura-del-disturbo-da-gioco-dazzardo-patologico\/\">Legge Regionale 38\/2019<\/a> e, poi, con la Delibera di Giunta 2006\/2019, ha introdotto tre fasce orarie di interruzione del gioco su tutto il territorio regionale (7:00-9:00, 13:00-15:00, 18:00-20:00), stabilendo altres\u00ec che i Comuni possono aggiungere alle fasce di interruzione anche ulteriori fasce orarie di chiusura, anche in relazione alla situazione locale.<\/p>\n<p>I Comuni di Bassano del Grappa e di Tezze sul Brenta (Vicenza) sono intervenuti con due ordinanze con cui hanno introdotto ulteriori fasce orarie di limitazione. Alcuni gestori del gioco hanno presentato ricorso avverso questi provvedimenti. Il TAR Veneto si \u00e8 pronunciato, confermando le discipline comunali, con le sentenze <a href=\"https:\/\/portali.giustizia-amministrativa.it\/portale\/pages\/istituzionale\/visualizza\/?nodeRef=&amp;schema=tar_ve&amp;nrg=202001190&amp;nomeFile=202301523_01.html&amp;subDir=Provvedimenti\">1523\/2023<\/a>e <a href=\"https:\/\/portali.giustizia-amministrativa.it\/portale\/pages\/istituzionale\/visualizza\/?nodeRef=&amp;schema=tar_ve&amp;nrg=202001201&amp;nomeFile=202301539_01.html&amp;subDir=Provvedimenti\">1539\/2023<\/a> che qui si analizzano congiuntamente. <a href=\"https:\/\/welaikaadv.site\/avviso\/home\/cosa-facciamo\/informare\/documenti-tematici\/gioco-dazzardo\/il-tar-veneto-conferma-la-disciplina-oraria-del-comune-di-bassano-del-grappa-vi\/\">Qui<\/a> la scheda di sintesi di un\u2019altra recente pronuncia del TAR sull\u2019ordinanza di Bassano.<\/p>\n<p>Gli operatori del settore del gioco presentano, in sostanza, due principali contestazioni: una relativa all\u2019asserita difformit\u00e0 delle due normative comunali rispetto all\u2019Intesa in Conferenza Unificata del 2017, l\u2019altra rispetto a pretese carenze istruttorie all\u2019origine dei provvedimenti. Il TAR le respinge entrambe con motivazioni che di seguito si sintetizzano.<\/p>\n<p><strong>L\u2019Intesa<\/strong>. Con riferimento al primo profilo, i giudici del TAR Veneto innanzitutto ribadiscono quanto gi\u00e0 detto in molteplici occasioni, ossia che l\u2019Intesa \u00e8 nata come atto prodromico all&#8217;esercizio del potere statale di coordinamento ed indirizzo in materia di gioco e che, non essendo stato esercitato tale potere (e quindi non essendo stati recepiti, in un decreto ministeriale, i contenuti dell\u2019Intesa stessa), l\u2019Intesa deve ritenersi priva di efficacia cogente. In altri termini, una disciplina comunale non pu\u00f2 essere annullata per violazione di un provvedimento privo di un valore vincolante.<\/p>\n<p>Dall\u2019Intesa, semmai, si pu\u00f2 trarre, secondo i giudici, la considerazione che \u00e8 divenuto principio generale la qualificazione dello strumento dei limiti orari come \u201cstrumento di lotta al fenomeno della ludopatia\u201d.<\/p>\n<p><strong>L\u2019Intesa e la Legge Regionale (art. 8)<\/strong>. Sul piano, invece, dei rapporti tra Intesa e Legge regionale, posto che quest\u2019ultima la cita all\u2019art. 8, il TAR esclude qualsivoglia forma di \u201clegificazione\u201d, da parte del Veneto, dei contenuti dell\u2019atto della Conferenza Unificata. Vale specialmente per la materia dei limiti orari: \u00e8 stata la Corte costituzionale, in primo luogo, a sciogliere ogni dubbio circa il potere sindacale (tramite ordinanza) di disciplinare gli orari degli apparecchi da gioco (sent. 220\/2014): \u201csecondo una interpretazione costituzionalmente orientata della legge regionale (\u2026) non pu\u00f2 ritenersi che in forza del generico richiamo all&#8217;Intesa, contenuto all&#8217;art. 8, la Regione abbia inteso \u2018avocare\u2019 a se\u0301 un potere che, come ricordato dalla Corte costituzionale n. 220 del 2014, e\u0300 attribuito ai Comuni\u201d.<\/p>\n<p>Resta fermo, secondo il TAR, che in capo ai Comuni, in primis per esigenze di tutela della salute pubblica, deve riconoscersi, secondo consolidata giurisprudenza, \u201cnon solo il potere, ma anche un vero e proprio obbligo di adottare interventi limitativi nella regolamentazione delle attivit\u00e0 di gioco\u201d.<\/p>\n<p>A chiarire gli ultimi dubbi valgono comunque i dettati normativi testuali tanto dell\u2019art. 8 della Legge regionale (i Comuni possono aggiungere alle fasce di interruzione anche ulteriori fasce orarie di chiusura, anche in relazione alla situazione locale) quanto dell\u2019Intesa stessa (punto 5: \u201cLe disposizioni specifiche in materia, previste in ogni Regione o Provincia autonoma, se prevedono una tutela maggiore, continueranno comunque ad esplicare la loro efficacia\u201d).<\/p>\n<p><strong>L\u2019istruttoria<\/strong>. L\u2019altro punto sollevato dai ricorrenti concerne l\u2019attivit\u00e0 istruttoria dei Comuni alla base dei limiti al gioco: attivit\u00e0 che \u00e8 stata considerata \u201cadeguata\u201d dal Collegio. Vale, in particolare, per la \u201cdettagliata e aggiornata\u201d relazione dell\u2019ULSS 7 Pedemontana, di cui i giudici sottolineano:<\/p>\n<ul>\n<li>il riscontro sull\u2019andamento e sulla presenza, rilevante, del fenomeno della ludopatia nei Comuni interessati e nell\u2019ambito territoriale di competenza dell\u2019ULSS 7;<\/li>\n<li>il preoccupante trend in aumento delle giocate nel territorio dei due Comuni;<\/li>\n<li>la considerazione che il dato della presa in carico presso la ULSS da\u0300 comunque un\u2019idea \u201csottostimata\u201d del fenomeno della ludopatia, che tende a restare sommerso ed e\u0300 connotato da una notevole cifra oscura, in quanto molti soggetti ludopatici non si rivolgono alle strutture sanitarie e ai servizi sociali.<\/li>\n<\/ul>\n<p>Il TAR Veneto valorizza, inoltre, la circostanza che la relazione dell\u2019ULSS 7 Pedemontana prende in esame un intero bacino d\u2019area. Dicono i giudici, infatti, che la lotta al fenomeno della ludopatia non pu\u00f2 \u201climitarsi alla situazione dei singoli Comuni, isolatamente considerati\u201d. Ci\u00f2 anche avuto \u201criguardo alla situazione socio-economica del Veneto, Regione caratterizzata da una miriade di piccoli e medi Comuni contigui, laddove quelli dell\u2019area della c.d. \u201cPedemontana\u201d (da cui il nome dell\u2019Ulss 7) vengono a costituire un bacino di utenza che, ai fini dell\u2019efficace contrasto al fenomeno in esame, non pu\u00f2 che essere considerato unitariamente\u201d.<\/p>\n<p>Del resto, sono stati gli stessi Sindaci dei 28 Comuni afferenti l\u2019ASL 7 Pedemontana ad \u201cadottare provvedimenti omogenei per tutto il comprensorio di competenza, distretto per distretto, per quanto riguarda gli orari di funzionamento, al fine di evitare fenomeni di migrazione verso Comuni limitrofi\u201d.<\/p>\n<p><strong>Il principio di ragionevolezza<\/strong>. Infine il TAR ribadisce come la prevista limitazione ad otto ore dell\u2019orario di funzionamento degli apparecchi di gioco lecito, deve considerarsi rispettosa anche del principio di proporzionalit\u00e0 rispetto all\u2019obiettivo perseguito, che non e\u0300 quello di eliminare ogni forma di dipendenza patologica dal gioco ma solo quello di prevenire, contrastare e ridurre tale rischio di dipendenza.<\/p>\n<p>I limiti orari sono in grado, secondo il Collegio, di realizzare un \u201cragionevole contemperamento degli interessi economici degli imprenditori del settore con l\u2019interesse pubblico a prevenire e contrastare fenomeni di patologia sociale connessi al gioco compulsivo\u201d, considerato anche che lo strumento dei limiti all\u2019orario di funzionamento degli apparecchi di gioco non preclude alle sale gioco di restare comunque aperte continuando ad offrire altri servizi negli orari in cui le apparecchiature devono restare spente.<\/p>\n","protected":false},"excerpt":{"rendered":"<p>Premessa. La Regione Veneto, con la Legge Regionale 38\/2019 e, poi, con la Delibera di Giunta 2006\/2019, ha introdotto tre fasce orarie di interruzione del&nbsp;<span class=\"hellipsis\">[&hellip;]<\/span><a class=\"more-link\" href=\"https:\/\/welaikaadv.site\/avviso\/home\/cosa-facciamo\/informare\/documenti-tematici\/gioco-dazzardo\/il-tar-veneto-in-due-sentenze-conferma-i-limiti-orari-introdotti-nei-comuni-di-bassano-del-grappa-vi-e-di-tezze-sul-brenta-vi\/\">Leggi tutto <span class=\"screen-reader-text\">Il Tar Veneto, in due sentenze, conferma i limiti orari introdotti nei comuni di Bassano del Grappa (Vi) e di Tezze sul Brenta (Vi)<\/span> <span class=\"meta-nav\" aria-hidden=\"true\">&rarr;<\/span><\/a><\/p>\n","protected":false},"author":1,"featured_media":0,"parent":202,"menu_order":160,"comment_status":"closed","ping_status":"closed","template":"","meta":{"_acf_changed":false,"_exactmetrics_skip_tracking":false,"_exactmetrics_sitenote_active":false,"_exactmetrics_sitenote_note":"","_exactmetrics_sitenote_category":0,"wp_social_preview_title":"","wp_social_preview_description":"","wp_social_preview_image":0,"footnotes":""},"class_list":["post-55657","page","type-page","status-publish","hentry"],"acf":[],"yoast_head":"<!-- This site is optimized with the Yoast SEO plugin v27.2 - https:\/\/yoast.com\/product\/yoast-seo-wordpress\/ -->\n<title>Il Tar Veneto, in due sentenze, conferma i limiti orari introdotti nei comuni di Bassano del Grappa (Vi) e di Tezze sul Brenta (Vi) - Staging Avviso Pubblico<\/title>\n<meta name=\"robots\" content=\"noindex, follow, max-snippet:-1, max-image-preview:large, max-video-preview:-1\" \/>\n<meta property=\"og:locale\" content=\"it_IT\" \/>\n<meta property=\"og:type\" content=\"article\" \/>\n<meta property=\"og:title\" content=\"Il Tar Veneto, in due sentenze, conferma i limiti orari introdotti nei comuni di Bassano del Grappa (Vi) e di Tezze sul Brenta (Vi) - Staging Avviso Pubblico\" \/>\n<meta property=\"og:description\" content=\"Premessa. La Regione Veneto, con la Legge Regionale 38\/2019 e, poi, con la Delibera di Giunta 2006\/2019, ha introdotto tre fasce orarie di interruzione del&nbsp;[&hellip;]Leggi tutto Il Tar Veneto, in due sentenze, conferma i limiti orari introdotti nei comuni di Bassano del Grappa (Vi) e di Tezze sul Brenta (Vi) &rarr;\" \/>\n<meta property=\"og:url\" content=\"https:\/\/welaikaadv.site\/avviso\/home\/cosa-facciamo\/informare\/documenti-tematici\/gioco-dazzardo\/il-tar-veneto-in-due-sentenze-conferma-i-limiti-orari-introdotti-nei-comuni-di-bassano-del-grappa-vi-e-di-tezze-sul-brenta-vi\/\" \/>\n<meta property=\"og:site_name\" content=\"Staging Avviso Pubblico\" \/>\n<meta name=\"twitter:card\" content=\"summary_large_image\" \/>\n<meta name=\"twitter:label1\" content=\"Tempo di lettura stimato\" \/>\n\t<meta name=\"twitter:data1\" content=\"11 minuti\" \/>\n<script type=\"application\/ld+json\" class=\"yoast-schema-graph\">{\"@context\":\"https:\/\/schema.org\",\"@graph\":[{\"@type\":\"WebPage\",\"@id\":\"https:\/\/welaikaadv.site\/avviso\/home\/cosa-facciamo\/informare\/documenti-tematici\/gioco-dazzardo\/il-tar-veneto-in-due-sentenze-conferma-i-limiti-orari-introdotti-nei-comuni-di-bassano-del-grappa-vi-e-di-tezze-sul-brenta-vi\/\",\"url\":\"https:\/\/welaikaadv.site\/avviso\/home\/cosa-facciamo\/informare\/documenti-tematici\/gioco-dazzardo\/il-tar-veneto-in-due-sentenze-conferma-i-limiti-orari-introdotti-nei-comuni-di-bassano-del-grappa-vi-e-di-tezze-sul-brenta-vi\/\",\"name\":\"Il Tar Veneto, in due sentenze, conferma i limiti orari introdotti nei comuni di Bassano del Grappa (Vi) e di Tezze sul Brenta (Vi) - Staging Avviso Pubblico\",\"isPartOf\":{\"@id\":\"https:\/\/welaikaadv.site\/avviso\/#website\"},\"datePublished\":\"2023-11-09T10:10:52+00:00\",\"breadcrumb\":{\"@id\":\"https:\/\/welaikaadv.site\/avviso\/home\/cosa-facciamo\/informare\/documenti-tematici\/gioco-dazzardo\/il-tar-veneto-in-due-sentenze-conferma-i-limiti-orari-introdotti-nei-comuni-di-bassano-del-grappa-vi-e-di-tezze-sul-brenta-vi\/#breadcrumb\"},\"inLanguage\":\"it-IT\",\"potentialAction\":[{\"@type\":\"ReadAction\",\"target\":[\"https:\/\/welaikaadv.site\/avviso\/home\/cosa-facciamo\/informare\/documenti-tematici\/gioco-dazzardo\/il-tar-veneto-in-due-sentenze-conferma-i-limiti-orari-introdotti-nei-comuni-di-bassano-del-grappa-vi-e-di-tezze-sul-brenta-vi\/\"]}]},{\"@type\":\"BreadcrumbList\",\"@id\":\"https:\/\/welaikaadv.site\/avviso\/home\/cosa-facciamo\/informare\/documenti-tematici\/gioco-dazzardo\/il-tar-veneto-in-due-sentenze-conferma-i-limiti-orari-introdotti-nei-comuni-di-bassano-del-grappa-vi-e-di-tezze-sul-brenta-vi\/#breadcrumb\",\"itemListElement\":[{\"@type\":\"ListItem\",\"position\":1,\"name\":\"Home\",\"item\":\"https:\/\/welaikaadv.site\/avviso\/\"},{\"@type\":\"ListItem\",\"position\":2,\"name\":\"Il Tar Veneto, in due sentenze, conferma i limiti orari introdotti nei comuni di Bassano del Grappa (Vi) e di Tezze sul Brenta (Vi)\"}]},{\"@type\":\"WebSite\",\"@id\":\"https:\/\/welaikaadv.site\/avviso\/#website\",\"url\":\"https:\/\/welaikaadv.site\/avviso\/\",\"name\":\"Staging Avviso Pubblico\",\"description\":\"\",\"publisher\":{\"@id\":\"https:\/\/welaikaadv.site\/avviso\/#organization\"},\"potentialAction\":[{\"@type\":\"SearchAction\",\"target\":{\"@type\":\"EntryPoint\",\"urlTemplate\":\"https:\/\/welaikaadv.site\/avviso\/?s={search_term_string}\"},\"query-input\":{\"@type\":\"PropertyValueSpecification\",\"valueRequired\":true,\"valueName\":\"search_term_string\"}}],\"inLanguage\":\"it-IT\"},{\"@type\":\"Organization\",\"@id\":\"https:\/\/welaikaadv.site\/avviso\/#organization\",\"name\":\"Staging Avviso Pubblico\",\"url\":\"https:\/\/welaikaadv.site\/avviso\/\",\"logo\":{\"@type\":\"ImageObject\",\"inLanguage\":\"it-IT\",\"@id\":\"https:\/\/welaikaadv.site\/avviso\/#\/schema\/logo\/image\/\",\"url\":\"https:\/\/welaikaadv.site\/avviso\/wp-content\/uploads\/2024\/08\/logoAPsito-400.png\",\"contentUrl\":\"https:\/\/welaikaadv.site\/avviso\/wp-content\/uploads\/2024\/08\/logoAPsito-400.png\",\"width\":400,\"height\":97,\"caption\":\"Staging Avviso Pubblico\"},\"image\":{\"@id\":\"https:\/\/welaikaadv.site\/avviso\/#\/schema\/logo\/image\/\"}}]}<\/script>\n<!-- \/ Yoast SEO plugin. -->","yoast_head_json":{"title":"Il Tar Veneto, in due sentenze, conferma i limiti orari introdotti nei comuni di Bassano del Grappa (Vi) e di Tezze sul Brenta (Vi) - Staging Avviso Pubblico","robots":{"index":"noindex","follow":"follow","max-snippet":"max-snippet:-1","max-image-preview":"max-image-preview:large","max-video-preview":"max-video-preview:-1"},"og_locale":"it_IT","og_type":"article","og_title":"Il Tar Veneto, in due sentenze, conferma i limiti orari introdotti nei comuni di Bassano del Grappa (Vi) e di Tezze sul Brenta (Vi) - Staging Avviso Pubblico","og_description":"Premessa. La Regione Veneto, con la Legge Regionale 38\/2019 e, poi, con la Delibera di Giunta 2006\/2019, ha introdotto tre fasce orarie di interruzione del&nbsp;[&hellip;]Leggi tutto Il Tar Veneto, in due sentenze, conferma i limiti orari introdotti nei comuni di Bassano del Grappa (Vi) e di Tezze sul Brenta (Vi) &rarr;","og_url":"https:\/\/welaikaadv.site\/avviso\/home\/cosa-facciamo\/informare\/documenti-tematici\/gioco-dazzardo\/il-tar-veneto-in-due-sentenze-conferma-i-limiti-orari-introdotti-nei-comuni-di-bassano-del-grappa-vi-e-di-tezze-sul-brenta-vi\/","og_site_name":"Staging Avviso Pubblico","twitter_card":"summary_large_image","twitter_misc":{"Tempo di lettura stimato":"11 minuti"},"schema":{"@context":"https:\/\/schema.org","@graph":[{"@type":"WebPage","@id":"https:\/\/welaikaadv.site\/avviso\/home\/cosa-facciamo\/informare\/documenti-tematici\/gioco-dazzardo\/il-tar-veneto-in-due-sentenze-conferma-i-limiti-orari-introdotti-nei-comuni-di-bassano-del-grappa-vi-e-di-tezze-sul-brenta-vi\/","url":"https:\/\/welaikaadv.site\/avviso\/home\/cosa-facciamo\/informare\/documenti-tematici\/gioco-dazzardo\/il-tar-veneto-in-due-sentenze-conferma-i-limiti-orari-introdotti-nei-comuni-di-bassano-del-grappa-vi-e-di-tezze-sul-brenta-vi\/","name":"Il Tar Veneto, in due sentenze, conferma i limiti orari introdotti nei comuni di Bassano del Grappa (Vi) e di Tezze sul Brenta (Vi) - Staging Avviso Pubblico","isPartOf":{"@id":"https:\/\/welaikaadv.site\/avviso\/#website"},"datePublished":"2023-11-09T10:10:52+00:00","breadcrumb":{"@id":"https:\/\/welaikaadv.site\/avviso\/home\/cosa-facciamo\/informare\/documenti-tematici\/gioco-dazzardo\/il-tar-veneto-in-due-sentenze-conferma-i-limiti-orari-introdotti-nei-comuni-di-bassano-del-grappa-vi-e-di-tezze-sul-brenta-vi\/#breadcrumb"},"inLanguage":"it-IT","potentialAction":[{"@type":"ReadAction","target":["https:\/\/welaikaadv.site\/avviso\/home\/cosa-facciamo\/informare\/documenti-tematici\/gioco-dazzardo\/il-tar-veneto-in-due-sentenze-conferma-i-limiti-orari-introdotti-nei-comuni-di-bassano-del-grappa-vi-e-di-tezze-sul-brenta-vi\/"]}]},{"@type":"BreadcrumbList","@id":"https:\/\/welaikaadv.site\/avviso\/home\/cosa-facciamo\/informare\/documenti-tematici\/gioco-dazzardo\/il-tar-veneto-in-due-sentenze-conferma-i-limiti-orari-introdotti-nei-comuni-di-bassano-del-grappa-vi-e-di-tezze-sul-brenta-vi\/#breadcrumb","itemListElement":[{"@type":"ListItem","position":1,"name":"Home","item":"https:\/\/welaikaadv.site\/avviso\/"},{"@type":"ListItem","position":2,"name":"Il Tar Veneto, in due sentenze, conferma i limiti orari introdotti nei comuni di Bassano del Grappa (Vi) e di Tezze sul Brenta (Vi)"}]},{"@type":"WebSite","@id":"https:\/\/welaikaadv.site\/avviso\/#website","url":"https:\/\/welaikaadv.site\/avviso\/","name":"Staging Avviso Pubblico","description":"","publisher":{"@id":"https:\/\/welaikaadv.site\/avviso\/#organization"},"potentialAction":[{"@type":"SearchAction","target":{"@type":"EntryPoint","urlTemplate":"https:\/\/welaikaadv.site\/avviso\/?s={search_term_string}"},"query-input":{"@type":"PropertyValueSpecification","valueRequired":true,"valueName":"search_term_string"}}],"inLanguage":"it-IT"},{"@type":"Organization","@id":"https:\/\/welaikaadv.site\/avviso\/#organization","name":"Staging Avviso Pubblico","url":"https:\/\/welaikaadv.site\/avviso\/","logo":{"@type":"ImageObject","inLanguage":"it-IT","@id":"https:\/\/welaikaadv.site\/avviso\/#\/schema\/logo\/image\/","url":"https:\/\/welaikaadv.site\/avviso\/wp-content\/uploads\/2024\/08\/logoAPsito-400.png","contentUrl":"https:\/\/welaikaadv.site\/avviso\/wp-content\/uploads\/2024\/08\/logoAPsito-400.png","width":400,"height":97,"caption":"Staging Avviso Pubblico"},"image":{"@id":"https:\/\/welaikaadv.site\/avviso\/#\/schema\/logo\/image\/"}}]}},"_links":{"self":[{"href":"https:\/\/welaikaadv.site\/avviso\/wp-json\/wp\/v2\/pages\/55657","targetHints":{"allow":["GET"]}}],"collection":[{"href":"https:\/\/welaikaadv.site\/avviso\/wp-json\/wp\/v2\/pages"}],"about":[{"href":"https:\/\/welaikaadv.site\/avviso\/wp-json\/wp\/v2\/types\/page"}],"author":[{"embeddable":true,"href":"https:\/\/welaikaadv.site\/avviso\/wp-json\/wp\/v2\/users\/1"}],"replies":[{"embeddable":true,"href":"https:\/\/welaikaadv.site\/avviso\/wp-json\/wp\/v2\/comments?post=55657"}],"version-history":[{"count":0,"href":"https:\/\/welaikaadv.site\/avviso\/wp-json\/wp\/v2\/pages\/55657\/revisions"}],"up":[{"embeddable":true,"href":"https:\/\/welaikaadv.site\/avviso\/wp-json\/wp\/v2\/pages\/202"}],"wp:attachment":[{"href":"https:\/\/welaikaadv.site\/avviso\/wp-json\/wp\/v2\/media?parent=55657"}],"curies":[{"name":"wp","href":"https:\/\/api.w.org\/{rel}","templated":true}]}}