{"id":55922,"date":"2023-11-22T12:33:55","date_gmt":"2023-11-22T11:33:55","guid":{"rendered":"https:\/\/www.avvisopubblico.it\/home\/?page_id=55922"},"modified":"2023-11-22T12:33:55","modified_gmt":"2023-11-22T11:33:55","slug":"audizione-del-ministro-dellambiente-presso-la-commissione-sul-ciclo-dei-rifiuti-xix-legislatura-14-novembre-2023","status":"publish","type":"page","link":"https:\/\/welaikaadv.site\/avviso\/home\/cosa-facciamo\/informare\/osservatorio-parlamentare\/attivita-dinchiesta\/le-commissioni-di-inchiesta-nella-xix-legislatura\/commissione-rifiuti-quadro-generale-dellattivita-xviii-legislatura\/audizione-del-ministro-dellambiente-presso-la-commissione-sul-ciclo-dei-rifiuti-xix-legislatura-14-novembre-2023\/","title":{"rendered":"Audizione del Ministro dell&#8217;Ambiente presso la Commissione sul ciclo dei rifiuti &#8211; XIX Legislatura (14 novembre 2023)"},"content":{"rendered":"<hr \/>\n<p class=\"p1\"><span class=\"s1\"><b>PREMESSA. <\/b><\/span>La Commissione parlamentare di inchiesta sulle attivit\u00e0 illecite connesse al ciclo dei rifiuti e su altri illeciti ambientali e agroalimentari,\u00a0<strong>il 14 novembre 2023<\/strong>, ha svolto l\u2019audizione del\u00a0<strong>Ministro dell\u2019Ambiente e della Sicurezza energetica, Gilberto Pichetto Fratin<\/strong>\u00a0(<a href=\"https:\/\/webtv.camera.it\/evento\/23741\">video dell&#8217;audizione<\/a><strong>)<\/strong>.<strong>\u00a0<\/strong><\/p>\n<p class=\"p1\">Di seguito si d\u00e0 sinteticamente conto dei principali temi affrontati.<\/p>\n<p>Il Ministro nel corso dell\u2019audizione ha esposto le azioni che dovranno essere intraprese per garantire la tutela e il miglioramento dell\u2019ambiente. La sostenibilit\u00e0, caposaldo del nostro ordinamento, sar\u00e0 il faro guida per l\u2019adozione di nuovi principi costituzionali e comunitari. Le tematiche ambientali hanno assunto sempre pi\u00f9 rilievo nel nostro ordinamento, grazie anche alle nuove normative recepite all\u2019interno del Codice dell\u2019Ambiente.<\/p>\n<p>Il Ministro Pichetto Fratin ha sottolineato come l\u2019attivit\u00e0 di questo governo sia orientata al raggiungimento di obiettivi ambientali, sia previsti dal nostro ordinamento, sia previsti dall\u2019Unione Europea, facendo buon uso delle risorse impiegate. In un\u2019ottica di tutela dell\u2019ambiente e della salute dei cittadini, il Ministro ha evidenziato l\u2019importanza dello strumento di vigilanza e controllo della gestione dei rifiuti effettuato con l\u2019aiuto dell\u2019istituto di ISPRA (Istituto superiore per la protezione e la ricerca ambientale). Assume quindi un ruolo fondamentale l\u2019attivit\u00e0 di ispezione delle imprese che trattano i rifiuti.<\/p>\n<p>Il MASE (Ministero dell\u2019Ambiente e della Sicurezza Energetica) supporter\u00e0 l\u2019attivit\u00e0 di vigilanza e controllo della gestione dei rifiuti formulando proposte migliorative e facendo ricorso a una piattaforma informatica che permette di recepire informazioni sui rifiuti che transitano sul nostro territorio, sia in entrata sia in uscita. L\u2019attivit\u00e0 di monitoraggio e gestione dei rifiuti \u00e8 demandata anche alle Regioni e Province con criteri specifici per la redazione e attuazione dei piani di gestione.<\/p>\n<p>Un altro aspetto importante che il Ministro ha rilevato \u00e8 la volont\u00e0 di fare in modo di reinserire i rifiuti nel ciclo produttivo, di trasformarli e favorire il ciclo dell\u2019economia circolare. Questa azione deriva dall\u2019esigenza di ridurre i rifiuti presenti sul nostro territorio ma anche dal fatto che operando in questo modo il business della criminalit\u00e0 organizzata si ridurrebbe notevolmente. Ad oggi si contano 192 progetti di economia circolare che prevedono anche interventi di ammodernamento degli impianti.<\/p>\n<p>Nel corso dell\u2019audizione, il Ministro Pichetto Fratin si \u00e8 soffermato sull\u2019imperativit\u00e0 della lotta alla criminalit\u00e0 organizzata dichiarando come recenti interventi di tracciabilit\u00e0 digitale siano stati effettuati proprio per arginare le infiltrazioni criminose. Il 7 novembre 2023 \u00e8 stato attivato un portale telematico, al quale hanno accesso le forze dell\u2019ordine, che permette di tracciare i rifiuti pi\u00f9 facilmente e quindi di effettuare un\u2019attivit\u00e0 maggiore di prevenzione.<\/p>\n<p>Nella seconda parte dell\u2019audizione il Ministro si \u00e8 concentrato sui rifiuti radioattivi, ad alta intensit\u00e0. Per questi ultimi \u00e8 previsto un programma di smantellamento coadiuvato dalla SOGIN (societ\u00e0 pubblica che si occupa della gestione dei rifiuti radioattivi) e un programma di ammodernamento dei siti di stoccaggio entro il 2042. Infine, sono state portate all\u2019attenzione altre tematiche quali i roghi dei rifiuti, la gestione degli pneumatici, la gestione dei rifiuti ospedalieri e delle materie plastiche. Il Ministro ha evidenziato come siano state intraprese diverse misure di contrasto per i roghi dei rifiuti, fenomeno specialmente presente nella regione Campania e come sia stato avviato un piano in via sperimentale per arginarlo. Per quanto concerne la gestione delle materie plastiche si prevede una riduzione del flusso dei rifiuti con un alto tasso di dispersione ambientale, e in accordo con la direttiva dell\u2019Unione Europea, una riduzione degli oggetti monouso.<\/p>\n<p class=\"p1\" style=\"text-align: right;\"><span class=\"s1\"><i>(a cura di <strong>Martina Maria Tenti<\/strong><\/i><i>)<\/i><\/span><\/p>\n","protected":false},"excerpt":{"rendered":"<p>PREMESSA. La Commissione parlamentare di inchiesta sulle attivit\u00e0 illecite connesse al ciclo dei rifiuti e su altri illeciti ambientali e agroalimentari,\u00a0il 14 novembre 2023, ha&nbsp;<span class=\"hellipsis\">[&hellip;]<\/span><a class=\"more-link\" href=\"https:\/\/welaikaadv.site\/avviso\/home\/cosa-facciamo\/informare\/osservatorio-parlamentare\/attivita-dinchiesta\/le-commissioni-di-inchiesta-nella-xix-legislatura\/commissione-rifiuti-quadro-generale-dellattivita-xviii-legislatura\/audizione-del-ministro-dellambiente-presso-la-commissione-sul-ciclo-dei-rifiuti-xix-legislatura-14-novembre-2023\/\">Leggi tutto <span class=\"screen-reader-text\">Audizione del Ministro dell&#8217;Ambiente presso la Commissione sul ciclo dei rifiuti &#8211; XIX Legislatura (14 novembre 2023)<\/span> <span class=\"meta-nav\" aria-hidden=\"true\">&rarr;<\/span><\/a><\/p>\n","protected":false},"author":1,"featured_media":0,"parent":52266,"menu_order":0,"comment_status":"closed","ping_status":"closed","template":"","meta":{"_acf_changed":false,"_exactmetrics_skip_tracking":false,"_exactmetrics_sitenote_active":false,"_exactmetrics_sitenote_note":"","_exactmetrics_sitenote_category":0,"wp_social_preview_title":"","wp_social_preview_description":"","wp_social_preview_image":0,"footnotes":""},"class_list":["post-55922","page","type-page","status-publish","hentry"],"acf":[],"yoast_head":"<!-- This site is optimized with the Yoast SEO plugin v27.2 - https:\/\/yoast.com\/product\/yoast-seo-wordpress\/ -->\n<title>Audizione del Ministro dell&#039;Ambiente presso la Commissione sul ciclo dei rifiuti - XIX Legislatura (14 novembre 2023) - Staging Avviso Pubblico<\/title>\n<meta name=\"robots\" content=\"noindex, follow, max-snippet:-1, max-image-preview:large, max-video-preview:-1\" \/>\n<meta property=\"og:locale\" content=\"it_IT\" \/>\n<meta property=\"og:type\" content=\"article\" \/>\n<meta property=\"og:title\" content=\"Audizione del Ministro dell&#039;Ambiente presso la Commissione sul ciclo dei rifiuti - XIX Legislatura (14 novembre 2023) - Staging Avviso Pubblico\" \/>\n<meta property=\"og:description\" content=\"PREMESSA. La Commissione parlamentare di inchiesta sulle attivit\u00e0 illecite connesse al ciclo dei rifiuti e su altri illeciti ambientali e agroalimentari,\u00a0il 14 novembre 2023, ha&nbsp;[&hellip;]Leggi tutto Audizione del Ministro dell&#8217;Ambiente presso la Commissione sul ciclo dei rifiuti &#8211; XIX Legislatura (14 novembre 2023) &rarr;\" \/>\n<meta property=\"og:url\" content=\"https:\/\/welaikaadv.site\/avviso\/home\/cosa-facciamo\/informare\/osservatorio-parlamentare\/attivita-dinchiesta\/le-commissioni-di-inchiesta-nella-xix-legislatura\/commissione-rifiuti-quadro-generale-dellattivita-xviii-legislatura\/audizione-del-ministro-dellambiente-presso-la-commissione-sul-ciclo-dei-rifiuti-xix-legislatura-14-novembre-2023\/\" \/>\n<meta property=\"og:site_name\" content=\"Staging Avviso Pubblico\" \/>\n<meta name=\"twitter:card\" content=\"summary_large_image\" \/>\n<meta name=\"twitter:label1\" content=\"Tempo di lettura stimato\" \/>\n\t<meta name=\"twitter:data1\" content=\"3 minuti\" \/>\n<script type=\"application\/ld+json\" class=\"yoast-schema-graph\">{\"@context\":\"https:\/\/schema.org\",\"@graph\":[{\"@type\":\"WebPage\",\"@id\":\"https:\/\/welaikaadv.site\/avviso\/home\/cosa-facciamo\/informare\/osservatorio-parlamentare\/attivita-dinchiesta\/le-commissioni-di-inchiesta-nella-xix-legislatura\/commissione-rifiuti-quadro-generale-dellattivita-xviii-legislatura\/audizione-del-ministro-dellambiente-presso-la-commissione-sul-ciclo-dei-rifiuti-xix-legislatura-14-novembre-2023\/\",\"url\":\"https:\/\/welaikaadv.site\/avviso\/home\/cosa-facciamo\/informare\/osservatorio-parlamentare\/attivita-dinchiesta\/le-commissioni-di-inchiesta-nella-xix-legislatura\/commissione-rifiuti-quadro-generale-dellattivita-xviii-legislatura\/audizione-del-ministro-dellambiente-presso-la-commissione-sul-ciclo-dei-rifiuti-xix-legislatura-14-novembre-2023\/\",\"name\":\"Audizione del Ministro dell'Ambiente presso la Commissione sul ciclo dei rifiuti - XIX Legislatura (14 novembre 2023) - Staging Avviso Pubblico\",\"isPartOf\":{\"@id\":\"https:\/\/welaikaadv.site\/avviso\/#website\"},\"datePublished\":\"2023-11-22T11:33:55+00:00\",\"breadcrumb\":{\"@id\":\"https:\/\/welaikaadv.site\/avviso\/home\/cosa-facciamo\/informare\/osservatorio-parlamentare\/attivita-dinchiesta\/le-commissioni-di-inchiesta-nella-xix-legislatura\/commissione-rifiuti-quadro-generale-dellattivita-xviii-legislatura\/audizione-del-ministro-dellambiente-presso-la-commissione-sul-ciclo-dei-rifiuti-xix-legislatura-14-novembre-2023\/#breadcrumb\"},\"inLanguage\":\"it-IT\",\"potentialAction\":[{\"@type\":\"ReadAction\",\"target\":[\"https:\/\/welaikaadv.site\/avviso\/home\/cosa-facciamo\/informare\/osservatorio-parlamentare\/attivita-dinchiesta\/le-commissioni-di-inchiesta-nella-xix-legislatura\/commissione-rifiuti-quadro-generale-dellattivita-xviii-legislatura\/audizione-del-ministro-dellambiente-presso-la-commissione-sul-ciclo-dei-rifiuti-xix-legislatura-14-novembre-2023\/\"]}]},{\"@type\":\"BreadcrumbList\",\"@id\":\"https:\/\/welaikaadv.site\/avviso\/home\/cosa-facciamo\/informare\/osservatorio-parlamentare\/attivita-dinchiesta\/le-commissioni-di-inchiesta-nella-xix-legislatura\/commissione-rifiuti-quadro-generale-dellattivita-xviii-legislatura\/audizione-del-ministro-dellambiente-presso-la-commissione-sul-ciclo-dei-rifiuti-xix-legislatura-14-novembre-2023\/#breadcrumb\",\"itemListElement\":[{\"@type\":\"ListItem\",\"position\":1,\"name\":\"Home\",\"item\":\"https:\/\/welaikaadv.site\/avviso\/\"},{\"@type\":\"ListItem\",\"position\":2,\"name\":\"Audizione del Ministro dell&#8217;Ambiente presso la Commissione sul ciclo dei rifiuti &#8211; XIX Legislatura (14 novembre 2023)\"}]},{\"@type\":\"WebSite\",\"@id\":\"https:\/\/welaikaadv.site\/avviso\/#website\",\"url\":\"https:\/\/welaikaadv.site\/avviso\/\",\"name\":\"Staging Avviso Pubblico\",\"description\":\"\",\"publisher\":{\"@id\":\"https:\/\/welaikaadv.site\/avviso\/#organization\"},\"potentialAction\":[{\"@type\":\"SearchAction\",\"target\":{\"@type\":\"EntryPoint\",\"urlTemplate\":\"https:\/\/welaikaadv.site\/avviso\/?s={search_term_string}\"},\"query-input\":{\"@type\":\"PropertyValueSpecification\",\"valueRequired\":true,\"valueName\":\"search_term_string\"}}],\"inLanguage\":\"it-IT\"},{\"@type\":\"Organization\",\"@id\":\"https:\/\/welaikaadv.site\/avviso\/#organization\",\"name\":\"Staging Avviso Pubblico\",\"url\":\"https:\/\/welaikaadv.site\/avviso\/\",\"logo\":{\"@type\":\"ImageObject\",\"inLanguage\":\"it-IT\",\"@id\":\"https:\/\/welaikaadv.site\/avviso\/#\/schema\/logo\/image\/\",\"url\":\"https:\/\/welaikaadv.site\/avviso\/wp-content\/uploads\/2024\/08\/logoAPsito-400.png\",\"contentUrl\":\"https:\/\/welaikaadv.site\/avviso\/wp-content\/uploads\/2024\/08\/logoAPsito-400.png\",\"width\":400,\"height\":97,\"caption\":\"Staging Avviso Pubblico\"},\"image\":{\"@id\":\"https:\/\/welaikaadv.site\/avviso\/#\/schema\/logo\/image\/\"}}]}<\/script>\n<!-- \/ Yoast SEO plugin. -->","yoast_head_json":{"title":"Audizione del Ministro dell'Ambiente presso la Commissione sul ciclo dei rifiuti - XIX Legislatura (14 novembre 2023) - Staging Avviso Pubblico","robots":{"index":"noindex","follow":"follow","max-snippet":"max-snippet:-1","max-image-preview":"max-image-preview:large","max-video-preview":"max-video-preview:-1"},"og_locale":"it_IT","og_type":"article","og_title":"Audizione del Ministro dell'Ambiente presso la Commissione sul ciclo dei rifiuti - XIX Legislatura (14 novembre 2023) - Staging Avviso Pubblico","og_description":"PREMESSA. La Commissione parlamentare di inchiesta sulle attivit\u00e0 illecite connesse al ciclo dei rifiuti e su altri illeciti ambientali e agroalimentari,\u00a0il 14 novembre 2023, ha&nbsp;[&hellip;]Leggi tutto Audizione del Ministro dell&#8217;Ambiente presso la Commissione sul ciclo dei rifiuti &#8211; XIX Legislatura (14 novembre 2023) &rarr;","og_url":"https:\/\/welaikaadv.site\/avviso\/home\/cosa-facciamo\/informare\/osservatorio-parlamentare\/attivita-dinchiesta\/le-commissioni-di-inchiesta-nella-xix-legislatura\/commissione-rifiuti-quadro-generale-dellattivita-xviii-legislatura\/audizione-del-ministro-dellambiente-presso-la-commissione-sul-ciclo-dei-rifiuti-xix-legislatura-14-novembre-2023\/","og_site_name":"Staging Avviso Pubblico","twitter_card":"summary_large_image","twitter_misc":{"Tempo di lettura stimato":"3 minuti"},"schema":{"@context":"https:\/\/schema.org","@graph":[{"@type":"WebPage","@id":"https:\/\/welaikaadv.site\/avviso\/home\/cosa-facciamo\/informare\/osservatorio-parlamentare\/attivita-dinchiesta\/le-commissioni-di-inchiesta-nella-xix-legislatura\/commissione-rifiuti-quadro-generale-dellattivita-xviii-legislatura\/audizione-del-ministro-dellambiente-presso-la-commissione-sul-ciclo-dei-rifiuti-xix-legislatura-14-novembre-2023\/","url":"https:\/\/welaikaadv.site\/avviso\/home\/cosa-facciamo\/informare\/osservatorio-parlamentare\/attivita-dinchiesta\/le-commissioni-di-inchiesta-nella-xix-legislatura\/commissione-rifiuti-quadro-generale-dellattivita-xviii-legislatura\/audizione-del-ministro-dellambiente-presso-la-commissione-sul-ciclo-dei-rifiuti-xix-legislatura-14-novembre-2023\/","name":"Audizione del Ministro dell'Ambiente presso la Commissione sul ciclo dei rifiuti - XIX Legislatura (14 novembre 2023) - Staging Avviso Pubblico","isPartOf":{"@id":"https:\/\/welaikaadv.site\/avviso\/#website"},"datePublished":"2023-11-22T11:33:55+00:00","breadcrumb":{"@id":"https:\/\/welaikaadv.site\/avviso\/home\/cosa-facciamo\/informare\/osservatorio-parlamentare\/attivita-dinchiesta\/le-commissioni-di-inchiesta-nella-xix-legislatura\/commissione-rifiuti-quadro-generale-dellattivita-xviii-legislatura\/audizione-del-ministro-dellambiente-presso-la-commissione-sul-ciclo-dei-rifiuti-xix-legislatura-14-novembre-2023\/#breadcrumb"},"inLanguage":"it-IT","potentialAction":[{"@type":"ReadAction","target":["https:\/\/welaikaadv.site\/avviso\/home\/cosa-facciamo\/informare\/osservatorio-parlamentare\/attivita-dinchiesta\/le-commissioni-di-inchiesta-nella-xix-legislatura\/commissione-rifiuti-quadro-generale-dellattivita-xviii-legislatura\/audizione-del-ministro-dellambiente-presso-la-commissione-sul-ciclo-dei-rifiuti-xix-legislatura-14-novembre-2023\/"]}]},{"@type":"BreadcrumbList","@id":"https:\/\/welaikaadv.site\/avviso\/home\/cosa-facciamo\/informare\/osservatorio-parlamentare\/attivita-dinchiesta\/le-commissioni-di-inchiesta-nella-xix-legislatura\/commissione-rifiuti-quadro-generale-dellattivita-xviii-legislatura\/audizione-del-ministro-dellambiente-presso-la-commissione-sul-ciclo-dei-rifiuti-xix-legislatura-14-novembre-2023\/#breadcrumb","itemListElement":[{"@type":"ListItem","position":1,"name":"Home","item":"https:\/\/welaikaadv.site\/avviso\/"},{"@type":"ListItem","position":2,"name":"Audizione del Ministro dell&#8217;Ambiente presso la Commissione sul ciclo dei rifiuti &#8211; XIX Legislatura (14 novembre 2023)"}]},{"@type":"WebSite","@id":"https:\/\/welaikaadv.site\/avviso\/#website","url":"https:\/\/welaikaadv.site\/avviso\/","name":"Staging Avviso Pubblico","description":"","publisher":{"@id":"https:\/\/welaikaadv.site\/avviso\/#organization"},"potentialAction":[{"@type":"SearchAction","target":{"@type":"EntryPoint","urlTemplate":"https:\/\/welaikaadv.site\/avviso\/?s={search_term_string}"},"query-input":{"@type":"PropertyValueSpecification","valueRequired":true,"valueName":"search_term_string"}}],"inLanguage":"it-IT"},{"@type":"Organization","@id":"https:\/\/welaikaadv.site\/avviso\/#organization","name":"Staging Avviso Pubblico","url":"https:\/\/welaikaadv.site\/avviso\/","logo":{"@type":"ImageObject","inLanguage":"it-IT","@id":"https:\/\/welaikaadv.site\/avviso\/#\/schema\/logo\/image\/","url":"https:\/\/welaikaadv.site\/avviso\/wp-content\/uploads\/2024\/08\/logoAPsito-400.png","contentUrl":"https:\/\/welaikaadv.site\/avviso\/wp-content\/uploads\/2024\/08\/logoAPsito-400.png","width":400,"height":97,"caption":"Staging Avviso Pubblico"},"image":{"@id":"https:\/\/welaikaadv.site\/avviso\/#\/schema\/logo\/image\/"}}]}},"_links":{"self":[{"href":"https:\/\/welaikaadv.site\/avviso\/wp-json\/wp\/v2\/pages\/55922","targetHints":{"allow":["GET"]}}],"collection":[{"href":"https:\/\/welaikaadv.site\/avviso\/wp-json\/wp\/v2\/pages"}],"about":[{"href":"https:\/\/welaikaadv.site\/avviso\/wp-json\/wp\/v2\/types\/page"}],"author":[{"embeddable":true,"href":"https:\/\/welaikaadv.site\/avviso\/wp-json\/wp\/v2\/users\/1"}],"replies":[{"embeddable":true,"href":"https:\/\/welaikaadv.site\/avviso\/wp-json\/wp\/v2\/comments?post=55922"}],"version-history":[{"count":0,"href":"https:\/\/welaikaadv.site\/avviso\/wp-json\/wp\/v2\/pages\/55922\/revisions"}],"up":[{"embeddable":true,"href":"https:\/\/welaikaadv.site\/avviso\/wp-json\/wp\/v2\/pages\/52266"}],"wp:attachment":[{"href":"https:\/\/welaikaadv.site\/avviso\/wp-json\/wp\/v2\/media?parent=55922"}],"curies":[{"name":"wp","href":"https:\/\/api.w.org\/{rel}","templated":true}]}}