{"id":56131,"date":"2023-12-01T12:38:51","date_gmt":"2023-12-01T11:38:51","guid":{"rendered":"https:\/\/www.avvisopubblico.it\/home\/?page_id=56131"},"modified":"2023-12-01T12:38:51","modified_gmt":"2023-12-01T11:38:51","slug":"codice-appalti-la-circolare-298-2023-del-mit-apre-alle-procedure-ordinarie-nel-sotto-soglia","status":"publish","type":"page","link":"https:\/\/welaikaadv.site\/avviso\/home\/cosa-facciamo\/informare\/documenti-tematici\/corruzione-appalti\/codice-appalti-la-circolare-298-2023-del-mit-apre-alle-procedure-ordinarie-nel-sotto-soglia\/","title":{"rendered":"Codice Appalti. La Circolare 298\/2023 del MIT apre alle procedure ordinarie nel sotto soglia."},"content":{"rendered":"<p><strong>Premessa<\/strong>. Il Ministero delle Infrastrutture e dei Trasporti, con la <a href=\"https:\/\/www.gazzettaufficiale.it\/eli\/id\/2023\/11\/23\/23A06503\/sg\">Circolare 20 Novembre 2023, n. 298<\/a>, ha fornito chiarimenti interpretativi in merito alla possibilit\u00e0 di ricorrere alle procedure ordinarie in relazione agli affidamenti previsti dall\u2019art. 50 del nuovo Codice dei contratti pubblici (d. lgs. 36\/2023), sciogliendo in senso positivo il dubbio che si era generato.<\/p>\n<p>Va in primo luogo brevemente ricordato che il nuovo Codice Appalti \u00e8 intervenuto rimodulando le soglie prevedendo, per gli <strong>appalti di lavori<\/strong>, l\u2019affidamento diretto per importi fino a 150mila euro e, sopra questa soglia, la procedura negoziata senza bando (consultando almeno 5 o 10 operatori) fino a 5,832 milioni di euro; per gli <strong>appalti di servizi e forniture<\/strong>, la soglia per l\u2019affidamento diretto \u00e8 per importi fino a 140mila euro.<\/p>\n<p><strong>I principi<\/strong>. La Circolare interviene innanzitutto sui principi, specificando come l\u2019articolo 48 del nuovo Codice (\u201cDisciplina comune applicabile ai contratti di lavori, servizi e forniture di importo inferiore alle soglie di rilevanza europea\u201d) richiami, oltre al principio del risultato, anche altri principi contenuti nei primi articoli del Codice.<\/p>\n<p>La Circolare cita espressamente:<\/p>\n<ul>\n<li>il principio di accesso al mercato degli operatori economici nel rispetto dei principi di concorrenza, di imparzialit\u00e0, di non discriminazione, di pubblicit\u00e0 e trasparenza, di proporzionalit\u00e0 (art. 3 del Codice);<\/li>\n<li>il principio della fiducia (art. 2 del Codice).<\/li>\n<\/ul>\n<p>Si esplicita, pertanto, nella Circolare che \u201c<em>le procedure del sotto-soglia saranno interpretate ed applicate tenendo conto, al contempo, del principio del risultato, degli ulteriori principi del Titolo I, Parte I, Primo Libro del Codice e dei principi generali dell&#8217;ordinamento attraverso le prassi delle Amministrazioni pubbliche e la giurisprudenza<\/em>\u201d.<\/p>\n<p><strong>La normativa europea<\/strong>. La Circolare 298\/2023 del MIT va anche oltre il richiamo interno ai principi del Codice, ribadendo che \u201c<em>le disposizioni contenute nell&#8217;art. 50 del Codice vanno interpretate ed applicate nel solco dei principi e delle regole della normativa di settore dell&#8217;Unione europea, che in particolare richiama gli Stati membri a prevedere la possibilit\u00e0 per le amministrazioni aggiudicatrici di applicare procedure aperte o ristrette, come disposto dalla <\/em><a href=\"https:\/\/eur-lex.europa.eu\/legal-content\/IT\/TXT\/PDF\/?uri=CELEX:32014L0024\"><em>direttiva 2014\/24\/UE<\/em><\/a>\u201d.<\/p>\n<p>Rileva, appunto, proprio l\u2019art. 26 (Scelta delle procedure) di tale Direttiva che, al secondo comma, in particolare, afferma che \u201c<em>gli Stati membri prevedono la possibilit\u00e0 per le amministrazioni aggiudicatrici di applicare procedure aperte o ristrette come disposto dalla presente direttiva<\/em>\u201d.<\/p>\n<p><strong>Le conseguenze pratiche<\/strong>. Secondo la Circolare, dunque, l\u2019applicazione dei principi del Codice sopra indicati e della Direttiva 2014\/24\/UE consente alle stazioni appaltanti di ricorrere, anche per gli importi cd. sotto soglia, alle procedure ordinarie, ossia quelle che garantiscono il massimo ventaglio di partecipazione per gli operatori economici.<\/p>\n<p>&nbsp;<\/p>\n","protected":false},"excerpt":{"rendered":"<p>Premessa. Il Ministero delle Infrastrutture e dei Trasporti, con la Circolare 20 Novembre 2023, n. 298, ha fornito chiarimenti interpretativi in merito alla possibilit\u00e0 di&nbsp;<span class=\"hellipsis\">[&hellip;]<\/span><a class=\"more-link\" href=\"https:\/\/welaikaadv.site\/avviso\/home\/cosa-facciamo\/informare\/documenti-tematici\/corruzione-appalti\/codice-appalti-la-circolare-298-2023-del-mit-apre-alle-procedure-ordinarie-nel-sotto-soglia\/\">Leggi tutto <span class=\"screen-reader-text\">Codice Appalti. La Circolare 298\/2023 del MIT apre alle procedure ordinarie nel sotto soglia.<\/span> <span class=\"meta-nav\" aria-hidden=\"true\">&rarr;<\/span><\/a><\/p>\n","protected":false},"author":1,"featured_media":0,"parent":198,"menu_order":0,"comment_status":"closed","ping_status":"closed","template":"","meta":{"_acf_changed":false,"_exactmetrics_skip_tracking":false,"_exactmetrics_sitenote_active":false,"_exactmetrics_sitenote_note":"","_exactmetrics_sitenote_category":0,"wp_social_preview_title":"","wp_social_preview_description":"","wp_social_preview_image":0,"footnotes":""},"class_list":["post-56131","page","type-page","status-publish","hentry"],"acf":[],"yoast_head":"<!-- This site is optimized with the Yoast SEO plugin v27.2 - https:\/\/yoast.com\/product\/yoast-seo-wordpress\/ -->\n<title>Codice Appalti. La Circolare 298\/2023 del MIT apre alle procedure ordinarie nel sotto soglia. - Staging Avviso Pubblico<\/title>\n<meta name=\"robots\" content=\"noindex, follow, max-snippet:-1, max-image-preview:large, max-video-preview:-1\" \/>\n<meta property=\"og:locale\" content=\"it_IT\" \/>\n<meta property=\"og:type\" content=\"article\" \/>\n<meta property=\"og:title\" content=\"Codice Appalti. La Circolare 298\/2023 del MIT apre alle procedure ordinarie nel sotto soglia. - Staging Avviso Pubblico\" \/>\n<meta property=\"og:description\" content=\"Premessa. Il Ministero delle Infrastrutture e dei Trasporti, con la Circolare 20 Novembre 2023, n. 298, ha fornito chiarimenti interpretativi in merito alla possibilit\u00e0 di&nbsp;[&hellip;]Leggi tutto Codice Appalti. La Circolare 298\/2023 del MIT apre alle procedure ordinarie nel sotto soglia. &rarr;\" \/>\n<meta property=\"og:url\" content=\"https:\/\/welaikaadv.site\/avviso\/home\/cosa-facciamo\/informare\/documenti-tematici\/corruzione-appalti\/codice-appalti-la-circolare-298-2023-del-mit-apre-alle-procedure-ordinarie-nel-sotto-soglia\/\" \/>\n<meta property=\"og:site_name\" content=\"Staging Avviso Pubblico\" \/>\n<meta name=\"twitter:card\" content=\"summary_large_image\" \/>\n<meta name=\"twitter:label1\" content=\"Tempo di lettura stimato\" \/>\n\t<meta name=\"twitter:data1\" content=\"2 minuti\" \/>\n<script type=\"application\/ld+json\" class=\"yoast-schema-graph\">{\"@context\":\"https:\/\/schema.org\",\"@graph\":[{\"@type\":\"WebPage\",\"@id\":\"https:\/\/welaikaadv.site\/avviso\/home\/cosa-facciamo\/informare\/documenti-tematici\/corruzione-appalti\/codice-appalti-la-circolare-298-2023-del-mit-apre-alle-procedure-ordinarie-nel-sotto-soglia\/\",\"url\":\"https:\/\/welaikaadv.site\/avviso\/home\/cosa-facciamo\/informare\/documenti-tematici\/corruzione-appalti\/codice-appalti-la-circolare-298-2023-del-mit-apre-alle-procedure-ordinarie-nel-sotto-soglia\/\",\"name\":\"Codice Appalti. La Circolare 298\/2023 del MIT apre alle procedure ordinarie nel sotto soglia. - Staging Avviso Pubblico\",\"isPartOf\":{\"@id\":\"https:\/\/welaikaadv.site\/avviso\/#website\"},\"datePublished\":\"2023-12-01T11:38:51+00:00\",\"breadcrumb\":{\"@id\":\"https:\/\/welaikaadv.site\/avviso\/home\/cosa-facciamo\/informare\/documenti-tematici\/corruzione-appalti\/codice-appalti-la-circolare-298-2023-del-mit-apre-alle-procedure-ordinarie-nel-sotto-soglia\/#breadcrumb\"},\"inLanguage\":\"it-IT\",\"potentialAction\":[{\"@type\":\"ReadAction\",\"target\":[\"https:\/\/welaikaadv.site\/avviso\/home\/cosa-facciamo\/informare\/documenti-tematici\/corruzione-appalti\/codice-appalti-la-circolare-298-2023-del-mit-apre-alle-procedure-ordinarie-nel-sotto-soglia\/\"]}]},{\"@type\":\"BreadcrumbList\",\"@id\":\"https:\/\/welaikaadv.site\/avviso\/home\/cosa-facciamo\/informare\/documenti-tematici\/corruzione-appalti\/codice-appalti-la-circolare-298-2023-del-mit-apre-alle-procedure-ordinarie-nel-sotto-soglia\/#breadcrumb\",\"itemListElement\":[{\"@type\":\"ListItem\",\"position\":1,\"name\":\"Home\",\"item\":\"https:\/\/welaikaadv.site\/avviso\/\"},{\"@type\":\"ListItem\",\"position\":2,\"name\":\"Codice Appalti. La Circolare 298\/2023 del MIT apre alle procedure ordinarie nel sotto soglia.\"}]},{\"@type\":\"WebSite\",\"@id\":\"https:\/\/welaikaadv.site\/avviso\/#website\",\"url\":\"https:\/\/welaikaadv.site\/avviso\/\",\"name\":\"Staging Avviso Pubblico\",\"description\":\"\",\"publisher\":{\"@id\":\"https:\/\/welaikaadv.site\/avviso\/#organization\"},\"potentialAction\":[{\"@type\":\"SearchAction\",\"target\":{\"@type\":\"EntryPoint\",\"urlTemplate\":\"https:\/\/welaikaadv.site\/avviso\/?s={search_term_string}\"},\"query-input\":{\"@type\":\"PropertyValueSpecification\",\"valueRequired\":true,\"valueName\":\"search_term_string\"}}],\"inLanguage\":\"it-IT\"},{\"@type\":\"Organization\",\"@id\":\"https:\/\/welaikaadv.site\/avviso\/#organization\",\"name\":\"Staging Avviso Pubblico\",\"url\":\"https:\/\/welaikaadv.site\/avviso\/\",\"logo\":{\"@type\":\"ImageObject\",\"inLanguage\":\"it-IT\",\"@id\":\"https:\/\/welaikaadv.site\/avviso\/#\/schema\/logo\/image\/\",\"url\":\"https:\/\/welaikaadv.site\/avviso\/wp-content\/uploads\/2024\/08\/logoAPsito-400.png\",\"contentUrl\":\"https:\/\/welaikaadv.site\/avviso\/wp-content\/uploads\/2024\/08\/logoAPsito-400.png\",\"width\":400,\"height\":97,\"caption\":\"Staging Avviso Pubblico\"},\"image\":{\"@id\":\"https:\/\/welaikaadv.site\/avviso\/#\/schema\/logo\/image\/\"}}]}<\/script>\n<!-- \/ Yoast SEO plugin. -->","yoast_head_json":{"title":"Codice Appalti. La Circolare 298\/2023 del MIT apre alle procedure ordinarie nel sotto soglia. - Staging Avviso Pubblico","robots":{"index":"noindex","follow":"follow","max-snippet":"max-snippet:-1","max-image-preview":"max-image-preview:large","max-video-preview":"max-video-preview:-1"},"og_locale":"it_IT","og_type":"article","og_title":"Codice Appalti. La Circolare 298\/2023 del MIT apre alle procedure ordinarie nel sotto soglia. - Staging Avviso Pubblico","og_description":"Premessa. Il Ministero delle Infrastrutture e dei Trasporti, con la Circolare 20 Novembre 2023, n. 298, ha fornito chiarimenti interpretativi in merito alla possibilit\u00e0 di&nbsp;[&hellip;]Leggi tutto Codice Appalti. La Circolare 298\/2023 del MIT apre alle procedure ordinarie nel sotto soglia. &rarr;","og_url":"https:\/\/welaikaadv.site\/avviso\/home\/cosa-facciamo\/informare\/documenti-tematici\/corruzione-appalti\/codice-appalti-la-circolare-298-2023-del-mit-apre-alle-procedure-ordinarie-nel-sotto-soglia\/","og_site_name":"Staging Avviso Pubblico","twitter_card":"summary_large_image","twitter_misc":{"Tempo di lettura stimato":"2 minuti"},"schema":{"@context":"https:\/\/schema.org","@graph":[{"@type":"WebPage","@id":"https:\/\/welaikaadv.site\/avviso\/home\/cosa-facciamo\/informare\/documenti-tematici\/corruzione-appalti\/codice-appalti-la-circolare-298-2023-del-mit-apre-alle-procedure-ordinarie-nel-sotto-soglia\/","url":"https:\/\/welaikaadv.site\/avviso\/home\/cosa-facciamo\/informare\/documenti-tematici\/corruzione-appalti\/codice-appalti-la-circolare-298-2023-del-mit-apre-alle-procedure-ordinarie-nel-sotto-soglia\/","name":"Codice Appalti. La Circolare 298\/2023 del MIT apre alle procedure ordinarie nel sotto soglia. - Staging Avviso Pubblico","isPartOf":{"@id":"https:\/\/welaikaadv.site\/avviso\/#website"},"datePublished":"2023-12-01T11:38:51+00:00","breadcrumb":{"@id":"https:\/\/welaikaadv.site\/avviso\/home\/cosa-facciamo\/informare\/documenti-tematici\/corruzione-appalti\/codice-appalti-la-circolare-298-2023-del-mit-apre-alle-procedure-ordinarie-nel-sotto-soglia\/#breadcrumb"},"inLanguage":"it-IT","potentialAction":[{"@type":"ReadAction","target":["https:\/\/welaikaadv.site\/avviso\/home\/cosa-facciamo\/informare\/documenti-tematici\/corruzione-appalti\/codice-appalti-la-circolare-298-2023-del-mit-apre-alle-procedure-ordinarie-nel-sotto-soglia\/"]}]},{"@type":"BreadcrumbList","@id":"https:\/\/welaikaadv.site\/avviso\/home\/cosa-facciamo\/informare\/documenti-tematici\/corruzione-appalti\/codice-appalti-la-circolare-298-2023-del-mit-apre-alle-procedure-ordinarie-nel-sotto-soglia\/#breadcrumb","itemListElement":[{"@type":"ListItem","position":1,"name":"Home","item":"https:\/\/welaikaadv.site\/avviso\/"},{"@type":"ListItem","position":2,"name":"Codice Appalti. La Circolare 298\/2023 del MIT apre alle procedure ordinarie nel sotto soglia."}]},{"@type":"WebSite","@id":"https:\/\/welaikaadv.site\/avviso\/#website","url":"https:\/\/welaikaadv.site\/avviso\/","name":"Staging Avviso Pubblico","description":"","publisher":{"@id":"https:\/\/welaikaadv.site\/avviso\/#organization"},"potentialAction":[{"@type":"SearchAction","target":{"@type":"EntryPoint","urlTemplate":"https:\/\/welaikaadv.site\/avviso\/?s={search_term_string}"},"query-input":{"@type":"PropertyValueSpecification","valueRequired":true,"valueName":"search_term_string"}}],"inLanguage":"it-IT"},{"@type":"Organization","@id":"https:\/\/welaikaadv.site\/avviso\/#organization","name":"Staging Avviso Pubblico","url":"https:\/\/welaikaadv.site\/avviso\/","logo":{"@type":"ImageObject","inLanguage":"it-IT","@id":"https:\/\/welaikaadv.site\/avviso\/#\/schema\/logo\/image\/","url":"https:\/\/welaikaadv.site\/avviso\/wp-content\/uploads\/2024\/08\/logoAPsito-400.png","contentUrl":"https:\/\/welaikaadv.site\/avviso\/wp-content\/uploads\/2024\/08\/logoAPsito-400.png","width":400,"height":97,"caption":"Staging Avviso Pubblico"},"image":{"@id":"https:\/\/welaikaadv.site\/avviso\/#\/schema\/logo\/image\/"}}]}},"_links":{"self":[{"href":"https:\/\/welaikaadv.site\/avviso\/wp-json\/wp\/v2\/pages\/56131","targetHints":{"allow":["GET"]}}],"collection":[{"href":"https:\/\/welaikaadv.site\/avviso\/wp-json\/wp\/v2\/pages"}],"about":[{"href":"https:\/\/welaikaadv.site\/avviso\/wp-json\/wp\/v2\/types\/page"}],"author":[{"embeddable":true,"href":"https:\/\/welaikaadv.site\/avviso\/wp-json\/wp\/v2\/users\/1"}],"replies":[{"embeddable":true,"href":"https:\/\/welaikaadv.site\/avviso\/wp-json\/wp\/v2\/comments?post=56131"}],"version-history":[{"count":0,"href":"https:\/\/welaikaadv.site\/avviso\/wp-json\/wp\/v2\/pages\/56131\/revisions"}],"up":[{"embeddable":true,"href":"https:\/\/welaikaadv.site\/avviso\/wp-json\/wp\/v2\/pages\/198"}],"wp:attachment":[{"href":"https:\/\/welaikaadv.site\/avviso\/wp-json\/wp\/v2\/media?parent=56131"}],"curies":[{"name":"wp","href":"https:\/\/api.w.org\/{rel}","templated":true}]}}