{"id":6080,"date":"2017-01-17T08:12:52","date_gmt":"2017-01-17T07:12:52","guid":{"rendered":"http:\/\/www.avvisopubblico.it\/osservatorio\/?page_id=6080"},"modified":"2017-01-17T08:12:52","modified_gmt":"2017-01-17T07:12:52","slug":"la-criminalita-organizzata-pugliese-e-lucana-nella-relazione-della-dia-del-1semestre-2016-scheda-di-sintesi","status":"publish","type":"page","link":"https:\/\/welaikaadv.site\/avviso\/home\/cosa-facciamo\/informare\/documenti-tematici\/mafie\/la-criminalita-organizzata-pugliese-e-lucana-nella-relazione-della-dia-del-1semestre-2016-scheda-di-sintesi\/","title":{"rendered":"La criminalit\u00e0 organizzata pugliese e lucana nella relazione della DIA del 1\u00b0semestre 2016: scheda di sintesi"},"content":{"rendered":"<p><strong>Premessa<\/strong>. La Direzione Investigativa Antimafia ha trasmesso alle Camere la Relazione sull\u2019attivit\u00e0 svolta e sui risultati conseguiti dalla DIA nel primo semestre del 2016 (<em>leggi questa <\/em><a href=\"https:\/\/welaikaadv.site\/avviso\/home\/cosa-facciamo\/informare\/osservatorio-parlamentare\/altri-atti-parlamentari\/direzione-nazionale-antimafia-e-direzione-investigativa-antimafia\/relazione-della-direzione-investigativa-antimafia-sulle-attivita-e-i-risultati-del-1semestre-2016-scheda-di-sintesi\/\"><strong><em>scheda<\/em><\/strong><\/a><em>; per la precedente relazione leggi quest\u2019altra <\/em><a href=\"https:\/\/welaikaadv.site\/avviso\/home\/cosa-facciamo\/informare\/osservatorio-parlamentare\/altri-atti-parlamentari\/direzione-nazionale-antimafia-e-direzione-investigativa-antimafia\/relazione-della-dia-sulle-attivita-e-i-risultati-del-2semestre-2015-scheda-di-sintesi\/\"><strong><em>scheda<\/em><\/strong><\/a>). Di seguito sono sintetizzati i passaggi pi\u00f9 significativi del capitolo dedicato alla criminalit\u00e0 organizzata pugliese e lucana.<\/p>\n<p><strong>Le caratteristiche del contesto criminale pugliese<\/strong>. Contraddistinto dalla residuale presenza della SCU (Sacra Corona Unita), il contesto criminale pugliese presenta caratteristiche profondamente diverse rispetto a quelle delle altre mafie storiche, Cosa nostra, \u2018ndrangheta e camorra. Se queste ultime, ormai da tempo, puntano maggiormente alle infiltrazioni nel tessuto economico della societ\u00e0 e agli appalti, la criminalit\u00e0 pugliese (paragonata dalla DIA alla camorra napoletana) \u00e8 ancora legata alle \u2018classiche\u2019 attivit\u00e0 delittuose. \u201cA questo stato di cose sembra aver concorso la detenzione degli storici capi dei clan \u2013 evidenzia la DIA &#8211; e la progressiva assunzione dei ruoli di vertice da parte di giovani emergenti, lontani dagli schemi gerarchici e dalle regole tramandate dai predecessori\u201d.<\/p>\n<p><strong>Stupefacenti ed estorsioni<\/strong>. I gruppi pugliesi si caratterizzano per un forte \u201cdinamismo\u201d nel traffico degli stupefacenti in collaborazione con clan albanesi, serbi, montenegrini, bosniaci e kosovari, \u201cesperti\u201d nello smistamento dei carichi di droga diretti nelle varie piazze di spaccio del centro e Nord Italia. Le stesse zone in cui la DIA evidenzia \u201cun\u2019area di interesse per i gruppi della provincia di <strong>Foggia,<\/strong> organizzati per commettere furti e rapine\u201d. I <strong>clan baresi<\/strong>, oltre alla droga, si concentrano sulle estorsioni rivolte soprattutto agli imprenditori che si muovono nel campo dell\u2019edilizia. I <strong>sodalizi leccesi<\/strong>, colpiti duramente dalle forze dell\u2019ordine e dalla magistratura, si concentrano sul riciclaggio e reimpiego dei capitali illeciti.<\/p>\n<p>A <strong>Brindisi<\/strong>, dopo la disarticolazione dei vecchi gruppi appartenenti alla SCU, la DIA non ha registrato movimenti per il rilancio delle organizzazioni criminali. A <strong>Taranto <\/strong>invece i gruppi locali hanno ripreso alcune forme di collaborazione, gi\u00e0 registrate in passato, con la \u2018ndrangheta calabrese.<\/p>\n<p><strong>La Basilicata<\/strong>. La regione, data la sua collocazione geografica, si trova ad essere esposta agli appetiti delle mafie storiche provenienti dai territori limitrofi (Calabria, Campania e la stessa Puglia). \u201cAllo stesso modo \u2013 evidenzia la DIA &#8211; proprio in ragione della peculiare posizione geografica che si presta a forme di pendolarismo criminale, numerosi sono stati i casi di soggetti di origine calabrese e pugliese tratti in arresto sul territorio\u201d.<\/p>\n<p>I gruppi criminali operativi sulla provincia di <strong>Potenza<\/strong> esercitano perlopi\u00f9 pratiche estorsive nei confronti degli esercizi commerciali. L\u2019azione repressiva si \u00e8 concentrata nei confronti del traffico di stupefacenti, della sicurezza agroalimentare, nel contrasto al lavoro nero e nella prevenzione di reati ambientali. Sul territorio di <strong>Matera<\/strong> si segnala la presenza e le attivit\u00e0 di criminali appartenenti ad organizzazioni pugliesi.<\/p>\n<p><strong>Territorio nazionale ed estero<\/strong>. I sodalizi attivi in Puglia e Basilicata non possono contare su propaggini nazionali ed esteri paragonabili alle mafie storiche. Ciononostante la DIA evidenzia il dinamismo di taluni gruppi nello spingersi in altre regioni per compiere furti e rapine e gestire lo smistamento dei carichi di droga. All\u2019estero paesi come Albania, Germania e Spagna si presentano come punti di riferimento per il traffico di armi e stupefacenti o come luoghi per trascorrere la latitanza.<\/p>\n<p>&nbsp;<\/p>\n<p><em>(a\u00a0cura di <a href=\"mailto:claudio.forleo@avvisopubblico.it\"><strong>Claudio Forleo<\/strong><\/a>, giornalista)<\/em><\/p>\n","protected":false},"excerpt":{"rendered":"<p>Premessa. La Direzione Investigativa Antimafia ha trasmesso alle Camere la Relazione sull\u2019attivit\u00e0 svolta e sui risultati conseguiti dalla DIA nel primo semestre del 2016 (leggi&nbsp;<span class=\"hellipsis\">[&hellip;]<\/span><a class=\"more-link\" href=\"https:\/\/welaikaadv.site\/avviso\/home\/cosa-facciamo\/informare\/documenti-tematici\/mafie\/la-criminalita-organizzata-pugliese-e-lucana-nella-relazione-della-dia-del-1semestre-2016-scheda-di-sintesi\/\">Leggi tutto <span class=\"screen-reader-text\">La criminalit\u00e0 organizzata pugliese e lucana nella relazione della DIA del 1\u00b0semestre 2016: scheda di sintesi<\/span> <span class=\"meta-nav\" aria-hidden=\"true\">&rarr;<\/span><\/a><\/p>\n","protected":false},"author":1,"featured_media":0,"parent":207,"menu_order":0,"comment_status":"closed","ping_status":"closed","template":"","meta":{"_acf_changed":false,"_exactmetrics_skip_tracking":false,"_exactmetrics_sitenote_active":false,"_exactmetrics_sitenote_note":"","_exactmetrics_sitenote_category":0,"wp_social_preview_title":"","wp_social_preview_description":"","wp_social_preview_image":0,"footnotes":""},"class_list":["post-6080","page","type-page","status-publish","hentry"],"acf":[],"yoast_head":"<!-- This site is optimized with the Yoast SEO plugin v27.2 - https:\/\/yoast.com\/product\/yoast-seo-wordpress\/ -->\n<title>La criminalit\u00e0 organizzata pugliese e lucana nella relazione della DIA del 1\u00b0semestre 2016: scheda di sintesi - Staging Avviso Pubblico<\/title>\n<meta name=\"robots\" content=\"noindex, follow, max-snippet:-1, max-image-preview:large, max-video-preview:-1\" \/>\n<meta property=\"og:locale\" content=\"it_IT\" \/>\n<meta property=\"og:type\" content=\"article\" \/>\n<meta property=\"og:title\" content=\"La criminalit\u00e0 organizzata pugliese e lucana nella relazione della DIA del 1\u00b0semestre 2016: scheda di sintesi - Staging Avviso Pubblico\" \/>\n<meta property=\"og:description\" content=\"Premessa. La Direzione Investigativa Antimafia ha trasmesso alle Camere la Relazione sull\u2019attivit\u00e0 svolta e sui risultati conseguiti dalla DIA nel primo semestre del 2016 (leggi&nbsp;[&hellip;]Leggi tutto La criminalit\u00e0 organizzata pugliese e lucana nella relazione della DIA del 1\u00b0semestre 2016: scheda di sintesi &rarr;\" \/>\n<meta property=\"og:url\" content=\"https:\/\/welaikaadv.site\/avviso\/home\/cosa-facciamo\/informare\/documenti-tematici\/mafie\/la-criminalita-organizzata-pugliese-e-lucana-nella-relazione-della-dia-del-1semestre-2016-scheda-di-sintesi\/\" \/>\n<meta property=\"og:site_name\" content=\"Staging Avviso Pubblico\" \/>\n<meta name=\"twitter:card\" content=\"summary_large_image\" \/>\n<meta name=\"twitter:label1\" content=\"Tempo di lettura stimato\" \/>\n\t<meta name=\"twitter:data1\" content=\"3 minuti\" \/>\n<script type=\"application\/ld+json\" class=\"yoast-schema-graph\">{\"@context\":\"https:\/\/schema.org\",\"@graph\":[{\"@type\":\"WebPage\",\"@id\":\"https:\/\/welaikaadv.site\/avviso\/home\/cosa-facciamo\/informare\/documenti-tematici\/mafie\/la-criminalita-organizzata-pugliese-e-lucana-nella-relazione-della-dia-del-1semestre-2016-scheda-di-sintesi\/\",\"url\":\"https:\/\/welaikaadv.site\/avviso\/home\/cosa-facciamo\/informare\/documenti-tematici\/mafie\/la-criminalita-organizzata-pugliese-e-lucana-nella-relazione-della-dia-del-1semestre-2016-scheda-di-sintesi\/\",\"name\":\"La criminalit\u00e0 organizzata pugliese e lucana nella relazione della DIA del 1\u00b0semestre 2016: scheda di sintesi - Staging Avviso Pubblico\",\"isPartOf\":{\"@id\":\"https:\/\/welaikaadv.site\/avviso\/#website\"},\"datePublished\":\"2017-01-17T07:12:52+00:00\",\"breadcrumb\":{\"@id\":\"https:\/\/welaikaadv.site\/avviso\/home\/cosa-facciamo\/informare\/documenti-tematici\/mafie\/la-criminalita-organizzata-pugliese-e-lucana-nella-relazione-della-dia-del-1semestre-2016-scheda-di-sintesi\/#breadcrumb\"},\"inLanguage\":\"it-IT\",\"potentialAction\":[{\"@type\":\"ReadAction\",\"target\":[\"https:\/\/welaikaadv.site\/avviso\/home\/cosa-facciamo\/informare\/documenti-tematici\/mafie\/la-criminalita-organizzata-pugliese-e-lucana-nella-relazione-della-dia-del-1semestre-2016-scheda-di-sintesi\/\"]}]},{\"@type\":\"BreadcrumbList\",\"@id\":\"https:\/\/welaikaadv.site\/avviso\/home\/cosa-facciamo\/informare\/documenti-tematici\/mafie\/la-criminalita-organizzata-pugliese-e-lucana-nella-relazione-della-dia-del-1semestre-2016-scheda-di-sintesi\/#breadcrumb\",\"itemListElement\":[{\"@type\":\"ListItem\",\"position\":1,\"name\":\"Home\",\"item\":\"https:\/\/welaikaadv.site\/avviso\/\"},{\"@type\":\"ListItem\",\"position\":2,\"name\":\"La criminalit\u00e0 organizzata pugliese e lucana nella relazione della DIA del 1\u00b0semestre 2016: scheda di sintesi\"}]},{\"@type\":\"WebSite\",\"@id\":\"https:\/\/welaikaadv.site\/avviso\/#website\",\"url\":\"https:\/\/welaikaadv.site\/avviso\/\",\"name\":\"Staging Avviso Pubblico\",\"description\":\"\",\"publisher\":{\"@id\":\"https:\/\/welaikaadv.site\/avviso\/#organization\"},\"potentialAction\":[{\"@type\":\"SearchAction\",\"target\":{\"@type\":\"EntryPoint\",\"urlTemplate\":\"https:\/\/welaikaadv.site\/avviso\/?s={search_term_string}\"},\"query-input\":{\"@type\":\"PropertyValueSpecification\",\"valueRequired\":true,\"valueName\":\"search_term_string\"}}],\"inLanguage\":\"it-IT\"},{\"@type\":\"Organization\",\"@id\":\"https:\/\/welaikaadv.site\/avviso\/#organization\",\"name\":\"Staging Avviso Pubblico\",\"url\":\"https:\/\/welaikaadv.site\/avviso\/\",\"logo\":{\"@type\":\"ImageObject\",\"inLanguage\":\"it-IT\",\"@id\":\"https:\/\/welaikaadv.site\/avviso\/#\/schema\/logo\/image\/\",\"url\":\"https:\/\/welaikaadv.site\/avviso\/wp-content\/uploads\/2024\/08\/logoAPsito-400.png\",\"contentUrl\":\"https:\/\/welaikaadv.site\/avviso\/wp-content\/uploads\/2024\/08\/logoAPsito-400.png\",\"width\":400,\"height\":97,\"caption\":\"Staging Avviso Pubblico\"},\"image\":{\"@id\":\"https:\/\/welaikaadv.site\/avviso\/#\/schema\/logo\/image\/\"}}]}<\/script>\n<!-- \/ Yoast SEO plugin. -->","yoast_head_json":{"title":"La criminalit\u00e0 organizzata pugliese e lucana nella relazione della DIA del 1\u00b0semestre 2016: scheda di sintesi - Staging Avviso Pubblico","robots":{"index":"noindex","follow":"follow","max-snippet":"max-snippet:-1","max-image-preview":"max-image-preview:large","max-video-preview":"max-video-preview:-1"},"og_locale":"it_IT","og_type":"article","og_title":"La criminalit\u00e0 organizzata pugliese e lucana nella relazione della DIA del 1\u00b0semestre 2016: scheda di sintesi - Staging Avviso Pubblico","og_description":"Premessa. La Direzione Investigativa Antimafia ha trasmesso alle Camere la Relazione sull\u2019attivit\u00e0 svolta e sui risultati conseguiti dalla DIA nel primo semestre del 2016 (leggi&nbsp;[&hellip;]Leggi tutto La criminalit\u00e0 organizzata pugliese e lucana nella relazione della DIA del 1\u00b0semestre 2016: scheda di sintesi &rarr;","og_url":"https:\/\/welaikaadv.site\/avviso\/home\/cosa-facciamo\/informare\/documenti-tematici\/mafie\/la-criminalita-organizzata-pugliese-e-lucana-nella-relazione-della-dia-del-1semestre-2016-scheda-di-sintesi\/","og_site_name":"Staging Avviso Pubblico","twitter_card":"summary_large_image","twitter_misc":{"Tempo di lettura stimato":"3 minuti"},"schema":{"@context":"https:\/\/schema.org","@graph":[{"@type":"WebPage","@id":"https:\/\/welaikaadv.site\/avviso\/home\/cosa-facciamo\/informare\/documenti-tematici\/mafie\/la-criminalita-organizzata-pugliese-e-lucana-nella-relazione-della-dia-del-1semestre-2016-scheda-di-sintesi\/","url":"https:\/\/welaikaadv.site\/avviso\/home\/cosa-facciamo\/informare\/documenti-tematici\/mafie\/la-criminalita-organizzata-pugliese-e-lucana-nella-relazione-della-dia-del-1semestre-2016-scheda-di-sintesi\/","name":"La criminalit\u00e0 organizzata pugliese e lucana nella relazione della DIA del 1\u00b0semestre 2016: scheda di sintesi - Staging Avviso Pubblico","isPartOf":{"@id":"https:\/\/welaikaadv.site\/avviso\/#website"},"datePublished":"2017-01-17T07:12:52+00:00","breadcrumb":{"@id":"https:\/\/welaikaadv.site\/avviso\/home\/cosa-facciamo\/informare\/documenti-tematici\/mafie\/la-criminalita-organizzata-pugliese-e-lucana-nella-relazione-della-dia-del-1semestre-2016-scheda-di-sintesi\/#breadcrumb"},"inLanguage":"it-IT","potentialAction":[{"@type":"ReadAction","target":["https:\/\/welaikaadv.site\/avviso\/home\/cosa-facciamo\/informare\/documenti-tematici\/mafie\/la-criminalita-organizzata-pugliese-e-lucana-nella-relazione-della-dia-del-1semestre-2016-scheda-di-sintesi\/"]}]},{"@type":"BreadcrumbList","@id":"https:\/\/welaikaadv.site\/avviso\/home\/cosa-facciamo\/informare\/documenti-tematici\/mafie\/la-criminalita-organizzata-pugliese-e-lucana-nella-relazione-della-dia-del-1semestre-2016-scheda-di-sintesi\/#breadcrumb","itemListElement":[{"@type":"ListItem","position":1,"name":"Home","item":"https:\/\/welaikaadv.site\/avviso\/"},{"@type":"ListItem","position":2,"name":"La criminalit\u00e0 organizzata pugliese e lucana nella relazione della DIA del 1\u00b0semestre 2016: scheda di sintesi"}]},{"@type":"WebSite","@id":"https:\/\/welaikaadv.site\/avviso\/#website","url":"https:\/\/welaikaadv.site\/avviso\/","name":"Staging Avviso Pubblico","description":"","publisher":{"@id":"https:\/\/welaikaadv.site\/avviso\/#organization"},"potentialAction":[{"@type":"SearchAction","target":{"@type":"EntryPoint","urlTemplate":"https:\/\/welaikaadv.site\/avviso\/?s={search_term_string}"},"query-input":{"@type":"PropertyValueSpecification","valueRequired":true,"valueName":"search_term_string"}}],"inLanguage":"it-IT"},{"@type":"Organization","@id":"https:\/\/welaikaadv.site\/avviso\/#organization","name":"Staging Avviso Pubblico","url":"https:\/\/welaikaadv.site\/avviso\/","logo":{"@type":"ImageObject","inLanguage":"it-IT","@id":"https:\/\/welaikaadv.site\/avviso\/#\/schema\/logo\/image\/","url":"https:\/\/welaikaadv.site\/avviso\/wp-content\/uploads\/2024\/08\/logoAPsito-400.png","contentUrl":"https:\/\/welaikaadv.site\/avviso\/wp-content\/uploads\/2024\/08\/logoAPsito-400.png","width":400,"height":97,"caption":"Staging Avviso Pubblico"},"image":{"@id":"https:\/\/welaikaadv.site\/avviso\/#\/schema\/logo\/image\/"}}]}},"_links":{"self":[{"href":"https:\/\/welaikaadv.site\/avviso\/wp-json\/wp\/v2\/pages\/6080","targetHints":{"allow":["GET"]}}],"collection":[{"href":"https:\/\/welaikaadv.site\/avviso\/wp-json\/wp\/v2\/pages"}],"about":[{"href":"https:\/\/welaikaadv.site\/avviso\/wp-json\/wp\/v2\/types\/page"}],"author":[{"embeddable":true,"href":"https:\/\/welaikaadv.site\/avviso\/wp-json\/wp\/v2\/users\/1"}],"replies":[{"embeddable":true,"href":"https:\/\/welaikaadv.site\/avviso\/wp-json\/wp\/v2\/comments?post=6080"}],"version-history":[{"count":0,"href":"https:\/\/welaikaadv.site\/avviso\/wp-json\/wp\/v2\/pages\/6080\/revisions"}],"up":[{"embeddable":true,"href":"https:\/\/welaikaadv.site\/avviso\/wp-json\/wp\/v2\/pages\/207"}],"wp:attachment":[{"href":"https:\/\/welaikaadv.site\/avviso\/wp-json\/wp\/v2\/media?parent=6080"}],"curies":[{"name":"wp","href":"https:\/\/api.w.org\/{rel}","templated":true}]}}