{"id":6183,"date":"2017-04-04T17:54:21","date_gmt":"2017-04-04T15:54:21","guid":{"rendered":"http:\/\/www.avvisopubblico.it\/osservatorio\/?page_id=6183"},"modified":"2017-04-04T17:54:21","modified_gmt":"2017-04-04T15:54:21","slug":"migranti-minori-non-accompagnati-audizioni-della-commissione-parlamentare-sul-sistema-di-accoglienza","status":"publish","type":"page","link":"https:\/\/welaikaadv.site\/avviso\/home\/cosa-facciamo\/informare\/osservatorio-parlamentare\/attivita-dinchiesta\/attivita-dinchiesta-xvii\/commissione-di-inchiesta-della-camera-sul-sistema-di-accoglienza-dei-profughi\/migranti-minori-non-accompagnati-audizioni-della-commissione-parlamentare-sul-sistema-di-accoglienza\/","title":{"rendered":"Migranti minori non accompagnati: audizioni della Commissione parlamentare sul sistema di accoglienza"},"content":{"rendered":"<p><strong>Premessa.<\/strong>La Commissione di inchiesta sul sistema di accoglienza, identificazione ed espulsione dei migranti ha dedicato particolare attenzione al tema dei minori stranieri non accompagnati, soggetti caratterizzati da particolare vulnerabilit\u00e0, che necessitano pertanto di una specifica attivit\u00e0 di assistenza e supporto. A tal fine il <a href=\"http:\/\/www.camera.it\/leg17\/1058?idLegislatura=17&amp;tipologia=audiz2&amp;sottotipologia=audizione&amp;anno=2017&amp;mese=01&amp;giorno=12&amp;idCommissione=69&amp;numero=0070&amp;file=indice_stenografico\">12 gennaio 2017<\/a> ha nuovamente audito il Vice prefetto Maria Caprara, responsabile della Struttura di missione per l&#8217;accoglienza dei minori stranieri non accompagnati, istituita presso il Dipartimento per le libert\u00e0 civili e l&#8217;immigrazione del Ministero dell&#8217;Interno (gi\u00e0 ascoltata in precedenza nelle sedute del <a href=\"http:\/\/www.camera.it\/leg17\/1058?idLegislatura=17&amp;tipologia=audiz2&amp;sottotipologia=audizione&amp;anno=2015&amp;mese=09&amp;giorno=22&amp;idCommissione=69&amp;numero=0022&amp;file=indice_stenografico\">22 settembre 2015<\/a> e del <a href=\"http:\/\/www.camera.it\/leg17\/1058?idLegislatura=17&amp;tipologia=audiz2&amp;sottotipologia=audizione&amp;anno=2015&amp;mese=10&amp;giorno=01&amp;idCommissione=69&amp;numero=0024&amp;file=indice_stenografico\">1\u00b0 ottobre 2015<\/a>). Nella seduta del <a href=\"http:\/\/www.camera.it\/leg17\/1058?idLegislatura=17&amp;tipologia=audiz2&amp;sottotipologia=audizione&amp;anno=2017&amp;mese=01&amp;giorno=17&amp;idCommissione=69&amp;numero=0071&amp;file=indice_stenografico\"><strong>17 gennaio 2017<\/strong><\/a> \u00e8 stata ascoltata la dottoressa Gianna Maria Nanna, sostituto procuratore presso il tribunale per i minorenni di Bari ed esperta in materia di giustizia minorile; successivamente sono stati auditi la Garante per l&#8217;infanzia e l&#8217;adolescenza, Filomena Albano (seduta del <a href=\"http:\/\/www.camera.it\/leg17\/1058?idLegislatura=17&amp;tipologia=audiz2&amp;sottotipologia=audizione&amp;anno=2017&amp;mese=03&amp;giorno=21&amp;idCommissione=69&amp;numero=0079&amp;file=indice_stenografico\"><strong>21 marzo 2017<\/strong><\/a>) e il Capo del Dipartimento per il sistema educativo di istruzione e formazione del Miur, Rosa De Pasquale (seduta del <a href=\"http:\/\/www.camera.it\/leg17\/1058?idLegislatura=17&amp;tipologia=audiz2&amp;sottotipologia=audizione&amp;anno=2017&amp;mese=03&amp;giorno=22&amp;idCommissione=69&amp;numero=0080&amp;file=indice_stenografico\"><strong>22 marzo 2017<\/strong><\/a>). Qui di seguito sono sintetizzati gli aspetti salienti di tali ultime quattro audizioni.<\/p>\n<p><strong>Il sistema di accoglienza per minori stranieri non accompagnati.<\/strong> La responsabile ricorda che il sistema di accoglienza per i minori stranieri non accompagnati \u00e8 ancora in costruzione: si tratta del sistema definito nella seduta della Conferenza Unificata Stato autonomie locali del 10 luglio 2014, quando venne approvato il primo Piano Nazionale per far fronte allo straordinario arrivo di cittadini extracomunitari, volto ad assicurare un\u2019assistenza adeguata ai minori, da realizzare attraverso un\u2019azione concertata da Amministrazioni statali, regionali e locali. L\u2019ordinamento attribuisce ai sindaci la responsabilit\u00e0 della tutela di questi ragazzi, ma il loro incremento ha reso difficile far fronte a questo compito, soprattutto a causa degli oneri che derivano da questa specifica accoglienza. Proprio per questo nel 2012 \u00e8 stato istituito il Fondo per l\u2019accoglienza dei minori stranieri non accompagnati (attualmente pari a 170 milioni di euro), la cui gestione \u00e8 affidata dal 2014 al Ministero dell\u2019Interno, incaricato di \u201cricondurre il fenomeno a una <em>governance<\/em> di sistema\u201d. Segnala a tale riguardo che nel 2016 i minori sbarcati su territorio nazionale sono stati 25.846, il doppio di quelli arrivati nel 2015 (12.360). il Vice prefetto ricorda che a questi dati vanno aggiunti quelli relativi ai minori che arrivano in Italia attraverso valichi terrestri, da alcuni anni in aumento.<\/p>\n<p><strong>La struttura di missione presso il Ministero dell<\/strong><strong>\u2019<\/strong><strong>interno.<\/strong> Il Vice prefetto illustra la Struttura di missione per l&#8217;accoglienza dei minori stranieri non accompagnati, costituita dal Ministro dell\u2019interno a pochi giorni dall\u2019Intesa in Conferenza. Per ottenere le risorse necessarie si sono rivolti all\u2019Unione europea, facendo presente le necessit\u00e0 di un sostegno anche finanziario e proponendo una linea di attivit\u00e0. La Commissione ha accolto la richiesta, finanziando una misura emergenziale con 13 milioni di euro, con la quale \u00e8 stato possibile attivare complessivamente, nell\u2019anno 2015, quindici progetti, per complessivi 737 posti. L\u2019obiettivo prefissato era quello di realizzare, anche per i minori stranieri non accompagnati, un\u2019accoglienza diffusa sul territorio nazionale, ma finora alcune Regioni hanno deciso di non partecipare al bando, motivando tale scelta con l\u2019impossibilit\u00e0 di far fronte a tali servizi: al momento i progetti sono stati avviati in Sicilia, Calabria, Puglia, Basilicata, Campania, Lazio, Toscana, Emilia-Romagna e Liguria (a cui si sono poi aggiunti progetti in Piemonte e in Sardegna). Nel 2015 la Struttura di missione ha anche curato un primo bando dedicato esclusivamente ai minori per l\u2019accoglienza nello SPRAR.<\/p>\n<p>Dal momento che l\u2019accoglienza nel sistema SPRAR viene considerata la migliore per i minori, l\u2019intesa in Conferenza sancisce che debba essere offerta a tutti i ragazzi, indipendentemente dall\u2019eventuale presentazione di una domanda d\u2019asilo, per questo sono stati attivati nuovi posti (1.010). Il Vice prefetto evidenzia come l\u2019adesione all\u2019avviso pubblico non sia stata significativa come sperato, dal momento che le sole 50 proposte progettuali presentate consentiranno forse di arrivare a 800 posti a fronte dei 2000 stimati come fabbisogno.<\/p>\n<p><strong>L<\/strong><strong>\u2019<\/strong><strong>inadeguatezza delle risorse. <\/strong>La Commissione approfondisce in particolare la problematica della copertura delle spese sostenute dalle amministrazioni locali, a integrazione dei 45 euro pro capite previste per legge, cui talora si fa fronte con i fondi stanziati dalle Regioni, ma mettono spesso tanti comuni in situazioni di difficolt\u00e0.<\/p>\n<p><em>La relocation dei minori<\/em>. Un ulteriore tema \u00e8 rappresentato dallo snellimento delle procedure al fine di consentire di utilizzare le borse di studio e borse lavoro messe a disposizione da diversi Paesi stranieri; se la <em>relocation<\/em> per gli adulti non ha funzionato, per i minori occorre infatti superare anche le rigidit\u00e0 connesse alle autorizzazioni necessarie per trasferire i ragazzi da una in un\u2019altra struttura: il maggior e pi\u00f9 tempestivo utilizzo di tale opportunit\u00e0 consentirebbe anche di alleggerire gli oneri a carico del sistema di accoglienza.<\/p>\n<p><strong>L<\/strong><strong>\u2019<\/strong><strong>audizione del sostituto procuratore presso il tribunale per i minorenni di Bari<\/strong>. La dottoressa Nanna, dopo un esaustivo quadro sulle problematiche che affliggono i migranti minori non accompagnati, sottolinea che negli uffici della procura della Repubblica presso il tribunale per i minorenni ci sono delle sezioni specializzate di polizia giudiziaria che, nonostante siano altamente selezionate, attuano solo in parte quello che era l\u2019intento delle Regole di Pechino dell\u2019ONU, che suggeriva addirittura la creazione di corpi di polizia special, in particolare nei grandi centri, aventi specifica competenza e attitudine ad affrontare le problematiche minorili. Per questo motivo ritiene fondamentale incentivare contatti costanti tra l\u2019autorit\u00e0 giudiziaria, le sezioni specializzate e le forze dell\u2019ordine presenti sul territorio e una specifica attivit\u00e0 di formazione.<\/p>\n<p><em>Procedura di accoglienza<\/em>. I primi interventi nei confronti di un minore che arriva in Italia sono quelli dell\u2019identificazione e dell\u2019accertamento dell\u2019et\u00e0. Nel caso in cui si tratti di minore straniero non accompagnato, senza figure parentali di riferimento, allora la condizione di minore viene ritenuta di per s\u00e9 di disagio, per cui vige il divieto di espulsione: la polizia giudiziaria colloca il minore in una struttura protetta, in attesa del provvedimento di conferma da parte della magistratura. In Puglia \u00e8 stato creato, d\u2019intesa con l&#8217;Autorit\u00e0 garante per l&#8217;infanzia e per l\u2019adolescenza, un albo relativo ai \u201dtutori legali volontari\u201d. Si tratta di persone che esercitano questo ruolo gratuitamente e che vengono formati in diritto minorile da personale specializzato; appare auspicabile l\u2019utilizzo di tale albo anche a livello nazionale, come previsto dal progetto di legge in materia.<\/p>\n<p><em>Attivit<\/em><em>\u00e0<\/em> <em>ispettiva nelle comunit<\/em><em>\u00e0<\/em> <em>di accoglienza<\/em>. La funzione di ispezione nelle comunit\u00e0 di accoglienza \u00e8 attribuita dalla legge al pubblico ministero minorile, che solitamente delega le operazioni (semestrali e, ove necessario, straordinarie in ogni tempo) alla polizia giudiziaria. Con le informazioni raccolte i pubblici ministeri redigono una relazione ispettiva, anche con riguardo alla condizione del singolo, che viene poi trasmessa al tribunale che, a seguito di istruttoria, adotta i provvedimenti.<\/p>\n<p><em>Le verifiche dei programmi di inserimento<\/em>. Rilevanza fondamentale assumono gli interventi da parte di tutte le Istituzioni locali per favorire l\u2019integrazione territoriale, scolastica e lavorativa e prevenire cos\u00ec l&#8217;ingresso dei giovani nel mondo della criminalit\u00e0 ovvero il loro assoggettamento alle organizzazioni criminali che gestiscono il mercato della prostituzione minorile.<\/p>\n<p><em>La ricostituzione dei nuclei familiari<\/em>. La dottoressa Nanna sottolinea l\u2019importanza della norma del testo unico (art. 31) che autorizza per un periodo di tempo determinato la ricongiunzione con un familiare gi\u00e0 presente sul territorio nazionale, anche in assenza di un&#8217;autorizzazione o un permesso di soggiorno: ci\u00f2 permette di sottrarre interi nuclei familiari ad una condizione di clandestinit\u00e0 e regolarizzare questi nuclei sul territorio nazionale.<\/p>\n<p><strong>L<\/strong><strong>\u2019<\/strong><strong>audizione della Garante per l<\/strong><strong>\u2019<\/strong><strong>infanzia<\/strong>. Dopo una ricostruzione dell\u2019attivit\u00e0 dell\u2019Autorit\u00e0, a livello nazionale ed internazionale (in collaborazione con gli organismi operanti a livello europeo, come il CAHENF &#8211; <em>Ad hoc Committee for the Rights of the Child<\/em> \u2013 e l&#8217;ENOC &#8211; <em>European Network of Ombudspersons for Children<\/em>) e della normativa italiana, in costante evoluzione, la Garante illustra i primi risultati dell\u2019azione di monitoraggio delle strutture di prima accoglienza. Le strutture visitate garantiscono il rispetto del numero massimo di minori da ospitare e la loro ubicazione, salvo alcune eccezioni, risulta abbastanza funzionale alle esigenze dei ragazzi. Un aspetto fortemente critico \u00e8 invece quello dei tempi di permanenza (ulteriormente ridotti dalla nuova legge sui minori non accompagnati) che non vengono assolutamente rispettati a causa del c.d \u201cdoppio imbuto\u201d: esistono infatti grosse difficolt\u00e0 nel reperire posti sia nei centri di prima accoglienza che in quelli di seconda accoglienza; e un certo numero di ragazzi, non identificati immediatamente come minori, viene all\u2019inizio ospitato nei centri per adulti. La lunga permanenza in tali centri non fa che aggravare l\u2019altro aspetto critico, quello della carenza di attivit\u00e0 di vera e propria integrazione, cui queste strutture, essendo finalizzate alla prima accoglienza, non provvedono in modo adeguato.<\/p>\n<p>La Garante sottolinea infine l\u2019importanza del tema dei tutori e gli sforzi in atto per ampliare il numero dei tutori volontari (figura valorizzata anche dalla nuova legge) al fine di garantire una forma di tutela maggiore dei minori; su questo versante, esprime netta contrariet\u00e0 alla proposta di abolire i tribunali dei minorenni.<\/p>\n<p><strong>L<\/strong><strong>\u2019<\/strong><strong>audizione del Capo del Dipartimento per il sistema educativo di istruzione e formazione del Miur<\/strong>. L\u2019audizione \u00e8 incentrata sullo sforzo di tutte le istituzioni scolastiche \u2013 ivi inclusi i Centri Provinciali per l&#8217;Istruzione degli Adulti (CPIA) &#8211; per far fronte alle esigenze di studio e formazione di minori stranieri, pur in presenza di flussi sempre pi\u00f9 consistenti di minori stranieri non accompagnati. Oggi tali minori sono concentrati nelle regioni maggiormente esposte al fenomeno degli arrivi via mare e nelle grandi citt\u00e0 (in particolare Sicilia, Calabria, Puglia, Lazio, Lombardia, Emilia-Romagna e Toscana).<\/p>\n<p>Si tratta di realt\u00e0 molto variegate, poich\u00e8 \u00e8 molto diversa la situazione dei Paesi di provenienza (soprattutto Egitto, Albania, Eritrea, Zambia, Nigeria, Somalia e Bangladesh): caratterizzati spesso da una situazione sociale drammatica, ci\u00f2 che impone una presa in carico anche psicologica e relazionale di questi minori.<\/p>\n<p>Vengono illustrate le caratteristiche dei progetti di accoglienza e integrazione dei minori stranieri non accompagnati e delle risorse finanziarie stanziate, con un coinvolgimento di tutte le regioni d&#8217;Italia, in modo particolare di Sicilia e Calabria.<\/p>\n<p>In questo contesto appare importante una riflessione sull\u2019introduzione di uno specifico corso universitario per mediatore culturale, che risulta essenziale in una scuola ormai multietnica.<\/p>\n<p>(<em>Con la collaborazione<\/em>\u00a0<em>di Giulia Luciani, giornalista pubblicista<\/em>)<\/p>\n","protected":false},"excerpt":{"rendered":"<p>Premessa.La Commissione di inchiesta sul sistema di accoglienza, identificazione ed espulsione dei migranti ha dedicato particolare attenzione al tema dei minori stranieri non accompagnati, soggetti&nbsp;<span class=\"hellipsis\">[&hellip;]<\/span><a class=\"more-link\" href=\"https:\/\/welaikaadv.site\/avviso\/home\/cosa-facciamo\/informare\/osservatorio-parlamentare\/attivita-dinchiesta\/attivita-dinchiesta-xvii\/commissione-di-inchiesta-della-camera-sul-sistema-di-accoglienza-dei-profughi\/migranti-minori-non-accompagnati-audizioni-della-commissione-parlamentare-sul-sistema-di-accoglienza\/\">Leggi tutto <span class=\"screen-reader-text\">Migranti minori non accompagnati: audizioni della Commissione parlamentare sul sistema di accoglienza<\/span> <span class=\"meta-nav\" aria-hidden=\"true\">&rarr;<\/span><\/a><\/p>\n","protected":false},"author":1,"featured_media":0,"parent":23587,"menu_order":0,"comment_status":"closed","ping_status":"closed","template":"","meta":{"_acf_changed":false,"_exactmetrics_skip_tracking":false,"_exactmetrics_sitenote_active":false,"_exactmetrics_sitenote_note":"","_exactmetrics_sitenote_category":0,"wp_social_preview_title":"","wp_social_preview_description":"","wp_social_preview_image":0,"footnotes":""},"class_list":["post-6183","page","type-page","status-publish","hentry"],"acf":[],"yoast_head":"<!-- This site is optimized with the Yoast SEO plugin v27.2 - https:\/\/yoast.com\/product\/yoast-seo-wordpress\/ -->\n<title>Migranti minori non accompagnati: audizioni della Commissione parlamentare sul sistema di accoglienza - Staging Avviso Pubblico<\/title>\n<meta name=\"robots\" content=\"noindex, follow, max-snippet:-1, max-image-preview:large, max-video-preview:-1\" \/>\n<meta property=\"og:locale\" content=\"it_IT\" \/>\n<meta property=\"og:type\" content=\"article\" \/>\n<meta property=\"og:title\" content=\"Migranti minori non accompagnati: audizioni della Commissione parlamentare sul sistema di accoglienza - Staging Avviso Pubblico\" \/>\n<meta property=\"og:description\" content=\"Premessa.La Commissione di inchiesta sul sistema di accoglienza, identificazione ed espulsione dei migranti ha dedicato particolare attenzione al tema dei minori stranieri non accompagnati, soggetti&nbsp;[&hellip;]Leggi tutto Migranti minori non accompagnati: audizioni della Commissione parlamentare sul sistema di accoglienza &rarr;\" \/>\n<meta property=\"og:url\" content=\"https:\/\/welaikaadv.site\/avviso\/home\/cosa-facciamo\/informare\/osservatorio-parlamentare\/attivita-dinchiesta\/attivita-dinchiesta-xvii\/commissione-di-inchiesta-della-camera-sul-sistema-di-accoglienza-dei-profughi\/migranti-minori-non-accompagnati-audizioni-della-commissione-parlamentare-sul-sistema-di-accoglienza\/\" \/>\n<meta property=\"og:site_name\" content=\"Staging Avviso Pubblico\" \/>\n<meta name=\"twitter:card\" content=\"summary_large_image\" \/>\n<meta name=\"twitter:label1\" content=\"Tempo di lettura stimato\" \/>\n\t<meta name=\"twitter:data1\" content=\"8 minuti\" \/>\n<script type=\"application\/ld+json\" class=\"yoast-schema-graph\">{\"@context\":\"https:\/\/schema.org\",\"@graph\":[{\"@type\":\"WebPage\",\"@id\":\"https:\/\/welaikaadv.site\/avviso\/home\/cosa-facciamo\/informare\/osservatorio-parlamentare\/attivita-dinchiesta\/attivita-dinchiesta-xvii\/commissione-di-inchiesta-della-camera-sul-sistema-di-accoglienza-dei-profughi\/migranti-minori-non-accompagnati-audizioni-della-commissione-parlamentare-sul-sistema-di-accoglienza\/\",\"url\":\"https:\/\/welaikaadv.site\/avviso\/home\/cosa-facciamo\/informare\/osservatorio-parlamentare\/attivita-dinchiesta\/attivita-dinchiesta-xvii\/commissione-di-inchiesta-della-camera-sul-sistema-di-accoglienza-dei-profughi\/migranti-minori-non-accompagnati-audizioni-della-commissione-parlamentare-sul-sistema-di-accoglienza\/\",\"name\":\"Migranti minori non accompagnati: audizioni della Commissione parlamentare sul sistema di accoglienza - Staging Avviso Pubblico\",\"isPartOf\":{\"@id\":\"https:\/\/welaikaadv.site\/avviso\/#website\"},\"datePublished\":\"2017-04-04T15:54:21+00:00\",\"breadcrumb\":{\"@id\":\"https:\/\/welaikaadv.site\/avviso\/home\/cosa-facciamo\/informare\/osservatorio-parlamentare\/attivita-dinchiesta\/attivita-dinchiesta-xvii\/commissione-di-inchiesta-della-camera-sul-sistema-di-accoglienza-dei-profughi\/migranti-minori-non-accompagnati-audizioni-della-commissione-parlamentare-sul-sistema-di-accoglienza\/#breadcrumb\"},\"inLanguage\":\"it-IT\",\"potentialAction\":[{\"@type\":\"ReadAction\",\"target\":[\"https:\/\/welaikaadv.site\/avviso\/home\/cosa-facciamo\/informare\/osservatorio-parlamentare\/attivita-dinchiesta\/attivita-dinchiesta-xvii\/commissione-di-inchiesta-della-camera-sul-sistema-di-accoglienza-dei-profughi\/migranti-minori-non-accompagnati-audizioni-della-commissione-parlamentare-sul-sistema-di-accoglienza\/\"]}]},{\"@type\":\"BreadcrumbList\",\"@id\":\"https:\/\/welaikaadv.site\/avviso\/home\/cosa-facciamo\/informare\/osservatorio-parlamentare\/attivita-dinchiesta\/attivita-dinchiesta-xvii\/commissione-di-inchiesta-della-camera-sul-sistema-di-accoglienza-dei-profughi\/migranti-minori-non-accompagnati-audizioni-della-commissione-parlamentare-sul-sistema-di-accoglienza\/#breadcrumb\",\"itemListElement\":[{\"@type\":\"ListItem\",\"position\":1,\"name\":\"Home\",\"item\":\"https:\/\/welaikaadv.site\/avviso\/\"},{\"@type\":\"ListItem\",\"position\":2,\"name\":\"Migranti minori non accompagnati: audizioni della Commissione parlamentare sul sistema di accoglienza\"}]},{\"@type\":\"WebSite\",\"@id\":\"https:\/\/welaikaadv.site\/avviso\/#website\",\"url\":\"https:\/\/welaikaadv.site\/avviso\/\",\"name\":\"Staging Avviso Pubblico\",\"description\":\"\",\"publisher\":{\"@id\":\"https:\/\/welaikaadv.site\/avviso\/#organization\"},\"potentialAction\":[{\"@type\":\"SearchAction\",\"target\":{\"@type\":\"EntryPoint\",\"urlTemplate\":\"https:\/\/welaikaadv.site\/avviso\/?s={search_term_string}\"},\"query-input\":{\"@type\":\"PropertyValueSpecification\",\"valueRequired\":true,\"valueName\":\"search_term_string\"}}],\"inLanguage\":\"it-IT\"},{\"@type\":\"Organization\",\"@id\":\"https:\/\/welaikaadv.site\/avviso\/#organization\",\"name\":\"Staging Avviso Pubblico\",\"url\":\"https:\/\/welaikaadv.site\/avviso\/\",\"logo\":{\"@type\":\"ImageObject\",\"inLanguage\":\"it-IT\",\"@id\":\"https:\/\/welaikaadv.site\/avviso\/#\/schema\/logo\/image\/\",\"url\":\"https:\/\/welaikaadv.site\/avviso\/wp-content\/uploads\/2024\/08\/logoAPsito-400.png\",\"contentUrl\":\"https:\/\/welaikaadv.site\/avviso\/wp-content\/uploads\/2024\/08\/logoAPsito-400.png\",\"width\":400,\"height\":97,\"caption\":\"Staging Avviso Pubblico\"},\"image\":{\"@id\":\"https:\/\/welaikaadv.site\/avviso\/#\/schema\/logo\/image\/\"}}]}<\/script>\n<!-- \/ Yoast SEO plugin. -->","yoast_head_json":{"title":"Migranti minori non accompagnati: audizioni della Commissione parlamentare sul sistema di accoglienza - Staging Avviso Pubblico","robots":{"index":"noindex","follow":"follow","max-snippet":"max-snippet:-1","max-image-preview":"max-image-preview:large","max-video-preview":"max-video-preview:-1"},"og_locale":"it_IT","og_type":"article","og_title":"Migranti minori non accompagnati: audizioni della Commissione parlamentare sul sistema di accoglienza - Staging Avviso Pubblico","og_description":"Premessa.La Commissione di inchiesta sul sistema di accoglienza, identificazione ed espulsione dei migranti ha dedicato particolare attenzione al tema dei minori stranieri non accompagnati, soggetti&nbsp;[&hellip;]Leggi tutto Migranti minori non accompagnati: audizioni della Commissione parlamentare sul sistema di accoglienza &rarr;","og_url":"https:\/\/welaikaadv.site\/avviso\/home\/cosa-facciamo\/informare\/osservatorio-parlamentare\/attivita-dinchiesta\/attivita-dinchiesta-xvii\/commissione-di-inchiesta-della-camera-sul-sistema-di-accoglienza-dei-profughi\/migranti-minori-non-accompagnati-audizioni-della-commissione-parlamentare-sul-sistema-di-accoglienza\/","og_site_name":"Staging Avviso Pubblico","twitter_card":"summary_large_image","twitter_misc":{"Tempo di lettura stimato":"8 minuti"},"schema":{"@context":"https:\/\/schema.org","@graph":[{"@type":"WebPage","@id":"https:\/\/welaikaadv.site\/avviso\/home\/cosa-facciamo\/informare\/osservatorio-parlamentare\/attivita-dinchiesta\/attivita-dinchiesta-xvii\/commissione-di-inchiesta-della-camera-sul-sistema-di-accoglienza-dei-profughi\/migranti-minori-non-accompagnati-audizioni-della-commissione-parlamentare-sul-sistema-di-accoglienza\/","url":"https:\/\/welaikaadv.site\/avviso\/home\/cosa-facciamo\/informare\/osservatorio-parlamentare\/attivita-dinchiesta\/attivita-dinchiesta-xvii\/commissione-di-inchiesta-della-camera-sul-sistema-di-accoglienza-dei-profughi\/migranti-minori-non-accompagnati-audizioni-della-commissione-parlamentare-sul-sistema-di-accoglienza\/","name":"Migranti minori non accompagnati: audizioni della Commissione parlamentare sul sistema di accoglienza - Staging Avviso Pubblico","isPartOf":{"@id":"https:\/\/welaikaadv.site\/avviso\/#website"},"datePublished":"2017-04-04T15:54:21+00:00","breadcrumb":{"@id":"https:\/\/welaikaadv.site\/avviso\/home\/cosa-facciamo\/informare\/osservatorio-parlamentare\/attivita-dinchiesta\/attivita-dinchiesta-xvii\/commissione-di-inchiesta-della-camera-sul-sistema-di-accoglienza-dei-profughi\/migranti-minori-non-accompagnati-audizioni-della-commissione-parlamentare-sul-sistema-di-accoglienza\/#breadcrumb"},"inLanguage":"it-IT","potentialAction":[{"@type":"ReadAction","target":["https:\/\/welaikaadv.site\/avviso\/home\/cosa-facciamo\/informare\/osservatorio-parlamentare\/attivita-dinchiesta\/attivita-dinchiesta-xvii\/commissione-di-inchiesta-della-camera-sul-sistema-di-accoglienza-dei-profughi\/migranti-minori-non-accompagnati-audizioni-della-commissione-parlamentare-sul-sistema-di-accoglienza\/"]}]},{"@type":"BreadcrumbList","@id":"https:\/\/welaikaadv.site\/avviso\/home\/cosa-facciamo\/informare\/osservatorio-parlamentare\/attivita-dinchiesta\/attivita-dinchiesta-xvii\/commissione-di-inchiesta-della-camera-sul-sistema-di-accoglienza-dei-profughi\/migranti-minori-non-accompagnati-audizioni-della-commissione-parlamentare-sul-sistema-di-accoglienza\/#breadcrumb","itemListElement":[{"@type":"ListItem","position":1,"name":"Home","item":"https:\/\/welaikaadv.site\/avviso\/"},{"@type":"ListItem","position":2,"name":"Migranti minori non accompagnati: audizioni della Commissione parlamentare sul sistema di accoglienza"}]},{"@type":"WebSite","@id":"https:\/\/welaikaadv.site\/avviso\/#website","url":"https:\/\/welaikaadv.site\/avviso\/","name":"Staging Avviso Pubblico","description":"","publisher":{"@id":"https:\/\/welaikaadv.site\/avviso\/#organization"},"potentialAction":[{"@type":"SearchAction","target":{"@type":"EntryPoint","urlTemplate":"https:\/\/welaikaadv.site\/avviso\/?s={search_term_string}"},"query-input":{"@type":"PropertyValueSpecification","valueRequired":true,"valueName":"search_term_string"}}],"inLanguage":"it-IT"},{"@type":"Organization","@id":"https:\/\/welaikaadv.site\/avviso\/#organization","name":"Staging Avviso Pubblico","url":"https:\/\/welaikaadv.site\/avviso\/","logo":{"@type":"ImageObject","inLanguage":"it-IT","@id":"https:\/\/welaikaadv.site\/avviso\/#\/schema\/logo\/image\/","url":"https:\/\/welaikaadv.site\/avviso\/wp-content\/uploads\/2024\/08\/logoAPsito-400.png","contentUrl":"https:\/\/welaikaadv.site\/avviso\/wp-content\/uploads\/2024\/08\/logoAPsito-400.png","width":400,"height":97,"caption":"Staging Avviso Pubblico"},"image":{"@id":"https:\/\/welaikaadv.site\/avviso\/#\/schema\/logo\/image\/"}}]}},"_links":{"self":[{"href":"https:\/\/welaikaadv.site\/avviso\/wp-json\/wp\/v2\/pages\/6183","targetHints":{"allow":["GET"]}}],"collection":[{"href":"https:\/\/welaikaadv.site\/avviso\/wp-json\/wp\/v2\/pages"}],"about":[{"href":"https:\/\/welaikaadv.site\/avviso\/wp-json\/wp\/v2\/types\/page"}],"author":[{"embeddable":true,"href":"https:\/\/welaikaadv.site\/avviso\/wp-json\/wp\/v2\/users\/1"}],"replies":[{"embeddable":true,"href":"https:\/\/welaikaadv.site\/avviso\/wp-json\/wp\/v2\/comments?post=6183"}],"version-history":[{"count":0,"href":"https:\/\/welaikaadv.site\/avviso\/wp-json\/wp\/v2\/pages\/6183\/revisions"}],"up":[{"embeddable":true,"href":"https:\/\/welaikaadv.site\/avviso\/wp-json\/wp\/v2\/pages\/23587"}],"wp:attachment":[{"href":"https:\/\/welaikaadv.site\/avviso\/wp-json\/wp\/v2\/media?parent=6183"}],"curies":[{"name":"wp","href":"https:\/\/api.w.org\/{rel}","templated":true}]}}