{"id":6196,"date":"2017-11-07T17:05:10","date_gmt":"2017-11-07T16:05:10","guid":{"rendered":"http:\/\/www.avvisopubblico.it\/osservatorio\/?page_id=6196"},"modified":"2017-11-07T17:05:10","modified_gmt":"2017-11-07T16:05:10","slug":"commissione-sul-sistema-di-accoglienza-audizioni-della-commissione-nazionale-per-il-diritto-di-asilo","status":"publish","type":"page","link":"https:\/\/welaikaadv.site\/avviso\/home\/cosa-facciamo\/informare\/osservatorio-parlamentare\/attivita-dinchiesta\/attivita-dinchiesta-xvii\/commissione-di-inchiesta-della-camera-sul-sistema-di-accoglienza-dei-profughi\/commissione-sul-sistema-di-accoglienza-audizioni-della-commissione-nazionale-per-il-diritto-di-asilo\/","title":{"rendered":"Commissione sul sistema di accoglienza e Comitato Schengen: audizioni della Commissione nazionale per il diritto di asilo"},"content":{"rendered":"<p><strong>Premessa<\/strong>. La Commissione parlamentare di inchiesta sul sistema di accoglienza, identificazione ed espulsione, nonch\u00e9 sulle condizioni di trattenimento dei migranti ha ascoltato in pi\u00f9 occasioni il prefetto Angelo Trovato, presidente della Commissione nazionale per il diritto di asilo del Ministero dell&#8217;Interno (in particolare nelle sedute del <a href=\"http:\/\/www.camera.it\/leg17\/1058?idLegislatura=17&amp;tipologia=audiz2&amp;sottotipologia=audizione&amp;anno=2015&amp;mese=05&amp;giorno=14&amp;idCommissione=69&amp;numero=0004&amp;file=indice_stenografico\"><strong>14 maggio 2015<\/strong><\/a>, <a href=\"http:\/\/www.camera.it\/leg17\/1058?idLegislatura=17&amp;tipologia=audiz2&amp;sottotipologia=audizione&amp;anno=2016&amp;mese=06&amp;giorno=08&amp;idCommissione=69&amp;numero=0049&amp;file=indice_stenografico\"><strong>8 giugno 2016<\/strong><\/a> e <a href=\"http:\/\/www.camera.it\/leg17\/1058?idLegislatura=17&amp;tipologia=audiz2&amp;sottotipologia=audizione&amp;anno=2017&amp;mese=01&amp;giorno=31&amp;idCommissione=69&amp;numero=0074&amp;file=indice_stenografico#stenograficoCommissione.tit00010.int00010\"><strong>31 gennaio 2017<\/strong><\/a>). Il Prefetto Trovato \u00e8 stato ascoltato successivamente anche dal Comitato Schengen (seduta del <a href=\"http:\/\/www.camera.it\/leg17\/1079?idLegislatura=17&amp;tipologia=indag&amp;sottotipologia=c30_confini&amp;anno=2017&amp;mese=03&amp;giorno=15&amp;idCommissione=30&amp;numero=0040&amp;file=indice_stenografico\"><strong>15 marzo 2017<\/strong><\/a>), al quale sono stati forniti dati aggiornati ai primi mesi del 2017. Nelle sedute del <a href=\"http:\/\/www.camera.it\/leg17\/1058?idLegislatura=17&amp;tipologia=audiz2&amp;sottotipologia=audizione&amp;anno=2017&amp;mese=10&amp;giorno=19&amp;idCommissione=69&amp;numero=0095&amp;file=indice_stenografico\"><strong>19 ottobre 2017<\/strong><\/a> e <a href=\"http:\/\/www.camera.it\/leg17\/1058?idLegislatura=17&amp;tipologia=audiz2&amp;sottotipologia=audizione&amp;anno=2017&amp;mese=10&amp;giorno=24&amp;idCommissione=69&amp;numero=0096&amp;file=indice_stenografico\"><strong>24 ottobre 2017<\/strong><\/a>, la Commissione Migranti ha audito il prefetto Sandra Sarti, che \u00e8 subentrata al prefetto Trovato quale Presidente della Commissione nazionale per il diritto di asilo. Qui di seguito sono sintetizzati \u2013 sulla base degli stenografici disponibili &#8211; gli aspetti principali delle ultime audizioni (due delle quali in parte segretate), che affrontano le problematiche delle commissioni territoriali alla luce delle pi\u00f9 recenti tendenze sul numero degli sbarchi e delle richieste di protezione.<\/p>\n<p><strong>Analisi dei dati<\/strong>. Al 30 dicembre 2016 il numero totale degli sbarcati era stato di 181.436, di cui 25.772 minori. Le richieste di asilo erano inferiori (123.600): ci\u00f2 \u00e8 dovuto in particolare alla volont\u00e0 di trovare una <em>relocation<\/em> in altri Stati (\u00e8 il caso soprattutto degli Eritrei, che vantano comunit\u00e0 molto radicate in altri Paesi europei). Si registra una crescita elevatissima rispetto al 2015: + 47,2%. Si tratta soprattutto di uomini: 105.006 a fronte di 18.594 donne (la maggior parte nigeriane), con una percentuale limitatissima di persone sopra i 65 anni (appena 90), mentre il maggior numero di domande di asilo riguarda la fascia dai 18 ai 34 anni. Nei primi 10 mesi del 2017 le domande di asilo presentate sono state 110.626 (il 21,65 per cento in pi\u00f9 rispetto allo stesso periodo del 2016).<\/p>\n<p>I Prefetti Trovato e Sarti si soffermano sulla situazione dei Paesi da cui ha origine la maggior parte dei profughi (Nigeria, Bangadlesh, Pakistan, Gambia, Senegal, Costa D\u2019Avorio, Afghanistan) la cui evoluzione va tenuta nella massima considerazione ai fini della valutazione delle domande di protezione: di fronte a un riconoscimento di protezione internazionale per la Nigeria, che \u00e8 all&#8217;8 per cento, si sale al 23 per cento per il Pakistan e al 91 per cento per l&#8217;Iraq.<\/p>\n<p>I dati complessivi del 2016 indicano una percentuale di accoglimento del 44 per cento, cos\u00ec ripartita: il 5 per cento di status di rifugiato, il 14 per cento di protezione sussidiaria, il 21 per cento di protezione umanitaria, il 4 per cento di irreperibili non riconosciuti: l\u2019esito dell\u2019istruttoria \u00e8 molto diverso a seconda del Paese di provenienza. Nel 2017, fino al 20 ottobre, le Commissioni territoriali hanno esaminato 64.751 posizioni, conferendo 5.567 status di rifugiato (pari al 9 per cento), 5.862 sussidiarie (9 per cento), 15.928 umanitarie (25 per cento), mentre gli status non riconosciuti sono 33.579 (52 per cento del totale). La percentuale dei rifugiati si \u00e8 sensibilmente ridotta nel corso degli anni (nel 2013 erano il 13 per cento) e cos\u00ec quella della sussidiaria (24 per cento nel 2013), mentre per l\u2019umanitaria il dato \u00e8 sostanzialmente stabile.<\/p>\n<p>I dati indicano una crescita delle decisioni di rigetto nel corso degli anni (nel 2013 erano il 29 per cento e dal 2015 si sono attestate tra il 52 e il 55 per cento), in connessione con l\u2019esaurimento dei flussi della Primavera araba. Per gli irreperibili emerge un dato abbastanza costante tra il 3 e il 6 per cento.<\/p>\n<p><strong>L<\/strong><strong>\u2019attivit<\/strong><strong>\u00e0 delle Commissioni<\/strong>. Nel 2016 sono state esaminate ben 91.102 richieste di protezione internazionale (l\u2019Italia \u00e8 il secondo paese dopo la Germania) su un totale di 120.000 richieste. In questo momento operano 48 Commissioni, di cui solo 26 con presidente a tempo pieno (si punta a costituirne altre 2 al Nord); cos\u00ec come sono a tempo pieno solo i componenti UNHCR (che svolgono un ruolo essenziale per il corretto funzionamento delle commissioni), e ci\u00f2 comporta conseguenze negative sui lavori delle commissioni. Attualmente infatti si riesce in media a completare 3-4 audizioni a componente, nettamente inferiore rispetto alle necessit\u00e0. Considerando l\u2019intero periodo 2014 &#8211; 2016, si ha un tempo medio di risposta di 260 giorni; esaminando invece la situazione anno per anno si evidenzia un netto miglioramento dei tempi di risposta, dovuto anche all\u2019aumento \u2013 da 16 a 50 &#8211; del numero delle commissioni: dai 347 giorni nel 2140 si passa a 201 nel 2015 e a 180 nel 2016, riferiti peraltro alle sole domande presentate nel corso dell&#8217;anno (c\u2019\u00e8 infatti da considerare anche l\u2019arretrato che si forma ogni anno). Va comunque sottolineato che il tempo relativo a ciascuna pratica \u00e8 molto differente da un caso all\u2019altro.\u2002Il numero complessivo dei procedimenti pendenti a ottobre 2017 \u00e8 di quasi 150.000, inclusi i casi di competenza delle questure e dell&#8217;Unit\u00e0 Dublino per l&#8217;individuazione della competenza dello Stato di ingresso (circa 10.000 casi): alla data di ottobre 2017 oltre 100.000 richiedenti sono in attesa di lettera di convocazione.<\/p>\n<p><strong>La problematica dei ricorsi<\/strong>. In caso di esito negativo della domanda di protezione c\u2019\u00e8 ovviamente l\u2019ipotesi dei ricorsi giurisdizionali, sui quali non sono per ora disponibili dati attendibili (\u00e8 in corso di realizzazione un nuovo sistema informatico di trattamento dei dati): nel triennio 2014-2016 i ricorsi presentati sono stati 53.438, di cui definiti il 18 per cento (9.690), di cui il 54 per cento accolti; l&#8217;81 per cento risultano tuttora pendenti. Chiaramente questa situazione \u2013 per la quale si stanno attivando forme di collaborazione con il Ministero della Giustizia ed il Consiglio superiore della magistratura, anche attraverso giornate comuni di formazione e l\u2019elaborazione di un sistema delle informazioni sui Paesi di origine &#8211; apre la problematica connessa alla illegittima presenza nel territorio italiano dei soggetti interessati. Il prefetto Sarti sottolinea che permane una eccessiva diversit\u00e0 di interpretazione sulla normativa in materia di protezione internazionale, che incidono poi sull\u2019esito dei ricorsi.<\/p>\n<p><strong>I minori non accompagnati<\/strong>. Le domande di protezione dei minori sono 11.656 (nella fascia di et\u00e0 da 0 a 13 anni sono 5.228, nella fascia di et\u00e0 da 14 a 17 anni 6.328), a fronte di 25.772 sbarchi. Tale differenza \u00e8 dovuta sia ai ricongiungimenti familiari che dovrebbero aver luogo, sia alla mancata nomina dei tutori da parte dell&#8217;autorit\u00e0 giudiziaria (tale aspetto incide negativamente sui tempi delle pratiche, nonostante le Commissioni diano sempre la priorit\u00e0) sia all\u2019assenza di interesse, al momento attuale, da parte di molti minori che hanno comunque il diritto di rimanere in Italia fino ai 18 anni (la richiesta di protezione viene presentata solo nei casi in cui si ritiene che vi siano le condizioni per un esito positivo). Il Prefetto Trovato esprime perplessit\u00e0 sulla proposta di nominare tutori i responsabili dei centri, perch\u00e9 si verrebbe a creare una situazione di conflitto di interesse palese tra il minore e il gestore del centro, e ci\u00f2 non andrebbe a tutela del minore.<\/p>\n<p><strong>Il potenziamento delle commissioni<\/strong>. Nelle audizioni \u00e8 stata sottolineata l\u2019urgenza di aumentare il numero dei componenti e di accrescere la loro professionalit\u00e0 attraverso una formazione specifica. Con 250 istruttori formati professionali, che lavorino a tempo pieno come istruttori intervistatori che affiancano la Commissione, si riuscirebbe a coprire circa 100.000 domande annue. A tal fine sono stati portati avanti programmi di formazione, rivolti anche ai magistrati che fanno parte delle nuove sezioni specializzate, e indetti concorsi, il cui iter \u00e8 in fase di ultimazione. Il Prefetto Sarti riferisce anche sulle misure previste dall\u2019Atto di Governo n. 464 \u2013 sottoposto al parere delle Camere &#8211; per la modifica della composizione delle Commissioni territoriali<\/p>\n<p>Il Prefetto trovato evidenzia la necessit\u00e0 di evitare che dalla discussione in atto a livello europeo emergano proposte (come quella sull&#8217;esame preliminare di ammissibilit\u00e0, che comporterebbe un doppio esame s\u00ec da parte delle commissioni che dell\u2019autorit\u00e0 giudiziaria) che complichino ulteriormente il lavoro delle commissioni ed incidano negativamente sui tempi di smaltimento delle domande.<\/p>\n<p>&nbsp;<\/p>\n<p>&nbsp;<\/p>\n<p>&nbsp;<\/p>\n<p>&nbsp;<\/p>\n<p>(<em>Ultimo aggiornamento 6 novembre 2017<\/em>)<\/p>\n<p>&nbsp;<\/p>\n","protected":false},"excerpt":{"rendered":"<p>Premessa. La Commissione parlamentare di inchiesta sul sistema di accoglienza, identificazione ed espulsione, nonch\u00e9 sulle condizioni di trattenimento dei migranti ha ascoltato in pi\u00f9 occasioni&nbsp;<span class=\"hellipsis\">[&hellip;]<\/span><a class=\"more-link\" href=\"https:\/\/welaikaadv.site\/avviso\/home\/cosa-facciamo\/informare\/osservatorio-parlamentare\/attivita-dinchiesta\/attivita-dinchiesta-xvii\/commissione-di-inchiesta-della-camera-sul-sistema-di-accoglienza-dei-profughi\/commissione-sul-sistema-di-accoglienza-audizioni-della-commissione-nazionale-per-il-diritto-di-asilo\/\">Leggi tutto <span class=\"screen-reader-text\">Commissione sul sistema di accoglienza e Comitato Schengen: audizioni della Commissione nazionale per il diritto di asilo<\/span> <span class=\"meta-nav\" aria-hidden=\"true\">&rarr;<\/span><\/a><\/p>\n","protected":false},"author":1,"featured_media":0,"parent":23587,"menu_order":0,"comment_status":"closed","ping_status":"closed","template":"","meta":{"_acf_changed":false,"_exactmetrics_skip_tracking":false,"_exactmetrics_sitenote_active":false,"_exactmetrics_sitenote_note":"","_exactmetrics_sitenote_category":0,"wp_social_preview_title":"","wp_social_preview_description":"","wp_social_preview_image":0,"footnotes":""},"class_list":["post-6196","page","type-page","status-publish","hentry"],"acf":[],"yoast_head":"<!-- This site is optimized with the Yoast SEO plugin v27.2 - https:\/\/yoast.com\/product\/yoast-seo-wordpress\/ -->\n<title>Commissione sul sistema di accoglienza e Comitato Schengen: audizioni della Commissione nazionale per il diritto di asilo - Staging Avviso Pubblico<\/title>\n<meta name=\"robots\" content=\"noindex, follow, max-snippet:-1, max-image-preview:large, max-video-preview:-1\" \/>\n<meta property=\"og:locale\" content=\"it_IT\" \/>\n<meta property=\"og:type\" content=\"article\" \/>\n<meta property=\"og:title\" content=\"Commissione sul sistema di accoglienza e Comitato Schengen: audizioni della Commissione nazionale per il diritto di asilo - Staging Avviso Pubblico\" \/>\n<meta property=\"og:description\" content=\"Premessa. La Commissione parlamentare di inchiesta sul sistema di accoglienza, identificazione ed espulsione, nonch\u00e9 sulle condizioni di trattenimento dei migranti ha ascoltato in pi\u00f9 occasioni&nbsp;[&hellip;]Leggi tutto Commissione sul sistema di accoglienza e Comitato Schengen: audizioni della Commissione nazionale per il diritto di asilo &rarr;\" \/>\n<meta property=\"og:url\" content=\"https:\/\/welaikaadv.site\/avviso\/home\/cosa-facciamo\/informare\/osservatorio-parlamentare\/attivita-dinchiesta\/attivita-dinchiesta-xvii\/commissione-di-inchiesta-della-camera-sul-sistema-di-accoglienza-dei-profughi\/commissione-sul-sistema-di-accoglienza-audizioni-della-commissione-nazionale-per-il-diritto-di-asilo\/\" \/>\n<meta property=\"og:site_name\" content=\"Staging Avviso Pubblico\" \/>\n<meta name=\"twitter:card\" content=\"summary_large_image\" \/>\n<meta name=\"twitter:label1\" content=\"Tempo di lettura stimato\" \/>\n\t<meta name=\"twitter:data1\" content=\"6 minuti\" \/>\n<script type=\"application\/ld+json\" class=\"yoast-schema-graph\">{\"@context\":\"https:\/\/schema.org\",\"@graph\":[{\"@type\":\"WebPage\",\"@id\":\"https:\/\/welaikaadv.site\/avviso\/home\/cosa-facciamo\/informare\/osservatorio-parlamentare\/attivita-dinchiesta\/attivita-dinchiesta-xvii\/commissione-di-inchiesta-della-camera-sul-sistema-di-accoglienza-dei-profughi\/commissione-sul-sistema-di-accoglienza-audizioni-della-commissione-nazionale-per-il-diritto-di-asilo\/\",\"url\":\"https:\/\/welaikaadv.site\/avviso\/home\/cosa-facciamo\/informare\/osservatorio-parlamentare\/attivita-dinchiesta\/attivita-dinchiesta-xvii\/commissione-di-inchiesta-della-camera-sul-sistema-di-accoglienza-dei-profughi\/commissione-sul-sistema-di-accoglienza-audizioni-della-commissione-nazionale-per-il-diritto-di-asilo\/\",\"name\":\"Commissione sul sistema di accoglienza e Comitato Schengen: audizioni della Commissione nazionale per il diritto di asilo - Staging Avviso Pubblico\",\"isPartOf\":{\"@id\":\"https:\/\/welaikaadv.site\/avviso\/#website\"},\"datePublished\":\"2017-11-07T16:05:10+00:00\",\"breadcrumb\":{\"@id\":\"https:\/\/welaikaadv.site\/avviso\/home\/cosa-facciamo\/informare\/osservatorio-parlamentare\/attivita-dinchiesta\/attivita-dinchiesta-xvii\/commissione-di-inchiesta-della-camera-sul-sistema-di-accoglienza-dei-profughi\/commissione-sul-sistema-di-accoglienza-audizioni-della-commissione-nazionale-per-il-diritto-di-asilo\/#breadcrumb\"},\"inLanguage\":\"it-IT\",\"potentialAction\":[{\"@type\":\"ReadAction\",\"target\":[\"https:\/\/welaikaadv.site\/avviso\/home\/cosa-facciamo\/informare\/osservatorio-parlamentare\/attivita-dinchiesta\/attivita-dinchiesta-xvii\/commissione-di-inchiesta-della-camera-sul-sistema-di-accoglienza-dei-profughi\/commissione-sul-sistema-di-accoglienza-audizioni-della-commissione-nazionale-per-il-diritto-di-asilo\/\"]}]},{\"@type\":\"BreadcrumbList\",\"@id\":\"https:\/\/welaikaadv.site\/avviso\/home\/cosa-facciamo\/informare\/osservatorio-parlamentare\/attivita-dinchiesta\/attivita-dinchiesta-xvii\/commissione-di-inchiesta-della-camera-sul-sistema-di-accoglienza-dei-profughi\/commissione-sul-sistema-di-accoglienza-audizioni-della-commissione-nazionale-per-il-diritto-di-asilo\/#breadcrumb\",\"itemListElement\":[{\"@type\":\"ListItem\",\"position\":1,\"name\":\"Home\",\"item\":\"https:\/\/welaikaadv.site\/avviso\/\"},{\"@type\":\"ListItem\",\"position\":2,\"name\":\"Commissione sul sistema di accoglienza e Comitato Schengen: audizioni della Commissione nazionale per il diritto di asilo\"}]},{\"@type\":\"WebSite\",\"@id\":\"https:\/\/welaikaadv.site\/avviso\/#website\",\"url\":\"https:\/\/welaikaadv.site\/avviso\/\",\"name\":\"Staging Avviso Pubblico\",\"description\":\"\",\"publisher\":{\"@id\":\"https:\/\/welaikaadv.site\/avviso\/#organization\"},\"potentialAction\":[{\"@type\":\"SearchAction\",\"target\":{\"@type\":\"EntryPoint\",\"urlTemplate\":\"https:\/\/welaikaadv.site\/avviso\/?s={search_term_string}\"},\"query-input\":{\"@type\":\"PropertyValueSpecification\",\"valueRequired\":true,\"valueName\":\"search_term_string\"}}],\"inLanguage\":\"it-IT\"},{\"@type\":\"Organization\",\"@id\":\"https:\/\/welaikaadv.site\/avviso\/#organization\",\"name\":\"Staging Avviso Pubblico\",\"url\":\"https:\/\/welaikaadv.site\/avviso\/\",\"logo\":{\"@type\":\"ImageObject\",\"inLanguage\":\"it-IT\",\"@id\":\"https:\/\/welaikaadv.site\/avviso\/#\/schema\/logo\/image\/\",\"url\":\"https:\/\/welaikaadv.site\/avviso\/wp-content\/uploads\/2024\/08\/logoAPsito-400.png\",\"contentUrl\":\"https:\/\/welaikaadv.site\/avviso\/wp-content\/uploads\/2024\/08\/logoAPsito-400.png\",\"width\":400,\"height\":97,\"caption\":\"Staging Avviso Pubblico\"},\"image\":{\"@id\":\"https:\/\/welaikaadv.site\/avviso\/#\/schema\/logo\/image\/\"}}]}<\/script>\n<!-- \/ Yoast SEO plugin. -->","yoast_head_json":{"title":"Commissione sul sistema di accoglienza e Comitato Schengen: audizioni della Commissione nazionale per il diritto di asilo - Staging Avviso Pubblico","robots":{"index":"noindex","follow":"follow","max-snippet":"max-snippet:-1","max-image-preview":"max-image-preview:large","max-video-preview":"max-video-preview:-1"},"og_locale":"it_IT","og_type":"article","og_title":"Commissione sul sistema di accoglienza e Comitato Schengen: audizioni della Commissione nazionale per il diritto di asilo - Staging Avviso Pubblico","og_description":"Premessa. La Commissione parlamentare di inchiesta sul sistema di accoglienza, identificazione ed espulsione, nonch\u00e9 sulle condizioni di trattenimento dei migranti ha ascoltato in pi\u00f9 occasioni&nbsp;[&hellip;]Leggi tutto Commissione sul sistema di accoglienza e Comitato Schengen: audizioni della Commissione nazionale per il diritto di asilo &rarr;","og_url":"https:\/\/welaikaadv.site\/avviso\/home\/cosa-facciamo\/informare\/osservatorio-parlamentare\/attivita-dinchiesta\/attivita-dinchiesta-xvii\/commissione-di-inchiesta-della-camera-sul-sistema-di-accoglienza-dei-profughi\/commissione-sul-sistema-di-accoglienza-audizioni-della-commissione-nazionale-per-il-diritto-di-asilo\/","og_site_name":"Staging Avviso Pubblico","twitter_card":"summary_large_image","twitter_misc":{"Tempo di lettura stimato":"6 minuti"},"schema":{"@context":"https:\/\/schema.org","@graph":[{"@type":"WebPage","@id":"https:\/\/welaikaadv.site\/avviso\/home\/cosa-facciamo\/informare\/osservatorio-parlamentare\/attivita-dinchiesta\/attivita-dinchiesta-xvii\/commissione-di-inchiesta-della-camera-sul-sistema-di-accoglienza-dei-profughi\/commissione-sul-sistema-di-accoglienza-audizioni-della-commissione-nazionale-per-il-diritto-di-asilo\/","url":"https:\/\/welaikaadv.site\/avviso\/home\/cosa-facciamo\/informare\/osservatorio-parlamentare\/attivita-dinchiesta\/attivita-dinchiesta-xvii\/commissione-di-inchiesta-della-camera-sul-sistema-di-accoglienza-dei-profughi\/commissione-sul-sistema-di-accoglienza-audizioni-della-commissione-nazionale-per-il-diritto-di-asilo\/","name":"Commissione sul sistema di accoglienza e Comitato Schengen: audizioni della Commissione nazionale per il diritto di asilo - Staging Avviso Pubblico","isPartOf":{"@id":"https:\/\/welaikaadv.site\/avviso\/#website"},"datePublished":"2017-11-07T16:05:10+00:00","breadcrumb":{"@id":"https:\/\/welaikaadv.site\/avviso\/home\/cosa-facciamo\/informare\/osservatorio-parlamentare\/attivita-dinchiesta\/attivita-dinchiesta-xvii\/commissione-di-inchiesta-della-camera-sul-sistema-di-accoglienza-dei-profughi\/commissione-sul-sistema-di-accoglienza-audizioni-della-commissione-nazionale-per-il-diritto-di-asilo\/#breadcrumb"},"inLanguage":"it-IT","potentialAction":[{"@type":"ReadAction","target":["https:\/\/welaikaadv.site\/avviso\/home\/cosa-facciamo\/informare\/osservatorio-parlamentare\/attivita-dinchiesta\/attivita-dinchiesta-xvii\/commissione-di-inchiesta-della-camera-sul-sistema-di-accoglienza-dei-profughi\/commissione-sul-sistema-di-accoglienza-audizioni-della-commissione-nazionale-per-il-diritto-di-asilo\/"]}]},{"@type":"BreadcrumbList","@id":"https:\/\/welaikaadv.site\/avviso\/home\/cosa-facciamo\/informare\/osservatorio-parlamentare\/attivita-dinchiesta\/attivita-dinchiesta-xvii\/commissione-di-inchiesta-della-camera-sul-sistema-di-accoglienza-dei-profughi\/commissione-sul-sistema-di-accoglienza-audizioni-della-commissione-nazionale-per-il-diritto-di-asilo\/#breadcrumb","itemListElement":[{"@type":"ListItem","position":1,"name":"Home","item":"https:\/\/welaikaadv.site\/avviso\/"},{"@type":"ListItem","position":2,"name":"Commissione sul sistema di accoglienza e Comitato Schengen: audizioni della Commissione nazionale per il diritto di asilo"}]},{"@type":"WebSite","@id":"https:\/\/welaikaadv.site\/avviso\/#website","url":"https:\/\/welaikaadv.site\/avviso\/","name":"Staging Avviso Pubblico","description":"","publisher":{"@id":"https:\/\/welaikaadv.site\/avviso\/#organization"},"potentialAction":[{"@type":"SearchAction","target":{"@type":"EntryPoint","urlTemplate":"https:\/\/welaikaadv.site\/avviso\/?s={search_term_string}"},"query-input":{"@type":"PropertyValueSpecification","valueRequired":true,"valueName":"search_term_string"}}],"inLanguage":"it-IT"},{"@type":"Organization","@id":"https:\/\/welaikaadv.site\/avviso\/#organization","name":"Staging Avviso Pubblico","url":"https:\/\/welaikaadv.site\/avviso\/","logo":{"@type":"ImageObject","inLanguage":"it-IT","@id":"https:\/\/welaikaadv.site\/avviso\/#\/schema\/logo\/image\/","url":"https:\/\/welaikaadv.site\/avviso\/wp-content\/uploads\/2024\/08\/logoAPsito-400.png","contentUrl":"https:\/\/welaikaadv.site\/avviso\/wp-content\/uploads\/2024\/08\/logoAPsito-400.png","width":400,"height":97,"caption":"Staging Avviso Pubblico"},"image":{"@id":"https:\/\/welaikaadv.site\/avviso\/#\/schema\/logo\/image\/"}}]}},"_links":{"self":[{"href":"https:\/\/welaikaadv.site\/avviso\/wp-json\/wp\/v2\/pages\/6196","targetHints":{"allow":["GET"]}}],"collection":[{"href":"https:\/\/welaikaadv.site\/avviso\/wp-json\/wp\/v2\/pages"}],"about":[{"href":"https:\/\/welaikaadv.site\/avviso\/wp-json\/wp\/v2\/types\/page"}],"author":[{"embeddable":true,"href":"https:\/\/welaikaadv.site\/avviso\/wp-json\/wp\/v2\/users\/1"}],"replies":[{"embeddable":true,"href":"https:\/\/welaikaadv.site\/avviso\/wp-json\/wp\/v2\/comments?post=6196"}],"version-history":[{"count":0,"href":"https:\/\/welaikaadv.site\/avviso\/wp-json\/wp\/v2\/pages\/6196\/revisions"}],"up":[{"embeddable":true,"href":"https:\/\/welaikaadv.site\/avviso\/wp-json\/wp\/v2\/pages\/23587"}],"wp:attachment":[{"href":"https:\/\/welaikaadv.site\/avviso\/wp-json\/wp\/v2\/media?parent=6196"}],"curies":[{"name":"wp","href":"https:\/\/api.w.org\/{rel}","templated":true}]}}