{"id":6236,"date":"2017-02-20T12:51:54","date_gmt":"2017-02-20T11:51:54","guid":{"rendered":"http:\/\/www.avvisopubblico.it\/osservatorio\/?page_id=6236"},"modified":"2017-02-20T12:51:54","modified_gmt":"2017-02-20T11:51:54","slug":"audizione-in-commissione-antimafia-sulla-situazione-della-criminalita-organizzata-in-campania","status":"publish","type":"page","link":"https:\/\/welaikaadv.site\/avviso\/home\/cosa-facciamo\/informare\/osservatorio-parlamentare\/attivita-dinchiesta\/attivita-dinchiesta-xvii\/commissione-bicamerale-antimafia\/audizione-in-commissione-antimafia-sulla-situazione-della-criminalita-organizzata-in-campania\/","title":{"rendered":"Audizione in Commissione Antimafia sulla situazione della criminalit\u00e0 organizzata in Campania"},"content":{"rendered":"<p><strong>Premessa<\/strong>. La Commissione Antimafia ha nuovamente ascoltato, l\u2019<a href=\"http:\/\/www.camera.it\/leg17\/1058?idLegislatura=17&amp;tipologia=audiz2&amp;sottotipologia=audizione&amp;anno=2017&amp;mese=02&amp;giorno=08&amp;idCommissione=24&amp;numero=0189&amp;file=indice_stenografico\"><strong>8 febbraio 2017<\/strong><\/a>, il procuratore della Repubblica presso il tribunale di Napoli, Giovanni Colangelo, per un aggiornamento sull\u2019evoluzione dei gruppi criminali in Campania. Qui di seguito sono sintetizzati gli aspetti pi\u00f9 rilevanti dell\u2019audizione, in parte segretata.<\/p>\n<p><strong>Il quadro generale<\/strong>. La Campania \u00e8 caratterizzata da un elevato livello di illegalit\u00e0, che riguarda diversi settori, dai delitti contro la pubblica amministrazione ai reati di criminalit\u00e0 organizzata, alla contraffazione, agli illeciti ambientali; tutto ci\u00f2 che rende estremamente impegnativo il lavoro della Procura, anche in relazione alle note carenze di organico: ad esempio, un numero elevato di sentenze non viene materialmente eseguito, a causa della mancanza di personale dell\u2019ufficio esecuzione, lasciando in libert\u00e0 soggetti gi\u00e0 condannati e vanificando cos\u00ec i risultati conseguiti in sede di indagine e, pi\u00f9 in generale, l\u2019efficacia stessa dell\u2019azione penale repressiva.<\/p>\n<p><strong>Le \u201cgiovani leve\u201d<\/strong>. \u00a0Le inchieste giudiziarie hanno consentito di infliggere duri colpi ai vecchi clan camorristici, grazie anche all\u2019arresto di numerosi latitanti: si assiste per\u00f2 ad un fenomeno di continua riaggregazione di bande criminali, talora in lotta tra loro, di cui spesso assumono la guida i figli degli esponenti in carcere. Ed estremamente preoccupante \u00e8 il coinvolgimento dei minorenni (talvolta addirittura sotto i 14 anni) che vengono utilizzati per il trasporto della droga (ad esempio per la consegna a domicilio) oppure delle armi o per l\u2019organizzazione di raid punitivi. Proprio a tal fine sono state raggiunte intese con il tribunale dei minorenni e con le istituzioni scolastiche per una serie di iniziative volte a cercare di preservare i pi\u00f9 giovani dall\u2019influenza negativa delle loro famiglie di origine. Ma si pone anche il problema di studiare un percorso specifico di rieducazione, soprattutto per la fascia dai 16 ai 18 anni.<\/p>\n<p><strong>Scommesse e gioco d\u2019azzardo<\/strong>. Le inchieste hanno evidenziato l\u2019esistenza di forti infiltrazioni di tipo mafioso nel calcio professionistico di serie B, con un giro di scommesse molto significativo (si parla di 80 miliardi di scommesse). Si registra il grande interesse dei gruppi criminali per il settore del gioco lecito e di quello illecito, con particolare riguardo al gioco <em>on line<\/em>. Purtroppo si tratta di fenomeni difficili da contrastare per la diffusione capillare sul territorio delle sale da gioco e scommesse e la collocazione all&#8217;estero di molte societ\u00e0 che operano in questo settore; per questo appare necessario un radicale cambiamento delle politiche pubbliche riguardanti il gioco d\u2019azzardo, anche attraverso la previsione di pene adeguate\u00a0 non solo per i gestori dei siti ma anche per coloro che \u00a0detengono materialmente il punto scommesse.<\/p>\n<p><strong>Le infiltrazioni nelle istituzioni e nell\u2019economia<\/strong>. Nell\u2019audizione \u00e8 stata posta particolare attenzione alle infiltrazioni della camorra nelle istituzioni territoriali &#8211; comuni e aziende sanitarie &#8211; e nell\u2019economia, grazie all\u2019apporto garantito da dipendenti pubblici corrotti (andrebbero individuate misure pi\u00f9 incisive al riguardo, non essendo sufficiente il solo scioglimento dell\u2019organo politico) e da un ceto di professionisti che opera su un piano quasi autonomo alle organizzazioni criminali.<\/p>\n","protected":false},"excerpt":{"rendered":"<p>Premessa. La Commissione Antimafia ha nuovamente ascoltato, l\u20198 febbraio 2017, il procuratore della Repubblica presso il tribunale di Napoli, Giovanni Colangelo, per un aggiornamento sull\u2019evoluzione&nbsp;<span class=\"hellipsis\">[&hellip;]<\/span><a class=\"more-link\" href=\"https:\/\/welaikaadv.site\/avviso\/home\/cosa-facciamo\/informare\/osservatorio-parlamentare\/attivita-dinchiesta\/attivita-dinchiesta-xvii\/commissione-bicamerale-antimafia\/audizione-in-commissione-antimafia-sulla-situazione-della-criminalita-organizzata-in-campania\/\">Leggi tutto <span class=\"screen-reader-text\">Audizione in Commissione Antimafia sulla situazione della criminalit\u00e0 organizzata in Campania<\/span> <span class=\"meta-nav\" aria-hidden=\"true\">&rarr;<\/span><\/a><\/p>\n","protected":false},"author":1,"featured_media":0,"parent":2662,"menu_order":0,"comment_status":"closed","ping_status":"closed","template":"","meta":{"_acf_changed":false,"_exactmetrics_skip_tracking":false,"_exactmetrics_sitenote_active":false,"_exactmetrics_sitenote_note":"","_exactmetrics_sitenote_category":0,"wp_social_preview_title":"","wp_social_preview_description":"","wp_social_preview_image":0,"footnotes":""},"class_list":["post-6236","page","type-page","status-publish","hentry"],"acf":[],"yoast_head":"<!-- This site is optimized with the Yoast SEO plugin v27.2 - https:\/\/yoast.com\/product\/yoast-seo-wordpress\/ -->\n<title>Audizione in Commissione Antimafia sulla situazione della criminalit\u00e0 organizzata in Campania - Staging Avviso Pubblico<\/title>\n<meta name=\"robots\" content=\"noindex, follow, max-snippet:-1, max-image-preview:large, max-video-preview:-1\" \/>\n<meta property=\"og:locale\" content=\"it_IT\" \/>\n<meta property=\"og:type\" content=\"article\" \/>\n<meta property=\"og:title\" content=\"Audizione in Commissione Antimafia sulla situazione della criminalit\u00e0 organizzata in Campania - Staging Avviso Pubblico\" \/>\n<meta property=\"og:description\" content=\"Premessa. La Commissione Antimafia ha nuovamente ascoltato, l\u20198 febbraio 2017, il procuratore della Repubblica presso il tribunale di Napoli, Giovanni Colangelo, per un aggiornamento sull\u2019evoluzione&nbsp;[&hellip;]Leggi tutto Audizione in Commissione Antimafia sulla situazione della criminalit\u00e0 organizzata in Campania &rarr;\" \/>\n<meta property=\"og:url\" content=\"https:\/\/welaikaadv.site\/avviso\/home\/cosa-facciamo\/informare\/osservatorio-parlamentare\/attivita-dinchiesta\/attivita-dinchiesta-xvii\/commissione-bicamerale-antimafia\/audizione-in-commissione-antimafia-sulla-situazione-della-criminalita-organizzata-in-campania\/\" \/>\n<meta property=\"og:site_name\" content=\"Staging Avviso Pubblico\" \/>\n<meta name=\"twitter:card\" content=\"summary_large_image\" \/>\n<meta name=\"twitter:label1\" content=\"Tempo di lettura stimato\" \/>\n\t<meta name=\"twitter:data1\" content=\"2 minuti\" \/>\n<script type=\"application\/ld+json\" class=\"yoast-schema-graph\">{\"@context\":\"https:\/\/schema.org\",\"@graph\":[{\"@type\":\"WebPage\",\"@id\":\"https:\/\/welaikaadv.site\/avviso\/home\/cosa-facciamo\/informare\/osservatorio-parlamentare\/attivita-dinchiesta\/attivita-dinchiesta-xvii\/commissione-bicamerale-antimafia\/audizione-in-commissione-antimafia-sulla-situazione-della-criminalita-organizzata-in-campania\/\",\"url\":\"https:\/\/welaikaadv.site\/avviso\/home\/cosa-facciamo\/informare\/osservatorio-parlamentare\/attivita-dinchiesta\/attivita-dinchiesta-xvii\/commissione-bicamerale-antimafia\/audizione-in-commissione-antimafia-sulla-situazione-della-criminalita-organizzata-in-campania\/\",\"name\":\"Audizione in Commissione Antimafia sulla situazione della criminalit\u00e0 organizzata in Campania - Staging Avviso Pubblico\",\"isPartOf\":{\"@id\":\"https:\/\/welaikaadv.site\/avviso\/#website\"},\"datePublished\":\"2017-02-20T11:51:54+00:00\",\"breadcrumb\":{\"@id\":\"https:\/\/welaikaadv.site\/avviso\/home\/cosa-facciamo\/informare\/osservatorio-parlamentare\/attivita-dinchiesta\/attivita-dinchiesta-xvii\/commissione-bicamerale-antimafia\/audizione-in-commissione-antimafia-sulla-situazione-della-criminalita-organizzata-in-campania\/#breadcrumb\"},\"inLanguage\":\"it-IT\",\"potentialAction\":[{\"@type\":\"ReadAction\",\"target\":[\"https:\/\/welaikaadv.site\/avviso\/home\/cosa-facciamo\/informare\/osservatorio-parlamentare\/attivita-dinchiesta\/attivita-dinchiesta-xvii\/commissione-bicamerale-antimafia\/audizione-in-commissione-antimafia-sulla-situazione-della-criminalita-organizzata-in-campania\/\"]}]},{\"@type\":\"BreadcrumbList\",\"@id\":\"https:\/\/welaikaadv.site\/avviso\/home\/cosa-facciamo\/informare\/osservatorio-parlamentare\/attivita-dinchiesta\/attivita-dinchiesta-xvii\/commissione-bicamerale-antimafia\/audizione-in-commissione-antimafia-sulla-situazione-della-criminalita-organizzata-in-campania\/#breadcrumb\",\"itemListElement\":[{\"@type\":\"ListItem\",\"position\":1,\"name\":\"Home\",\"item\":\"https:\/\/welaikaadv.site\/avviso\/\"},{\"@type\":\"ListItem\",\"position\":2,\"name\":\"Audizione in Commissione Antimafia sulla situazione della criminalit\u00e0 organizzata in Campania\"}]},{\"@type\":\"WebSite\",\"@id\":\"https:\/\/welaikaadv.site\/avviso\/#website\",\"url\":\"https:\/\/welaikaadv.site\/avviso\/\",\"name\":\"Staging Avviso Pubblico\",\"description\":\"\",\"publisher\":{\"@id\":\"https:\/\/welaikaadv.site\/avviso\/#organization\"},\"potentialAction\":[{\"@type\":\"SearchAction\",\"target\":{\"@type\":\"EntryPoint\",\"urlTemplate\":\"https:\/\/welaikaadv.site\/avviso\/?s={search_term_string}\"},\"query-input\":{\"@type\":\"PropertyValueSpecification\",\"valueRequired\":true,\"valueName\":\"search_term_string\"}}],\"inLanguage\":\"it-IT\"},{\"@type\":\"Organization\",\"@id\":\"https:\/\/welaikaadv.site\/avviso\/#organization\",\"name\":\"Staging Avviso Pubblico\",\"url\":\"https:\/\/welaikaadv.site\/avviso\/\",\"logo\":{\"@type\":\"ImageObject\",\"inLanguage\":\"it-IT\",\"@id\":\"https:\/\/welaikaadv.site\/avviso\/#\/schema\/logo\/image\/\",\"url\":\"https:\/\/welaikaadv.site\/avviso\/wp-content\/uploads\/2024\/08\/logoAPsito-400.png\",\"contentUrl\":\"https:\/\/welaikaadv.site\/avviso\/wp-content\/uploads\/2024\/08\/logoAPsito-400.png\",\"width\":400,\"height\":97,\"caption\":\"Staging Avviso Pubblico\"},\"image\":{\"@id\":\"https:\/\/welaikaadv.site\/avviso\/#\/schema\/logo\/image\/\"}}]}<\/script>\n<!-- \/ Yoast SEO plugin. -->","yoast_head_json":{"title":"Audizione in Commissione Antimafia sulla situazione della criminalit\u00e0 organizzata in Campania - Staging Avviso Pubblico","robots":{"index":"noindex","follow":"follow","max-snippet":"max-snippet:-1","max-image-preview":"max-image-preview:large","max-video-preview":"max-video-preview:-1"},"og_locale":"it_IT","og_type":"article","og_title":"Audizione in Commissione Antimafia sulla situazione della criminalit\u00e0 organizzata in Campania - Staging Avviso Pubblico","og_description":"Premessa. La Commissione Antimafia ha nuovamente ascoltato, l\u20198 febbraio 2017, il procuratore della Repubblica presso il tribunale di Napoli, Giovanni Colangelo, per un aggiornamento sull\u2019evoluzione&nbsp;[&hellip;]Leggi tutto Audizione in Commissione Antimafia sulla situazione della criminalit\u00e0 organizzata in Campania &rarr;","og_url":"https:\/\/welaikaadv.site\/avviso\/home\/cosa-facciamo\/informare\/osservatorio-parlamentare\/attivita-dinchiesta\/attivita-dinchiesta-xvii\/commissione-bicamerale-antimafia\/audizione-in-commissione-antimafia-sulla-situazione-della-criminalita-organizzata-in-campania\/","og_site_name":"Staging Avviso Pubblico","twitter_card":"summary_large_image","twitter_misc":{"Tempo di lettura stimato":"2 minuti"},"schema":{"@context":"https:\/\/schema.org","@graph":[{"@type":"WebPage","@id":"https:\/\/welaikaadv.site\/avviso\/home\/cosa-facciamo\/informare\/osservatorio-parlamentare\/attivita-dinchiesta\/attivita-dinchiesta-xvii\/commissione-bicamerale-antimafia\/audizione-in-commissione-antimafia-sulla-situazione-della-criminalita-organizzata-in-campania\/","url":"https:\/\/welaikaadv.site\/avviso\/home\/cosa-facciamo\/informare\/osservatorio-parlamentare\/attivita-dinchiesta\/attivita-dinchiesta-xvii\/commissione-bicamerale-antimafia\/audizione-in-commissione-antimafia-sulla-situazione-della-criminalita-organizzata-in-campania\/","name":"Audizione in Commissione Antimafia sulla situazione della criminalit\u00e0 organizzata in Campania - Staging Avviso Pubblico","isPartOf":{"@id":"https:\/\/welaikaadv.site\/avviso\/#website"},"datePublished":"2017-02-20T11:51:54+00:00","breadcrumb":{"@id":"https:\/\/welaikaadv.site\/avviso\/home\/cosa-facciamo\/informare\/osservatorio-parlamentare\/attivita-dinchiesta\/attivita-dinchiesta-xvii\/commissione-bicamerale-antimafia\/audizione-in-commissione-antimafia-sulla-situazione-della-criminalita-organizzata-in-campania\/#breadcrumb"},"inLanguage":"it-IT","potentialAction":[{"@type":"ReadAction","target":["https:\/\/welaikaadv.site\/avviso\/home\/cosa-facciamo\/informare\/osservatorio-parlamentare\/attivita-dinchiesta\/attivita-dinchiesta-xvii\/commissione-bicamerale-antimafia\/audizione-in-commissione-antimafia-sulla-situazione-della-criminalita-organizzata-in-campania\/"]}]},{"@type":"BreadcrumbList","@id":"https:\/\/welaikaadv.site\/avviso\/home\/cosa-facciamo\/informare\/osservatorio-parlamentare\/attivita-dinchiesta\/attivita-dinchiesta-xvii\/commissione-bicamerale-antimafia\/audizione-in-commissione-antimafia-sulla-situazione-della-criminalita-organizzata-in-campania\/#breadcrumb","itemListElement":[{"@type":"ListItem","position":1,"name":"Home","item":"https:\/\/welaikaadv.site\/avviso\/"},{"@type":"ListItem","position":2,"name":"Audizione in Commissione Antimafia sulla situazione della criminalit\u00e0 organizzata in Campania"}]},{"@type":"WebSite","@id":"https:\/\/welaikaadv.site\/avviso\/#website","url":"https:\/\/welaikaadv.site\/avviso\/","name":"Staging Avviso Pubblico","description":"","publisher":{"@id":"https:\/\/welaikaadv.site\/avviso\/#organization"},"potentialAction":[{"@type":"SearchAction","target":{"@type":"EntryPoint","urlTemplate":"https:\/\/welaikaadv.site\/avviso\/?s={search_term_string}"},"query-input":{"@type":"PropertyValueSpecification","valueRequired":true,"valueName":"search_term_string"}}],"inLanguage":"it-IT"},{"@type":"Organization","@id":"https:\/\/welaikaadv.site\/avviso\/#organization","name":"Staging Avviso Pubblico","url":"https:\/\/welaikaadv.site\/avviso\/","logo":{"@type":"ImageObject","inLanguage":"it-IT","@id":"https:\/\/welaikaadv.site\/avviso\/#\/schema\/logo\/image\/","url":"https:\/\/welaikaadv.site\/avviso\/wp-content\/uploads\/2024\/08\/logoAPsito-400.png","contentUrl":"https:\/\/welaikaadv.site\/avviso\/wp-content\/uploads\/2024\/08\/logoAPsito-400.png","width":400,"height":97,"caption":"Staging Avviso Pubblico"},"image":{"@id":"https:\/\/welaikaadv.site\/avviso\/#\/schema\/logo\/image\/"}}]}},"_links":{"self":[{"href":"https:\/\/welaikaadv.site\/avviso\/wp-json\/wp\/v2\/pages\/6236","targetHints":{"allow":["GET"]}}],"collection":[{"href":"https:\/\/welaikaadv.site\/avviso\/wp-json\/wp\/v2\/pages"}],"about":[{"href":"https:\/\/welaikaadv.site\/avviso\/wp-json\/wp\/v2\/types\/page"}],"author":[{"embeddable":true,"href":"https:\/\/welaikaadv.site\/avviso\/wp-json\/wp\/v2\/users\/1"}],"replies":[{"embeddable":true,"href":"https:\/\/welaikaadv.site\/avviso\/wp-json\/wp\/v2\/comments?post=6236"}],"version-history":[{"count":0,"href":"https:\/\/welaikaadv.site\/avviso\/wp-json\/wp\/v2\/pages\/6236\/revisions"}],"up":[{"embeddable":true,"href":"https:\/\/welaikaadv.site\/avviso\/wp-json\/wp\/v2\/pages\/2662"}],"wp:attachment":[{"href":"https:\/\/welaikaadv.site\/avviso\/wp-json\/wp\/v2\/media?parent=6236"}],"curies":[{"name":"wp","href":"https:\/\/api.w.org\/{rel}","templated":true}]}}