{"id":6279,"date":"2017-02-27T10:55:17","date_gmt":"2017-02-27T09:55:17","guid":{"rendered":"http:\/\/www.avvisopubblico.it\/osservatorio\/?page_id=6279"},"modified":"2017-02-27T10:55:17","modified_gmt":"2017-02-27T09:55:17","slug":"la-relazione-parlamentare-sullattuazione-della-legge-n-68-del-2015-sugli-ecoreati","status":"publish","type":"page","link":"https:\/\/welaikaadv.site\/avviso\/home\/cosa-facciamo\/informare\/osservatorio-parlamentare\/attivita-dinchiesta\/attivita-dinchiesta-xvii\/commissione-bicamerale-sul-ciclo-dei-rifiuti\/la-relazione-parlamentare-sullattuazione-della-legge-n-68-del-2015-sugli-ecoreati\/","title":{"rendered":"La relazione parlamentare sull\u2019attuazione della legge n. 68 del 2015 sugli ecoreati"},"content":{"rendered":"<p><strong>Premessa<\/strong>. La Commissione parlamentare di inchiesta sulla gestione dei rifiuti ha svolto una prima verifica sull\u2019attuazione della <a href=\"https:\/\/welaikaadv.site\/avviso\/home\/cosa-facciamo\/informare\/osservatorio-parlamentare\/attivita-legislativa\/disposizioni-in-materia-di-delitti-contro-lambiente-ac-342-e-abb-sintesi-dei-progetti-di-legge-allesame-delle-camere\/\"><strong>legge 22 maggio 2015, n.\u200268<\/strong><\/a> (Disposizioni in materia di delitti contro l&#8217;ambiente), basata su relazioni e documenti degli uffici giudiziari e di altri organismi (tra cui i rapporti del Servizio per il controllo parlamentare della Camera e di Legambiente) che forniscono valutazioni su alcuni aspetti critici della nuova normativa sia dal punto di vista interpretativo che organizzativo. I dati raccolti, sia pur parziali e riferiti ad un periodo temporalmente limitato (essi riguardano soprattutto indagini preliminari in corso o a mere iscrizioni di notizie di reato, mentre \u00e8 ancora limitato il numero di dibattimenti aperti e non risultano ancora sentenze di condanna) consentono di effettuare alcune considerazioni non tanto sull\u2019efficacia ed efficienza della legge nella sua globalit\u00e0, quanto su taluni aspetti problematici, meritevoli di ulteriore approfondimento, che si sono manifestati nel primo periodo di concreta applicazione della legge. Il 23 febbraio 2017 \u00e8 stata approvata una relazione (<a href=\"http:\/\/www.camera.it\/leg17\/491?idLegislatura=17&amp;categoria=023&amp;tipologiaDoc=documento&amp;numero=026&amp;doc=intero\"><strong>doc. XXIII, n. 26<\/strong><\/a>), di cui qui sono sintetizzati i contenuti essenziali.<\/p>\n<p><strong>Il reato di inquinamento ambientale<\/strong>. La relazione si sofferma in particolare sulla nuova fattispecie dell\u2019inquinamento ambientale di cui all&#8217;articolo 452-bis del codice penale, introdotta dalla legge n. 68\/2015, che prevede la reclusione da due a sei anni (e una multa da 10.000 a 100.000 euro) a chi cagiona abusivamente una compromissione o un deterioramento significativi e misurabili delle acque, dell&#8217;aria, del suolo o di un ecosistema, della biodiversita&#8217;, anche agraria, della flora o della fauna. In base ai dati raccolti, infatti, emerge che, tra i nuovi \u201cecoreati\u201d tale fattispecie sia quella maggiormente contestata su tutto il territorio nazionale, a conferma della bont\u00e0 della scelta effettuata dal legislatore. Al tempo stesso, sono emerse rilevanti criticit\u00e0 in sede applicativa, ci\u00f2 che ha indotto molti Uffici giudiziari ad applicare prudentemente la nuova norma penale. Un incentivo ad un maggiore utilizzo di tale disposizione pu\u00f2 derivare dalla recente pronuncia della Corte di cassazione (<em>Sez. III penale, n.\u200246170 del 3 novembre 2016, allegata alla relazione<\/em>), che ha espresso in particolare il proprio orientamento interpretativo in ordine ai concetti di \u201ccompromissione o un deterioramento significativi e misurabili\u201d.<\/p>\n<p>Appare comunque opportuno continuare un attento monitoraggio sull\u2019applicazione futura di tale fattispecie.<\/p>\n<p><strong>Altre fattispecie di reato<\/strong>. Si registra un numero significativo di contestazioni anche per i reati di disastro ambientale (<em>art. 452-quater c.p.<\/em>) e per i delitti colposi contro l&#8217;ambiente (<em>art. 452-quinquies c.p<\/em>); pi\u00f9 limitato il numero delle contestazioni per i delitti di traffico e abbandono di materiale ad alta radioattivit\u00e0 (<em>art. 452-sexies c.p.<\/em>), di impedimento del controllo (<em>art. 452-septies c.p<strong>.<\/strong><\/em>) e di omessa bonifica <em>(art. 452-terdecies c.p<\/em>.). Per tali fattispecie \u2013 ad eccezione per quella riguardante i reati di disastro ambientale &#8211; non sono state sollevate questioni interpretative.<\/p>\n<p>Per la fattispecie di morte o lesioni come conseguenza del delitto di inquinamento ambientale (art. 452-ter c.p.), anch\u2019essa di limitata applicazione, \u00e8 stata sollevata una problematica di ordine sistematico \u2013 valevole in generale per i nuovi \u201ceco-delitti\u201d \u2013 sull\u2019assenza di una corrispondente forma di tutela penale per le ipotesi di morte o lesioni conseguenti alle pi\u00f9 gravi fattispecie di disastro ambientale e di delitti colposi contro l&#8217;ambiente.<\/p>\n<p><strong>Procedimento delle prescrizioni<\/strong>. La legge n.\u200268\/2015 ha introdotto un procedimento speciale per perseguire i reati contravvenzionali in materia ambientale (artt. 318-bis e ss. del D.Lgs. n.\u2002152\/2006): il soggetto responsabile di reati ambientali pu\u00f2 provvedere al ripristino della situazione preesistente, sulla base delle prescrizioni dei soggetti competenti, ed estinguere cos\u00ec il reato pagando una contravvenzione. Dalle informazioni raccolte non \u00e8 possibile effettuare una valutazione della concreta applicazione della norma. Sono emerse peraltro numerose problematiche interpretative, con particolare riguardo alla tipologia di reati esclusi da tale procedimento, al soggetto beneficiario delle somme versate e al soggetto competente a definire le prescrizioni: per superare tali divergenti interpretazioni, la relazione suggerisce l\u2019emanazione di apposite circolari da parte procure generali.<\/p>\n<p><strong>Profili pratici ed organizzativi<\/strong>. Accanto agli aspetti di natura interpretativa, la raccolta di informazioni e dati \u00e8 servita a valutare la necessit\u00e0 di adeguare mezzi e risorse per rendere possibile l&#8217;attuazione della legge (in termini di polizia giudiziaria, personale specializzato, strutture e soggetti pubblici competenti ad effettuare gli accertamenti tecnico-scientifici), tenuto anche conto dell\u2019assenza di stanziamenti aggiuntivi nella legge n.68\/2015.<\/p>\n<p>L\u2019applicazione della nuova normativa presuppone infatti un lavoro complesso, spesso molto lungo, da parte della polizia giudiziaria e delle Procure al fine di appurare, nei singoli casi concreti, la sussistenza dei numerosi e potenzialmente controversi elementi costitutivi dei nuovi reati ambientali, e supportarli di adeguati elementi di prova nell&#8217;ambito del procedimento penale. Ad esempio, le indagini presso determinati distretti produttivi caratterizzati da intensa o significativa industrializzazione hanno evidenziato l\u2019esistenza di una pluralit\u00e0 di cause inquinanti, ci\u00f2 che rende difficile l&#8217;accertamento del nesso causa-effetto tra l&#8217;evento inquinante e le condotte oggetto di indagine. In caso di impianti dismessi o in siti maggiormente isolati si scontano inoltre le difficolt\u00e0 investigative legate all&#8217;accertamento di comportamenti anche assai risalenti nel tempo e commessi in luoghi spesso situati in propriet\u00e0 o pertinenze interdette o comunque non immediatamente accessibili al pubblico.<\/p>\n<p>Altro aspetto problematico \u00e8 quello relativo alla mancata identificazione di un responsabile dei reati, ci\u00f2 che porta alla richiesta di archiviazione anche in caso di fatti molto gravi (in base ai dati raccolti dalla Commissione, i procedimenti contro ignoti rappresentano una quota significativa delle contestazioni relative ai nuovi &#8220;eco-delitti&#8221;); la relazione sottolinea comunque l\u2019estrema importanza delle indagini giudiziarie anche in funzione di deterrenza e prevenzione.<\/p>\n<p><strong>Alcune considerazioni finali<\/strong>. La relazione sottolinea che l\u2019indagine della Commissione ha evidenziato \u2013 assieme alle difficolt\u00e0 tecnico, giuridiche e organizzative &#8211; una seria e ragionata applicazione della nuova normativa che ha anche prodotto effetti di prevenzione generale, anche se rimane essenziale in questo settore l\u2019esistenza di un efficiente sistema dei controlli e prevenzione. E\u2019 comunque indispensabile continuare l\u2019attento monitoraggio dell\u2019evoluzione della giurisprudenza in questa materia e su tutte le problematiche che potranno emergere in futuro, anche attraverso un miglioramento dei sistemi informativi volto a permettere l\u2019elaborazione di dati omogenei su tutto il territorio nazionale ed un\u2019applicazione efficace ed omogenea della legge. Una particolare attenzione dovr\u00e0 essere data all\u2019analisi del procedimento delle prescrizioni e all\u2019applicazione le norme sulla responsabilit\u00e0 amministrativa delle persone giuridiche, delle societ\u00e0 e degli enti.<\/p>\n","protected":false},"excerpt":{"rendered":"<p>Premessa. La Commissione parlamentare di inchiesta sulla gestione dei rifiuti ha svolto una prima verifica sull\u2019attuazione della legge 22 maggio 2015, n.\u200268 (Disposizioni in materia&nbsp;<span class=\"hellipsis\">[&hellip;]<\/span><a class=\"more-link\" href=\"https:\/\/welaikaadv.site\/avviso\/home\/cosa-facciamo\/informare\/osservatorio-parlamentare\/attivita-dinchiesta\/attivita-dinchiesta-xvii\/commissione-bicamerale-sul-ciclo-dei-rifiuti\/la-relazione-parlamentare-sullattuazione-della-legge-n-68-del-2015-sugli-ecoreati\/\">Leggi tutto <span class=\"screen-reader-text\">La relazione parlamentare sull\u2019attuazione della legge n. 68 del 2015 sugli ecoreati<\/span> <span class=\"meta-nav\" aria-hidden=\"true\">&rarr;<\/span><\/a><\/p>\n","protected":false},"author":1,"featured_media":0,"parent":2831,"menu_order":0,"comment_status":"closed","ping_status":"closed","template":"","meta":{"_acf_changed":false,"_exactmetrics_skip_tracking":false,"_exactmetrics_sitenote_active":false,"_exactmetrics_sitenote_note":"","_exactmetrics_sitenote_category":0,"wp_social_preview_title":"","wp_social_preview_description":"","wp_social_preview_image":0,"footnotes":""},"class_list":["post-6279","page","type-page","status-publish","hentry"],"acf":[],"yoast_head":"<!-- This site is optimized with the Yoast SEO plugin v27.2 - https:\/\/yoast.com\/product\/yoast-seo-wordpress\/ -->\n<title>La relazione parlamentare sull\u2019attuazione della legge n. 68 del 2015 sugli ecoreati - Staging Avviso Pubblico<\/title>\n<meta name=\"robots\" content=\"noindex, follow, max-snippet:-1, max-image-preview:large, max-video-preview:-1\" \/>\n<meta property=\"og:locale\" content=\"it_IT\" \/>\n<meta property=\"og:type\" content=\"article\" \/>\n<meta property=\"og:title\" content=\"La relazione parlamentare sull\u2019attuazione della legge n. 68 del 2015 sugli ecoreati - Staging Avviso Pubblico\" \/>\n<meta property=\"og:description\" content=\"Premessa. La Commissione parlamentare di inchiesta sulla gestione dei rifiuti ha svolto una prima verifica sull\u2019attuazione della legge 22 maggio 2015, n.\u200268 (Disposizioni in materia&nbsp;[&hellip;]Leggi tutto La relazione parlamentare sull\u2019attuazione della legge n. 68 del 2015 sugli ecoreati &rarr;\" \/>\n<meta property=\"og:url\" content=\"https:\/\/welaikaadv.site\/avviso\/home\/cosa-facciamo\/informare\/osservatorio-parlamentare\/attivita-dinchiesta\/attivita-dinchiesta-xvii\/commissione-bicamerale-sul-ciclo-dei-rifiuti\/la-relazione-parlamentare-sullattuazione-della-legge-n-68-del-2015-sugli-ecoreati\/\" \/>\n<meta property=\"og:site_name\" content=\"Staging Avviso Pubblico\" \/>\n<meta name=\"twitter:card\" content=\"summary_large_image\" \/>\n<meta name=\"twitter:label1\" content=\"Tempo di lettura stimato\" \/>\n\t<meta name=\"twitter:data1\" content=\"5 minuti\" \/>\n<script type=\"application\/ld+json\" class=\"yoast-schema-graph\">{\"@context\":\"https:\/\/schema.org\",\"@graph\":[{\"@type\":\"WebPage\",\"@id\":\"https:\/\/welaikaadv.site\/avviso\/home\/cosa-facciamo\/informare\/osservatorio-parlamentare\/attivita-dinchiesta\/attivita-dinchiesta-xvii\/commissione-bicamerale-sul-ciclo-dei-rifiuti\/la-relazione-parlamentare-sullattuazione-della-legge-n-68-del-2015-sugli-ecoreati\/\",\"url\":\"https:\/\/welaikaadv.site\/avviso\/home\/cosa-facciamo\/informare\/osservatorio-parlamentare\/attivita-dinchiesta\/attivita-dinchiesta-xvii\/commissione-bicamerale-sul-ciclo-dei-rifiuti\/la-relazione-parlamentare-sullattuazione-della-legge-n-68-del-2015-sugli-ecoreati\/\",\"name\":\"La relazione parlamentare sull\u2019attuazione della legge n. 68 del 2015 sugli ecoreati - Staging Avviso Pubblico\",\"isPartOf\":{\"@id\":\"https:\/\/welaikaadv.site\/avviso\/#website\"},\"datePublished\":\"2017-02-27T09:55:17+00:00\",\"breadcrumb\":{\"@id\":\"https:\/\/welaikaadv.site\/avviso\/home\/cosa-facciamo\/informare\/osservatorio-parlamentare\/attivita-dinchiesta\/attivita-dinchiesta-xvii\/commissione-bicamerale-sul-ciclo-dei-rifiuti\/la-relazione-parlamentare-sullattuazione-della-legge-n-68-del-2015-sugli-ecoreati\/#breadcrumb\"},\"inLanguage\":\"it-IT\",\"potentialAction\":[{\"@type\":\"ReadAction\",\"target\":[\"https:\/\/welaikaadv.site\/avviso\/home\/cosa-facciamo\/informare\/osservatorio-parlamentare\/attivita-dinchiesta\/attivita-dinchiesta-xvii\/commissione-bicamerale-sul-ciclo-dei-rifiuti\/la-relazione-parlamentare-sullattuazione-della-legge-n-68-del-2015-sugli-ecoreati\/\"]}]},{\"@type\":\"BreadcrumbList\",\"@id\":\"https:\/\/welaikaadv.site\/avviso\/home\/cosa-facciamo\/informare\/osservatorio-parlamentare\/attivita-dinchiesta\/attivita-dinchiesta-xvii\/commissione-bicamerale-sul-ciclo-dei-rifiuti\/la-relazione-parlamentare-sullattuazione-della-legge-n-68-del-2015-sugli-ecoreati\/#breadcrumb\",\"itemListElement\":[{\"@type\":\"ListItem\",\"position\":1,\"name\":\"Home\",\"item\":\"https:\/\/welaikaadv.site\/avviso\/\"},{\"@type\":\"ListItem\",\"position\":2,\"name\":\"La relazione parlamentare sull\u2019attuazione della legge n. 68 del 2015 sugli ecoreati\"}]},{\"@type\":\"WebSite\",\"@id\":\"https:\/\/welaikaadv.site\/avviso\/#website\",\"url\":\"https:\/\/welaikaadv.site\/avviso\/\",\"name\":\"Staging Avviso Pubblico\",\"description\":\"\",\"publisher\":{\"@id\":\"https:\/\/welaikaadv.site\/avviso\/#organization\"},\"potentialAction\":[{\"@type\":\"SearchAction\",\"target\":{\"@type\":\"EntryPoint\",\"urlTemplate\":\"https:\/\/welaikaadv.site\/avviso\/?s={search_term_string}\"},\"query-input\":{\"@type\":\"PropertyValueSpecification\",\"valueRequired\":true,\"valueName\":\"search_term_string\"}}],\"inLanguage\":\"it-IT\"},{\"@type\":\"Organization\",\"@id\":\"https:\/\/welaikaadv.site\/avviso\/#organization\",\"name\":\"Staging Avviso Pubblico\",\"url\":\"https:\/\/welaikaadv.site\/avviso\/\",\"logo\":{\"@type\":\"ImageObject\",\"inLanguage\":\"it-IT\",\"@id\":\"https:\/\/welaikaadv.site\/avviso\/#\/schema\/logo\/image\/\",\"url\":\"https:\/\/welaikaadv.site\/avviso\/wp-content\/uploads\/2024\/08\/logoAPsito-400.png\",\"contentUrl\":\"https:\/\/welaikaadv.site\/avviso\/wp-content\/uploads\/2024\/08\/logoAPsito-400.png\",\"width\":400,\"height\":97,\"caption\":\"Staging Avviso Pubblico\"},\"image\":{\"@id\":\"https:\/\/welaikaadv.site\/avviso\/#\/schema\/logo\/image\/\"}}]}<\/script>\n<!-- \/ Yoast SEO plugin. -->","yoast_head_json":{"title":"La relazione parlamentare sull\u2019attuazione della legge n. 68 del 2015 sugli ecoreati - Staging Avviso Pubblico","robots":{"index":"noindex","follow":"follow","max-snippet":"max-snippet:-1","max-image-preview":"max-image-preview:large","max-video-preview":"max-video-preview:-1"},"og_locale":"it_IT","og_type":"article","og_title":"La relazione parlamentare sull\u2019attuazione della legge n. 68 del 2015 sugli ecoreati - Staging Avviso Pubblico","og_description":"Premessa. La Commissione parlamentare di inchiesta sulla gestione dei rifiuti ha svolto una prima verifica sull\u2019attuazione della legge 22 maggio 2015, n.\u200268 (Disposizioni in materia&nbsp;[&hellip;]Leggi tutto La relazione parlamentare sull\u2019attuazione della legge n. 68 del 2015 sugli ecoreati &rarr;","og_url":"https:\/\/welaikaadv.site\/avviso\/home\/cosa-facciamo\/informare\/osservatorio-parlamentare\/attivita-dinchiesta\/attivita-dinchiesta-xvii\/commissione-bicamerale-sul-ciclo-dei-rifiuti\/la-relazione-parlamentare-sullattuazione-della-legge-n-68-del-2015-sugli-ecoreati\/","og_site_name":"Staging Avviso Pubblico","twitter_card":"summary_large_image","twitter_misc":{"Tempo di lettura stimato":"5 minuti"},"schema":{"@context":"https:\/\/schema.org","@graph":[{"@type":"WebPage","@id":"https:\/\/welaikaadv.site\/avviso\/home\/cosa-facciamo\/informare\/osservatorio-parlamentare\/attivita-dinchiesta\/attivita-dinchiesta-xvii\/commissione-bicamerale-sul-ciclo-dei-rifiuti\/la-relazione-parlamentare-sullattuazione-della-legge-n-68-del-2015-sugli-ecoreati\/","url":"https:\/\/welaikaadv.site\/avviso\/home\/cosa-facciamo\/informare\/osservatorio-parlamentare\/attivita-dinchiesta\/attivita-dinchiesta-xvii\/commissione-bicamerale-sul-ciclo-dei-rifiuti\/la-relazione-parlamentare-sullattuazione-della-legge-n-68-del-2015-sugli-ecoreati\/","name":"La relazione parlamentare sull\u2019attuazione della legge n. 68 del 2015 sugli ecoreati - Staging Avviso Pubblico","isPartOf":{"@id":"https:\/\/welaikaadv.site\/avviso\/#website"},"datePublished":"2017-02-27T09:55:17+00:00","breadcrumb":{"@id":"https:\/\/welaikaadv.site\/avviso\/home\/cosa-facciamo\/informare\/osservatorio-parlamentare\/attivita-dinchiesta\/attivita-dinchiesta-xvii\/commissione-bicamerale-sul-ciclo-dei-rifiuti\/la-relazione-parlamentare-sullattuazione-della-legge-n-68-del-2015-sugli-ecoreati\/#breadcrumb"},"inLanguage":"it-IT","potentialAction":[{"@type":"ReadAction","target":["https:\/\/welaikaadv.site\/avviso\/home\/cosa-facciamo\/informare\/osservatorio-parlamentare\/attivita-dinchiesta\/attivita-dinchiesta-xvii\/commissione-bicamerale-sul-ciclo-dei-rifiuti\/la-relazione-parlamentare-sullattuazione-della-legge-n-68-del-2015-sugli-ecoreati\/"]}]},{"@type":"BreadcrumbList","@id":"https:\/\/welaikaadv.site\/avviso\/home\/cosa-facciamo\/informare\/osservatorio-parlamentare\/attivita-dinchiesta\/attivita-dinchiesta-xvii\/commissione-bicamerale-sul-ciclo-dei-rifiuti\/la-relazione-parlamentare-sullattuazione-della-legge-n-68-del-2015-sugli-ecoreati\/#breadcrumb","itemListElement":[{"@type":"ListItem","position":1,"name":"Home","item":"https:\/\/welaikaadv.site\/avviso\/"},{"@type":"ListItem","position":2,"name":"La relazione parlamentare sull\u2019attuazione della legge n. 68 del 2015 sugli ecoreati"}]},{"@type":"WebSite","@id":"https:\/\/welaikaadv.site\/avviso\/#website","url":"https:\/\/welaikaadv.site\/avviso\/","name":"Staging Avviso Pubblico","description":"","publisher":{"@id":"https:\/\/welaikaadv.site\/avviso\/#organization"},"potentialAction":[{"@type":"SearchAction","target":{"@type":"EntryPoint","urlTemplate":"https:\/\/welaikaadv.site\/avviso\/?s={search_term_string}"},"query-input":{"@type":"PropertyValueSpecification","valueRequired":true,"valueName":"search_term_string"}}],"inLanguage":"it-IT"},{"@type":"Organization","@id":"https:\/\/welaikaadv.site\/avviso\/#organization","name":"Staging Avviso Pubblico","url":"https:\/\/welaikaadv.site\/avviso\/","logo":{"@type":"ImageObject","inLanguage":"it-IT","@id":"https:\/\/welaikaadv.site\/avviso\/#\/schema\/logo\/image\/","url":"https:\/\/welaikaadv.site\/avviso\/wp-content\/uploads\/2024\/08\/logoAPsito-400.png","contentUrl":"https:\/\/welaikaadv.site\/avviso\/wp-content\/uploads\/2024\/08\/logoAPsito-400.png","width":400,"height":97,"caption":"Staging Avviso Pubblico"},"image":{"@id":"https:\/\/welaikaadv.site\/avviso\/#\/schema\/logo\/image\/"}}]}},"_links":{"self":[{"href":"https:\/\/welaikaadv.site\/avviso\/wp-json\/wp\/v2\/pages\/6279","targetHints":{"allow":["GET"]}}],"collection":[{"href":"https:\/\/welaikaadv.site\/avviso\/wp-json\/wp\/v2\/pages"}],"about":[{"href":"https:\/\/welaikaadv.site\/avviso\/wp-json\/wp\/v2\/types\/page"}],"author":[{"embeddable":true,"href":"https:\/\/welaikaadv.site\/avviso\/wp-json\/wp\/v2\/users\/1"}],"replies":[{"embeddable":true,"href":"https:\/\/welaikaadv.site\/avviso\/wp-json\/wp\/v2\/comments?post=6279"}],"version-history":[{"count":0,"href":"https:\/\/welaikaadv.site\/avviso\/wp-json\/wp\/v2\/pages\/6279\/revisions"}],"up":[{"embeddable":true,"href":"https:\/\/welaikaadv.site\/avviso\/wp-json\/wp\/v2\/pages\/2831"}],"wp:attachment":[{"href":"https:\/\/welaikaadv.site\/avviso\/wp-json\/wp\/v2\/media?parent=6279"}],"curies":[{"name":"wp","href":"https:\/\/api.w.org\/{rel}","templated":true}]}}