{"id":6305,"date":"2017-03-02T07:11:24","date_gmt":"2017-03-02T06:11:24","guid":{"rendered":"http:\/\/www.avvisopubblico.it\/osservatorio\/?page_id=6305"},"modified":"2017-03-02T07:11:24","modified_gmt":"2017-03-02T06:11:24","slug":"commissione-di-inchiesta-su-sicurezza-e-degrado-delle-citta-audizione-della-procura-di-roma","status":"publish","type":"page","link":"https:\/\/welaikaadv.site\/avviso\/home\/cosa-facciamo\/informare\/documenti-tematici\/mafie\/commissione-di-inchiesta-su-sicurezza-e-degrado-delle-citta-audizione-della-procura-di-roma\/","title":{"rendered":"Commissione di inchiesta su sicurezza e degrado delle citt\u00e0: audizione della Procura di Roma"},"content":{"rendered":"<p><strong>Premessa<\/strong>. La Commissione parlamentare di inchiesta sulla sicurezza ed il degrado delle citt\u00e0 ha ascoltato il <a href=\"http:\/\/www.camera.it\/leg17\/1058?idLegislatura=17&amp;tipologia=audiz2&amp;sottotipologia=audizione&amp;anno=2017&amp;mese=02&amp;giorno=21&amp;idCommissione=74&amp;numero=0007&amp;file=indice_stenografico\"><strong>21 febbraio 2017<\/strong><\/a> i rappresentanti della procura del tribunale di Roma in merito alle pi\u00f9 rilevanti problematiche della capitale. Qui di seguito sono sintetizzati i passaggi pi\u00f9 rilevanti della relazione.<\/p>\n<p><strong>Le occupazioni abusive<\/strong>. Il fenomeno delle occupazioni illegali di immobili pubblici e privati \u00e8 molto esteso a Roma: attualmente risultano censite 99 occupazioni, di cui 79 immobili in zona suburbana; le denunce nel 2016 sono state oltre 1.000, ma viene aperto un fascicolo penale solo in caso di invasione arbitraria nei locali, mentre in molti casi il subingresso \u00e8 effettuato senza dar luogo ad effrazioni (ad esempio in accordo con il precedente inquilino). Si tratta spesso di edifici abbandonati e fatiscenti, in ambienti degradati, dove trovano prevalentemente sistemazione famiglie straniere, a volte \u201cgestite\u201d da comitati o gruppi orientati politicamente e, in taluni casi, anche da organizzazioni criminali, come evidenziato dalle inchieste giudiziarie. Le procedure di sgombero sono spesso molto problematiche, anche per le difficolt\u00e0 di reperire alloggi alternativi.<\/p>\n<p><strong>I Piani di zona<\/strong>. Ci sono 12 procedimenti aperti per truffa ai danni di persone che hanno pagato somme ingenti senza per\u00f2 essere entrati in possesso del proprio alloggio.<\/p>\n<p><strong>Le demolizioni di manufatti abusivi<\/strong>. Il Fondo di rotazione della legge di stabilit\u00e0 prevede mutui che il comune accende per fronteggiare le spese, per poi rivalersi eventualmente sul condannato; \u00e8 stato anche sottoscritto un Protocollo d&#8217;intesa con l\u2019ex commissario straordinario, anche se l\u2019attuazione concreta \u00e8 stata assai limitata. Recentemente sono state stanziate altre risorse dalla regione Lazio.<\/p>\n<p><strong>La situazione di Ostia<\/strong>. Nel Municipio di Ostia i gruppi criminali \u2013 alcuni di essi con caratteristiche di vere e proprie organizzazioni di tipo mafioso &#8211; sono profondamente radicati ed esercitano un forte controllo del territorio, con forti analogie alla situazione di citt\u00e0 come Reggio Calabria, Palermo, Napoli, grazie anche alla compiacenza di alcuni apparati dello Stato. C\u2019\u00e8 una forte infiltrazione nell\u2019economia, in particolare nella gestione delle concessioni balneari, con la realizzazione di numerosi abusi edilizi. Si assiste al traffico di immobili, con l\u2019estromissione \u2013 anche violenta \u2013 dei legittimi assegnatari e la successiva vendita dell\u2019immobile oppure l\u2019utilizzo per le esigenze logistiche dell\u2019organizzazione (ad esempio per lo spaccio della droga).<\/p>\n<p><strong>Il traffico di droga<\/strong>. A Roma c\u2019\u00e8 un elevatissimo consumo di stupefacenti; il controllo del grande traffico \u00e8 gestito dall\u2019ndrangheta e poi operano moltissimi gruppi per le operazioni di spaccio capillare nel territorio (la disponibilit\u00e0 di droghe viene garantita durante tutto l\u2019arco della giornata), che garantiscono guadagni ingentissimi. E si registra un forte radicamento sociale di tali gruppi, grazie alla loro capacit\u00e0 di garantire comunque alcuni \u201cservizi\u201d alla popolazione residente.<\/p>\n<p><strong>I Casamonica<\/strong>. \u201cDietro la sigla Casamonica ci sono tante realt\u00e0 diverse e non tutte tali da costituire un&#8217;associazione per delinquere, tantomeno di stampo mafioso\u201d. Moltissimi sono stati arrestati, principalmente per spaccio di stupefacenti, estorsione, usura e moltissime forme di violenza, aggressione e resistenze. E sono state adottate nei loro confronti numerose misure di prevenzione patrimoniale.<\/p>\n<p><strong>Gli accordi tra i gruppi criminali<\/strong>. A Roma sono presenti varie organizzazioni, che non possono essere assimilate a Cosa Nostra; peraltro alcune di esse (come quelle operanti ad Ostia) \u201cvanno inquadrate nel reato di cui all&#8217;articolo 416-bis del codice penale\u2026 perch\u00e8 hanno una capacit\u00e0 di intimidazione tale da creare omert\u00e0 e uno stato di soggezione in un certo ambiente, che pu\u00f2 essere un quartiere ma anche un contesto sociale, come dice la Cassazione\u201d. Ed il valore dei beni sequestrati in sede di misure di prevenzione (1,5 miliardi di euro l&#8217;anno) evidenzia di per s\u00e9 i grossi investimenti mafiosi nella capitale.<\/p>\n<p>In generale, si pu\u00f2 parlare di \u201cpacifica convivenza\u201d fra le organizzazioni criminali che agiscono sul territorio romano (a differenza di quanto accade in altre citt\u00e0, come Napoli, dove gli atti di violenza sono molto diffusi) anche se non mancano situazione critiche come quella di Tor Bella Monaca. Tutto ci\u00f2 \u00e8 motivato dalla convinzione \u201cche convenga evitare manifestazioni di violenza e di allarme, che provocano immediatamente una reazione e un&#8217;attenzione dei media e un intervento della politica, peggiorando le cose per tutti\u201d.<\/p>\n","protected":false},"excerpt":{"rendered":"<p>Premessa. La Commissione parlamentare di inchiesta sulla sicurezza ed il degrado delle citt\u00e0 ha ascoltato il 21 febbraio 2017 i rappresentanti della procura del tribunale&nbsp;<span class=\"hellipsis\">[&hellip;]<\/span><a class=\"more-link\" href=\"https:\/\/welaikaadv.site\/avviso\/home\/cosa-facciamo\/informare\/documenti-tematici\/mafie\/commissione-di-inchiesta-su-sicurezza-e-degrado-delle-citta-audizione-della-procura-di-roma\/\">Leggi tutto <span class=\"screen-reader-text\">Commissione di inchiesta su sicurezza e degrado delle citt\u00e0: audizione della Procura di Roma<\/span> <span class=\"meta-nav\" aria-hidden=\"true\">&rarr;<\/span><\/a><\/p>\n","protected":false},"author":1,"featured_media":0,"parent":207,"menu_order":0,"comment_status":"closed","ping_status":"closed","template":"","meta":{"_acf_changed":false,"_exactmetrics_skip_tracking":false,"_exactmetrics_sitenote_active":false,"_exactmetrics_sitenote_note":"","_exactmetrics_sitenote_category":0,"wp_social_preview_title":"","wp_social_preview_description":"","wp_social_preview_image":0,"footnotes":""},"class_list":["post-6305","page","type-page","status-publish","hentry"],"acf":[],"yoast_head":"<!-- This site is optimized with the Yoast SEO plugin v27.2 - https:\/\/yoast.com\/product\/yoast-seo-wordpress\/ -->\n<title>Commissione di inchiesta su sicurezza e degrado delle citt\u00e0: audizione della Procura di Roma - Staging Avviso Pubblico<\/title>\n<meta name=\"robots\" content=\"noindex, follow, max-snippet:-1, max-image-preview:large, max-video-preview:-1\" \/>\n<meta property=\"og:locale\" content=\"it_IT\" \/>\n<meta property=\"og:type\" content=\"article\" \/>\n<meta property=\"og:title\" content=\"Commissione di inchiesta su sicurezza e degrado delle citt\u00e0: audizione della Procura di Roma - Staging Avviso Pubblico\" \/>\n<meta property=\"og:description\" content=\"Premessa. La Commissione parlamentare di inchiesta sulla sicurezza ed il degrado delle citt\u00e0 ha ascoltato il 21 febbraio 2017 i rappresentanti della procura del tribunale&nbsp;[&hellip;]Leggi tutto Commissione di inchiesta su sicurezza e degrado delle citt\u00e0: audizione della Procura di Roma &rarr;\" \/>\n<meta property=\"og:url\" content=\"https:\/\/welaikaadv.site\/avviso\/home\/cosa-facciamo\/informare\/documenti-tematici\/mafie\/commissione-di-inchiesta-su-sicurezza-e-degrado-delle-citta-audizione-della-procura-di-roma\/\" \/>\n<meta property=\"og:site_name\" content=\"Staging Avviso Pubblico\" \/>\n<meta name=\"twitter:card\" content=\"summary_large_image\" \/>\n<meta name=\"twitter:label1\" content=\"Tempo di lettura stimato\" \/>\n\t<meta name=\"twitter:data1\" content=\"3 minuti\" \/>\n<script type=\"application\/ld+json\" class=\"yoast-schema-graph\">{\"@context\":\"https:\/\/schema.org\",\"@graph\":[{\"@type\":\"WebPage\",\"@id\":\"https:\/\/welaikaadv.site\/avviso\/home\/cosa-facciamo\/informare\/documenti-tematici\/mafie\/commissione-di-inchiesta-su-sicurezza-e-degrado-delle-citta-audizione-della-procura-di-roma\/\",\"url\":\"https:\/\/welaikaadv.site\/avviso\/home\/cosa-facciamo\/informare\/documenti-tematici\/mafie\/commissione-di-inchiesta-su-sicurezza-e-degrado-delle-citta-audizione-della-procura-di-roma\/\",\"name\":\"Commissione di inchiesta su sicurezza e degrado delle citt\u00e0: audizione della Procura di Roma - Staging Avviso Pubblico\",\"isPartOf\":{\"@id\":\"https:\/\/welaikaadv.site\/avviso\/#website\"},\"datePublished\":\"2017-03-02T06:11:24+00:00\",\"breadcrumb\":{\"@id\":\"https:\/\/welaikaadv.site\/avviso\/home\/cosa-facciamo\/informare\/documenti-tematici\/mafie\/commissione-di-inchiesta-su-sicurezza-e-degrado-delle-citta-audizione-della-procura-di-roma\/#breadcrumb\"},\"inLanguage\":\"it-IT\",\"potentialAction\":[{\"@type\":\"ReadAction\",\"target\":[\"https:\/\/welaikaadv.site\/avviso\/home\/cosa-facciamo\/informare\/documenti-tematici\/mafie\/commissione-di-inchiesta-su-sicurezza-e-degrado-delle-citta-audizione-della-procura-di-roma\/\"]}]},{\"@type\":\"BreadcrumbList\",\"@id\":\"https:\/\/welaikaadv.site\/avviso\/home\/cosa-facciamo\/informare\/documenti-tematici\/mafie\/commissione-di-inchiesta-su-sicurezza-e-degrado-delle-citta-audizione-della-procura-di-roma\/#breadcrumb\",\"itemListElement\":[{\"@type\":\"ListItem\",\"position\":1,\"name\":\"Home\",\"item\":\"https:\/\/welaikaadv.site\/avviso\/\"},{\"@type\":\"ListItem\",\"position\":2,\"name\":\"Commissione di inchiesta su sicurezza e degrado delle citt\u00e0: audizione della Procura di Roma\"}]},{\"@type\":\"WebSite\",\"@id\":\"https:\/\/welaikaadv.site\/avviso\/#website\",\"url\":\"https:\/\/welaikaadv.site\/avviso\/\",\"name\":\"Staging Avviso Pubblico\",\"description\":\"\",\"publisher\":{\"@id\":\"https:\/\/welaikaadv.site\/avviso\/#organization\"},\"potentialAction\":[{\"@type\":\"SearchAction\",\"target\":{\"@type\":\"EntryPoint\",\"urlTemplate\":\"https:\/\/welaikaadv.site\/avviso\/?s={search_term_string}\"},\"query-input\":{\"@type\":\"PropertyValueSpecification\",\"valueRequired\":true,\"valueName\":\"search_term_string\"}}],\"inLanguage\":\"it-IT\"},{\"@type\":\"Organization\",\"@id\":\"https:\/\/welaikaadv.site\/avviso\/#organization\",\"name\":\"Staging Avviso Pubblico\",\"url\":\"https:\/\/welaikaadv.site\/avviso\/\",\"logo\":{\"@type\":\"ImageObject\",\"inLanguage\":\"it-IT\",\"@id\":\"https:\/\/welaikaadv.site\/avviso\/#\/schema\/logo\/image\/\",\"url\":\"https:\/\/welaikaadv.site\/avviso\/wp-content\/uploads\/2024\/08\/logoAPsito-400.png\",\"contentUrl\":\"https:\/\/welaikaadv.site\/avviso\/wp-content\/uploads\/2024\/08\/logoAPsito-400.png\",\"width\":400,\"height\":97,\"caption\":\"Staging Avviso Pubblico\"},\"image\":{\"@id\":\"https:\/\/welaikaadv.site\/avviso\/#\/schema\/logo\/image\/\"}}]}<\/script>\n<!-- \/ Yoast SEO plugin. -->","yoast_head_json":{"title":"Commissione di inchiesta su sicurezza e degrado delle citt\u00e0: audizione della Procura di Roma - Staging Avviso Pubblico","robots":{"index":"noindex","follow":"follow","max-snippet":"max-snippet:-1","max-image-preview":"max-image-preview:large","max-video-preview":"max-video-preview:-1"},"og_locale":"it_IT","og_type":"article","og_title":"Commissione di inchiesta su sicurezza e degrado delle citt\u00e0: audizione della Procura di Roma - Staging Avviso Pubblico","og_description":"Premessa. La Commissione parlamentare di inchiesta sulla sicurezza ed il degrado delle citt\u00e0 ha ascoltato il 21 febbraio 2017 i rappresentanti della procura del tribunale&nbsp;[&hellip;]Leggi tutto Commissione di inchiesta su sicurezza e degrado delle citt\u00e0: audizione della Procura di Roma &rarr;","og_url":"https:\/\/welaikaadv.site\/avviso\/home\/cosa-facciamo\/informare\/documenti-tematici\/mafie\/commissione-di-inchiesta-su-sicurezza-e-degrado-delle-citta-audizione-della-procura-di-roma\/","og_site_name":"Staging Avviso Pubblico","twitter_card":"summary_large_image","twitter_misc":{"Tempo di lettura stimato":"3 minuti"},"schema":{"@context":"https:\/\/schema.org","@graph":[{"@type":"WebPage","@id":"https:\/\/welaikaadv.site\/avviso\/home\/cosa-facciamo\/informare\/documenti-tematici\/mafie\/commissione-di-inchiesta-su-sicurezza-e-degrado-delle-citta-audizione-della-procura-di-roma\/","url":"https:\/\/welaikaadv.site\/avviso\/home\/cosa-facciamo\/informare\/documenti-tematici\/mafie\/commissione-di-inchiesta-su-sicurezza-e-degrado-delle-citta-audizione-della-procura-di-roma\/","name":"Commissione di inchiesta su sicurezza e degrado delle citt\u00e0: audizione della Procura di Roma - Staging Avviso Pubblico","isPartOf":{"@id":"https:\/\/welaikaadv.site\/avviso\/#website"},"datePublished":"2017-03-02T06:11:24+00:00","breadcrumb":{"@id":"https:\/\/welaikaadv.site\/avviso\/home\/cosa-facciamo\/informare\/documenti-tematici\/mafie\/commissione-di-inchiesta-su-sicurezza-e-degrado-delle-citta-audizione-della-procura-di-roma\/#breadcrumb"},"inLanguage":"it-IT","potentialAction":[{"@type":"ReadAction","target":["https:\/\/welaikaadv.site\/avviso\/home\/cosa-facciamo\/informare\/documenti-tematici\/mafie\/commissione-di-inchiesta-su-sicurezza-e-degrado-delle-citta-audizione-della-procura-di-roma\/"]}]},{"@type":"BreadcrumbList","@id":"https:\/\/welaikaadv.site\/avviso\/home\/cosa-facciamo\/informare\/documenti-tematici\/mafie\/commissione-di-inchiesta-su-sicurezza-e-degrado-delle-citta-audizione-della-procura-di-roma\/#breadcrumb","itemListElement":[{"@type":"ListItem","position":1,"name":"Home","item":"https:\/\/welaikaadv.site\/avviso\/"},{"@type":"ListItem","position":2,"name":"Commissione di inchiesta su sicurezza e degrado delle citt\u00e0: audizione della Procura di Roma"}]},{"@type":"WebSite","@id":"https:\/\/welaikaadv.site\/avviso\/#website","url":"https:\/\/welaikaadv.site\/avviso\/","name":"Staging Avviso Pubblico","description":"","publisher":{"@id":"https:\/\/welaikaadv.site\/avviso\/#organization"},"potentialAction":[{"@type":"SearchAction","target":{"@type":"EntryPoint","urlTemplate":"https:\/\/welaikaadv.site\/avviso\/?s={search_term_string}"},"query-input":{"@type":"PropertyValueSpecification","valueRequired":true,"valueName":"search_term_string"}}],"inLanguage":"it-IT"},{"@type":"Organization","@id":"https:\/\/welaikaadv.site\/avviso\/#organization","name":"Staging Avviso Pubblico","url":"https:\/\/welaikaadv.site\/avviso\/","logo":{"@type":"ImageObject","inLanguage":"it-IT","@id":"https:\/\/welaikaadv.site\/avviso\/#\/schema\/logo\/image\/","url":"https:\/\/welaikaadv.site\/avviso\/wp-content\/uploads\/2024\/08\/logoAPsito-400.png","contentUrl":"https:\/\/welaikaadv.site\/avviso\/wp-content\/uploads\/2024\/08\/logoAPsito-400.png","width":400,"height":97,"caption":"Staging Avviso Pubblico"},"image":{"@id":"https:\/\/welaikaadv.site\/avviso\/#\/schema\/logo\/image\/"}}]}},"_links":{"self":[{"href":"https:\/\/welaikaadv.site\/avviso\/wp-json\/wp\/v2\/pages\/6305","targetHints":{"allow":["GET"]}}],"collection":[{"href":"https:\/\/welaikaadv.site\/avviso\/wp-json\/wp\/v2\/pages"}],"about":[{"href":"https:\/\/welaikaadv.site\/avviso\/wp-json\/wp\/v2\/types\/page"}],"author":[{"embeddable":true,"href":"https:\/\/welaikaadv.site\/avviso\/wp-json\/wp\/v2\/users\/1"}],"replies":[{"embeddable":true,"href":"https:\/\/welaikaadv.site\/avviso\/wp-json\/wp\/v2\/comments?post=6305"}],"version-history":[{"count":0,"href":"https:\/\/welaikaadv.site\/avviso\/wp-json\/wp\/v2\/pages\/6305\/revisions"}],"up":[{"embeddable":true,"href":"https:\/\/welaikaadv.site\/avviso\/wp-json\/wp\/v2\/pages\/207"}],"wp:attachment":[{"href":"https:\/\/welaikaadv.site\/avviso\/wp-json\/wp\/v2\/media?parent=6305"}],"curies":[{"name":"wp","href":"https:\/\/api.w.org\/{rel}","templated":true}]}}