{"id":6602,"date":"2017-04-21T23:43:13","date_gmt":"2017-04-21T21:43:13","guid":{"rendered":"http:\/\/www.avvisopubblico.it\/osservatorio\/?page_id=6602"},"modified":"2017-04-21T23:43:13","modified_gmt":"2017-04-21T21:43:13","slug":"legge-n-47-del-2017-misure-di-protezione-dei-minori-stranieri-non-accompagnati","status":"publish","type":"page","link":"https:\/\/welaikaadv.site\/avviso\/home\/cosa-facciamo\/informare\/osservatorio-parlamentare\/attivita-legislativa\/leggi-approvate\/legge-n-47-del-2017-misure-di-protezione-dei-minori-stranieri-non-accompagnati\/","title":{"rendered":"Legge n. 47 del 2017. Misure di protezione dei minori stranieri non accompagnati"},"content":{"rendered":"<p><strong>Premessa<\/strong>. La <strong><a href=\"http:\/\/www.normattiva.it\/uri-res\/N2Ls?urn:nir:stato:legge:2017;47\">legge n. 47 del 7 aprile 2017<\/a><\/strong> \u00e8 volta a rafforzare le tutele garantite ai minori stranieri non accompagnati, oggetto spesso di traffici da parte di organizzazioni criminali e assicurare una maggiore omogeneit\u00e0 nell&#8217;applicazione della normativa.<\/p>\n<p><strong>Contenuti del provvedimento<\/strong>. Qui di seguito sono sintetizzati gli aspetti principali del provvedimento.<\/p>\n<p><em>Principi gen<\/em>erali. E\u2019 affermato il principio secondo cui ai minori stranieri non accompagnati \u00e8 attribuita parit\u00e0 di trattamento con i minori di cittadinanza italiana o dell&#8217;Unione europea; \u00e8 previsto inoltre il divieto assoluto di respingimento alla frontiera e che il provvedimento di espulsione pu\u00f2 essere adottato solo a condizione che non comporti &#8220;un rischio di danni gravi per il minore&#8221; (<em>artt. 1-3<\/em>).<\/p>\n<p><em>Accoglienza<\/em>. Il minore pu\u00f2 essere trattenuto nei centri di prima accoglienza ad essi appositamente ad esse destinati solo per 30 giorni; \u00e8 precisata la procedura da seguire per l\u2019identificazione del minore e la corretta informazione sui suoi diritti; viene poi garantito anche l\u2019accesso alle strutture dello Sprar con specifici standard da rispettare (<em>artt. 4-5 e 12<\/em>).<\/p>\n<p><em>Indagini familiari, rimpatrio assistito ed affidamento<\/em>. Sono introdotte alcune modifiche alla normativa attuale al fine di favorire l&#8217;individuazione dei familiari ed il ricongiungimento ad essi ovvero l\u2019affidamento familiare; la competenza all&#8217;adozione dei provvedimenti di rimpatrio assistito \u00e8 ora attribuita al Tribunale per i minorenni competente (<em>artt. 6-11<\/em>).<\/p>\n<p><em>Permessi di soggiorno<\/em>. Sono introdotte disposizioni specifiche per i permessi di soggiorno (per minore et\u00e0 o per motivi familiari) e la conversione del permesso di soggiorno al raggiungimento della minore et\u00e0 (<em>artt. 10 e 13<\/em>).<\/p>\n<p><em>Diritti dei minori<\/em>. Il provvedimento interviene anche in materia di assistenza sanitaria, diritto all\u2019istruzione, garanzie nei procedimenti amministrativi e giurisdizionali ed una specifica ssistenza per i minori vittime di tratta (<em>artt. 14-18<\/em>).<\/p>\n<p><strong>Notizie sull\u2019iter<\/strong>. Il provvedimento \u00e8 stato approvato in prima lettura dalla Camera il <a href=\"http:\/\/www.camera.it\/leg17\/410?idSeduta=0699&amp;tipo=alfabetico_stenografico\"><strong>26 ottobre 2016<\/strong><\/a> e dal Senato, con alcune modifiche, nelle sedute del 1\u00b0 marzo 2017 (clicca <a href=\"http:\/\/www.senato.it\/japp\/bgt\/showdoc\/frame.jsp?tipodoc=Resaula&amp;leg=17&amp;id=1007893\"><strong>qui<\/strong><\/a> e <a href=\"http:\/\/www.senato.it\/japp\/bgt\/showdoc\/frame.jsp?tipodoc=Resaula&amp;leg=17&amp;id=1007907\"><strong>qua<\/strong><\/a>). L\u2019Assemblea della Camera ha svolto la discussione generale il <a href=\"\/home\/home\/cosa-facciamo\/informare\/osservatorio-parlamentare\/attivita-legislativa\/progetti-di-legge-in-discussione\/progetti-di-legge-su-immigrazione-asilo-e-cittadinanza-in-discussione-in-parlamento-quadro-generale\/\"><strong>20 marzo 2017<\/strong><\/a> per approvare definitivamente il provvedimento il <a href=\"http:\/\/www.camera.it\/leg17\/410?idSeduta=0769&amp;tipo=stenografico#sed0769.stenografico.tit00030.int00010\"><strong>29 marzo 2017<\/strong><\/a>.<\/p>\n<p>&nbsp;<\/p>\n<p>Per maggiori informazioni leggi il <a href=\"http:\/\/documenti.camera.it\/leg17\/dossier\/Testi\/ac0296b.htm\"><strong>dossier<\/strong><\/a> del Servizio Studi della Camera. Vedi anche le <strong><a href=\"https:\/\/welaikaadv.site\/avviso\/home\/cosa-facciamo\/informare\/osservatorio-parlamentare\/attivita-dinchiesta\/attivita-dinchiesta-xvii\/commissione-di-inchiesta-della-camera-sul-sistema-di-accoglienza-dei-profughi\/migranti-minori-non-accompagnati-audizioni-della-commissione-parlamentare-sul-sistema-di-accoglienza\/\">audizioni su questo tema della Commissione sul sistema di accoglienza<\/a><\/strong>.<\/p>\n","protected":false},"excerpt":{"rendered":"<p>Premessa. La legge n. 47 del 7 aprile 2017 \u00e8 volta a rafforzare le tutele garantite ai minori stranieri non accompagnati, oggetto spesso di traffici&nbsp;<span class=\"hellipsis\">[&hellip;]<\/span><a class=\"more-link\" href=\"https:\/\/welaikaadv.site\/avviso\/home\/cosa-facciamo\/informare\/osservatorio-parlamentare\/attivita-legislativa\/leggi-approvate\/legge-n-47-del-2017-misure-di-protezione-dei-minori-stranieri-non-accompagnati\/\">Leggi tutto <span class=\"screen-reader-text\">Legge n. 47 del 2017. Misure di protezione dei minori stranieri non accompagnati<\/span> <span class=\"meta-nav\" aria-hidden=\"true\">&rarr;<\/span><\/a><\/p>\n","protected":false},"author":1,"featured_media":0,"parent":2575,"menu_order":0,"comment_status":"closed","ping_status":"closed","template":"","meta":{"_acf_changed":false,"_exactmetrics_skip_tracking":false,"_exactmetrics_sitenote_active":false,"_exactmetrics_sitenote_note":"","_exactmetrics_sitenote_category":0,"wp_social_preview_title":"","wp_social_preview_description":"","wp_social_preview_image":0,"footnotes":""},"class_list":["post-6602","page","type-page","status-publish","hentry"],"acf":[],"yoast_head":"<!-- This site is optimized with the Yoast SEO plugin v27.2 - https:\/\/yoast.com\/product\/yoast-seo-wordpress\/ -->\n<title>Legge n. 47 del 2017. Misure di protezione dei minori stranieri non accompagnati - Staging Avviso Pubblico<\/title>\n<meta name=\"robots\" content=\"noindex, follow, max-snippet:-1, max-image-preview:large, max-video-preview:-1\" \/>\n<meta property=\"og:locale\" content=\"it_IT\" \/>\n<meta property=\"og:type\" content=\"article\" \/>\n<meta property=\"og:title\" content=\"Legge n. 47 del 2017. Misure di protezione dei minori stranieri non accompagnati - Staging Avviso Pubblico\" \/>\n<meta property=\"og:description\" content=\"Premessa. La legge n. 47 del 7 aprile 2017 \u00e8 volta a rafforzare le tutele garantite ai minori stranieri non accompagnati, oggetto spesso di traffici&nbsp;[&hellip;]Leggi tutto Legge n. 47 del 2017. Misure di protezione dei minori stranieri non accompagnati &rarr;\" \/>\n<meta property=\"og:url\" content=\"https:\/\/welaikaadv.site\/avviso\/home\/cosa-facciamo\/informare\/osservatorio-parlamentare\/attivita-legislativa\/leggi-approvate\/legge-n-47-del-2017-misure-di-protezione-dei-minori-stranieri-non-accompagnati\/\" \/>\n<meta property=\"og:site_name\" content=\"Staging Avviso Pubblico\" \/>\n<meta name=\"twitter:card\" content=\"summary_large_image\" \/>\n<meta name=\"twitter:label1\" content=\"Tempo di lettura stimato\" \/>\n\t<meta name=\"twitter:data1\" content=\"2 minuti\" \/>\n<script type=\"application\/ld+json\" class=\"yoast-schema-graph\">{\"@context\":\"https:\/\/schema.org\",\"@graph\":[{\"@type\":\"WebPage\",\"@id\":\"https:\/\/welaikaadv.site\/avviso\/home\/cosa-facciamo\/informare\/osservatorio-parlamentare\/attivita-legislativa\/leggi-approvate\/legge-n-47-del-2017-misure-di-protezione-dei-minori-stranieri-non-accompagnati\/\",\"url\":\"https:\/\/welaikaadv.site\/avviso\/home\/cosa-facciamo\/informare\/osservatorio-parlamentare\/attivita-legislativa\/leggi-approvate\/legge-n-47-del-2017-misure-di-protezione-dei-minori-stranieri-non-accompagnati\/\",\"name\":\"Legge n. 47 del 2017. Misure di protezione dei minori stranieri non accompagnati - Staging Avviso Pubblico\",\"isPartOf\":{\"@id\":\"https:\/\/welaikaadv.site\/avviso\/#website\"},\"datePublished\":\"2017-04-21T21:43:13+00:00\",\"breadcrumb\":{\"@id\":\"https:\/\/welaikaadv.site\/avviso\/home\/cosa-facciamo\/informare\/osservatorio-parlamentare\/attivita-legislativa\/leggi-approvate\/legge-n-47-del-2017-misure-di-protezione-dei-minori-stranieri-non-accompagnati\/#breadcrumb\"},\"inLanguage\":\"it-IT\",\"potentialAction\":[{\"@type\":\"ReadAction\",\"target\":[\"https:\/\/welaikaadv.site\/avviso\/home\/cosa-facciamo\/informare\/osservatorio-parlamentare\/attivita-legislativa\/leggi-approvate\/legge-n-47-del-2017-misure-di-protezione-dei-minori-stranieri-non-accompagnati\/\"]}]},{\"@type\":\"BreadcrumbList\",\"@id\":\"https:\/\/welaikaadv.site\/avviso\/home\/cosa-facciamo\/informare\/osservatorio-parlamentare\/attivita-legislativa\/leggi-approvate\/legge-n-47-del-2017-misure-di-protezione-dei-minori-stranieri-non-accompagnati\/#breadcrumb\",\"itemListElement\":[{\"@type\":\"ListItem\",\"position\":1,\"name\":\"Home\",\"item\":\"https:\/\/welaikaadv.site\/avviso\/\"},{\"@type\":\"ListItem\",\"position\":2,\"name\":\"Legge n. 47 del 2017. Misure di protezione dei minori stranieri non accompagnati\"}]},{\"@type\":\"WebSite\",\"@id\":\"https:\/\/welaikaadv.site\/avviso\/#website\",\"url\":\"https:\/\/welaikaadv.site\/avviso\/\",\"name\":\"Staging Avviso Pubblico\",\"description\":\"\",\"publisher\":{\"@id\":\"https:\/\/welaikaadv.site\/avviso\/#organization\"},\"potentialAction\":[{\"@type\":\"SearchAction\",\"target\":{\"@type\":\"EntryPoint\",\"urlTemplate\":\"https:\/\/welaikaadv.site\/avviso\/?s={search_term_string}\"},\"query-input\":{\"@type\":\"PropertyValueSpecification\",\"valueRequired\":true,\"valueName\":\"search_term_string\"}}],\"inLanguage\":\"it-IT\"},{\"@type\":\"Organization\",\"@id\":\"https:\/\/welaikaadv.site\/avviso\/#organization\",\"name\":\"Staging Avviso Pubblico\",\"url\":\"https:\/\/welaikaadv.site\/avviso\/\",\"logo\":{\"@type\":\"ImageObject\",\"inLanguage\":\"it-IT\",\"@id\":\"https:\/\/welaikaadv.site\/avviso\/#\/schema\/logo\/image\/\",\"url\":\"https:\/\/welaikaadv.site\/avviso\/wp-content\/uploads\/2024\/08\/logoAPsito-400.png\",\"contentUrl\":\"https:\/\/welaikaadv.site\/avviso\/wp-content\/uploads\/2024\/08\/logoAPsito-400.png\",\"width\":400,\"height\":97,\"caption\":\"Staging Avviso Pubblico\"},\"image\":{\"@id\":\"https:\/\/welaikaadv.site\/avviso\/#\/schema\/logo\/image\/\"}}]}<\/script>\n<!-- \/ Yoast SEO plugin. -->","yoast_head_json":{"title":"Legge n. 47 del 2017. Misure di protezione dei minori stranieri non accompagnati - Staging Avviso Pubblico","robots":{"index":"noindex","follow":"follow","max-snippet":"max-snippet:-1","max-image-preview":"max-image-preview:large","max-video-preview":"max-video-preview:-1"},"og_locale":"it_IT","og_type":"article","og_title":"Legge n. 47 del 2017. Misure di protezione dei minori stranieri non accompagnati - Staging Avviso Pubblico","og_description":"Premessa. La legge n. 47 del 7 aprile 2017 \u00e8 volta a rafforzare le tutele garantite ai minori stranieri non accompagnati, oggetto spesso di traffici&nbsp;[&hellip;]Leggi tutto Legge n. 47 del 2017. Misure di protezione dei minori stranieri non accompagnati &rarr;","og_url":"https:\/\/welaikaadv.site\/avviso\/home\/cosa-facciamo\/informare\/osservatorio-parlamentare\/attivita-legislativa\/leggi-approvate\/legge-n-47-del-2017-misure-di-protezione-dei-minori-stranieri-non-accompagnati\/","og_site_name":"Staging Avviso Pubblico","twitter_card":"summary_large_image","twitter_misc":{"Tempo di lettura stimato":"2 minuti"},"schema":{"@context":"https:\/\/schema.org","@graph":[{"@type":"WebPage","@id":"https:\/\/welaikaadv.site\/avviso\/home\/cosa-facciamo\/informare\/osservatorio-parlamentare\/attivita-legislativa\/leggi-approvate\/legge-n-47-del-2017-misure-di-protezione-dei-minori-stranieri-non-accompagnati\/","url":"https:\/\/welaikaadv.site\/avviso\/home\/cosa-facciamo\/informare\/osservatorio-parlamentare\/attivita-legislativa\/leggi-approvate\/legge-n-47-del-2017-misure-di-protezione-dei-minori-stranieri-non-accompagnati\/","name":"Legge n. 47 del 2017. Misure di protezione dei minori stranieri non accompagnati - Staging Avviso Pubblico","isPartOf":{"@id":"https:\/\/welaikaadv.site\/avviso\/#website"},"datePublished":"2017-04-21T21:43:13+00:00","breadcrumb":{"@id":"https:\/\/welaikaadv.site\/avviso\/home\/cosa-facciamo\/informare\/osservatorio-parlamentare\/attivita-legislativa\/leggi-approvate\/legge-n-47-del-2017-misure-di-protezione-dei-minori-stranieri-non-accompagnati\/#breadcrumb"},"inLanguage":"it-IT","potentialAction":[{"@type":"ReadAction","target":["https:\/\/welaikaadv.site\/avviso\/home\/cosa-facciamo\/informare\/osservatorio-parlamentare\/attivita-legislativa\/leggi-approvate\/legge-n-47-del-2017-misure-di-protezione-dei-minori-stranieri-non-accompagnati\/"]}]},{"@type":"BreadcrumbList","@id":"https:\/\/welaikaadv.site\/avviso\/home\/cosa-facciamo\/informare\/osservatorio-parlamentare\/attivita-legislativa\/leggi-approvate\/legge-n-47-del-2017-misure-di-protezione-dei-minori-stranieri-non-accompagnati\/#breadcrumb","itemListElement":[{"@type":"ListItem","position":1,"name":"Home","item":"https:\/\/welaikaadv.site\/avviso\/"},{"@type":"ListItem","position":2,"name":"Legge n. 47 del 2017. Misure di protezione dei minori stranieri non accompagnati"}]},{"@type":"WebSite","@id":"https:\/\/welaikaadv.site\/avviso\/#website","url":"https:\/\/welaikaadv.site\/avviso\/","name":"Staging Avviso Pubblico","description":"","publisher":{"@id":"https:\/\/welaikaadv.site\/avviso\/#organization"},"potentialAction":[{"@type":"SearchAction","target":{"@type":"EntryPoint","urlTemplate":"https:\/\/welaikaadv.site\/avviso\/?s={search_term_string}"},"query-input":{"@type":"PropertyValueSpecification","valueRequired":true,"valueName":"search_term_string"}}],"inLanguage":"it-IT"},{"@type":"Organization","@id":"https:\/\/welaikaadv.site\/avviso\/#organization","name":"Staging Avviso Pubblico","url":"https:\/\/welaikaadv.site\/avviso\/","logo":{"@type":"ImageObject","inLanguage":"it-IT","@id":"https:\/\/welaikaadv.site\/avviso\/#\/schema\/logo\/image\/","url":"https:\/\/welaikaadv.site\/avviso\/wp-content\/uploads\/2024\/08\/logoAPsito-400.png","contentUrl":"https:\/\/welaikaadv.site\/avviso\/wp-content\/uploads\/2024\/08\/logoAPsito-400.png","width":400,"height":97,"caption":"Staging Avviso Pubblico"},"image":{"@id":"https:\/\/welaikaadv.site\/avviso\/#\/schema\/logo\/image\/"}}]}},"_links":{"self":[{"href":"https:\/\/welaikaadv.site\/avviso\/wp-json\/wp\/v2\/pages\/6602","targetHints":{"allow":["GET"]}}],"collection":[{"href":"https:\/\/welaikaadv.site\/avviso\/wp-json\/wp\/v2\/pages"}],"about":[{"href":"https:\/\/welaikaadv.site\/avviso\/wp-json\/wp\/v2\/types\/page"}],"author":[{"embeddable":true,"href":"https:\/\/welaikaadv.site\/avviso\/wp-json\/wp\/v2\/users\/1"}],"replies":[{"embeddable":true,"href":"https:\/\/welaikaadv.site\/avviso\/wp-json\/wp\/v2\/comments?post=6602"}],"version-history":[{"count":0,"href":"https:\/\/welaikaadv.site\/avviso\/wp-json\/wp\/v2\/pages\/6602\/revisions"}],"up":[{"embeddable":true,"href":"https:\/\/welaikaadv.site\/avviso\/wp-json\/wp\/v2\/pages\/2575"}],"wp:attachment":[{"href":"https:\/\/welaikaadv.site\/avviso\/wp-json\/wp\/v2\/media?parent=6602"}],"curies":[{"name":"wp","href":"https:\/\/api.w.org\/{rel}","templated":true}]}}