{"id":67920,"date":"2024-03-04T08:27:13","date_gmt":"2024-03-04T07:27:13","guid":{"rendered":"https:\/\/www.avvisopubblico.it\/home\/?page_id=67920"},"modified":"2024-03-04T08:27:13","modified_gmt":"2024-03-04T07:27:13","slug":"decreto-legge-30-dicembre-2023-n-215-decreto-milleproroghe","status":"publish","type":"page","link":"https:\/\/welaikaadv.site\/avviso\/home\/cosa-facciamo\/informare\/osservatorio-parlamentare\/attivita-legislativa\/leggi-approvate\/decreto-legge-30-dicembre-2023-n-215-decreto-milleproroghe\/","title":{"rendered":"Legge 23 febbraio 2024, n. 18 \u2013 Conversione in Legge del Decreto \u201cMilleproroghe\u201d (DL 215\/2023)"},"content":{"rendered":"<p>\u00c8 stata pubblicata in Gazzetta Ufficiale la <a href=\"https:\/\/www.gazzettaufficiale.it\/atto\/serie_generale\/caricaDettaglioAtto\/originario?atto.dataPubblicazioneGazzetta=2024-02-28&amp;atto.codiceRedazionale=24A01124&amp;elenco30giorni=true\">Legge 23 Febbraio 2024, n. 18<\/a> di conversione del decreto-legge 30 dicembre 2023, n. 215 recante Disposizioni urgenti in materia di termini normativi (Decreto cd. Milleproroghe).<\/p>\n<p>Di seguito i principali interventi.<\/p>\n<p><strong>Gioco d\u2019azzardo<\/strong>: Articolo 3, comma 7. Le\u00a0<u>estrazioni settimanali aggiuntive del gioco del Lotto e del Superenalotto<\/u> introdotte con il DL 61\/2023 (Decreto alluvione Emilia-Romagna) sono previste anche per l\u2019anno 2024. Le maggiori entrate derivanti sono destinate al Fondo per le emergenze nazionali.<\/p>\n<p><strong>Codice Antimafia<\/strong>: Articolo 2, comma 9. All\u2019art. 99 del\u00a0<u>Codice Antimafia<\/u>\u00a0viene aggiunto un comma 1-bis con cui si prevede un prossimo\u00a0<u>decreto del Ministro dell\u2019interno, di natura non regolamentare<\/u>, che definisca ed aggiorni \u201cle modalit\u00e0 di autenticazione, autorizzazione e di\u00a0 registrazione degli accessi e delle operazioni effettuate sulla\u00a0<u>banca dati nazionale unica<\/u>; di accesso da parte del personale delle Forze di polizia e dell\u2019amministrazione civile dell\u2019interno; di accesso\u00a0 da parte della Direzione nazionale antimafia e antiterrorismo per lo svolgimento dei compiti previsti dall\u2019articolo 371-bis del codice di\u00a0 procedura penale e di consultazione da parte dei soggetti\u00a0 di cui all\u2019articolo 97, comma 1\u201d (ossia le PA che devono stipulare contratti, le CCIAA, gli Ordini professionali, l\u2019Anac). Lo stesso articolo abroga la precedente disposizione che individuava tale aggiornamento in un atto di tipo regolamentare. Infine, si prevede che fino all\u2019adozione del decreto ministeriale si applichino \u201cle disposizioni di cui al Capo IV, sezione II, del\u00a0del regolamento di cui al decreto del Presidente del Consiglio dei ministri del 30 ottobre 2014, n. 193 unitamente ai relativi allegati numeri 2, 3, 4 e 5\u201d.<\/p>\n<p><strong>Personale PNRR<\/strong>: Articolo 1, commi 8, 9, 12.<\/p>\n<ul>\n<li>L\u2019autorizzazione per il Ministero dell\u2019interno ad assumere personale a tempo determinato per garantire le attivit\u00e0 connesse alla gestione, all\u2019erogazione, al monitoraggio e al controllo dei finanziamenti statali agli investimenti comunali e di quelli destinati al Corpo nazionale dei vigili del fuoco per i\u00a0<u>progetti del PNRR<\/u>\u00a0\u00e8 prevista per il triennio 2022-24 (comma 8, lett. a);<\/li>\n<li>la durata dei contratti a tempo determinato del personale addetto all\u2019<u>Ufficio per il processo<\/u>\u00a0e del personale per il supporto alle\u00a0<u>linee progettuali per la giustizia del PNRR<\/u>\u00a0\u00e8 prorogabile fino al 30 giugno 2026 (con un contingente massimo, in quest\u2019ultimo caso, di 4.745 unit\u00e0 di personale amministrativo non dirigenziale, rispetto alle precedenti 5.400 unit\u00e0) (comma 9, lett. b, c);<\/li>\n<li>l\u2019autorizzazione al Ministero dell\u2019Interno e al Ministero dell\u2019Economia e delle Finanze a reclutare personale al fine di garantire il\u00a0<u>supporto alle amministrazioni locali titolari di interventi del PNRR<\/u>\u00a0per gli adempimenti di monitoraggio, controllo e rendicontazione dei finanziamenti destinati all\u2019attuazione degli stessi, con particolare riferimento al controllo sul divieto di doppio finanziamento e sui conflitti d\u2019interesse nonch\u00e9 all\u2019espletamento dei controlli antimafia previsti dalla normativa vigente, \u00e8 prorogata al triennio 2022-24 (comma 12).<\/li>\n<\/ul>\n<p><strong>Pubblica Amministrazione<\/strong>: Articolo 1, comma 1. L\u2019utilizzo temporaneo di un contingente di segretari comunali e provinciali da parte della Presidenza del Consiglio dei ministri \u2013 Dipartimento della funzione pubblica al fine di garantire il rafforzamento delle attivit\u00e0 di\u00a0<u>semplificazione<\/u>\u00a0delle norme e delle procedure amministrative e di\u00a0<u>monitoraggio<\/u>\u00a0dei servizi resi dalla pubblica amministrazione alle imprese e ai cittadini, nonch\u00e9 delle attivit\u00e0 connesse alla gestione del personale in eccedenza, \u00e8 consentito fino al 31.12.2024.<\/p>\n<p><strong>ICQRF<\/strong>: Articolo 1, comma 21. Le procedure concorsuali gi\u00e0 autorizzate per il reclutamento di personale per l\u2019Ispettorato centrale della tutela della qualit\u00e0 e repressione frodi dei prodotti agroalimentari (<u>ICQRF<\/u>) possono essere espletate fino al 31.12.2024.<\/p>\n<p><strong>Piccoli Comuni<\/strong>: Articolo 2, comma 2. I termini per l\u2019<u>esercizio in forma associata delle funzioni fondamentali<\/u> per i Comuni con popolazione fino a 5.000 abitanti (ovvero fino a 3.000 abitanti se appartengono o sono appartenuti a comunit\u00e0 montane) sono prorogati al 31.12.2024.<\/p>\n<p><strong>Deroga in materia di inconferibilit\u00e0 di incarichi a componenti di organo politico di livello locale<\/strong>. Art. 1-bis. Viene prorogata al 31.12.2024 la deroga che consente a <u>coloro che siano stati componenti dei consigli dei comuni con popolazione superiore a 15.000 abitanti<\/u>, o di una forma associativa tra comuni avente la medesima popolazione, di assumere incarichi amministrativi di vertice della regione, incarichi di amministratore di ente pubblico, o di ente di diritto privato in controllo pubblico, di livello regionale e incarichi di amministratore di livello regionale.<\/p>\n<p><strong>Contributo degli Enti locali alla finanza pubblica<\/strong>. Art. 3, comma 12-decies. Si interviene sui commi 533 e 534 della Legge di bilancio per il 2024, specificando che il <u>contributo alla finanza pubblica da parte degli Enti locali<\/u> ivi previsto terr\u00e0 conto della <u>rimodulazione dei fondi PNRR<\/u> e delle <u>risorse<\/u> assegnate ex art. 1, commi 29 e 29-bis della Legge di Bilancio per il 2020 (<u>efficientamento energetico, sviluppo territoriale sostenibile<\/u>). Si specifica, inoltre, che viene prorogato al 31.03.2024 (rispetto alla precedente scadenza del 31.01.24) il termine per la emanazione del decreto del Ministero dell\u2019Interno (di concerto con il MEF) che determina gli importi relativi ai contributi degli Enti Locali alla finanza pubblica.<\/p>\n<p><strong>Procedure di affidamento semplificate degli interventi PNRR e PNC<\/strong>. Art. 8 comma 5. Si proroga fino al 31.12.24 l\u2019applicazione delle <u>disposizioni di semplificazione degli affidamenti degli interventi finanziati dal PNRR e dal PNC<\/u>.<\/p>\n<p><strong>Scudo erariale<\/strong>. Art. 8 comma 5-bis. Si estende fino al 31 dicembre 2024 (rispetto al precedente termine del 30 giugno 2024) l\u2019applicazione del cd. \u201c<u>scudo erariale<\/u>\u201d, ossia la limitazione ai soli casi di dolo, omissione o inerzia della responsabilit\u00e0 erariale degli Amministratori sottoposti alla giurisdizione della Corte dei conti in materia di contabilit\u00e0 pubblica.<\/p>\n<p>&nbsp;<\/p>\n<p><strong>L\u2019iter<\/strong>. \u00c8 stato assegnato il 30 Dicembre 2023 alle Commissioni riunite I Affari Costituzionali e V Bilancio e Tesoro della Camera, in sede referente, l\u2019iter della conversione in legge del decreto-legge 30 dicembre 2023, n. 215, recante disposizioni urgenti in materia di termini normativi (cd. Decreto \u201cMilleproroghe\u201d).<\/p>\n<p><a href=\"https:\/\/documenti.camera.it\/leg19\/pdl\/pdf\/leg.19.pdl.camera.1633.19PDL0070130.pdf\"><strong>Qui<\/strong><\/a>\u00a0il testo completo.\u00a0<a href=\"https:\/\/welaikaadv.site\/avviso\/home\/cosa-facciamo\/informare\/osservatorio-parlamentare\/attivita-legislativa\/leggi-approvate\/decreto-legge-30-dicembre-2023-n-215-decreto-milleproroghe\/\"><strong>Qui<\/strong><\/a>\u00a0la scheda di sintesi del provvedimento.<\/p>\n<p>Le due Commissioni riunite hanno avviato l\u2019esame nella seduta dell\u2019<a href=\"http:\/\/documenti.camera.it\/leg19\/resoconti\/commissioni\/bollettini\/html\/2024\/01\/11\/0105\/comunic.htm#data.20240111.com0105.bollettino.sede00010.tit00010\"><strong>11 Gennaio<\/strong><\/a>, con l\u2019illustrazione degli articoli. Nella seduta di luned\u00ec 15 gennaio avr\u00e0 luogo un breve ciclo di audizioni.<\/p>\n<p>Le Commissioni I Affari Costituzionali e V Bilancio della Camera, nell\u2019ambito della conversione del cd. Decreto Milleproroghe, nella seduta del 15 Gennaio hanno svolto le audizioni informali dell\u2019Agenzia delle Entrate, di Assoporti, di CGIL, CISL, UIL, UGL, di ANCI, di Confartigianato, di CNA e Casartigiani, di Coldiretti, di CIA-Agricoltori italiani, di Confagricoltura, Copagri e Federpesca e del Sindacato nazionale agenti di assicurazione (SNA).\u00a0<a href=\"https:\/\/webtv.camera.it\/evento\/24260\"><strong>Qui<\/strong><\/a>\u00a0e\u00a0<a href=\"https:\/\/webtv.camera.it\/evento\/24261\"><strong>qui<\/strong><\/a>\u00a0le audizioni, e\u00a0<a href=\"https:\/\/www.camera.it\/leg19\/126?leg=19&amp;idDocumento=1633\"><strong>qui<\/strong><\/a>\u00a0i documenti acquisiti. Nelle sedute del\u00a0<a href=\"http:\/\/documenti.camera.it\/leg19\/resoconti\/commissioni\/bollettini\/html\/2024\/01\/16\/0105\/comunic.htm#data.20240116.com0105.bollettino.sede00010.tit00010\"><strong>16<\/strong><\/a>\u00a0e del\u00a0<a href=\"http:\/\/documenti.camera.it\/leg19\/resoconti\/commissioni\/bollettini\/html\/2024\/01\/17\/0105\/comunic.htm#data.20240117.com0105.bollettino.sede00010.tit00010\"><strong>17<\/strong><\/a>\u00a0Gennaio, le Commissioni hanno svolto e concluso l\u2019esame preliminare del provvedimento.<\/p>\n<p>Le Commissioni riunite I Affari Costituzionali e V Bilancio e Tesoro della Camera, nelle sedute del\u00a0<a href=\"http:\/\/documenti.camera.it\/leg19\/resoconti\/commissioni\/bollettini\/html\/2024\/01\/23\/0105\/comunic.htm#data.20240123.com0105.bollettino.sede00010.tit00010\"><strong>23<\/strong><\/a>\u00a0e del\u00a0<a href=\"http:\/\/documenti.camera.it\/leg19\/resoconti\/commissioni\/bollettini\/html\/2024\/01\/24\/0105\/comunic.htm#data.20240124.com0105.bollettino.sede00010.tit00010\"><strong>24<\/strong><\/a>\u00a0Gennaio, hanno avviato l\u2019analisi delle circa 1200 proposte emendative presentative alla conversione del cd. Decreto Milleproroghe (<a href=\"https:\/\/documenti.camera.it\/apps\/emendamenti\/getProposteEmendative.aspx?contenitorePortante=leg.19.eme.ac.1633&amp;tipoSeduta=1&amp;sedeEsame=referente&amp;urnTestoRiferimento=urn:leg:19:1633:null:null:com:0105:referente&amp;tipoListaEmendamenti=1\"><strong>qui<\/strong><\/a>\u00a0l\u2019elenco completo). Tra gli emendamenti presentati, si segnalano: quello relativo alla richiesta di soppressione del comma 7 dell\u2019art. 3 del DL, che proroga le estrazioni settimanali aggiuntive del Lotto e del Superenalotto (emendamento 3.26); quello relativo alla richiesta di soppressione del comma 9 dell\u2019art. 2 del DL, che introduce alcune modifiche al Codice Antimafia (emendamento 2.41).<\/p>\n<p>Le Commissioni riunite I Affari Costituzionali e V Bilancio e Tesoro della Camera, nella seduta del\u00a0<a href=\"https:\/\/documenti.camera.it\/leg19\/resoconti\/commissioni\/bollettini\/pdf\/2024\/01\/31\/leg.19.bol0243.data20240131.com0105.pdf\"><strong>31 Gennaio<\/strong><\/a>, hanno concluso l\u2019esame sugli emendamenti con la indicazione delle proposte emendative segnalate. Tra quelli segnalati risultano, in particolare, l\u2019emendamento relativo alla richiesta di soppressione del comma 7 dell\u2019art. 3 del DL, che proroga le estrazioni settimanali aggiuntive del Lotto e del Superenalotto (emendamento 3.26), e quello relativo alla richiesta di soppressione del comma 9 dell\u2019art. 2 del DL, che introduce alcune modifiche al Codice Antimafia (emendamento 2.41).<\/p>\n<p>Nelle sedute del\u00a0<a href=\"http:\/\/documenti.camera.it\/leg19\/resoconti\/commissioni\/bollettini\/html\/2024\/02\/07\/0105\/comunic.htm#data.20240207.com0105.bollettino.sede00020.tit00010\"><strong>7<\/strong><\/a>\u00a0e dell\u2019<a href=\"http:\/\/documenti.camera.it\/leg19\/resoconti\/commissioni\/bollettini\/html\/2024\/02\/08\/0105\/comunic.htm#data.20240208.com0105.bollettino.sede00010.tit00010\"><strong>8<\/strong><\/a>\u00a0Febbraio, le Commissioni I Affari Costituzionali e V Bilancio della Camera, nell\u2019ambito della conversione in legge del Decreto cd. \u201cMilleproroghe\u201d, hanno proseguito l\u2019esame delle proposte emendative presentate, rinviandone il seguito alla seduta del 13 Febbraio.\u00a0<a href=\"http:\/\/documenti.camera.it\/leg19\/resoconti\/commissioni\/bollettini\/html\/2024\/02\/07\/0105\/allegato.htm#data.20240207.com0105.allegati.all00010\"><strong>Qui<\/strong><\/a>\u00a0le proposte emendative segnalate e\u00a0<a href=\"http:\/\/documenti.camera.it\/leg19\/resoconti\/commissioni\/bollettini\/html\/2024\/02\/08\/0105\/allegato.htm#data.20240208.com0105.allegati.all00010\"><strong>qui<\/strong><\/a>\u00a0gli emendamenti presentati dal Governo.<\/p>\n<p>Le Commissioni I Affari Costituzionali e V Bilancio della Camera hanno concluso, nella seduta del\u00a0<a href=\"http:\/\/documenti.camera.it\/leg19\/resoconti\/commissioni\/bollettini\/html\/2024\/02\/14\/0105\/comunic.htm#data.20240214.com0105.bollettino.sede00010.tit00010\"><strong>14 Febbraio<\/strong><\/a>, l\u2019esame del disegno di legge di conversione del Decreto cd. Milleproroghe, approdato in Aula alla Camera nella seduta del\u00a0<a href=\"https:\/\/www.camera.it\/leg19\/410?idSeduta=0245&amp;tipo=stenografico#sed0245.stenografico.tit00020\"><strong>15 Febbraio<\/strong><\/a>, con lo svolgimento della discussione sulle linee generali: il Governo ha posto la questione di fiducia sul testo; le votazioni inizieranno nel pomeriggio del 19 Febbraio.<\/p>\n<p>Tra le novit\u00e0 del\u00a0<a href=\"https:\/\/documenti.camera.it\/leg19\/pdl\/pdf\/leg.19.pdl.camera.1633_A.19PDL0071830.pdf\"><strong>testo<\/strong><\/a>\u00a0di conversione si segnala, in particolare, l\u2019estensione fino al 31 dicembre 2024 (rispetto al precedente termine del 30 giugno 2024) del cd. \u201cscudo erariale\u201d, ossia la limitazione ai soli casi di dolo, omissione o inerzia della responsabilit\u00e0 erariale degli Amministratori sottoposti alla giurisdizione della Corte dei conti in materia di contabilit\u00e0 pubblica. Confermata, inoltre, nel testo che andr\u00e0 in votazione la stabilizzazione anche per il 2024 delle estrazioni settimanali aggiuntive del gioco del Lotto e del Superenalotto (introdotte con il DL 61\/2023).<\/p>\n<p>L\u2019Aula del Senato, nella seduta del 21 Febbraio, ha approvato definitivamente la conversione del Decreto Legge cd. Milleproroghe (<a href=\"https:\/\/www.senato.it\/service\/PDF\/PDFServer\/BGT\/01410148.pdf\"><strong>qui<\/strong><\/a>\u00a0il testo), nella stessa versione di quello approvato dalla Camera. Si attende ora la pubblicazione in Gazzetta Ufficiale.<\/p>\n","protected":false},"excerpt":{"rendered":"<p>\u00c8 stata pubblicata in Gazzetta Ufficiale la Legge 23 Febbraio 2024, n. 18 di conversione del decreto-legge 30 dicembre 2023, n. 215 recante Disposizioni urgenti&nbsp;<span class=\"hellipsis\">[&hellip;]<\/span><a class=\"more-link\" href=\"https:\/\/welaikaadv.site\/avviso\/home\/cosa-facciamo\/informare\/osservatorio-parlamentare\/attivita-legislativa\/leggi-approvate\/decreto-legge-30-dicembre-2023-n-215-decreto-milleproroghe\/\">Leggi tutto <span class=\"screen-reader-text\">Legge 23 febbraio 2024, n. 18 \u2013 Conversione in Legge del Decreto \u201cMilleproroghe\u201d (DL 215\/2023)<\/span> <span class=\"meta-nav\" aria-hidden=\"true\">&rarr;<\/span><\/a><\/p>\n","protected":false},"author":1,"featured_media":0,"parent":2575,"menu_order":0,"comment_status":"closed","ping_status":"closed","template":"","meta":{"_acf_changed":false,"_exactmetrics_skip_tracking":false,"_exactmetrics_sitenote_active":false,"_exactmetrics_sitenote_note":"","_exactmetrics_sitenote_category":0,"wp_social_preview_title":"","wp_social_preview_description":"","wp_social_preview_image":0,"footnotes":""},"class_list":["post-67920","page","type-page","status-publish","hentry"],"acf":[],"yoast_head":"<!-- This site is optimized with the Yoast SEO plugin v27.2 - https:\/\/yoast.com\/product\/yoast-seo-wordpress\/ -->\n<title>Legge 23 febbraio 2024, n. 18 \u2013 Conversione in Legge del Decreto \u201cMilleproroghe\u201d (DL 215\/2023) - Staging Avviso Pubblico<\/title>\n<meta name=\"robots\" content=\"noindex, follow, max-snippet:-1, max-image-preview:large, max-video-preview:-1\" \/>\n<meta property=\"og:locale\" content=\"it_IT\" \/>\n<meta property=\"og:type\" content=\"article\" \/>\n<meta property=\"og:title\" content=\"Legge 23 febbraio 2024, n. 18 \u2013 Conversione in Legge del Decreto \u201cMilleproroghe\u201d (DL 215\/2023) - Staging Avviso Pubblico\" \/>\n<meta property=\"og:description\" content=\"\u00c8 stata pubblicata in Gazzetta Ufficiale la Legge 23 Febbraio 2024, n. 18 di conversione del decreto-legge 30 dicembre 2023, n. 215 recante Disposizioni urgenti&nbsp;[&hellip;]Leggi tutto Legge 23 febbraio 2024, n. 18 \u2013 Conversione in Legge del Decreto \u201cMilleproroghe\u201d (DL 215\/2023) &rarr;\" \/>\n<meta property=\"og:url\" content=\"https:\/\/welaikaadv.site\/avviso\/home\/cosa-facciamo\/informare\/osservatorio-parlamentare\/attivita-legislativa\/leggi-approvate\/decreto-legge-30-dicembre-2023-n-215-decreto-milleproroghe\/\" \/>\n<meta property=\"og:site_name\" content=\"Staging Avviso Pubblico\" \/>\n<meta name=\"twitter:card\" content=\"summary_large_image\" \/>\n<meta name=\"twitter:label1\" content=\"Tempo di lettura stimato\" \/>\n\t<meta name=\"twitter:data1\" content=\"3 minuti\" \/>\n<script type=\"application\/ld+json\" class=\"yoast-schema-graph\">{\"@context\":\"https:\/\/schema.org\",\"@graph\":[{\"@type\":\"WebPage\",\"@id\":\"https:\/\/welaikaadv.site\/avviso\/home\/cosa-facciamo\/informare\/osservatorio-parlamentare\/attivita-legislativa\/leggi-approvate\/decreto-legge-30-dicembre-2023-n-215-decreto-milleproroghe\/\",\"url\":\"https:\/\/welaikaadv.site\/avviso\/home\/cosa-facciamo\/informare\/osservatorio-parlamentare\/attivita-legislativa\/leggi-approvate\/decreto-legge-30-dicembre-2023-n-215-decreto-milleproroghe\/\",\"name\":\"Legge 23 febbraio 2024, n. 18 \u2013 Conversione in Legge del Decreto \u201cMilleproroghe\u201d (DL 215\/2023) - Staging Avviso Pubblico\",\"isPartOf\":{\"@id\":\"https:\/\/welaikaadv.site\/avviso\/#website\"},\"datePublished\":\"2024-03-04T07:27:13+00:00\",\"breadcrumb\":{\"@id\":\"https:\/\/welaikaadv.site\/avviso\/home\/cosa-facciamo\/informare\/osservatorio-parlamentare\/attivita-legislativa\/leggi-approvate\/decreto-legge-30-dicembre-2023-n-215-decreto-milleproroghe\/#breadcrumb\"},\"inLanguage\":\"it-IT\",\"potentialAction\":[{\"@type\":\"ReadAction\",\"target\":[\"https:\/\/welaikaadv.site\/avviso\/home\/cosa-facciamo\/informare\/osservatorio-parlamentare\/attivita-legislativa\/leggi-approvate\/decreto-legge-30-dicembre-2023-n-215-decreto-milleproroghe\/\"]}]},{\"@type\":\"BreadcrumbList\",\"@id\":\"https:\/\/welaikaadv.site\/avviso\/home\/cosa-facciamo\/informare\/osservatorio-parlamentare\/attivita-legislativa\/leggi-approvate\/decreto-legge-30-dicembre-2023-n-215-decreto-milleproroghe\/#breadcrumb\",\"itemListElement\":[{\"@type\":\"ListItem\",\"position\":1,\"name\":\"Home\",\"item\":\"https:\/\/welaikaadv.site\/avviso\/\"},{\"@type\":\"ListItem\",\"position\":2,\"name\":\"Legge 23 febbraio 2024, n. 18 \u2013 Conversione in Legge del Decreto \u201cMilleproroghe\u201d (DL 215\/2023)\"}]},{\"@type\":\"WebSite\",\"@id\":\"https:\/\/welaikaadv.site\/avviso\/#website\",\"url\":\"https:\/\/welaikaadv.site\/avviso\/\",\"name\":\"Staging Avviso Pubblico\",\"description\":\"\",\"publisher\":{\"@id\":\"https:\/\/welaikaadv.site\/avviso\/#organization\"},\"potentialAction\":[{\"@type\":\"SearchAction\",\"target\":{\"@type\":\"EntryPoint\",\"urlTemplate\":\"https:\/\/welaikaadv.site\/avviso\/?s={search_term_string}\"},\"query-input\":{\"@type\":\"PropertyValueSpecification\",\"valueRequired\":true,\"valueName\":\"search_term_string\"}}],\"inLanguage\":\"it-IT\"},{\"@type\":\"Organization\",\"@id\":\"https:\/\/welaikaadv.site\/avviso\/#organization\",\"name\":\"Staging Avviso Pubblico\",\"url\":\"https:\/\/welaikaadv.site\/avviso\/\",\"logo\":{\"@type\":\"ImageObject\",\"inLanguage\":\"it-IT\",\"@id\":\"https:\/\/welaikaadv.site\/avviso\/#\/schema\/logo\/image\/\",\"url\":\"https:\/\/welaikaadv.site\/avviso\/wp-content\/uploads\/2024\/08\/logoAPsito-400.png\",\"contentUrl\":\"https:\/\/welaikaadv.site\/avviso\/wp-content\/uploads\/2024\/08\/logoAPsito-400.png\",\"width\":400,\"height\":97,\"caption\":\"Staging Avviso Pubblico\"},\"image\":{\"@id\":\"https:\/\/welaikaadv.site\/avviso\/#\/schema\/logo\/image\/\"}}]}<\/script>\n<!-- \/ Yoast SEO plugin. -->","yoast_head_json":{"title":"Legge 23 febbraio 2024, n. 18 \u2013 Conversione in Legge del Decreto \u201cMilleproroghe\u201d (DL 215\/2023) - Staging Avviso Pubblico","robots":{"index":"noindex","follow":"follow","max-snippet":"max-snippet:-1","max-image-preview":"max-image-preview:large","max-video-preview":"max-video-preview:-1"},"og_locale":"it_IT","og_type":"article","og_title":"Legge 23 febbraio 2024, n. 18 \u2013 Conversione in Legge del Decreto \u201cMilleproroghe\u201d (DL 215\/2023) - Staging Avviso Pubblico","og_description":"\u00c8 stata pubblicata in Gazzetta Ufficiale la Legge 23 Febbraio 2024, n. 18 di conversione del decreto-legge 30 dicembre 2023, n. 215 recante Disposizioni urgenti&nbsp;[&hellip;]Leggi tutto Legge 23 febbraio 2024, n. 18 \u2013 Conversione in Legge del Decreto \u201cMilleproroghe\u201d (DL 215\/2023) &rarr;","og_url":"https:\/\/welaikaadv.site\/avviso\/home\/cosa-facciamo\/informare\/osservatorio-parlamentare\/attivita-legislativa\/leggi-approvate\/decreto-legge-30-dicembre-2023-n-215-decreto-milleproroghe\/","og_site_name":"Staging Avviso Pubblico","twitter_card":"summary_large_image","twitter_misc":{"Tempo di lettura stimato":"3 minuti"},"schema":{"@context":"https:\/\/schema.org","@graph":[{"@type":"WebPage","@id":"https:\/\/welaikaadv.site\/avviso\/home\/cosa-facciamo\/informare\/osservatorio-parlamentare\/attivita-legislativa\/leggi-approvate\/decreto-legge-30-dicembre-2023-n-215-decreto-milleproroghe\/","url":"https:\/\/welaikaadv.site\/avviso\/home\/cosa-facciamo\/informare\/osservatorio-parlamentare\/attivita-legislativa\/leggi-approvate\/decreto-legge-30-dicembre-2023-n-215-decreto-milleproroghe\/","name":"Legge 23 febbraio 2024, n. 18 \u2013 Conversione in Legge del Decreto \u201cMilleproroghe\u201d (DL 215\/2023) - Staging Avviso Pubblico","isPartOf":{"@id":"https:\/\/welaikaadv.site\/avviso\/#website"},"datePublished":"2024-03-04T07:27:13+00:00","breadcrumb":{"@id":"https:\/\/welaikaadv.site\/avviso\/home\/cosa-facciamo\/informare\/osservatorio-parlamentare\/attivita-legislativa\/leggi-approvate\/decreto-legge-30-dicembre-2023-n-215-decreto-milleproroghe\/#breadcrumb"},"inLanguage":"it-IT","potentialAction":[{"@type":"ReadAction","target":["https:\/\/welaikaadv.site\/avviso\/home\/cosa-facciamo\/informare\/osservatorio-parlamentare\/attivita-legislativa\/leggi-approvate\/decreto-legge-30-dicembre-2023-n-215-decreto-milleproroghe\/"]}]},{"@type":"BreadcrumbList","@id":"https:\/\/welaikaadv.site\/avviso\/home\/cosa-facciamo\/informare\/osservatorio-parlamentare\/attivita-legislativa\/leggi-approvate\/decreto-legge-30-dicembre-2023-n-215-decreto-milleproroghe\/#breadcrumb","itemListElement":[{"@type":"ListItem","position":1,"name":"Home","item":"https:\/\/welaikaadv.site\/avviso\/"},{"@type":"ListItem","position":2,"name":"Legge 23 febbraio 2024, n. 18 \u2013 Conversione in Legge del Decreto \u201cMilleproroghe\u201d (DL 215\/2023)"}]},{"@type":"WebSite","@id":"https:\/\/welaikaadv.site\/avviso\/#website","url":"https:\/\/welaikaadv.site\/avviso\/","name":"Staging Avviso Pubblico","description":"","publisher":{"@id":"https:\/\/welaikaadv.site\/avviso\/#organization"},"potentialAction":[{"@type":"SearchAction","target":{"@type":"EntryPoint","urlTemplate":"https:\/\/welaikaadv.site\/avviso\/?s={search_term_string}"},"query-input":{"@type":"PropertyValueSpecification","valueRequired":true,"valueName":"search_term_string"}}],"inLanguage":"it-IT"},{"@type":"Organization","@id":"https:\/\/welaikaadv.site\/avviso\/#organization","name":"Staging Avviso Pubblico","url":"https:\/\/welaikaadv.site\/avviso\/","logo":{"@type":"ImageObject","inLanguage":"it-IT","@id":"https:\/\/welaikaadv.site\/avviso\/#\/schema\/logo\/image\/","url":"https:\/\/welaikaadv.site\/avviso\/wp-content\/uploads\/2024\/08\/logoAPsito-400.png","contentUrl":"https:\/\/welaikaadv.site\/avviso\/wp-content\/uploads\/2024\/08\/logoAPsito-400.png","width":400,"height":97,"caption":"Staging Avviso Pubblico"},"image":{"@id":"https:\/\/welaikaadv.site\/avviso\/#\/schema\/logo\/image\/"}}]}},"_links":{"self":[{"href":"https:\/\/welaikaadv.site\/avviso\/wp-json\/wp\/v2\/pages\/67920","targetHints":{"allow":["GET"]}}],"collection":[{"href":"https:\/\/welaikaadv.site\/avviso\/wp-json\/wp\/v2\/pages"}],"about":[{"href":"https:\/\/welaikaadv.site\/avviso\/wp-json\/wp\/v2\/types\/page"}],"author":[{"embeddable":true,"href":"https:\/\/welaikaadv.site\/avviso\/wp-json\/wp\/v2\/users\/1"}],"replies":[{"embeddable":true,"href":"https:\/\/welaikaadv.site\/avviso\/wp-json\/wp\/v2\/comments?post=67920"}],"version-history":[{"count":0,"href":"https:\/\/welaikaadv.site\/avviso\/wp-json\/wp\/v2\/pages\/67920\/revisions"}],"up":[{"embeddable":true,"href":"https:\/\/welaikaadv.site\/avviso\/wp-json\/wp\/v2\/pages\/2575"}],"wp:attachment":[{"href":"https:\/\/welaikaadv.site\/avviso\/wp-json\/wp\/v2\/media?parent=67920"}],"curies":[{"name":"wp","href":"https:\/\/api.w.org\/{rel}","templated":true}]}}