{"id":6850,"date":"2017-06-29T23:17:00","date_gmt":"2017-06-29T21:17:00","guid":{"rendered":"http:\/\/www.avvisopubblico.it\/osservatorio\/?page_id=6850"},"modified":"2017-06-29T23:17:00","modified_gmt":"2017-06-29T21:17:00","slug":"relazione-2017-del-procuratore-nazionale-e-della-direzione-nazionale-antimafia-e-antiterrorismo-la-sacra-corona-unita","status":"publish","type":"page","link":"https:\/\/welaikaadv.site\/avviso\/home\/cosa-facciamo\/informare\/documenti-tematici\/mafie\/relazione-2017-del-procuratore-nazionale-e-della-direzione-nazionale-antimafia-e-antiterrorismo-la-sacra-corona-unita\/","title":{"rendered":"Relazione 2017 del Procuratore nazionale e della Direzione nazionale antimafia e antiterrorismo: la Sacra corona unita"},"content":{"rendered":"<p><strong>Premessa<\/strong>. La Direzione Nazionale Antimafia e Antiterrorismo ha presentato a giugno 2017 la <a href=\"https:\/\/welaikaadv.site\/avviso\/wp-content\/uploads\/2017\/06\/RELAZIONE-DNA-1.7.2015-30.6.2016.pdf\"><strong>Relazione annuale<\/strong><\/a> sulle attivit\u00e0 svolte dal Procuratore nazionale e dalla Direzione nazionale antimafia e antiterrorismo nonch\u00e9 sulle dinamiche e strategie della criminalit\u00e0 organizzata di tipo mafioso nel periodo luglio 2015 \u2013 giugno 2016. Di seguito viene sintetizzato il capitolo dedicato alla criminalit\u00e0 organizzata di origine pugliese.<\/p>\n<p><strong>Una rinnovata vitalit\u00e0 della Sacra Corona Unita<\/strong>. Se in merito alle altre organizzazioni criminali operanti sul territorio pugliese, la DNA riferisce di un quadro sostanzialmente immutato rispetto alla precedente Relazione, sulla Sacra Corona Unita \u2013 per molti analisti praticamente scomparsa \u2013 i magistrati della Procura Nazionale segnalano quella che definiscono una rinnovata vitalit\u00e0 sui territori di Brindisi e Lecce. \u201cTutte le principali attivit\u00e0 criminali delle due provincie, infatti, bench\u00e9 talora possano apparire autonome e indipendenti da logiche mafiose, ad uno sguardo pi\u00f9 approfondito risultano fare riferimento alla associazione mafiosa, cui comunque deve essere dato conto\u201d.<\/p>\n<p>In merito all\u2019operativit\u00e0 della SCU, la DNA riferisce di una strategia difensiva condotta a partire dagli anni Duemila, contemporaneamente alla perdurante attivit\u00e0 di repressione condotta dalle forze dell\u2019ordine. Tale strategia ha prodotto una serie di modifiche strutturali all\u2019organizzazione &#8211; a cominciare dal non produrre attivit\u00e0 criminali che potessero creare allarme sociale &#8211; che ne hanno preservato l\u2019esistenza.<\/p>\n<p><strong>I territori di Lecce e Bari<\/strong>. Sul territorio di Lecce la DNA denuncia \u201cun atteggiamento di complessiva omert\u00e0 nella collettivit\u00e0 civile e di scarsa collaborazione da parte di molte vittime di condotte intimidatorie e violente che, unito alla crescente sottovalutazione della pericolosit\u00e0 di tali organizzazioni, segnala un\u2019allarmante modifica del rapporto della societ\u00e0 civile con la criminalit\u00e0 mafiosa\u201d. Sul territorio di Bari si registra una situazione di costante conflittualit\u00e0 tra i diversi clan operanti, i quali dimostrano una mancanza di strategie a lungo termine, che provoca alleanze instabili e un deficit di organizzazione interna: \u201cUna criminalit\u00e0 organizzata pronta a inseguire gli affari pi\u00f9 lucrosi con metodi che privilegiano l\u2019immediatezza del risultato e il contenimento dell\u2019impegno rispetto alla elaborazione di complesse strategie\u201d.<\/p>\n<p><strong>La mafia di Foggia<\/strong>. Al contrario del distretto di Bari, nella provincia di Foggia operano organizzazioni maggiormente strutturate e con caratteristiche similari alle cosiddette mafie tradizionali. \u201cStoricamente suddivisa tra Mafia dei Montanari- riferita ai sodalizi della zona garganica &#8211; e \u201cMafia della Pianura\u201d- riferita alla zona della Capitanata &#8211; le organizzazioni mafiose, pur presentandosi frammentate e prive di un vertice aggregante, evidenziano una solida strutturazione interna, forte senso di autodisciplina, capacit\u00e0 di programmare e attuare strategie criminali e di intessere alleanze sia tra i diversi gruppi operanti sul territorio, sia con sodalizi mafiosi campani e calabresi\u201d.<\/p>\n<p>La societ\u00e0 Foggiana \u00e8 in grado di unire le caratteristiche sopra citate ad un controllo \u201cferoce\u201d del territorio, dove l\u2019utilizzo della violenza \u00e8 costante. A tale prodotto, consolidato attraverso numerosi omicidi e azione violente, tra cui spicca l\u2019alto numero di lupare bianche, ovvero la scomparsa nel nulla di soggetti il cui corpo non viene mai pi\u00f9 ritrovato, si aggiunge un atteggiamento diffuso di omert\u00e0 tra la popolazione e l\u2019assenza di collaboratori di giustizia.<\/p>\n<p>&nbsp;<\/p>\n<p><em>(a\u00a0cura di <a href=\"mailto:claudio.forleo@avvisopubblico.it\"><strong>Claudio Forleo<\/strong><\/a>, giornalista)<\/em><\/p>\n","protected":false},"excerpt":{"rendered":"<p>Premessa. La Direzione Nazionale Antimafia e Antiterrorismo ha presentato a giugno 2017 la Relazione annuale sulle attivit\u00e0 svolte dal Procuratore nazionale e dalla Direzione nazionale&nbsp;<span class=\"hellipsis\">[&hellip;]<\/span><a class=\"more-link\" href=\"https:\/\/welaikaadv.site\/avviso\/home\/cosa-facciamo\/informare\/documenti-tematici\/mafie\/relazione-2017-del-procuratore-nazionale-e-della-direzione-nazionale-antimafia-e-antiterrorismo-la-sacra-corona-unita\/\">Leggi tutto <span class=\"screen-reader-text\">Relazione 2017 del Procuratore nazionale e della Direzione nazionale antimafia e antiterrorismo: la Sacra corona unita<\/span> <span class=\"meta-nav\" aria-hidden=\"true\">&rarr;<\/span><\/a><\/p>\n","protected":false},"author":1,"featured_media":0,"parent":207,"menu_order":0,"comment_status":"closed","ping_status":"closed","template":"","meta":{"_acf_changed":false,"_exactmetrics_skip_tracking":false,"_exactmetrics_sitenote_active":false,"_exactmetrics_sitenote_note":"","_exactmetrics_sitenote_category":0,"wp_social_preview_title":"","wp_social_preview_description":"","wp_social_preview_image":0,"footnotes":""},"class_list":["post-6850","page","type-page","status-publish","hentry"],"acf":[],"yoast_head":"<!-- This site is optimized with the Yoast SEO plugin v27.2 - https:\/\/yoast.com\/product\/yoast-seo-wordpress\/ -->\n<title>Relazione 2017 del Procuratore nazionale e della Direzione nazionale antimafia e antiterrorismo: la Sacra corona unita - Staging Avviso Pubblico<\/title>\n<meta name=\"robots\" content=\"noindex, follow, max-snippet:-1, max-image-preview:large, max-video-preview:-1\" \/>\n<meta property=\"og:locale\" content=\"it_IT\" \/>\n<meta property=\"og:type\" content=\"article\" \/>\n<meta property=\"og:title\" content=\"Relazione 2017 del Procuratore nazionale e della Direzione nazionale antimafia e antiterrorismo: la Sacra corona unita - Staging Avviso Pubblico\" \/>\n<meta property=\"og:description\" content=\"Premessa. La Direzione Nazionale Antimafia e Antiterrorismo ha presentato a giugno 2017 la Relazione annuale sulle attivit\u00e0 svolte dal Procuratore nazionale e dalla Direzione nazionale&nbsp;[&hellip;]Leggi tutto Relazione 2017 del Procuratore nazionale e della Direzione nazionale antimafia e antiterrorismo: la Sacra corona unita &rarr;\" \/>\n<meta property=\"og:url\" content=\"https:\/\/welaikaadv.site\/avviso\/home\/cosa-facciamo\/informare\/documenti-tematici\/mafie\/relazione-2017-del-procuratore-nazionale-e-della-direzione-nazionale-antimafia-e-antiterrorismo-la-sacra-corona-unita\/\" \/>\n<meta property=\"og:site_name\" content=\"Staging Avviso Pubblico\" \/>\n<meta name=\"twitter:card\" content=\"summary_large_image\" \/>\n<meta name=\"twitter:label1\" content=\"Tempo di lettura stimato\" \/>\n\t<meta name=\"twitter:data1\" content=\"3 minuti\" \/>\n<script type=\"application\/ld+json\" class=\"yoast-schema-graph\">{\"@context\":\"https:\/\/schema.org\",\"@graph\":[{\"@type\":\"WebPage\",\"@id\":\"https:\/\/welaikaadv.site\/avviso\/home\/cosa-facciamo\/informare\/documenti-tematici\/mafie\/relazione-2017-del-procuratore-nazionale-e-della-direzione-nazionale-antimafia-e-antiterrorismo-la-sacra-corona-unita\/\",\"url\":\"https:\/\/welaikaadv.site\/avviso\/home\/cosa-facciamo\/informare\/documenti-tematici\/mafie\/relazione-2017-del-procuratore-nazionale-e-della-direzione-nazionale-antimafia-e-antiterrorismo-la-sacra-corona-unita\/\",\"name\":\"Relazione 2017 del Procuratore nazionale e della Direzione nazionale antimafia e antiterrorismo: la Sacra corona unita - Staging Avviso Pubblico\",\"isPartOf\":{\"@id\":\"https:\/\/welaikaadv.site\/avviso\/#website\"},\"datePublished\":\"2017-06-29T21:17:00+00:00\",\"breadcrumb\":{\"@id\":\"https:\/\/welaikaadv.site\/avviso\/home\/cosa-facciamo\/informare\/documenti-tematici\/mafie\/relazione-2017-del-procuratore-nazionale-e-della-direzione-nazionale-antimafia-e-antiterrorismo-la-sacra-corona-unita\/#breadcrumb\"},\"inLanguage\":\"it-IT\",\"potentialAction\":[{\"@type\":\"ReadAction\",\"target\":[\"https:\/\/welaikaadv.site\/avviso\/home\/cosa-facciamo\/informare\/documenti-tematici\/mafie\/relazione-2017-del-procuratore-nazionale-e-della-direzione-nazionale-antimafia-e-antiterrorismo-la-sacra-corona-unita\/\"]}]},{\"@type\":\"BreadcrumbList\",\"@id\":\"https:\/\/welaikaadv.site\/avviso\/home\/cosa-facciamo\/informare\/documenti-tematici\/mafie\/relazione-2017-del-procuratore-nazionale-e-della-direzione-nazionale-antimafia-e-antiterrorismo-la-sacra-corona-unita\/#breadcrumb\",\"itemListElement\":[{\"@type\":\"ListItem\",\"position\":1,\"name\":\"Home\",\"item\":\"https:\/\/welaikaadv.site\/avviso\/\"},{\"@type\":\"ListItem\",\"position\":2,\"name\":\"Relazione 2017 del Procuratore nazionale e della Direzione nazionale antimafia e antiterrorismo: la Sacra corona unita\"}]},{\"@type\":\"WebSite\",\"@id\":\"https:\/\/welaikaadv.site\/avviso\/#website\",\"url\":\"https:\/\/welaikaadv.site\/avviso\/\",\"name\":\"Staging Avviso Pubblico\",\"description\":\"\",\"publisher\":{\"@id\":\"https:\/\/welaikaadv.site\/avviso\/#organization\"},\"potentialAction\":[{\"@type\":\"SearchAction\",\"target\":{\"@type\":\"EntryPoint\",\"urlTemplate\":\"https:\/\/welaikaadv.site\/avviso\/?s={search_term_string}\"},\"query-input\":{\"@type\":\"PropertyValueSpecification\",\"valueRequired\":true,\"valueName\":\"search_term_string\"}}],\"inLanguage\":\"it-IT\"},{\"@type\":\"Organization\",\"@id\":\"https:\/\/welaikaadv.site\/avviso\/#organization\",\"name\":\"Staging Avviso Pubblico\",\"url\":\"https:\/\/welaikaadv.site\/avviso\/\",\"logo\":{\"@type\":\"ImageObject\",\"inLanguage\":\"it-IT\",\"@id\":\"https:\/\/welaikaadv.site\/avviso\/#\/schema\/logo\/image\/\",\"url\":\"https:\/\/welaikaadv.site\/avviso\/wp-content\/uploads\/2024\/08\/logoAPsito-400.png\",\"contentUrl\":\"https:\/\/welaikaadv.site\/avviso\/wp-content\/uploads\/2024\/08\/logoAPsito-400.png\",\"width\":400,\"height\":97,\"caption\":\"Staging Avviso Pubblico\"},\"image\":{\"@id\":\"https:\/\/welaikaadv.site\/avviso\/#\/schema\/logo\/image\/\"}}]}<\/script>\n<!-- \/ Yoast SEO plugin. -->","yoast_head_json":{"title":"Relazione 2017 del Procuratore nazionale e della Direzione nazionale antimafia e antiterrorismo: la Sacra corona unita - Staging Avviso Pubblico","robots":{"index":"noindex","follow":"follow","max-snippet":"max-snippet:-1","max-image-preview":"max-image-preview:large","max-video-preview":"max-video-preview:-1"},"og_locale":"it_IT","og_type":"article","og_title":"Relazione 2017 del Procuratore nazionale e della Direzione nazionale antimafia e antiterrorismo: la Sacra corona unita - Staging Avviso Pubblico","og_description":"Premessa. La Direzione Nazionale Antimafia e Antiterrorismo ha presentato a giugno 2017 la Relazione annuale sulle attivit\u00e0 svolte dal Procuratore nazionale e dalla Direzione nazionale&nbsp;[&hellip;]Leggi tutto Relazione 2017 del Procuratore nazionale e della Direzione nazionale antimafia e antiterrorismo: la Sacra corona unita &rarr;","og_url":"https:\/\/welaikaadv.site\/avviso\/home\/cosa-facciamo\/informare\/documenti-tematici\/mafie\/relazione-2017-del-procuratore-nazionale-e-della-direzione-nazionale-antimafia-e-antiterrorismo-la-sacra-corona-unita\/","og_site_name":"Staging Avviso Pubblico","twitter_card":"summary_large_image","twitter_misc":{"Tempo di lettura stimato":"3 minuti"},"schema":{"@context":"https:\/\/schema.org","@graph":[{"@type":"WebPage","@id":"https:\/\/welaikaadv.site\/avviso\/home\/cosa-facciamo\/informare\/documenti-tematici\/mafie\/relazione-2017-del-procuratore-nazionale-e-della-direzione-nazionale-antimafia-e-antiterrorismo-la-sacra-corona-unita\/","url":"https:\/\/welaikaadv.site\/avviso\/home\/cosa-facciamo\/informare\/documenti-tematici\/mafie\/relazione-2017-del-procuratore-nazionale-e-della-direzione-nazionale-antimafia-e-antiterrorismo-la-sacra-corona-unita\/","name":"Relazione 2017 del Procuratore nazionale e della Direzione nazionale antimafia e antiterrorismo: la Sacra corona unita - Staging Avviso Pubblico","isPartOf":{"@id":"https:\/\/welaikaadv.site\/avviso\/#website"},"datePublished":"2017-06-29T21:17:00+00:00","breadcrumb":{"@id":"https:\/\/welaikaadv.site\/avviso\/home\/cosa-facciamo\/informare\/documenti-tematici\/mafie\/relazione-2017-del-procuratore-nazionale-e-della-direzione-nazionale-antimafia-e-antiterrorismo-la-sacra-corona-unita\/#breadcrumb"},"inLanguage":"it-IT","potentialAction":[{"@type":"ReadAction","target":["https:\/\/welaikaadv.site\/avviso\/home\/cosa-facciamo\/informare\/documenti-tematici\/mafie\/relazione-2017-del-procuratore-nazionale-e-della-direzione-nazionale-antimafia-e-antiterrorismo-la-sacra-corona-unita\/"]}]},{"@type":"BreadcrumbList","@id":"https:\/\/welaikaadv.site\/avviso\/home\/cosa-facciamo\/informare\/documenti-tematici\/mafie\/relazione-2017-del-procuratore-nazionale-e-della-direzione-nazionale-antimafia-e-antiterrorismo-la-sacra-corona-unita\/#breadcrumb","itemListElement":[{"@type":"ListItem","position":1,"name":"Home","item":"https:\/\/welaikaadv.site\/avviso\/"},{"@type":"ListItem","position":2,"name":"Relazione 2017 del Procuratore nazionale e della Direzione nazionale antimafia e antiterrorismo: la Sacra corona unita"}]},{"@type":"WebSite","@id":"https:\/\/welaikaadv.site\/avviso\/#website","url":"https:\/\/welaikaadv.site\/avviso\/","name":"Staging Avviso Pubblico","description":"","publisher":{"@id":"https:\/\/welaikaadv.site\/avviso\/#organization"},"potentialAction":[{"@type":"SearchAction","target":{"@type":"EntryPoint","urlTemplate":"https:\/\/welaikaadv.site\/avviso\/?s={search_term_string}"},"query-input":{"@type":"PropertyValueSpecification","valueRequired":true,"valueName":"search_term_string"}}],"inLanguage":"it-IT"},{"@type":"Organization","@id":"https:\/\/welaikaadv.site\/avviso\/#organization","name":"Staging Avviso Pubblico","url":"https:\/\/welaikaadv.site\/avviso\/","logo":{"@type":"ImageObject","inLanguage":"it-IT","@id":"https:\/\/welaikaadv.site\/avviso\/#\/schema\/logo\/image\/","url":"https:\/\/welaikaadv.site\/avviso\/wp-content\/uploads\/2024\/08\/logoAPsito-400.png","contentUrl":"https:\/\/welaikaadv.site\/avviso\/wp-content\/uploads\/2024\/08\/logoAPsito-400.png","width":400,"height":97,"caption":"Staging Avviso Pubblico"},"image":{"@id":"https:\/\/welaikaadv.site\/avviso\/#\/schema\/logo\/image\/"}}]}},"_links":{"self":[{"href":"https:\/\/welaikaadv.site\/avviso\/wp-json\/wp\/v2\/pages\/6850","targetHints":{"allow":["GET"]}}],"collection":[{"href":"https:\/\/welaikaadv.site\/avviso\/wp-json\/wp\/v2\/pages"}],"about":[{"href":"https:\/\/welaikaadv.site\/avviso\/wp-json\/wp\/v2\/types\/page"}],"author":[{"embeddable":true,"href":"https:\/\/welaikaadv.site\/avviso\/wp-json\/wp\/v2\/users\/1"}],"replies":[{"embeddable":true,"href":"https:\/\/welaikaadv.site\/avviso\/wp-json\/wp\/v2\/comments?post=6850"}],"version-history":[{"count":0,"href":"https:\/\/welaikaadv.site\/avviso\/wp-json\/wp\/v2\/pages\/6850\/revisions"}],"up":[{"embeddable":true,"href":"https:\/\/welaikaadv.site\/avviso\/wp-json\/wp\/v2\/pages\/207"}],"wp:attachment":[{"href":"https:\/\/welaikaadv.site\/avviso\/wp-json\/wp\/v2\/media?parent=6850"}],"curies":[{"name":"wp","href":"https:\/\/api.w.org\/{rel}","templated":true}]}}