{"id":6852,"date":"2017-06-29T23:18:33","date_gmt":"2017-06-29T21:18:33","guid":{"rendered":"http:\/\/www.avvisopubblico.it\/osservatorio\/?page_id=6852"},"modified":"2017-06-29T23:18:33","modified_gmt":"2017-06-29T21:18:33","slug":"relazione-2017-del-procuratore-nazionale-e-della-direzione-nazionale-antimafia-e-antiterrorismo-le-mafie-straniere-in-italia","status":"publish","type":"page","link":"https:\/\/welaikaadv.site\/avviso\/home\/cosa-facciamo\/informare\/documenti-tematici\/mafie\/relazione-2017-del-procuratore-nazionale-e-della-direzione-nazionale-antimafia-e-antiterrorismo-le-mafie-straniere-in-italia\/","title":{"rendered":"Relazione 2017 del Procuratore nazionale e della Direzione nazionale antimafia e antiterrorismo: le mafie straniere in Italia"},"content":{"rendered":"<p><strong>Premessa<\/strong>. La Direzione Nazionale Antimafia e Antiterrorismo ha presentato a giugno 2017 la <a href=\"https:\/\/welaikaadv.site\/avviso\/wp-content\/uploads\/2017\/06\/RELAZIONE-DNA-1.7.2015-30.6.2016.pdf\"><strong>Relazione annuale<\/strong><\/a> sulle attivit\u00e0 svolte dal Procuratore nazionale e dalla Direzione nazionale antimafia e antiterrorismo nonch\u00e9 sulle dinamiche e strategie della criminalit\u00e0 organizzata di tipo mafioso nel periodo luglio 2015 \u2013 giugno 2016. Di seguito viene sintetizzato il capitolo dedicato alle mafie di origine straniera che operano in Italia.<\/p>\n<p><strong>La presenza straniera nelle carceri italiane.<\/strong> Un terzo dei detenuti al 30 settembre 2016 \u00e8 di origine straniera. Quanto alla provenienza, le presente pi\u00f9 significative sono nell\u2019ordine quelle del Marocco (17,4 % sul totale degli stranieri presenti), della Romania (14,9), dell\u2019Albania (13,1), della Tunisia (11,0).<\/p>\n<p>A questi dati va per\u00f2 aggiunto un elemento fondamentale: \u201cMentre la percentuale di stranieri presenti in carcere \u00e8 superiore a quella degli italiani per condanne fino a cinque anni, per le condanne superiori a cinque anni il rapporto s\u2019inverte e gli italiani risultano dunque maggioritari rispetto agli stranieri. Con specifico riguardo al catalogo dei reati di criminalit\u00e0 organizzata, la partecipazione ad associazioni finalizzate alla commissione di delitti in materia di sostanze stupefacenti resta la condotta delinquenziale pi\u00f9 ricorrente, a cui segue la fattispecie di riduzione o mantenimento in schiavit\u00f9 e di sequestro di persona a scopo di estorsione\u201d.<\/p>\n<p><strong>Gli affari illeciti<\/strong>. Vi sono alcune organizzazioni transnazionali \u2013 perlopi\u00f9 di origine nigeriana e balcanica \u2013 la cui struttura, organizzata e articolata, consente di gestire pi\u00f9 attivit\u00e0 illecite su pi\u00f9 territori nazionali. Nell\u2019Italia del Centro &#8211; Nord i gruppi stranieri operano maggiormente nel settore del traffico di stupefacenti, armi e tratta di esseri umani. Nel Sud, dove il controllo del territorio delle mafie tradizionali \u00e8 pressoch\u00e9 totale, lo spazio d\u2019azione si riduce all\u2019immigrazione clandestina e ai reati collegati, nonch\u00e9 allo sfruttamento della prostituzione e lavorativo.<\/p>\n<p><strong>La cooperazione tra mafie e organizzazioni straniere<\/strong>. Nel Mezzogiorno la DNA ha accertato \u201cforme di cooperazione tra sodalizi mafiosi e di matrice etnica, registrando l\u2019interazione tra organizzazione albanese e le cosche della \u2019ndrangheta ed i clan pugliesi o, in Campania, tra la camorra e la criminalit\u00e0 cinese, nordafricana o ucraina, con riferimento al traffico di stupefacenti e di armi ed all\u2019introduzione di prodotti contraffatti. Negli ultimi anni, in Sicilia e in area pugliese, sono stati documentati rapporti di imprenditori locali con sodalizi di matrice maghrebina e subsahariana, funzionali al favoreggiamento dell\u2019immigrazione clandestina ed alla tratta prevalentemente di connazionali, da sfruttare successivamente in ambito lavorativo\u201d.<\/p>\n<p><strong>Gruppi stranieri ed \u201caree di interesse\u201d<\/strong><\/p>\n<ul>\n<li>I sodalizi albanesi e slavi sono attivi nel settore del traffico di stupefacenti e sfruttamento della prostituzione.<\/li>\n<li>Gruppi di origine est europea e balcanica sono pi\u00f9 interessati allo sfruttamento dell\u2019immigrazione clandestina \u2013 finalizzato anche allo sfruttamento della prostituzione \u2013 traffico di armi e stupefacenti, contraffazione ed indebito utilizzo di strumenti di pagamento elettronici<\/li>\n<li>La criminalit\u00e0 cinese \u00e8 attiva nel riciclaggio e in reati di natura finanziaria. Gestiscono inoltre merci contraffatte e di contrabbando, nonch\u00e9 rilevanti flussi migratori illegali. Il ROS ha inoltre segnalato inusuali segnali di sfruttamento di manodopera di altra etnia<\/li>\n<li>I gruppi criminali africani (nigeriani, magrebini, senegalesi) sono dediti al traffico di stupefacenti, alla gestione dei flussi migratori illegali connesso allo sfruttamento lavorativo e\/o della prostituzione attraverso il costante utilizzo di metodi di forte coercizione fisica e psicologica sulle vittime<\/li>\n<li>La criminalit\u00e0 sudamericana, oltre all\u2019interesse per il narcotraffico, \u00e8 attiva anche nel favoreggiamento dell\u2019immigrazione clandestina e nello sfruttamento della prostituzione di ambosessi<\/li>\n<\/ul>\n<p>&nbsp;<\/p>\n<p><em>(a\u00a0cura di <a href=\"mailto:claudio.forleo@avvisopubblico.it\"><strong>Claudio Forleo<\/strong><\/a>, giornalista)<\/em><\/p>\n","protected":false},"excerpt":{"rendered":"<p>Premessa. La Direzione Nazionale Antimafia e Antiterrorismo ha presentato a giugno 2017 la Relazione annuale sulle attivit\u00e0 svolte dal Procuratore nazionale e dalla Direzione nazionale&nbsp;<span class=\"hellipsis\">[&hellip;]<\/span><a class=\"more-link\" href=\"https:\/\/welaikaadv.site\/avviso\/home\/cosa-facciamo\/informare\/documenti-tematici\/mafie\/relazione-2017-del-procuratore-nazionale-e-della-direzione-nazionale-antimafia-e-antiterrorismo-le-mafie-straniere-in-italia\/\">Leggi tutto <span class=\"screen-reader-text\">Relazione 2017 del Procuratore nazionale e della Direzione nazionale antimafia e antiterrorismo: le mafie straniere in Italia<\/span> <span class=\"meta-nav\" aria-hidden=\"true\">&rarr;<\/span><\/a><\/p>\n","protected":false},"author":1,"featured_media":0,"parent":207,"menu_order":0,"comment_status":"closed","ping_status":"closed","template":"","meta":{"_acf_changed":false,"_exactmetrics_skip_tracking":false,"_exactmetrics_sitenote_active":false,"_exactmetrics_sitenote_note":"","_exactmetrics_sitenote_category":0,"wp_social_preview_title":"","wp_social_preview_description":"","wp_social_preview_image":0,"footnotes":""},"class_list":["post-6852","page","type-page","status-publish","hentry"],"acf":[],"yoast_head":"<!-- This site is optimized with the Yoast SEO plugin v27.2 - https:\/\/yoast.com\/product\/yoast-seo-wordpress\/ -->\n<title>Relazione 2017 del Procuratore nazionale e della Direzione nazionale antimafia e antiterrorismo: le mafie straniere in Italia - Staging Avviso Pubblico<\/title>\n<meta name=\"robots\" content=\"noindex, follow, max-snippet:-1, max-image-preview:large, max-video-preview:-1\" \/>\n<meta property=\"og:locale\" content=\"it_IT\" \/>\n<meta property=\"og:type\" content=\"article\" \/>\n<meta property=\"og:title\" content=\"Relazione 2017 del Procuratore nazionale e della Direzione nazionale antimafia e antiterrorismo: le mafie straniere in Italia - Staging Avviso Pubblico\" \/>\n<meta property=\"og:description\" content=\"Premessa. La Direzione Nazionale Antimafia e Antiterrorismo ha presentato a giugno 2017 la Relazione annuale sulle attivit\u00e0 svolte dal Procuratore nazionale e dalla Direzione nazionale&nbsp;[&hellip;]Leggi tutto Relazione 2017 del Procuratore nazionale e della Direzione nazionale antimafia e antiterrorismo: le mafie straniere in Italia &rarr;\" \/>\n<meta property=\"og:url\" content=\"https:\/\/welaikaadv.site\/avviso\/home\/cosa-facciamo\/informare\/documenti-tematici\/mafie\/relazione-2017-del-procuratore-nazionale-e-della-direzione-nazionale-antimafia-e-antiterrorismo-le-mafie-straniere-in-italia\/\" \/>\n<meta property=\"og:site_name\" content=\"Staging Avviso Pubblico\" \/>\n<meta name=\"twitter:card\" content=\"summary_large_image\" \/>\n<meta name=\"twitter:label1\" content=\"Tempo di lettura stimato\" \/>\n\t<meta name=\"twitter:data1\" content=\"3 minuti\" \/>\n<script type=\"application\/ld+json\" class=\"yoast-schema-graph\">{\"@context\":\"https:\/\/schema.org\",\"@graph\":[{\"@type\":\"WebPage\",\"@id\":\"https:\/\/welaikaadv.site\/avviso\/home\/cosa-facciamo\/informare\/documenti-tematici\/mafie\/relazione-2017-del-procuratore-nazionale-e-della-direzione-nazionale-antimafia-e-antiterrorismo-le-mafie-straniere-in-italia\/\",\"url\":\"https:\/\/welaikaadv.site\/avviso\/home\/cosa-facciamo\/informare\/documenti-tematici\/mafie\/relazione-2017-del-procuratore-nazionale-e-della-direzione-nazionale-antimafia-e-antiterrorismo-le-mafie-straniere-in-italia\/\",\"name\":\"Relazione 2017 del Procuratore nazionale e della Direzione nazionale antimafia e antiterrorismo: le mafie straniere in Italia - Staging Avviso Pubblico\",\"isPartOf\":{\"@id\":\"https:\/\/welaikaadv.site\/avviso\/#website\"},\"datePublished\":\"2017-06-29T21:18:33+00:00\",\"breadcrumb\":{\"@id\":\"https:\/\/welaikaadv.site\/avviso\/home\/cosa-facciamo\/informare\/documenti-tematici\/mafie\/relazione-2017-del-procuratore-nazionale-e-della-direzione-nazionale-antimafia-e-antiterrorismo-le-mafie-straniere-in-italia\/#breadcrumb\"},\"inLanguage\":\"it-IT\",\"potentialAction\":[{\"@type\":\"ReadAction\",\"target\":[\"https:\/\/welaikaadv.site\/avviso\/home\/cosa-facciamo\/informare\/documenti-tematici\/mafie\/relazione-2017-del-procuratore-nazionale-e-della-direzione-nazionale-antimafia-e-antiterrorismo-le-mafie-straniere-in-italia\/\"]}]},{\"@type\":\"BreadcrumbList\",\"@id\":\"https:\/\/welaikaadv.site\/avviso\/home\/cosa-facciamo\/informare\/documenti-tematici\/mafie\/relazione-2017-del-procuratore-nazionale-e-della-direzione-nazionale-antimafia-e-antiterrorismo-le-mafie-straniere-in-italia\/#breadcrumb\",\"itemListElement\":[{\"@type\":\"ListItem\",\"position\":1,\"name\":\"Home\",\"item\":\"https:\/\/welaikaadv.site\/avviso\/\"},{\"@type\":\"ListItem\",\"position\":2,\"name\":\"Relazione 2017 del Procuratore nazionale e della Direzione nazionale antimafia e antiterrorismo: le mafie straniere in Italia\"}]},{\"@type\":\"WebSite\",\"@id\":\"https:\/\/welaikaadv.site\/avviso\/#website\",\"url\":\"https:\/\/welaikaadv.site\/avviso\/\",\"name\":\"Staging Avviso Pubblico\",\"description\":\"\",\"publisher\":{\"@id\":\"https:\/\/welaikaadv.site\/avviso\/#organization\"},\"potentialAction\":[{\"@type\":\"SearchAction\",\"target\":{\"@type\":\"EntryPoint\",\"urlTemplate\":\"https:\/\/welaikaadv.site\/avviso\/?s={search_term_string}\"},\"query-input\":{\"@type\":\"PropertyValueSpecification\",\"valueRequired\":true,\"valueName\":\"search_term_string\"}}],\"inLanguage\":\"it-IT\"},{\"@type\":\"Organization\",\"@id\":\"https:\/\/welaikaadv.site\/avviso\/#organization\",\"name\":\"Staging Avviso Pubblico\",\"url\":\"https:\/\/welaikaadv.site\/avviso\/\",\"logo\":{\"@type\":\"ImageObject\",\"inLanguage\":\"it-IT\",\"@id\":\"https:\/\/welaikaadv.site\/avviso\/#\/schema\/logo\/image\/\",\"url\":\"https:\/\/welaikaadv.site\/avviso\/wp-content\/uploads\/2024\/08\/logoAPsito-400.png\",\"contentUrl\":\"https:\/\/welaikaadv.site\/avviso\/wp-content\/uploads\/2024\/08\/logoAPsito-400.png\",\"width\":400,\"height\":97,\"caption\":\"Staging Avviso Pubblico\"},\"image\":{\"@id\":\"https:\/\/welaikaadv.site\/avviso\/#\/schema\/logo\/image\/\"}}]}<\/script>\n<!-- \/ Yoast SEO plugin. -->","yoast_head_json":{"title":"Relazione 2017 del Procuratore nazionale e della Direzione nazionale antimafia e antiterrorismo: le mafie straniere in Italia - Staging Avviso Pubblico","robots":{"index":"noindex","follow":"follow","max-snippet":"max-snippet:-1","max-image-preview":"max-image-preview:large","max-video-preview":"max-video-preview:-1"},"og_locale":"it_IT","og_type":"article","og_title":"Relazione 2017 del Procuratore nazionale e della Direzione nazionale antimafia e antiterrorismo: le mafie straniere in Italia - Staging Avviso Pubblico","og_description":"Premessa. La Direzione Nazionale Antimafia e Antiterrorismo ha presentato a giugno 2017 la Relazione annuale sulle attivit\u00e0 svolte dal Procuratore nazionale e dalla Direzione nazionale&nbsp;[&hellip;]Leggi tutto Relazione 2017 del Procuratore nazionale e della Direzione nazionale antimafia e antiterrorismo: le mafie straniere in Italia &rarr;","og_url":"https:\/\/welaikaadv.site\/avviso\/home\/cosa-facciamo\/informare\/documenti-tematici\/mafie\/relazione-2017-del-procuratore-nazionale-e-della-direzione-nazionale-antimafia-e-antiterrorismo-le-mafie-straniere-in-italia\/","og_site_name":"Staging Avviso Pubblico","twitter_card":"summary_large_image","twitter_misc":{"Tempo di lettura stimato":"3 minuti"},"schema":{"@context":"https:\/\/schema.org","@graph":[{"@type":"WebPage","@id":"https:\/\/welaikaadv.site\/avviso\/home\/cosa-facciamo\/informare\/documenti-tematici\/mafie\/relazione-2017-del-procuratore-nazionale-e-della-direzione-nazionale-antimafia-e-antiterrorismo-le-mafie-straniere-in-italia\/","url":"https:\/\/welaikaadv.site\/avviso\/home\/cosa-facciamo\/informare\/documenti-tematici\/mafie\/relazione-2017-del-procuratore-nazionale-e-della-direzione-nazionale-antimafia-e-antiterrorismo-le-mafie-straniere-in-italia\/","name":"Relazione 2017 del Procuratore nazionale e della Direzione nazionale antimafia e antiterrorismo: le mafie straniere in Italia - Staging Avviso Pubblico","isPartOf":{"@id":"https:\/\/welaikaadv.site\/avviso\/#website"},"datePublished":"2017-06-29T21:18:33+00:00","breadcrumb":{"@id":"https:\/\/welaikaadv.site\/avviso\/home\/cosa-facciamo\/informare\/documenti-tematici\/mafie\/relazione-2017-del-procuratore-nazionale-e-della-direzione-nazionale-antimafia-e-antiterrorismo-le-mafie-straniere-in-italia\/#breadcrumb"},"inLanguage":"it-IT","potentialAction":[{"@type":"ReadAction","target":["https:\/\/welaikaadv.site\/avviso\/home\/cosa-facciamo\/informare\/documenti-tematici\/mafie\/relazione-2017-del-procuratore-nazionale-e-della-direzione-nazionale-antimafia-e-antiterrorismo-le-mafie-straniere-in-italia\/"]}]},{"@type":"BreadcrumbList","@id":"https:\/\/welaikaadv.site\/avviso\/home\/cosa-facciamo\/informare\/documenti-tematici\/mafie\/relazione-2017-del-procuratore-nazionale-e-della-direzione-nazionale-antimafia-e-antiterrorismo-le-mafie-straniere-in-italia\/#breadcrumb","itemListElement":[{"@type":"ListItem","position":1,"name":"Home","item":"https:\/\/welaikaadv.site\/avviso\/"},{"@type":"ListItem","position":2,"name":"Relazione 2017 del Procuratore nazionale e della Direzione nazionale antimafia e antiterrorismo: le mafie straniere in Italia"}]},{"@type":"WebSite","@id":"https:\/\/welaikaadv.site\/avviso\/#website","url":"https:\/\/welaikaadv.site\/avviso\/","name":"Staging Avviso Pubblico","description":"","publisher":{"@id":"https:\/\/welaikaadv.site\/avviso\/#organization"},"potentialAction":[{"@type":"SearchAction","target":{"@type":"EntryPoint","urlTemplate":"https:\/\/welaikaadv.site\/avviso\/?s={search_term_string}"},"query-input":{"@type":"PropertyValueSpecification","valueRequired":true,"valueName":"search_term_string"}}],"inLanguage":"it-IT"},{"@type":"Organization","@id":"https:\/\/welaikaadv.site\/avviso\/#organization","name":"Staging Avviso Pubblico","url":"https:\/\/welaikaadv.site\/avviso\/","logo":{"@type":"ImageObject","inLanguage":"it-IT","@id":"https:\/\/welaikaadv.site\/avviso\/#\/schema\/logo\/image\/","url":"https:\/\/welaikaadv.site\/avviso\/wp-content\/uploads\/2024\/08\/logoAPsito-400.png","contentUrl":"https:\/\/welaikaadv.site\/avviso\/wp-content\/uploads\/2024\/08\/logoAPsito-400.png","width":400,"height":97,"caption":"Staging Avviso Pubblico"},"image":{"@id":"https:\/\/welaikaadv.site\/avviso\/#\/schema\/logo\/image\/"}}]}},"_links":{"self":[{"href":"https:\/\/welaikaadv.site\/avviso\/wp-json\/wp\/v2\/pages\/6852","targetHints":{"allow":["GET"]}}],"collection":[{"href":"https:\/\/welaikaadv.site\/avviso\/wp-json\/wp\/v2\/pages"}],"about":[{"href":"https:\/\/welaikaadv.site\/avviso\/wp-json\/wp\/v2\/types\/page"}],"author":[{"embeddable":true,"href":"https:\/\/welaikaadv.site\/avviso\/wp-json\/wp\/v2\/users\/1"}],"replies":[{"embeddable":true,"href":"https:\/\/welaikaadv.site\/avviso\/wp-json\/wp\/v2\/comments?post=6852"}],"version-history":[{"count":0,"href":"https:\/\/welaikaadv.site\/avviso\/wp-json\/wp\/v2\/pages\/6852\/revisions"}],"up":[{"embeddable":true,"href":"https:\/\/welaikaadv.site\/avviso\/wp-json\/wp\/v2\/pages\/207"}],"wp:attachment":[{"href":"https:\/\/welaikaadv.site\/avviso\/wp-json\/wp\/v2\/media?parent=6852"}],"curies":[{"name":"wp","href":"https:\/\/api.w.org\/{rel}","templated":true}]}}