{"id":68711,"date":"2024-02-20T12:14:56","date_gmt":"2024-02-20T11:14:56","guid":{"rendered":"https:\/\/www.avvisopubblico.it\/home\/?page_id=68711"},"modified":"2024-02-20T12:14:56","modified_gmt":"2024-02-20T11:14:56","slug":"il-consiglio-di-stato-conferma-i-limiti-orari-introdotti-nel-comune-di-milano","status":"publish","type":"page","link":"https:\/\/welaikaadv.site\/avviso\/home\/cosa-facciamo\/informare\/documenti-tematici\/gioco-dazzardo\/il-consiglio-di-stato-conferma-i-limiti-orari-introdotti-nel-comune-di-milano\/","title":{"rendered":"Il Consiglio di Stato conferma i limiti orari introdotti nel Comune di Milano"},"content":{"rendered":"<p><strong>Premessa<\/strong>. Il Comune di Milano, con l&#8217;<a href=\"https:\/\/welaikaadv.site\/avviso\/wp-content\/uploads\/_pda\/2024\/02\/Ordinanza-n.-63-del-15.10.2014.pdf\">ordinanza<\/a> del 15 ottobre 2014, ha disposto che l\u2019attivit\u00e0 di gioco sia consentita, nel Comune, dalle 9:00 alle 12:00 e dalle 18:00 alle 23:00 (modificando una precedente ordinanza sindacale del 29 gennaio 2013 che prevedeva l\u2019utilizzo degli apparecchi da gioco dalle 10:00 all\u20191:00).<\/p>\n<p>Avverso tali previsioni una sala giochi operante a Milano aveva presentato ricorso al TAR Lombardia che, con la sentenza <a href=\"https:\/\/welaikaadv.site\/avviso\/home\/cosa-facciamo\/informare\/documenti-tematici\/gioco-dazzardo\/alcune-sentenze-del-tar-lombardia-in-materia-di-gioco-dazzardo\/\">550\/2019<\/a>, lo aveva respinto. \u00c8 stato dunque proposto appello: il Consiglio di Stato ha ulteriormente respinto anche in secondo grado le doglianze dell\u2019operatore confermando i limiti orari introdotti nel Comune di Milano, con la sentenza <a href=\"https:\/\/welaikaadv.site\/avviso\/wp-content\/uploads\/_pda\/2024\/02\/16562024.pdf\">1656\/2024<\/a> che qui si analizza.<\/p>\n<p><strong>L\u2019istruttoria<\/strong>. Il cuore della vicenda \u00e8 costituito dalle contestazioni, avanzate dall\u2019appellante, in merito all\u2019istruttoria condotta dal Comune di Milano. Sostengono i giudici del Consiglio di Stato la necessit\u00e0, in linea generale, di \u201cun\u2019adeguata istruttoria fondata su una concreta analisi della diffusione del fenomeno <em>ludopatico<\/em> nell\u2019ambito territoriale di riferimento\u201d.<\/p>\n<p>Nel caso di specie, il Collegio ritiene corretta l\u2019istruttoria condotta dal Comune che fa espresso riferimento ai dati dei <em>SerT<\/em> del <em>Dipartimento Dipendenze della ASL di Milano <\/em>(da cui emerge un aumento del numero di persone affette da patologia da gioco d&#8217;azzardo nell\u2019area di Milano), ripresi nella relazione della &#8220;Regione Lombardia, Direzione Generale Famiglia, Solidariet\u00e0 sociale e Volontariato&#8221;.<\/p>\n<p>In questo senso, dunque, il Consiglio di Stato smentisce l\u2019idea che la diffusione del fenomeno del gioco patologico sia stato considerato un mero fatto notorio, poich\u00e9 risulta, invece, \u201cadeguatamente provato con specifico riferimento all\u2019area di Milano\u201d.<\/p>\n<p>Inoltre, la genericit\u00e0 espressa dal TAR in primo grado con riferimento alle doglianze relative al difetto d\u2019istruttoria non costituisce, secondo i giudici, alcuna inversione dell\u2019onere probatorio: quel che \u00e8 avvenuto, spiega il Collegio, \u00e8 che la sala giochi in primo grado non \u00e8 riuscita a confutare i dati riportati nell\u2019ordinanza sull\u2019aumento della diffusione della patologia da gioco.<\/p>\n<p><strong>Il coinvolgimento dell\u2019ASL<\/strong>. Viene respinto, infine, anche il secondo motivo di doglianza, in merito al mancato coinvolgimento dell\u2019ASL. Chiariscono i giudici, infatti, che \u201cnessuna norma prevede la necessaria partecipazione dell\u2019ASL nei procedimenti volti all\u2019adozione di provvedimenti limitativi dell\u2019attivit\u00e0 delle sale da gioco\u201d. Viene comunque sottolineato che, nel caso di specie, proprio dall\u2019ASL sono stati tratti i dati fondamentali esposti in istruttoria.<\/p>\n","protected":false},"excerpt":{"rendered":"<p>Premessa. Il Comune di Milano, con l&#8217;ordinanza del 15 ottobre 2014, ha disposto che l\u2019attivit\u00e0 di gioco sia consentita, nel Comune, dalle 9:00 alle 12:00&nbsp;<span class=\"hellipsis\">[&hellip;]<\/span><a class=\"more-link\" href=\"https:\/\/welaikaadv.site\/avviso\/home\/cosa-facciamo\/informare\/documenti-tematici\/gioco-dazzardo\/il-consiglio-di-stato-conferma-i-limiti-orari-introdotti-nel-comune-di-milano\/\">Leggi tutto <span class=\"screen-reader-text\">Il Consiglio di Stato conferma i limiti orari introdotti nel Comune di Milano<\/span> <span class=\"meta-nav\" aria-hidden=\"true\">&rarr;<\/span><\/a><\/p>\n","protected":false},"author":1,"featured_media":0,"parent":202,"menu_order":160,"comment_status":"closed","ping_status":"closed","template":"","meta":{"_acf_changed":false,"_exactmetrics_skip_tracking":false,"_exactmetrics_sitenote_active":false,"_exactmetrics_sitenote_note":"","_exactmetrics_sitenote_category":0,"wp_social_preview_title":"","wp_social_preview_description":"","wp_social_preview_image":0,"footnotes":""},"class_list":["post-68711","page","type-page","status-publish","hentry"],"acf":[],"yoast_head":"<!-- This site is optimized with the Yoast SEO plugin v27.2 - https:\/\/yoast.com\/product\/yoast-seo-wordpress\/ -->\n<title>Il Consiglio di Stato conferma i limiti orari introdotti nel Comune di Milano - Staging Avviso Pubblico<\/title>\n<meta name=\"robots\" content=\"noindex, follow, max-snippet:-1, max-image-preview:large, max-video-preview:-1\" \/>\n<meta property=\"og:locale\" content=\"it_IT\" \/>\n<meta property=\"og:type\" content=\"article\" \/>\n<meta property=\"og:title\" content=\"Il Consiglio di Stato conferma i limiti orari introdotti nel Comune di Milano - Staging Avviso Pubblico\" \/>\n<meta property=\"og:description\" content=\"Premessa. Il Comune di Milano, con l&#8217;ordinanza del 15 ottobre 2014, ha disposto che l\u2019attivit\u00e0 di gioco sia consentita, nel Comune, dalle 9:00 alle 12:00&nbsp;[&hellip;]Leggi tutto Il Consiglio di Stato conferma i limiti orari introdotti nel Comune di Milano &rarr;\" \/>\n<meta property=\"og:url\" content=\"https:\/\/welaikaadv.site\/avviso\/home\/cosa-facciamo\/informare\/documenti-tematici\/gioco-dazzardo\/il-consiglio-di-stato-conferma-i-limiti-orari-introdotti-nel-comune-di-milano\/\" \/>\n<meta property=\"og:site_name\" content=\"Staging Avviso Pubblico\" \/>\n<meta name=\"twitter:card\" content=\"summary_large_image\" \/>\n<meta name=\"twitter:label1\" content=\"Tempo di lettura stimato\" \/>\n\t<meta name=\"twitter:data1\" content=\"5 minuti\" \/>\n<script type=\"application\/ld+json\" class=\"yoast-schema-graph\">{\"@context\":\"https:\/\/schema.org\",\"@graph\":[{\"@type\":\"WebPage\",\"@id\":\"https:\/\/welaikaadv.site\/avviso\/home\/cosa-facciamo\/informare\/documenti-tematici\/gioco-dazzardo\/il-consiglio-di-stato-conferma-i-limiti-orari-introdotti-nel-comune-di-milano\/\",\"url\":\"https:\/\/welaikaadv.site\/avviso\/home\/cosa-facciamo\/informare\/documenti-tematici\/gioco-dazzardo\/il-consiglio-di-stato-conferma-i-limiti-orari-introdotti-nel-comune-di-milano\/\",\"name\":\"Il Consiglio di Stato conferma i limiti orari introdotti nel Comune di Milano - Staging Avviso Pubblico\",\"isPartOf\":{\"@id\":\"https:\/\/welaikaadv.site\/avviso\/#website\"},\"datePublished\":\"2024-02-20T11:14:56+00:00\",\"breadcrumb\":{\"@id\":\"https:\/\/welaikaadv.site\/avviso\/home\/cosa-facciamo\/informare\/documenti-tematici\/gioco-dazzardo\/il-consiglio-di-stato-conferma-i-limiti-orari-introdotti-nel-comune-di-milano\/#breadcrumb\"},\"inLanguage\":\"it-IT\",\"potentialAction\":[{\"@type\":\"ReadAction\",\"target\":[\"https:\/\/welaikaadv.site\/avviso\/home\/cosa-facciamo\/informare\/documenti-tematici\/gioco-dazzardo\/il-consiglio-di-stato-conferma-i-limiti-orari-introdotti-nel-comune-di-milano\/\"]}]},{\"@type\":\"BreadcrumbList\",\"@id\":\"https:\/\/welaikaadv.site\/avviso\/home\/cosa-facciamo\/informare\/documenti-tematici\/gioco-dazzardo\/il-consiglio-di-stato-conferma-i-limiti-orari-introdotti-nel-comune-di-milano\/#breadcrumb\",\"itemListElement\":[{\"@type\":\"ListItem\",\"position\":1,\"name\":\"Home\",\"item\":\"https:\/\/welaikaadv.site\/avviso\/\"},{\"@type\":\"ListItem\",\"position\":2,\"name\":\"Il Consiglio di Stato conferma i limiti orari introdotti nel Comune di Milano\"}]},{\"@type\":\"WebSite\",\"@id\":\"https:\/\/welaikaadv.site\/avviso\/#website\",\"url\":\"https:\/\/welaikaadv.site\/avviso\/\",\"name\":\"Staging Avviso Pubblico\",\"description\":\"\",\"publisher\":{\"@id\":\"https:\/\/welaikaadv.site\/avviso\/#organization\"},\"potentialAction\":[{\"@type\":\"SearchAction\",\"target\":{\"@type\":\"EntryPoint\",\"urlTemplate\":\"https:\/\/welaikaadv.site\/avviso\/?s={search_term_string}\"},\"query-input\":{\"@type\":\"PropertyValueSpecification\",\"valueRequired\":true,\"valueName\":\"search_term_string\"}}],\"inLanguage\":\"it-IT\"},{\"@type\":\"Organization\",\"@id\":\"https:\/\/welaikaadv.site\/avviso\/#organization\",\"name\":\"Staging Avviso Pubblico\",\"url\":\"https:\/\/welaikaadv.site\/avviso\/\",\"logo\":{\"@type\":\"ImageObject\",\"inLanguage\":\"it-IT\",\"@id\":\"https:\/\/welaikaadv.site\/avviso\/#\/schema\/logo\/image\/\",\"url\":\"https:\/\/welaikaadv.site\/avviso\/wp-content\/uploads\/2024\/08\/logoAPsito-400.png\",\"contentUrl\":\"https:\/\/welaikaadv.site\/avviso\/wp-content\/uploads\/2024\/08\/logoAPsito-400.png\",\"width\":400,\"height\":97,\"caption\":\"Staging Avviso Pubblico\"},\"image\":{\"@id\":\"https:\/\/welaikaadv.site\/avviso\/#\/schema\/logo\/image\/\"}}]}<\/script>\n<!-- \/ Yoast SEO plugin. -->","yoast_head_json":{"title":"Il Consiglio di Stato conferma i limiti orari introdotti nel Comune di Milano - Staging Avviso Pubblico","robots":{"index":"noindex","follow":"follow","max-snippet":"max-snippet:-1","max-image-preview":"max-image-preview:large","max-video-preview":"max-video-preview:-1"},"og_locale":"it_IT","og_type":"article","og_title":"Il Consiglio di Stato conferma i limiti orari introdotti nel Comune di Milano - Staging Avviso Pubblico","og_description":"Premessa. Il Comune di Milano, con l&#8217;ordinanza del 15 ottobre 2014, ha disposto che l\u2019attivit\u00e0 di gioco sia consentita, nel Comune, dalle 9:00 alle 12:00&nbsp;[&hellip;]Leggi tutto Il Consiglio di Stato conferma i limiti orari introdotti nel Comune di Milano &rarr;","og_url":"https:\/\/welaikaadv.site\/avviso\/home\/cosa-facciamo\/informare\/documenti-tematici\/gioco-dazzardo\/il-consiglio-di-stato-conferma-i-limiti-orari-introdotti-nel-comune-di-milano\/","og_site_name":"Staging Avviso Pubblico","twitter_card":"summary_large_image","twitter_misc":{"Tempo di lettura stimato":"5 minuti"},"schema":{"@context":"https:\/\/schema.org","@graph":[{"@type":"WebPage","@id":"https:\/\/welaikaadv.site\/avviso\/home\/cosa-facciamo\/informare\/documenti-tematici\/gioco-dazzardo\/il-consiglio-di-stato-conferma-i-limiti-orari-introdotti-nel-comune-di-milano\/","url":"https:\/\/welaikaadv.site\/avviso\/home\/cosa-facciamo\/informare\/documenti-tematici\/gioco-dazzardo\/il-consiglio-di-stato-conferma-i-limiti-orari-introdotti-nel-comune-di-milano\/","name":"Il Consiglio di Stato conferma i limiti orari introdotti nel Comune di Milano - Staging Avviso Pubblico","isPartOf":{"@id":"https:\/\/welaikaadv.site\/avviso\/#website"},"datePublished":"2024-02-20T11:14:56+00:00","breadcrumb":{"@id":"https:\/\/welaikaadv.site\/avviso\/home\/cosa-facciamo\/informare\/documenti-tematici\/gioco-dazzardo\/il-consiglio-di-stato-conferma-i-limiti-orari-introdotti-nel-comune-di-milano\/#breadcrumb"},"inLanguage":"it-IT","potentialAction":[{"@type":"ReadAction","target":["https:\/\/welaikaadv.site\/avviso\/home\/cosa-facciamo\/informare\/documenti-tematici\/gioco-dazzardo\/il-consiglio-di-stato-conferma-i-limiti-orari-introdotti-nel-comune-di-milano\/"]}]},{"@type":"BreadcrumbList","@id":"https:\/\/welaikaadv.site\/avviso\/home\/cosa-facciamo\/informare\/documenti-tematici\/gioco-dazzardo\/il-consiglio-di-stato-conferma-i-limiti-orari-introdotti-nel-comune-di-milano\/#breadcrumb","itemListElement":[{"@type":"ListItem","position":1,"name":"Home","item":"https:\/\/welaikaadv.site\/avviso\/"},{"@type":"ListItem","position":2,"name":"Il Consiglio di Stato conferma i limiti orari introdotti nel Comune di Milano"}]},{"@type":"WebSite","@id":"https:\/\/welaikaadv.site\/avviso\/#website","url":"https:\/\/welaikaadv.site\/avviso\/","name":"Staging Avviso Pubblico","description":"","publisher":{"@id":"https:\/\/welaikaadv.site\/avviso\/#organization"},"potentialAction":[{"@type":"SearchAction","target":{"@type":"EntryPoint","urlTemplate":"https:\/\/welaikaadv.site\/avviso\/?s={search_term_string}"},"query-input":{"@type":"PropertyValueSpecification","valueRequired":true,"valueName":"search_term_string"}}],"inLanguage":"it-IT"},{"@type":"Organization","@id":"https:\/\/welaikaadv.site\/avviso\/#organization","name":"Staging Avviso Pubblico","url":"https:\/\/welaikaadv.site\/avviso\/","logo":{"@type":"ImageObject","inLanguage":"it-IT","@id":"https:\/\/welaikaadv.site\/avviso\/#\/schema\/logo\/image\/","url":"https:\/\/welaikaadv.site\/avviso\/wp-content\/uploads\/2024\/08\/logoAPsito-400.png","contentUrl":"https:\/\/welaikaadv.site\/avviso\/wp-content\/uploads\/2024\/08\/logoAPsito-400.png","width":400,"height":97,"caption":"Staging Avviso Pubblico"},"image":{"@id":"https:\/\/welaikaadv.site\/avviso\/#\/schema\/logo\/image\/"}}]}},"_links":{"self":[{"href":"https:\/\/welaikaadv.site\/avviso\/wp-json\/wp\/v2\/pages\/68711","targetHints":{"allow":["GET"]}}],"collection":[{"href":"https:\/\/welaikaadv.site\/avviso\/wp-json\/wp\/v2\/pages"}],"about":[{"href":"https:\/\/welaikaadv.site\/avviso\/wp-json\/wp\/v2\/types\/page"}],"author":[{"embeddable":true,"href":"https:\/\/welaikaadv.site\/avviso\/wp-json\/wp\/v2\/users\/1"}],"replies":[{"embeddable":true,"href":"https:\/\/welaikaadv.site\/avviso\/wp-json\/wp\/v2\/comments?post=68711"}],"version-history":[{"count":0,"href":"https:\/\/welaikaadv.site\/avviso\/wp-json\/wp\/v2\/pages\/68711\/revisions"}],"up":[{"embeddable":true,"href":"https:\/\/welaikaadv.site\/avviso\/wp-json\/wp\/v2\/pages\/202"}],"wp:attachment":[{"href":"https:\/\/welaikaadv.site\/avviso\/wp-json\/wp\/v2\/media?parent=68711"}],"curies":[{"name":"wp","href":"https:\/\/api.w.org\/{rel}","templated":true}]}}