{"id":68926,"date":"2024-02-28T09:56:28","date_gmt":"2024-02-28T08:56:28","guid":{"rendered":"https:\/\/www.avvisopubblico.it\/home\/?page_id=68926"},"modified":"2024-02-28T09:56:28","modified_gmt":"2024-02-28T08:56:28","slug":"audizioni-in-commissione-finanze-sullo-schema-di-decreto-legislativo-sul-riordino-dei-giochi-a-distanza-27-febbraio","status":"publish","type":"page","link":"https:\/\/welaikaadv.site\/avviso\/home\/cosa-facciamo\/informare\/osservatorio-parlamentare\/attivita-legislativa\/attivita-legislativa-nella-xix-legislatura\/audizioni-in-commissione-finanze-sullo-schema-di-decreto-legislativo-sul-riordino-dei-giochi-a-distanza-27-febbraio\/","title":{"rendered":"Audizioni in Commissione Finanze sullo schema di decreto legislativo sul riordino dei giochi a distanza \u2013 27 Febbraio"},"content":{"rendered":"<p>La Commissione VI Finanze del Senato ha svolto, nella seduta del 27 Febbraio 2024 l\u2019audizione dell&#8217;Agenzia delle Dogane e dei Monopoli (<a href=\"https:\/\/webtv.senato.it\/4621?video_evento=244941\">video<\/a>), in cui si \u00e8 parlato anche di gioco pubblico, e l&#8217;audizione di rappresentanti di Igt (<a href=\"https:\/\/webtv.senato.it\/4621?video_evento=244945\">video<\/a>) in merito allo schema di decreto legislativo sul riordino dei giochi a distanza (<a href=\"https:\/\/www.camera.it\/leg19\/682?atto=116&amp;tipoAtto=Atto&amp;idLegislatura=19&amp;tab=1#inizio\"><strong>AG 116<\/strong><\/a>). Di seguito la sintesi degli interventi.<\/p>\n<p><strong>Roberto Alesse, ADM<\/strong>.<\/p>\n<p>L&#8217;attivit\u00e0 dell&#8217;Agenzia nel settore del gioco pubblico \u00e8 finalizzata ad assicurare l&#8217;impegno a elevare la qualit\u00e0 dell&#8217;offerta di gioco, proteggendo i soggetti vulnerabili e contrastando il gioco illegale. In Italia, il modello organizzativo del sistema dei giochi pubblici e le relative modalit\u00e0 di regolamentazione sono previsti e disciplinati nell&#8217;esercizio della riserva statale, che distingue giochi non consentiti da quelli consentiti. Tutta la materia del gioco pubblico \u00e8 in fase di riordino nell&#8217;ambito delle misure di attuazione della delega. Come \u00e8 noto, \u00e8 in corso di approvazione il decreto delegato in materia di gioco a distanza, che non risente, al contrario del gioco su rete fisica, della particolare complessit\u00e0 determinata dalla legislazione concorrente tra Stato e Regioni.<\/p>\n<p>Proprio al fine di superare le criticit\u00e0 che hanno rallentato il processo di rassegnazione delle concessioni del gioco su rete fisica, derivanti dalla sovrapposizione della normazione nazionale, regionale e comunale, l&#8217;Agenzia \u00e8 gi\u00e0 impegnata nei lavori del tavolo tecnico che vede coinvolti il Governo, le Regioni e le Province autonome di Trento e di Bolzano, l&#8217;ANCI e l&#8217;UPI, per la positiva conclusione della riforma dell&#8217;intero comparto del gioco pubblico.<\/p>\n<p>Per il perseguimento degli obiettivi in materia di giochi pubblici concorreranno, dunque, le attivit\u00e0 di analisi finalizzate alla realizzazione della riforma complessiva del gioco pubblico, in modo da assicurare, a invarianza di gettito erariale, la riduzione dei rischi connessi al disturbo da gioco d&#8217;azzardo, nonch\u00e9 il rafforzamento del controllo sul divieto di gioco ai minori, anche attraverso il coinvolgimento del Comitato per la prevenzione e la repressione del gioco illegale da me presieduto.<\/p>\n<p>Nei confronti dei giocatori problematici a rischio disturbo gioco di azzardo sono allo studio strumenti di limitazione del gioco, predittivi del rischio, e controlli informatici e tecnologici che consentiranno di individuare le condotte di gioco a rischio compulsivo, cos\u00ec da aumentare anche il controllo nei confronti del gioco minorile. Si potr\u00e0 anche, tramite gli strumenti del responsible gaming, individuare l&#8217;effettiva consapevolezza della condotta da parte del giocatore compulsivo e si potr\u00e0, tramite strumenti di monitoraggio del gioco in tempo reale, intervenire sui conti di gioco, sospendendo temporaneamente la possibilit\u00e0 di giocare. Le campagne informative e le iniziative di comunicazione responsabile gi\u00e0 in programma forniranno ulteriori strumenti di contrasto al rischio ludopatico.<\/p>\n<p>Bisogna realizzare il bilanciamento tra due interessi idealmente contrapposti: la tutela della salute e il riconoscimento del gioco pubblico rispetto al gettito da assicurare. Tutti gli strumenti in campo sono volti ad assicurare questo contemperamento.<\/p>\n<p>I 7 milioni relativi al bando di gioco online come si spiegano? Nella valutazione dell\u2019importo una tantum per singola concessione, l\u2019ADM ha tenuto conto sua dei dati di mercato sulla redditivit\u00e0 sia della possibile riduzione del numero complessivo delle concessioni attive. Il settore del gioco online esige investimenti consistenti che solo una impresa solida pu\u00f2 permettersi. L\u2019ADM stima che nonostante l\u2019incremento a 7 milioni dell\u2019una tantum, la remunerativit\u00e0 della concessione consentir\u00e0 circa 50 concessioni. La stima dell\u2019ADM \u00e8 effettuata in via prudenziale, per quantificare le maggiori entrate. L\u2019ammortamento dell\u2019una tantum dei 7 mln avrebbe un\u2019incidenza sul margine netto del 3,2% annuo per l\u2019operatore pi\u00f9 grande e fino al 5% per circa venti operatori, portandosi al 10% annuo solo per operatori molto piccoli, arrivando al 30% annuo per l\u2019attuale 50esimo operatore per raccolta. \u00c8 una stima effettuata sui compensi del 2022 con un mercato che per\u00f2 \u00e8 cresciuto del 13% in ragione d\u2019anno. Con una eventuale riduzione dell\u2019una tantum a 3,5 mln il gettito complessivo resterebbe invariato solo se gli aggiudicatari fossero 100 (pi\u00f9 degli attuali concessionari). Un ribasso a 2,5 mln, fisserebbe il numero degli operatori a 56. La diminuzione dell\u2019una tantum non darebbe un significativo aumento del numero di operatori, ma ridurrebbe di molto gli introiti dell\u2019erario.<\/p>\n<p>Le valutazioni dell\u2019ADM sono di valore tecnico e si basano su dati finanziari a disposizione e sull\u2019effettiva necessit\u00e0 di gestire un mercato composto di operatori affidabili (rispetto alle politiche antiriciclaggio e di tutela della salute).<\/p>\n<p>L\u2019inserimento della norma sul Lotto \u00e8 opportuno vista la scadenza della concessione al 30.11.2025.<\/p>\n<p>Qui i documenti depositati dall\u2019ADM con le <a href=\"https:\/\/www.senato.it\/application\/xmanager\/projects\/leg19\/attachments\/documento_evento_procedura_commissione\/files\/000\/429\/295\/Documento_Agenzia_delle_dogane_e_dei_Monopoli.pdf\">risposte ai quesiti<\/a> e con <a href=\"https:\/\/www.senato.it\/application\/xmanager\/projects\/leg19\/attachments\/documento_evento_procedura_commissione\/files\/000\/429\/297\/Documento_integrativo_Agenzie_delle_dogane_e_dei_Monopoli.pdf\">alcuni ulteriori dati<\/a>.<\/p>\n<p><strong>IGT<\/strong>.<\/p>\n<p>I 18 mesi evocati per la gara del Lotto non sono n\u00e9 tanti n\u00e9 pochi. Va conteggiato, per\u00f2, il tempo del CdS che deve dare un parere sul bando (l\u2019ultima volta ci ha messo molto tempo). Il concessionario mette assieme degli apparecchi, che sono di propriet\u00e0 dello Stato, e alla fine della concessione dovr\u00e0 restituirli. I mesi impiegati in passato sono comunque stati pi\u00f9 o meno sempre 18.<\/p>\n<p>Sull\u2019upfront, va detto che esso \u00e8 in correlazione con l\u2019aggio. Per le lotterie, lo Stato parte da un upfront alto, che ci si riprende trattenendo poi l\u2019aggio, che a sua volta si pu\u00f2 realizzare solo con livelli elevati di raccolta e quindi con innovazione tecnologica. Il sizing giusto dipende dall\u2019aggio: il tema per\u00f2 \u00e8 quello di massimizzare l\u2019interesse generale, in base a variabili matematiche.<\/p>\n","protected":false},"excerpt":{"rendered":"<p>La Commissione VI Finanze del Senato ha svolto, nella seduta del 27 Febbraio 2024 l\u2019audizione dell&#8217;Agenzia delle Dogane e dei Monopoli (video), in cui si&nbsp;<span class=\"hellipsis\">[&hellip;]<\/span><a class=\"more-link\" href=\"https:\/\/welaikaadv.site\/avviso\/home\/cosa-facciamo\/informare\/osservatorio-parlamentare\/attivita-legislativa\/attivita-legislativa-nella-xix-legislatura\/audizioni-in-commissione-finanze-sullo-schema-di-decreto-legislativo-sul-riordino-dei-giochi-a-distanza-27-febbraio\/\">Leggi tutto <span class=\"screen-reader-text\">Audizioni in Commissione Finanze sullo schema di decreto legislativo sul riordino dei giochi a distanza \u2013 27 Febbraio<\/span> <span class=\"meta-nav\" aria-hidden=\"true\">&rarr;<\/span><\/a><\/p>\n","protected":false},"author":1,"featured_media":0,"parent":51219,"menu_order":160,"comment_status":"closed","ping_status":"closed","template":"","meta":{"_acf_changed":false,"_exactmetrics_skip_tracking":false,"_exactmetrics_sitenote_active":false,"_exactmetrics_sitenote_note":"","_exactmetrics_sitenote_category":0,"wp_social_preview_title":"","wp_social_preview_description":"","wp_social_preview_image":0,"footnotes":""},"class_list":["post-68926","page","type-page","status-publish","hentry"],"acf":[],"yoast_head":"<!-- This site is optimized with the Yoast SEO plugin v27.2 - https:\/\/yoast.com\/product\/yoast-seo-wordpress\/ -->\n<title>Audizioni in Commissione Finanze sullo schema di decreto legislativo sul riordino dei giochi a distanza \u2013 27 Febbraio - Staging Avviso Pubblico<\/title>\n<meta name=\"robots\" content=\"noindex, follow, max-snippet:-1, max-image-preview:large, max-video-preview:-1\" \/>\n<meta property=\"og:locale\" content=\"it_IT\" \/>\n<meta property=\"og:type\" content=\"article\" \/>\n<meta property=\"og:title\" content=\"Audizioni in Commissione Finanze sullo schema di decreto legislativo sul riordino dei giochi a distanza \u2013 27 Febbraio - Staging Avviso Pubblico\" \/>\n<meta property=\"og:description\" content=\"La Commissione VI Finanze del Senato ha svolto, nella seduta del 27 Febbraio 2024 l\u2019audizione dell&#8217;Agenzia delle Dogane e dei Monopoli (video), in cui si&nbsp;[&hellip;]Leggi tutto Audizioni in Commissione Finanze sullo schema di decreto legislativo sul riordino dei giochi a distanza \u2013 27 Febbraio &rarr;\" \/>\n<meta property=\"og:url\" content=\"https:\/\/welaikaadv.site\/avviso\/home\/cosa-facciamo\/informare\/osservatorio-parlamentare\/attivita-legislativa\/attivita-legislativa-nella-xix-legislatura\/audizioni-in-commissione-finanze-sullo-schema-di-decreto-legislativo-sul-riordino-dei-giochi-a-distanza-27-febbraio\/\" \/>\n<meta property=\"og:site_name\" content=\"Staging Avviso Pubblico\" \/>\n<meta name=\"twitter:card\" content=\"summary_large_image\" \/>\n<meta name=\"twitter:label1\" content=\"Tempo di lettura stimato\" \/>\n\t<meta name=\"twitter:data1\" content=\"5 minuti\" \/>\n<script type=\"application\/ld+json\" class=\"yoast-schema-graph\">{\"@context\":\"https:\/\/schema.org\",\"@graph\":[{\"@type\":\"WebPage\",\"@id\":\"https:\/\/welaikaadv.site\/avviso\/home\/cosa-facciamo\/informare\/osservatorio-parlamentare\/attivita-legislativa\/attivita-legislativa-nella-xix-legislatura\/audizioni-in-commissione-finanze-sullo-schema-di-decreto-legislativo-sul-riordino-dei-giochi-a-distanza-27-febbraio\/\",\"url\":\"https:\/\/welaikaadv.site\/avviso\/home\/cosa-facciamo\/informare\/osservatorio-parlamentare\/attivita-legislativa\/attivita-legislativa-nella-xix-legislatura\/audizioni-in-commissione-finanze-sullo-schema-di-decreto-legislativo-sul-riordino-dei-giochi-a-distanza-27-febbraio\/\",\"name\":\"Audizioni in Commissione Finanze sullo schema di decreto legislativo sul riordino dei giochi a distanza \u2013 27 Febbraio - Staging Avviso Pubblico\",\"isPartOf\":{\"@id\":\"https:\/\/welaikaadv.site\/avviso\/#website\"},\"datePublished\":\"2024-02-28T08:56:28+00:00\",\"breadcrumb\":{\"@id\":\"https:\/\/welaikaadv.site\/avviso\/home\/cosa-facciamo\/informare\/osservatorio-parlamentare\/attivita-legislativa\/attivita-legislativa-nella-xix-legislatura\/audizioni-in-commissione-finanze-sullo-schema-di-decreto-legislativo-sul-riordino-dei-giochi-a-distanza-27-febbraio\/#breadcrumb\"},\"inLanguage\":\"it-IT\",\"potentialAction\":[{\"@type\":\"ReadAction\",\"target\":[\"https:\/\/welaikaadv.site\/avviso\/home\/cosa-facciamo\/informare\/osservatorio-parlamentare\/attivita-legislativa\/attivita-legislativa-nella-xix-legislatura\/audizioni-in-commissione-finanze-sullo-schema-di-decreto-legislativo-sul-riordino-dei-giochi-a-distanza-27-febbraio\/\"]}]},{\"@type\":\"BreadcrumbList\",\"@id\":\"https:\/\/welaikaadv.site\/avviso\/home\/cosa-facciamo\/informare\/osservatorio-parlamentare\/attivita-legislativa\/attivita-legislativa-nella-xix-legislatura\/audizioni-in-commissione-finanze-sullo-schema-di-decreto-legislativo-sul-riordino-dei-giochi-a-distanza-27-febbraio\/#breadcrumb\",\"itemListElement\":[{\"@type\":\"ListItem\",\"position\":1,\"name\":\"Home\",\"item\":\"https:\/\/welaikaadv.site\/avviso\/\"},{\"@type\":\"ListItem\",\"position\":2,\"name\":\"Osservatorio Parlamentare\",\"item\":\"https:\/\/welaikaadv.site\/avviso\/home\/cosa-facciamo\/informare\/osservatorio-parlamentare\/\"},{\"@type\":\"ListItem\",\"position\":3,\"name\":\"Attivit\u00e0 legislativa\",\"item\":\"https:\/\/welaikaadv.site\/avviso\/home\/cosa-facciamo\/informare\/osservatorio-parlamentare\/attivita-legislativa\/\"},{\"@type\":\"ListItem\",\"position\":4,\"name\":\"Attivit\u00e0 legislativa nella XIX legislatura\",\"item\":\"https:\/\/welaikaadv.site\/avviso\/home\/cosa-facciamo\/informare\/osservatorio-parlamentare\/attivita-legislativa\/attivita-legislativa-nella-xix-legislatura\/\"},{\"@type\":\"ListItem\",\"position\":5,\"name\":\"Audizioni in Commissione Finanze sullo schema di decreto legislativo sul riordino dei giochi a distanza \u2013 27 Febbraio\"}]},{\"@type\":\"WebSite\",\"@id\":\"https:\/\/welaikaadv.site\/avviso\/#website\",\"url\":\"https:\/\/welaikaadv.site\/avviso\/\",\"name\":\"Staging Avviso Pubblico\",\"description\":\"\",\"publisher\":{\"@id\":\"https:\/\/welaikaadv.site\/avviso\/#organization\"},\"potentialAction\":[{\"@type\":\"SearchAction\",\"target\":{\"@type\":\"EntryPoint\",\"urlTemplate\":\"https:\/\/welaikaadv.site\/avviso\/?s={search_term_string}\"},\"query-input\":{\"@type\":\"PropertyValueSpecification\",\"valueRequired\":true,\"valueName\":\"search_term_string\"}}],\"inLanguage\":\"it-IT\"},{\"@type\":\"Organization\",\"@id\":\"https:\/\/welaikaadv.site\/avviso\/#organization\",\"name\":\"Staging Avviso Pubblico\",\"url\":\"https:\/\/welaikaadv.site\/avviso\/\",\"logo\":{\"@type\":\"ImageObject\",\"inLanguage\":\"it-IT\",\"@id\":\"https:\/\/welaikaadv.site\/avviso\/#\/schema\/logo\/image\/\",\"url\":\"https:\/\/welaikaadv.site\/avviso\/wp-content\/uploads\/2024\/08\/logoAPsito-400.png\",\"contentUrl\":\"https:\/\/welaikaadv.site\/avviso\/wp-content\/uploads\/2024\/08\/logoAPsito-400.png\",\"width\":400,\"height\":97,\"caption\":\"Staging Avviso Pubblico\"},\"image\":{\"@id\":\"https:\/\/welaikaadv.site\/avviso\/#\/schema\/logo\/image\/\"}}]}<\/script>\n<!-- \/ Yoast SEO plugin. -->","yoast_head_json":{"title":"Audizioni in Commissione Finanze sullo schema di decreto legislativo sul riordino dei giochi a distanza \u2013 27 Febbraio - Staging Avviso Pubblico","robots":{"index":"noindex","follow":"follow","max-snippet":"max-snippet:-1","max-image-preview":"max-image-preview:large","max-video-preview":"max-video-preview:-1"},"og_locale":"it_IT","og_type":"article","og_title":"Audizioni in Commissione Finanze sullo schema di decreto legislativo sul riordino dei giochi a distanza \u2013 27 Febbraio - Staging Avviso Pubblico","og_description":"La Commissione VI Finanze del Senato ha svolto, nella seduta del 27 Febbraio 2024 l\u2019audizione dell&#8217;Agenzia delle Dogane e dei Monopoli (video), in cui si&nbsp;[&hellip;]Leggi tutto Audizioni in Commissione Finanze sullo schema di decreto legislativo sul riordino dei giochi a distanza \u2013 27 Febbraio &rarr;","og_url":"https:\/\/welaikaadv.site\/avviso\/home\/cosa-facciamo\/informare\/osservatorio-parlamentare\/attivita-legislativa\/attivita-legislativa-nella-xix-legislatura\/audizioni-in-commissione-finanze-sullo-schema-di-decreto-legislativo-sul-riordino-dei-giochi-a-distanza-27-febbraio\/","og_site_name":"Staging Avviso Pubblico","twitter_card":"summary_large_image","twitter_misc":{"Tempo di lettura stimato":"5 minuti"},"schema":{"@context":"https:\/\/schema.org","@graph":[{"@type":"WebPage","@id":"https:\/\/welaikaadv.site\/avviso\/home\/cosa-facciamo\/informare\/osservatorio-parlamentare\/attivita-legislativa\/attivita-legislativa-nella-xix-legislatura\/audizioni-in-commissione-finanze-sullo-schema-di-decreto-legislativo-sul-riordino-dei-giochi-a-distanza-27-febbraio\/","url":"https:\/\/welaikaadv.site\/avviso\/home\/cosa-facciamo\/informare\/osservatorio-parlamentare\/attivita-legislativa\/attivita-legislativa-nella-xix-legislatura\/audizioni-in-commissione-finanze-sullo-schema-di-decreto-legislativo-sul-riordino-dei-giochi-a-distanza-27-febbraio\/","name":"Audizioni in Commissione Finanze sullo schema di decreto legislativo sul riordino dei giochi a distanza \u2013 27 Febbraio - Staging Avviso Pubblico","isPartOf":{"@id":"https:\/\/welaikaadv.site\/avviso\/#website"},"datePublished":"2024-02-28T08:56:28+00:00","breadcrumb":{"@id":"https:\/\/welaikaadv.site\/avviso\/home\/cosa-facciamo\/informare\/osservatorio-parlamentare\/attivita-legislativa\/attivita-legislativa-nella-xix-legislatura\/audizioni-in-commissione-finanze-sullo-schema-di-decreto-legislativo-sul-riordino-dei-giochi-a-distanza-27-febbraio\/#breadcrumb"},"inLanguage":"it-IT","potentialAction":[{"@type":"ReadAction","target":["https:\/\/welaikaadv.site\/avviso\/home\/cosa-facciamo\/informare\/osservatorio-parlamentare\/attivita-legislativa\/attivita-legislativa-nella-xix-legislatura\/audizioni-in-commissione-finanze-sullo-schema-di-decreto-legislativo-sul-riordino-dei-giochi-a-distanza-27-febbraio\/"]}]},{"@type":"BreadcrumbList","@id":"https:\/\/welaikaadv.site\/avviso\/home\/cosa-facciamo\/informare\/osservatorio-parlamentare\/attivita-legislativa\/attivita-legislativa-nella-xix-legislatura\/audizioni-in-commissione-finanze-sullo-schema-di-decreto-legislativo-sul-riordino-dei-giochi-a-distanza-27-febbraio\/#breadcrumb","itemListElement":[{"@type":"ListItem","position":1,"name":"Home","item":"https:\/\/welaikaadv.site\/avviso\/"},{"@type":"ListItem","position":2,"name":"Osservatorio Parlamentare","item":"https:\/\/welaikaadv.site\/avviso\/home\/cosa-facciamo\/informare\/osservatorio-parlamentare\/"},{"@type":"ListItem","position":3,"name":"Attivit\u00e0 legislativa","item":"https:\/\/welaikaadv.site\/avviso\/home\/cosa-facciamo\/informare\/osservatorio-parlamentare\/attivita-legislativa\/"},{"@type":"ListItem","position":4,"name":"Attivit\u00e0 legislativa nella XIX legislatura","item":"https:\/\/welaikaadv.site\/avviso\/home\/cosa-facciamo\/informare\/osservatorio-parlamentare\/attivita-legislativa\/attivita-legislativa-nella-xix-legislatura\/"},{"@type":"ListItem","position":5,"name":"Audizioni in Commissione Finanze sullo schema di decreto legislativo sul riordino dei giochi a distanza \u2013 27 Febbraio"}]},{"@type":"WebSite","@id":"https:\/\/welaikaadv.site\/avviso\/#website","url":"https:\/\/welaikaadv.site\/avviso\/","name":"Staging Avviso Pubblico","description":"","publisher":{"@id":"https:\/\/welaikaadv.site\/avviso\/#organization"},"potentialAction":[{"@type":"SearchAction","target":{"@type":"EntryPoint","urlTemplate":"https:\/\/welaikaadv.site\/avviso\/?s={search_term_string}"},"query-input":{"@type":"PropertyValueSpecification","valueRequired":true,"valueName":"search_term_string"}}],"inLanguage":"it-IT"},{"@type":"Organization","@id":"https:\/\/welaikaadv.site\/avviso\/#organization","name":"Staging Avviso Pubblico","url":"https:\/\/welaikaadv.site\/avviso\/","logo":{"@type":"ImageObject","inLanguage":"it-IT","@id":"https:\/\/welaikaadv.site\/avviso\/#\/schema\/logo\/image\/","url":"https:\/\/welaikaadv.site\/avviso\/wp-content\/uploads\/2024\/08\/logoAPsito-400.png","contentUrl":"https:\/\/welaikaadv.site\/avviso\/wp-content\/uploads\/2024\/08\/logoAPsito-400.png","width":400,"height":97,"caption":"Staging Avviso Pubblico"},"image":{"@id":"https:\/\/welaikaadv.site\/avviso\/#\/schema\/logo\/image\/"}}]}},"_links":{"self":[{"href":"https:\/\/welaikaadv.site\/avviso\/wp-json\/wp\/v2\/pages\/68926","targetHints":{"allow":["GET"]}}],"collection":[{"href":"https:\/\/welaikaadv.site\/avviso\/wp-json\/wp\/v2\/pages"}],"about":[{"href":"https:\/\/welaikaadv.site\/avviso\/wp-json\/wp\/v2\/types\/page"}],"author":[{"embeddable":true,"href":"https:\/\/welaikaadv.site\/avviso\/wp-json\/wp\/v2\/users\/1"}],"replies":[{"embeddable":true,"href":"https:\/\/welaikaadv.site\/avviso\/wp-json\/wp\/v2\/comments?post=68926"}],"version-history":[{"count":0,"href":"https:\/\/welaikaadv.site\/avviso\/wp-json\/wp\/v2\/pages\/68926\/revisions"}],"up":[{"embeddable":true,"href":"https:\/\/welaikaadv.site\/avviso\/wp-json\/wp\/v2\/pages\/51219"}],"wp:attachment":[{"href":"https:\/\/welaikaadv.site\/avviso\/wp-json\/wp\/v2\/media?parent=68926"}],"curies":[{"name":"wp","href":"https:\/\/api.w.org\/{rel}","templated":true}]}}