{"id":6906,"date":"2016-12-08T12:24:20","date_gmt":"2016-12-08T11:24:20","guid":{"rendered":"http:\/\/www.avvisopubblico.it\/osservatorio\/?page_id=6906"},"modified":"2016-12-08T12:24:20","modified_gmt":"2016-12-08T11:24:20","slug":"decreto-legislativo-n-97-del-2016-in-materia-di-trasparenza","status":"publish","type":"page","link":"https:\/\/welaikaadv.site\/avviso\/home\/cosa-facciamo\/informare\/osservatorio-parlamentare\/attivita-legislativa\/decreto-legislativo-n-97-del-2016-in-materia-di-trasparenza\/","title":{"rendered":"Decreto legislativo n. 97 del 2016 in materia di trasparenza"},"content":{"rendered":"<p><strong>Premessa<\/strong>. Il <a href=\"http:\/\/www.normattiva.it\/uri-res\/N2Ls?urn:nir:stato:decreto.legislativo:2016;97\"><strong>decreto legislativo n. 97 del 25 maggio 2016<\/strong> <\/a>\u00a0<em>Revisione e semplificazione delle disposizioni in materia di prevenzione della corruzione, pubblicit\u00e0 e trasparenza<\/em> contiene alcune modifiche alla legislazione vigente (in particolare alla legge n. 190\/2012, al d.lgs. n.33\/2013 e al d.lgs. n.175\/ 2016). Tra le principali novit\u00e0 si segnalano in particolare l\u2019istituto dell\u2019accesso civico generalizzato e l\u2019estensione a nuovi soggetti degli adempimenti in materia di trasparenza e di anticorruzione.<\/p>\n<p><strong>Accesso civico<\/strong>. Il provvedimento \u00e8 volto a garantire l\u2019accesso a dati, documenti e informazioni detenute dalle pubbliche amministrazioni, allo scopo di favorire forme diffuse di controllo: infatti non sono pi\u00f9 necessari di norma requisiti specifici per accedere agli atti, n\u00e9 \u00e8 richiesta una motivazione. Ulteriori specificazioni sono contenute nelle <strong><a href=\"http:\/\/www.anticorruzione.it\/portal\/rest\/jcr\/repository\/collaboration\/Digital%20Assets\/anacdocs\/Attivita\/Atti\/determinazioni\/2016\/1309\/del.1309.2016.det.LNfoia.pdf\">Linee guida dell\u2019Autorit\u00e0<\/a><\/strong>, con particolare riferimento ai casi di esclusione e ai limiti dell\u2019accesso generalizzato.<\/p>\n<p><strong>Obblighi generali di trasparenza<\/strong>. Sono individuate tre macro categorie a cui corrispondono obblighi differenziati:<\/p>\n<p>&#8211; le pubbliche amministrazioni, ivi comprese le autorit\u00e0 portuali e le autorit\u00e0 amministrative indipendenti di garanzia, vigilanza e regolazione, a cui la disciplina in materia di trasparenza si applica pienamente;<\/p>\n<p>&#8211; gli enti pubblici economici, gli ordini professionali, le societ\u00e0 in controllo pubblico, le associazioni, fondazioni e enti di diritto privato con bilancio superiore a 500.000 euro, con contributi finanzria da parte delle amministrazioni pubbliche e vertici da esse nominati;<\/p>\n<p>&#8211; le societ\u00e0 a partecipazione pubblica, e associazioni, fondazioni e enti di diritto privato, anche privi di personalit\u00e0 giuridica, con bilancio superiore a 500.000 euro, che esercitano funzioni amministrative, attivit\u00e0 di produzione di beni e servizi a favore delle amministrazioni pubbliche o di gestione di servizi pubblici.<\/p>\n<p>Informazioni sulla concreta attuazione della normativa in materia di trasparenza sono contenute nelle <strong><a href=\"http:\/\/www.anticorruzione.it\/portal\/public\/classic\/AttivitaAutorita\/Trasparenza\">Linee guida predisposte dall\u2019Autorit\u00e0<\/a><\/strong><em>.<\/em><\/p>\n<p><strong>Trasparenza delle risorse pubbliche<\/strong><em>. <\/em>Viene istituito un nuovo sito internet <em>Soldi pubblici<\/em>, al fine di favorire la trasparenza nell\u2019utilizzo delle risorse pubbliche grazie alla possibilit\u00e0 di consultare i dati dei pagamenti delle pubbliche amministrazioni.<\/p>\n<p><strong>Piano anticorruzione<\/strong>. La competenza \u00e8 ora attribuita all\u2019Autorit\u00e0 anticorruzione con una semplificazione degli adempimenti per alcuni soggetti di minori dimensioni.<\/p>\n<p><strong>Responsabile anticorruzione<\/strong>. Il d.lgs. 97\/2016 prevede anche l\u2019unificazione, in capo a un solo soggetto, dell\u2019incarico di Responsabile della prevenzione della corruzione e della trasparenza.<\/p>\n<p><strong>Notizie sull\u2019iter<\/strong>. La Commissione Affari costituzionali del Senato ha discusso il provvedimento il <a href=\"http:\/\/www.senato.it\/japp\/bgt\/showdoc\/frame.jsp?tipodoc=SommComm&amp;leg=17&amp;id=966157\"><strong>1\u00b0 marzo 2016<\/strong><\/a>, <a href=\"http:\/\/www.senato.it\/japp\/bgt\/showdoc\/frame.jsp?tipodoc=SommComm&amp;leg=17&amp;id=968620\"><strong>22 marzo 2016<\/strong><\/a> e <a href=\"http:\/\/www.senato.it\/japp\/bgt\/showdoc\/frame.jsp?tipodoc=SommComm&amp;leg=17&amp;id=970186\"><strong>12 aprile 2016<\/strong><\/a>, esprimendo il proprio parere il <a href=\"http:\/\/www.senato.it\/japp\/bgt\/showdoc\/frame.jsp?tipodoc=SommComm&amp;leg=17&amp;id=970908\"><strong>20 aprile 2016<\/strong><\/a>. Alla Camera la discussione si \u00e8 svolta il <a href=\"http:\/\/www.camera.it\/leg17\/824?tipo=C&amp;anno=2016&amp;mese=03&amp;giorno=03&amp;view=&amp;commissione=01&amp;pagina=#data.20160303.com01.bollettino.sede00020.tit00020\"><strong>3 marzo 2016<\/strong><\/a>, il <a href=\"http:\/\/www.camera.it\/leg17\/824?tipo=C&amp;anno=2016&amp;mese=03&amp;giorno=10&amp;view=&amp;commissione=01&amp;pagina=#data.20160310.com01.bollettino.sede00030.tit00010\"><strong>10 marzo 2016<\/strong><\/a>, il <a href=\"http:\/\/www.camera.it\/leg17\/824?tipo=C&amp;anno=2016&amp;mese=04&amp;giorno=12&amp;view=&amp;commissione=01&amp;pagina=#data.20160412.com01.bollettino.sede00010.tit00010\"><strong>12 aprile 2016<\/strong><\/a> e il <a href=\"http:\/\/www.camera.it\/leg17\/824?tipo=C&amp;anno=2016&amp;mese=04&amp;giorno=19&amp;view=&amp;commissione=01&amp;pagina=#data.20160419.com01.bollettino.sede00020.tit00010\"><strong>19 aprile 2016<\/strong><\/a> (in quest\u2019ultima seduta sono state presentate le proposte di parere): nella seduta del <a href=\"http:\/\/www.camera.it\/leg17\/824?tipo=C&amp;anno=2016&amp;mese=04&amp;giorno=20&amp;view=&amp;commissione=01&amp;pagina=#data.20160420.com01.bollettino.sede00020.tit00020\"><strong>20 aprile 2016<\/strong><\/a> \u00e8 stato espresso il <a href=\"http:\/\/www.camera.it\/leg17\/824?tipo=A&amp;anno=2016&amp;mese=04&amp;giorno=20&amp;view=&amp;commissione=01#data.20160420.com01.allegati.all00070\"><strong>parere<\/strong><\/a>. Si segnala che il 31 marzo 2016 si \u00e8 svolta un\u2019audizione del Presidente dell\u2019Anac da parte delle Commissioni Affari costituzionali di Camera e Senato, che hanno poi ascoltato il Garante della privacy il 6 aprile 2016. Nella seduta del 7 aprile sono stati ascoltati il sottosegretario di Stato alla Presidenza del Consiglio dei ministri, Claudio de Vincenti (Presidente della Commissione per l&#8217;accesso ai documenti amministrativi) e rappresentanti di enti e associazioni (<em>per i documenti depositati clicca <\/em><a href=\"http:\/\/www.senato.it\/application\/xmanager\/projects\/leg17\/attachments\/documento_evento_procedura_commissione\/files\/000\/003\/768\/AG_267_MEMORIE_fascicolo_unico.pdf\"><strong><em>qui<\/em><\/strong><\/a>).<\/p>\n<p><em>Per approfondimenti consulta il <\/em><a href=\"http:\/\/documenti.camera.it\/leg17\/dossier\/Testi\/ac0553.htm\"><strong><em>dossier<\/em><\/strong><\/a><em> del Servizio Studi della Camera. Riflessioni sul nuovo quadro normativo sono contenute nella <\/em><strong><em>Relazione del luglio 2017<\/em><\/strong><em> dell\u2019Autorit\u00e0 anticorruzione.<\/em><\/p>\n<div id=\"page\"><\/div>\n","protected":false},"excerpt":{"rendered":"<p>Premessa. Il decreto legislativo n. 97 del 25 maggio 2016 \u00a0Revisione e semplificazione delle disposizioni in materia di prevenzione della corruzione, pubblicit\u00e0 e trasparenza contiene&nbsp;<span class=\"hellipsis\">[&hellip;]<\/span><a class=\"more-link\" href=\"https:\/\/welaikaadv.site\/avviso\/home\/cosa-facciamo\/informare\/osservatorio-parlamentare\/attivita-legislativa\/decreto-legislativo-n-97-del-2016-in-materia-di-trasparenza\/\">Leggi tutto <span class=\"screen-reader-text\">Decreto legislativo n. 97 del 2016 in materia di trasparenza<\/span> <span class=\"meta-nav\" aria-hidden=\"true\">&rarr;<\/span><\/a><\/p>\n","protected":false},"author":1,"featured_media":0,"parent":2537,"menu_order":0,"comment_status":"closed","ping_status":"closed","template":"","meta":{"_acf_changed":false,"_exactmetrics_skip_tracking":false,"_exactmetrics_sitenote_active":false,"_exactmetrics_sitenote_note":"","_exactmetrics_sitenote_category":0,"wp_social_preview_title":"","wp_social_preview_description":"","wp_social_preview_image":0,"footnotes":""},"class_list":["post-6906","page","type-page","status-publish","hentry"],"acf":[],"yoast_head":"<!-- This site is optimized with the Yoast SEO plugin v27.2 - https:\/\/yoast.com\/product\/yoast-seo-wordpress\/ -->\n<title>Decreto legislativo n. 97 del 2016 in materia di trasparenza - Staging Avviso Pubblico<\/title>\n<meta name=\"robots\" content=\"noindex, follow, max-snippet:-1, max-image-preview:large, max-video-preview:-1\" \/>\n<meta property=\"og:locale\" content=\"it_IT\" \/>\n<meta property=\"og:type\" content=\"article\" \/>\n<meta property=\"og:title\" content=\"Decreto legislativo n. 97 del 2016 in materia di trasparenza - Staging Avviso Pubblico\" \/>\n<meta property=\"og:description\" content=\"Premessa. Il decreto legislativo n. 97 del 25 maggio 2016 \u00a0Revisione e semplificazione delle disposizioni in materia di prevenzione della corruzione, pubblicit\u00e0 e trasparenza contiene&nbsp;[&hellip;]Leggi tutto Decreto legislativo n. 97 del 2016 in materia di trasparenza &rarr;\" \/>\n<meta property=\"og:url\" content=\"https:\/\/welaikaadv.site\/avviso\/home\/cosa-facciamo\/informare\/osservatorio-parlamentare\/attivita-legislativa\/decreto-legislativo-n-97-del-2016-in-materia-di-trasparenza\/\" \/>\n<meta property=\"og:site_name\" content=\"Staging Avviso Pubblico\" \/>\n<meta name=\"twitter:card\" content=\"summary_large_image\" \/>\n<meta name=\"twitter:label1\" content=\"Tempo di lettura stimato\" \/>\n\t<meta name=\"twitter:data1\" content=\"3 minuti\" \/>\n<script type=\"application\/ld+json\" class=\"yoast-schema-graph\">{\"@context\":\"https:\/\/schema.org\",\"@graph\":[{\"@type\":\"WebPage\",\"@id\":\"https:\/\/welaikaadv.site\/avviso\/home\/cosa-facciamo\/informare\/osservatorio-parlamentare\/attivita-legislativa\/decreto-legislativo-n-97-del-2016-in-materia-di-trasparenza\/\",\"url\":\"https:\/\/welaikaadv.site\/avviso\/home\/cosa-facciamo\/informare\/osservatorio-parlamentare\/attivita-legislativa\/decreto-legislativo-n-97-del-2016-in-materia-di-trasparenza\/\",\"name\":\"Decreto legislativo n. 97 del 2016 in materia di trasparenza - Staging Avviso Pubblico\",\"isPartOf\":{\"@id\":\"https:\/\/welaikaadv.site\/avviso\/#website\"},\"datePublished\":\"2016-12-08T11:24:20+00:00\",\"breadcrumb\":{\"@id\":\"https:\/\/welaikaadv.site\/avviso\/home\/cosa-facciamo\/informare\/osservatorio-parlamentare\/attivita-legislativa\/decreto-legislativo-n-97-del-2016-in-materia-di-trasparenza\/#breadcrumb\"},\"inLanguage\":\"it-IT\",\"potentialAction\":[{\"@type\":\"ReadAction\",\"target\":[\"https:\/\/welaikaadv.site\/avviso\/home\/cosa-facciamo\/informare\/osservatorio-parlamentare\/attivita-legislativa\/decreto-legislativo-n-97-del-2016-in-materia-di-trasparenza\/\"]}]},{\"@type\":\"BreadcrumbList\",\"@id\":\"https:\/\/welaikaadv.site\/avviso\/home\/cosa-facciamo\/informare\/osservatorio-parlamentare\/attivita-legislativa\/decreto-legislativo-n-97-del-2016-in-materia-di-trasparenza\/#breadcrumb\",\"itemListElement\":[{\"@type\":\"ListItem\",\"position\":1,\"name\":\"Home\",\"item\":\"https:\/\/welaikaadv.site\/avviso\/\"},{\"@type\":\"ListItem\",\"position\":2,\"name\":\"Decreto legislativo n. 97 del 2016 in materia di trasparenza\"}]},{\"@type\":\"WebSite\",\"@id\":\"https:\/\/welaikaadv.site\/avviso\/#website\",\"url\":\"https:\/\/welaikaadv.site\/avviso\/\",\"name\":\"Staging Avviso Pubblico\",\"description\":\"\",\"publisher\":{\"@id\":\"https:\/\/welaikaadv.site\/avviso\/#organization\"},\"potentialAction\":[{\"@type\":\"SearchAction\",\"target\":{\"@type\":\"EntryPoint\",\"urlTemplate\":\"https:\/\/welaikaadv.site\/avviso\/?s={search_term_string}\"},\"query-input\":{\"@type\":\"PropertyValueSpecification\",\"valueRequired\":true,\"valueName\":\"search_term_string\"}}],\"inLanguage\":\"it-IT\"},{\"@type\":\"Organization\",\"@id\":\"https:\/\/welaikaadv.site\/avviso\/#organization\",\"name\":\"Staging Avviso Pubblico\",\"url\":\"https:\/\/welaikaadv.site\/avviso\/\",\"logo\":{\"@type\":\"ImageObject\",\"inLanguage\":\"it-IT\",\"@id\":\"https:\/\/welaikaadv.site\/avviso\/#\/schema\/logo\/image\/\",\"url\":\"https:\/\/welaikaadv.site\/avviso\/wp-content\/uploads\/2024\/08\/logoAPsito-400.png\",\"contentUrl\":\"https:\/\/welaikaadv.site\/avviso\/wp-content\/uploads\/2024\/08\/logoAPsito-400.png\",\"width\":400,\"height\":97,\"caption\":\"Staging Avviso Pubblico\"},\"image\":{\"@id\":\"https:\/\/welaikaadv.site\/avviso\/#\/schema\/logo\/image\/\"}}]}<\/script>\n<!-- \/ Yoast SEO plugin. -->","yoast_head_json":{"title":"Decreto legislativo n. 97 del 2016 in materia di trasparenza - Staging Avviso Pubblico","robots":{"index":"noindex","follow":"follow","max-snippet":"max-snippet:-1","max-image-preview":"max-image-preview:large","max-video-preview":"max-video-preview:-1"},"og_locale":"it_IT","og_type":"article","og_title":"Decreto legislativo n. 97 del 2016 in materia di trasparenza - Staging Avviso Pubblico","og_description":"Premessa. Il decreto legislativo n. 97 del 25 maggio 2016 \u00a0Revisione e semplificazione delle disposizioni in materia di prevenzione della corruzione, pubblicit\u00e0 e trasparenza contiene&nbsp;[&hellip;]Leggi tutto Decreto legislativo n. 97 del 2016 in materia di trasparenza &rarr;","og_url":"https:\/\/welaikaadv.site\/avviso\/home\/cosa-facciamo\/informare\/osservatorio-parlamentare\/attivita-legislativa\/decreto-legislativo-n-97-del-2016-in-materia-di-trasparenza\/","og_site_name":"Staging Avviso Pubblico","twitter_card":"summary_large_image","twitter_misc":{"Tempo di lettura stimato":"3 minuti"},"schema":{"@context":"https:\/\/schema.org","@graph":[{"@type":"WebPage","@id":"https:\/\/welaikaadv.site\/avviso\/home\/cosa-facciamo\/informare\/osservatorio-parlamentare\/attivita-legislativa\/decreto-legislativo-n-97-del-2016-in-materia-di-trasparenza\/","url":"https:\/\/welaikaadv.site\/avviso\/home\/cosa-facciamo\/informare\/osservatorio-parlamentare\/attivita-legislativa\/decreto-legislativo-n-97-del-2016-in-materia-di-trasparenza\/","name":"Decreto legislativo n. 97 del 2016 in materia di trasparenza - Staging Avviso Pubblico","isPartOf":{"@id":"https:\/\/welaikaadv.site\/avviso\/#website"},"datePublished":"2016-12-08T11:24:20+00:00","breadcrumb":{"@id":"https:\/\/welaikaadv.site\/avviso\/home\/cosa-facciamo\/informare\/osservatorio-parlamentare\/attivita-legislativa\/decreto-legislativo-n-97-del-2016-in-materia-di-trasparenza\/#breadcrumb"},"inLanguage":"it-IT","potentialAction":[{"@type":"ReadAction","target":["https:\/\/welaikaadv.site\/avviso\/home\/cosa-facciamo\/informare\/osservatorio-parlamentare\/attivita-legislativa\/decreto-legislativo-n-97-del-2016-in-materia-di-trasparenza\/"]}]},{"@type":"BreadcrumbList","@id":"https:\/\/welaikaadv.site\/avviso\/home\/cosa-facciamo\/informare\/osservatorio-parlamentare\/attivita-legislativa\/decreto-legislativo-n-97-del-2016-in-materia-di-trasparenza\/#breadcrumb","itemListElement":[{"@type":"ListItem","position":1,"name":"Home","item":"https:\/\/welaikaadv.site\/avviso\/"},{"@type":"ListItem","position":2,"name":"Decreto legislativo n. 97 del 2016 in materia di trasparenza"}]},{"@type":"WebSite","@id":"https:\/\/welaikaadv.site\/avviso\/#website","url":"https:\/\/welaikaadv.site\/avviso\/","name":"Staging Avviso Pubblico","description":"","publisher":{"@id":"https:\/\/welaikaadv.site\/avviso\/#organization"},"potentialAction":[{"@type":"SearchAction","target":{"@type":"EntryPoint","urlTemplate":"https:\/\/welaikaadv.site\/avviso\/?s={search_term_string}"},"query-input":{"@type":"PropertyValueSpecification","valueRequired":true,"valueName":"search_term_string"}}],"inLanguage":"it-IT"},{"@type":"Organization","@id":"https:\/\/welaikaadv.site\/avviso\/#organization","name":"Staging Avviso Pubblico","url":"https:\/\/welaikaadv.site\/avviso\/","logo":{"@type":"ImageObject","inLanguage":"it-IT","@id":"https:\/\/welaikaadv.site\/avviso\/#\/schema\/logo\/image\/","url":"https:\/\/welaikaadv.site\/avviso\/wp-content\/uploads\/2024\/08\/logoAPsito-400.png","contentUrl":"https:\/\/welaikaadv.site\/avviso\/wp-content\/uploads\/2024\/08\/logoAPsito-400.png","width":400,"height":97,"caption":"Staging Avviso Pubblico"},"image":{"@id":"https:\/\/welaikaadv.site\/avviso\/#\/schema\/logo\/image\/"}}]}},"_links":{"self":[{"href":"https:\/\/welaikaadv.site\/avviso\/wp-json\/wp\/v2\/pages\/6906","targetHints":{"allow":["GET"]}}],"collection":[{"href":"https:\/\/welaikaadv.site\/avviso\/wp-json\/wp\/v2\/pages"}],"about":[{"href":"https:\/\/welaikaadv.site\/avviso\/wp-json\/wp\/v2\/types\/page"}],"author":[{"embeddable":true,"href":"https:\/\/welaikaadv.site\/avviso\/wp-json\/wp\/v2\/users\/1"}],"replies":[{"embeddable":true,"href":"https:\/\/welaikaadv.site\/avviso\/wp-json\/wp\/v2\/comments?post=6906"}],"version-history":[{"count":0,"href":"https:\/\/welaikaadv.site\/avviso\/wp-json\/wp\/v2\/pages\/6906\/revisions"}],"up":[{"embeddable":true,"href":"https:\/\/welaikaadv.site\/avviso\/wp-json\/wp\/v2\/pages\/2537"}],"wp:attachment":[{"href":"https:\/\/welaikaadv.site\/avviso\/wp-json\/wp\/v2\/media?parent=6906"}],"curies":[{"name":"wp","href":"https:\/\/api.w.org\/{rel}","templated":true}]}}