{"id":6920,"date":"2017-07-11T08:28:25","date_gmt":"2017-07-11T06:28:25","guid":{"rendered":"http:\/\/www.avvisopubblico.it\/osservatorio\/?page_id=6920"},"modified":"2017-07-11T08:28:25","modified_gmt":"2017-07-11T06:28:25","slug":"relazione-2016-dna-i-reati-di-contraffazione","status":"publish","type":"page","link":"https:\/\/welaikaadv.site\/avviso\/home\/cosa-facciamo\/informare\/documenti-tematici\/mafie\/relazione-2016-dna-i-reati-di-contraffazione\/","title":{"rendered":"Relazione 2016 DNA: i reati di contraffazione"},"content":{"rendered":"<p><strong>Premessa<\/strong>. La Direzione Nazionale Antimafia e Antiterrorismo ha presentato a giugno 2017 la <a href=\"https:\/\/welaikaadv.site\/avviso\/wp-content\/uploads\/2017\/06\/RELAZIONE-DNA-1.7.2015-30.6.2016.pdf\"><strong>Relazione annuale<\/strong><\/a> sulle attivit\u00e0 svolte dal Procuratore nazionale e dalla Direzione nazionale antimafia e antiterrorismo nonch\u00e9 sulle dinamiche e strategie della criminalit\u00e0 organizzata di tipo mafioso nel periodo luglio 2015 \u2013 giugno 2016. Di seguito viene sintetizzato il capitolo dedicato all\u2019azione della criminalit\u00e0 nella contraffazione.<\/p>\n<p><strong>Quadro generale del fenomeno<\/strong>. Il fenomeno della contraffazione \u2013 purtroppo a lungo sottovalutato &#8211; risulta in forte crescita, ampliandosi a sempre nuove tipologie di prodotti: le stime ritengono che abbia un valore dal 2 al 7 per cento del commercio mondiale e la DNA lo descrive come \u201cun\u2019emergenza\u201d tanto per il nostro Paese che per l\u2019Unione Europea. La contraffazione ha assunto le caratteristiche di un\u2019impresa organizzata a livello globale. \u201cLe imprese dedite alla contraffazione hanno imitato non solo i prodotti ma anche la struttura, con estensione in maniera capillare sul territorio nazionale e sovranazionale. Le organizzazioni criminali, avvalendosi di collaudate tecniche, istituiscono una ramificata rete di vendita organizzata secondo un modello di marketing aziendale che assicura la diffusione e il successo di questo commercio parallelo o sommerso. Simili modalit\u00e0 operative rispondono non solo ad esigenze di flessibilit\u00e0 ma anche alla necessit\u00e0 di rendere difficoltosa la ricostruzione e dunque la repressione dell\u2019intero sistema\u201d.<\/p>\n<p>La dispersione geografica dei prodotti, l\u2019elevato numero di transazioni commerciali internazionali, l\u2019utilizzo di tecniche sempre pi\u00f9 sofisticate per eludere i controlli doganali, la frequente commistione tra attivit\u00e0 legali ed illegali (gli articoli sono realizzati anche dalle stesse aziende che producono gli originali, e la stessa rete di distribuzione legale consente la loro vendita) rendono particolarmente difficile affinare un sistema di contrasto pienamente efficace. Le mafie (in particolare la Camorra) sono fortemente attratte dal settore della contraffazione, che consente di incamerare notevolissimi profitti, con rischi limitati, e a favorire operazioni di riciclaggio di denaro. \u201cIl coinvolgimento di organizzazioni criminali transnazionali che operano nel settore della contraffazione risulta in rapida crescita cos\u00ec come dimostrato dalle numerose indagini svolte sul territorio nazionale che offrono un quadro allarmante di pericolosa estensione del fenomeno. I fattori di attrazione della contraffazione per la criminalit\u00e0 organizzata derivano essenzialmente dal rapporto costi\/benefici che caratterizza questa attivit\u00e0 illecita dove \u00e8 notevole lo sbilanciamento a favore dei benefici rispetto ai costi e ai rischi\u201d.<\/p>\n<p>La relazione evidenzia la stretta collaborazione tra le mafie straniere e quelle italiane: quest\u2019ultime esercitano un controllo sul complesso delle attivit\u00e0 illecite, ricavandone guadagni ingenti. In alcune aree del Paese, l\u2019imposizione alla rete commerciale di prodotti contraffatti ha sostituito \u201cdi fatto\u201d il pagamento del \u201cpizzo\u201d.<\/p>\n<p><strong>Le distorsioni causate dalla contraffazione<\/strong>. Effetti collaterali del mercato illegale sono le ricadute in termini di evasione fiscale, i pericoli per la salute dei consumatori (si pensi ai farmaci contraffatti) e i danni che comporta alle imprese che rispettano le norme di legge.<\/p>\n<p><strong>Il ruolo del web<\/strong>. Un canale di diffusione della contraffazione \u00e8 oggi rappresentato dalla vendita dei prodotti via internet, che favorisce l\u2019occultamento dell\u2019identit\u00e0 dei venditori e rende estremamente difficile l\u2019opera di contrasto delle illegalit\u00e0.<\/p>\n<p><strong>Il commercio illecito dei tabacchi<\/strong>. Negli ultimi anni ha assunto sempre pi\u00f9 rilevanza il commercio illegale di tabacchi lavorati, che riguarda sia il contrabbando di prodotti autentici sia quello di sigarette contraffatte, sfuggendo anche alla normativa sulla qualit\u00e0 dei prodotti. Anche in questo campo si registra un fortissimo interesse da parte delle organizzazioni criminali, attratte dalla possibilit\u00e0 di ricavare ingenti profitti.<\/p>\n<p><strong>La contraffazione nel settore alimentare<\/strong>. In questo comparto la falsificazione riguarda generalmente l\u2019origine geografica del prodotto o la denominazione di origine controllata; in particolare si registra il fenomeno dell\u2019<em>italian sounding<\/em>, volto a spacciare per italiani prodotti realizzati al di fuori del territorio nazionale, con danni enormi per le aziende italiane e per i consumatori finali.<\/p>\n<p><strong>Il ruolo dei cd. <em>money transfer<\/em><\/strong>. \u00a0I trasferimenti di danaro senza il passaggio su rapporti di conto intestati all\u2019ordinante o al beneficiario, consentiti dai <em>money transfer<\/em>, sono uno strumento molto utilizzato dalle organizzazioni criminali per riciclare ingenti quantit\u00e0 di denaro provenienti da traffici illeciti.<\/p>\n<p><strong>La pirateria digitale<\/strong>. La Relazione sottolinea la rilevanza del fenomeno, che non pu\u00f2 essere contrastato solo con la leva penale ma anche da una forte attivit\u00e0 di prevenzione e di autoregolamentazione del settore (responsabilizzando i soggetti che offrono servizi in rete), oltre che da un\u2019ampia campagna di informazione.<\/p>\n<p><strong>Le nuove misure di contrasto<\/strong>. La Relazione, nel rimarcare l\u2019importanza di un coordinamento dell\u2019azione delle forze di polizia, sollecita l\u2019approvazione di modifiche all\u2019attuale quadro normativo al fine di semplificare il sistema e rendere pi\u00f9 agevole la contestazione della finalit\u00e0 associativa collegata ai reati di contraffazione.<\/p>\n<p>&nbsp;<\/p>\n<p><em>(a\u00a0cura di <a href=\"mailto:claudio.forleo@avvisopubblico.it\"><strong>Claudio Forleo<\/strong><\/a>, giornalista)<\/em><\/p>\n","protected":false},"excerpt":{"rendered":"<p>Premessa. La Direzione Nazionale Antimafia e Antiterrorismo ha presentato a giugno 2017 la Relazione annuale sulle attivit\u00e0 svolte dal Procuratore nazionale e dalla Direzione nazionale&nbsp;<span class=\"hellipsis\">[&hellip;]<\/span><a class=\"more-link\" href=\"https:\/\/welaikaadv.site\/avviso\/home\/cosa-facciamo\/informare\/documenti-tematici\/mafie\/relazione-2016-dna-i-reati-di-contraffazione\/\">Leggi tutto <span class=\"screen-reader-text\">Relazione 2016 DNA: i reati di contraffazione<\/span> <span class=\"meta-nav\" aria-hidden=\"true\">&rarr;<\/span><\/a><\/p>\n","protected":false},"author":1,"featured_media":0,"parent":207,"menu_order":0,"comment_status":"closed","ping_status":"closed","template":"","meta":{"_acf_changed":false,"_exactmetrics_skip_tracking":false,"_exactmetrics_sitenote_active":false,"_exactmetrics_sitenote_note":"","_exactmetrics_sitenote_category":0,"wp_social_preview_title":"","wp_social_preview_description":"","wp_social_preview_image":0,"footnotes":""},"class_list":["post-6920","page","type-page","status-publish","hentry"],"acf":[],"yoast_head":"<!-- This site is optimized with the Yoast SEO plugin v27.2 - https:\/\/yoast.com\/product\/yoast-seo-wordpress\/ -->\n<title>Relazione 2016 DNA: i reati di contraffazione - Staging Avviso Pubblico<\/title>\n<meta name=\"robots\" content=\"noindex, follow, max-snippet:-1, max-image-preview:large, max-video-preview:-1\" \/>\n<meta property=\"og:locale\" content=\"it_IT\" \/>\n<meta property=\"og:type\" content=\"article\" \/>\n<meta property=\"og:title\" content=\"Relazione 2016 DNA: i reati di contraffazione - Staging Avviso Pubblico\" \/>\n<meta property=\"og:description\" content=\"Premessa. La Direzione Nazionale Antimafia e Antiterrorismo ha presentato a giugno 2017 la Relazione annuale sulle attivit\u00e0 svolte dal Procuratore nazionale e dalla Direzione nazionale&nbsp;[&hellip;]Leggi tutto Relazione 2016 DNA: i reati di contraffazione &rarr;\" \/>\n<meta property=\"og:url\" content=\"https:\/\/welaikaadv.site\/avviso\/home\/cosa-facciamo\/informare\/documenti-tematici\/mafie\/relazione-2016-dna-i-reati-di-contraffazione\/\" \/>\n<meta property=\"og:site_name\" content=\"Staging Avviso Pubblico\" \/>\n<meta name=\"twitter:card\" content=\"summary_large_image\" \/>\n<meta name=\"twitter:label1\" content=\"Tempo di lettura stimato\" \/>\n\t<meta name=\"twitter:data1\" content=\"4 minuti\" \/>\n<script type=\"application\/ld+json\" class=\"yoast-schema-graph\">{\"@context\":\"https:\/\/schema.org\",\"@graph\":[{\"@type\":\"WebPage\",\"@id\":\"https:\/\/welaikaadv.site\/avviso\/home\/cosa-facciamo\/informare\/documenti-tematici\/mafie\/relazione-2016-dna-i-reati-di-contraffazione\/\",\"url\":\"https:\/\/welaikaadv.site\/avviso\/home\/cosa-facciamo\/informare\/documenti-tematici\/mafie\/relazione-2016-dna-i-reati-di-contraffazione\/\",\"name\":\"Relazione 2016 DNA: i reati di contraffazione - Staging Avviso Pubblico\",\"isPartOf\":{\"@id\":\"https:\/\/welaikaadv.site\/avviso\/#website\"},\"datePublished\":\"2017-07-11T06:28:25+00:00\",\"breadcrumb\":{\"@id\":\"https:\/\/welaikaadv.site\/avviso\/home\/cosa-facciamo\/informare\/documenti-tematici\/mafie\/relazione-2016-dna-i-reati-di-contraffazione\/#breadcrumb\"},\"inLanguage\":\"it-IT\",\"potentialAction\":[{\"@type\":\"ReadAction\",\"target\":[\"https:\/\/welaikaadv.site\/avviso\/home\/cosa-facciamo\/informare\/documenti-tematici\/mafie\/relazione-2016-dna-i-reati-di-contraffazione\/\"]}]},{\"@type\":\"BreadcrumbList\",\"@id\":\"https:\/\/welaikaadv.site\/avviso\/home\/cosa-facciamo\/informare\/documenti-tematici\/mafie\/relazione-2016-dna-i-reati-di-contraffazione\/#breadcrumb\",\"itemListElement\":[{\"@type\":\"ListItem\",\"position\":1,\"name\":\"Home\",\"item\":\"https:\/\/welaikaadv.site\/avviso\/\"},{\"@type\":\"ListItem\",\"position\":2,\"name\":\"Relazione 2016 DNA: i reati di contraffazione\"}]},{\"@type\":\"WebSite\",\"@id\":\"https:\/\/welaikaadv.site\/avviso\/#website\",\"url\":\"https:\/\/welaikaadv.site\/avviso\/\",\"name\":\"Staging Avviso Pubblico\",\"description\":\"\",\"publisher\":{\"@id\":\"https:\/\/welaikaadv.site\/avviso\/#organization\"},\"potentialAction\":[{\"@type\":\"SearchAction\",\"target\":{\"@type\":\"EntryPoint\",\"urlTemplate\":\"https:\/\/welaikaadv.site\/avviso\/?s={search_term_string}\"},\"query-input\":{\"@type\":\"PropertyValueSpecification\",\"valueRequired\":true,\"valueName\":\"search_term_string\"}}],\"inLanguage\":\"it-IT\"},{\"@type\":\"Organization\",\"@id\":\"https:\/\/welaikaadv.site\/avviso\/#organization\",\"name\":\"Staging Avviso Pubblico\",\"url\":\"https:\/\/welaikaadv.site\/avviso\/\",\"logo\":{\"@type\":\"ImageObject\",\"inLanguage\":\"it-IT\",\"@id\":\"https:\/\/welaikaadv.site\/avviso\/#\/schema\/logo\/image\/\",\"url\":\"https:\/\/welaikaadv.site\/avviso\/wp-content\/uploads\/2024\/08\/logoAPsito-400.png\",\"contentUrl\":\"https:\/\/welaikaadv.site\/avviso\/wp-content\/uploads\/2024\/08\/logoAPsito-400.png\",\"width\":400,\"height\":97,\"caption\":\"Staging Avviso Pubblico\"},\"image\":{\"@id\":\"https:\/\/welaikaadv.site\/avviso\/#\/schema\/logo\/image\/\"}}]}<\/script>\n<!-- \/ Yoast SEO plugin. -->","yoast_head_json":{"title":"Relazione 2016 DNA: i reati di contraffazione - Staging Avviso Pubblico","robots":{"index":"noindex","follow":"follow","max-snippet":"max-snippet:-1","max-image-preview":"max-image-preview:large","max-video-preview":"max-video-preview:-1"},"og_locale":"it_IT","og_type":"article","og_title":"Relazione 2016 DNA: i reati di contraffazione - Staging Avviso Pubblico","og_description":"Premessa. La Direzione Nazionale Antimafia e Antiterrorismo ha presentato a giugno 2017 la Relazione annuale sulle attivit\u00e0 svolte dal Procuratore nazionale e dalla Direzione nazionale&nbsp;[&hellip;]Leggi tutto Relazione 2016 DNA: i reati di contraffazione &rarr;","og_url":"https:\/\/welaikaadv.site\/avviso\/home\/cosa-facciamo\/informare\/documenti-tematici\/mafie\/relazione-2016-dna-i-reati-di-contraffazione\/","og_site_name":"Staging Avviso Pubblico","twitter_card":"summary_large_image","twitter_misc":{"Tempo di lettura stimato":"4 minuti"},"schema":{"@context":"https:\/\/schema.org","@graph":[{"@type":"WebPage","@id":"https:\/\/welaikaadv.site\/avviso\/home\/cosa-facciamo\/informare\/documenti-tematici\/mafie\/relazione-2016-dna-i-reati-di-contraffazione\/","url":"https:\/\/welaikaadv.site\/avviso\/home\/cosa-facciamo\/informare\/documenti-tematici\/mafie\/relazione-2016-dna-i-reati-di-contraffazione\/","name":"Relazione 2016 DNA: i reati di contraffazione - Staging Avviso Pubblico","isPartOf":{"@id":"https:\/\/welaikaadv.site\/avviso\/#website"},"datePublished":"2017-07-11T06:28:25+00:00","breadcrumb":{"@id":"https:\/\/welaikaadv.site\/avviso\/home\/cosa-facciamo\/informare\/documenti-tematici\/mafie\/relazione-2016-dna-i-reati-di-contraffazione\/#breadcrumb"},"inLanguage":"it-IT","potentialAction":[{"@type":"ReadAction","target":["https:\/\/welaikaadv.site\/avviso\/home\/cosa-facciamo\/informare\/documenti-tematici\/mafie\/relazione-2016-dna-i-reati-di-contraffazione\/"]}]},{"@type":"BreadcrumbList","@id":"https:\/\/welaikaadv.site\/avviso\/home\/cosa-facciamo\/informare\/documenti-tematici\/mafie\/relazione-2016-dna-i-reati-di-contraffazione\/#breadcrumb","itemListElement":[{"@type":"ListItem","position":1,"name":"Home","item":"https:\/\/welaikaadv.site\/avviso\/"},{"@type":"ListItem","position":2,"name":"Relazione 2016 DNA: i reati di contraffazione"}]},{"@type":"WebSite","@id":"https:\/\/welaikaadv.site\/avviso\/#website","url":"https:\/\/welaikaadv.site\/avviso\/","name":"Staging Avviso Pubblico","description":"","publisher":{"@id":"https:\/\/welaikaadv.site\/avviso\/#organization"},"potentialAction":[{"@type":"SearchAction","target":{"@type":"EntryPoint","urlTemplate":"https:\/\/welaikaadv.site\/avviso\/?s={search_term_string}"},"query-input":{"@type":"PropertyValueSpecification","valueRequired":true,"valueName":"search_term_string"}}],"inLanguage":"it-IT"},{"@type":"Organization","@id":"https:\/\/welaikaadv.site\/avviso\/#organization","name":"Staging Avviso Pubblico","url":"https:\/\/welaikaadv.site\/avviso\/","logo":{"@type":"ImageObject","inLanguage":"it-IT","@id":"https:\/\/welaikaadv.site\/avviso\/#\/schema\/logo\/image\/","url":"https:\/\/welaikaadv.site\/avviso\/wp-content\/uploads\/2024\/08\/logoAPsito-400.png","contentUrl":"https:\/\/welaikaadv.site\/avviso\/wp-content\/uploads\/2024\/08\/logoAPsito-400.png","width":400,"height":97,"caption":"Staging Avviso Pubblico"},"image":{"@id":"https:\/\/welaikaadv.site\/avviso\/#\/schema\/logo\/image\/"}}]}},"_links":{"self":[{"href":"https:\/\/welaikaadv.site\/avviso\/wp-json\/wp\/v2\/pages\/6920","targetHints":{"allow":["GET"]}}],"collection":[{"href":"https:\/\/welaikaadv.site\/avviso\/wp-json\/wp\/v2\/pages"}],"about":[{"href":"https:\/\/welaikaadv.site\/avviso\/wp-json\/wp\/v2\/types\/page"}],"author":[{"embeddable":true,"href":"https:\/\/welaikaadv.site\/avviso\/wp-json\/wp\/v2\/users\/1"}],"replies":[{"embeddable":true,"href":"https:\/\/welaikaadv.site\/avviso\/wp-json\/wp\/v2\/comments?post=6920"}],"version-history":[{"count":0,"href":"https:\/\/welaikaadv.site\/avviso\/wp-json\/wp\/v2\/pages\/6920\/revisions"}],"up":[{"embeddable":true,"href":"https:\/\/welaikaadv.site\/avviso\/wp-json\/wp\/v2\/pages\/207"}],"wp:attachment":[{"href":"https:\/\/welaikaadv.site\/avviso\/wp-json\/wp\/v2\/media?parent=6920"}],"curies":[{"name":"wp","href":"https:\/\/api.w.org\/{rel}","templated":true}]}}