{"id":6924,"date":"2017-07-11T08:49:06","date_gmt":"2017-07-11T06:49:06","guid":{"rendered":"http:\/\/www.avvisopubblico.it\/osservatorio\/?page_id=6924"},"modified":"2017-07-11T08:49:06","modified_gmt":"2017-07-11T06:49:06","slug":"relazione-2016-dna-i-reati-ambientali","status":"publish","type":"page","link":"https:\/\/welaikaadv.site\/avviso\/home\/cosa-facciamo\/informare\/documenti-tematici\/mafie\/relazione-2016-dna-i-reati-ambientali\/","title":{"rendered":"Relazione 2016 DNA: i reati ambientali"},"content":{"rendered":"<p><strong>Premessa<\/strong>. La Direzione Nazionale Antimafia e Antiterrorismo ha presentato a giugno 2017 la <a href=\"https:\/\/welaikaadv.site\/avviso\/wp-content\/uploads\/2017\/06\/RELAZIONE-DNA-1.7.2015-30.6.2016.pdf\"><strong>Relazione annuale<\/strong><\/a> sulle attivit\u00e0 svolte dal Procuratore nazionale e dalla Direzione nazionale antimafia e antiterrorismo nonch\u00e9 sulle dinamiche e strategie della criminalit\u00e0 organizzata di tipo mafioso nel periodo luglio 2015 \u2013 giugno 2016. Di seguito viene sintetizzato il capitolo dedicato all\u2019azione della criminalit\u00e0 in campo ambientale.<\/p>\n<p><strong>La convergenza di interessi.<\/strong> Le linee di tendenza della criminalit\u00e0 ambientale in tema di traffico di rifiuti, evidenziate nelle precedenti Relazioni, vengono confermate nell\u2019edizione 2017 sulla base delle pi\u00f9 recenti inchieste giudiziarie, che hanno investito anche gruppi imprenditoriali di rilevantissima dimensione, interessati a smaltire in modo illegale rifiuti pericolosi al fine di risparmiare sui costi di smaltimento; trovando complicit\u00e0 in importanti aziende operanti nel riciclaggio dei rifiuti, in grado di \u201coccultare\u201d le attivit\u00e0 illecite nell\u2019ambito dell\u2019attivit\u00e0 ordinaria legale.<\/p>\n<p><strong>La nuova criminalit\u00e0 ambientale<\/strong>. Tale criminalit\u00e0 viene definita in grado di vestire \u201ci panni di quella stessa legalit\u00e0 cui arreca pregiudizio\u201d e \u201cautoreferenziale\u201d, grazie alla capacit\u00e0 di rendersi autosufficiente dalle organizzazioni mafiose (che sono troppo \u201csotto i riflettori\u201d), con l\u2019eccezione della necessit\u00e0 di utilizzare il loro apporto per \u201cfacilitare\u201d i rapporti con i pubblici poteri attraverso l\u2019uso della corruzione al fine di aggirare e vanificare i controlli pubblici su autorizzazioni e smaltimento.<\/p>\n<p>Se negli anni Ottanta e Novanta, quelli del boom degli interessi mafiosi nel settore rifiuti, chi operava illegalmente doveva necessariamente rivolgersi alle associazioni mafiose, in particolar modo alla Camorra, per disporre di luoghi ove smaltire illegalmente, oggi tali aziende, di grosse dimensioni, sono in condizione \u201cdi disporre di discariche legali ove operare illegalmente, avendo nel frattempo utilizzato gli strumenti offerti dai circuiti finanziari per fare fronte, acquisendo la disponibilit\u00e0 di tutto ci\u00f2 che occorre, ad ogni esigenza connessa alla gestione del ciclo predetto\u201d.<\/p>\n<p>Tale criminalit\u00e0 opera seguendo la regola non scritta \u201cil rifiuto meno lo tocchi e pi\u00f9 guadagni\u201d. Vale a dire che il margine di guadagno sar\u00e0 maggiore se il trattamento del rifiuto \u2013 ovvero i costi di smaltimento \u2013 sar\u00e0 minimo. \u201cIl sistema della gestione dei rifiuti in campo nazionale si \u00e8 sempre basato e continua a basarsi sulla commistione di attivit\u00e0 legali ed illegali. Che si sono integrate ad un punto tale da determinarsi una vera e propria crisi di funzionalit\u00e0 del sistema stesso ogni qualvolta un qualunque amministratore della cosa pubblica intende riportare l\u2019intera gestione stessa sotto l\u2019egida della legalit\u00e0\u201d: l\u2019\u201dinceppamento\u201d delle procedure viene cos\u00ec utilizzato per tornare (o tentare di tornare9, al \u201cvecchio\u201d sistema.<\/p>\n<p><strong>Il coordinamento delle indagini<\/strong>. Il trend dei reati in materia ambientale \u00e8 purtroppo in continua espansione, come evidenziato dai dati sui procedimenti in corso, con un aumento significativo delle iscrizioni di reati al Nord, in connessione con la riduzione del tradizionale trasferimento dei rifiuti verso le regioni meridionali. La Relazione sottolinea l\u2019estrema importanza di garantire la massima uniformit\u00e0 ed il coordinamento delle inchieste giudiziarie sui reati ambientali con riferimento anche alle nuove fattispecie introdotte dalla legge sugli ecoreati, pena la perdita di efficacia dell\u2019azione repressiva: interpretazioni differenziate della normativa vigente non possono che facilitare l\u2019azione di imprenditori scorretti, ad esempio per individuare il territorio dove poter svolgere con minori rischi l\u2019attivit\u00e0 di smaltimento illecito dei rifiuti.<\/p>\n<p>&nbsp;<\/p>\n<p><em>(a\u00a0cura di <a href=\"mailto:claudio.forleo@avvisopubblico.it\"><strong>Claudio Forleo<\/strong><\/a>, giornalista)<\/em><\/p>\n","protected":false},"excerpt":{"rendered":"<p>Premessa. La Direzione Nazionale Antimafia e Antiterrorismo ha presentato a giugno 2017 la Relazione annuale sulle attivit\u00e0 svolte dal Procuratore nazionale e dalla Direzione nazionale&nbsp;<span class=\"hellipsis\">[&hellip;]<\/span><a class=\"more-link\" href=\"https:\/\/welaikaadv.site\/avviso\/home\/cosa-facciamo\/informare\/documenti-tematici\/mafie\/relazione-2016-dna-i-reati-ambientali\/\">Leggi tutto <span class=\"screen-reader-text\">Relazione 2016 DNA: i reati ambientali<\/span> <span class=\"meta-nav\" aria-hidden=\"true\">&rarr;<\/span><\/a><\/p>\n","protected":false},"author":1,"featured_media":0,"parent":207,"menu_order":0,"comment_status":"closed","ping_status":"closed","template":"","meta":{"_acf_changed":false,"_exactmetrics_skip_tracking":false,"_exactmetrics_sitenote_active":false,"_exactmetrics_sitenote_note":"","_exactmetrics_sitenote_category":0,"wp_social_preview_title":"","wp_social_preview_description":"","wp_social_preview_image":0,"footnotes":""},"class_list":["post-6924","page","type-page","status-publish","hentry"],"acf":[],"yoast_head":"<!-- This site is optimized with the Yoast SEO plugin v27.2 - https:\/\/yoast.com\/product\/yoast-seo-wordpress\/ -->\n<title>Relazione 2016 DNA: i reati ambientali - Staging Avviso Pubblico<\/title>\n<meta name=\"robots\" content=\"noindex, follow, max-snippet:-1, max-image-preview:large, max-video-preview:-1\" \/>\n<meta property=\"og:locale\" content=\"it_IT\" \/>\n<meta property=\"og:type\" content=\"article\" \/>\n<meta property=\"og:title\" content=\"Relazione 2016 DNA: i reati ambientali - Staging Avviso Pubblico\" \/>\n<meta property=\"og:description\" content=\"Premessa. La Direzione Nazionale Antimafia e Antiterrorismo ha presentato a giugno 2017 la Relazione annuale sulle attivit\u00e0 svolte dal Procuratore nazionale e dalla Direzione nazionale&nbsp;[&hellip;]Leggi tutto Relazione 2016 DNA: i reati ambientali &rarr;\" \/>\n<meta property=\"og:url\" content=\"https:\/\/welaikaadv.site\/avviso\/home\/cosa-facciamo\/informare\/documenti-tematici\/mafie\/relazione-2016-dna-i-reati-ambientali\/\" \/>\n<meta property=\"og:site_name\" content=\"Staging Avviso Pubblico\" \/>\n<meta name=\"twitter:card\" content=\"summary_large_image\" \/>\n<meta name=\"twitter:label1\" content=\"Tempo di lettura stimato\" \/>\n\t<meta name=\"twitter:data1\" content=\"3 minuti\" \/>\n<script type=\"application\/ld+json\" class=\"yoast-schema-graph\">{\"@context\":\"https:\/\/schema.org\",\"@graph\":[{\"@type\":\"WebPage\",\"@id\":\"https:\/\/welaikaadv.site\/avviso\/home\/cosa-facciamo\/informare\/documenti-tematici\/mafie\/relazione-2016-dna-i-reati-ambientali\/\",\"url\":\"https:\/\/welaikaadv.site\/avviso\/home\/cosa-facciamo\/informare\/documenti-tematici\/mafie\/relazione-2016-dna-i-reati-ambientali\/\",\"name\":\"Relazione 2016 DNA: i reati ambientali - Staging Avviso Pubblico\",\"isPartOf\":{\"@id\":\"https:\/\/welaikaadv.site\/avviso\/#website\"},\"datePublished\":\"2017-07-11T06:49:06+00:00\",\"breadcrumb\":{\"@id\":\"https:\/\/welaikaadv.site\/avviso\/home\/cosa-facciamo\/informare\/documenti-tematici\/mafie\/relazione-2016-dna-i-reati-ambientali\/#breadcrumb\"},\"inLanguage\":\"it-IT\",\"potentialAction\":[{\"@type\":\"ReadAction\",\"target\":[\"https:\/\/welaikaadv.site\/avviso\/home\/cosa-facciamo\/informare\/documenti-tematici\/mafie\/relazione-2016-dna-i-reati-ambientali\/\"]}]},{\"@type\":\"BreadcrumbList\",\"@id\":\"https:\/\/welaikaadv.site\/avviso\/home\/cosa-facciamo\/informare\/documenti-tematici\/mafie\/relazione-2016-dna-i-reati-ambientali\/#breadcrumb\",\"itemListElement\":[{\"@type\":\"ListItem\",\"position\":1,\"name\":\"Home\",\"item\":\"https:\/\/welaikaadv.site\/avviso\/\"},{\"@type\":\"ListItem\",\"position\":2,\"name\":\"Relazione 2016 DNA: i reati ambientali\"}]},{\"@type\":\"WebSite\",\"@id\":\"https:\/\/welaikaadv.site\/avviso\/#website\",\"url\":\"https:\/\/welaikaadv.site\/avviso\/\",\"name\":\"Staging Avviso Pubblico\",\"description\":\"\",\"publisher\":{\"@id\":\"https:\/\/welaikaadv.site\/avviso\/#organization\"},\"potentialAction\":[{\"@type\":\"SearchAction\",\"target\":{\"@type\":\"EntryPoint\",\"urlTemplate\":\"https:\/\/welaikaadv.site\/avviso\/?s={search_term_string}\"},\"query-input\":{\"@type\":\"PropertyValueSpecification\",\"valueRequired\":true,\"valueName\":\"search_term_string\"}}],\"inLanguage\":\"it-IT\"},{\"@type\":\"Organization\",\"@id\":\"https:\/\/welaikaadv.site\/avviso\/#organization\",\"name\":\"Staging Avviso Pubblico\",\"url\":\"https:\/\/welaikaadv.site\/avviso\/\",\"logo\":{\"@type\":\"ImageObject\",\"inLanguage\":\"it-IT\",\"@id\":\"https:\/\/welaikaadv.site\/avviso\/#\/schema\/logo\/image\/\",\"url\":\"https:\/\/welaikaadv.site\/avviso\/wp-content\/uploads\/2024\/08\/logoAPsito-400.png\",\"contentUrl\":\"https:\/\/welaikaadv.site\/avviso\/wp-content\/uploads\/2024\/08\/logoAPsito-400.png\",\"width\":400,\"height\":97,\"caption\":\"Staging Avviso Pubblico\"},\"image\":{\"@id\":\"https:\/\/welaikaadv.site\/avviso\/#\/schema\/logo\/image\/\"}}]}<\/script>\n<!-- \/ Yoast SEO plugin. -->","yoast_head_json":{"title":"Relazione 2016 DNA: i reati ambientali - Staging Avviso Pubblico","robots":{"index":"noindex","follow":"follow","max-snippet":"max-snippet:-1","max-image-preview":"max-image-preview:large","max-video-preview":"max-video-preview:-1"},"og_locale":"it_IT","og_type":"article","og_title":"Relazione 2016 DNA: i reati ambientali - Staging Avviso Pubblico","og_description":"Premessa. La Direzione Nazionale Antimafia e Antiterrorismo ha presentato a giugno 2017 la Relazione annuale sulle attivit\u00e0 svolte dal Procuratore nazionale e dalla Direzione nazionale&nbsp;[&hellip;]Leggi tutto Relazione 2016 DNA: i reati ambientali &rarr;","og_url":"https:\/\/welaikaadv.site\/avviso\/home\/cosa-facciamo\/informare\/documenti-tematici\/mafie\/relazione-2016-dna-i-reati-ambientali\/","og_site_name":"Staging Avviso Pubblico","twitter_card":"summary_large_image","twitter_misc":{"Tempo di lettura stimato":"3 minuti"},"schema":{"@context":"https:\/\/schema.org","@graph":[{"@type":"WebPage","@id":"https:\/\/welaikaadv.site\/avviso\/home\/cosa-facciamo\/informare\/documenti-tematici\/mafie\/relazione-2016-dna-i-reati-ambientali\/","url":"https:\/\/welaikaadv.site\/avviso\/home\/cosa-facciamo\/informare\/documenti-tematici\/mafie\/relazione-2016-dna-i-reati-ambientali\/","name":"Relazione 2016 DNA: i reati ambientali - Staging Avviso Pubblico","isPartOf":{"@id":"https:\/\/welaikaadv.site\/avviso\/#website"},"datePublished":"2017-07-11T06:49:06+00:00","breadcrumb":{"@id":"https:\/\/welaikaadv.site\/avviso\/home\/cosa-facciamo\/informare\/documenti-tematici\/mafie\/relazione-2016-dna-i-reati-ambientali\/#breadcrumb"},"inLanguage":"it-IT","potentialAction":[{"@type":"ReadAction","target":["https:\/\/welaikaadv.site\/avviso\/home\/cosa-facciamo\/informare\/documenti-tematici\/mafie\/relazione-2016-dna-i-reati-ambientali\/"]}]},{"@type":"BreadcrumbList","@id":"https:\/\/welaikaadv.site\/avviso\/home\/cosa-facciamo\/informare\/documenti-tematici\/mafie\/relazione-2016-dna-i-reati-ambientali\/#breadcrumb","itemListElement":[{"@type":"ListItem","position":1,"name":"Home","item":"https:\/\/welaikaadv.site\/avviso\/"},{"@type":"ListItem","position":2,"name":"Relazione 2016 DNA: i reati ambientali"}]},{"@type":"WebSite","@id":"https:\/\/welaikaadv.site\/avviso\/#website","url":"https:\/\/welaikaadv.site\/avviso\/","name":"Staging Avviso Pubblico","description":"","publisher":{"@id":"https:\/\/welaikaadv.site\/avviso\/#organization"},"potentialAction":[{"@type":"SearchAction","target":{"@type":"EntryPoint","urlTemplate":"https:\/\/welaikaadv.site\/avviso\/?s={search_term_string}"},"query-input":{"@type":"PropertyValueSpecification","valueRequired":true,"valueName":"search_term_string"}}],"inLanguage":"it-IT"},{"@type":"Organization","@id":"https:\/\/welaikaadv.site\/avviso\/#organization","name":"Staging Avviso Pubblico","url":"https:\/\/welaikaadv.site\/avviso\/","logo":{"@type":"ImageObject","inLanguage":"it-IT","@id":"https:\/\/welaikaadv.site\/avviso\/#\/schema\/logo\/image\/","url":"https:\/\/welaikaadv.site\/avviso\/wp-content\/uploads\/2024\/08\/logoAPsito-400.png","contentUrl":"https:\/\/welaikaadv.site\/avviso\/wp-content\/uploads\/2024\/08\/logoAPsito-400.png","width":400,"height":97,"caption":"Staging Avviso Pubblico"},"image":{"@id":"https:\/\/welaikaadv.site\/avviso\/#\/schema\/logo\/image\/"}}]}},"_links":{"self":[{"href":"https:\/\/welaikaadv.site\/avviso\/wp-json\/wp\/v2\/pages\/6924","targetHints":{"allow":["GET"]}}],"collection":[{"href":"https:\/\/welaikaadv.site\/avviso\/wp-json\/wp\/v2\/pages"}],"about":[{"href":"https:\/\/welaikaadv.site\/avviso\/wp-json\/wp\/v2\/types\/page"}],"author":[{"embeddable":true,"href":"https:\/\/welaikaadv.site\/avviso\/wp-json\/wp\/v2\/users\/1"}],"replies":[{"embeddable":true,"href":"https:\/\/welaikaadv.site\/avviso\/wp-json\/wp\/v2\/comments?post=6924"}],"version-history":[{"count":0,"href":"https:\/\/welaikaadv.site\/avviso\/wp-json\/wp\/v2\/pages\/6924\/revisions"}],"up":[{"embeddable":true,"href":"https:\/\/welaikaadv.site\/avviso\/wp-json\/wp\/v2\/pages\/207"}],"wp:attachment":[{"href":"https:\/\/welaikaadv.site\/avviso\/wp-json\/wp\/v2\/media?parent=6924"}],"curies":[{"name":"wp","href":"https:\/\/api.w.org\/{rel}","templated":true}]}}