{"id":6929,"date":"2017-07-11T16:49:51","date_gmt":"2017-07-11T14:49:51","guid":{"rendered":"http:\/\/www.avvisopubblico.it\/osservatorio\/?page_id=6929"},"modified":"2017-07-11T16:49:51","modified_gmt":"2017-07-11T14:49:51","slug":"relazione-dna-2016-il-narcotraffico","status":"publish","type":"page","link":"https:\/\/welaikaadv.site\/avviso\/home\/cosa-facciamo\/informare\/documenti-tematici\/mafie\/relazione-dna-2016-il-narcotraffico\/","title":{"rendered":"Relazione DNA 2016: il narcotraffico"},"content":{"rendered":"<p><strong>Premessa<\/strong>. La Direzione Nazionale Antimafia e Antiterrorismo ha diffuso la propria <a href=\"https:\/\/welaikaadv.site\/avviso\/wp-content\/uploads\/2017\/06\/RELAZIONE-DNA-1.7.2015-30.6.2016.pdf\"><strong>Relazione annuale<\/strong><\/a> sulle attivit\u00e0 svolte dal Procuratore nazionale e dalla Direzione nazionale antimafia e antiterrorismo nonch\u00e9 sulle dinamiche e strategie della criminalit\u00e0 organizzata di tipo mafioso nel periodo luglio 2015 \u2013 giugno 2016. Di seguito viene sintetizzato il capitolo dedicato al narcotraffico.<\/p>\n<p><strong>La leadership criminale<\/strong>. Il narcotraffico resta l\u2019attivit\u00e0 irrinunciabile di ogni organizzazione criminale che opera in Italia, per due motivi: gli utili &#8211; quasi il 90% del suo fatturato complessivo, dato che non ha eguali in nessun comparto economico &#8211; oltre a rappresentare il pi\u00f9 rilevante fra tutte le attivit\u00e0 gestite, sono in grado anche di finanziare nuove attivit\u00e0 lecite o illecite. Non \u00e8 un caso infatti che ad una leadership nel settore del traffico degli stupefacenti corrisponda una \u201cpi\u00f9 ampia e complessiva leadership criminale\u201d. \u00c8 stato cos\u00ec per la Cosa nostra degli anni Settanta e Ottanta, lo \u00e8 nelle ultime due decadi per la \u2018ndrangheta. I legami, solidissimi, con i cartelli colombiani (produttori) e messicani (esportatori) consente all\u2019organizzazione criminale calabrese di intessere nuove relazioni, anche con altre mafie straniere, oltre che garantire un gettito rilevantissimo di entrate.<\/p>\n<p><strong>Il mercato internazionale e italiano<\/strong>. Le stime dell\u2019UNODC (United Nations Office of Drugs and Crime) sono molto chiare in tal senso. A livello globale il giro d\u2019affari supera i 560 miliardi di euro. In Italia il mercato si aggira sui 30 miliardi di euro \u2013 il 2% del PIL nazionale. \u00c8 chiaro in che modo gestire tale mercato consenta una posizione di predominanza sulle altre organizzazioni criminali.<\/p>\n<p><strong>I consumatori: il 10% della popolazione europea<\/strong>. I consumatori secondo il World Drug Report del 2016 redatto da UNODC sono 247 milioni di persone in tutto il mondo, circa 40 milioni in pi\u00f9 rispetto a dieci anni fa.\u00a0 Il 3,3% della popolazione mondiale, un dato che sale al 5.2% se consideriamo la popolazione concretamente destinataria dell\u2019offerta di droga, ovvero quella compresa fra 15 ed il 64 anni di et\u00e0. Di quei 247 milioni, ben 32 sono cittadini dell\u2019Unione Europea \u2013 il 10% della popolazione fra il 15 ed i 64 anni di et\u00e0. Percentuale doppia che nel resto del mondo. In Europa si assiste ad un sostanzioso aumento del consumo di cannabis e cocaina e ad un vero e proprio picco in quello dell\u2019ecstasy, rimanendo stabili gli altri consumi di droghe.<\/p>\n<p><strong>I sequestri in Italia<\/strong>. Nel periodo di riferimento della Relazione, la DNA specifica che sono stati sequestrati 612 chilogrammi di eroina, 4388 chili di cocaina (su un totale di 60.000 in Europa), 71.431 chili di cannabis (hashish, marijuana e piante), 21.499 dosi di amfetaminici e 13 chili di LSD. Rispetto ai dati dell\u2019anno passato, calano i sequestri di eroina, aumentano sensibilmente quelli di cocaina e cannabis e si registra un\u2019impennata tra le droghe sintetiche. Dati in linea con i consumi censiti.<\/p>\n<p><strong>Correlazione tra diffusione della corruzione e rilevanza del narcotraffico<\/strong>. Sempre l\u2019UNODC ritiene provata una relazione diretta tra la rilevanza assunta in un Paese dal narcotraffico e la diffusione della corruzione. \u201cEsiste un rapporto diretto fra il rafforzamento delle grandi organizzazioni criminali che trafficano in stupefacenti e la penetrazione di queste nella politica e nella amministrazione pubblica, sia locale che nazionale \u2013 scrive la DNA &#8211; Sul punto, viene proprio fatto l\u2019esempio della situazione italiana in cui, si evidenzia, che le grandi organizzazioni mafiose (Cosa Nostra, \u2018Ndrangheta, Camorra, Mafie pugliesi= mantengono intatte la loro capacit\u00e0 di condizionamento \u201calto\u201d e \u201cbasso\u201d delle istituzioni pubbliche, proprio in quanto dispongono di risorse rilevanti provenienti dal traffico di stupefacenti\u201d.<\/p>\n<p><strong>Il danno all\u2019economia reale<\/strong>. Il danno che il traffico degli stupefacenti comporta nell\u2019economia reale \u00e8 enorme. Essendo un comparto ad utilit\u00e0 altissima, come si diceva prima il 90% del fatturato, si ritiene che un 10% di questo venga nuovamente investito nel narcotraffico, mentre il restante \u00e8 immesso nell\u2019economia reale, attraverso reimpiego degli utili illeciti e riciclaggio. Se tale liquidit\u00e0 viene immessa in aziende mafiose o vicine ad esse, si sviluppa una concorrenza sleale nei confronti di chi deve reperire risorse dai normali canali finanziari.<\/p>\n<p><strong>Un patrimonio di 400 miliardi di euro accumulati in 20 anni<\/strong>. \u201cSul piano nazionale \u2013 scrive la DNA &#8211; considerando il suddetto fatturato di circa 30 miliardi di euro annui, detratti progressivamente, un 10% di costi, un 10% di investimenti in altre attivit\u00e0 criminali e un 10% dovuto all\u2019attivit\u00e0 repressiva dello Stato, le nostre organizzazioni narcotrafficanti reinvestono circa 20 miliardi di euro in attivit\u00e0 finanziarie ed economiche diverse dal loro specifico settore. Possiamo quindi calcolare che negli ultimi 20 anni, la filiera dei narcotrafficanti attraverso attivit\u00e0 di riciclaggio, ha consolidato un patrimonio, oramai \u201cripulito\u201d, del valore complessivo di circa 400 miliardi di euro\u201d.<\/p>\n<p><strong>Democrazia criminale: il monito della DNA.<\/strong>\u00a0 Il danno causato dal narcotraffico \u00e8 a 360 gradi: sanitario, sociale, economico e politico. \u201cRimanendo invariato l\u2019attuale trend ci porter\u00e0 a mercati nei quali, progressivamente, i beni ed i servizi che acquisteremo ed il lavoro che avremo, ci saranno, in larga parte, forniti dalla emanazione di associazioni criminali. Dunque, il rischio \u00e8 che la nostra democrazia liberale si trasformi in democrazia criminale, nella quale, le persone oneste che vogliono mettersi sul mercato ed iniziare una qualsiasi attivit\u00e0 economica parteciperanno ad una gara truccata. Nella quale molti dei concorrenti potranno lavorare in perdita, disponendo di liquidit\u00e0 gratuita e quasi illimitata\u201d.<\/p>\n<p>&nbsp;<\/p>\n<p><em>(a\u00a0cura di <a href=\"mailto:claudio.forleo@avvisopubblico.it\"><strong>Claudio Forleo<\/strong><\/a>, giornalista)<\/em><\/p>\n<p>&nbsp;<\/p>\n","protected":false},"excerpt":{"rendered":"<p>Premessa. La Direzione Nazionale Antimafia e Antiterrorismo ha diffuso la propria Relazione annuale sulle attivit\u00e0 svolte dal Procuratore nazionale e dalla Direzione nazionale antimafia e&nbsp;<span class=\"hellipsis\">[&hellip;]<\/span><a class=\"more-link\" href=\"https:\/\/welaikaadv.site\/avviso\/home\/cosa-facciamo\/informare\/documenti-tematici\/mafie\/relazione-dna-2016-il-narcotraffico\/\">Leggi tutto <span class=\"screen-reader-text\">Relazione DNA 2016: il narcotraffico<\/span> <span class=\"meta-nav\" aria-hidden=\"true\">&rarr;<\/span><\/a><\/p>\n","protected":false},"author":1,"featured_media":0,"parent":207,"menu_order":0,"comment_status":"closed","ping_status":"closed","template":"","meta":{"_acf_changed":false,"_exactmetrics_skip_tracking":false,"_exactmetrics_sitenote_active":false,"_exactmetrics_sitenote_note":"","_exactmetrics_sitenote_category":0,"wp_social_preview_title":"","wp_social_preview_description":"","wp_social_preview_image":0,"footnotes":""},"class_list":["post-6929","page","type-page","status-publish","hentry"],"acf":[],"yoast_head":"<!-- This site is optimized with the Yoast SEO plugin v27.2 - https:\/\/yoast.com\/product\/yoast-seo-wordpress\/ -->\n<title>Relazione DNA 2016: il narcotraffico - Staging Avviso Pubblico<\/title>\n<meta name=\"robots\" content=\"noindex, follow, max-snippet:-1, max-image-preview:large, max-video-preview:-1\" \/>\n<meta property=\"og:locale\" content=\"it_IT\" \/>\n<meta property=\"og:type\" content=\"article\" \/>\n<meta property=\"og:title\" content=\"Relazione DNA 2016: il narcotraffico - Staging Avviso Pubblico\" \/>\n<meta property=\"og:description\" content=\"Premessa. La Direzione Nazionale Antimafia e Antiterrorismo ha diffuso la propria Relazione annuale sulle attivit\u00e0 svolte dal Procuratore nazionale e dalla Direzione nazionale antimafia e&nbsp;[&hellip;]Leggi tutto Relazione DNA 2016: il narcotraffico &rarr;\" \/>\n<meta property=\"og:url\" content=\"https:\/\/welaikaadv.site\/avviso\/home\/cosa-facciamo\/informare\/documenti-tematici\/mafie\/relazione-dna-2016-il-narcotraffico\/\" \/>\n<meta property=\"og:site_name\" content=\"Staging Avviso Pubblico\" \/>\n<meta name=\"twitter:card\" content=\"summary_large_image\" \/>\n<meta name=\"twitter:label1\" content=\"Tempo di lettura stimato\" \/>\n\t<meta name=\"twitter:data1\" content=\"4 minuti\" \/>\n<script type=\"application\/ld+json\" class=\"yoast-schema-graph\">{\"@context\":\"https:\/\/schema.org\",\"@graph\":[{\"@type\":\"WebPage\",\"@id\":\"https:\/\/welaikaadv.site\/avviso\/home\/cosa-facciamo\/informare\/documenti-tematici\/mafie\/relazione-dna-2016-il-narcotraffico\/\",\"url\":\"https:\/\/welaikaadv.site\/avviso\/home\/cosa-facciamo\/informare\/documenti-tematici\/mafie\/relazione-dna-2016-il-narcotraffico\/\",\"name\":\"Relazione DNA 2016: il narcotraffico - Staging Avviso Pubblico\",\"isPartOf\":{\"@id\":\"https:\/\/welaikaadv.site\/avviso\/#website\"},\"datePublished\":\"2017-07-11T14:49:51+00:00\",\"breadcrumb\":{\"@id\":\"https:\/\/welaikaadv.site\/avviso\/home\/cosa-facciamo\/informare\/documenti-tematici\/mafie\/relazione-dna-2016-il-narcotraffico\/#breadcrumb\"},\"inLanguage\":\"it-IT\",\"potentialAction\":[{\"@type\":\"ReadAction\",\"target\":[\"https:\/\/welaikaadv.site\/avviso\/home\/cosa-facciamo\/informare\/documenti-tematici\/mafie\/relazione-dna-2016-il-narcotraffico\/\"]}]},{\"@type\":\"BreadcrumbList\",\"@id\":\"https:\/\/welaikaadv.site\/avviso\/home\/cosa-facciamo\/informare\/documenti-tematici\/mafie\/relazione-dna-2016-il-narcotraffico\/#breadcrumb\",\"itemListElement\":[{\"@type\":\"ListItem\",\"position\":1,\"name\":\"Home\",\"item\":\"https:\/\/welaikaadv.site\/avviso\/\"},{\"@type\":\"ListItem\",\"position\":2,\"name\":\"Relazione DNA 2016: il narcotraffico\"}]},{\"@type\":\"WebSite\",\"@id\":\"https:\/\/welaikaadv.site\/avviso\/#website\",\"url\":\"https:\/\/welaikaadv.site\/avviso\/\",\"name\":\"Staging Avviso Pubblico\",\"description\":\"\",\"publisher\":{\"@id\":\"https:\/\/welaikaadv.site\/avviso\/#organization\"},\"potentialAction\":[{\"@type\":\"SearchAction\",\"target\":{\"@type\":\"EntryPoint\",\"urlTemplate\":\"https:\/\/welaikaadv.site\/avviso\/?s={search_term_string}\"},\"query-input\":{\"@type\":\"PropertyValueSpecification\",\"valueRequired\":true,\"valueName\":\"search_term_string\"}}],\"inLanguage\":\"it-IT\"},{\"@type\":\"Organization\",\"@id\":\"https:\/\/welaikaadv.site\/avviso\/#organization\",\"name\":\"Staging Avviso Pubblico\",\"url\":\"https:\/\/welaikaadv.site\/avviso\/\",\"logo\":{\"@type\":\"ImageObject\",\"inLanguage\":\"it-IT\",\"@id\":\"https:\/\/welaikaadv.site\/avviso\/#\/schema\/logo\/image\/\",\"url\":\"https:\/\/welaikaadv.site\/avviso\/wp-content\/uploads\/2024\/08\/logoAPsito-400.png\",\"contentUrl\":\"https:\/\/welaikaadv.site\/avviso\/wp-content\/uploads\/2024\/08\/logoAPsito-400.png\",\"width\":400,\"height\":97,\"caption\":\"Staging Avviso Pubblico\"},\"image\":{\"@id\":\"https:\/\/welaikaadv.site\/avviso\/#\/schema\/logo\/image\/\"}}]}<\/script>\n<!-- \/ Yoast SEO plugin. -->","yoast_head_json":{"title":"Relazione DNA 2016: il narcotraffico - Staging Avviso Pubblico","robots":{"index":"noindex","follow":"follow","max-snippet":"max-snippet:-1","max-image-preview":"max-image-preview:large","max-video-preview":"max-video-preview:-1"},"og_locale":"it_IT","og_type":"article","og_title":"Relazione DNA 2016: il narcotraffico - Staging Avviso Pubblico","og_description":"Premessa. La Direzione Nazionale Antimafia e Antiterrorismo ha diffuso la propria Relazione annuale sulle attivit\u00e0 svolte dal Procuratore nazionale e dalla Direzione nazionale antimafia e&nbsp;[&hellip;]Leggi tutto Relazione DNA 2016: il narcotraffico &rarr;","og_url":"https:\/\/welaikaadv.site\/avviso\/home\/cosa-facciamo\/informare\/documenti-tematici\/mafie\/relazione-dna-2016-il-narcotraffico\/","og_site_name":"Staging Avviso Pubblico","twitter_card":"summary_large_image","twitter_misc":{"Tempo di lettura stimato":"4 minuti"},"schema":{"@context":"https:\/\/schema.org","@graph":[{"@type":"WebPage","@id":"https:\/\/welaikaadv.site\/avviso\/home\/cosa-facciamo\/informare\/documenti-tematici\/mafie\/relazione-dna-2016-il-narcotraffico\/","url":"https:\/\/welaikaadv.site\/avviso\/home\/cosa-facciamo\/informare\/documenti-tematici\/mafie\/relazione-dna-2016-il-narcotraffico\/","name":"Relazione DNA 2016: il narcotraffico - Staging Avviso Pubblico","isPartOf":{"@id":"https:\/\/welaikaadv.site\/avviso\/#website"},"datePublished":"2017-07-11T14:49:51+00:00","breadcrumb":{"@id":"https:\/\/welaikaadv.site\/avviso\/home\/cosa-facciamo\/informare\/documenti-tematici\/mafie\/relazione-dna-2016-il-narcotraffico\/#breadcrumb"},"inLanguage":"it-IT","potentialAction":[{"@type":"ReadAction","target":["https:\/\/welaikaadv.site\/avviso\/home\/cosa-facciamo\/informare\/documenti-tematici\/mafie\/relazione-dna-2016-il-narcotraffico\/"]}]},{"@type":"BreadcrumbList","@id":"https:\/\/welaikaadv.site\/avviso\/home\/cosa-facciamo\/informare\/documenti-tematici\/mafie\/relazione-dna-2016-il-narcotraffico\/#breadcrumb","itemListElement":[{"@type":"ListItem","position":1,"name":"Home","item":"https:\/\/welaikaadv.site\/avviso\/"},{"@type":"ListItem","position":2,"name":"Relazione DNA 2016: il narcotraffico"}]},{"@type":"WebSite","@id":"https:\/\/welaikaadv.site\/avviso\/#website","url":"https:\/\/welaikaadv.site\/avviso\/","name":"Staging Avviso Pubblico","description":"","publisher":{"@id":"https:\/\/welaikaadv.site\/avviso\/#organization"},"potentialAction":[{"@type":"SearchAction","target":{"@type":"EntryPoint","urlTemplate":"https:\/\/welaikaadv.site\/avviso\/?s={search_term_string}"},"query-input":{"@type":"PropertyValueSpecification","valueRequired":true,"valueName":"search_term_string"}}],"inLanguage":"it-IT"},{"@type":"Organization","@id":"https:\/\/welaikaadv.site\/avviso\/#organization","name":"Staging Avviso Pubblico","url":"https:\/\/welaikaadv.site\/avviso\/","logo":{"@type":"ImageObject","inLanguage":"it-IT","@id":"https:\/\/welaikaadv.site\/avviso\/#\/schema\/logo\/image\/","url":"https:\/\/welaikaadv.site\/avviso\/wp-content\/uploads\/2024\/08\/logoAPsito-400.png","contentUrl":"https:\/\/welaikaadv.site\/avviso\/wp-content\/uploads\/2024\/08\/logoAPsito-400.png","width":400,"height":97,"caption":"Staging Avviso Pubblico"},"image":{"@id":"https:\/\/welaikaadv.site\/avviso\/#\/schema\/logo\/image\/"}}]}},"_links":{"self":[{"href":"https:\/\/welaikaadv.site\/avviso\/wp-json\/wp\/v2\/pages\/6929","targetHints":{"allow":["GET"]}}],"collection":[{"href":"https:\/\/welaikaadv.site\/avviso\/wp-json\/wp\/v2\/pages"}],"about":[{"href":"https:\/\/welaikaadv.site\/avviso\/wp-json\/wp\/v2\/types\/page"}],"author":[{"embeddable":true,"href":"https:\/\/welaikaadv.site\/avviso\/wp-json\/wp\/v2\/users\/1"}],"replies":[{"embeddable":true,"href":"https:\/\/welaikaadv.site\/avviso\/wp-json\/wp\/v2\/comments?post=6929"}],"version-history":[{"count":0,"href":"https:\/\/welaikaadv.site\/avviso\/wp-json\/wp\/v2\/pages\/6929\/revisions"}],"up":[{"embeddable":true,"href":"https:\/\/welaikaadv.site\/avviso\/wp-json\/wp\/v2\/pages\/207"}],"wp:attachment":[{"href":"https:\/\/welaikaadv.site\/avviso\/wp-json\/wp\/v2\/media?parent=6929"}],"curies":[{"name":"wp","href":"https:\/\/api.w.org\/{rel}","templated":true}]}}