{"id":69493,"date":"2024-03-24T15:04:13","date_gmt":"2024-03-24T14:04:13","guid":{"rendered":"https:\/\/www.avvisopubblico.it\/home\/?page_id=69493"},"modified":"2024-03-24T15:04:13","modified_gmt":"2024-03-24T14:04:13","slug":"il-consiglio-di-stato-conferma-che-per-lesercizio-di-sale-giochi-non-opera-il-meccanismo-del-silenzio-assenso","status":"publish","type":"page","link":"https:\/\/welaikaadv.site\/avviso\/home\/cosa-facciamo\/informare\/documenti-tematici\/gioco-dazzardo\/il-consiglio-di-stato-conferma-che-per-lesercizio-di-sale-giochi-non-opera-il-meccanismo-del-silenzio-assenso\/","title":{"rendered":"Il Consiglio di Stato conferma che per l\u2019esercizio di sale giochi non opera il meccanismo del silenzio-assenso"},"content":{"rendered":"<p><strong>Premessa<\/strong>. Un operatore del gioco, che si \u00e8 visto rigettare l\u2019istanza di apertura di una sala VLT nel Comune di La Spezia per violazione del distanziometro rispetto a una scuola di formazione, ha dapprima presentato ricorso al TAR Liguria (che l\u2019ha respinto, con la sentenza <a href=\"https:\/\/welaikaadv.site\/avviso\/home\/cosa-facciamo\/informare\/documenti-tematici\/gioco-dazzardo\/il-tar-della-liguria-si-pronuncia-sul-distanziometro-nel-comune-di-la-spezia\/\">36\/2022<\/a>) e quindi appello al Consiglio di Stato che, confermando l\u2019esito del primo grado, si \u00e8 pronunciato con la sentenza <a href=\"https:\/\/welaikaadv.site\/avviso\/wp-content\/uploads\/_pda\/2024\/03\/26392024.pdf\">2639\/2024<\/a>, che qui si analizza. Al centro della vicenda giudiziaria, lo scambio di note tra la societ\u00e0 e il Comune rispetto alla eventuale presenza di luoghi sensibili, che aveva portato al rigetto dell\u2019istanza di apertura.<\/p>\n<p><strong>Il meccanismo del silenzio-assenso<\/strong>. Il Consiglio di Stato, confermando sul punto la sentenza di primo grado, afferma che per l\u2019esercizio delle sale giochi non opera il meccanismo del silenzio-assenso. Viene specificato, infatti, che l\u2019art. 2 del d.lgs. 25 novembre 2016, n. 222 (cd. \u201cSCIA-2\u201d), demanda alla tabella A allegata al decreto l\u2019individuazione del regime amministrativo (comunicazione, SCIA, silenzio assenso o autorizzazione espressa) da applicarsi alle attivit\u00e0 private oggetto di ricognizione.<\/p>\n<p>In particolare, spiegano i giudici, \u201cper alcune tipologie di attivit\u00e0 [si applica] il regime \u2018autorizzazione\/silenzio assenso\u2019 e per altre unicamente il regime \u2018autorizzazione\u2019: per queste ultime non opera, pertanto, il meccanismo del silenzio assenso, come per il caso dell\u2019esercizio delle sale giochi con apparecchi VLT, indicato al n. 84 della sezione I della tabella A, per il quale e\u0300 previsto soltanto il regime \u2018autorizzazione\u2019\u201d.<\/p>\n<p>Non rileva nemmeno, secondo il Collegio, l\u2019eventuale erronea indicazione del regime applicabile riportata sui moduli rilasciati dal Comune. Ci\u00f2, infatti, comunque non intacca il fatto che non sia possibile, nel caso di locali da destinare per la prima volta all\u2019attivit\u00e0 di sala giochi, la formazione di un titolo autorizzatorio per silentium o a mezzo Scia. Inoltre, aggiunge il CDS, la normativa di cui all\u2019art. 20 della l. 241\/90 non trova comunque applicazione per atti e procedimenti riguardanti le materie della salute e della pubblica sicurezza (materie che la licenza ex art. 86 del TULPS interseca entrambe).<\/p>\n<p>Conseguentemente, secondo i giudici, il TAR in primo grado ha fatto bene a rigettare l\u2019istanza di indennit\u00e0 o risarcitoria domandata dalla societ\u00e0, perch\u00e9 essa non poteva e non pu\u00f2 effettivamente invocare alcun incolpevole affidamento per aver omesso di acquisire la licenza del Comune prima di avviare la trasformazione o l\u2019adeguamento dei locali.<\/p>\n<p><strong>La scuola di formazione come luogo sensibile<\/strong>. Nessun dubbio, inoltre, per quel che concerne la qualificazione della scuola di formazione nel novero degli \u201caltri istituti frequentati principalmente da giovani\u201d, luoghi sensibili ai sensi dell\u2019art. 1, comma 2, della Legge regionale 17\/2012. Ci\u00f2 consente, dunque, al Consiglio di Stato di confermare la pronuncia di primo grado.<\/p>\n","protected":false},"excerpt":{"rendered":"<p>Premessa. Un operatore del gioco, che si \u00e8 visto rigettare l\u2019istanza di apertura di una sala VLT nel Comune di La Spezia per violazione del&nbsp;<span class=\"hellipsis\">[&hellip;]<\/span><a class=\"more-link\" href=\"https:\/\/welaikaadv.site\/avviso\/home\/cosa-facciamo\/informare\/documenti-tematici\/gioco-dazzardo\/il-consiglio-di-stato-conferma-che-per-lesercizio-di-sale-giochi-non-opera-il-meccanismo-del-silenzio-assenso\/\">Leggi tutto <span class=\"screen-reader-text\">Il Consiglio di Stato conferma che per l\u2019esercizio di sale giochi non opera il meccanismo del silenzio-assenso<\/span> <span class=\"meta-nav\" aria-hidden=\"true\">&rarr;<\/span><\/a><\/p>\n","protected":false},"author":1,"featured_media":0,"parent":202,"menu_order":160,"comment_status":"closed","ping_status":"closed","template":"","meta":{"_acf_changed":false,"_exactmetrics_skip_tracking":false,"_exactmetrics_sitenote_active":false,"_exactmetrics_sitenote_note":"","_exactmetrics_sitenote_category":0,"wp_social_preview_title":"","wp_social_preview_description":"","wp_social_preview_image":0,"footnotes":""},"class_list":["post-69493","page","type-page","status-publish","hentry"],"acf":[],"yoast_head":"<!-- This site is optimized with the Yoast SEO plugin v27.2 - https:\/\/yoast.com\/product\/yoast-seo-wordpress\/ -->\n<title>Il Consiglio di Stato conferma che per l\u2019esercizio di sale giochi non opera il meccanismo del silenzio-assenso - Staging Avviso Pubblico<\/title>\n<meta name=\"robots\" content=\"noindex, follow, max-snippet:-1, max-image-preview:large, max-video-preview:-1\" \/>\n<meta property=\"og:locale\" content=\"it_IT\" \/>\n<meta property=\"og:type\" content=\"article\" \/>\n<meta property=\"og:title\" content=\"Il Consiglio di Stato conferma che per l\u2019esercizio di sale giochi non opera il meccanismo del silenzio-assenso - Staging Avviso Pubblico\" \/>\n<meta property=\"og:description\" content=\"Premessa. Un operatore del gioco, che si \u00e8 visto rigettare l\u2019istanza di apertura di una sala VLT nel Comune di La Spezia per violazione del&nbsp;[&hellip;]Leggi tutto Il Consiglio di Stato conferma che per l\u2019esercizio di sale giochi non opera il meccanismo del silenzio-assenso &rarr;\" \/>\n<meta property=\"og:url\" content=\"https:\/\/welaikaadv.site\/avviso\/home\/cosa-facciamo\/informare\/documenti-tematici\/gioco-dazzardo\/il-consiglio-di-stato-conferma-che-per-lesercizio-di-sale-giochi-non-opera-il-meccanismo-del-silenzio-assenso\/\" \/>\n<meta property=\"og:site_name\" content=\"Staging Avviso Pubblico\" \/>\n<meta name=\"twitter:card\" content=\"summary_large_image\" \/>\n<meta name=\"twitter:label1\" content=\"Tempo di lettura stimato\" \/>\n\t<meta name=\"twitter:data1\" content=\"5 minuti\" \/>\n<script type=\"application\/ld+json\" class=\"yoast-schema-graph\">{\"@context\":\"https:\/\/schema.org\",\"@graph\":[{\"@type\":\"WebPage\",\"@id\":\"https:\/\/welaikaadv.site\/avviso\/home\/cosa-facciamo\/informare\/documenti-tematici\/gioco-dazzardo\/il-consiglio-di-stato-conferma-che-per-lesercizio-di-sale-giochi-non-opera-il-meccanismo-del-silenzio-assenso\/\",\"url\":\"https:\/\/welaikaadv.site\/avviso\/home\/cosa-facciamo\/informare\/documenti-tematici\/gioco-dazzardo\/il-consiglio-di-stato-conferma-che-per-lesercizio-di-sale-giochi-non-opera-il-meccanismo-del-silenzio-assenso\/\",\"name\":\"Il Consiglio di Stato conferma che per l\u2019esercizio di sale giochi non opera il meccanismo del silenzio-assenso - Staging Avviso Pubblico\",\"isPartOf\":{\"@id\":\"https:\/\/welaikaadv.site\/avviso\/#website\"},\"datePublished\":\"2024-03-24T14:04:13+00:00\",\"breadcrumb\":{\"@id\":\"https:\/\/welaikaadv.site\/avviso\/home\/cosa-facciamo\/informare\/documenti-tematici\/gioco-dazzardo\/il-consiglio-di-stato-conferma-che-per-lesercizio-di-sale-giochi-non-opera-il-meccanismo-del-silenzio-assenso\/#breadcrumb\"},\"inLanguage\":\"it-IT\",\"potentialAction\":[{\"@type\":\"ReadAction\",\"target\":[\"https:\/\/welaikaadv.site\/avviso\/home\/cosa-facciamo\/informare\/documenti-tematici\/gioco-dazzardo\/il-consiglio-di-stato-conferma-che-per-lesercizio-di-sale-giochi-non-opera-il-meccanismo-del-silenzio-assenso\/\"]}]},{\"@type\":\"BreadcrumbList\",\"@id\":\"https:\/\/welaikaadv.site\/avviso\/home\/cosa-facciamo\/informare\/documenti-tematici\/gioco-dazzardo\/il-consiglio-di-stato-conferma-che-per-lesercizio-di-sale-giochi-non-opera-il-meccanismo-del-silenzio-assenso\/#breadcrumb\",\"itemListElement\":[{\"@type\":\"ListItem\",\"position\":1,\"name\":\"Home\",\"item\":\"https:\/\/welaikaadv.site\/avviso\/\"},{\"@type\":\"ListItem\",\"position\":2,\"name\":\"Il Consiglio di Stato conferma che per l\u2019esercizio di sale giochi non opera il meccanismo del silenzio-assenso\"}]},{\"@type\":\"WebSite\",\"@id\":\"https:\/\/welaikaadv.site\/avviso\/#website\",\"url\":\"https:\/\/welaikaadv.site\/avviso\/\",\"name\":\"Staging Avviso Pubblico\",\"description\":\"\",\"publisher\":{\"@id\":\"https:\/\/welaikaadv.site\/avviso\/#organization\"},\"potentialAction\":[{\"@type\":\"SearchAction\",\"target\":{\"@type\":\"EntryPoint\",\"urlTemplate\":\"https:\/\/welaikaadv.site\/avviso\/?s={search_term_string}\"},\"query-input\":{\"@type\":\"PropertyValueSpecification\",\"valueRequired\":true,\"valueName\":\"search_term_string\"}}],\"inLanguage\":\"it-IT\"},{\"@type\":\"Organization\",\"@id\":\"https:\/\/welaikaadv.site\/avviso\/#organization\",\"name\":\"Staging Avviso Pubblico\",\"url\":\"https:\/\/welaikaadv.site\/avviso\/\",\"logo\":{\"@type\":\"ImageObject\",\"inLanguage\":\"it-IT\",\"@id\":\"https:\/\/welaikaadv.site\/avviso\/#\/schema\/logo\/image\/\",\"url\":\"https:\/\/welaikaadv.site\/avviso\/wp-content\/uploads\/2024\/08\/logoAPsito-400.png\",\"contentUrl\":\"https:\/\/welaikaadv.site\/avviso\/wp-content\/uploads\/2024\/08\/logoAPsito-400.png\",\"width\":400,\"height\":97,\"caption\":\"Staging Avviso Pubblico\"},\"image\":{\"@id\":\"https:\/\/welaikaadv.site\/avviso\/#\/schema\/logo\/image\/\"}}]}<\/script>\n<!-- \/ Yoast SEO plugin. -->","yoast_head_json":{"title":"Il Consiglio di Stato conferma che per l\u2019esercizio di sale giochi non opera il meccanismo del silenzio-assenso - Staging Avviso Pubblico","robots":{"index":"noindex","follow":"follow","max-snippet":"max-snippet:-1","max-image-preview":"max-image-preview:large","max-video-preview":"max-video-preview:-1"},"og_locale":"it_IT","og_type":"article","og_title":"Il Consiglio di Stato conferma che per l\u2019esercizio di sale giochi non opera il meccanismo del silenzio-assenso - Staging Avviso Pubblico","og_description":"Premessa. Un operatore del gioco, che si \u00e8 visto rigettare l\u2019istanza di apertura di una sala VLT nel Comune di La Spezia per violazione del&nbsp;[&hellip;]Leggi tutto Il Consiglio di Stato conferma che per l\u2019esercizio di sale giochi non opera il meccanismo del silenzio-assenso &rarr;","og_url":"https:\/\/welaikaadv.site\/avviso\/home\/cosa-facciamo\/informare\/documenti-tematici\/gioco-dazzardo\/il-consiglio-di-stato-conferma-che-per-lesercizio-di-sale-giochi-non-opera-il-meccanismo-del-silenzio-assenso\/","og_site_name":"Staging Avviso Pubblico","twitter_card":"summary_large_image","twitter_misc":{"Tempo di lettura stimato":"5 minuti"},"schema":{"@context":"https:\/\/schema.org","@graph":[{"@type":"WebPage","@id":"https:\/\/welaikaadv.site\/avviso\/home\/cosa-facciamo\/informare\/documenti-tematici\/gioco-dazzardo\/il-consiglio-di-stato-conferma-che-per-lesercizio-di-sale-giochi-non-opera-il-meccanismo-del-silenzio-assenso\/","url":"https:\/\/welaikaadv.site\/avviso\/home\/cosa-facciamo\/informare\/documenti-tematici\/gioco-dazzardo\/il-consiglio-di-stato-conferma-che-per-lesercizio-di-sale-giochi-non-opera-il-meccanismo-del-silenzio-assenso\/","name":"Il Consiglio di Stato conferma che per l\u2019esercizio di sale giochi non opera il meccanismo del silenzio-assenso - Staging Avviso Pubblico","isPartOf":{"@id":"https:\/\/welaikaadv.site\/avviso\/#website"},"datePublished":"2024-03-24T14:04:13+00:00","breadcrumb":{"@id":"https:\/\/welaikaadv.site\/avviso\/home\/cosa-facciamo\/informare\/documenti-tematici\/gioco-dazzardo\/il-consiglio-di-stato-conferma-che-per-lesercizio-di-sale-giochi-non-opera-il-meccanismo-del-silenzio-assenso\/#breadcrumb"},"inLanguage":"it-IT","potentialAction":[{"@type":"ReadAction","target":["https:\/\/welaikaadv.site\/avviso\/home\/cosa-facciamo\/informare\/documenti-tematici\/gioco-dazzardo\/il-consiglio-di-stato-conferma-che-per-lesercizio-di-sale-giochi-non-opera-il-meccanismo-del-silenzio-assenso\/"]}]},{"@type":"BreadcrumbList","@id":"https:\/\/welaikaadv.site\/avviso\/home\/cosa-facciamo\/informare\/documenti-tematici\/gioco-dazzardo\/il-consiglio-di-stato-conferma-che-per-lesercizio-di-sale-giochi-non-opera-il-meccanismo-del-silenzio-assenso\/#breadcrumb","itemListElement":[{"@type":"ListItem","position":1,"name":"Home","item":"https:\/\/welaikaadv.site\/avviso\/"},{"@type":"ListItem","position":2,"name":"Il Consiglio di Stato conferma che per l\u2019esercizio di sale giochi non opera il meccanismo del silenzio-assenso"}]},{"@type":"WebSite","@id":"https:\/\/welaikaadv.site\/avviso\/#website","url":"https:\/\/welaikaadv.site\/avviso\/","name":"Staging Avviso Pubblico","description":"","publisher":{"@id":"https:\/\/welaikaadv.site\/avviso\/#organization"},"potentialAction":[{"@type":"SearchAction","target":{"@type":"EntryPoint","urlTemplate":"https:\/\/welaikaadv.site\/avviso\/?s={search_term_string}"},"query-input":{"@type":"PropertyValueSpecification","valueRequired":true,"valueName":"search_term_string"}}],"inLanguage":"it-IT"},{"@type":"Organization","@id":"https:\/\/welaikaadv.site\/avviso\/#organization","name":"Staging Avviso Pubblico","url":"https:\/\/welaikaadv.site\/avviso\/","logo":{"@type":"ImageObject","inLanguage":"it-IT","@id":"https:\/\/welaikaadv.site\/avviso\/#\/schema\/logo\/image\/","url":"https:\/\/welaikaadv.site\/avviso\/wp-content\/uploads\/2024\/08\/logoAPsito-400.png","contentUrl":"https:\/\/welaikaadv.site\/avviso\/wp-content\/uploads\/2024\/08\/logoAPsito-400.png","width":400,"height":97,"caption":"Staging Avviso Pubblico"},"image":{"@id":"https:\/\/welaikaadv.site\/avviso\/#\/schema\/logo\/image\/"}}]}},"_links":{"self":[{"href":"https:\/\/welaikaadv.site\/avviso\/wp-json\/wp\/v2\/pages\/69493","targetHints":{"allow":["GET"]}}],"collection":[{"href":"https:\/\/welaikaadv.site\/avviso\/wp-json\/wp\/v2\/pages"}],"about":[{"href":"https:\/\/welaikaadv.site\/avviso\/wp-json\/wp\/v2\/types\/page"}],"author":[{"embeddable":true,"href":"https:\/\/welaikaadv.site\/avviso\/wp-json\/wp\/v2\/users\/1"}],"replies":[{"embeddable":true,"href":"https:\/\/welaikaadv.site\/avviso\/wp-json\/wp\/v2\/comments?post=69493"}],"version-history":[{"count":0,"href":"https:\/\/welaikaadv.site\/avviso\/wp-json\/wp\/v2\/pages\/69493\/revisions"}],"up":[{"embeddable":true,"href":"https:\/\/welaikaadv.site\/avviso\/wp-json\/wp\/v2\/pages\/202"}],"wp:attachment":[{"href":"https:\/\/welaikaadv.site\/avviso\/wp-json\/wp\/v2\/media?parent=69493"}],"curies":[{"name":"wp","href":"https:\/\/api.w.org\/{rel}","templated":true}]}}