{"id":69611,"date":"2024-04-02T08:56:09","date_gmt":"2024-04-02T06:56:09","guid":{"rendered":"https:\/\/www.avvisopubblico.it\/home\/?page_id=69611"},"modified":"2024-04-02T08:56:09","modified_gmt":"2024-04-02T06:56:09","slug":"audizioni-in-commissione-giustizia-su-abuso-dufficio-e-traffico-di-influenze-illecite-28-marzo","status":"publish","type":"page","link":"https:\/\/welaikaadv.site\/avviso\/home\/cosa-facciamo\/informare\/osservatorio-parlamentare\/attivita-legislativa\/attivita-legislativa-nella-xix-legislatura\/audizioni-in-commissione-giustizia-su-abuso-dufficio-e-traffico-di-influenze-illecite-28-marzo\/","title":{"rendered":"Audizioni in Commissione Giustizia su abuso d\u2019ufficio e traffico di influenze illecite \u2013 28 marzo"},"content":{"rendered":"<p>La Commissione II Giustizia della Camera, nella seduta del 28 Marzo (<a href=\"https:\/\/webtv.camera.it\/evento\/24971\">video<\/a>), nell\u2019ambito dell\u2019esame del disegno di legge, approvato dal Senato, recante \u201cModifiche al codice penale, al codice di procedura penale, all\u2019ordinamento giudiziario e al codice dell\u2019ordinamento militare\u201d (<a href=\"https:\/\/www.camera.it\/leg19\/126?leg=19&amp;idDocumento=1718\">AC 1718<\/a>), ha svolte una serie di audizioni.<\/p>\n<p>Di seguito la sintesi delle audizioni di Enrico Infante, componente della Giunta esecutiva centrale dell\u2019ANM, di Raffaele Cantone, procuratore della Repubblica di Perugia, di Francesco Petrelli, presidente dell\u2019UCPI e di Giuseppe Busia, Presidente dell\u2019ANAC.<\/p>\n<p><strong>ANM, Enrico Infante <\/strong><\/p>\n<p>La posizione dell\u2019ADM ha toni prevalentemente critici su questo disegno di legge.<\/p>\n<p><u>Abrogazione del reato di abuso d\u2019ufficio<\/u>: l\u2019abolizione secca dell\u2019art. 323 c.p. lascia scoperti troppi settori che sarebbero, invece, bisognosi di sanzioni penali (es. il vertice di un\u2019amministrazione che affida degli appalti violando tutte le normative di settore: oggi ha il timore di incorrere nell\u2019abuso d\u2019ufficio, con la riforma non lo avrebbe pi\u00f9; oppure il caso del componente di una commissione di concorso che comunica i testi scritti: non incorrerebbe pi\u00f9 in sanzioni penali; oppure, ancora, il caso sindaco che di fronte al dirigente comunale che si vuole candidare gli toglie per ritorsione ogni incarico: con l\u2019abrogazione non incorrerebbe pi\u00f9 in sanzioni penali). Si tratta di casi gi\u00e0 affrontati. Con l\u2019abolizione secca dell\u2019abuso di ufficio si apre un grave vulnus di tutela penale.<\/p>\n<p>La principale obiezione \u00e8 che ci sono pochissime condanne: ma la vera ragione del fatto che l\u2019abuso d\u2019ufficio oggi produce cosi poche condanne di fronte a tanti procedimenti risiede nell\u2019avverbio \u201cintenzionalmente\u201d presente nel testo (il dolo intenzionale \u00e8, del resto, una rarit\u00e0 nel nostro ordinamento). Si sono introdotti vari requisiti di punibilit\u00e0, e provare la fattispecie \u00e8 quasi impossibile. \u00c8 facile allegare per l\u2019imputato il perseguimento di un interesse pubblico, e se non si prova la totale assenza di interesse pubblico nella condotta, con l\u2019attuale testo dell\u2019art. 323 c.p., scatta l\u2019assoluzione. L\u2019abuso d\u2019ufficio, inoltre, \u00e8 presente in tutti gli ordinamenti penali europei.<\/p>\n<p><u>Modifica del reato di traffico di influenze illecite<\/u>: si tratta di una radicale decurtazione del reato, poich\u00e9 sparirebbe dal penalmente rivelante il traffico di influenze illecite diretto a qualcosa che non \u00e8 la corruzione e quello che si basa su relazioni solo asserite (e non esistenti) con il funzionario da parte dell\u2019intermediario\/faccendiere.<\/p>\n<p>ADM ha sottolineato che tale decurtazione della fattispecie violerebbe obblighi internazionali e pattizi. L\u2019argomento critico di fronte a questa tesi di ADM \u00e8 quello che tali convenzioni non obbligherebbero il nostro Paese a criminalizzare il traffico di influenze illecite, ma semplicemente a considerare tale incriminazione. Va rilevato che la Convenzione del Consiglio d\u2019Europa del 2002, ratificata con la legge 112, ci obbliga a criminalizzare il traffico di influenze illecite anche in caso di relazione meramente asserite.<\/p>\n<p><u>Altri aspetti processuali (es. previsione del cd. Collegio cautelare)<\/u>: sarebbe incompatibile con l\u2019attuale assetto dell\u2019organizzazione giudiziaria, poich\u00e9 i piccoli tribunali non possono garantire un Collegio di tre persone per l\u2019adozione delle misure cautelari in carcere. Anche i meccanismi previsti dalla Legge rischiano di mettere in discussione il principio della cd. giustizia di prossimit\u00e0.<\/p>\n<p>Per quel che concerne il <u>previo interrogatorio dell\u2019indagato nel caso si richiedano misure cautelari e ci sia solo il pericolo di reiterazione del reato<\/u>: il rischio \u00e8 di incrementare il pericolo di inquinamento probatorio e di incrementare il numero di misure cautelari.<\/p>\n<p>&nbsp;<\/p>\n<p><strong>Raffaele Cantone, procuratore della Repubblica di Perugia<\/strong><\/p>\n<p>Ci sono particolari perplessit\u00e0 sul disegno di legge, in particolare sull\u2019<u>abrogazione dell\u2019abuso d\u2019ufficio<\/u> che \u00e8 un arretramento significativo sul piano del contrasto alla corruzione. L\u2019abuso d\u2019ufficio \u00e8 un fondamentale reato spia e la sua abrogazione render\u00e0 pi\u00f9 complesse le indagini sui reati di corruzione. Quasi sempre le indagini sulla corruzione nascono da indagini sull\u2019abuso d\u2019ufficio, anche rispetto alle segnalazioni dei cittadini. L\u2019abrogazione di questa fattispecie sar\u00e0 un danno per le indagini in materia di corruzione. L\u2019abrogazione dell\u2019abuso d\u2019ufficio render\u00e0, inoltre, anche pi\u00f9 difficilmente punibili i comportamenti vessatori verso i cittadini.<\/p>\n<p>Anche sul <u>traffico di influenze illecite<\/u> ci sono perplessit\u00e0 significative, perch\u00e9 la definizione di mediazione illecita che viene introdotta, in combinato con l\u2019abrogazione dell\u2019abuso d\u2019ufficio, render\u00e0 il nuovo reato di traffico di influenze illecite di fatto inapplicabile. Le conseguenze sono negative anche sul piano dei rapporti che riguardano il lobbismo: vengono rese di fatto lecite delle forme di lobbismo che sono vietate in tutti gli altri paesi.<\/p>\n<p>Anche nella parte procedurale c\u2019\u00e8 un arretramento nel contrasto ai reati contro la PA: nella parte in cui si richiede il <u>previo interrogatorio dell\u2019indagato<\/u>, ad esempio, si impone una grave difficolt\u00e0 nell\u2019adottare le misure cautelari. In generale, si attenua il piano di contrasto alla criminalit\u00e0 dei colletti bianchi.<\/p>\n<p>L\u2019introduzione del Gip collegiale creer\u00e0 problemi a uffici medio-piccoli (es. Perugia), anche rispetto ai meccanismi di incompatibilit\u00e0 nei reati di corruzione.<\/p>\n<p>Le modifiche agli articoli 114 e 116 (<u>pubblicazione delle intercettazioni<\/u>) sono invece equilibrate e corrette. Ma queste nuove disposizioni non si applicheranno a tutto il materiale che va trattato con pari delicatezza (es. le acquisizioni documentali sulle memorie dei cellulari). Le norme dell\u2019art. 116 non coprono, cio\u00e8, la parte pi\u00f9 delicata.<\/p>\n<p>&nbsp;<\/p>\n<p><strong>UCPI, Francesco Petrelli<\/strong><\/p>\n<p><u>Abrogazione dell\u2019abuso d\u2019ufficio<\/u>: sull\u2019abuso d\u2019ufficio non esistono obblighi convenzionali (vd. Convenzione di Merida del 2003 o la raccomandazione dell\u2019Europa, non ancora pervenuta dall\u2019UE in forma di direttiva, di cui si discute): in questi testi c\u2019\u00e8 solo un invito a considerare la possibilit\u00e0 di introdurre negli ordinamenti nazionali una norma di questo tipo, ma non un obbligo.<\/p>\n<p><u>Garanzie del difensore (modifica dell\u2019art. 103 cpp)<\/u>: la questione rileva sotto il profilo processuale e sotto quello tecnico. L\u2019interruzione dell\u2019intercettazione tra avvocato ed assistito pone anche un problema tecnico. Bisogna in primo luogo comprendere come l\u2019operante viene a conoscenza che si tratta di un dialogo tra difensore ed assistito; e bisogna capire se si pu\u00f2 tecnicamente interrompere l\u2019intercettazione.<\/p>\n<p><u>Interrogatorio anticipato<\/u>: l\u2019ipotesi trova il consenso dell\u2019Unione delle Camere Penali perch\u00e9 d\u00e0 pi\u00f9 garanzie. Uno degli appunti riguarda il numero ridotto delle ipotesi in cui si procede all\u2019interrogatorio anticipato.<\/p>\n<p>&nbsp;<\/p>\n<p><strong>ANAC, Giuseppe Busia <\/strong><\/p>\n<p><u>Abuso d\u2019ufficio<\/u>: la ratio della normativa \u00e8 stata motivata con due ragioni: 1. superare la paura della firma; 2. il numero elevato di assoluzioni rispetto ai procedimenti aperti. Sulla cd. <u>paura della firma<\/u>, le ragioni sono legate non tanto alla paura di subire una condanna per l\u2019abuso d\u2019ufficio (visto anche che la norma richiede una intenzionalit\u00e0 nella condotta che, laddove assente, non porterebbe ad alcuna condanna), ma pi\u00f9 spesso alla scarsa chiarezza normativa e alla assenza di mezzi nelle PA che si trovano a gestire procedure complesse e non hanno tutti gli strumenti per farlo. L\u2019altro elemento rilevante \u00e8 quello del <u>rapporto procedimenti aperti\/condanne<\/u>: c\u2019\u00e8 un efficace filtro giurisdizionale, ma soprattutto i numeri dovrebbero essere contestualizzati alla luce delle recenti restrizioni della fattispecie e delle disposizioni introdotte con la Riforma Cartabia. Il fatto che ci siano dei numeri \u00e8 un elemento di riflessione. Ma la riforma del 2020 ha comunque ristretto le maglie dell\u2019art. 323 c.p. La fattispecie \u00e8 ora estremamente puntuale, e ci\u00f2 (se si mantenesse l\u2019art. 323 c.p.) porterebbe a una futura restrizione dei numeri evidenziati.<\/p>\n<p><u>A livello internazionale<\/u>, la Convenzione di Merida prevede non il vincolo, ma una forte spinta alla previsione dell\u2019abuso d\u2019ufficio e del traffico di influenze illecite. Il vincolo \u00e8 presente invece in una proposta di direttiva dell\u2019UE.<\/p>\n<p>L\u2019elemento pi\u00f9 importante da valutare \u00e8 quello dei possibili <u>vuoti normativi<\/u> che permarrebbero con l\u2019abrogazione dell\u2019abuso d\u2019ufficio. Ad esempio: <u>il venir meno dell\u2019obbligo di astensione in caso di conflitti di interessi<\/u> (oggi invece previsto dall\u2019art. 323 c.p.) apre alle ipotesi in cui il pubblico funzionario decide anche su persone vicine facendo venir meno l\u2019imparzialit\u00e0 della PA e di conseguenza la fiducia nell\u2019Amministrazione pubblica; l\u2019esclusione dell\u2019applicabilit\u00e0 del reato di turbativa d\u2019asta ai concorsi pubblici, ribadita dalla Cassazione (in ottica garantista), combinata con l\u2019abrogazione dell\u2019abuso d\u2019ufficio, lascia sguarnita queste ipotesi; il riferimento nell\u2019art. 322-bis c.p. all\u2019abuso d\u2019ufficio, che con l\u2019abrogazione verrebbe meno, aprirebbe anche in questo caso un vuoto normativo. Il tema \u00e8 anche quello di aprire a nuove <u>incertezze normative<\/u>, dopo l\u2019abrogazione dell\u2019abuso d\u2019ufficio considerato come \u201cnorma di chiusura\u201d del sistema. Quali alternative sono possibili per colmare i vuoti? Si potrebbero colmare le lacune intervenendo sulle singole fattispecie (es. modificare la norma sulla turbativa d\u2019asta dicendo che si applica anche al caso dei concorsi pubblici oppure al caso in cui non si sia effettuata una gara), ma questo aprirebbe a una serie di interventi puntuali (preferibili rispetto al vuoto), oppure si potrebbe circoscrivere ulteriormente l\u2019art. 323 c.p. riscrivendolo.<\/p>\n<p><u>Traffico d\u2019influenze illecite<\/u>: va rilevato che a livello internazionale esso \u00e8 richiesto pi\u00f9 puntualmente. L\u2019elemento pi\u00f9 importante \u00e8 che dopo la riforma residuerebbe solo l\u2019ipotesi della remunerazione del Pubblico ufficiale e non pi\u00f9 l\u2019ipotesi della remunerazione della mediazione. Il meccanismo pi\u00f9 frequente \u00e8 che tale reato si connette all\u2019abuso d\u2019ufficio, ma il venir meno dell\u2019abuso d\u2019ufficio rende molto limitata l\u2019applicabilit\u00e0 della fattispecie di traffico di influenze illecite.<\/p>\n<p><u>Elementi di prevenzione della corruzione<\/u>: il Governo ha dichiarato di voler rafforzare la parte di tutela amministrativa. \u00c8 corretto, a partire dal tema del conflitto di interessi. Due esempi:<\/p>\n<ul>\n<li>la normativa sui portatori di interessi, che disciplini le lobby e dica cosa si pu\u00f2 fare e cosa non si pu\u00f2 fare, garantisca trasparenza, escluda la possibilit\u00e0 di remunerazioni, ecc;<\/li>\n<li>la regolamentazione dei conflitti di interessi, dando alle Autorit\u00e0 di prevenzione della corruzione strumenti pi\u00f9 pregnanti a livello amministrativo nei casi di conflitti di interessi, e realizzando la <u style=\"font-size: 1rem;\">Piattaforma unica della trasparenza<\/u><span style=\"font-size: 1rem;\"> (gi\u00e0 chiesta da Anac in altre occasioni).\u00a0\u00a0<\/span><\/li>\n<\/ul>\n","protected":false},"excerpt":{"rendered":"<p>La Commissione II Giustizia della Camera, nella seduta del 28 Marzo (video), nell\u2019ambito dell\u2019esame del disegno di legge, approvato dal Senato, recante \u201cModifiche al codice&nbsp;<span class=\"hellipsis\">[&hellip;]<\/span><a class=\"more-link\" href=\"https:\/\/welaikaadv.site\/avviso\/home\/cosa-facciamo\/informare\/osservatorio-parlamentare\/attivita-legislativa\/attivita-legislativa-nella-xix-legislatura\/audizioni-in-commissione-giustizia-su-abuso-dufficio-e-traffico-di-influenze-illecite-28-marzo\/\">Leggi tutto <span class=\"screen-reader-text\">Audizioni in Commissione Giustizia su abuso d\u2019ufficio e traffico di influenze illecite \u2013 28 marzo<\/span> <span class=\"meta-nav\" aria-hidden=\"true\">&rarr;<\/span><\/a><\/p>\n","protected":false},"author":1,"featured_media":0,"parent":51219,"menu_order":160,"comment_status":"closed","ping_status":"closed","template":"","meta":{"_acf_changed":false,"_exactmetrics_skip_tracking":false,"_exactmetrics_sitenote_active":false,"_exactmetrics_sitenote_note":"","_exactmetrics_sitenote_category":0,"wp_social_preview_title":"","wp_social_preview_description":"","wp_social_preview_image":0,"footnotes":""},"class_list":["post-69611","page","type-page","status-publish","hentry"],"acf":[],"yoast_head":"<!-- This site is optimized with the Yoast SEO plugin v27.2 - https:\/\/yoast.com\/product\/yoast-seo-wordpress\/ -->\n<title>Audizioni in Commissione Giustizia su abuso d\u2019ufficio e traffico di influenze illecite \u2013 28 marzo - Staging Avviso Pubblico<\/title>\n<meta name=\"robots\" content=\"noindex, follow, max-snippet:-1, max-image-preview:large, max-video-preview:-1\" \/>\n<meta property=\"og:locale\" content=\"it_IT\" \/>\n<meta property=\"og:type\" content=\"article\" \/>\n<meta property=\"og:title\" content=\"Audizioni in Commissione Giustizia su abuso d\u2019ufficio e traffico di influenze illecite \u2013 28 marzo - Staging Avviso Pubblico\" \/>\n<meta property=\"og:description\" content=\"La Commissione II Giustizia della Camera, nella seduta del 28 Marzo (video), nell\u2019ambito dell\u2019esame del disegno di legge, approvato dal Senato, recante \u201cModifiche al codice&nbsp;[&hellip;]Leggi tutto Audizioni in Commissione Giustizia su abuso d\u2019ufficio e traffico di influenze illecite \u2013 28 marzo &rarr;\" \/>\n<meta property=\"og:url\" content=\"https:\/\/welaikaadv.site\/avviso\/home\/cosa-facciamo\/informare\/osservatorio-parlamentare\/attivita-legislativa\/attivita-legislativa-nella-xix-legislatura\/audizioni-in-commissione-giustizia-su-abuso-dufficio-e-traffico-di-influenze-illecite-28-marzo\/\" \/>\n<meta property=\"og:site_name\" content=\"Staging Avviso Pubblico\" \/>\n<meta name=\"twitter:card\" content=\"summary_large_image\" \/>\n<meta name=\"twitter:label1\" content=\"Tempo di lettura stimato\" \/>\n\t<meta name=\"twitter:data1\" content=\"5 minuti\" \/>\n<script type=\"application\/ld+json\" class=\"yoast-schema-graph\">{\"@context\":\"https:\/\/schema.org\",\"@graph\":[{\"@type\":\"WebPage\",\"@id\":\"https:\/\/welaikaadv.site\/avviso\/home\/cosa-facciamo\/informare\/osservatorio-parlamentare\/attivita-legislativa\/attivita-legislativa-nella-xix-legislatura\/audizioni-in-commissione-giustizia-su-abuso-dufficio-e-traffico-di-influenze-illecite-28-marzo\/\",\"url\":\"https:\/\/welaikaadv.site\/avviso\/home\/cosa-facciamo\/informare\/osservatorio-parlamentare\/attivita-legislativa\/attivita-legislativa-nella-xix-legislatura\/audizioni-in-commissione-giustizia-su-abuso-dufficio-e-traffico-di-influenze-illecite-28-marzo\/\",\"name\":\"Audizioni in Commissione Giustizia su abuso d\u2019ufficio e traffico di influenze illecite \u2013 28 marzo - Staging Avviso Pubblico\",\"isPartOf\":{\"@id\":\"https:\/\/welaikaadv.site\/avviso\/#website\"},\"datePublished\":\"2024-04-02T06:56:09+00:00\",\"breadcrumb\":{\"@id\":\"https:\/\/welaikaadv.site\/avviso\/home\/cosa-facciamo\/informare\/osservatorio-parlamentare\/attivita-legislativa\/attivita-legislativa-nella-xix-legislatura\/audizioni-in-commissione-giustizia-su-abuso-dufficio-e-traffico-di-influenze-illecite-28-marzo\/#breadcrumb\"},\"inLanguage\":\"it-IT\",\"potentialAction\":[{\"@type\":\"ReadAction\",\"target\":[\"https:\/\/welaikaadv.site\/avviso\/home\/cosa-facciamo\/informare\/osservatorio-parlamentare\/attivita-legislativa\/attivita-legislativa-nella-xix-legislatura\/audizioni-in-commissione-giustizia-su-abuso-dufficio-e-traffico-di-influenze-illecite-28-marzo\/\"]}]},{\"@type\":\"BreadcrumbList\",\"@id\":\"https:\/\/welaikaadv.site\/avviso\/home\/cosa-facciamo\/informare\/osservatorio-parlamentare\/attivita-legislativa\/attivita-legislativa-nella-xix-legislatura\/audizioni-in-commissione-giustizia-su-abuso-dufficio-e-traffico-di-influenze-illecite-28-marzo\/#breadcrumb\",\"itemListElement\":[{\"@type\":\"ListItem\",\"position\":1,\"name\":\"Home\",\"item\":\"https:\/\/welaikaadv.site\/avviso\/\"},{\"@type\":\"ListItem\",\"position\":2,\"name\":\"Osservatorio Parlamentare\",\"item\":\"https:\/\/welaikaadv.site\/avviso\/home\/cosa-facciamo\/informare\/osservatorio-parlamentare\/\"},{\"@type\":\"ListItem\",\"position\":3,\"name\":\"Attivit\u00e0 legislativa\",\"item\":\"https:\/\/welaikaadv.site\/avviso\/home\/cosa-facciamo\/informare\/osservatorio-parlamentare\/attivita-legislativa\/\"},{\"@type\":\"ListItem\",\"position\":4,\"name\":\"Attivit\u00e0 legislativa nella XIX legislatura\",\"item\":\"https:\/\/welaikaadv.site\/avviso\/home\/cosa-facciamo\/informare\/osservatorio-parlamentare\/attivita-legislativa\/attivita-legislativa-nella-xix-legislatura\/\"},{\"@type\":\"ListItem\",\"position\":5,\"name\":\"Audizioni in Commissione Giustizia su abuso d\u2019ufficio e traffico di influenze illecite \u2013 28 marzo\"}]},{\"@type\":\"WebSite\",\"@id\":\"https:\/\/welaikaadv.site\/avviso\/#website\",\"url\":\"https:\/\/welaikaadv.site\/avviso\/\",\"name\":\"Staging Avviso Pubblico\",\"description\":\"\",\"publisher\":{\"@id\":\"https:\/\/welaikaadv.site\/avviso\/#organization\"},\"potentialAction\":[{\"@type\":\"SearchAction\",\"target\":{\"@type\":\"EntryPoint\",\"urlTemplate\":\"https:\/\/welaikaadv.site\/avviso\/?s={search_term_string}\"},\"query-input\":{\"@type\":\"PropertyValueSpecification\",\"valueRequired\":true,\"valueName\":\"search_term_string\"}}],\"inLanguage\":\"it-IT\"},{\"@type\":\"Organization\",\"@id\":\"https:\/\/welaikaadv.site\/avviso\/#organization\",\"name\":\"Staging Avviso Pubblico\",\"url\":\"https:\/\/welaikaadv.site\/avviso\/\",\"logo\":{\"@type\":\"ImageObject\",\"inLanguage\":\"it-IT\",\"@id\":\"https:\/\/welaikaadv.site\/avviso\/#\/schema\/logo\/image\/\",\"url\":\"https:\/\/welaikaadv.site\/avviso\/wp-content\/uploads\/2024\/08\/logoAPsito-400.png\",\"contentUrl\":\"https:\/\/welaikaadv.site\/avviso\/wp-content\/uploads\/2024\/08\/logoAPsito-400.png\",\"width\":400,\"height\":97,\"caption\":\"Staging Avviso Pubblico\"},\"image\":{\"@id\":\"https:\/\/welaikaadv.site\/avviso\/#\/schema\/logo\/image\/\"}}]}<\/script>\n<!-- \/ Yoast SEO plugin. -->","yoast_head_json":{"title":"Audizioni in Commissione Giustizia su abuso d\u2019ufficio e traffico di influenze illecite \u2013 28 marzo - Staging Avviso Pubblico","robots":{"index":"noindex","follow":"follow","max-snippet":"max-snippet:-1","max-image-preview":"max-image-preview:large","max-video-preview":"max-video-preview:-1"},"og_locale":"it_IT","og_type":"article","og_title":"Audizioni in Commissione Giustizia su abuso d\u2019ufficio e traffico di influenze illecite \u2013 28 marzo - Staging Avviso Pubblico","og_description":"La Commissione II Giustizia della Camera, nella seduta del 28 Marzo (video), nell\u2019ambito dell\u2019esame del disegno di legge, approvato dal Senato, recante \u201cModifiche al codice&nbsp;[&hellip;]Leggi tutto Audizioni in Commissione Giustizia su abuso d\u2019ufficio e traffico di influenze illecite \u2013 28 marzo &rarr;","og_url":"https:\/\/welaikaadv.site\/avviso\/home\/cosa-facciamo\/informare\/osservatorio-parlamentare\/attivita-legislativa\/attivita-legislativa-nella-xix-legislatura\/audizioni-in-commissione-giustizia-su-abuso-dufficio-e-traffico-di-influenze-illecite-28-marzo\/","og_site_name":"Staging Avviso Pubblico","twitter_card":"summary_large_image","twitter_misc":{"Tempo di lettura stimato":"5 minuti"},"schema":{"@context":"https:\/\/schema.org","@graph":[{"@type":"WebPage","@id":"https:\/\/welaikaadv.site\/avviso\/home\/cosa-facciamo\/informare\/osservatorio-parlamentare\/attivita-legislativa\/attivita-legislativa-nella-xix-legislatura\/audizioni-in-commissione-giustizia-su-abuso-dufficio-e-traffico-di-influenze-illecite-28-marzo\/","url":"https:\/\/welaikaadv.site\/avviso\/home\/cosa-facciamo\/informare\/osservatorio-parlamentare\/attivita-legislativa\/attivita-legislativa-nella-xix-legislatura\/audizioni-in-commissione-giustizia-su-abuso-dufficio-e-traffico-di-influenze-illecite-28-marzo\/","name":"Audizioni in Commissione Giustizia su abuso d\u2019ufficio e traffico di influenze illecite \u2013 28 marzo - Staging Avviso Pubblico","isPartOf":{"@id":"https:\/\/welaikaadv.site\/avviso\/#website"},"datePublished":"2024-04-02T06:56:09+00:00","breadcrumb":{"@id":"https:\/\/welaikaadv.site\/avviso\/home\/cosa-facciamo\/informare\/osservatorio-parlamentare\/attivita-legislativa\/attivita-legislativa-nella-xix-legislatura\/audizioni-in-commissione-giustizia-su-abuso-dufficio-e-traffico-di-influenze-illecite-28-marzo\/#breadcrumb"},"inLanguage":"it-IT","potentialAction":[{"@type":"ReadAction","target":["https:\/\/welaikaadv.site\/avviso\/home\/cosa-facciamo\/informare\/osservatorio-parlamentare\/attivita-legislativa\/attivita-legislativa-nella-xix-legislatura\/audizioni-in-commissione-giustizia-su-abuso-dufficio-e-traffico-di-influenze-illecite-28-marzo\/"]}]},{"@type":"BreadcrumbList","@id":"https:\/\/welaikaadv.site\/avviso\/home\/cosa-facciamo\/informare\/osservatorio-parlamentare\/attivita-legislativa\/attivita-legislativa-nella-xix-legislatura\/audizioni-in-commissione-giustizia-su-abuso-dufficio-e-traffico-di-influenze-illecite-28-marzo\/#breadcrumb","itemListElement":[{"@type":"ListItem","position":1,"name":"Home","item":"https:\/\/welaikaadv.site\/avviso\/"},{"@type":"ListItem","position":2,"name":"Osservatorio Parlamentare","item":"https:\/\/welaikaadv.site\/avviso\/home\/cosa-facciamo\/informare\/osservatorio-parlamentare\/"},{"@type":"ListItem","position":3,"name":"Attivit\u00e0 legislativa","item":"https:\/\/welaikaadv.site\/avviso\/home\/cosa-facciamo\/informare\/osservatorio-parlamentare\/attivita-legislativa\/"},{"@type":"ListItem","position":4,"name":"Attivit\u00e0 legislativa nella XIX legislatura","item":"https:\/\/welaikaadv.site\/avviso\/home\/cosa-facciamo\/informare\/osservatorio-parlamentare\/attivita-legislativa\/attivita-legislativa-nella-xix-legislatura\/"},{"@type":"ListItem","position":5,"name":"Audizioni in Commissione Giustizia su abuso d\u2019ufficio e traffico di influenze illecite \u2013 28 marzo"}]},{"@type":"WebSite","@id":"https:\/\/welaikaadv.site\/avviso\/#website","url":"https:\/\/welaikaadv.site\/avviso\/","name":"Staging Avviso Pubblico","description":"","publisher":{"@id":"https:\/\/welaikaadv.site\/avviso\/#organization"},"potentialAction":[{"@type":"SearchAction","target":{"@type":"EntryPoint","urlTemplate":"https:\/\/welaikaadv.site\/avviso\/?s={search_term_string}"},"query-input":{"@type":"PropertyValueSpecification","valueRequired":true,"valueName":"search_term_string"}}],"inLanguage":"it-IT"},{"@type":"Organization","@id":"https:\/\/welaikaadv.site\/avviso\/#organization","name":"Staging Avviso Pubblico","url":"https:\/\/welaikaadv.site\/avviso\/","logo":{"@type":"ImageObject","inLanguage":"it-IT","@id":"https:\/\/welaikaadv.site\/avviso\/#\/schema\/logo\/image\/","url":"https:\/\/welaikaadv.site\/avviso\/wp-content\/uploads\/2024\/08\/logoAPsito-400.png","contentUrl":"https:\/\/welaikaadv.site\/avviso\/wp-content\/uploads\/2024\/08\/logoAPsito-400.png","width":400,"height":97,"caption":"Staging Avviso Pubblico"},"image":{"@id":"https:\/\/welaikaadv.site\/avviso\/#\/schema\/logo\/image\/"}}]}},"_links":{"self":[{"href":"https:\/\/welaikaadv.site\/avviso\/wp-json\/wp\/v2\/pages\/69611","targetHints":{"allow":["GET"]}}],"collection":[{"href":"https:\/\/welaikaadv.site\/avviso\/wp-json\/wp\/v2\/pages"}],"about":[{"href":"https:\/\/welaikaadv.site\/avviso\/wp-json\/wp\/v2\/types\/page"}],"author":[{"embeddable":true,"href":"https:\/\/welaikaadv.site\/avviso\/wp-json\/wp\/v2\/users\/1"}],"replies":[{"embeddable":true,"href":"https:\/\/welaikaadv.site\/avviso\/wp-json\/wp\/v2\/comments?post=69611"}],"version-history":[{"count":0,"href":"https:\/\/welaikaadv.site\/avviso\/wp-json\/wp\/v2\/pages\/69611\/revisions"}],"up":[{"embeddable":true,"href":"https:\/\/welaikaadv.site\/avviso\/wp-json\/wp\/v2\/pages\/51219"}],"wp:attachment":[{"href":"https:\/\/welaikaadv.site\/avviso\/wp-json\/wp\/v2\/media?parent=69611"}],"curies":[{"name":"wp","href":"https:\/\/api.w.org\/{rel}","templated":true}]}}